{"id":9600,"date":"2024-10-30T14:47:04","date_gmt":"2024-10-30T13:47:04","guid":{"rendered":"https:\/\/www.company-move.de\/?post_type=product&#038;p=9600"},"modified":"2025-06-26T13:26:00","modified_gmt":"2025-06-26T11:26:00","slug":"adventskalender","status":"publish","type":"product","link":"https:\/\/www.company-move.de\/en\/product\/adventskalender\/","title":{"rendered":"Adventskalender f\u00fcr Mitarbeitende"},"content":{"rendered":"<p>Suchen Sie nach einer einzigartigen M\u00f6glichkeit, Ihren Mitarbeitenden in der Vorweihnachtszeit eine Freude zu bereiten? Unser digitaler <strong>Advent calendar<\/strong> ist das ideale <strong>Geschenk f\u00fcr Mitarbeiter und Mitarbeiterinnen<\/strong>, um die Adventszeit gesund und achtsam zu gestalten. Er bietet t\u00e4glich wertvolle Impulse und ist eine hervorragende M\u00f6glichkeit, das Wohlbefinden Ihres Teams zu f\u00f6rdern und den <strong>Advent f\u00fcr Mitarbeiter<\/strong> und Mitarbeiterinnen besonders zu machen.<\/p>\n<p><strong>Was ist unser Adventskalender?<\/strong><\/p>\n<p>Our <strong>Advent calendar<\/strong> f\u00fcr Dezember bietet die M\u00f6glichkeit, Ihren Mitarbeitenden in der Adventszeit wertvolle Gesundheitsimpulse zu vermitteln. Hinter jedem der 24 T\u00fcrchen verbirgt sich ein <strong>kurzes Video von etwa 5 Minuten L\u00e4nge<\/strong>. Diese Videos sind fachlich gepr\u00fcft und werden von Company Move produziert (keine KI-Videos).<\/p>\n<p><strong>Ihre Vorteile: Ein individueller Adventskalender f\u00fcr Ihr Unternehmen<\/strong><\/p>\n<p>Dieser <strong>Adventskalender f\u00fcr Firmen<\/strong> ist nicht nur ein Gesundheitsangebot, sondern auch ein Werkzeug zur St\u00e4rkung der Unternehmenskultur:<\/p>\n<ul>\n<li><strong>Individuelle Gestaltung:<\/strong> Sie erhalten eine <strong>pers\u00f6nliche Landingpage<\/strong>, die mit Ihrem <strong>Logo und Weihnachtsgr\u00fc\u00dfen<\/strong> versehen wird. Sie k\u00f6nnen zudem einen Wunschtext hinzuf\u00fcgen und aus den Farben Silber, Rot, Gr\u00fcn oder Gold f\u00fcr das Design w\u00e4hlen.<\/li>\n<li><strong>Einfacher Zugang:<\/strong> Sie erhalten einen <strong>exklusiven Link<\/strong>, den Sie direkt auf Ihrer Homepage einbinden oder an Ihre Mitarbeitenden senden k\u00f6nnen.<\/li>\n<li><strong>Reibungslose Durchf\u00fchrung:<\/strong> Unser Team sorgt f\u00fcr einen reibungslosen Zugang zum Videokalender und bietet jederzeit Unterst\u00fctzung bei Fragen oder technischen Problemen, um die Inhalte optimal im Alltag zu nutzen.<\/li>\n<li><strong>Feedback-M\u00f6glichkeiten:<\/strong> Nach der Nutzung haben Sie die M\u00f6glichkeit, Feedback zu geben, um zuk\u00fcnftige Angebote noch besser zu gestalten.<\/li>\n<\/ul>","protected":false},"excerpt":{"rendered":"<p>Product short description = Excerpt<\/p>","protected":false},"featured_media":10093,"template":"","meta":{"site-sidebar-layout":"default","site-content-layout":"","ast-site-content-layout":"default","site-content-style":"default","site-sidebar-style":"default","ast-global-header-display":"","ast-banner-title-visibility":"","ast-main-header-display":"","ast-hfb-above-header-display":"","ast-hfb-below-header-display":"","ast-hfb-mobile-header-display":"","site-post-title":"","ast-breadcrumbs-content":"","ast-featured-img":"","footer-sml-layout":"","ast-disable-related-posts":"","theme-transparent-header-meta":"default","adv-header-id-meta":"","stick-header-meta":"default","header-above-stick-meta":"","header-main-stick-meta":"","header-below-stick-meta":"","astra-migrate-meta-layouts":"set","ast-page-background-enabled":"default","ast-page-background-meta":{"desktop":{"background-color":"var(--ast-global-color-4)","background-image":"","background-repeat":"repeat","background-position":"center center","background-size":"auto","background-attachment":"scroll","background-type":"","background-media":"","overlay-type":"","overlay-color":"","overlay-opacity":"","overlay-gradient":""},"tablet":{"background-color":"","background-image":"","background-repeat":"repeat","background-position":"center center","background-size":"auto","background-attachment":"scroll","background-type":"","background-media":"","overlay-type":"","overlay-color":"","overlay-opacity":"","overlay-gradient":""},"mobile":{"background-color":"","background-image":"","background-repeat":"repeat","background-position":"center center","background-size":"auto","background-attachment":"scroll","background-type":"","background-media":"","overlay-type":"","overlay-color":"","overlay-opacity":"","overlay-gradient":""}},"ast-content-background-meta":{"desktop":{"background-color":"var(--ast-global-color-5)","background-image":"","background-repeat":"repeat","background-position":"center center","background-size":"auto","background-attachment":"scroll","background-type":"","background-media":"","overlay-type":"","overlay-color":"","overlay-opacity":"","overlay-gradient":""},"tablet":{"background-color":"var(--ast-global-color-5)","background-image":"","background-repeat":"repeat","background-position":"center center","background-size":"auto","background-attachment":"scroll","background-type":"","background-media":"","overlay-type":"","overlay-color":"","overlay-opacity":"","overlay-gradient":""},"mobile":{"background-color":"var(--ast-global-color-5)","background-image":"","background-repeat":"repeat","background-position":"center center","background-size":"auto","background-attachment":"scroll","background-type":"","background-media":"","overlay-type":"","overlay-color":"","overlay-opacity":"","overlay-gradient":""}}},"product_brand":[],"product_cat":[46],"product_tag":[],"class_list":{"0":"post-9600","1":"product","2":"type-product","3":"status-publish","4":"has-post-thumbnail","6":"product_cat-motivation","7":"pa_dauer-ca-15-min","8":"pa_durchfuehrungsform-digital","9":"pa_format-videos","10":"pa_zielgruppe-berufseinsteigende","11":"pa_zielgruppe-beschaeftigte","12":"desktop-align-left","13":"tablet-align-left","14":"mobile-align-left","15":"ast-product-gallery-layout-horizontal-slider","16":"ast-product-gallery-with-no-image","17":"ast-product-tabs-layout-horizontal","19":"first","20":"instock","21":"virtual","22":"sold-individually","23":"purchasable","24":"product-type-simple"},"yoast_head":"<!-- This site is optimized with the Yoast SEO plugin v27.5 - https:\/\/yoast.com\/product\/yoast-seo-wordpress\/ -->\n<title>Adventskalender - Gesund durch die Adventszeit<\/title>\n<meta name=\"description\" content=\"Erleben Sie unseren Adventskalender mit t\u00e4glichen Gesundheitsimpulsen, ideal f\u00fcr mehr Wohlbefinden in der besinnlichen Vorweihnachtszeit!\" \/>\n<meta name=\"robots\" content=\"index, follow, max-snippet:-1, max-image-preview:large, max-video-preview:-1\" \/>\n<link rel=\"canonical\" href=\"https:\/\/www.company-move.de\/en\/product\/adventskalender\/\" \/>\n<meta property=\"og:locale\" content=\"en_US\" \/>\n<meta property=\"og:type\" content=\"article\" \/>\n<meta property=\"og:title\" content=\"Adventskalender - Gesund durch die Adventszeit\" \/>\n<meta property=\"og:description\" content=\"Erleben Sie unseren Adventskalender mit t\u00e4glichen Gesundheitsimpulsen, ideal f\u00fcr mehr Wohlbefinden in der besinnlichen Vorweihnachtszeit!\" \/>\n<meta property=\"og:url\" content=\"https:\/\/www.company-move.de\/en\/product\/adventskalender\/\" \/>\n<meta property=\"og:site_name\" content=\"Company move GmbH\" \/>\n<meta property=\"article:modified_time\" content=\"2025-06-26T11:26:00+00:00\" \/>\n<meta property=\"og:image\" content=\"https:\/\/www.company-move.de\/wp-content\/uploads\/2024\/10\/adventskalender-1-e1730718819312.png\" \/>\n\t<meta property=\"og:image:width\" content=\"1237\" \/>\n\t<meta property=\"og:image:height\" content=\"843\" \/>\n\t<meta property=\"og:image:type\" content=\"image\/png\" \/>\n<meta name=\"twitter:card\" content=\"summary_large_image\" \/>\n<meta name=\"twitter:label1\" content=\"Est. reading time\" \/>\n\t<meta name=\"twitter:data1\" content=\"2 minutes\" \/>\n<!-- \/ Yoast SEO plugin. -->","yoast_head_json":{"title":"Adventskalender - Gesund durch die Adventszeit","description":"Erleben Sie unseren Adventskalender mit t\u00e4glichen Gesundheitsimpulsen, ideal f\u00fcr mehr Wohlbefinden in der besinnlichen Vorweihnachtszeit!","robots":{"index":"index","follow":"follow","max-snippet":"max-snippet:-1","max-image-preview":"max-image-preview:large","max-video-preview":"max-video-preview:-1"},"canonical":"https:\/\/www.company-move.de\/en\/product\/adventskalender\/","og_locale":"en_US","og_type":"article","og_title":"Adventskalender - Gesund durch die Adventszeit","og_description":"Erleben Sie unseren Adventskalender mit t\u00e4glichen Gesundheitsimpulsen, ideal f\u00fcr mehr Wohlbefinden in der besinnlichen Vorweihnachtszeit!","og_url":"https:\/\/www.company-move.de\/en\/product\/adventskalender\/","og_site_name":"Company move GmbH","article_modified_time":"2025-06-26T11:26:00+00:00","og_image":[{"width":1237,"height":843,"url":"https:\/\/www.company-move.de\/wp-content\/uploads\/2024\/10\/adventskalender-1-e1730718819312.png","type":"image\/png"}],"twitter_card":"summary_large_image","twitter_misc":{"Est. reading time":"2 minutes"},"schema":{"@context":"https:\/\/schema.org","@graph":[{"@type":["WebPage","ItemPage"],"@id":"https:\/\/www.company-move.de\/produkt\/adventskalender\/","url":"https:\/\/www.company-move.de\/produkt\/adventskalender\/","name":"Adventskalender - Gesund durch die Adventszeit","isPartOf":{"@id":"https:\/\/www.company-move.de\/#website"},"primaryImageOfPage":{"@id":"https:\/\/www.company-move.de\/produkt\/adventskalender\/#primaryimage"},"image":{"@id":"https:\/\/www.company-move.de\/produkt\/adventskalender\/#primaryimage"},"thumbnailUrl":"https:\/\/www.company-move.de\/wp-content\/uploads\/2024\/10\/adventskalender-1-e1730718819312.png","datePublished":"2024-10-30T13:47:04+00:00","dateModified":"2025-06-26T11:26:00+00:00","description":"Erleben Sie unseren Adventskalender mit t\u00e4glichen Gesundheitsimpulsen, ideal f\u00fcr mehr Wohlbefinden in der besinnlichen Vorweihnachtszeit!","breadcrumb":{"@id":"https:\/\/www.company-move.de\/produkt\/adventskalender\/#breadcrumb"},"inLanguage":"en-US","potentialAction":[{"@type":"ReadAction","target":["https:\/\/www.company-move.de\/produkt\/adventskalender\/"]}]},{"@type":"ImageObject","inLanguage":"en-US","@id":"https:\/\/www.company-move.de\/produkt\/adventskalender\/#primaryimage","url":"https:\/\/www.company-move.de\/wp-content\/uploads\/2024\/10\/adventskalender-1-e1730718819312.png","contentUrl":"https:\/\/www.company-move.de\/wp-content\/uploads\/2024\/10\/adventskalender-1-e1730718819312.png","width":1237,"height":843,"caption":"Adventskalender f\u00fcr mehr Gesundheit in der Adventszeit."},{"@type":"BreadcrumbList","@id":"https:\/\/www.company-move.de\/produkt\/adventskalender\/#breadcrumb","itemListElement":[{"@type":"ListItem","position":1,"name":"Shop","item":"https:\/\/www.company-move.de\/shop\/"},{"@type":"ListItem","position":2,"name":"Adventskalender f\u00fcr Mitarbeitende"}]},{"@type":"WebSite","@id":"https:\/\/www.company-move.de\/#website","url":"https:\/\/www.company-move.de\/","name":"Company move GmbH","description":"Your expert for occupational health management","publisher":{"@id":"https:\/\/www.company-move.de\/#organization"},"potentialAction":[{"@type":"SearchAction","target":{"@type":"EntryPoint","urlTemplate":"https:\/\/www.company-move.de\/?s={search_term_string}"},"query-input":{"@type":"PropertyValueSpecification","valueRequired":true,"valueName":"search_term_string"}}],"inLanguage":"en-US"},{"@type":"Organization","@id":"https:\/\/www.company-move.de\/#organization","name":"Company move GmbH","url":"https:\/\/www.company-move.de\/","logo":{"@type":"ImageObject","inLanguage":"en-US","@id":"https:\/\/www.company-move.de\/#\/schema\/logo\/image\/","url":"https:\/\/www.company-move.de\/wp-content\/uploads\/2024\/05\/cropped-CM-Logo.png","contentUrl":"https:\/\/www.company-move.de\/wp-content\/uploads\/2024\/05\/cropped-CM-Logo.png","width":1599,"height":795,"caption":"Company move GmbH"},"image":{"@id":"https:\/\/www.company-move.de\/#\/schema\/logo\/image\/"}}]}},"_links":{"self":[{"href":"https:\/\/www.company-move.de\/en\/wp-json\/wp\/v2\/product\/9600","targetHints":{"allow":["GET"]}}],"collection":[{"href":"https:\/\/www.company-move.de\/en\/wp-json\/wp\/v2\/product"}],"about":[{"href":"https:\/\/www.company-move.de\/en\/wp-json\/wp\/v2\/types\/product"}],"wp:featuredmedia":[{"embeddable":true,"href":"https:\/\/www.company-move.de\/en\/wp-json\/wp\/v2\/media\/10093"}],"wp:attachment":[{"href":"https:\/\/www.company-move.de\/en\/wp-json\/wp\/v2\/media?parent=9600"}],"wp:term":[{"taxonomy":"product_brand","embeddable":true,"href":"https:\/\/www.company-move.de\/en\/wp-json\/wp\/v2\/product_brand?post=9600"},{"taxonomy":"product_cat","embeddable":true,"href":"https:\/\/www.company-move.de\/en\/wp-json\/wp\/v2\/product_cat?post=9600"},{"taxonomy":"product_tag","embeddable":true,"href":"https:\/\/www.company-move.de\/en\/wp-json\/wp\/v2\/product_tag?post=9600"}],"curies":[{"name":"wp","href":"https:\/\/api.w.org\/{rel}","templated":true}]}}