{"id":9560,"date":"2024-10-29T13:45:54","date_gmt":"2024-10-29T12:45:54","guid":{"rendered":"https:\/\/www.company-move.de\/?post_type=product&#038;p=9560"},"modified":"2026-04-22T12:06:40","modified_gmt":"2026-04-22T10:06:40","slug":"arbeitsplatzanalyse-ergonomie","status":"publish","type":"product","link":"https:\/\/www.company-move.de\/en\/product\/arbeitsplatzanalyse-ergonomie\/","title":{"rendered":"Workplace analysis"},"content":{"rendered":"<div class=\"flex-shrink-0 flex flex-col relative items-end\">\n<div class=\"pt-0\">\n<div class=\"gizmo-bot-avatar flex h-8 w-8 items-center justify-center overflow-hidden rounded-full\">\n<p><strong>Muskel-Skelett-Erkrankungen<\/strong> (MSE) sind laut dem <b data-path-to-node=\"3\" data-index-in-node=\"48\">DAK-Gesundheitsreport 2024<\/b> weiterhin f\u00fcr rund <b data-path-to-node=\"3\" data-index-in-node=\"94\">18,5 % des gesamten Krankenstands<\/b> verantwortlich, wobei die AU-Tage pro 100 Versichertenjahre auf einen neuen H\u00f6chststand von 373,4 Tagen gestiegen sind. Angesichts dieser Zahlen ist eine systematische <b data-path-to-node=\"3\" data-index-in-node=\"296\">Workplace analysis<\/b> die effektivste Form der <a href=\"https:\/\/www.company-move.de\/bgm\/gesundheitsthemen\/praeventionsmassnahmen\/\"><b data-path-to-node=\"3\" data-index-in-node=\"341\">Prevention<\/b><\/a>, um Fehlbelastungen an der Schnittstelle zwischen Mensch und Arbeitsmittel zu identifizieren.<\/p>\n<p>Durch die ergonomische Optimierung der Arbeitsbedingungen lassen sich <strong>chronische Schmerzzust\u00e4nde vermeiden<\/strong> und die physische Resilienz der Belegschaft nachhaltig sichern. Ein evidenzbasiertes <b data-path-to-node=\"3\" data-index-in-node=\"638\">BGM<\/b> setzt hier an, um durch Verh\u00e4ltnispr\u00e4vention nicht nur das Wohlbefinden zu steigern, sondern die wirtschaftliche Stabilit\u00e4t des Unternehmens durch sinkende Fehlzeiten zu gew\u00e4hrleisten.<\/p>\n<blockquote><p><span style=\"color: #aaad00;\">\u201eErgonomie am Arbeitsplatz ist kein Wohlf\u00fchlfaktor, sondern eine \u00f6konomische Notwendigkeit. Eine pr\u00e4zise Arbeitsplatzanalyse ist die Voraussetzung daf\u00fcr, Belastungen so zu gestalten, dass die Gesundheit der Besch\u00e4ftigten erhalten bleibt und die Leistungsf\u00e4higkeit bis ins hohe Erwerbsalter gesichert wird.\u201c<\/span><\/p>\n<p><span style=\"color: #aaad00;\">\u2014 <b data-path-to-node=\"5,0\" data-index-in-node=\"309\">Prof. Dr. med. Bernd Hartmann<\/b>, ehemaliger Leiter des Fachbereichs Arbeitsmedizin und Ergonomie der DGUV.<\/span><\/p><\/blockquote>\n<p>The <strong>Workplace analysis<\/strong> provides a comprehensive assessment of your workplace to <strong>Targeted improvements to working conditions<\/strong> to carry out. Careful observation and measurement according to ergonomic aspects will give you valuable insights into the design of your working environment.<\/p>\n<p>Our qualified specialists create a<strong> Detailed evaluation<\/strong> and gives you <strong>concrete suggestions for improvement<\/strong>to sustainably improve your health and performance.<\/p>\n<p>F\u00fcr mehr Ideen f\u00fcr <a href=\"https:\/\/www.company-move.de\/gesundheitstage-module\/\">Health days<\/a>, klicken Sie sich gerne durch unsere anderen Angebote f\u00fcr betriebliches Gesundheitsmanagement. Etablieren Sie Gesundheitsf\u00f6rderung in Ihrem Unternehmen mit uns als Ihr BGM-Dienstleister!<\/p>\n<\/div>\n<\/div>\n<\/div>","protected":false},"excerpt":{"rendered":"<p>Produkt Kurzbeschreibung = Excerpt<\/p>\n<p>Quellen<\/p>\n<ul>\n<li>\n<p data-path-to-node=\"9,0,0\"><b data-path-to-node=\"9,0,0\" data-index-in-node=\"0\">DAK-Gesundheitsreport 2024<\/b>, Herausgeber: DAK-Gesundheit. (Fokus: Analyse der Arbeitsunf\u00e4higkeitstage nach Diagnosegruppen, insbesondere Muskel-Skelett-System). <i data-path-to-node=\"9,0,0\" data-index-in-node=\"160\">[Offizieller Gesundheitsbericht]<\/i><\/p>\n<\/li>\n<li>\n<p data-path-to-node=\"9,1,0\"><b data-path-to-node=\"9,1,0\" data-index-in-node=\"0\">Fehlzeiten-Report 2024<\/b>, Herausgeber: WIdO (Wissenschaftliches Institut der AOK). (Thema: Arbeitswelt und Gesundheit \u2013 Belastungen durch ergonomische M\u00e4ngel). <i data-path-to-node=\"9,1,0\" data-index-in-node=\"158\">[Offizieller Forschungsbericht]<\/i><\/p>\n<\/li>\n<li>\n<p data-path-to-node=\"9,2,0\"><b data-path-to-node=\"9,2,0\" data-index-in-node=\"0\">DGUV Regel 115-401: Branche B\u00fcrobetriebe<\/b>, Deutsche Gesetzliche Unfallversicherung. (Wissenschaftlicher Leitfaden f\u00fcr die Gestaltung von Bildschirmarbeitspl\u00e4tzen). <i data-path-to-node=\"9,2,0\" data-index-in-node=\"163\">[Offizielles Regelwerk]<\/i><\/p>\n<\/li>\n<li>\n<p data-path-to-node=\"9,3,0\"><b data-path-to-node=\"9,3,0\" data-index-in-node=\"0\">BAuA \u2013 Arbeitswelt im Wandel 2023\/2024<\/b>, Bundesanstalt f\u00fcr Arbeitsschutz und Arbeitsmedizin. (Datenlage zu physischen Belastungen im Homeoffice und B\u00fcro). <i data-path-to-node=\"9,3,0\" data-index-in-node=\"154\">[Offizieller Regierungsbericht]<\/i><\/p>\n<\/li>\n<li>\n<p data-path-to-node=\"9,4,0\"><b data-path-to-node=\"9,4,0\" data-index-in-node=\"0\">Hartmann, B. et al.: Ergonomie in der Arbeitsmedizin<\/b>, Fachartikel in verschiedenen medizinischen Journalen. <i data-path-to-node=\"9,4,0\" data-index-in-node=\"108\">[Peer-Review Kontext]<\/i><\/p>\n<\/li>\n<\/ul>\n","protected":false},"featured_media":10255,"template":"","meta":{"site-sidebar-layout":"default","site-content-layout":"","ast-site-content-layout":"default","site-content-style":"default","site-sidebar-style":"default","ast-global-header-display":"","ast-banner-title-visibility":"","ast-main-header-display":"","ast-hfb-above-header-display":"","ast-hfb-below-header-display":"","ast-hfb-mobile-header-display":"","site-post-title":"","ast-breadcrumbs-content":"","ast-featured-img":"","footer-sml-layout":"","ast-disable-related-posts":"","theme-transparent-header-meta":"default","adv-header-id-meta":"","stick-header-meta":"default","header-above-stick-meta":"","header-main-stick-meta":"","header-below-stick-meta":"","astra-migrate-meta-layouts":"set","ast-page-background-enabled":"default","ast-page-background-meta":{"desktop":{"background-color":"var(--ast-global-color-4)","background-image":"","background-repeat":"repeat","background-position":"center center","background-size":"auto","background-attachment":"scroll","background-type":"","background-media":"","overlay-type":"","overlay-color":"","overlay-opacity":"","overlay-gradient":""},"tablet":{"background-color":"","background-image":"","background-repeat":"repeat","background-position":"center center","background-size":"auto","background-attachment":"scroll","background-type":"","background-media":"","overlay-type":"","overlay-color":"","overlay-opacity":"","overlay-gradient":""},"mobile":{"background-color":"","background-image":"","background-repeat":"repeat","background-position":"center center","background-size":"auto","background-attachment":"scroll","background-type":"","background-media":"","overlay-type":"","overlay-color":"","overlay-opacity":"","overlay-gradient":""}},"ast-content-background-meta":{"desktop":{"background-color":"var(--ast-global-color-5)","background-image":"","background-repeat":"repeat","background-position":"center center","background-size":"auto","background-attachment":"scroll","background-type":"","background-media":"","overlay-type":"","overlay-color":"","overlay-opacity":"","overlay-gradient":""},"tablet":{"background-color":"var(--ast-global-color-5)","background-image":"","background-repeat":"repeat","background-position":"center center","background-size":"auto","background-attachment":"scroll","background-type":"","background-media":"","overlay-type":"","overlay-color":"","overlay-opacity":"","overlay-gradient":""},"mobile":{"background-color":"var(--ast-global-color-5)","background-image":"","background-repeat":"repeat","background-position":"center center","background-size":"auto","background-attachment":"scroll","background-type":"","background-media":"","overlay-type":"","overlay-color":"","overlay-opacity":"","overlay-gradient":""}}},"product_brand":[],"product_cat":[42,15,49],"product_tag":[245,247,248,246,249,251,250],"class_list":{"0":"post-9560","1":"product","2":"type-product","3":"status-publish","4":"has-post-thumbnail","6":"product_cat-ergonomie","7":"product_cat-praeventionsmassnahmen","8":"product_cat-rueckengesundheit","9":"product_tag-arbeitsplatz-analyse","10":"product_tag-arbeitsplatzbewertung","11":"product_tag-arbeitsplatzgestaltung","12":"product_tag-ergonomieberatung","13":"product_tag-ergonomischer-arbeitsplatz","14":"product_tag-fehlhaltung","15":"product_tag-koerperhaltung","16":"pa_dauer-ca-20-min","17":"pa_durchfuehrungsform-praesenz","18":"pa_format-beratungen-analysen","19":"pa_zielgruppe-berufseinsteigende","20":"pa_zielgruppe-beschaeftigte","21":"desktop-align-left","22":"tablet-align-left","23":"mobile-align-left","24":"ast-product-gallery-layout-horizontal-slider","25":"ast-product-gallery-with-no-image","26":"ast-product-tabs-layout-horizontal","28":"first","29":"instock","30":"virtual","31":"sold-individually","32":"purchasable","33":"product-type-simple"},"yoast_head":"<!-- This site is optimized with the Yoast SEO plugin v27.5 - https:\/\/yoast.com\/product\/yoast-seo-wordpress\/ -->\n<title>Arbeitsplatzanalyse \u2013 Ergonomische Optimierung<\/title>\n<meta name=\"description\" content=\"Erleben Sie eine professionelle Arbeitsplatzanalyse zur Verbesserung Ihrer Arbeitsbedingungen und erhalten Sie individuelle Empfehlungen.\" \/>\n<meta name=\"robots\" content=\"index, follow, max-snippet:-1, max-image-preview:large, max-video-preview:-1\" \/>\n<link rel=\"canonical\" href=\"https:\/\/www.company-move.de\/en\/product\/arbeitsplatzanalyse-ergonomie\/\" \/>\n<meta property=\"og:locale\" content=\"en_US\" \/>\n<meta property=\"og:type\" content=\"article\" \/>\n<meta property=\"og:title\" content=\"Arbeitsplatzanalyse \u2013 Ergonomische Optimierung\" \/>\n<meta property=\"og:description\" content=\"Erleben Sie eine professionelle Arbeitsplatzanalyse zur Verbesserung Ihrer Arbeitsbedingungen und erhalten Sie individuelle Empfehlungen.\" \/>\n<meta property=\"og:url\" content=\"https:\/\/www.company-move.de\/en\/product\/arbeitsplatzanalyse-ergonomie\/\" \/>\n<meta property=\"og:site_name\" content=\"Company move GmbH\" \/>\n<meta property=\"article:modified_time\" content=\"2026-04-22T10:06:40+00:00\" \/>\n<meta property=\"og:image\" content=\"https:\/\/www.company-move.de\/wp-content\/uploads\/2024\/10\/Arbeitsplatzanalyse-scaled.jpg\" \/>\n\t<meta property=\"og:image:width\" content=\"2560\" \/>\n\t<meta property=\"og:image:height\" content=\"1707\" \/>\n\t<meta property=\"og:image:type\" content=\"image\/jpeg\" \/>\n<meta name=\"twitter:card\" content=\"summary_large_image\" \/>\n<meta name=\"twitter:label1\" content=\"Est. reading time\" \/>\n\t<meta name=\"twitter:data1\" content=\"2 minutes\" \/>\n<!-- \/ Yoast SEO plugin. -->","yoast_head_json":{"title":"Arbeitsplatzanalyse \u2013 Ergonomische Optimierung","description":"Erleben Sie eine professionelle Arbeitsplatzanalyse zur Verbesserung Ihrer Arbeitsbedingungen und erhalten Sie individuelle Empfehlungen.","robots":{"index":"index","follow":"follow","max-snippet":"max-snippet:-1","max-image-preview":"max-image-preview:large","max-video-preview":"max-video-preview:-1"},"canonical":"https:\/\/www.company-move.de\/en\/product\/arbeitsplatzanalyse-ergonomie\/","og_locale":"en_US","og_type":"article","og_title":"Arbeitsplatzanalyse \u2013 Ergonomische Optimierung","og_description":"Erleben Sie eine professionelle Arbeitsplatzanalyse zur Verbesserung Ihrer Arbeitsbedingungen und erhalten Sie individuelle Empfehlungen.","og_url":"https:\/\/www.company-move.de\/en\/product\/arbeitsplatzanalyse-ergonomie\/","og_site_name":"Company move GmbH","article_modified_time":"2026-04-22T10:06:40+00:00","og_image":[{"width":2560,"height":1707,"url":"https:\/\/www.company-move.de\/wp-content\/uploads\/2024\/10\/Arbeitsplatzanalyse-scaled.jpg","type":"image\/jpeg"}],"twitter_card":"summary_large_image","twitter_misc":{"Est. reading time":"2 minutes"},"schema":{"@context":"https:\/\/schema.org","@graph":[{"@type":["WebPage","ItemPage"],"@id":"https:\/\/www.company-move.de\/produkt\/arbeitsplatzanalyse-ergonomie\/","url":"https:\/\/www.company-move.de\/produkt\/arbeitsplatzanalyse-ergonomie\/","name":"Arbeitsplatzanalyse \u2013 Ergonomische Optimierung","isPartOf":{"@id":"https:\/\/www.company-move.de\/#website"},"primaryImageOfPage":{"@id":"https:\/\/www.company-move.de\/produkt\/arbeitsplatzanalyse-ergonomie\/#primaryimage"},"image":{"@id":"https:\/\/www.company-move.de\/produkt\/arbeitsplatzanalyse-ergonomie\/#primaryimage"},"thumbnailUrl":"https:\/\/www.company-move.de\/wp-content\/uploads\/2024\/10\/Arbeitsplatzanalyse-scaled.jpg","datePublished":"2024-10-29T12:45:54+00:00","dateModified":"2026-04-22T10:06:40+00:00","description":"Erleben Sie eine professionelle Arbeitsplatzanalyse zur Verbesserung Ihrer Arbeitsbedingungen und erhalten Sie individuelle Empfehlungen.","breadcrumb":{"@id":"https:\/\/www.company-move.de\/produkt\/arbeitsplatzanalyse-ergonomie\/#breadcrumb"},"inLanguage":"en-US","potentialAction":[{"@type":"ReadAction","target":["https:\/\/www.company-move.de\/produkt\/arbeitsplatzanalyse-ergonomie\/"]}]},{"@type":"ImageObject","inLanguage":"en-US","@id":"https:\/\/www.company-move.de\/produkt\/arbeitsplatzanalyse-ergonomie\/#primaryimage","url":"https:\/\/www.company-move.de\/wp-content\/uploads\/2024\/10\/Arbeitsplatzanalyse-scaled.jpg","contentUrl":"https:\/\/www.company-move.de\/wp-content\/uploads\/2024\/10\/Arbeitsplatzanalyse-scaled.jpg","width":2560,"height":1707,"caption":"Arbeitsplatzanalyse"},{"@type":"BreadcrumbList","@id":"https:\/\/www.company-move.de\/produkt\/arbeitsplatzanalyse-ergonomie\/#breadcrumb","itemListElement":[{"@type":"ListItem","position":1,"name":"Shop","item":"https:\/\/www.company-move.de\/shop\/"},{"@type":"ListItem","position":2,"name":"Arbeitsplatzanalyse"}]},{"@type":"WebSite","@id":"https:\/\/www.company-move.de\/#website","url":"https:\/\/www.company-move.de\/","name":"Company move GmbH","description":"Your expert for occupational health management","publisher":{"@id":"https:\/\/www.company-move.de\/#organization"},"potentialAction":[{"@type":"SearchAction","target":{"@type":"EntryPoint","urlTemplate":"https:\/\/www.company-move.de\/?s={search_term_string}"},"query-input":{"@type":"PropertyValueSpecification","valueRequired":true,"valueName":"search_term_string"}}],"inLanguage":"en-US"},{"@type":"Organization","@id":"https:\/\/www.company-move.de\/#organization","name":"Company move GmbH","url":"https:\/\/www.company-move.de\/","logo":{"@type":"ImageObject","inLanguage":"en-US","@id":"https:\/\/www.company-move.de\/#\/schema\/logo\/image\/","url":"https:\/\/www.company-move.de\/wp-content\/uploads\/2024\/05\/cropped-CM-Logo.png","contentUrl":"https:\/\/www.company-move.de\/wp-content\/uploads\/2024\/05\/cropped-CM-Logo.png","width":1599,"height":795,"caption":"Company move GmbH"},"image":{"@id":"https:\/\/www.company-move.de\/#\/schema\/logo\/image\/"}}]}},"_links":{"self":[{"href":"https:\/\/www.company-move.de\/en\/wp-json\/wp\/v2\/product\/9560","targetHints":{"allow":["GET"]}}],"collection":[{"href":"https:\/\/www.company-move.de\/en\/wp-json\/wp\/v2\/product"}],"about":[{"href":"https:\/\/www.company-move.de\/en\/wp-json\/wp\/v2\/types\/product"}],"wp:featuredmedia":[{"embeddable":true,"href":"https:\/\/www.company-move.de\/en\/wp-json\/wp\/v2\/media\/10255"}],"wp:attachment":[{"href":"https:\/\/www.company-move.de\/en\/wp-json\/wp\/v2\/media?parent=9560"}],"wp:term":[{"taxonomy":"product_brand","embeddable":true,"href":"https:\/\/www.company-move.de\/en\/wp-json\/wp\/v2\/product_brand?post=9560"},{"taxonomy":"product_cat","embeddable":true,"href":"https:\/\/www.company-move.de\/en\/wp-json\/wp\/v2\/product_cat?post=9560"},{"taxonomy":"product_tag","embeddable":true,"href":"https:\/\/www.company-move.de\/en\/wp-json\/wp\/v2\/product_tag?post=9560"}],"curies":[{"name":"wp","href":"https:\/\/api.w.org\/{rel}","templated":true}]}}