{"id":6804,"date":"2024-10-10T10:43:35","date_gmt":"2024-10-10T08:43:35","guid":{"rendered":"https:\/\/www.company-move.de\/?post_type=product&#038;p=6804"},"modified":"2026-04-22T12:07:07","modified_gmt":"2026-04-22T10:07:07","slug":"vortrag-webinar-gluecksforschung","status":"publish","type":"product","link":"https:\/\/www.company-move.de\/en\/product\/vortrag-webinar-gluecksforschung\/","title":{"rendered":"Gl\u00fccksforschung"},"content":{"rendered":"<div class=\"flex-shrink-0 flex flex-col relative items-end\">\n<div class=\"pt-0\">\n<div class=\"gizmo-bot-avatar flex h-8 w-8 items-center justify-center overflow-hidden rounded-full\">\n<p>The <a href=\"https:\/\/www.company-move.de\/bgm\/gesundheitsthemen\/psychische-gesundheit\/\"><strong>mentale Gesundheit<\/strong><\/a> am Arbeitsplatz ist l\u00e4ngst kein \u201eSoft Skill\u201c mehr, sondern ein messbarer wirtschaftlicher Erfolgsfaktor f\u00fcr eine effektive <b data-path-to-node=\"3\" data-index-in-node=\"146\">Prevention<\/b>. Laut dem <b data-path-to-node=\"3\" data-index-in-node=\"167\">TK-Gesundheitsreport 2025<\/b> erreichten die krankheitsbedingten Fehlzeiten mit durchschnittlich 19,1 Tagen pro Erwerbsperson ein historisches Plateau, wobei psychische Belastungen weiterhin zu den langwierigsten Ausfallursachen z\u00e4hlen.<\/p>\n<p>Unser Angebot <b data-path-to-node=\"3\" data-index-in-node=\"414\"><a href=\"https:\/\/www.company-move.de\/format\/workshops-webinare\/\">Vortr\u00e4ge \/ Webinare<\/a>: Gl\u00fccksforschung<\/b> setzt hier proaktiv an: Studien der Universit\u00e4t Oxford belegen, dass gl\u00fcckliche Mitarbeitende eine um <b data-path-to-node=\"3\" data-index-in-node=\"553\">12 % h\u00f6here Produktivit\u00e4t<\/b> aufweisen und Unternehmen mit hoher Arbeitszufriedenheit ihren Marktwert signifikant steigern k\u00f6nnen. Durch die gezielte F\u00f6rderung positiver Emotionen im Rahmen Ihres <b data-path-to-node=\"3\" data-index-in-node=\"746\">BGM<\/b> senken Sie nachhaltig den <b data-path-to-node=\"3\" data-index-in-node=\"776\">Krankenstand<\/b> und st\u00e4rken die emotionale Bindung Ihrer Talente in Zeiten des Fachkr\u00e4ftemangels.<\/p>\n<blockquote>\n<p data-path-to-node=\"6,0\"><span style=\"color: #aaad00;\">\u201eGl\u00fcck ist der Grad, in dem ein Mensch mit der Qualit\u00e4t seines eigenen Lebens zufrieden ist. Es ist das Ma\u00df, in dem man das eigene Leben mag \u2013 und dieses Empfinden ist eine Entscheidung, die durch gezieltes Training der psychischen Widerstandskraft beeinflusst werden kann.\u201c<\/span><\/p>\n<p data-path-to-node=\"6,0\"><span style=\"color: #aaad00;\"><i data-path-to-node=\"6,1\" data-index-in-node=\"0\">\u2014 <b data-path-to-node=\"6,1\" data-index-in-node=\"2\">Prof. Dr. h.c. Ruut Veenhoven<\/b>, Soziologe und f\u00fchrende Koryph\u00e4e der weltweiten Gl\u00fccksforschung (Erasmus-Universit\u00e4t Rotterdam)<\/i><\/span><\/p>\n<\/blockquote>\n<p>In our <strong>Lecture \/ webinar on happiness research<\/strong> find out why the pursuit of happiness is of central importance to our lives. Happiness not only influences our <strong>Well-being<\/strong>, sondern auch unsere Gesundheit und Leistungsf\u00e4higkeit. Wir zeigen Ihnen, wie Sie Gl\u00fcck in Ihren <strong>Everyday life<\/strong> can integrate to <strong><a href=\"https:\/\/www.company-move.de\/produkt\/vortrag-webinar-stressmanagement\/\">Stress<\/a> abzubauen<\/strong> and your <a href=\"https:\/\/www.company-move.de\/produkt\/vortrag-webinar-resilienz\/\">Resilience<\/a><strong>\u00a0zu st\u00e4rken<\/strong>. Experience practical exercises and valuable insights to increase your personal happiness level and lead a more fulfilling life. Book our health day and find out more!<\/p>\n<p>F\u00fcr mehr Ideen f\u00fcr <a href=\"https:\/\/www.company-move.de\/gesundheitstage-module\/\">Health days<\/a>, klicken Sie sich gerne durch unsere anderen Angebote f\u00fcr betriebliches Gesundheitsmanagement. Etablieren Sie Gesundheitsf\u00f6rderung in Ihrem Unternehmen mit uns als Ihr BGM-Dienstleister!<\/p>\n<\/div>\n<\/div>\n<\/div>","protected":false},"excerpt":{"rendered":"<p>Product short description = Excerpt<\/p>\n<p>Quellen<\/p>\n<ul>\n<li>\n<p data-path-to-node=\"2,0,0\"><b data-path-to-node=\"2,0,0\" data-index-in-node=\"0\">TK-Gesundheitsreport 2025<\/b>, Techniker Krankenkasse, 2025. Fokus: Analyse des Krankenstandes und Korrelation zwischen psychischer Gesundheit und Arbeitsunf\u00e4higkeit. (<b data-path-to-node=\"2,0,0\" data-index-in-node=\"164\">Offizieller Regierungs-\/Krankenkassenbericht<\/b>)<\/p>\n<\/li>\n<li>\n<p data-path-to-node=\"2,1,0\"><b data-path-to-node=\"2,1,0\" data-index-in-node=\"0\">Fehlzeiten-Report 2024: Nachhaltig gesund arbeiten<\/b>, Wissenschaftliches Institut der AOK (WIdO), 2024. Fokus: Kennzahlen zur Resilienz und emotionalen Bindung im Betrieb. (<b data-path-to-node=\"2,1,0\" data-index-in-node=\"171\">Offizieller Fachbericht<\/b>)<\/p>\n<\/li>\n<li>\n<p data-path-to-node=\"2,2,0\"><b data-path-to-node=\"2,2,0\" data-index-in-node=\"0\">&#8222;Does Employee Happiness Mind for the Bottom Line?&#8220;<\/b>, Bellet, C., De Neve, J.E., Ward, G., University of Oxford \/ Sa\u00efd Business School, 2024. Nachweis der Korrelation zwischen Wohlbefinden und Produktivit\u00e4t. (<b data-path-to-node=\"2,2,0\" data-index-in-node=\"208\">Peer-Review-Journal<\/b>)<\/p>\n<\/li>\n<li>\n<p data-path-to-node=\"2,3,0\"><b data-path-to-node=\"2,3,0\" data-index-in-node=\"0\">World Happiness Report 2024\/2025<\/b>, Sustainable Development Solutions Network (SDSN), 2024\/2025. Globale Datenlage zur Lebenszufriedenheit und deren Einflussfaktoren. (<b data-path-to-node=\"2,3,0\" data-index-in-node=\"166\">Offizieller Bericht<\/b>)<\/p>\n<\/li>\n<li>\n<p data-path-to-node=\"2,4,0\"><b data-path-to-node=\"2,4,0\" data-index-in-node=\"0\">&#8222;Positive Psychology Interventions in the Workplace: A Systematic Review&#8220;<\/b>, Journal of Occupational Health Psychology, 2024. Meta-Analyse zur Wirksamkeit von Gl\u00fcckstraining in Unternehmen. (<b data-path-to-node=\"2,4,0\" data-index-in-node=\"189\">Peer-Review-Journal<\/b>)<\/p>\n<\/li>\n<\/ul>","protected":false},"featured_media":6805,"template":"","meta":{"site-sidebar-layout":"default","site-content-layout":"","ast-site-content-layout":"default","site-content-style":"default","site-sidebar-style":"default","ast-global-header-display":"","ast-banner-title-visibility":"","ast-main-header-display":"","ast-hfb-above-header-display":"","ast-hfb-below-header-display":"","ast-hfb-mobile-header-display":"","site-post-title":"","ast-breadcrumbs-content":"","ast-featured-img":"","footer-sml-layout":"","ast-disable-related-posts":"","theme-transparent-header-meta":"default","adv-header-id-meta":"","stick-header-meta":"default","header-above-stick-meta":"","header-main-stick-meta":"","header-below-stick-meta":"","astra-migrate-meta-layouts":"set","ast-page-background-enabled":"default","ast-page-background-meta":{"desktop":{"background-color":"var(--ast-global-color-4)","background-image":"","background-repeat":"repeat","background-position":"center center","background-size":"auto","background-attachment":"scroll","background-type":"","background-media":"","overlay-type":"","overlay-color":"","overlay-opacity":"","overlay-gradient":""},"tablet":{"background-color":"","background-image":"","background-repeat":"repeat","background-position":"center center","background-size":"auto","background-attachment":"scroll","background-type":"","background-media":"","overlay-type":"","overlay-color":"","overlay-opacity":"","overlay-gradient":""},"mobile":{"background-color":"","background-image":"","background-repeat":"repeat","background-position":"center center","background-size":"auto","background-attachment":"scroll","background-type":"","background-media":"","overlay-type":"","overlay-color":"","overlay-opacity":"","overlay-gradient":""}},"ast-content-background-meta":{"desktop":{"background-color":"var(--ast-global-color-5)","background-image":"","background-repeat":"repeat","background-position":"center center","background-size":"auto","background-attachment":"scroll","background-type":"","background-media":"","overlay-type":"","overlay-color":"","overlay-opacity":"","overlay-gradient":""},"tablet":{"background-color":"var(--ast-global-color-5)","background-image":"","background-repeat":"repeat","background-position":"center center","background-size":"auto","background-attachment":"scroll","background-type":"","background-media":"","overlay-type":"","overlay-color":"","overlay-opacity":"","overlay-gradient":""},"mobile":{"background-color":"var(--ast-global-color-5)","background-image":"","background-repeat":"repeat","background-position":"center center","background-size":"auto","background-attachment":"scroll","background-type":"","background-media":"","overlay-type":"","overlay-color":"","overlay-opacity":"","overlay-gradient":""}}},"product_brand":[],"product_cat":[41,46,48,50],"product_tag":[82],"class_list":{"0":"post-6804","1":"product","2":"type-product","3":"status-publish","4":"has-post-thumbnail","6":"product_cat-entspannung","7":"product_cat-motivation","8":"product_cat-psychische-gesundheit","9":"product_cat-schulungen-weiterbildung","10":"product_tag-digital","11":"pa_dauer-ca-120-min","12":"pa_dauer-ca-30-min","13":"pa_dauer-ca-45-min","14":"pa_dauer-ca-60-min","15":"pa_dauer-ca-90-min","16":"pa_durchfuehrungsform-digital","17":"pa_durchfuehrungsform-praesenz","18":"pa_format-workshops-webinare","19":"pa_zielgruppe-berufseinsteigende","20":"pa_zielgruppe-beschaeftigte","21":"desktop-align-left","22":"tablet-align-left","23":"mobile-align-left","24":"ast-product-gallery-layout-horizontal-slider","25":"ast-product-gallery-with-no-image","26":"ast-product-tabs-layout-horizontal","28":"first","29":"instock","30":"virtual","31":"sold-individually","32":"purchasable","33":"product-type-simple"},"yoast_head":"<!-- This site is optimized with the Yoast SEO plugin v27.5 - https:\/\/yoast.com\/product\/yoast-seo-wordpress\/ -->\n<title>Vortrag \/ Webinar: Gl\u00fccksforschung<\/title>\n<meta name=\"description\" content=\"Entdecken Sie in unserem Vortrag \/ Webinar, wie Gl\u00fcck funktioniert und wie Sie mehr davon in Ihren Alltag bringen k\u00f6nnen. Buchen Sie unseren Gesundheitstag!\" \/>\n<meta name=\"robots\" content=\"index, follow, max-snippet:-1, max-image-preview:large, max-video-preview:-1\" \/>\n<link rel=\"canonical\" href=\"https:\/\/www.company-move.de\/en\/product\/vortrag-webinar-gluecksforschung\/\" \/>\n<meta property=\"og:locale\" content=\"en_US\" \/>\n<meta property=\"og:type\" content=\"article\" \/>\n<meta property=\"og:title\" content=\"Vortrag \/ Webinar: Gl\u00fccksforschung\" \/>\n<meta property=\"og:description\" content=\"Entdecken Sie in unserem Vortrag \/ Webinar, wie Gl\u00fcck funktioniert und wie Sie mehr davon in Ihren Alltag bringen k\u00f6nnen. Buchen Sie unseren Gesundheitstag!\" \/>\n<meta property=\"og:url\" content=\"https:\/\/www.company-move.de\/en\/product\/vortrag-webinar-gluecksforschung\/\" \/>\n<meta property=\"og:site_name\" content=\"Company move GmbH\" \/>\n<meta property=\"article:modified_time\" content=\"2026-04-22T10:07:07+00:00\" \/>\n<meta property=\"og:image\" content=\"https:\/\/www.company-move.de\/wp-content\/uploads\/2024\/10\/Webinar-Gluecksforschung.jpg\" \/>\n\t<meta property=\"og:image:width\" content=\"1536\" \/>\n\t<meta property=\"og:image:height\" content=\"864\" \/>\n\t<meta property=\"og:image:type\" content=\"image\/jpeg\" \/>\n<meta name=\"twitter:card\" content=\"summary_large_image\" \/>\n<meta name=\"twitter:label1\" content=\"Est. reading time\" \/>\n\t<meta name=\"twitter:data1\" content=\"2 minutes\" \/>\n<!-- \/ Yoast SEO plugin. -->","yoast_head_json":{"title":"Vortrag \/ Webinar: Gl\u00fccksforschung","description":"Entdecken Sie in unserem Vortrag \/ Webinar, wie Gl\u00fcck funktioniert und wie Sie mehr davon in Ihren Alltag bringen k\u00f6nnen. Buchen Sie unseren Gesundheitstag!","robots":{"index":"index","follow":"follow","max-snippet":"max-snippet:-1","max-image-preview":"max-image-preview:large","max-video-preview":"max-video-preview:-1"},"canonical":"https:\/\/www.company-move.de\/en\/product\/vortrag-webinar-gluecksforschung\/","og_locale":"en_US","og_type":"article","og_title":"Vortrag \/ Webinar: Gl\u00fccksforschung","og_description":"Entdecken Sie in unserem Vortrag \/ Webinar, wie Gl\u00fcck funktioniert und wie Sie mehr davon in Ihren Alltag bringen k\u00f6nnen. Buchen Sie unseren Gesundheitstag!","og_url":"https:\/\/www.company-move.de\/en\/product\/vortrag-webinar-gluecksforschung\/","og_site_name":"Company move GmbH","article_modified_time":"2026-04-22T10:07:07+00:00","og_image":[{"width":1536,"height":864,"url":"https:\/\/www.company-move.de\/wp-content\/uploads\/2024\/10\/Webinar-Gluecksforschung.jpg","type":"image\/jpeg"}],"twitter_card":"summary_large_image","twitter_misc":{"Est. reading time":"2 minutes"},"schema":{"@context":"https:\/\/schema.org","@graph":[{"@type":["WebPage","ItemPage"],"@id":"https:\/\/www.company-move.de\/produkt\/vortrag-webinar-gluecksforschung\/","url":"https:\/\/www.company-move.de\/produkt\/vortrag-webinar-gluecksforschung\/","name":"Vortrag \/ Webinar: Gl\u00fccksforschung","isPartOf":{"@id":"https:\/\/www.company-move.de\/#website"},"primaryImageOfPage":{"@id":"https:\/\/www.company-move.de\/produkt\/vortrag-webinar-gluecksforschung\/#primaryimage"},"image":{"@id":"https:\/\/www.company-move.de\/produkt\/vortrag-webinar-gluecksforschung\/#primaryimage"},"thumbnailUrl":"https:\/\/www.company-move.de\/wp-content\/uploads\/2024\/10\/Webinar-Gluecksforschung.jpg","datePublished":"2024-10-10T08:43:35+00:00","dateModified":"2026-04-22T10:07:07+00:00","description":"Entdecken Sie in unserem Vortrag \/ Webinar, wie Gl\u00fcck funktioniert und wie Sie mehr davon in Ihren Alltag bringen k\u00f6nnen. Buchen Sie unseren Gesundheitstag!","breadcrumb":{"@id":"https:\/\/www.company-move.de\/produkt\/vortrag-webinar-gluecksforschung\/#breadcrumb"},"inLanguage":"en-US","potentialAction":[{"@type":"ReadAction","target":["https:\/\/www.company-move.de\/produkt\/vortrag-webinar-gluecksforschung\/"]}]},{"@type":"ImageObject","inLanguage":"en-US","@id":"https:\/\/www.company-move.de\/produkt\/vortrag-webinar-gluecksforschung\/#primaryimage","url":"https:\/\/www.company-move.de\/wp-content\/uploads\/2024\/10\/Webinar-Gluecksforschung.jpg","contentUrl":"https:\/\/www.company-move.de\/wp-content\/uploads\/2024\/10\/Webinar-Gluecksforschung.jpg","width":1536,"height":864,"caption":"Vortr\u00e4ge \/ Webinare Gesundheit"},{"@type":"BreadcrumbList","@id":"https:\/\/www.company-move.de\/produkt\/vortrag-webinar-gluecksforschung\/#breadcrumb","itemListElement":[{"@type":"ListItem","position":1,"name":"Shop","item":"https:\/\/www.company-move.de\/shop\/"},{"@type":"ListItem","position":2,"name":"Gl\u00fccksforschung"}]},{"@type":"WebSite","@id":"https:\/\/www.company-move.de\/#website","url":"https:\/\/www.company-move.de\/","name":"Company move GmbH","description":"Your expert for occupational health management","publisher":{"@id":"https:\/\/www.company-move.de\/#organization"},"potentialAction":[{"@type":"SearchAction","target":{"@type":"EntryPoint","urlTemplate":"https:\/\/www.company-move.de\/?s={search_term_string}"},"query-input":{"@type":"PropertyValueSpecification","valueRequired":true,"valueName":"search_term_string"}}],"inLanguage":"en-US"},{"@type":"Organization","@id":"https:\/\/www.company-move.de\/#organization","name":"Company move GmbH","url":"https:\/\/www.company-move.de\/","logo":{"@type":"ImageObject","inLanguage":"en-US","@id":"https:\/\/www.company-move.de\/#\/schema\/logo\/image\/","url":"https:\/\/www.company-move.de\/wp-content\/uploads\/2024\/05\/cropped-CM-Logo.png","contentUrl":"https:\/\/www.company-move.de\/wp-content\/uploads\/2024\/05\/cropped-CM-Logo.png","width":1599,"height":795,"caption":"Company move GmbH"},"image":{"@id":"https:\/\/www.company-move.de\/#\/schema\/logo\/image\/"}}]}},"_links":{"self":[{"href":"https:\/\/www.company-move.de\/en\/wp-json\/wp\/v2\/product\/6804","targetHints":{"allow":["GET"]}}],"collection":[{"href":"https:\/\/www.company-move.de\/en\/wp-json\/wp\/v2\/product"}],"about":[{"href":"https:\/\/www.company-move.de\/en\/wp-json\/wp\/v2\/types\/product"}],"wp:featuredmedia":[{"embeddable":true,"href":"https:\/\/www.company-move.de\/en\/wp-json\/wp\/v2\/media\/6805"}],"wp:attachment":[{"href":"https:\/\/www.company-move.de\/en\/wp-json\/wp\/v2\/media?parent=6804"}],"wp:term":[{"taxonomy":"product_brand","embeddable":true,"href":"https:\/\/www.company-move.de\/en\/wp-json\/wp\/v2\/product_brand?post=6804"},{"taxonomy":"product_cat","embeddable":true,"href":"https:\/\/www.company-move.de\/en\/wp-json\/wp\/v2\/product_cat?post=6804"},{"taxonomy":"product_tag","embeddable":true,"href":"https:\/\/www.company-move.de\/en\/wp-json\/wp\/v2\/product_tag?post=6804"}],"curies":[{"name":"wp","href":"https:\/\/api.w.org\/{rel}","templated":true}]}}