{"id":6796,"date":"2024-10-10T10:10:09","date_gmt":"2024-10-10T08:10:09","guid":{"rendered":"https:\/\/www.company-move.de\/?post_type=product&#038;p=6796"},"modified":"2026-04-22T12:20:06","modified_gmt":"2026-04-22T10:20:06","slug":"vortrag-webinar-lebenswelten","status":"publish","type":"product","link":"https:\/\/www.company-move.de\/en\/product\/vortrag-webinar-lebenswelten\/","title":{"rendered":"Living environments"},"content":{"rendered":"<div class=\"flex-shrink-0 flex flex-col relative items-end\">\n<div class=\"pt-0\">\n<div class=\"gizmo-bot-avatar flex h-8 w-8 items-center justify-center overflow-hidden rounded-full\">\n<p>Die ganzheitliche Gestaltung privater und famili\u00e4rer <b data-path-to-node=\"3\" data-index-in-node=\"53\">Living environments<\/b> ist ein entscheidender, oft untersch\u00e4tzter Hebel f\u00fcr die betriebliche <a href=\"https:\/\/www.company-move.de\/bgm\/gesundheitsthemen\/praeventionsmassnahmen\/\"><b data-path-to-node=\"3\" data-index-in-node=\"136\">Prevention<\/b><\/a>. Laut dem <b data-path-to-node=\"3\" data-index-in-node=\"157\">DGB-Index Gute Arbeit 2024<\/b> berichten rund <b data-path-to-node=\"3\" data-index-in-node=\"199\">46 % der Besch\u00e4ftigten<\/b> mit Betreuungsaufgaben von einer sehr hohen Arbeitsintensit\u00e4t, die unmittelbar in psychische Ersch\u00f6pfung m\u00fcnden kann, wenn die Vereinbarkeit von Beruf und Privatleben (Work-Life-Blending) scheitert.<\/p>\n<p>Unser Angebot <b data-path-to-node=\"3\" data-index-in-node=\"435\"><a href=\"https:\/\/www.company-move.de\/format\/workshops-webinare\/\">Vortrag \/ Webinar<\/a> Living environments<\/b> setzt genau hier an und unterst\u00fctzt Ihre Belegschaft dabei, soziale Isolation zu vermeiden, famili\u00e4re Stressoren zu minimieren und eine gesunde Mediennutzung zu etablieren. Durch diese umfassende Unterst\u00fctzung im Rahmen Ihres <b data-path-to-node=\"3\" data-index-in-node=\"692\">BGM<\/b> reduzieren Sie das Risiko f\u00fcr psychisch bedingten <b data-path-to-node=\"3\" data-index-in-node=\"746\">Krankenstand<\/b> und f\u00f6rdern die <a href=\"https:\/\/www.company-move.de\/produkt\/vortrag-webinar-resilienz\/\">Resilience<\/a> Ihrer Mitarbeitenden in allen Phasen ihres Lebenszyklus.<\/p>\n<blockquote>\n<p data-path-to-node=\"6,0\"><span style=\"color: #aaad00;\">\u201eGesundheit wird von Menschen in ihrer allt\u00e4glichen Umwelt geschaffen und gelebt: dort, wo sie spielen, lernen, arbeiten und lieben. Betriebliche Gesundheitsf\u00f6rderung darf daher nicht am Werkstor enden, sondern muss die Lebensrealit\u00e4ten der Menschen in ihrer Gesamtheit erfassen.\u201c<\/span><\/p>\n<p data-path-to-node=\"6,1\"><span style=\"color: #aaad00;\">\u2014 <b data-path-to-node=\"6,1\" data-index-in-node=\"2\">Dr. Tedros Adhanom Ghebreyesus<\/b>, Generaldirektor der Weltgesundheitsorganisation (WHO), in Bezug auf das Setting-Konzept der Gesundheitsf\u00f6rderung.<\/span><\/p>\n<\/blockquote>\n<p>In our <strong>Lecture \/ webinar on living environments<\/strong> erfahren Sie, warum die Gestaltung unserer Lebenswelten von zentraler Bedeutung f\u00fcr unser Leben ist. Lebenswelten beeinflussen nicht nur unser Wohlbefinden, sondern auch unsere Gesundheit und Leistungsf\u00e4higkeit. Wir zeigen Ihnen, wie Sie Ihre <strong>Creating positive living environments<\/strong> to reduce stress and strengthen your resilience. Experience <strong>Practical exercises and valuable insights<\/strong>to increase your personal well-being and lead a more fulfilling life. Visit our Health Day and find out more!<\/p>\n<p>F\u00fcr mehr Ideen f\u00fcr <a href=\"https:\/\/www.company-move.de\/gesundheitstage-module\/\">Health days<\/a>, klicken Sie sich gerne durch unsere anderen Angebote f\u00fcr betriebliches Gesundheitsmanagement. Etablieren Sie Gesundheitsf\u00f6rderung in Ihrem Unternehmen mit uns als Ihr BGM-Dienstleister!<\/p>\n<\/div>\n<\/div>\n<\/div>","protected":false},"excerpt":{"rendered":"<p>Product short description = Excerpt<\/p>\n<p>Quellen<\/p>\n<ul>\n<li>\n<p data-path-to-node=\"12,0,0\"><b data-path-to-node=\"12,0,0\" data-index-in-node=\"0\">DGB-Index Gute Arbeit 2024<\/b>, Deutscher Gewerkschaftsbund, 2024. Fokus: Arbeitsbedingungen und die Belastung durch die Vereinbarkeit von Beruf und Familie. (<b data-path-to-node=\"12,0,0\" data-index-in-node=\"155\">Fachbericht<\/b>)<\/p>\n<\/li>\n<li>\n<p data-path-to-node=\"12,1,0\"><b data-path-to-node=\"12,1,0\" data-index-in-node=\"0\">8. Familienbericht \u2013 Zeit f\u00fcr Familie<\/b>, Bundesministerium f\u00fcr Familie, Senioren, Frauen und Jugend (BMFSFJ), 2024\/2025. Untersuchung der Stressfaktoren im modernen Familienalltag. (<b data-path-to-node=\"12,1,0\" data-index-in-node=\"180\">Offizieller Regierungsbericht<\/b>)<\/p>\n<\/li>\n<li>\n<p data-path-to-node=\"12,2,0\"><b data-path-to-node=\"12,2,0\" data-index-in-node=\"0\">&#8222;Loneliness and Social Isolation as Determinants of Health&#8220;<\/b>, World Health Organization (WHO), 2024. Analyse der physischen und psychischen Folgen sozialer Isolation. (<b data-path-to-node=\"12,2,0\" data-index-in-node=\"167\">Offizieller Organisationsbericht<\/b>)<\/p>\n<\/li>\n<li>\n<p data-path-to-node=\"12,3,0\"><b data-path-to-node=\"12,3,0\" data-index-in-node=\"0\">KIGGS-Welle 3: Studie zur Gesundheit von Kindern und Jugendlichen<\/b>, Robert Koch-Institut (RKI), 2024\/2025. Daten zur Ern\u00e4hrung und zum Medienkonsum in deutschen Haushalten. (<b data-path-to-node=\"12,3,0\" data-index-in-node=\"173\">Offizieller Regierungsbericht<\/b>)<\/p>\n<\/li>\n<li>\n<p data-path-to-node=\"12,4,0\"><b data-path-to-node=\"12,4,0\" data-index-in-node=\"0\">&#8222;The Impact of Non-Violent Communication Training on Stress Reduction&#8220;<\/b>, Journal of Psychology and Psychotherapy, 2025. Untersuchung zur Wirksamkeit von GFK auf das emotionale Wohlbefinden. (<b data-path-to-node=\"12,4,0\" data-index-in-node=\"190\">Peer-Review-Journal<\/b>)<\/p>\n<\/li>\n<\/ul>","protected":false},"featured_media":6797,"template":"","meta":{"site-sidebar-layout":"default","site-content-layout":"","ast-site-content-layout":"default","site-content-style":"default","site-sidebar-style":"default","ast-global-header-display":"","ast-banner-title-visibility":"","ast-main-header-display":"","ast-hfb-above-header-display":"","ast-hfb-below-header-display":"","ast-hfb-mobile-header-display":"","site-post-title":"","ast-breadcrumbs-content":"","ast-featured-img":"","footer-sml-layout":"","ast-disable-related-posts":"","theme-transparent-header-meta":"default","adv-header-id-meta":"","stick-header-meta":"default","header-above-stick-meta":"","header-main-stick-meta":"","header-below-stick-meta":"","astra-migrate-meta-layouts":"set","ast-page-background-enabled":"default","ast-page-background-meta":{"desktop":{"background-color":"var(--ast-global-color-4)","background-image":"","background-repeat":"repeat","background-position":"center center","background-size":"auto","background-attachment":"scroll","background-type":"","background-media":"","overlay-type":"","overlay-color":"","overlay-opacity":"","overlay-gradient":""},"tablet":{"background-color":"","background-image":"","background-repeat":"repeat","background-position":"center center","background-size":"auto","background-attachment":"scroll","background-type":"","background-media":"","overlay-type":"","overlay-color":"","overlay-opacity":"","overlay-gradient":""},"mobile":{"background-color":"","background-image":"","background-repeat":"repeat","background-position":"center center","background-size":"auto","background-attachment":"scroll","background-type":"","background-media":"","overlay-type":"","overlay-color":"","overlay-opacity":"","overlay-gradient":""}},"ast-content-background-meta":{"desktop":{"background-color":"var(--ast-global-color-5)","background-image":"","background-repeat":"repeat","background-position":"center center","background-size":"auto","background-attachment":"scroll","background-type":"","background-media":"","overlay-type":"","overlay-color":"","overlay-opacity":"","overlay-gradient":""},"tablet":{"background-color":"var(--ast-global-color-5)","background-image":"","background-repeat":"repeat","background-position":"center center","background-size":"auto","background-attachment":"scroll","background-type":"","background-media":"","overlay-type":"","overlay-color":"","overlay-opacity":"","overlay-gradient":""},"mobile":{"background-color":"var(--ast-global-color-5)","background-image":"","background-repeat":"repeat","background-position":"center center","background-size":"auto","background-attachment":"scroll","background-type":"","background-media":"","overlay-type":"","overlay-color":"","overlay-opacity":"","overlay-gradient":""}}},"product_brand":[],"product_cat":[40,41,46,48,50,51],"product_tag":[82],"class_list":{"0":"post-6796","1":"product","2":"type-product","3":"status-publish","4":"has-post-thumbnail","6":"product_cat-bewusste-ernaehrung","7":"product_cat-entspannung","8":"product_cat-motivation","9":"product_cat-psychische-gesundheit","10":"product_cat-schulungen-weiterbildung","11":"product_cat-stressbewaeltigung","12":"product_tag-digital","13":"pa_dauer-ca-120-min","14":"pa_dauer-ca-30-min","15":"pa_dauer-ca-45-min","16":"pa_dauer-ca-60-min","17":"pa_dauer-ca-90-min","18":"pa_durchfuehrungsform-digital","19":"pa_durchfuehrungsform-praesenz","20":"pa_format-workshops-webinare","21":"pa_zielgruppe-berufseinsteigende","22":"pa_zielgruppe-beschaeftigte","23":"desktop-align-left","24":"tablet-align-left","25":"mobile-align-left","26":"ast-product-gallery-layout-horizontal-slider","27":"ast-product-gallery-with-no-image","28":"ast-product-tabs-layout-horizontal","30":"first","31":"instock","32":"virtual","33":"sold-individually","34":"purchasable","35":"product-type-simple"},"yoast_head":"<!-- This site is optimized with the Yoast SEO plugin v27.5 - https:\/\/yoast.com\/product\/yoast-seo-wordpress\/ -->\n<title>Vortr\u00e4ge \/ Webinare: Lebenswelten<\/title>\n<meta name=\"description\" content=\"Lernen Sie, wie die Gestaltung von Lebenswelten zu mehr beruflicher Zufriedenheit f\u00fchrt. Buchen Sie unseren Gesundheitstag!\" \/>\n<meta name=\"robots\" content=\"index, follow, max-snippet:-1, max-image-preview:large, max-video-preview:-1\" \/>\n<link rel=\"canonical\" href=\"https:\/\/www.company-move.de\/en\/product\/vortrag-webinar-lebenswelten\/\" \/>\n<meta property=\"og:locale\" content=\"en_US\" \/>\n<meta property=\"og:type\" content=\"article\" \/>\n<meta property=\"og:title\" content=\"Vortr\u00e4ge \/ Webinare: Lebenswelten\" \/>\n<meta property=\"og:description\" content=\"Lernen Sie, wie die Gestaltung von Lebenswelten zu mehr beruflicher Zufriedenheit f\u00fchrt. Buchen Sie unseren Gesundheitstag!\" \/>\n<meta property=\"og:url\" content=\"https:\/\/www.company-move.de\/en\/product\/vortrag-webinar-lebenswelten\/\" \/>\n<meta property=\"og:site_name\" content=\"Company move GmbH\" \/>\n<meta property=\"article:modified_time\" content=\"2026-04-22T10:20:06+00:00\" \/>\n<meta property=\"og:image\" content=\"https:\/\/www.company-move.de\/wp-content\/uploads\/2024\/10\/Webinar-Gesund-Abnehmen.jpg\" \/>\n\t<meta property=\"og:image:width\" content=\"1536\" \/>\n\t<meta property=\"og:image:height\" content=\"864\" \/>\n\t<meta property=\"og:image:type\" content=\"image\/jpeg\" \/>\n<meta name=\"twitter:card\" content=\"summary_large_image\" \/>\n<meta name=\"twitter:label1\" content=\"Est. reading time\" \/>\n\t<meta name=\"twitter:data1\" content=\"2 minutes\" \/>\n<!-- \/ Yoast SEO plugin. -->","yoast_head_json":{"title":"Vortr\u00e4ge \/ Webinare: Lebenswelten","description":"Lernen Sie, wie die Gestaltung von Lebenswelten zu mehr beruflicher Zufriedenheit f\u00fchrt. Buchen Sie unseren Gesundheitstag!","robots":{"index":"index","follow":"follow","max-snippet":"max-snippet:-1","max-image-preview":"max-image-preview:large","max-video-preview":"max-video-preview:-1"},"canonical":"https:\/\/www.company-move.de\/en\/product\/vortrag-webinar-lebenswelten\/","og_locale":"en_US","og_type":"article","og_title":"Vortr\u00e4ge \/ Webinare: Lebenswelten","og_description":"Lernen Sie, wie die Gestaltung von Lebenswelten zu mehr beruflicher Zufriedenheit f\u00fchrt. Buchen Sie unseren Gesundheitstag!","og_url":"https:\/\/www.company-move.de\/en\/product\/vortrag-webinar-lebenswelten\/","og_site_name":"Company move GmbH","article_modified_time":"2026-04-22T10:20:06+00:00","og_image":[{"width":1536,"height":864,"url":"https:\/\/www.company-move.de\/wp-content\/uploads\/2024\/10\/Webinar-Gesund-Abnehmen.jpg","type":"image\/jpeg"}],"twitter_card":"summary_large_image","twitter_misc":{"Est. reading time":"2 minutes"},"schema":{"@context":"https:\/\/schema.org","@graph":[{"@type":["WebPage","ItemPage"],"@id":"https:\/\/www.company-move.de\/produkt\/vortrag-webinar-lebenswelten\/","url":"https:\/\/www.company-move.de\/produkt\/vortrag-webinar-lebenswelten\/","name":"Vortr\u00e4ge \/ Webinare: Lebenswelten","isPartOf":{"@id":"https:\/\/www.company-move.de\/#website"},"primaryImageOfPage":{"@id":"https:\/\/www.company-move.de\/produkt\/vortrag-webinar-lebenswelten\/#primaryimage"},"image":{"@id":"https:\/\/www.company-move.de\/produkt\/vortrag-webinar-lebenswelten\/#primaryimage"},"thumbnailUrl":"https:\/\/www.company-move.de\/wp-content\/uploads\/2024\/10\/Webinar-Gesund-Abnehmen.jpg","datePublished":"2024-10-10T08:10:09+00:00","dateModified":"2026-04-22T10:20:06+00:00","description":"Lernen Sie, wie die Gestaltung von Lebenswelten zu mehr beruflicher Zufriedenheit f\u00fchrt. Buchen Sie unseren Gesundheitstag!","breadcrumb":{"@id":"https:\/\/www.company-move.de\/produkt\/vortrag-webinar-lebenswelten\/#breadcrumb"},"inLanguage":"en-US","potentialAction":[{"@type":"ReadAction","target":["https:\/\/www.company-move.de\/produkt\/vortrag-webinar-lebenswelten\/"]}]},{"@type":"ImageObject","inLanguage":"en-US","@id":"https:\/\/www.company-move.de\/produkt\/vortrag-webinar-lebenswelten\/#primaryimage","url":"https:\/\/www.company-move.de\/wp-content\/uploads\/2024\/10\/Webinar-Gesund-Abnehmen.jpg","contentUrl":"https:\/\/www.company-move.de\/wp-content\/uploads\/2024\/10\/Webinar-Gesund-Abnehmen.jpg","width":1536,"height":864,"caption":"Webinar mit Experten zu gesunder Ern\u00e4hrung und Abnehmen"},{"@type":"BreadcrumbList","@id":"https:\/\/www.company-move.de\/produkt\/vortrag-webinar-lebenswelten\/#breadcrumb","itemListElement":[{"@type":"ListItem","position":1,"name":"Shop","item":"https:\/\/www.company-move.de\/shop\/"},{"@type":"ListItem","position":2,"name":"Lebenswelten"}]},{"@type":"WebSite","@id":"https:\/\/www.company-move.de\/#website","url":"https:\/\/www.company-move.de\/","name":"Company move GmbH","description":"Your expert for occupational health management","publisher":{"@id":"https:\/\/www.company-move.de\/#organization"},"potentialAction":[{"@type":"SearchAction","target":{"@type":"EntryPoint","urlTemplate":"https:\/\/www.company-move.de\/?s={search_term_string}"},"query-input":{"@type":"PropertyValueSpecification","valueRequired":true,"valueName":"search_term_string"}}],"inLanguage":"en-US"},{"@type":"Organization","@id":"https:\/\/www.company-move.de\/#organization","name":"Company move GmbH","url":"https:\/\/www.company-move.de\/","logo":{"@type":"ImageObject","inLanguage":"en-US","@id":"https:\/\/www.company-move.de\/#\/schema\/logo\/image\/","url":"https:\/\/www.company-move.de\/wp-content\/uploads\/2024\/05\/cropped-CM-Logo.png","contentUrl":"https:\/\/www.company-move.de\/wp-content\/uploads\/2024\/05\/cropped-CM-Logo.png","width":1599,"height":795,"caption":"Company move GmbH"},"image":{"@id":"https:\/\/www.company-move.de\/#\/schema\/logo\/image\/"}}]}},"_links":{"self":[{"href":"https:\/\/www.company-move.de\/en\/wp-json\/wp\/v2\/product\/6796","targetHints":{"allow":["GET"]}}],"collection":[{"href":"https:\/\/www.company-move.de\/en\/wp-json\/wp\/v2\/product"}],"about":[{"href":"https:\/\/www.company-move.de\/en\/wp-json\/wp\/v2\/types\/product"}],"wp:featuredmedia":[{"embeddable":true,"href":"https:\/\/www.company-move.de\/en\/wp-json\/wp\/v2\/media\/6797"}],"wp:attachment":[{"href":"https:\/\/www.company-move.de\/en\/wp-json\/wp\/v2\/media?parent=6796"}],"wp:term":[{"taxonomy":"product_brand","embeddable":true,"href":"https:\/\/www.company-move.de\/en\/wp-json\/wp\/v2\/product_brand?post=6796"},{"taxonomy":"product_cat","embeddable":true,"href":"https:\/\/www.company-move.de\/en\/wp-json\/wp\/v2\/product_cat?post=6796"},{"taxonomy":"product_tag","embeddable":true,"href":"https:\/\/www.company-move.de\/en\/wp-json\/wp\/v2\/product_tag?post=6796"}],"curies":[{"name":"wp","href":"https:\/\/api.w.org\/{rel}","templated":true}]}}