{"id":6782,"date":"2024-10-09T15:53:39","date_gmt":"2024-10-09T13:53:39","guid":{"rendered":"https:\/\/www.company-move.de\/?post_type=product&#038;p=6782"},"modified":"2026-04-24T14:28:04","modified_gmt":"2026-04-24T12:28:04","slug":"vortrag-webinar-gesunde-ernaehrung","status":"publish","type":"product","link":"https:\/\/www.company-move.de\/en\/product\/vortrag-webinar-gesunde-ernaehrung\/","title":{"rendered":"Healthy diet"},"content":{"rendered":"<div class=\"flex-shrink-0 flex flex-col relative items-end\">\n<div class=\"pt-0\">\n<div class=\"gizmo-bot-avatar flex h-8 w-8 items-center justify-center overflow-hidden rounded-full\">\n<p>Eine optimierte N\u00e4hrstoffversorgung, sprich Gesunde Ern\u00e4hrung, ist das Fundament f\u00fcr kognitive H\u00f6chstleistung und ein stabiles Immunsystem im Berufsalltag. Laut dem <b data-path-to-node=\"3\" data-index-in-node=\"138\">Ern\u00e4hrungsbericht 2024 der Deutschen Gesellschaft f\u00fcr Ern\u00e4hrung (DGE)<\/b> weisen rund <b data-path-to-node=\"3\" data-index-in-node=\"220\">58 % der M\u00e4nner und 41 % der Frauen<\/b> in Deutschland \u00dcbergewicht auf, was das Risiko f\u00fcr chronische Zivilisationskrankheiten wie <a href=\"https:\/\/www.company-move.de\/produkt\/diabetes-checkup\/\">Typ-2-Diabetes<\/a> massiv erh\u00f6ht.<\/p>\n<p>Our <b data-path-to-node=\"3\" data-index-in-node=\"383\"><a href=\"https:\/\/www.company-move.de\/format\/workshops-webinare\/\">Vortrag \/ Webinar<\/a> Healthy diet<\/b> bietet eine evidenzbasierte <a href=\"https:\/\/www.company-move.de\/bgm\/gesundheitsthemen\/praeventionsmassnahmen\/\"><b data-path-to-node=\"3\" data-index-in-node=\"447\">Prevention<\/b><\/a>, um ern\u00e4hrungsbedingten Erkrankungen proaktiv zu begegnen und die Vitalit\u00e4t Ihrer Belegschaft zu f\u00f6rdern. Durch die Implementierung praxisnaher Ern\u00e4hrungskonzepte in Ihr <b data-path-to-node=\"3\" data-index-in-node=\"628\">BGM<\/b> senken Sie nachhaltig den <b data-path-to-node=\"3\" data-index-in-node=\"658\">Krankenstand<\/b> und st\u00e4rken die Konzentrationsf\u00e4higkeit \u2013 ob im B\u00fcro, im Homeoffice oder in der Schichtarbeit.<\/p>\n<blockquote>\n<p data-path-to-node=\"6,0\"><span style=\"color: #aaad00;\">\u201eWir essen uns entweder krank oder gesund. Eine pflanzenbetonte, vollwertige Ern\u00e4hrung ist nicht nur der wichtigste Schutzfaktor vor Adipositas und Herz-Kreislauf-Erkrankungen, sondern verbessert nachweislich auch die psychische Belastbarkeit und geistige Vitalit\u00e4t am Arbeitsplatz.\u201c<\/span><\/p>\n<p data-path-to-node=\"6,1\"><span style=\"color: #aaad00;\">\u2014 <b data-path-to-node=\"6,1\" data-index-in-node=\"2\">Prof. Dr. Bernhard Watzl<\/b>, Vizepr\u00e4sident der Deutschen Gesellschaft f\u00fcr Ern\u00e4hrung (DGE) und ehemaliger Leiter des Instituts f\u00fcr Ern\u00e4hrungsphysiologie am Max Rubner-Institut.<\/span><\/p>\n<\/blockquote>\n<p>In our <strong>Lecture \/ webinar on healthy eating<\/strong> erfahren Sie, warum eine ausgewogene Ern\u00e4hrung von zentraler Bedeutung f\u00fcr unser Leben ist. Gesunde Ern\u00e4hrung beeinflusst nicht nur unser Wohlbefinden, sondern auch unsere Gesundheit und Leistungsf\u00e4higkeit. Wir zeigen Ihnen, wie Sie <strong>Integrate healthy eating into your everyday life<\/strong> k\u00f6nnen, um <a href=\"https:\/\/www.company-move.de\/bgm\/gesundheitsthemen\/stressbewaeltigung\/\">Stress<\/a> abzubauen und Ihre Resilienz zu st\u00e4rken. Erleben Sie <strong>Practical exercises and valuable insights<\/strong>to increase your personal well-being and lead a more fulfilling life.<\/p>\n<p>F\u00fcr mehr Ideen f\u00fcr <a href=\"https:\/\/www.company-move.de\/gesundheitstage-module\/\">Health days<\/a>, klicken Sie sich gerne durch unsere anderen Angebote f\u00fcr betriebliches Gesundheitsmanagement. Etablieren Sie Gesundheitsf\u00f6rderung in Ihrem Unternehmen mit uns als Ihr BGM-Dienstleister!<\/p>\n<\/div>\n<\/div>\n<\/div>","protected":false},"excerpt":{"rendered":"<p>Product short description = Excerpt<\/p>\n<p>Quellen<\/p>\n<ul>\n<li>\n<p data-path-to-node=\"13,0,0\"><b data-path-to-node=\"13,0,0\" data-index-in-node=\"0\">15. DGE-Ern\u00e4hrungsbericht<\/b>, Deutsche Gesellschaft f\u00fcr Ern\u00e4hrung e. V. (DGE), 2024. Fokus: \u00dcbergewichtspr\u00e4valenz und N\u00e4hrstoffzufuhr in Deutschland. (<b data-path-to-node=\"13,0,0\" data-index-in-node=\"148\">Offizieller Fachbericht<\/b>)<\/p>\n<\/li>\n<li>\n<p data-path-to-node=\"13,1,0\"><b data-path-to-node=\"13,1,0\" data-index-in-node=\"0\">TK-Gesundheitsreport 2025: Ern\u00e4hrung und Psyche<\/b>, Techniker Krankenkasse, 2025. Untersuchung zum Zusammenhang zwischen Essgewohnheiten und Arbeitsunf\u00e4higkeit. (<b data-path-to-node=\"13,1,0\" data-index-in-node=\"159\">Offizieller Krankenkassenbericht<\/b>)<\/p>\n<\/li>\n<li>\n<p data-path-to-node=\"13,2,0\"><b data-path-to-node=\"13,2,0\" data-index-in-node=\"0\">&#8222;Dietary Patterns and Cognitive Performance in the Workplace&#8220;<\/b>, Nutrients Journal, 2024. Analyse der Auswirkungen von Brainfood auf die Arbeitsleistung. (<b data-path-to-node=\"13,2,0\" data-index-in-node=\"153\">Peer-Review-Journal<\/b>)<\/p>\n<\/li>\n<li>\n<p data-path-to-node=\"13,3,0\"><b data-path-to-node=\"13,3,0\" data-index-in-node=\"0\">&#8222;Sustainable Healthy Diets \u2013 Guiding Principles&#8220;<\/b>, WHO &amp; FAO, 2024. Leitlinien f\u00fcr eine gesundheitsf\u00f6rdernde und klimafreundliche Ern\u00e4hrung. (<b data-path-to-node=\"13,3,0\" data-index-in-node=\"141\">Offizieller Organisationsbericht<\/b>)<\/p>\n<\/li>\n<li>\n<p data-path-to-node=\"13,4,0\"><b data-path-to-node=\"13,4,0\" data-index-in-node=\"0\">&#8222;Impact of Meal Prepping on Diet Quality&#8220;<\/b>, American Journal of Preventive Medicine, 2025. Studie zur Wirksamkeit von Mahlzeitenplanung auf das K\u00f6rpergewicht. (<b data-path-to-node=\"13,4,0\" data-index-in-node=\"159\">Peer-Review-Journal<\/b>)<\/p>\n<\/li>\n<li>\n<p data-path-to-node=\"13,5,0\"><b data-path-to-node=\"13,5,0\" data-index-in-node=\"0\">Bericht zur Adipositas-Pr\u00e4vention<\/b>, Robert Koch-Institut (RKI), 2024. Aktuelle Daten zur Verbreitung von Stoffwechselerkrankungen. (<b data-path-to-node=\"13,5,0\" data-index-in-node=\"131\">Offizieller Regierungsbericht<\/b>)<\/p>\n<\/li>\n<\/ul>","protected":false},"featured_media":6783,"template":"","meta":{"site-sidebar-layout":"default","site-content-layout":"","ast-site-content-layout":"default","site-content-style":"default","site-sidebar-style":"default","ast-global-header-display":"","ast-banner-title-visibility":"","ast-main-header-display":"","ast-hfb-above-header-display":"","ast-hfb-below-header-display":"","ast-hfb-mobile-header-display":"","site-post-title":"","ast-breadcrumbs-content":"","ast-featured-img":"","footer-sml-layout":"","ast-disable-related-posts":"","theme-transparent-header-meta":"default","adv-header-id-meta":"","stick-header-meta":"default","header-above-stick-meta":"","header-main-stick-meta":"","header-below-stick-meta":"","astra-migrate-meta-layouts":"set","ast-page-background-enabled":"default","ast-page-background-meta":{"desktop":{"background-color":"var(--ast-global-color-4)","background-image":"","background-repeat":"repeat","background-position":"center center","background-size":"auto","background-attachment":"scroll","background-type":"","background-media":"","overlay-type":"","overlay-color":"","overlay-opacity":"","overlay-gradient":""},"tablet":{"background-color":"","background-image":"","background-repeat":"repeat","background-position":"center center","background-size":"auto","background-attachment":"scroll","background-type":"","background-media":"","overlay-type":"","overlay-color":"","overlay-opacity":"","overlay-gradient":""},"mobile":{"background-color":"","background-image":"","background-repeat":"repeat","background-position":"center center","background-size":"auto","background-attachment":"scroll","background-type":"","background-media":"","overlay-type":"","overlay-color":"","overlay-opacity":"","overlay-gradient":""}},"ast-content-background-meta":{"desktop":{"background-color":"var(--ast-global-color-5)","background-image":"","background-repeat":"repeat","background-position":"center center","background-size":"auto","background-attachment":"scroll","background-type":"","background-media":"","overlay-type":"","overlay-color":"","overlay-opacity":"","overlay-gradient":""},"tablet":{"background-color":"var(--ast-global-color-5)","background-image":"","background-repeat":"repeat","background-position":"center center","background-size":"auto","background-attachment":"scroll","background-type":"","background-media":"","overlay-type":"","overlay-color":"","overlay-opacity":"","overlay-gradient":""},"mobile":{"background-color":"var(--ast-global-color-5)","background-image":"","background-repeat":"repeat","background-position":"center center","background-size":"auto","background-attachment":"scroll","background-type":"","background-media":"","overlay-type":"","overlay-color":"","overlay-opacity":"","overlay-gradient":""}}},"product_brand":[],"product_cat":[40,50],"product_tag":[82],"class_list":{"0":"post-6782","1":"product","2":"type-product","3":"status-publish","4":"has-post-thumbnail","6":"product_cat-bewusste-ernaehrung","7":"product_cat-schulungen-weiterbildung","8":"product_tag-digital","9":"pa_dauer-ca-120-min","10":"pa_dauer-ca-30-min","11":"pa_dauer-ca-45-min","12":"pa_dauer-ca-60-min","13":"pa_dauer-ca-90-min","14":"pa_durchfuehrungsform-digital","15":"pa_durchfuehrungsform-praesenz","16":"pa_format-workshops-webinare","17":"pa_zielgruppe-berufseinsteigende","18":"pa_zielgruppe-beschaeftigte","19":"desktop-align-left","20":"tablet-align-left","21":"mobile-align-left","22":"ast-product-gallery-layout-horizontal-slider","23":"ast-product-gallery-with-no-image","24":"ast-product-tabs-layout-horizontal","26":"first","27":"instock","28":"virtual","29":"sold-individually","30":"purchasable","31":"product-type-simple"},"yoast_head":"<!-- This site is optimized with the Yoast SEO plugin v27.5 - https:\/\/yoast.com\/product\/yoast-seo-wordpress\/ -->\n<title>Vortrag \/ Webinar: Gesunde Ern\u00e4hrung<\/title>\n<meta name=\"description\" content=\"Erfahren Sie, wie Sie mit gesunder Ern\u00e4hrung das Wohlbefinden Ihrer Mitarbeitenden f\u00f6rdern k\u00f6nnen. Buchen Sie unseren Gesundheitstag!\" \/>\n<meta name=\"robots\" content=\"index, follow, max-snippet:-1, max-image-preview:large, max-video-preview:-1\" \/>\n<link rel=\"canonical\" href=\"https:\/\/www.company-move.de\/en\/product\/vortrag-webinar-gesunde-ernaehrung\/\" \/>\n<meta property=\"og:locale\" content=\"en_US\" \/>\n<meta property=\"og:type\" content=\"article\" \/>\n<meta property=\"og:title\" content=\"Vortrag \/ Webinar: Gesunde Ern\u00e4hrung\" \/>\n<meta property=\"og:description\" content=\"Erfahren Sie, wie Sie mit gesunder Ern\u00e4hrung das Wohlbefinden Ihrer Mitarbeitenden f\u00f6rdern k\u00f6nnen. Buchen Sie unseren Gesundheitstag!\" \/>\n<meta property=\"og:url\" content=\"https:\/\/www.company-move.de\/en\/product\/vortrag-webinar-gesunde-ernaehrung\/\" \/>\n<meta property=\"og:site_name\" content=\"Company move GmbH\" \/>\n<meta property=\"article:modified_time\" content=\"2026-04-24T12:28:04+00:00\" \/>\n<meta property=\"og:image\" content=\"https:\/\/www.company-move.de\/wp-content\/uploads\/2024\/10\/Webinar-Gesunde-Ernaehrung.jpg\" \/>\n\t<meta property=\"og:image:width\" content=\"1536\" \/>\n\t<meta property=\"og:image:height\" content=\"864\" \/>\n\t<meta property=\"og:image:type\" content=\"image\/jpeg\" \/>\n<meta name=\"twitter:card\" content=\"summary_large_image\" \/>\n<meta name=\"twitter:label1\" content=\"Est. reading time\" \/>\n\t<meta name=\"twitter:data1\" content=\"2 minutes\" \/>\n<!-- \/ Yoast SEO plugin. -->","yoast_head_json":{"title":"Vortrag \/ Webinar: Gesunde Ern\u00e4hrung","description":"Erfahren Sie, wie Sie mit gesunder Ern\u00e4hrung das Wohlbefinden Ihrer Mitarbeitenden f\u00f6rdern k\u00f6nnen. Buchen Sie unseren Gesundheitstag!","robots":{"index":"index","follow":"follow","max-snippet":"max-snippet:-1","max-image-preview":"max-image-preview:large","max-video-preview":"max-video-preview:-1"},"canonical":"https:\/\/www.company-move.de\/en\/product\/vortrag-webinar-gesunde-ernaehrung\/","og_locale":"en_US","og_type":"article","og_title":"Vortrag \/ Webinar: Gesunde Ern\u00e4hrung","og_description":"Erfahren Sie, wie Sie mit gesunder Ern\u00e4hrung das Wohlbefinden Ihrer Mitarbeitenden f\u00f6rdern k\u00f6nnen. Buchen Sie unseren Gesundheitstag!","og_url":"https:\/\/www.company-move.de\/en\/product\/vortrag-webinar-gesunde-ernaehrung\/","og_site_name":"Company move GmbH","article_modified_time":"2026-04-24T12:28:04+00:00","og_image":[{"width":1536,"height":864,"url":"https:\/\/www.company-move.de\/wp-content\/uploads\/2024\/10\/Webinar-Gesunde-Ernaehrung.jpg","type":"image\/jpeg"}],"twitter_card":"summary_large_image","twitter_misc":{"Est. reading time":"2 minutes"},"schema":{"@context":"https:\/\/schema.org","@graph":[{"@type":["WebPage","ItemPage"],"@id":"https:\/\/www.company-move.de\/produkt\/vortrag-webinar-gesunde-ernaehrung\/","url":"https:\/\/www.company-move.de\/produkt\/vortrag-webinar-gesunde-ernaehrung\/","name":"Vortrag \/ Webinar: Gesunde Ern\u00e4hrung","isPartOf":{"@id":"https:\/\/www.company-move.de\/#website"},"primaryImageOfPage":{"@id":"https:\/\/www.company-move.de\/produkt\/vortrag-webinar-gesunde-ernaehrung\/#primaryimage"},"image":{"@id":"https:\/\/www.company-move.de\/produkt\/vortrag-webinar-gesunde-ernaehrung\/#primaryimage"},"thumbnailUrl":"https:\/\/www.company-move.de\/wp-content\/uploads\/2024\/10\/Webinar-Gesunde-Ernaehrung.jpg","datePublished":"2024-10-09T13:53:39+00:00","dateModified":"2026-04-24T12:28:04+00:00","description":"Erfahren Sie, wie Sie mit gesunder Ern\u00e4hrung das Wohlbefinden Ihrer Mitarbeitenden f\u00f6rdern k\u00f6nnen. Buchen Sie unseren Gesundheitstag!","breadcrumb":{"@id":"https:\/\/www.company-move.de\/produkt\/vortrag-webinar-gesunde-ernaehrung\/#breadcrumb"},"inLanguage":"en-US","potentialAction":[{"@type":"ReadAction","target":["https:\/\/www.company-move.de\/produkt\/vortrag-webinar-gesunde-ernaehrung\/"]}]},{"@type":"ImageObject","inLanguage":"en-US","@id":"https:\/\/www.company-move.de\/produkt\/vortrag-webinar-gesunde-ernaehrung\/#primaryimage","url":"https:\/\/www.company-move.de\/wp-content\/uploads\/2024\/10\/Webinar-Gesunde-Ernaehrung.jpg","contentUrl":"https:\/\/www.company-move.de\/wp-content\/uploads\/2024\/10\/Webinar-Gesunde-Ernaehrung.jpg","width":1536,"height":864,"caption":"Interaktive Ern\u00e4hrungsberatung zur F\u00f6rderung der Gesundheit im Unternehmen"},{"@type":"BreadcrumbList","@id":"https:\/\/www.company-move.de\/produkt\/vortrag-webinar-gesunde-ernaehrung\/#breadcrumb","itemListElement":[{"@type":"ListItem","position":1,"name":"Shop","item":"https:\/\/www.company-move.de\/shop\/"},{"@type":"ListItem","position":2,"name":"Gesunde Ern\u00e4hrung"}]},{"@type":"WebSite","@id":"https:\/\/www.company-move.de\/#website","url":"https:\/\/www.company-move.de\/","name":"Company move GmbH","description":"Your expert for occupational health management","publisher":{"@id":"https:\/\/www.company-move.de\/#organization"},"potentialAction":[{"@type":"SearchAction","target":{"@type":"EntryPoint","urlTemplate":"https:\/\/www.company-move.de\/?s={search_term_string}"},"query-input":{"@type":"PropertyValueSpecification","valueRequired":true,"valueName":"search_term_string"}}],"inLanguage":"en-US"},{"@type":"Organization","@id":"https:\/\/www.company-move.de\/#organization","name":"Company move GmbH","url":"https:\/\/www.company-move.de\/","logo":{"@type":"ImageObject","inLanguage":"en-US","@id":"https:\/\/www.company-move.de\/#\/schema\/logo\/image\/","url":"https:\/\/www.company-move.de\/wp-content\/uploads\/2024\/05\/cropped-CM-Logo.png","contentUrl":"https:\/\/www.company-move.de\/wp-content\/uploads\/2024\/05\/cropped-CM-Logo.png","width":1599,"height":795,"caption":"Company move GmbH"},"image":{"@id":"https:\/\/www.company-move.de\/#\/schema\/logo\/image\/"}}]}},"_links":{"self":[{"href":"https:\/\/www.company-move.de\/en\/wp-json\/wp\/v2\/product\/6782","targetHints":{"allow":["GET"]}}],"collection":[{"href":"https:\/\/www.company-move.de\/en\/wp-json\/wp\/v2\/product"}],"about":[{"href":"https:\/\/www.company-move.de\/en\/wp-json\/wp\/v2\/types\/product"}],"wp:featuredmedia":[{"embeddable":true,"href":"https:\/\/www.company-move.de\/en\/wp-json\/wp\/v2\/media\/6783"}],"wp:attachment":[{"href":"https:\/\/www.company-move.de\/en\/wp-json\/wp\/v2\/media?parent=6782"}],"wp:term":[{"taxonomy":"product_brand","embeddable":true,"href":"https:\/\/www.company-move.de\/en\/wp-json\/wp\/v2\/product_brand?post=6782"},{"taxonomy":"product_cat","embeddable":true,"href":"https:\/\/www.company-move.de\/en\/wp-json\/wp\/v2\/product_cat?post=6782"},{"taxonomy":"product_tag","embeddable":true,"href":"https:\/\/www.company-move.de\/en\/wp-json\/wp\/v2\/product_tag?post=6782"}],"curies":[{"name":"wp","href":"https:\/\/api.w.org\/{rel}","templated":true}]}}