{"id":6639,"date":"2024-10-09T11:43:47","date_gmt":"2024-10-09T09:43:47","guid":{"rendered":"https:\/\/www.company-move.de\/?post_type=product&#038;p=6639"},"modified":"2026-04-24T12:07:16","modified_gmt":"2026-04-24T10:07:16","slug":"vortrag-webinar-resilienz","status":"publish","type":"product","link":"https:\/\/www.company-move.de\/en\/product\/vortrag-webinar-resilienz\/","title":{"rendered":"Resilience"},"content":{"rendered":"<div class=\"flex-shrink-0 flex flex-col relative items-end\">\n<div class=\"pt-0\">\n<div class=\"gizmo-bot-avatar flex h-8 w-8 items-center justify-center overflow-hidden rounded-full\">\n<p>In einer Arbeitswelt, die von permanenter Transformation gepr\u00e4gt ist, bildet die psychische Widerstandskraft das R\u00fcckgrat organisationaler Stabilit\u00e4t. Laut dem <b data-path-to-node=\"3\" data-index-in-node=\"160\">DAK-Psychreport 2024<\/b> erreichten die Krankschreibungen aufgrund psychischer Diagnosen mit <b data-path-to-node=\"3\" data-index-in-node=\"249\">323 Fehltagen je 100 Versicherte<\/b> einen neuen historischen H\u00f6chststand, was die Dringlichkeit gezielter <a href=\"https:\/\/www.company-move.de\/bgm\/gesundheitsthemen\/praeventionsmassnahmen\/\"><b data-path-to-node=\"3\" data-index-in-node=\"352\">Prevention<\/b><\/a> unterstreicht.<\/p>\n<p>Our <b data-path-to-node=\"3\" data-index-in-node=\"384\"><a href=\"https:\/\/www.company-move.de\/format\/workshops-webinare\/\">Vortrag \/ Webinar<\/a> Resilience<\/b> setzt an diesem kritischen Punkt an, um Ihre Mitarbeitenden mit den notwendigen Werkzeugen gegen chronische \u00dcberlastung und Burnout auszustatten. Durch die F\u00f6rderung individueller Schutzfaktoren in Ihrem <b data-path-to-node=\"3\" data-index-in-node=\"616\">BGM<\/b> sichern Sie nicht nur die langfristige Leistungsf\u00e4higkeit, sondern senken proaktiv den <b data-path-to-node=\"3\" data-index-in-node=\"707\">Krankenstand<\/b> und st\u00e4rken die Anpassungsf\u00e4higkeit Ihres Unternehmens in Krisenzeiten.<\/p>\n<blockquote>\n<p data-path-to-node=\"6,0\"><span style=\"color: #aaad00;\">\u201eResilienz ist kein statisches Pers\u00f6nlichkeitsmerkmal, sondern ein dynamischer Prozess, der lebenslang trainiert werden kann. In Zeiten zunehmender Komplexit\u00e4t ist die F\u00e4higkeit, Belastungen nicht nur standzuhalten, sondern an ihnen zu wachsen, die entscheidende Ressource f\u00fcr Gesundheit und Erfolg.\u201c<\/span><\/p>\n<p data-path-to-node=\"6,1\"><span style=\"color: #aaad00;\">\u2014 <b data-path-to-node=\"6,1\" data-index-in-node=\"2\">Prof. Dr. Klaus Lieb<\/b>, Gesch\u00e4ftsf\u00fchrender Direktor des Leibniz-Instituts f\u00fcr Resilienzforschung (LIR) und renommierter Experte f\u00fcr Mentale Gesundheit.<\/span><\/p>\n<\/blockquote>\n<p>In our <strong>Lecture \/ webinar on resilience<\/strong> erfahren Sie, warum die St\u00e4rkung der Resilienz von zentraler Bedeutung f\u00fcr unser Leben ist. Resilienz beeinflusst nicht nur unser Wohlbefinden, sondern auch unsere Gesundheit und Leistungsf\u00e4higkeit. Wir zeigen Ihnen, wie Sie <strong>Integrating resilience into your everyday life<\/strong> to reduce stress and strengthen your resilience. Experience <strong>Practical exercises and valuable insights<\/strong>to increase your personal well-being and lead a more fulfilling life. Book our health day and find out more!<\/p>\n<p>F\u00fcr mehr Ideen f\u00fcr <a href=\"https:\/\/www.company-move.de\/gesundheitstage-module\/\">Health days<\/a>, klicken Sie sich gerne durch unsere anderen Angebote f\u00fcr betriebliches Gesundheitsmanagement. Etablieren Sie Gesundheitsf\u00f6rderung in Ihrem Unternehmen mit uns als Ihr BGM-Dienstleister!<\/p>\n<\/div>\n<\/div>\n<\/div>","protected":false},"excerpt":{"rendered":"<p>Product short description = Excerpt<\/p>\n<p>Quellen<\/p>\n<ul>\n<li>\n<p data-path-to-node=\"12,0,0\"><b data-path-to-node=\"12,0,0\" data-index-in-node=\"0\">DAK-Psychreport 2024: Analyse der Arbeitsunf\u00e4higkeitsdaten<\/b>, DAK-Gesundheit, 2024. Fokus: Langzeitentwicklung psychischer Erkrankungen und deren \u00f6konomische Auswirkungen. (<b data-path-to-node=\"12,0,0\" data-index-in-node=\"171\">Offizieller Krankenkassenbericht<\/b>)<\/p>\n<\/li>\n<li>\n<p data-path-to-node=\"12,1,0\"><b data-path-to-node=\"12,1,0\" data-index-in-node=\"0\">&#8222;Resilienz als Schl\u00fcsselkompetenz in der modernen Arbeitswelt&#8220;<\/b>, Leibniz-Institut f\u00fcr Resilienzforschung (LIR), 2024. Aktueller Forschungsstand zu protektiven Faktoren am Arbeitsplatz. (<b data-path-to-node=\"12,1,0\" data-index-in-node=\"185\">Fachgesellschafts-Publikation<\/b>)<\/p>\n<\/li>\n<li>\n<p data-path-to-node=\"12,2,0\"><b data-path-to-node=\"12,2,0\" data-index-in-node=\"0\">Fehlzeiten-Report 2024: Zeitenwende \u2013 Arbeit gesund gestalten<\/b>, Wissenschaftliches Institut der AOK (WIdO), 2024. Untersuchung der Korrelation zwischen Resilienz und Krankenstand. (<b data-path-to-node=\"12,2,0\" data-index-in-node=\"180\">Offizieller Fachbericht<\/b>)<\/p>\n<\/li>\n<li>\n<p data-path-to-node=\"12,3,0\"><b data-path-to-node=\"12,3,0\" data-index-in-node=\"0\">&#8222;The Efficacy of Resilience Training Programs: A Systematic Review&#8220;<\/b>, Journal of Occupational Health Psychology, 2025. Meta-Analyse zur Wirksamkeit von Webinaren und Seminaren. (<b data-path-to-node=\"12,3,0\" data-index-in-node=\"177\">Peer-Review-Journal<\/b>)<\/p>\n<\/li>\n<li>\n<p data-path-to-node=\"12,4,0\"><b data-path-to-node=\"12,4,0\" data-index-in-node=\"0\">World Mental Health Report 2024<\/b>, World Health Organization (WHO), 2024. Strategien zur F\u00f6rderung der psychischen Gesundheit in Volkswirtschaften. (<b data-path-to-node=\"12,4,0\" data-index-in-node=\"147\">Offizieller Organisationsbericht<\/b>)<\/p>\n<\/li>\n<\/ul>","protected":false},"featured_media":6640,"template":"","meta":{"site-sidebar-layout":"default","site-content-layout":"","ast-site-content-layout":"default","site-content-style":"default","site-sidebar-style":"default","ast-global-header-display":"","ast-banner-title-visibility":"","ast-main-header-display":"","ast-hfb-above-header-display":"","ast-hfb-below-header-display":"","ast-hfb-mobile-header-display":"","site-post-title":"","ast-breadcrumbs-content":"","ast-featured-img":"","footer-sml-layout":"","ast-disable-related-posts":"","theme-transparent-header-meta":"default","adv-header-id-meta":"","stick-header-meta":"default","header-above-stick-meta":"","header-main-stick-meta":"","header-below-stick-meta":"","astra-migrate-meta-layouts":"set","ast-page-background-enabled":"default","ast-page-background-meta":{"desktop":{"background-color":"var(--ast-global-color-4)","background-image":"","background-repeat":"repeat","background-position":"center center","background-size":"auto","background-attachment":"scroll","background-type":"","background-media":"","overlay-type":"","overlay-color":"","overlay-opacity":"","overlay-gradient":""},"tablet":{"background-color":"","background-image":"","background-repeat":"repeat","background-position":"center center","background-size":"auto","background-attachment":"scroll","background-type":"","background-media":"","overlay-type":"","overlay-color":"","overlay-opacity":"","overlay-gradient":""},"mobile":{"background-color":"","background-image":"","background-repeat":"repeat","background-position":"center center","background-size":"auto","background-attachment":"scroll","background-type":"","background-media":"","overlay-type":"","overlay-color":"","overlay-opacity":"","overlay-gradient":""}},"ast-content-background-meta":{"desktop":{"background-color":"var(--ast-global-color-5)","background-image":"","background-repeat":"repeat","background-position":"center center","background-size":"auto","background-attachment":"scroll","background-type":"","background-media":"","overlay-type":"","overlay-color":"","overlay-opacity":"","overlay-gradient":""},"tablet":{"background-color":"var(--ast-global-color-5)","background-image":"","background-repeat":"repeat","background-position":"center center","background-size":"auto","background-attachment":"scroll","background-type":"","background-media":"","overlay-type":"","overlay-color":"","overlay-opacity":"","overlay-gradient":""},"mobile":{"background-color":"var(--ast-global-color-5)","background-image":"","background-repeat":"repeat","background-position":"center center","background-size":"auto","background-attachment":"scroll","background-type":"","background-media":"","overlay-type":"","overlay-color":"","overlay-opacity":"","overlay-gradient":""}}},"product_brand":[],"product_cat":[41,48,50,51],"product_tag":[82],"class_list":{"0":"post-6639","1":"product","2":"type-product","3":"status-publish","4":"has-post-thumbnail","6":"product_cat-entspannung","7":"product_cat-psychische-gesundheit","8":"product_cat-schulungen-weiterbildung","9":"product_cat-stressbewaeltigung","10":"product_tag-digital","11":"pa_dauer-ca-120-min","12":"pa_dauer-ca-30-min","13":"pa_dauer-ca-45-min","14":"pa_dauer-ca-60-min","15":"pa_dauer-ca-90-min","16":"pa_durchfuehrungsform-digital","17":"pa_durchfuehrungsform-praesenz","18":"pa_format-workshops-webinare","19":"pa_zielgruppe-berufseinsteigende","20":"pa_zielgruppe-beschaeftigte","21":"desktop-align-left","22":"tablet-align-left","23":"mobile-align-left","24":"ast-product-gallery-layout-horizontal-slider","25":"ast-product-gallery-with-no-image","26":"ast-product-tabs-layout-horizontal","28":"first","29":"instock","30":"virtual","31":"sold-individually","32":"purchasable","33":"product-type-simple"},"yoast_head":"<!-- This site is optimized with the Yoast SEO plugin v27.5 - https:\/\/yoast.com\/product\/yoast-seo-wordpress\/ -->\n<title>Vortrag \/ Webinar: Resilienz<\/title>\n<meta name=\"description\" content=\"In unserem interaktiven Seminar lernen Sie die Grundlagen der Widerstandsf\u00e4higkeit und effektive Tools zur Verbesserung Ihrer pers\u00f6nlichen Resilienz.\" \/>\n<meta name=\"robots\" content=\"index, follow, max-snippet:-1, max-image-preview:large, max-video-preview:-1\" \/>\n<link rel=\"canonical\" href=\"https:\/\/www.company-move.de\/en\/product\/vortrag-webinar-resilienz\/\" \/>\n<meta property=\"og:locale\" content=\"en_US\" \/>\n<meta property=\"og:type\" content=\"article\" \/>\n<meta property=\"og:title\" content=\"Vortrag \/ Webinar: Resilienz\" \/>\n<meta property=\"og:description\" content=\"In unserem interaktiven Seminar lernen Sie die Grundlagen der Widerstandsf\u00e4higkeit und effektive Tools zur Verbesserung Ihrer pers\u00f6nlichen Resilienz.\" \/>\n<meta property=\"og:url\" content=\"https:\/\/www.company-move.de\/en\/product\/vortrag-webinar-resilienz\/\" \/>\n<meta property=\"og:site_name\" content=\"Company move GmbH\" \/>\n<meta property=\"article:modified_time\" content=\"2026-04-24T10:07:16+00:00\" \/>\n<meta property=\"og:image\" content=\"https:\/\/www.company-move.de\/wp-content\/uploads\/2024\/10\/Resilienz-Webinar.jpg\" \/>\n\t<meta property=\"og:image:width\" content=\"1536\" \/>\n\t<meta property=\"og:image:height\" content=\"864\" \/>\n\t<meta property=\"og:image:type\" content=\"image\/jpeg\" \/>\n<meta name=\"twitter:card\" content=\"summary_large_image\" \/>\n<meta name=\"twitter:label1\" content=\"Est. reading time\" \/>\n\t<meta name=\"twitter:data1\" content=\"2 minutes\" \/>\n<!-- \/ Yoast SEO plugin. -->","yoast_head_json":{"title":"Vortrag \/ Webinar: Resilienz","description":"In unserem interaktiven Seminar lernen Sie die Grundlagen der Widerstandsf\u00e4higkeit und effektive Tools zur Verbesserung Ihrer pers\u00f6nlichen Resilienz.","robots":{"index":"index","follow":"follow","max-snippet":"max-snippet:-1","max-image-preview":"max-image-preview:large","max-video-preview":"max-video-preview:-1"},"canonical":"https:\/\/www.company-move.de\/en\/product\/vortrag-webinar-resilienz\/","og_locale":"en_US","og_type":"article","og_title":"Vortrag \/ Webinar: Resilienz","og_description":"In unserem interaktiven Seminar lernen Sie die Grundlagen der Widerstandsf\u00e4higkeit und effektive Tools zur Verbesserung Ihrer pers\u00f6nlichen Resilienz.","og_url":"https:\/\/www.company-move.de\/en\/product\/vortrag-webinar-resilienz\/","og_site_name":"Company move GmbH","article_modified_time":"2026-04-24T10:07:16+00:00","og_image":[{"width":1536,"height":864,"url":"https:\/\/www.company-move.de\/wp-content\/uploads\/2024\/10\/Resilienz-Webinar.jpg","type":"image\/jpeg"}],"twitter_card":"summary_large_image","twitter_misc":{"Est. reading time":"2 minutes"},"schema":{"@context":"https:\/\/schema.org","@graph":[{"@type":["WebPage","ItemPage"],"@id":"https:\/\/www.company-move.de\/produkt\/vortrag-webinar-resilienz\/","url":"https:\/\/www.company-move.de\/produkt\/vortrag-webinar-resilienz\/","name":"Vortrag \/ Webinar: Resilienz","isPartOf":{"@id":"https:\/\/www.company-move.de\/#website"},"primaryImageOfPage":{"@id":"https:\/\/www.company-move.de\/produkt\/vortrag-webinar-resilienz\/#primaryimage"},"image":{"@id":"https:\/\/www.company-move.de\/produkt\/vortrag-webinar-resilienz\/#primaryimage"},"thumbnailUrl":"https:\/\/www.company-move.de\/wp-content\/uploads\/2024\/10\/Resilienz-Webinar.jpg","datePublished":"2024-10-09T09:43:47+00:00","dateModified":"2026-04-24T10:07:16+00:00","description":"In unserem interaktiven Seminar lernen Sie die Grundlagen der Widerstandsf\u00e4higkeit und effektive Tools zur Verbesserung Ihrer pers\u00f6nlichen Resilienz.","breadcrumb":{"@id":"https:\/\/www.company-move.de\/produkt\/vortrag-webinar-resilienz\/#breadcrumb"},"inLanguage":"en-US","potentialAction":[{"@type":"ReadAction","target":["https:\/\/www.company-move.de\/produkt\/vortrag-webinar-resilienz\/"]}]},{"@type":"ImageObject","inLanguage":"en-US","@id":"https:\/\/www.company-move.de\/produkt\/vortrag-webinar-resilienz\/#primaryimage","url":"https:\/\/www.company-move.de\/wp-content\/uploads\/2024\/10\/Resilienz-Webinar.jpg","contentUrl":"https:\/\/www.company-move.de\/wp-content\/uploads\/2024\/10\/Resilienz-Webinar.jpg","width":1536,"height":864,"caption":"Interaktives Webinar zur Entwicklung von Resilienz und Stressbew\u00e4ltigung"},{"@type":"BreadcrumbList","@id":"https:\/\/www.company-move.de\/produkt\/vortrag-webinar-resilienz\/#breadcrumb","itemListElement":[{"@type":"ListItem","position":1,"name":"Shop","item":"https:\/\/www.company-move.de\/shop\/"},{"@type":"ListItem","position":2,"name":"Resilienz"}]},{"@type":"WebSite","@id":"https:\/\/www.company-move.de\/#website","url":"https:\/\/www.company-move.de\/","name":"Company move GmbH","description":"Your expert for occupational health management","publisher":{"@id":"https:\/\/www.company-move.de\/#organization"},"potentialAction":[{"@type":"SearchAction","target":{"@type":"EntryPoint","urlTemplate":"https:\/\/www.company-move.de\/?s={search_term_string}"},"query-input":{"@type":"PropertyValueSpecification","valueRequired":true,"valueName":"search_term_string"}}],"inLanguage":"en-US"},{"@type":"Organization","@id":"https:\/\/www.company-move.de\/#organization","name":"Company move GmbH","url":"https:\/\/www.company-move.de\/","logo":{"@type":"ImageObject","inLanguage":"en-US","@id":"https:\/\/www.company-move.de\/#\/schema\/logo\/image\/","url":"https:\/\/www.company-move.de\/wp-content\/uploads\/2024\/05\/cropped-CM-Logo.png","contentUrl":"https:\/\/www.company-move.de\/wp-content\/uploads\/2024\/05\/cropped-CM-Logo.png","width":1599,"height":795,"caption":"Company move GmbH"},"image":{"@id":"https:\/\/www.company-move.de\/#\/schema\/logo\/image\/"}}]}},"_links":{"self":[{"href":"https:\/\/www.company-move.de\/en\/wp-json\/wp\/v2\/product\/6639","targetHints":{"allow":["GET"]}}],"collection":[{"href":"https:\/\/www.company-move.de\/en\/wp-json\/wp\/v2\/product"}],"about":[{"href":"https:\/\/www.company-move.de\/en\/wp-json\/wp\/v2\/types\/product"}],"wp:featuredmedia":[{"embeddable":true,"href":"https:\/\/www.company-move.de\/en\/wp-json\/wp\/v2\/media\/6640"}],"wp:attachment":[{"href":"https:\/\/www.company-move.de\/en\/wp-json\/wp\/v2\/media?parent=6639"}],"wp:term":[{"taxonomy":"product_brand","embeddable":true,"href":"https:\/\/www.company-move.de\/en\/wp-json\/wp\/v2\/product_brand?post=6639"},{"taxonomy":"product_cat","embeddable":true,"href":"https:\/\/www.company-move.de\/en\/wp-json\/wp\/v2\/product_cat?post=6639"},{"taxonomy":"product_tag","embeddable":true,"href":"https:\/\/www.company-move.de\/en\/wp-json\/wp\/v2\/product_tag?post=6639"}],"curies":[{"name":"wp","href":"https:\/\/api.w.org\/{rel}","templated":true}]}}