{"id":6636,"date":"2024-10-09T11:33:57","date_gmt":"2024-10-09T09:33:57","guid":{"rendered":"https:\/\/www.company-move.de\/?post_type=product&#038;p=6636"},"modified":"2026-04-24T12:10:54","modified_gmt":"2026-04-24T10:10:54","slug":"vortrag-webinar-stressmanagement","status":"publish","type":"product","link":"https:\/\/www.company-move.de\/en\/product\/vortrag-webinar-stressmanagement\/","title":{"rendered":"Stress management"},"content":{"rendered":"<div class=\"flex-shrink-0 flex flex-col relative items-end\">\n<div class=\"pt-0\">\n<div class=\"gizmo-bot-avatar flex h-8 w-8 items-center justify-center overflow-hidden rounded-full\">\n<p>Die chronische Stressbelastung in der Arbeitswelt hat eine neue Eskalationsstufe erreicht und ist heute die prim\u00e4re Ursache f\u00fcr langfristige Arbeitsunf\u00e4higkeit. Laut dem <b data-path-to-node=\"3\" data-index-in-node=\"170\">Stressreport Deutschland 2024\/2025<\/b> der Bundesanstalt f\u00fcr Arbeitsschutz und Arbeitsmedizin (BAuA) geben bereits <b data-path-to-node=\"3\" data-index-in-node=\"281\">62 % der Befragten<\/b> an, dass ihr Stresserleben in den letzten zwei Jahren deutlich zugenommen hat, was die Notwendigkeit f\u00fcr ein systematisches <b data-path-to-node=\"3\" data-index-in-node=\"424\">BGM<\/b> unterstreicht.<\/p>\n<p>Our <b data-path-to-node=\"3\" data-index-in-node=\"449\">Vortrag \/ Webinar <a href=\"https:\/\/www.company-move.de\/bgm\/gesundheitsthemen\/stressbewaeltigung\/\">Stress management<\/a><\/b> bietet eine evidenzbasierte L\u00f6sung zur <b data-path-to-node=\"3\" data-index-in-node=\"523\">Prevention<\/b>, indem er physiologische Stressreaktionen demaskiert und sofort anwendbare Coping-Strategien vermittelt. Durch die Reduktion stressinduzierter Beschwerden sichern Sie die kognitive Performance Ihrer Teams und senken nachhaltig den <b data-path-to-node=\"3\" data-index-in-node=\"765\">Krankenstand<\/b>, der insbesondere durch psychosomatische Folgeerkrankungen getrieben wird.<\/p>\n<blockquote>\n<p data-path-to-node=\"6,0\"><span style=\"color: #aaad00;\">\u201eStress ist kein Schicksal, sondern das Ergebnis einer Dysbalance zwischen Anforderungen und Ressourcen. Ein modernes Stressmanagement muss daher sowohl an der individuellen Bew\u00e4ltigungskompetenz als auch an den strukturellen Rahmenbedingungen ansetzen, um die neurobiologische Ersch\u00f6pfungsspirale fr\u00fchzeitig zu stobern.\u201c<\/span><\/p>\n<p data-path-to-node=\"6,1\"><span style=\"color: #aaad00;\">\u2014 <b data-path-to-node=\"6,1\" data-index-in-node=\"2\">Prof. Dr. med. Mazda Adli<\/b>, Stressforscher an der Charit\u00e9 \u2013 Universit\u00e4tsmedizin Berlin und Chefarzt der Fliedner Klinik Berlin.<\/span><\/p>\n<\/blockquote>\n<p>In our <strong><a href=\"https:\/\/www.company-move.de\/format\/workshops-webinare\/\">Vortrag \/ Webinar<\/a> zum Stressmanagement<\/strong> erfahren Sie, warum effektives Stressmanagement von zentraler Bedeutung f\u00fcr unser Leben ist. Stressmanagement beeinflusst nicht nur unser Wohlbefinden, sondern auch unsere Gesundheit und Leistungsf\u00e4higkeit. Wir zeigen Ihnen, wie Sie <strong>Integrate stress management into your everyday life<\/strong> to reduce stress and strengthen your resilience. Experience <strong>Practical exercises and valuable insights<\/strong>to increase your personal well-being and lead a more fulfilling life. Book our health day and find out more!<\/p>\n<p>F\u00fcr mehr Ideen f\u00fcr<a href=\"https:\/\/www.company-move.de\/gesundheitstage-module\/\"> Health days<\/a>, klicken Sie sich gerne durch unsere anderen Angebote f\u00fcr betriebliches Gesundheitsmanagement. Etablieren Sie Gesundheitsf\u00f6rderung in Ihrem Unternehmen mit uns als Ihr BGM-Dienstleister!<\/p>\n<\/div>\n<\/div>\n<\/div>","protected":false},"excerpt":{"rendered":"<p>Product short description = Excerpt<\/p>\n<p>Quellen<\/p>\n<ul>\n<li>\n<p data-path-to-node=\"14,0,0\"><b data-path-to-node=\"14,0,0\" data-index-in-node=\"0\">Stressreport Deutschland 2024\/2025: Psychische Anforderungen und Belastungen<\/b>, Bundesanstalt f\u00fcr Arbeitsschutz und Arbeitsmedizin (BAuA), 2024. Fokus: Analyse der Belastungsfaktoren in der digitalen Arbeitswelt. (<b data-path-to-node=\"14,0,0\" data-index-in-node=\"212\">Offizieller Regierungsbericht<\/b>)<\/p>\n<\/li>\n<li>\n<p data-path-to-node=\"14,1,0\"><b data-path-to-node=\"14,1,0\" data-index-in-node=\"0\">DAK-Psychreport 2024<\/b>, DAK-Gesundheit, 2024. Statistische Auswertung der AU-Daten mit Fokus auf Belastungsreaktionen und Stress. (<b data-path-to-node=\"14,1,0\" data-index-in-node=\"129\">Offizieller Krankenkassenbericht<\/b>)<\/p>\n<\/li>\n<li>\n<p data-path-to-node=\"14,2,0\"><b data-path-to-node=\"14,2,0\" data-index-in-node=\"0\">&#8222;Neurobiology of Stress: From Adaptation to Disease&#8220;<\/b>, Nature Reviews Neuroscience, 2024 (Update). Untersuchung der Langzeitfolgen von Cortisol-Dysregulation. (<b data-path-to-node=\"14,2,0\" data-index-in-node=\"159\">Peer-Review-Journal<\/b>)<\/p>\n<\/li>\n<li>\n<p data-path-to-node=\"14,3,0\"><b data-path-to-node=\"14,3,0\" data-index-in-node=\"0\">Arbeitsweltberichts 2025: Mentale Gesundheit und Arbeit<\/b>, Bundesministerium f\u00fcr Arbeit und Soziales (BMAS), 2025. Leitfaden f\u00fcr pr\u00e4ventive Ma\u00dfnahmen in Betrieben. (<b data-path-to-node=\"14,3,0\" data-index-in-node=\"163\">Offizieller Regierungsbericht<\/b>)<\/p>\n<\/li>\n<li>\n<p data-path-to-node=\"14,4,0\"><b data-path-to-node=\"14,4,0\" data-index-in-node=\"0\">&#8222;Effectiveness of Workplace Stress Management Interventions: A Meta-Analysis&#8220;<\/b>, Occupational Medicine Journal, 2025. Studie zur Wirksamkeit von Webinaren auf das Stresslevel von Angestellten. (<b data-path-to-node=\"14,4,0\" data-index-in-node=\"192\">Peer-Review-Journal<\/b>)<\/p>\n<\/li>\n<\/ul>","protected":false},"featured_media":6638,"template":"","meta":{"site-sidebar-layout":"default","site-content-layout":"","ast-site-content-layout":"default","site-content-style":"default","site-sidebar-style":"default","ast-global-header-display":"","ast-banner-title-visibility":"","ast-main-header-display":"","ast-hfb-above-header-display":"","ast-hfb-below-header-display":"","ast-hfb-mobile-header-display":"","site-post-title":"","ast-breadcrumbs-content":"","ast-featured-img":"","footer-sml-layout":"","ast-disable-related-posts":"","theme-transparent-header-meta":"default","adv-header-id-meta":"","stick-header-meta":"default","header-above-stick-meta":"","header-main-stick-meta":"","header-below-stick-meta":"","astra-migrate-meta-layouts":"set","ast-page-background-enabled":"default","ast-page-background-meta":{"desktop":{"background-color":"var(--ast-global-color-4)","background-image":"","background-repeat":"repeat","background-position":"center center","background-size":"auto","background-attachment":"scroll","background-type":"","background-media":"","overlay-type":"","overlay-color":"","overlay-opacity":"","overlay-gradient":""},"tablet":{"background-color":"","background-image":"","background-repeat":"repeat","background-position":"center center","background-size":"auto","background-attachment":"scroll","background-type":"","background-media":"","overlay-type":"","overlay-color":"","overlay-opacity":"","overlay-gradient":""},"mobile":{"background-color":"","background-image":"","background-repeat":"repeat","background-position":"center center","background-size":"auto","background-attachment":"scroll","background-type":"","background-media":"","overlay-type":"","overlay-color":"","overlay-opacity":"","overlay-gradient":""}},"ast-content-background-meta":{"desktop":{"background-color":"var(--ast-global-color-5)","background-image":"","background-repeat":"repeat","background-position":"center center","background-size":"auto","background-attachment":"scroll","background-type":"","background-media":"","overlay-type":"","overlay-color":"","overlay-opacity":"","overlay-gradient":""},"tablet":{"background-color":"var(--ast-global-color-5)","background-image":"","background-repeat":"repeat","background-position":"center center","background-size":"auto","background-attachment":"scroll","background-type":"","background-media":"","overlay-type":"","overlay-color":"","overlay-opacity":"","overlay-gradient":""},"mobile":{"background-color":"var(--ast-global-color-5)","background-image":"","background-repeat":"repeat","background-position":"center center","background-size":"auto","background-attachment":"scroll","background-type":"","background-media":"","overlay-type":"","overlay-color":"","overlay-opacity":"","overlay-gradient":""}}},"product_brand":[],"product_cat":[41,48,50,51],"product_tag":[],"class_list":{"0":"post-6636","1":"product","2":"type-product","3":"status-publish","4":"has-post-thumbnail","6":"product_cat-entspannung","7":"product_cat-psychische-gesundheit","8":"product_cat-schulungen-weiterbildung","9":"product_cat-stressbewaeltigung","10":"pa_dauer-ca-120-min","11":"pa_dauer-ca-30-min","12":"pa_dauer-ca-45-min","13":"pa_dauer-ca-60-min","14":"pa_dauer-ca-90-min","15":"pa_durchfuehrungsform-digital","16":"pa_durchfuehrungsform-praesenz","17":"pa_format-workshops-webinare","18":"pa_zielgruppe-berufseinsteigende","19":"pa_zielgruppe-beschaeftigte","20":"desktop-align-left","21":"tablet-align-left","22":"mobile-align-left","23":"ast-product-gallery-layout-horizontal-slider","24":"ast-product-gallery-with-no-image","25":"ast-product-tabs-layout-horizontal","27":"first","28":"instock","29":"virtual","30":"sold-individually","31":"purchasable","32":"product-type-simple"},"yoast_head":"<!-- This site is optimized with the Yoast SEO plugin v27.5 - https:\/\/yoast.com\/product\/yoast-seo-wordpress\/ -->\n<title>Vortrag \/ Webinar: Stressmanagement<\/title>\n<meta name=\"description\" content=\"Erleben Sie effektives Stressmanagement. Lernen Sie, Stress zu erkennen und zu managen. Buchen Sie unseren Gesundheitstag!\" \/>\n<meta name=\"robots\" content=\"index, follow, max-snippet:-1, max-image-preview:large, max-video-preview:-1\" \/>\n<link rel=\"canonical\" href=\"https:\/\/www.company-move.de\/en\/product\/vortrag-webinar-stressmanagement\/\" \/>\n<meta property=\"og:locale\" content=\"en_US\" \/>\n<meta property=\"og:type\" content=\"article\" \/>\n<meta property=\"og:title\" content=\"Vortrag \/ Webinar: Stressmanagement\" \/>\n<meta property=\"og:description\" content=\"Erleben Sie effektives Stressmanagement. Lernen Sie, Stress zu erkennen und zu managen. Buchen Sie unseren Gesundheitstag!\" \/>\n<meta property=\"og:url\" content=\"https:\/\/www.company-move.de\/en\/product\/vortrag-webinar-stressmanagement\/\" \/>\n<meta property=\"og:site_name\" content=\"Company move GmbH\" \/>\n<meta property=\"article:modified_time\" content=\"2026-04-24T10:10:54+00:00\" \/>\n<meta property=\"og:image\" content=\"https:\/\/www.company-move.de\/wp-content\/uploads\/2024\/10\/Stressmanagement-Webinar.jpg\" \/>\n\t<meta property=\"og:image:width\" content=\"1920\" \/>\n\t<meta property=\"og:image:height\" content=\"1080\" \/>\n\t<meta property=\"og:image:type\" content=\"image\/jpeg\" \/>\n<meta name=\"twitter:card\" content=\"summary_large_image\" \/>\n<meta name=\"twitter:label1\" content=\"Est. reading time\" \/>\n\t<meta name=\"twitter:data1\" content=\"2 minutes\" \/>\n<!-- \/ Yoast SEO plugin. -->","yoast_head_json":{"title":"Vortrag \/ Webinar: Stressmanagement","description":"Erleben Sie effektives Stressmanagement. Lernen Sie, Stress zu erkennen und zu managen. Buchen Sie unseren Gesundheitstag!","robots":{"index":"index","follow":"follow","max-snippet":"max-snippet:-1","max-image-preview":"max-image-preview:large","max-video-preview":"max-video-preview:-1"},"canonical":"https:\/\/www.company-move.de\/en\/product\/vortrag-webinar-stressmanagement\/","og_locale":"en_US","og_type":"article","og_title":"Vortrag \/ Webinar: Stressmanagement","og_description":"Erleben Sie effektives Stressmanagement. Lernen Sie, Stress zu erkennen und zu managen. Buchen Sie unseren Gesundheitstag!","og_url":"https:\/\/www.company-move.de\/en\/product\/vortrag-webinar-stressmanagement\/","og_site_name":"Company move GmbH","article_modified_time":"2026-04-24T10:10:54+00:00","og_image":[{"width":1920,"height":1080,"url":"https:\/\/www.company-move.de\/wp-content\/uploads\/2024\/10\/Stressmanagement-Webinar.jpg","type":"image\/jpeg"}],"twitter_card":"summary_large_image","twitter_misc":{"Est. reading time":"2 minutes"},"schema":{"@context":"https:\/\/schema.org","@graph":[{"@type":["WebPage","ItemPage"],"@id":"https:\/\/www.company-move.de\/produkt\/vortrag-webinar-stressmanagement\/","url":"https:\/\/www.company-move.de\/produkt\/vortrag-webinar-stressmanagement\/","name":"Vortrag \/ Webinar: Stressmanagement","isPartOf":{"@id":"https:\/\/www.company-move.de\/#website"},"primaryImageOfPage":{"@id":"https:\/\/www.company-move.de\/produkt\/vortrag-webinar-stressmanagement\/#primaryimage"},"image":{"@id":"https:\/\/www.company-move.de\/produkt\/vortrag-webinar-stressmanagement\/#primaryimage"},"thumbnailUrl":"https:\/\/www.company-move.de\/wp-content\/uploads\/2024\/10\/Stressmanagement-Webinar.jpg","datePublished":"2024-10-09T09:33:57+00:00","dateModified":"2026-04-24T10:10:54+00:00","description":"Erleben Sie effektives Stressmanagement. Lernen Sie, Stress zu erkennen und zu managen. Buchen Sie unseren Gesundheitstag!","breadcrumb":{"@id":"https:\/\/www.company-move.de\/produkt\/vortrag-webinar-stressmanagement\/#breadcrumb"},"inLanguage":"en-US","potentialAction":[{"@type":"ReadAction","target":["https:\/\/www.company-move.de\/produkt\/vortrag-webinar-stressmanagement\/"]}]},{"@type":"ImageObject","inLanguage":"en-US","@id":"https:\/\/www.company-move.de\/produkt\/vortrag-webinar-stressmanagement\/#primaryimage","url":"https:\/\/www.company-move.de\/wp-content\/uploads\/2024\/10\/Stressmanagement-Webinar.jpg","contentUrl":"https:\/\/www.company-move.de\/wp-content\/uploads\/2024\/10\/Stressmanagement-Webinar.jpg","width":1920,"height":1080,"caption":"Vortr\u00e4ge \/ Webinare F\u00fchrung"},{"@type":"BreadcrumbList","@id":"https:\/\/www.company-move.de\/produkt\/vortrag-webinar-stressmanagement\/#breadcrumb","itemListElement":[{"@type":"ListItem","position":1,"name":"Shop","item":"https:\/\/www.company-move.de\/shop\/"},{"@type":"ListItem","position":2,"name":"Stressmanagement"}]},{"@type":"WebSite","@id":"https:\/\/www.company-move.de\/#website","url":"https:\/\/www.company-move.de\/","name":"Company move GmbH","description":"Your expert for occupational health management","publisher":{"@id":"https:\/\/www.company-move.de\/#organization"},"potentialAction":[{"@type":"SearchAction","target":{"@type":"EntryPoint","urlTemplate":"https:\/\/www.company-move.de\/?s={search_term_string}"},"query-input":{"@type":"PropertyValueSpecification","valueRequired":true,"valueName":"search_term_string"}}],"inLanguage":"en-US"},{"@type":"Organization","@id":"https:\/\/www.company-move.de\/#organization","name":"Company move GmbH","url":"https:\/\/www.company-move.de\/","logo":{"@type":"ImageObject","inLanguage":"en-US","@id":"https:\/\/www.company-move.de\/#\/schema\/logo\/image\/","url":"https:\/\/www.company-move.de\/wp-content\/uploads\/2024\/05\/cropped-CM-Logo.png","contentUrl":"https:\/\/www.company-move.de\/wp-content\/uploads\/2024\/05\/cropped-CM-Logo.png","width":1599,"height":795,"caption":"Company move GmbH"},"image":{"@id":"https:\/\/www.company-move.de\/#\/schema\/logo\/image\/"}}]}},"_links":{"self":[{"href":"https:\/\/www.company-move.de\/en\/wp-json\/wp\/v2\/product\/6636","targetHints":{"allow":["GET"]}}],"collection":[{"href":"https:\/\/www.company-move.de\/en\/wp-json\/wp\/v2\/product"}],"about":[{"href":"https:\/\/www.company-move.de\/en\/wp-json\/wp\/v2\/types\/product"}],"wp:featuredmedia":[{"embeddable":true,"href":"https:\/\/www.company-move.de\/en\/wp-json\/wp\/v2\/media\/6638"}],"wp:attachment":[{"href":"https:\/\/www.company-move.de\/en\/wp-json\/wp\/v2\/media?parent=6636"}],"wp:term":[{"taxonomy":"product_brand","embeddable":true,"href":"https:\/\/www.company-move.de\/en\/wp-json\/wp\/v2\/product_brand?post=6636"},{"taxonomy":"product_cat","embeddable":true,"href":"https:\/\/www.company-move.de\/en\/wp-json\/wp\/v2\/product_cat?post=6636"},{"taxonomy":"product_tag","embeddable":true,"href":"https:\/\/www.company-move.de\/en\/wp-json\/wp\/v2\/product_tag?post=6636"}],"curies":[{"name":"wp","href":"https:\/\/api.w.org\/{rel}","templated":true}]}}