{"id":6625,"date":"2024-10-09T10:57:47","date_gmt":"2024-10-09T08:57:47","guid":{"rendered":"https:\/\/www.company-move.de\/?post_type=product&#038;p=6625"},"modified":"2025-03-03T09:35:30","modified_gmt":"2025-03-03T08:35:30","slug":"videokalender-gesundheit","status":"publish","type":"product","link":"https:\/\/www.company-move.de\/en\/product\/videokalender-gesundheit\/","title":{"rendered":"Video calendar"},"content":{"rendered":"<div class=\"flex-shrink-0 flex flex-col relative items-end\">\n<div class=\"pt-0\">\n<div class=\"gizmo-bot-avatar flex h-8 w-8 items-center justify-center overflow-hidden rounded-full\">\n<p>Our <strong>Video calendar for one month<\/strong> of your choice offers you the opportunity to provide your employees with valuable health impulses at any time. Behind each of the little doors is a <strong>short video<\/strong> (approx. 5 minutes) on topics such as exercise, ergonomics, stress management, relaxation, mindfulness and nutrition.<\/p>\n<p>As a special application, we recommend using the video calendar as a <strong>digital advent calendar<\/strong> in the run-up to Christmas. Send us your logo and your Christmas greetings to receive a customized landing page. An exclusive link allows you to embed it directly on your homepage or send it to your employees.<\/p>\n<p>For more ideas for health days, please click through our other offers for occupational health management. Establish health promotion in your company with us as your BGM service provider!<\/p>\n<\/div>\n<\/div>\n<\/div>","protected":false},"excerpt":{"rendered":"<p>Product short description = Excerpt<\/p>","protected":false},"featured_media":6626,"template":"","meta":{"site-sidebar-layout":"default","site-content-layout":"","ast-site-content-layout":"default","site-content-style":"default","site-sidebar-style":"default","ast-global-header-display":"","ast-banner-title-visibility":"","ast-main-header-display":"","ast-hfb-above-header-display":"","ast-hfb-below-header-display":"","ast-hfb-mobile-header-display":"","site-post-title":"","ast-breadcrumbs-content":"","ast-featured-img":"","footer-sml-layout":"","ast-disable-related-posts":"","theme-transparent-header-meta":"default","adv-header-id-meta":"","stick-header-meta":"default","header-above-stick-meta":"","header-main-stick-meta":"","header-below-stick-meta":"","astra-migrate-meta-layouts":"set","ast-page-background-enabled":"default","ast-page-background-meta":{"desktop":{"background-color":"var(--ast-global-color-4)","background-image":"","background-repeat":"repeat","background-position":"center center","background-size":"auto","background-attachment":"scroll","background-type":"","background-media":"","overlay-type":"","overlay-color":"","overlay-opacity":"","overlay-gradient":""},"tablet":{"background-color":"","background-image":"","background-repeat":"repeat","background-position":"center center","background-size":"auto","background-attachment":"scroll","background-type":"","background-media":"","overlay-type":"","overlay-color":"","overlay-opacity":"","overlay-gradient":""},"mobile":{"background-color":"","background-image":"","background-repeat":"repeat","background-position":"center center","background-size":"auto","background-attachment":"scroll","background-type":"","background-media":"","overlay-type":"","overlay-color":"","overlay-opacity":"","overlay-gradient":""}},"ast-content-background-meta":{"desktop":{"background-color":"var(--ast-global-color-5)","background-image":"","background-repeat":"repeat","background-position":"center center","background-size":"auto","background-attachment":"scroll","background-type":"","background-media":"","overlay-type":"","overlay-color":"","overlay-opacity":"","overlay-gradient":""},"tablet":{"background-color":"var(--ast-global-color-5)","background-image":"","background-repeat":"repeat","background-position":"center center","background-size":"auto","background-attachment":"scroll","background-type":"","background-media":"","overlay-type":"","overlay-color":"","overlay-opacity":"","overlay-gradient":""},"mobile":{"background-color":"var(--ast-global-color-5)","background-image":"","background-repeat":"repeat","background-position":"center center","background-size":"auto","background-attachment":"scroll","background-type":"","background-media":"","overlay-type":"","overlay-color":"","overlay-opacity":"","overlay-gradient":""}}},"product_brand":[],"product_cat":[46],"product_tag":[],"class_list":{"0":"post-6625","1":"product","2":"type-product","3":"status-publish","4":"has-post-thumbnail","6":"product_cat-motivation","7":"pa_dauer-ca-15-min","8":"pa_durchfuehrungsform-digital","9":"pa_format-videos","10":"pa_zielgruppe-berufseinsteigende","11":"pa_zielgruppe-beschaeftigte","12":"desktop-align-left","13":"tablet-align-left","14":"mobile-align-left","15":"ast-product-gallery-layout-horizontal-slider","16":"ast-product-gallery-with-no-image","17":"ast-product-tabs-layout-horizontal","19":"first","20":"instock","21":"virtual","22":"sold-individually","23":"purchasable","24":"product-type-simple"},"yoast_head":"<!-- This site is optimized with the Yoast SEO plugin v27.5 - https:\/\/yoast.com\/product\/yoast-seo-wordpress\/ -->\n<title>Videokalender \u2013 Gesundheitsimpulse f\u00fcr jede Jahreszeit<\/title>\n<meta name=\"description\" content=\"Erleben Sie unseren Videokalender mit Gesundheitsimpulsen, ideal f\u00fcr jeden Monat des Jahres. Besonders geeignet f\u00fcr mehr Wohlbefinden in der Adventszeit!\" \/>\n<meta name=\"robots\" content=\"index, follow, max-snippet:-1, max-image-preview:large, max-video-preview:-1\" \/>\n<link rel=\"canonical\" href=\"https:\/\/www.company-move.de\/en\/product\/videokalender-gesundheit\/\" \/>\n<meta property=\"og:locale\" content=\"en_US\" \/>\n<meta property=\"og:type\" content=\"article\" \/>\n<meta property=\"og:title\" content=\"Videokalender \u2013 Gesundheitsimpulse f\u00fcr jede Jahreszeit\" \/>\n<meta property=\"og:description\" content=\"Erleben Sie unseren Videokalender mit Gesundheitsimpulsen, ideal f\u00fcr jeden Monat des Jahres. Besonders geeignet f\u00fcr mehr Wohlbefinden in der Adventszeit!\" \/>\n<meta property=\"og:url\" content=\"https:\/\/www.company-move.de\/en\/product\/videokalender-gesundheit\/\" \/>\n<meta property=\"og:site_name\" content=\"Company move GmbH\" \/>\n<meta property=\"article:modified_time\" content=\"2025-03-03T08:35:30+00:00\" \/>\n<meta property=\"og:image\" content=\"https:\/\/www.company-move.de\/wp-content\/uploads\/2024\/10\/Videokalender.jpg\" \/>\n\t<meta property=\"og:image:width\" content=\"1236\" \/>\n\t<meta property=\"og:image:height\" content=\"773\" \/>\n\t<meta property=\"og:image:type\" content=\"image\/jpeg\" \/>\n<meta name=\"twitter:card\" content=\"summary_large_image\" \/>\n<meta name=\"twitter:label1\" content=\"Est. reading time\" \/>\n\t<meta name=\"twitter:data1\" content=\"1 minute\" \/>\n<!-- \/ Yoast SEO plugin. -->","yoast_head_json":{"title":"Videokalender \u2013 Gesundheitsimpulse f\u00fcr jede Jahreszeit","description":"Erleben Sie unseren Videokalender mit Gesundheitsimpulsen, ideal f\u00fcr jeden Monat des Jahres. Besonders geeignet f\u00fcr mehr Wohlbefinden in der Adventszeit!","robots":{"index":"index","follow":"follow","max-snippet":"max-snippet:-1","max-image-preview":"max-image-preview:large","max-video-preview":"max-video-preview:-1"},"canonical":"https:\/\/www.company-move.de\/en\/product\/videokalender-gesundheit\/","og_locale":"en_US","og_type":"article","og_title":"Videokalender \u2013 Gesundheitsimpulse f\u00fcr jede Jahreszeit","og_description":"Erleben Sie unseren Videokalender mit Gesundheitsimpulsen, ideal f\u00fcr jeden Monat des Jahres. Besonders geeignet f\u00fcr mehr Wohlbefinden in der Adventszeit!","og_url":"https:\/\/www.company-move.de\/en\/product\/videokalender-gesundheit\/","og_site_name":"Company move GmbH","article_modified_time":"2025-03-03T08:35:30+00:00","og_image":[{"width":1236,"height":773,"url":"https:\/\/www.company-move.de\/wp-content\/uploads\/2024\/10\/Videokalender.jpg","type":"image\/jpeg"}],"twitter_card":"summary_large_image","twitter_misc":{"Est. reading time":"1 minute"},"schema":{"@context":"https:\/\/schema.org","@graph":[{"@type":["WebPage","ItemPage"],"@id":"https:\/\/www.company-move.de\/produkt\/videokalender-gesundheit\/","url":"https:\/\/www.company-move.de\/produkt\/videokalender-gesundheit\/","name":"Videokalender \u2013 Gesundheitsimpulse f\u00fcr jede Jahreszeit","isPartOf":{"@id":"https:\/\/www.company-move.de\/#website"},"primaryImageOfPage":{"@id":"https:\/\/www.company-move.de\/produkt\/videokalender-gesundheit\/#primaryimage"},"image":{"@id":"https:\/\/www.company-move.de\/produkt\/videokalender-gesundheit\/#primaryimage"},"thumbnailUrl":"https:\/\/www.company-move.de\/wp-content\/uploads\/2024\/10\/Videokalender.jpg","datePublished":"2024-10-09T08:57:47+00:00","dateModified":"2025-03-03T08:35:30+00:00","description":"Erleben Sie unseren Videokalender mit Gesundheitsimpulsen, ideal f\u00fcr jeden Monat des Jahres. Besonders geeignet f\u00fcr mehr Wohlbefinden in der Adventszeit!","breadcrumb":{"@id":"https:\/\/www.company-move.de\/produkt\/videokalender-gesundheit\/#breadcrumb"},"inLanguage":"en-US","potentialAction":[{"@type":"ReadAction","target":["https:\/\/www.company-move.de\/produkt\/videokalender-gesundheit\/"]}]},{"@type":"ImageObject","inLanguage":"en-US","@id":"https:\/\/www.company-move.de\/produkt\/videokalender-gesundheit\/#primaryimage","url":"https:\/\/www.company-move.de\/wp-content\/uploads\/2024\/10\/Videokalender.jpg","contentUrl":"https:\/\/www.company-move.de\/wp-content\/uploads\/2024\/10\/Videokalender.jpg","width":1236,"height":773,"caption":"Digitaler Videokalender mit Gesundheitsimpulsen f\u00fcr alle Jahreszeiten"},{"@type":"BreadcrumbList","@id":"https:\/\/www.company-move.de\/produkt\/videokalender-gesundheit\/#breadcrumb","itemListElement":[{"@type":"ListItem","position":1,"name":"Shop","item":"https:\/\/www.company-move.de\/shop\/"},{"@type":"ListItem","position":2,"name":"Videokalender"}]},{"@type":"WebSite","@id":"https:\/\/www.company-move.de\/#website","url":"https:\/\/www.company-move.de\/","name":"Company move GmbH","description":"Your expert for occupational health management","publisher":{"@id":"https:\/\/www.company-move.de\/#organization"},"potentialAction":[{"@type":"SearchAction","target":{"@type":"EntryPoint","urlTemplate":"https:\/\/www.company-move.de\/?s={search_term_string}"},"query-input":{"@type":"PropertyValueSpecification","valueRequired":true,"valueName":"search_term_string"}}],"inLanguage":"en-US"},{"@type":"Organization","@id":"https:\/\/www.company-move.de\/#organization","name":"Company move GmbH","url":"https:\/\/www.company-move.de\/","logo":{"@type":"ImageObject","inLanguage":"en-US","@id":"https:\/\/www.company-move.de\/#\/schema\/logo\/image\/","url":"https:\/\/www.company-move.de\/wp-content\/uploads\/2024\/05\/cropped-CM-Logo.png","contentUrl":"https:\/\/www.company-move.de\/wp-content\/uploads\/2024\/05\/cropped-CM-Logo.png","width":1599,"height":795,"caption":"Company move GmbH"},"image":{"@id":"https:\/\/www.company-move.de\/#\/schema\/logo\/image\/"}}]}},"_links":{"self":[{"href":"https:\/\/www.company-move.de\/en\/wp-json\/wp\/v2\/product\/6625","targetHints":{"allow":["GET"]}}],"collection":[{"href":"https:\/\/www.company-move.de\/en\/wp-json\/wp\/v2\/product"}],"about":[{"href":"https:\/\/www.company-move.de\/en\/wp-json\/wp\/v2\/types\/product"}],"wp:featuredmedia":[{"embeddable":true,"href":"https:\/\/www.company-move.de\/en\/wp-json\/wp\/v2\/media\/6626"}],"wp:attachment":[{"href":"https:\/\/www.company-move.de\/en\/wp-json\/wp\/v2\/media?parent=6625"}],"wp:term":[{"taxonomy":"product_brand","embeddable":true,"href":"https:\/\/www.company-move.de\/en\/wp-json\/wp\/v2\/product_brand?post=6625"},{"taxonomy":"product_cat","embeddable":true,"href":"https:\/\/www.company-move.de\/en\/wp-json\/wp\/v2\/product_cat?post=6625"},{"taxonomy":"product_tag","embeddable":true,"href":"https:\/\/www.company-move.de\/en\/wp-json\/wp\/v2\/product_tag?post=6625"}],"curies":[{"name":"wp","href":"https:\/\/api.w.org\/{rel}","templated":true}]}}