{"id":6528,"date":"2024-10-08T10:03:04","date_gmt":"2024-10-08T08:03:04","guid":{"rendered":"https:\/\/www.company-move.de\/?post_type=product&#038;p=6528"},"modified":"2026-04-24T12:22:20","modified_gmt":"2026-04-24T10:22:20","slug":"fussballdart-geschicklichkeitsspiel","status":"publish","type":"product","link":"https:\/\/www.company-move.de\/en\/product\/fussballdart-geschicklichkeitsspiel\/","title":{"rendered":"Soccer darts"},"content":{"rendered":"<div class=\"flex-shrink-0 flex flex-col relative items-end\">\n<div class=\"pt-0\">\n<div class=\"gizmo-bot-avatar flex h-8 w-8 items-center justify-center overflow-hidden rounded-full\">\n<p>In einer zunehmend sitzenden Arbeitswelt ist die spielerische Bewegungsaktivierung ein entscheidender Faktor f\u00fcr eine erfolgreiche <a href=\"https:\/\/www.company-move.de\/bgm\/gesundheitsthemen\/praeventionsmassnahmen\/\"><b data-path-to-node=\"3\" data-index-in-node=\"131\">Prevention<\/b><\/a>. Laut dem <b data-path-to-node=\"3\" data-index-in-node=\"152\">Pr\u00e4ventionsbericht 2024 des GKV-Spitzenverbandes<\/b> erreichen \u00fcber <b data-path-to-node=\"3\" data-index-in-node=\"216\">50 % der Erwachsenen<\/b> in Deutschland nicht das von der WHO empfohlene Mindestma\u00df an k\u00f6rperlicher Aktivit\u00e4t, was das Risiko f\u00fcr chronische Zivilisationskrankheiten massiv erh\u00f6ht.<\/p>\n<p>Our <a href=\"https:\/\/www.company-move.de\/format\/motivationsmodule-teambuilding\/\">Event-Modul<\/a> <b data-path-to-node=\"3\" data-index-in-node=\"411\">Soccer darts<\/b> bricht monotone Arbeitsstrukturen auf und f\u00f6rdert durch die Kombination aus Motorik und Team-Challenge die psychophysische Regeneration. Als Teil Ihres <b data-path-to-node=\"3\" data-index-in-node=\"575\">BGM<\/b> wirkt dieses Tool nicht nur dem <b data-path-to-node=\"3\" data-index-in-node=\"611\">Krankenstand<\/b> durch Bewegungsmangel entgegen, sondern st\u00e4rkt nachweislich das soziale Kapital und die Mitarbeiterbindung durch gemeinsame Sporterlebnisse.<\/p>\n<blockquote>\n<p data-path-to-node=\"6,0\"><span style=\"color: #aaad00;\">\u201eSportliche Aktivit\u00e4t im Betrieb muss nicht immer Hochleistungssport sein. Gerade spielerische Ans\u00e4tze \u2013 sogenanntes Gamification-Marketing f\u00fcr die Gesundheit \u2013 senken die Hemmschwelle f\u00fcr Unsportliche und f\u00f6rdern die soziale Interaktion, was eine wesentliche S\u00e4ule der psychischen Gesundheit am Arbeitsplatz darstellt.\u201c<\/span><\/p>\n<p data-path-to-node=\"6,1\"><span style=\"color: #aaad00;\">\u2014 <b data-path-to-node=\"6,1\" data-index-in-node=\"2\">Prof. Dr. Ingo Frob\u00f6se<\/b>, Universit\u00e4tsprofessor an der Deutschen Sporthochschule K\u00f6ln und Experte f\u00fcr Pr\u00e4vention.<\/span><\/p>\n<\/blockquote>\n<p>At the <strong>Soccer darts<\/strong> compete to win your <strong>Dexterity and foot coordination<\/strong> to put their skills to the test. In this exciting event, the participants shoot Velcro footballs against a <strong>giant, inflatable dartboard<\/strong>. Ziel ist es, mit m\u00f6glichst genauem Zielen die meisten Punkte zu sammeln. Mit drei Versuchen pro Person erleben Sie <strong>Action and fun in one<\/strong>without the need to change clothes. Ideal for <a href=\"https:\/\/www.company-move.de\/format\/motivationsmodule-teambuilding\/\"><strong>Team building events<\/strong> <\/a>or sporting challenges!<\/p>\n<p>F\u00fcr mehr Ideen f\u00fcr <a href=\"https:\/\/www.company-move.de\/gesundheitstage-module\/\">Health days<\/a>, klicken Sie sich gerne durch unsere anderen Angebote f\u00fcr betriebliches Gesundheitsmanagement. Etablieren Sie Gesundheitsf\u00f6rderung in Ihrem Unternehmen mit uns als Ihr BGM-Dienstleister!<\/p>\n<\/div>\n<\/div>\n<\/div>","protected":false},"excerpt":{"rendered":"<p>Product short description = Excerpt<\/p>\n<p>Quellen<\/p>\n<ul>\n<li>\n<p data-path-to-node=\"12,0,0\"><b data-path-to-node=\"12,0,0\" data-index-in-node=\"0\">Pr\u00e4ventionsbericht 2024<\/b>, GKV-Spitzenverband und MDS, 2024. Fokus: Leistungen der Krankenkassen zur Prim\u00e4rpr\u00e4vention und betrieblichen Gesundheitsf\u00f6rderung. (<b data-path-to-node=\"12,0,0\" data-index-in-node=\"157\">Offizieller Fachbericht<\/b>)<\/p>\n<\/li>\n<li>\n<p data-path-to-node=\"12,1,0\"><b data-path-to-node=\"12,1,0\" data-index-in-node=\"0\">&#8222;Physical Activity Strategy for the WHO European Region&#8220;<\/b>, World Health Organization (WHO), 2025 (Update). Leitfaden zur Bek\u00e4mpfung von Bewegungsmangel durch innovative Settings. (<b data-path-to-node=\"12,1,0\" data-index-in-node=\"179\">Offizieller Organisationsbericht<\/b>)<\/p>\n<\/li>\n<li>\n<p data-path-to-node=\"12,2,0\"><b data-path-to-node=\"12,2,0\" data-index-in-node=\"0\">&#8222;Gamification in Workplace Health Promotion: A Systematic Review&#8220;<\/b>, International Journal of Environmental Research and Public Health, 2024. Analyse der Wirksamkeit spielerischer Elemente auf die Mitarbeiterbeteiligung. (<b data-path-to-node=\"12,2,0\" data-index-in-node=\"220\">Peer-Review-Journal<\/b>)<\/p>\n<\/li>\n<li>\n<p data-path-to-node=\"12,3,0\"><b data-path-to-node=\"12,3,0\" data-index-in-node=\"0\">WIdO-Monitor 2024: Soziale Unterst\u00fctzung im Betrieb<\/b>, Wissenschaftliches Institut der AOK, 2024. Untersuchung der Relevanz von Teamevents f\u00fcr das Betriebsklima und die Gesundheit. (<b data-path-to-node=\"12,3,0\" data-index-in-node=\"180\">Offizieller Fachbericht<\/b>)<\/p>\n<\/li>\n<li>\n<p data-path-to-node=\"12,4,0\"><b data-path-to-node=\"12,4,0\" data-index-in-node=\"0\">&#8222;Health-enhancing physical activity (HEPA) in the office environment&#8220;<\/b>, European Journal of Sport Science, 2025. Studie zur kurzfristigen Bewegungsaktivierung w\u00e4hrend der Arbeitszeit. (<b data-path-to-node=\"12,4,0\" data-index-in-node=\"184\">Peer-Review-Journal<\/b>)<\/p>\n<\/li>\n<\/ul>","protected":false},"featured_media":6554,"template":"","meta":{"site-sidebar-layout":"default","site-content-layout":"","ast-site-content-layout":"default","site-content-style":"default","site-sidebar-style":"default","ast-global-header-display":"","ast-banner-title-visibility":"","ast-main-header-display":"","ast-hfb-above-header-display":"","ast-hfb-below-header-display":"","ast-hfb-mobile-header-display":"","site-post-title":"","ast-breadcrumbs-content":"","ast-featured-img":"","footer-sml-layout":"","ast-disable-related-posts":"","theme-transparent-header-meta":"default","adv-header-id-meta":"","stick-header-meta":"default","header-above-stick-meta":"","header-main-stick-meta":"","header-below-stick-meta":"","astra-migrate-meta-layouts":"set","ast-page-background-enabled":"default","ast-page-background-meta":{"desktop":{"background-color":"var(--ast-global-color-4)","background-image":"","background-repeat":"repeat","background-position":"center center","background-size":"auto","background-attachment":"scroll","background-type":"","background-media":"","overlay-type":"","overlay-color":"","overlay-opacity":"","overlay-gradient":""},"tablet":{"background-color":"","background-image":"","background-repeat":"repeat","background-position":"center center","background-size":"auto","background-attachment":"scroll","background-type":"","background-media":"","overlay-type":"","overlay-color":"","overlay-opacity":"","overlay-gradient":""},"mobile":{"background-color":"","background-image":"","background-repeat":"repeat","background-position":"center center","background-size":"auto","background-attachment":"scroll","background-type":"","background-media":"","overlay-type":"","overlay-color":"","overlay-opacity":"","overlay-gradient":""}},"ast-content-background-meta":{"desktop":{"background-color":"var(--ast-global-color-5)","background-image":"","background-repeat":"repeat","background-position":"center center","background-size":"auto","background-attachment":"scroll","background-type":"","background-media":"","overlay-type":"","overlay-color":"","overlay-opacity":"","overlay-gradient":""},"tablet":{"background-color":"var(--ast-global-color-5)","background-image":"","background-repeat":"repeat","background-position":"center center","background-size":"auto","background-attachment":"scroll","background-type":"","background-media":"","overlay-type":"","overlay-color":"","overlay-opacity":"","overlay-gradient":""},"mobile":{"background-color":"var(--ast-global-color-5)","background-image":"","background-repeat":"repeat","background-position":"center center","background-size":"auto","background-attachment":"scroll","background-type":"","background-media":"","overlay-type":"","overlay-color":"","overlay-opacity":"","overlay-gradient":""}}},"product_brand":[],"product_cat":[39,45,46],"product_tag":[254,253,252],"class_list":{"0":"post-6528","1":"product","2":"type-product","3":"status-publish","4":"has-post-thumbnail","6":"product_cat-bewegung","7":"product_cat-kommunikation-teamentwicklung","8":"product_cat-motivation","9":"product_tag-bewegungsmodul","10":"product_tag-eventmodul","11":"product_tag-fussball-dart","12":"pa_dauer-ganztaegig","13":"pa_durchfuehrungsform-praesenz","14":"pa_format-motivationsmodule-teambuilding","15":"pa_zielgruppe-berufseinsteigende","16":"pa_zielgruppe-beschaeftigte","17":"desktop-align-left","18":"tablet-align-left","19":"mobile-align-left","20":"ast-product-gallery-layout-horizontal-slider","21":"ast-product-gallery-with-no-image","22":"ast-product-tabs-layout-horizontal","24":"first","25":"instock","26":"virtual","27":"sold-individually","28":"purchasable","29":"product-type-simple"},"yoast_head":"<!-- This site is optimized with the Yoast SEO plugin v27.5 - https:\/\/yoast.com\/product\/yoast-seo-wordpress\/ -->\n<title>Fu\u00dfballdart \u2013 Geschicklichkeitsspiel f\u00fcr jedes Event<\/title>\n<meta name=\"description\" content=\"Erleben Sie das aufregende Fu\u00dfballdart - eine Kombination aus Fu\u00dfball und Dart! Zielen Sie pr\u00e4zise und sammeln Sie Punkte.\" \/>\n<meta name=\"robots\" content=\"index, follow, max-snippet:-1, max-image-preview:large, max-video-preview:-1\" \/>\n<link rel=\"canonical\" href=\"https:\/\/www.company-move.de\/en\/product\/fussballdart-geschicklichkeitsspiel\/\" \/>\n<meta property=\"og:locale\" content=\"en_US\" \/>\n<meta property=\"og:type\" content=\"article\" \/>\n<meta property=\"og:title\" content=\"Fu\u00dfballdart \u2013 Geschicklichkeitsspiel f\u00fcr jedes Event\" \/>\n<meta property=\"og:description\" content=\"Erleben Sie das aufregende Fu\u00dfballdart - eine Kombination aus Fu\u00dfball und Dart! Zielen Sie pr\u00e4zise und sammeln Sie Punkte.\" \/>\n<meta property=\"og:url\" content=\"https:\/\/www.company-move.de\/en\/product\/fussballdart-geschicklichkeitsspiel\/\" \/>\n<meta property=\"og:site_name\" content=\"Company move GmbH\" \/>\n<meta property=\"article:modified_time\" content=\"2026-04-24T10:22:20+00:00\" \/>\n<meta property=\"og:image\" content=\"https:\/\/www.company-move.de\/wp-content\/uploads\/2024\/10\/Fussballdart-Teamevent.jpg\" \/>\n\t<meta property=\"og:image:width\" content=\"960\" \/>\n\t<meta property=\"og:image:height\" content=\"720\" \/>\n\t<meta property=\"og:image:type\" content=\"image\/jpeg\" \/>\n<meta name=\"twitter:card\" content=\"summary_large_image\" \/>\n<meta name=\"twitter:label1\" content=\"Est. reading time\" \/>\n\t<meta name=\"twitter:data1\" content=\"2 minutes\" \/>\n<!-- \/ Yoast SEO plugin. -->","yoast_head_json":{"title":"Fu\u00dfballdart \u2013 Geschicklichkeitsspiel f\u00fcr jedes Event","description":"Erleben Sie das aufregende Fu\u00dfballdart - eine Kombination aus Fu\u00dfball und Dart! Zielen Sie pr\u00e4zise und sammeln Sie Punkte.","robots":{"index":"index","follow":"follow","max-snippet":"max-snippet:-1","max-image-preview":"max-image-preview:large","max-video-preview":"max-video-preview:-1"},"canonical":"https:\/\/www.company-move.de\/en\/product\/fussballdart-geschicklichkeitsspiel\/","og_locale":"en_US","og_type":"article","og_title":"Fu\u00dfballdart \u2013 Geschicklichkeitsspiel f\u00fcr jedes Event","og_description":"Erleben Sie das aufregende Fu\u00dfballdart - eine Kombination aus Fu\u00dfball und Dart! Zielen Sie pr\u00e4zise und sammeln Sie Punkte.","og_url":"https:\/\/www.company-move.de\/en\/product\/fussballdart-geschicklichkeitsspiel\/","og_site_name":"Company move GmbH","article_modified_time":"2026-04-24T10:22:20+00:00","og_image":[{"width":960,"height":720,"url":"https:\/\/www.company-move.de\/wp-content\/uploads\/2024\/10\/Fussballdart-Teamevent.jpg","type":"image\/jpeg"}],"twitter_card":"summary_large_image","twitter_misc":{"Est. reading time":"2 minutes"},"schema":{"@context":"https:\/\/schema.org","@graph":[{"@type":["WebPage","ItemPage"],"@id":"https:\/\/www.company-move.de\/produkt\/fussballdart-geschicklichkeitsspiel\/","url":"https:\/\/www.company-move.de\/produkt\/fussballdart-geschicklichkeitsspiel\/","name":"Fu\u00dfballdart \u2013 Geschicklichkeitsspiel f\u00fcr jedes Event","isPartOf":{"@id":"https:\/\/www.company-move.de\/#website"},"primaryImageOfPage":{"@id":"https:\/\/www.company-move.de\/produkt\/fussballdart-geschicklichkeitsspiel\/#primaryimage"},"image":{"@id":"https:\/\/www.company-move.de\/produkt\/fussballdart-geschicklichkeitsspiel\/#primaryimage"},"thumbnailUrl":"https:\/\/www.company-move.de\/wp-content\/uploads\/2024\/10\/Fussballdart-Teamevent.jpg","datePublished":"2024-10-08T08:03:04+00:00","dateModified":"2026-04-24T10:22:20+00:00","description":"Erleben Sie das aufregende Fu\u00dfballdart - eine Kombination aus Fu\u00dfball und Dart! Zielen Sie pr\u00e4zise und sammeln Sie Punkte.","breadcrumb":{"@id":"https:\/\/www.company-move.de\/produkt\/fussballdart-geschicklichkeitsspiel\/#breadcrumb"},"inLanguage":"en-US","potentialAction":[{"@type":"ReadAction","target":["https:\/\/www.company-move.de\/produkt\/fussballdart-geschicklichkeitsspiel\/"]}]},{"@type":"ImageObject","inLanguage":"en-US","@id":"https:\/\/www.company-move.de\/produkt\/fussballdart-geschicklichkeitsspiel\/#primaryimage","url":"https:\/\/www.company-move.de\/wp-content\/uploads\/2024\/10\/Fussballdart-Teamevent.jpg","contentUrl":"https:\/\/www.company-move.de\/wp-content\/uploads\/2024\/10\/Fussballdart-Teamevent.jpg","width":960,"height":720,"caption":"Fu\u00dfballdart bringt Action und Geschicklichkeit in Ihr Event!"},{"@type":"BreadcrumbList","@id":"https:\/\/www.company-move.de\/produkt\/fussballdart-geschicklichkeitsspiel\/#breadcrumb","itemListElement":[{"@type":"ListItem","position":1,"name":"Shop","item":"https:\/\/www.company-move.de\/shop\/"},{"@type":"ListItem","position":2,"name":"Fu\u00dfballdart"}]},{"@type":"WebSite","@id":"https:\/\/www.company-move.de\/#website","url":"https:\/\/www.company-move.de\/","name":"Company move GmbH","description":"Your expert for occupational health management","publisher":{"@id":"https:\/\/www.company-move.de\/#organization"},"potentialAction":[{"@type":"SearchAction","target":{"@type":"EntryPoint","urlTemplate":"https:\/\/www.company-move.de\/?s={search_term_string}"},"query-input":{"@type":"PropertyValueSpecification","valueRequired":true,"valueName":"search_term_string"}}],"inLanguage":"en-US"},{"@type":"Organization","@id":"https:\/\/www.company-move.de\/#organization","name":"Company move GmbH","url":"https:\/\/www.company-move.de\/","logo":{"@type":"ImageObject","inLanguage":"en-US","@id":"https:\/\/www.company-move.de\/#\/schema\/logo\/image\/","url":"https:\/\/www.company-move.de\/wp-content\/uploads\/2024\/05\/cropped-CM-Logo.png","contentUrl":"https:\/\/www.company-move.de\/wp-content\/uploads\/2024\/05\/cropped-CM-Logo.png","width":1599,"height":795,"caption":"Company move GmbH"},"image":{"@id":"https:\/\/www.company-move.de\/#\/schema\/logo\/image\/"}}]}},"_links":{"self":[{"href":"https:\/\/www.company-move.de\/en\/wp-json\/wp\/v2\/product\/6528","targetHints":{"allow":["GET"]}}],"collection":[{"href":"https:\/\/www.company-move.de\/en\/wp-json\/wp\/v2\/product"}],"about":[{"href":"https:\/\/www.company-move.de\/en\/wp-json\/wp\/v2\/types\/product"}],"wp:featuredmedia":[{"embeddable":true,"href":"https:\/\/www.company-move.de\/en\/wp-json\/wp\/v2\/media\/6554"}],"wp:attachment":[{"href":"https:\/\/www.company-move.de\/en\/wp-json\/wp\/v2\/media?parent=6528"}],"wp:term":[{"taxonomy":"product_brand","embeddable":true,"href":"https:\/\/www.company-move.de\/en\/wp-json\/wp\/v2\/product_brand?post=6528"},{"taxonomy":"product_cat","embeddable":true,"href":"https:\/\/www.company-move.de\/en\/wp-json\/wp\/v2\/product_cat?post=6528"},{"taxonomy":"product_tag","embeddable":true,"href":"https:\/\/www.company-move.de\/en\/wp-json\/wp\/v2\/product_tag?post=6528"}],"curies":[{"name":"wp","href":"https:\/\/api.w.org\/{rel}","templated":true}]}}