{"id":6526,"date":"2024-10-08T09:48:05","date_gmt":"2024-10-08T07:48:05","guid":{"rendered":"https:\/\/www.company-move.de\/?post_type=product&#038;p=6526"},"modified":"2026-04-24T13:25:03","modified_gmt":"2026-04-24T11:25:03","slug":"bierkastenrennen-team-challenge","status":"publish","type":"product","link":"https:\/\/www.company-move.de\/en\/product\/bierkastenrennen-team-challenge\/","title":{"rendered":"Beer crate race"},"content":{"rendered":"<div class=\"flex-shrink-0 flex flex-col relative items-end\">\n<div class=\"pt-0\">\n<div class=\"gizmo-bot-avatar flex h-8 w-8 items-center justify-center overflow-hidden rounded-full\">\n<p>Soziale Unterst\u00fctzung und funktionierende Teamstrukturen sind essenzielle Schutzfaktoren im Rahmen der<a href=\"https:\/\/www.company-move.de\/bgm\/gesundheitsthemen\/psychische-gesundheit\/\"> psychischen <b data-path-to-node=\"3\" data-index-in-node=\"115\">Prevention<\/b><\/a>. Laut dem <b data-path-to-node=\"3\" data-index-in-node=\"136\">Fehlzeiten-Report 2024 des WIdO<\/b> weisen Besch\u00e4ftigte, die eine geringe soziale Unterst\u00fctzung am Arbeitsplatz erleben, ein um ca. <b data-path-to-node=\"3\" data-index-in-node=\"264\">30 % h\u00f6heres Risiko<\/b> f\u00fcr psychische Beschwerden auf als Kollegen in einem starken Teamgef\u00fcge.<\/p>\n<p>Our <a href=\"https:\/\/www.company-move.de\/format\/motivationsmodule-teambuilding\/\">Event-Modul<\/a> <b data-path-to-node=\"3\" data-index-in-node=\"375\">Beer crate race<\/b> adressiert diese Problematik spielerisch und f\u00f6rdert durch koordinative Kooperation die soziale Koh\u00e4sion innerhalb Ihrer Belegschaft. Als aktive Ma\u00dfnahme im <b data-path-to-node=\"3\" data-index-in-node=\"549\">BGM<\/b> st\u00e4rkt dieses Tool die Kommunikationsdynamik unter Belastung und tr\u00e4gt so mittelbar zur Senkung des <b data-path-to-node=\"3\" data-index-in-node=\"653\">Krankenstandes<\/b> bei, indem es ein gesundheitsf\u00f6rderndes Betriebsklima etabliert.<\/p>\n<blockquote>\n<p data-path-to-node=\"6,0\"><span style=\"color: #aaad00;\">\u201eSoziale Eingebundenheit ist eine der wichtigsten S\u00e4ulen der Resilienz. Gemeinschaftliche Erlebnisse, die Bewegung mit Freude und Teaminteraktion verkn\u00fcpfen, aktivieren das Belohnungssystem im Gehirn und bauen Stresshormone effektiver ab als isolierte Einzelma\u00dfnahmen.\u201c<\/span><\/p>\n<p data-path-to-node=\"6,1\"><span style=\"color: #aaad00;\">\u2014 <b data-path-to-node=\"6,1\" data-index-in-node=\"2\">Prof. Dr. med. Mazda Adli<\/b>, Stressforscher an der Charit\u00e9 \u2013 Universit\u00e4tsmedizin Berlin und Experte f\u00fcr die Auswirkungen sozialer Faktoren auf die mentale Gesundheit.<\/span><\/p>\n<\/blockquote>\n<p>At the <strong>Beer crate race<\/strong> teams compete against each other to cover a certain distance with crates of beer as quickly as possible. This exciting event not only promotes the <strong>Team spirit<\/strong>but also requires <strong>Strategic planning and excellent communication<\/strong>. Die Teilnehmenden m\u00fcssen sich innerhalb k\u00fcrzester Zeit eine effektive Teamstrategie \u00fcberlegen, um das Rennen zu gewinnen. Der <strong>Fun factor is guaranteed<\/strong>while skill and coordination are put to the test!<\/p>\n<p>F\u00fcr mehr Ideen f\u00fcr <a href=\"https:\/\/www.company-move.de\/gesundheitstage-module\/\">Health days<\/a>, klicken Sie sich gerne durch unsere anderen Angebote f\u00fcr betriebliches Gesundheitsmanagement. Etablieren Sie Gesundheitsf\u00f6rderung in Ihrem Unternehmen mit uns als Ihr BGM-Dienstleister!<\/p>\n<\/div>\n<\/div>\n<\/div>","protected":false},"excerpt":{"rendered":"<p>Product short description = Excerpt<\/p>\n<p>Quellen<\/p>\n<ul>\n<li>\n<p data-path-to-node=\"12,0,0\"><b data-path-to-node=\"12,0,0\" data-index-in-node=\"0\">Fehlzeiten-Report 2024: Zeitenwende \u2013 Arbeit gesund gestalten<\/b>, Wissenschaftliches Institut der AOK (WIdO), 2024. Fokus: Zusammenhang zwischen sozialer Unterst\u00fctzung, Betriebsklima und psychischen Fehlzeiten. (<b data-path-to-node=\"12,0,0\" data-index-in-node=\"209\">Offizieller Fachbericht<\/b>)<\/p>\n<\/li>\n<li>\n<p data-path-to-node=\"12,1,0\"><b data-path-to-node=\"12,1,0\" data-index-in-node=\"0\">&#8222;Stress und soziale Unterst\u00fctzung am Arbeitsplatz&#8220;<\/b>, Bundesanstalt f\u00fcr Arbeitsschutz und Arbeitsmedizin (BAuA), 2024. Analyse der Pufferwirkung sozialer Ressourcen. (<b data-path-to-node=\"12,1,0\" data-index-in-node=\"165\">Offizieller Regierungsbericht<\/b>)<\/p>\n<\/li>\n<li>\n<p data-path-to-node=\"12,2,0\"><b data-path-to-node=\"12,2,0\" data-index-in-node=\"0\">&#8222;Social Support and Mental Health at Work&#8220;<\/b>, World Health Organization (WHO), 2024. Leitlinien zur F\u00f6rderung der psychosozialen Gesundheit in Organisationen. (<b data-path-to-node=\"12,2,0\" data-index-in-node=\"158\">Offizieller Organisationsbericht<\/b>)<\/p>\n<\/li>\n<li>\n<p data-path-to-node=\"12,3,0\"><b data-path-to-node=\"12,3,0\" data-index-in-node=\"0\">&#8222;The impact of team-building interventions on organizational productivity: A meta-analysis&#8220;<\/b>, Journal of Occupational and Organizational Psychology, 2025. Untersuchung der Effekte kooperativer Gruppenevents. (<b data-path-to-node=\"12,3,0\" data-index-in-node=\"208\">Peer-Review-Journal<\/b>)<\/p>\n<\/li>\n<li>\n<p data-path-to-node=\"12,4,0\"><b data-path-to-node=\"12,4,0\" data-index-in-node=\"0\">&#8222;Neurobiology of Social Interaction and Stress Buffer&#8220;<\/b>, Nature Reviews Neuroscience, 2024. Studie \u00fcber die hormonelle Wirkung von positiver sozialer Interaktion. (<b data-path-to-node=\"12,4,0\" data-index-in-node=\"163\">Peer-Review-Journal<\/b>)<\/p>\n<\/li>\n<\/ul>","protected":false},"featured_media":6527,"template":"","meta":{"site-sidebar-layout":"default","site-content-layout":"","ast-site-content-layout":"default","site-content-style":"default","site-sidebar-style":"default","ast-global-header-display":"","ast-banner-title-visibility":"","ast-main-header-display":"","ast-hfb-above-header-display":"","ast-hfb-below-header-display":"","ast-hfb-mobile-header-display":"","site-post-title":"","ast-breadcrumbs-content":"","ast-featured-img":"","footer-sml-layout":"","ast-disable-related-posts":"","theme-transparent-header-meta":"default","adv-header-id-meta":"","stick-header-meta":"default","header-above-stick-meta":"","header-main-stick-meta":"","header-below-stick-meta":"","astra-migrate-meta-layouts":"set","ast-page-background-enabled":"default","ast-page-background-meta":{"desktop":{"background-color":"var(--ast-global-color-4)","background-image":"","background-repeat":"repeat","background-position":"center center","background-size":"auto","background-attachment":"scroll","background-type":"","background-media":"","overlay-type":"","overlay-color":"","overlay-opacity":"","overlay-gradient":""},"tablet":{"background-color":"","background-image":"","background-repeat":"repeat","background-position":"center center","background-size":"auto","background-attachment":"scroll","background-type":"","background-media":"","overlay-type":"","overlay-color":"","overlay-opacity":"","overlay-gradient":""},"mobile":{"background-color":"","background-image":"","background-repeat":"repeat","background-position":"center center","background-size":"auto","background-attachment":"scroll","background-type":"","background-media":"","overlay-type":"","overlay-color":"","overlay-opacity":"","overlay-gradient":""}},"ast-content-background-meta":{"desktop":{"background-color":"var(--ast-global-color-5)","background-image":"","background-repeat":"repeat","background-position":"center center","background-size":"auto","background-attachment":"scroll","background-type":"","background-media":"","overlay-type":"","overlay-color":"","overlay-opacity":"","overlay-gradient":""},"tablet":{"background-color":"var(--ast-global-color-5)","background-image":"","background-repeat":"repeat","background-position":"center center","background-size":"auto","background-attachment":"scroll","background-type":"","background-media":"","overlay-type":"","overlay-color":"","overlay-opacity":"","overlay-gradient":""},"mobile":{"background-color":"var(--ast-global-color-5)","background-image":"","background-repeat":"repeat","background-position":"center center","background-size":"auto","background-attachment":"scroll","background-type":"","background-media":"","overlay-type":"","overlay-color":"","overlay-opacity":"","overlay-gradient":""}}},"product_brand":[],"product_cat":[39,45,46],"product_tag":[254,255,256,253,258,257],"class_list":{"0":"post-6526","1":"product","2":"type-product","3":"status-publish","4":"has-post-thumbnail","6":"product_cat-bewegung","7":"product_cat-kommunikation-teamentwicklung","8":"product_cat-motivation","9":"product_tag-bewegungsmodul","10":"product_tag-bierkasten-rennen","11":"product_tag-bierkistenlauf","12":"product_tag-eventmodul","13":"product_tag-kistenlauf","14":"product_tag-kistenrennen","15":"pa_dauer-ca-60-min","16":"pa_durchfuehrungsform-praesenz","17":"pa_format-motivationsmodule-teambuilding","18":"pa_zielgruppe-berufseinsteigende","19":"pa_zielgruppe-beschaeftigte","20":"desktop-align-left","21":"tablet-align-left","22":"mobile-align-left","23":"ast-product-gallery-layout-horizontal-slider","24":"ast-product-gallery-with-no-image","25":"ast-product-tabs-layout-horizontal","27":"first","28":"instock","29":"virtual","30":"sold-individually","31":"purchasable","32":"product-type-simple"},"yoast_head":"<!-- This site is optimized with the Yoast SEO plugin v27.5 - https:\/\/yoast.com\/product\/yoast-seo-wordpress\/ -->\n<title>Bierkastenrennen \u2013 Team-Challenge mit Spa\u00dffaktor<\/title>\n<meta name=\"description\" content=\"Erleben Sie das spannende Bierkastenrennen, bei dem Teams gegeneinander antreten, um Geschicklichkeit und Teamgeist unter Beweis zu stellen.\" \/>\n<meta name=\"robots\" content=\"index, follow, max-snippet:-1, max-image-preview:large, max-video-preview:-1\" \/>\n<link rel=\"canonical\" href=\"https:\/\/www.company-move.de\/en\/product\/bierkastenrennen-team-challenge\/\" \/>\n<meta property=\"og:locale\" content=\"en_US\" \/>\n<meta property=\"og:type\" content=\"article\" \/>\n<meta property=\"og:title\" content=\"Bierkastenrennen \u2013 Team-Challenge mit Spa\u00dffaktor\" \/>\n<meta property=\"og:description\" content=\"Erleben Sie das spannende Bierkastenrennen, bei dem Teams gegeneinander antreten, um Geschicklichkeit und Teamgeist unter Beweis zu stellen.\" \/>\n<meta property=\"og:url\" content=\"https:\/\/www.company-move.de\/en\/product\/bierkastenrennen-team-challenge\/\" \/>\n<meta property=\"og:site_name\" content=\"Company move GmbH\" \/>\n<meta property=\"article:modified_time\" content=\"2026-04-24T11:25:03+00:00\" \/>\n<meta property=\"og:image\" content=\"https:\/\/www.company-move.de\/wp-content\/uploads\/2024\/10\/Bierkastenrennen-Teamevents.jpg\" \/>\n\t<meta property=\"og:image:width\" content=\"960\" \/>\n\t<meta property=\"og:image:height\" content=\"720\" \/>\n\t<meta property=\"og:image:type\" content=\"image\/jpeg\" \/>\n<meta name=\"twitter:card\" content=\"summary_large_image\" \/>\n<meta name=\"twitter:label1\" content=\"Est. reading time\" \/>\n\t<meta name=\"twitter:data1\" content=\"2 minutes\" \/>\n<!-- \/ Yoast SEO plugin. -->","yoast_head_json":{"title":"Bierkastenrennen \u2013 Team-Challenge mit Spa\u00dffaktor","description":"Erleben Sie das spannende Bierkastenrennen, bei dem Teams gegeneinander antreten, um Geschicklichkeit und Teamgeist unter Beweis zu stellen.","robots":{"index":"index","follow":"follow","max-snippet":"max-snippet:-1","max-image-preview":"max-image-preview:large","max-video-preview":"max-video-preview:-1"},"canonical":"https:\/\/www.company-move.de\/en\/product\/bierkastenrennen-team-challenge\/","og_locale":"en_US","og_type":"article","og_title":"Bierkastenrennen \u2013 Team-Challenge mit Spa\u00dffaktor","og_description":"Erleben Sie das spannende Bierkastenrennen, bei dem Teams gegeneinander antreten, um Geschicklichkeit und Teamgeist unter Beweis zu stellen.","og_url":"https:\/\/www.company-move.de\/en\/product\/bierkastenrennen-team-challenge\/","og_site_name":"Company move GmbH","article_modified_time":"2026-04-24T11:25:03+00:00","og_image":[{"width":960,"height":720,"url":"https:\/\/www.company-move.de\/wp-content\/uploads\/2024\/10\/Bierkastenrennen-Teamevents.jpg","type":"image\/jpeg"}],"twitter_card":"summary_large_image","twitter_misc":{"Est. reading time":"2 minutes"},"schema":{"@context":"https:\/\/schema.org","@graph":[{"@type":["WebPage","ItemPage"],"@id":"https:\/\/www.company-move.de\/produkt\/bierkastenrennen-team-challenge\/","url":"https:\/\/www.company-move.de\/produkt\/bierkastenrennen-team-challenge\/","name":"Bierkastenrennen \u2013 Team-Challenge mit Spa\u00dffaktor","isPartOf":{"@id":"https:\/\/www.company-move.de\/#website"},"primaryImageOfPage":{"@id":"https:\/\/www.company-move.de\/produkt\/bierkastenrennen-team-challenge\/#primaryimage"},"image":{"@id":"https:\/\/www.company-move.de\/produkt\/bierkastenrennen-team-challenge\/#primaryimage"},"thumbnailUrl":"https:\/\/www.company-move.de\/wp-content\/uploads\/2024\/10\/Bierkastenrennen-Teamevents.jpg","datePublished":"2024-10-08T07:48:05+00:00","dateModified":"2026-04-24T11:25:03+00:00","description":"Erleben Sie das spannende Bierkastenrennen, bei dem Teams gegeneinander antreten, um Geschicklichkeit und Teamgeist unter Beweis zu stellen.","breadcrumb":{"@id":"https:\/\/www.company-move.de\/produkt\/bierkastenrennen-team-challenge\/#breadcrumb"},"inLanguage":"en-US","potentialAction":[{"@type":"ReadAction","target":["https:\/\/www.company-move.de\/produkt\/bierkastenrennen-team-challenge\/"]}]},{"@type":"ImageObject","inLanguage":"en-US","@id":"https:\/\/www.company-move.de\/produkt\/bierkastenrennen-team-challenge\/#primaryimage","url":"https:\/\/www.company-move.de\/wp-content\/uploads\/2024\/10\/Bierkastenrennen-Teamevents.jpg","contentUrl":"https:\/\/www.company-move.de\/wp-content\/uploads\/2024\/10\/Bierkastenrennen-Teamevents.jpg","width":960,"height":720,"caption":"Das Bierkastenrennen bringt Teams zusammen und sorgt f\u00fcr aufregende Wettbewerbsatmosph\u00e4re."},{"@type":"BreadcrumbList","@id":"https:\/\/www.company-move.de\/produkt\/bierkastenrennen-team-challenge\/#breadcrumb","itemListElement":[{"@type":"ListItem","position":1,"name":"Shop","item":"https:\/\/www.company-move.de\/shop\/"},{"@type":"ListItem","position":2,"name":"Bierkastenrennen"}]},{"@type":"WebSite","@id":"https:\/\/www.company-move.de\/#website","url":"https:\/\/www.company-move.de\/","name":"Company move GmbH","description":"Your expert for occupational health management","publisher":{"@id":"https:\/\/www.company-move.de\/#organization"},"potentialAction":[{"@type":"SearchAction","target":{"@type":"EntryPoint","urlTemplate":"https:\/\/www.company-move.de\/?s={search_term_string}"},"query-input":{"@type":"PropertyValueSpecification","valueRequired":true,"valueName":"search_term_string"}}],"inLanguage":"en-US"},{"@type":"Organization","@id":"https:\/\/www.company-move.de\/#organization","name":"Company move GmbH","url":"https:\/\/www.company-move.de\/","logo":{"@type":"ImageObject","inLanguage":"en-US","@id":"https:\/\/www.company-move.de\/#\/schema\/logo\/image\/","url":"https:\/\/www.company-move.de\/wp-content\/uploads\/2024\/05\/cropped-CM-Logo.png","contentUrl":"https:\/\/www.company-move.de\/wp-content\/uploads\/2024\/05\/cropped-CM-Logo.png","width":1599,"height":795,"caption":"Company move GmbH"},"image":{"@id":"https:\/\/www.company-move.de\/#\/schema\/logo\/image\/"}}]}},"_links":{"self":[{"href":"https:\/\/www.company-move.de\/en\/wp-json\/wp\/v2\/product\/6526","targetHints":{"allow":["GET"]}}],"collection":[{"href":"https:\/\/www.company-move.de\/en\/wp-json\/wp\/v2\/product"}],"about":[{"href":"https:\/\/www.company-move.de\/en\/wp-json\/wp\/v2\/types\/product"}],"wp:featuredmedia":[{"embeddable":true,"href":"https:\/\/www.company-move.de\/en\/wp-json\/wp\/v2\/media\/6527"}],"wp:attachment":[{"href":"https:\/\/www.company-move.de\/en\/wp-json\/wp\/v2\/media?parent=6526"}],"wp:term":[{"taxonomy":"product_brand","embeddable":true,"href":"https:\/\/www.company-move.de\/en\/wp-json\/wp\/v2\/product_brand?post=6526"},{"taxonomy":"product_cat","embeddable":true,"href":"https:\/\/www.company-move.de\/en\/wp-json\/wp\/v2\/product_cat?post=6526"},{"taxonomy":"product_tag","embeddable":true,"href":"https:\/\/www.company-move.de\/en\/wp-json\/wp\/v2\/product_tag?post=6526"}],"curies":[{"name":"wp","href":"https:\/\/api.w.org\/{rel}","templated":true}]}}