{"id":6524,"date":"2024-10-08T09:39:45","date_gmt":"2024-10-08T07:39:45","guid":{"rendered":"https:\/\/www.company-move.de\/?post_type=product&#038;p=6524"},"modified":"2026-04-24T13:30:39","modified_gmt":"2026-04-24T11:30:39","slug":"froebelturm-teamgeist-geschicklichkeit","status":"publish","type":"product","link":"https:\/\/www.company-move.de\/en\/product\/froebelturm-teamgeist-geschicklichkeit\/","title":{"rendered":"Fr\u00f6bel tower"},"content":{"rendered":"<div class=\"flex-shrink-0 flex flex-col relative items-end\">\n<div class=\"pt-0\">\n<div class=\"gizmo-bot-avatar flex h-8 w-8 items-center justify-center overflow-hidden rounded-full\">\n<p>In der modernen Arbeitswelt ist die soziale Unterst\u00fctzung innerhalb von Teams einer der st\u00e4rksten Schutzfaktoren gegen <a href=\"https:\/\/www.company-move.de\/bgm\/gesundheitsthemen\/psychische-gesundheit\/\">psychische Fehlbeanspruchungen.<\/a> Laut dem <b data-path-to-node=\"3\" data-index-in-node=\"160\">AOK-Fehlzeiten-Report 2024<\/b> geben Besch\u00e4ftigte mit mangelnder sozialer Unterst\u00fctzung durch Kollegen signifikant h\u00e4ufiger an, unter emotionaler Ersch\u00f6pfung zu leiden, was das Risiko f\u00fcr arbeitsunf\u00e4higkeitsrelevante Diagnosen um den Faktor <b data-path-to-node=\"3\" data-index-in-node=\"397\">1,4 erh\u00f6ht<\/b>.<\/p>\n<p>Our<a href=\"https:\/\/www.company-move.de\/format\/motivationsmodule-teambuilding\/\"> Event-Modul<\/a> <b data-path-to-node=\"3\" data-index-in-node=\"421\">Fr\u00f6bel tower<\/b> fungiert hier als haptische <b data-path-to-node=\"3\" data-index-in-node=\"460\">Prevention<\/b>, indem es die kollektive Selbstwirksamkeit und die koordinative Kommunikation unter kontrolliertem Leistungsdruck schult. Durch die spielerische St\u00e4rkung der sozialen Koh\u00e4sion in Ihrem <b data-path-to-node=\"3\" data-index-in-node=\"656\">BGM<\/b> mindern Sie proaktiv psychosoziale Stressoren und leisten einen messbaren Beitrag zur Senkung des <b data-path-to-node=\"3\" data-index-in-node=\"758\">Krankenstandes<\/b> durch ein verbessertes Betriebsklima.<\/p>\n<blockquote>\n<p data-path-to-node=\"6,0\"><span style=\"color: #aaad00;\">\u201eKooperation ist kein Zufallsprodukt, sondern eine erlernbare Kompetenz. Aufgaben, die wie der Fr\u00f6belturm physische Koordination mit synchronisierter Kommunikation verkn\u00fcpfen, st\u00e4rken die neuronale Kopplung im Team und f\u00f6rdern die psychologische Sicherheit \u2013 das Fundament jeder gesunden Organisation.\u201c<\/span><\/p>\n<p data-path-to-node=\"6,1\"><span style=\"color: #aaad00;\">\u2014 <b data-path-to-node=\"6,1\" data-index-in-node=\"2\">Prof. Dr. Dr. h.c. Joachim Bauer<\/b>, Neurowissenschaftler, Mediziner und renommierter Experte f\u00fcr motivationale Resilienz und soziale Neurobiologie.<\/span><\/p>\n<\/blockquote>\n<p>The <strong>Fr\u00f6bel tower<\/strong> is an exciting <strong>Skill task<\/strong>which not only promotes fine motor skills, but also the<strong> Team spirit and strategic thinking<\/strong> stimulates. In this activity, participants work together to assemble wooden building blocks into a stable and <strong>high tower<\/strong>. Durch effektive Kommunikation und <strong>creative solutions<\/strong> the aim is to build the highest tower. This <strong>The challenge<\/strong> promotes exchange within the team and makes for an exciting experience.<\/p>\n<p>F\u00fcr mehr Ideen f\u00fcr <a href=\"https:\/\/www.company-move.de\/gesundheitstage-module\/\">Health days<\/a>, klicken Sie sich gerne durch unsere anderen Angebote f\u00fcr betriebliches Gesundheitsmanagement. Etablieren Sie Gesundheitsf\u00f6rderung in Ihrem Unternehmen mit uns als Ihr BGM-Dienstleister!<\/p>\n<\/div>\n<\/div>\n<\/div>","protected":false},"excerpt":{"rendered":"<p>Product short description = Excerpt<\/p>\n<p>Quellen<\/p>\n<ul>\n<li>\n<p data-path-to-node=\"12,0,0\"><b data-path-to-node=\"12,0,0\" data-index-in-node=\"0\">Fehlzeiten-Report 2024: Nachhaltig gesund arbeiten<\/b>, Wissenschaftliches Institut der AOK (WIdO), 2024. Fokus: Analyse der psychosozialen Schutzfaktoren und deren Einfluss auf die psychische Gesundheit. (<b data-path-to-node=\"12,0,0\" data-index-in-node=\"202\">Offizieller Fachbericht<\/b>)<\/p>\n<\/li>\n<li>\n<p data-path-to-node=\"12,1,0\"><b data-path-to-node=\"12,1,0\" data-index-in-node=\"0\">&#8222;Social Support and Workplace Health&#8220;<\/b>, World Health Organization (WHO), 2025. Leitlinien zur F\u00f6rderung der sozialen Interaktion als Teil der mentalen Gesundheitsstrategie. (<b data-path-to-node=\"12,1,0\" data-index-in-node=\"173\">Offizieller Organisationsbericht<\/b>)<\/p>\n<\/li>\n<li>\n<p data-path-to-node=\"12,2,0\"><b data-path-to-node=\"12,2,0\" data-index-in-node=\"0\">&#8222;The Role of Team-Building Interventions in Stress Reduction&#8220;<\/b>, Journal of Occupational Health Psychology, 2025. Meta-Analyse zur Wirksamkeit von kooperativen Aufgaben in der betrieblichen Pr\u00e4vention. (<b data-path-to-node=\"12,2,0\" data-index-in-node=\"201\">Peer-Review-Journal<\/b>)<\/p>\n<\/li>\n<li>\n<p data-path-to-node=\"12,3,0\"><b data-path-to-node=\"12,3,0\" data-index-in-node=\"0\">&#8222;Psychological Safety and Team Performance: A Systematic Review&#8220;<\/b>, Annual Review of Organizational Psychology, 2024. Untersuchung der Korrelation zwischen Teamvertrauen und organisationaler Gesundheit. (<b data-path-to-node=\"12,3,0\" data-index-in-node=\"202\">Peer-Review-Journal<\/b>)<\/p>\n<\/li>\n<li>\n<p data-path-to-node=\"12,4,0\"><b data-path-to-node=\"12,4,0\" data-index-in-node=\"0\">Bericht zur psychischen Gesundheit in der Arbeitswelt<\/b>, Bundesanstalt f\u00fcr Arbeitsschutz und Arbeitsmedizin (BAuA), 2024. Daten zur Relevanz von Kooperation und Kommunikation f\u00fcr die Vermeidung von Burnout. (<b data-path-to-node=\"12,4,0\" data-index-in-node=\"206\">Offizieller Regierungsbericht<\/b>)<\/p>\n<\/li>\n<\/ul>","protected":false},"featured_media":6525,"template":"","meta":{"site-sidebar-layout":"default","site-content-layout":"","ast-site-content-layout":"default","site-content-style":"default","site-sidebar-style":"default","ast-global-header-display":"","ast-banner-title-visibility":"","ast-main-header-display":"","ast-hfb-above-header-display":"","ast-hfb-below-header-display":"","ast-hfb-mobile-header-display":"","site-post-title":"","ast-breadcrumbs-content":"","ast-featured-img":"","footer-sml-layout":"","ast-disable-related-posts":"","theme-transparent-header-meta":"default","adv-header-id-meta":"","stick-header-meta":"default","header-above-stick-meta":"","header-main-stick-meta":"","header-below-stick-meta":"","astra-migrate-meta-layouts":"set","ast-page-background-enabled":"default","ast-page-background-meta":{"desktop":{"background-color":"var(--ast-global-color-4)","background-image":"","background-repeat":"repeat","background-position":"center center","background-size":"auto","background-attachment":"scroll","background-type":"","background-media":"","overlay-type":"","overlay-color":"","overlay-opacity":"","overlay-gradient":""},"tablet":{"background-color":"","background-image":"","background-repeat":"repeat","background-position":"center center","background-size":"auto","background-attachment":"scroll","background-type":"","background-media":"","overlay-type":"","overlay-color":"","overlay-opacity":"","overlay-gradient":""},"mobile":{"background-color":"","background-image":"","background-repeat":"repeat","background-position":"center center","background-size":"auto","background-attachment":"scroll","background-type":"","background-media":"","overlay-type":"","overlay-color":"","overlay-opacity":"","overlay-gradient":""}},"ast-content-background-meta":{"desktop":{"background-color":"var(--ast-global-color-5)","background-image":"","background-repeat":"repeat","background-position":"center center","background-size":"auto","background-attachment":"scroll","background-type":"","background-media":"","overlay-type":"","overlay-color":"","overlay-opacity":"","overlay-gradient":""},"tablet":{"background-color":"var(--ast-global-color-5)","background-image":"","background-repeat":"repeat","background-position":"center center","background-size":"auto","background-attachment":"scroll","background-type":"","background-media":"","overlay-type":"","overlay-color":"","overlay-opacity":"","overlay-gradient":""},"mobile":{"background-color":"var(--ast-global-color-5)","background-image":"","background-repeat":"repeat","background-position":"center center","background-size":"auto","background-attachment":"scroll","background-type":"","background-media":"","overlay-type":"","overlay-color":"","overlay-opacity":"","overlay-gradient":""}}},"product_brand":[],"product_cat":[39,45,46],"product_tag":[254,253,191,260,259],"class_list":{"0":"post-6524","1":"product","2":"type-product","3":"status-publish","4":"has-post-thumbnail","6":"product_cat-bewegung","7":"product_cat-kommunikation-teamentwicklung","8":"product_cat-motivation","9":"product_tag-bewegungsmodul","10":"product_tag-eventmodul","11":"product_tag-froebel-turm","12":"product_tag-geschicklichkeitsspiel","13":"product_tag-turmbauspiel","14":"pa_dauer-ca-15-min","15":"pa_durchfuehrungsform-praesenz","16":"pa_format-motivationsmodule-teambuilding","17":"pa_zielgruppe-berufseinsteigende","18":"pa_zielgruppe-beschaeftigte","19":"desktop-align-left","20":"tablet-align-left","21":"mobile-align-left","22":"ast-product-gallery-layout-horizontal-slider","23":"ast-product-gallery-with-no-image","24":"ast-product-tabs-layout-horizontal","26":"first","27":"instock","28":"virtual","29":"sold-individually","30":"purchasable","31":"product-type-simple"},"yoast_head":"<!-- This site is optimized with the Yoast SEO plugin v27.5 - https:\/\/yoast.com\/product\/yoast-seo-wordpress\/ -->\n<title>Fr\u00f6belturm \u2013 Teamgeist und Geschicklichkeit f\u00fcr Gruppen<\/title>\n<meta name=\"description\" content=\"Erleben Sie die Team-Challenge mit dem Fr\u00f6belturm! Die Challenge f\u00f6rdert Kommunikation und strategisches Denken Ihres Teams.\" \/>\n<meta name=\"robots\" content=\"index, follow, max-snippet:-1, max-image-preview:large, max-video-preview:-1\" \/>\n<link rel=\"canonical\" href=\"https:\/\/www.company-move.de\/en\/product\/froebelturm-teamgeist-geschicklichkeit\/\" \/>\n<meta property=\"og:locale\" content=\"en_US\" \/>\n<meta property=\"og:type\" content=\"article\" \/>\n<meta property=\"og:title\" content=\"Fr\u00f6belturm \u2013 Teamgeist und Geschicklichkeit f\u00fcr Gruppen\" \/>\n<meta property=\"og:description\" content=\"Erleben Sie die Team-Challenge mit dem Fr\u00f6belturm! Die Challenge f\u00f6rdert Kommunikation und strategisches Denken Ihres Teams.\" \/>\n<meta property=\"og:url\" content=\"https:\/\/www.company-move.de\/en\/product\/froebelturm-teamgeist-geschicklichkeit\/\" \/>\n<meta property=\"og:site_name\" content=\"Company move GmbH\" \/>\n<meta property=\"article:modified_time\" content=\"2026-04-24T11:30:39+00:00\" \/>\n<meta property=\"og:image\" content=\"https:\/\/www.company-move.de\/wp-content\/uploads\/2024\/10\/Froebelturm-Teamevents.jpg\" \/>\n\t<meta property=\"og:image:width\" content=\"960\" \/>\n\t<meta property=\"og:image:height\" content=\"720\" \/>\n\t<meta property=\"og:image:type\" content=\"image\/jpeg\" \/>\n<meta name=\"twitter:card\" content=\"summary_large_image\" \/>\n<meta name=\"twitter:label1\" content=\"Est. reading time\" \/>\n\t<meta name=\"twitter:data1\" content=\"2 minutes\" \/>\n<!-- \/ Yoast SEO plugin. -->","yoast_head_json":{"title":"Fr\u00f6belturm \u2013 Teamgeist und Geschicklichkeit f\u00fcr Gruppen","description":"Erleben Sie die Team-Challenge mit dem Fr\u00f6belturm! Die Challenge f\u00f6rdert Kommunikation und strategisches Denken Ihres Teams.","robots":{"index":"index","follow":"follow","max-snippet":"max-snippet:-1","max-image-preview":"max-image-preview:large","max-video-preview":"max-video-preview:-1"},"canonical":"https:\/\/www.company-move.de\/en\/product\/froebelturm-teamgeist-geschicklichkeit\/","og_locale":"en_US","og_type":"article","og_title":"Fr\u00f6belturm \u2013 Teamgeist und Geschicklichkeit f\u00fcr Gruppen","og_description":"Erleben Sie die Team-Challenge mit dem Fr\u00f6belturm! Die Challenge f\u00f6rdert Kommunikation und strategisches Denken Ihres Teams.","og_url":"https:\/\/www.company-move.de\/en\/product\/froebelturm-teamgeist-geschicklichkeit\/","og_site_name":"Company move GmbH","article_modified_time":"2026-04-24T11:30:39+00:00","og_image":[{"width":960,"height":720,"url":"https:\/\/www.company-move.de\/wp-content\/uploads\/2024\/10\/Froebelturm-Teamevents.jpg","type":"image\/jpeg"}],"twitter_card":"summary_large_image","twitter_misc":{"Est. reading time":"2 minutes"},"schema":{"@context":"https:\/\/schema.org","@graph":[{"@type":["WebPage","ItemPage"],"@id":"https:\/\/www.company-move.de\/produkt\/froebelturm-teamgeist-geschicklichkeit\/","url":"https:\/\/www.company-move.de\/produkt\/froebelturm-teamgeist-geschicklichkeit\/","name":"Fr\u00f6belturm \u2013 Teamgeist und Geschicklichkeit f\u00fcr Gruppen","isPartOf":{"@id":"https:\/\/www.company-move.de\/#website"},"primaryImageOfPage":{"@id":"https:\/\/www.company-move.de\/produkt\/froebelturm-teamgeist-geschicklichkeit\/#primaryimage"},"image":{"@id":"https:\/\/www.company-move.de\/produkt\/froebelturm-teamgeist-geschicklichkeit\/#primaryimage"},"thumbnailUrl":"https:\/\/www.company-move.de\/wp-content\/uploads\/2024\/10\/Froebelturm-Teamevents.jpg","datePublished":"2024-10-08T07:39:45+00:00","dateModified":"2026-04-24T11:30:39+00:00","description":"Erleben Sie die Team-Challenge mit dem Fr\u00f6belturm! Die Challenge f\u00f6rdert Kommunikation und strategisches Denken Ihres Teams.","breadcrumb":{"@id":"https:\/\/www.company-move.de\/produkt\/froebelturm-teamgeist-geschicklichkeit\/#breadcrumb"},"inLanguage":"en-US","potentialAction":[{"@type":"ReadAction","target":["https:\/\/www.company-move.de\/produkt\/froebelturm-teamgeist-geschicklichkeit\/"]}]},{"@type":"ImageObject","inLanguage":"en-US","@id":"https:\/\/www.company-move.de\/produkt\/froebelturm-teamgeist-geschicklichkeit\/#primaryimage","url":"https:\/\/www.company-move.de\/wp-content\/uploads\/2024\/10\/Froebelturm-Teamevents.jpg","contentUrl":"https:\/\/www.company-move.de\/wp-content\/uploads\/2024\/10\/Froebelturm-Teamevents.jpg","width":960,"height":720,"caption":"Fr\u00f6belturm: Teamaktivit\u00e4t zur St\u00e4rkung der Kommunikation und Feinmotorik"},{"@type":"BreadcrumbList","@id":"https:\/\/www.company-move.de\/produkt\/froebelturm-teamgeist-geschicklichkeit\/#breadcrumb","itemListElement":[{"@type":"ListItem","position":1,"name":"Shop","item":"https:\/\/www.company-move.de\/shop\/"},{"@type":"ListItem","position":2,"name":"Fr\u00f6belturm"}]},{"@type":"WebSite","@id":"https:\/\/www.company-move.de\/#website","url":"https:\/\/www.company-move.de\/","name":"Company move GmbH","description":"Your expert for occupational health management","publisher":{"@id":"https:\/\/www.company-move.de\/#organization"},"potentialAction":[{"@type":"SearchAction","target":{"@type":"EntryPoint","urlTemplate":"https:\/\/www.company-move.de\/?s={search_term_string}"},"query-input":{"@type":"PropertyValueSpecification","valueRequired":true,"valueName":"search_term_string"}}],"inLanguage":"en-US"},{"@type":"Organization","@id":"https:\/\/www.company-move.de\/#organization","name":"Company move GmbH","url":"https:\/\/www.company-move.de\/","logo":{"@type":"ImageObject","inLanguage":"en-US","@id":"https:\/\/www.company-move.de\/#\/schema\/logo\/image\/","url":"https:\/\/www.company-move.de\/wp-content\/uploads\/2024\/05\/cropped-CM-Logo.png","contentUrl":"https:\/\/www.company-move.de\/wp-content\/uploads\/2024\/05\/cropped-CM-Logo.png","width":1599,"height":795,"caption":"Company move GmbH"},"image":{"@id":"https:\/\/www.company-move.de\/#\/schema\/logo\/image\/"}}]}},"_links":{"self":[{"href":"https:\/\/www.company-move.de\/en\/wp-json\/wp\/v2\/product\/6524","targetHints":{"allow":["GET"]}}],"collection":[{"href":"https:\/\/www.company-move.de\/en\/wp-json\/wp\/v2\/product"}],"about":[{"href":"https:\/\/www.company-move.de\/en\/wp-json\/wp\/v2\/types\/product"}],"wp:featuredmedia":[{"embeddable":true,"href":"https:\/\/www.company-move.de\/en\/wp-json\/wp\/v2\/media\/6525"}],"wp:attachment":[{"href":"https:\/\/www.company-move.de\/en\/wp-json\/wp\/v2\/media?parent=6524"}],"wp:term":[{"taxonomy":"product_brand","embeddable":true,"href":"https:\/\/www.company-move.de\/en\/wp-json\/wp\/v2\/product_brand?post=6524"},{"taxonomy":"product_cat","embeddable":true,"href":"https:\/\/www.company-move.de\/en\/wp-json\/wp\/v2\/product_cat?post=6524"},{"taxonomy":"product_tag","embeddable":true,"href":"https:\/\/www.company-move.de\/en\/wp-json\/wp\/v2\/product_tag?post=6524"}],"curies":[{"name":"wp","href":"https:\/\/api.w.org\/{rel}","templated":true}]}}