{"id":6522,"date":"2024-10-08T09:23:22","date_gmt":"2024-10-08T07:23:22","guid":{"rendered":"https:\/\/www.company-move.de\/?post_type=product&#038;p=6522"},"modified":"2026-04-24T13:34:15","modified_gmt":"2026-04-24T11:34:15","slug":"live-cooking-gesund-kochen","status":"publish","type":"product","link":"https:\/\/www.company-move.de\/en\/product\/live-cooking-gesund-kochen\/","title":{"rendered":"Live Cooking"},"content":{"rendered":"<p data-path-to-node=\"3\">The <a href=\"https:\/\/www.company-move.de\/bgm\/gesundheitsthemen\/bewusste-ernaehrung\/\">Nutrition<\/a> ist eine der wirkungsvollsten Stellschrauben der modernen <b data-path-to-node=\"3\" data-index-in-node=\"72\">Prevention<\/b>, da Fehlern\u00e4hrung unmittelbar mit der Entstehung chronischer Zivilisationskrankheiten korreliert. Laut dem <b data-path-to-node=\"3\" data-index-in-node=\"190\">DGE-Ern\u00e4hrungsbericht 2024<\/b> sind bereits ca. <b data-path-to-node=\"3\" data-index-in-node=\"234\">58 % der M\u00e4nner und 41 % der Frauen<\/b> in Deutschland von \u00dcbergewicht betroffen, was langfristig die Produktivit\u00e4t gef\u00e4hrdet.<\/p>\n<p data-path-to-node=\"3\">Our <b data-path-to-node=\"3\" data-index-in-node=\"363\">Live Cooking<\/b> setzt hier an und transformiert theoretisches Wissen in praktische Alltagskompetenz, um die metabolische Gesundheit Ihrer Belegschaft zu f\u00f6rdern. Durch die Verkn\u00fcpfung von <a href=\"https:\/\/www.company-move.de\/format\/motivationsmodule-teambuilding\/\">Teambuilding<\/a> und evidenzbasierter Wissensvermittlung in Ihrem <b data-path-to-node=\"3\" data-index-in-node=\"610\">BGM<\/b> senken Sie proaktiv das Risiko f\u00fcr ern\u00e4hrungsbedingten <b data-path-to-node=\"3\" data-index-in-node=\"669\">Krankenstand<\/b> und steigern die Vitalit\u00e4t am Arbeitsplatz.<\/p>\n<blockquote>\n<p data-path-to-node=\"6,0\"><span style=\"color: #aaad00;\">\u201eErn\u00e4hrungskompetenz ist die Basis f\u00fcr ein gesundes Leben. Wir m\u00fcssen Menschen dort erreichen, wo sie ihren Alltag verbringen, und ihnen zeigen, dass gesunde Ern\u00e4hrung nicht Verzicht bedeutet, sondern Genuss und Lebensqualit\u00e4t steigert.\u201c<\/span><\/p>\n<p data-path-to-node=\"6,1\"><span style=\"color: #aaad00;\">\u2014 <b data-path-to-node=\"6,1\" data-index-in-node=\"2\">Prof. Dr. Bernhard Watzl<\/b>, Vizepr\u00e4sident der Deutschen Gesellschaft f\u00fcr Ern\u00e4hrung (DGE) und renommierter Experte f\u00fcr Ern\u00e4hrungsphysiologie.<\/span><\/p>\n<\/blockquote>\n<p><strong>Live Cooking<\/strong> offers you the opportunity, <strong>Nutritional basics<\/strong> in a fun way and put them directly into practice. Together with our experienced nutritionists, you will prepare<strong> healthy meals in small groups<\/strong> zu, die sowohl lecker als auch nahrhaft sind. Egal, ob <strong><a href=\"https:\/\/www.company-move.de\/gesundheitsmanagement\/betriebliches-gesundheitsmanagement-digital\/\">digital<\/a> oder vor Ort<\/strong> - the experience is all about healthy eating and cooking together. At the end of the event, you will enjoy the dishes you have prepared and receive <strong>Valuable tips for a healthy diet in everyday life<\/strong>.<\/p>\n<p>F\u00fcr mehr Ideen f\u00fcr <a href=\"https:\/\/www.company-move.de\/gesundheitstage-module\/\">Health days<\/a>, klicken Sie sich gerne durch unsere anderen Angebote f\u00fcr betriebliches Gesundheitsmanagement. Etablieren Sie Gesundheitsf\u00f6rderung in Ihrem Unternehmen mit uns als Ihr BGM-Dienstleister!<\/p>","protected":false},"excerpt":{"rendered":"<p>Product short description = Excerpt<\/p>\n<p>Quellen<\/p>\n<ul>\n<li>\n<p data-path-to-node=\"12,0,0\"><b data-path-to-node=\"12,0,0\" data-index-in-node=\"0\">15. DGE-Ern\u00e4hrungsbericht<\/b>, Deutsche Gesellschaft f\u00fcr Ern\u00e4hrung e. V. (DGE), 2024. Fokus: Daten zur Pr\u00e4valenz von \u00dcbergewicht und Adipositas in der deutschen Bev\u00f6lkerung. (<b data-path-to-node=\"12,0,0\" data-index-in-node=\"171\">Offizieller Fachbericht<\/b>)<\/p>\n<\/li>\n<li>\n<p data-path-to-node=\"12,1,0\"><b data-path-to-node=\"12,1,0\" data-index-in-node=\"0\">Pr\u00e4ventionsbericht 2025<\/b>, GKV-Spitzenverband, 2025. Analyse der Wirksamkeit betrieblicher Ma\u00dfnahmen zur Verhaltenspr\u00e4vention im Bereich Ern\u00e4hrung. (<b data-path-to-node=\"12,1,0\" data-index-in-node=\"147\">Offizieller Fachbericht<\/b>)<\/p>\n<\/li>\n<li>\n<p data-path-to-node=\"12,2,0\"><b data-path-to-node=\"12,2,0\" data-index-in-node=\"0\">&#8222;The Impact of Cooking Interventions on Dietary Behaviors&#8220;<\/b>, Journal of Nutrition Education and Behavior, 2024. Meta-Analyse zur Nachhaltigkeit von Kochkursen auf das Ern\u00e4hrungsverhalten. (<b data-path-to-node=\"12,2,0\" data-index-in-node=\"188\">Peer-Review-Journal<\/b>)<\/p>\n<\/li>\n<li>\n<p data-path-to-node=\"12,3,0\"><b data-path-to-node=\"12,3,0\" data-index-in-node=\"0\">&#8222;Dietary quality and workplace productivity: A systematic review&#8220;<\/b>, Public Health Nutrition, 2025. Untersuchung zum Zusammenhang zwischen gesunder Ern\u00e4hrung und Reduktion von Fehlzeiten. (<b data-path-to-node=\"12,3,0\" data-index-in-node=\"187\">Peer-Review-Journal<\/b>)<\/p>\n<\/li>\n<li>\n<p data-path-to-node=\"12,4,0\"><b data-path-to-node=\"12,4,0\" data-index-in-node=\"0\">&#8222;Global Strategy on Diet, Physical Activity and Health&#8220;<\/b>, World Health Organization (WHO), 2024 (Update). Strategiepapier zur F\u00f6rderung gesunder Lebenswelten in Betrieben. (<b data-path-to-node=\"12,4,0\" data-index-in-node=\"172\">Offizieller Organisationsbericht<\/b>)<\/p>\n<\/li>\n<\/ul>","protected":false},"featured_media":6523,"template":"","meta":{"site-sidebar-layout":"default","site-content-layout":"","ast-site-content-layout":"default","site-content-style":"default","site-sidebar-style":"default","ast-global-header-display":"","ast-banner-title-visibility":"","ast-main-header-display":"","ast-hfb-above-header-display":"","ast-hfb-below-header-display":"","ast-hfb-mobile-header-display":"","site-post-title":"","ast-breadcrumbs-content":"","ast-featured-img":"","footer-sml-layout":"","ast-disable-related-posts":"","theme-transparent-header-meta":"default","adv-header-id-meta":"","stick-header-meta":"default","header-above-stick-meta":"","header-main-stick-meta":"","header-below-stick-meta":"","astra-migrate-meta-layouts":"set","ast-page-background-enabled":"default","ast-page-background-meta":{"desktop":{"background-color":"var(--ast-global-color-4)","background-image":"","background-repeat":"repeat","background-position":"center center","background-size":"auto","background-attachment":"scroll","background-type":"","background-media":"","overlay-type":"","overlay-color":"","overlay-opacity":"","overlay-gradient":""},"tablet":{"background-color":"","background-image":"","background-repeat":"repeat","background-position":"center center","background-size":"auto","background-attachment":"scroll","background-type":"","background-media":"","overlay-type":"","overlay-color":"","overlay-opacity":"","overlay-gradient":""},"mobile":{"background-color":"","background-image":"","background-repeat":"repeat","background-position":"center center","background-size":"auto","background-attachment":"scroll","background-type":"","background-media":"","overlay-type":"","overlay-color":"","overlay-opacity":"","overlay-gradient":""}},"ast-content-background-meta":{"desktop":{"background-color":"var(--ast-global-color-5)","background-image":"","background-repeat":"repeat","background-position":"center center","background-size":"auto","background-attachment":"scroll","background-type":"","background-media":"","overlay-type":"","overlay-color":"","overlay-opacity":"","overlay-gradient":""},"tablet":{"background-color":"var(--ast-global-color-5)","background-image":"","background-repeat":"repeat","background-position":"center center","background-size":"auto","background-attachment":"scroll","background-type":"","background-media":"","overlay-type":"","overlay-color":"","overlay-opacity":"","overlay-gradient":""},"mobile":{"background-color":"var(--ast-global-color-5)","background-image":"","background-repeat":"repeat","background-position":"center center","background-size":"auto","background-attachment":"scroll","background-type":"","background-media":"","overlay-type":"","overlay-color":"","overlay-opacity":"","overlay-gradient":""}}},"product_brand":[],"product_cat":[40,45,46],"product_tag":[264,263,226,261,262],"class_list":{"0":"post-6522","1":"product","2":"type-product","3":"status-publish","4":"has-post-thumbnail","6":"product_cat-bewusste-ernaehrung","7":"product_cat-kommunikation-teamentwicklung","8":"product_cat-motivation","9":"product_tag-bewusste-ernaehrung","10":"product_tag-ernaehrungstipps","11":"product_tag-healthy-lifestyle","12":"product_tag-kochaktion","13":"product_tag-mitmachkochen","14":"pa_dauer-ca-60-min","15":"pa_durchfuehrungsform-digital","16":"pa_durchfuehrungsform-praesenz","17":"pa_format-kurse","18":"pa_format-motivationsmodule-teambuilding","19":"pa_format-workshops-webinare","20":"pa_zielgruppe-berufseinsteigende","21":"pa_zielgruppe-beschaeftigte","22":"desktop-align-left","23":"tablet-align-left","24":"mobile-align-left","25":"ast-product-gallery-layout-horizontal-slider","26":"ast-product-gallery-with-no-image","27":"ast-product-tabs-layout-horizontal","29":"first","30":"instock","31":"virtual","32":"sold-individually","33":"purchasable","34":"product-type-simple"},"yoast_head":"<!-- This site is optimized with the Yoast SEO plugin v27.5 - https:\/\/yoast.com\/product\/yoast-seo-wordpress\/ -->\n<title>Live Cooking \u2013 Gesundes Kochen f\u00fcr jeden Geschmack<\/title>\n<meta name=\"description\" content=\"Erleben Sie mit Live Cooking die Freude an gesunder Ern\u00e4hrung! Leckere und nahrhafte Gerichte, die leicht in Ihren Alltag integriert werden k\u00f6nnen.\" \/>\n<meta name=\"robots\" content=\"index, follow, max-snippet:-1, max-image-preview:large, max-video-preview:-1\" \/>\n<link rel=\"canonical\" href=\"https:\/\/www.company-move.de\/en\/product\/live-cooking-gesund-kochen\/\" \/>\n<meta property=\"og:locale\" content=\"en_US\" \/>\n<meta property=\"og:type\" content=\"article\" \/>\n<meta property=\"og:title\" content=\"Live Cooking \u2013 Gesundes Kochen f\u00fcr jeden Geschmack\" \/>\n<meta property=\"og:description\" content=\"Erleben Sie mit Live Cooking die Freude an gesunder Ern\u00e4hrung! Leckere und nahrhafte Gerichte, die leicht in Ihren Alltag integriert werden k\u00f6nnen.\" \/>\n<meta property=\"og:url\" content=\"https:\/\/www.company-move.de\/en\/product\/live-cooking-gesund-kochen\/\" \/>\n<meta property=\"og:site_name\" content=\"Company move GmbH\" \/>\n<meta property=\"article:modified_time\" content=\"2026-04-24T11:34:15+00:00\" \/>\n<meta property=\"og:image\" content=\"https:\/\/www.company-move.de\/wp-content\/uploads\/2024\/10\/life-cooking-Teamevents.jpg\" \/>\n\t<meta property=\"og:image:width\" content=\"960\" \/>\n\t<meta property=\"og:image:height\" content=\"720\" \/>\n\t<meta property=\"og:image:type\" content=\"image\/jpeg\" \/>\n<meta name=\"twitter:card\" content=\"summary_large_image\" \/>\n<meta name=\"twitter:label1\" content=\"Est. reading time\" \/>\n\t<meta name=\"twitter:data1\" content=\"2 minutes\" \/>\n<!-- \/ Yoast SEO plugin. -->","yoast_head_json":{"title":"Live Cooking \u2013 Gesundes Kochen f\u00fcr jeden Geschmack","description":"Erleben Sie mit Live Cooking die Freude an gesunder Ern\u00e4hrung! Leckere und nahrhafte Gerichte, die leicht in Ihren Alltag integriert werden k\u00f6nnen.","robots":{"index":"index","follow":"follow","max-snippet":"max-snippet:-1","max-image-preview":"max-image-preview:large","max-video-preview":"max-video-preview:-1"},"canonical":"https:\/\/www.company-move.de\/en\/product\/live-cooking-gesund-kochen\/","og_locale":"en_US","og_type":"article","og_title":"Live Cooking \u2013 Gesundes Kochen f\u00fcr jeden Geschmack","og_description":"Erleben Sie mit Live Cooking die Freude an gesunder Ern\u00e4hrung! Leckere und nahrhafte Gerichte, die leicht in Ihren Alltag integriert werden k\u00f6nnen.","og_url":"https:\/\/www.company-move.de\/en\/product\/live-cooking-gesund-kochen\/","og_site_name":"Company move GmbH","article_modified_time":"2026-04-24T11:34:15+00:00","og_image":[{"width":960,"height":720,"url":"https:\/\/www.company-move.de\/wp-content\/uploads\/2024\/10\/life-cooking-Teamevents.jpg","type":"image\/jpeg"}],"twitter_card":"summary_large_image","twitter_misc":{"Est. reading time":"2 minutes"},"schema":{"@context":"https:\/\/schema.org","@graph":[{"@type":["WebPage","ItemPage"],"@id":"https:\/\/www.company-move.de\/produkt\/live-cooking-gesund-kochen\/","url":"https:\/\/www.company-move.de\/produkt\/live-cooking-gesund-kochen\/","name":"Live Cooking \u2013 Gesundes Kochen f\u00fcr jeden Geschmack","isPartOf":{"@id":"https:\/\/www.company-move.de\/#website"},"primaryImageOfPage":{"@id":"https:\/\/www.company-move.de\/produkt\/live-cooking-gesund-kochen\/#primaryimage"},"image":{"@id":"https:\/\/www.company-move.de\/produkt\/live-cooking-gesund-kochen\/#primaryimage"},"thumbnailUrl":"https:\/\/www.company-move.de\/wp-content\/uploads\/2024\/10\/life-cooking-Teamevents.jpg","datePublished":"2024-10-08T07:23:22+00:00","dateModified":"2026-04-24T11:34:15+00:00","description":"Erleben Sie mit Live Cooking die Freude an gesunder Ern\u00e4hrung! Leckere und nahrhafte Gerichte, die leicht in Ihren Alltag integriert werden k\u00f6nnen.","breadcrumb":{"@id":"https:\/\/www.company-move.de\/produkt\/live-cooking-gesund-kochen\/#breadcrumb"},"inLanguage":"en-US","potentialAction":[{"@type":"ReadAction","target":["https:\/\/www.company-move.de\/produkt\/live-cooking-gesund-kochen\/"]}]},{"@type":"ImageObject","inLanguage":"en-US","@id":"https:\/\/www.company-move.de\/produkt\/live-cooking-gesund-kochen\/#primaryimage","url":"https:\/\/www.company-move.de\/wp-content\/uploads\/2024\/10\/life-cooking-Teamevents.jpg","contentUrl":"https:\/\/www.company-move.de\/wp-content\/uploads\/2024\/10\/life-cooking-Teamevents.jpg","width":960,"height":720,"caption":"Teilnehmer bereiten unter Anleitung von Ern\u00e4hrungsfachkr\u00e4ften gesunde Gerichte zu."},{"@type":"BreadcrumbList","@id":"https:\/\/www.company-move.de\/produkt\/live-cooking-gesund-kochen\/#breadcrumb","itemListElement":[{"@type":"ListItem","position":1,"name":"Shop","item":"https:\/\/www.company-move.de\/shop\/"},{"@type":"ListItem","position":2,"name":"Live Cooking"}]},{"@type":"WebSite","@id":"https:\/\/www.company-move.de\/#website","url":"https:\/\/www.company-move.de\/","name":"Company move GmbH","description":"Your expert for occupational health management","publisher":{"@id":"https:\/\/www.company-move.de\/#organization"},"potentialAction":[{"@type":"SearchAction","target":{"@type":"EntryPoint","urlTemplate":"https:\/\/www.company-move.de\/?s={search_term_string}"},"query-input":{"@type":"PropertyValueSpecification","valueRequired":true,"valueName":"search_term_string"}}],"inLanguage":"en-US"},{"@type":"Organization","@id":"https:\/\/www.company-move.de\/#organization","name":"Company move GmbH","url":"https:\/\/www.company-move.de\/","logo":{"@type":"ImageObject","inLanguage":"en-US","@id":"https:\/\/www.company-move.de\/#\/schema\/logo\/image\/","url":"https:\/\/www.company-move.de\/wp-content\/uploads\/2024\/05\/cropped-CM-Logo.png","contentUrl":"https:\/\/www.company-move.de\/wp-content\/uploads\/2024\/05\/cropped-CM-Logo.png","width":1599,"height":795,"caption":"Company move GmbH"},"image":{"@id":"https:\/\/www.company-move.de\/#\/schema\/logo\/image\/"}}]}},"_links":{"self":[{"href":"https:\/\/www.company-move.de\/en\/wp-json\/wp\/v2\/product\/6522","targetHints":{"allow":["GET"]}}],"collection":[{"href":"https:\/\/www.company-move.de\/en\/wp-json\/wp\/v2\/product"}],"about":[{"href":"https:\/\/www.company-move.de\/en\/wp-json\/wp\/v2\/types\/product"}],"wp:featuredmedia":[{"embeddable":true,"href":"https:\/\/www.company-move.de\/en\/wp-json\/wp\/v2\/media\/6523"}],"wp:attachment":[{"href":"https:\/\/www.company-move.de\/en\/wp-json\/wp\/v2\/media?parent=6522"}],"wp:term":[{"taxonomy":"product_brand","embeddable":true,"href":"https:\/\/www.company-move.de\/en\/wp-json\/wp\/v2\/product_brand?post=6522"},{"taxonomy":"product_cat","embeddable":true,"href":"https:\/\/www.company-move.de\/en\/wp-json\/wp\/v2\/product_cat?post=6522"},{"taxonomy":"product_tag","embeddable":true,"href":"https:\/\/www.company-move.de\/en\/wp-json\/wp\/v2\/product_tag?post=6522"}],"curies":[{"name":"wp","href":"https:\/\/api.w.org\/{rel}","templated":true}]}}