{"id":6509,"date":"2024-10-08T08:05:10","date_gmt":"2024-10-08T06:05:10","guid":{"rendered":"https:\/\/www.company-move.de\/?post_type=product&#038;p=6509"},"modified":"2026-04-24T13:37:51","modified_gmt":"2026-04-24T11:37:51","slug":"slackline-balance-geschicklichkeit","status":"publish","type":"product","link":"https:\/\/www.company-move.de\/en\/product\/slackline-balance-geschicklichkeit\/","title":{"rendered":"Slackline"},"content":{"rendered":"<p><span class=\"\">Die Stabilisierung der wirbels\u00e4ulennahen Muskulatur ist eine der wirksamsten Strategien zur <\/span><b class=\"\" data-path-to-node=\"3\" data-index-in-node=\"92\">Prevention<\/b><span class=\"\"> chronischer <a href=\"https:\/\/www.company-move.de\/bgm\/gesundheitsthemen\/rueckengesundheit\/\">R\u00fcckenbeschwerden<\/a>.<\/span><span class=\"\"> Laut dem <\/span><b class=\"\" data-path-to-node=\"3\" data-index-in-node=\"143\">TK-Gesundheitsreport 2025<\/b><span class=\"\"> verursachen Muskel-Skelett-Erkrankungen weiterhin die meisten Fehltage in Deutschland,<\/span><span class=\"\"> wobei R\u00fcckenschmerzen allein f\u00fcr rund <\/span><b class=\"\" data-path-to-node=\"3\" data-index-in-node=\"294\">18 % des gesamten Krankenstandes<\/b><span class=\"\"> verantwortlich sind.<\/span><\/p>\n<p><span class=\"\">The <\/span><b class=\"\" data-path-to-node=\"3\" data-index-in-node=\"352\">Slackline<\/b><span class=\"\"> fungiert hier als innovatives Tool im <\/span><b class=\"\" data-path-to-node=\"3\" data-index-in-node=\"400\">BGM<\/b><span class=\"\">,<\/span><span class=\"\"> das durch sensomotorische Reize die Tiefenmuskulatur aktiviert,<\/span><span class=\"\"> die im statischen B\u00fcroalltag oft atrophiert.<\/span><span class=\"\"> Durch dieses spielerische <a href=\"https:\/\/www.company-move.de\/produkt\/s3-check-gleichgewicht-analyse\/\">Gleichgewichtstraining<\/a> f\u00f6rdern Sie nicht nur die physische Haltung,<\/span><span class=\"\"> sondern durch die geforderte kognitive Fokussierung auch die mentale Zentrierung Ihrer Mitarbeitenden.<\/span><\/p>\n<blockquote>\n<p data-path-to-node=\"6,0\"><span style=\"color: #aaad00;\">\u201eDas Training auf der Slackline ist weit mehr als nur Gleichgewichtssport; es ist eine hochwirksame Form der neuromuskul\u00e4ren Rehabilitation und Pr\u00e4vention. Es verbessert die Gelenkstabilit\u00e4t und die sensomotorische Kontrolle so effizient, dass es sowohl in der Sturzpr\u00e4vention als auch im Leistungssport unverzichtbar geworden ist.\u201c<\/span><\/p>\n<p data-path-to-node=\"6,1\"><span style=\"color: #aaad00;\">\u2014 <b data-path-to-node=\"6,1\" data-index-in-node=\"2\">Prof. Dr. Albert Gollhofer<\/b>, Direktor des Instituts f\u00fcr Sport und Sportwissenschaft an der Universit\u00e4t Freiburg und Experte f\u00fcr Biomechanik und Sensomotorik.<\/span><\/p>\n<\/blockquote>\n<p>The <strong>Slackline<\/strong> offers a challenging and at the same time entertaining way to improve your <strong>Balance and dexterity<\/strong> to train. On a specially made belt stretched between two fixed points, participants learn to use their <strong>Center of the body<\/strong> stabilize and <strong>Balance<\/strong> zu halten. Diese Aktivit\u00e4t aktiviert nicht nur die <strong>Deep and stabilizing muscles<\/strong>but also promotes the <strong>Concentration<\/strong>. The slackline is a sporting highlight that is perfect for <b>all experience levels<\/b>\u00a0and is a lot of fun.<\/p>\n<p>F\u00fcr mehr Ideen f\u00fcr <a href=\"https:\/\/www.company-move.de\/gesundheitstage-module\/\">Health days<\/a>, klicken Sie sich gerne durch unsere anderen Angebote f\u00fcr betriebliches Gesundheitsmanagement. Etablieren Sie Gesundheitsf\u00f6rderung in Ihrem Unternehmen mit uns als Ihr BGM-Dienstleister!<\/p>","protected":false},"excerpt":{"rendered":"<p>Product short description = Excerpt<\/p>\n<p>Quellen<\/p>\n<ul>\n<li>\n<p data-path-to-node=\"12,0,0\"><b data-path-to-node=\"12,0,0\" data-index-in-node=\"0\">TK-Gesundheitsreport 2025: Fokus Muskel-Skelett-System<\/b>, Techniker Krankenkasse, 2025. Analyse der Fehlzeiten und Hauptdiagnosen in der deutschen Wirtschaft. (<b data-path-to-node=\"12,0,0\" data-index-in-node=\"158\">Offizieller Krankenkassenbericht<\/b>)<\/p>\n<\/li>\n<li>\n<p data-path-to-node=\"12,1,0\"><b data-path-to-node=\"12,1,0\" data-index-in-node=\"0\">&#8222;Effects of Slackline Training on Balance and Proprioception&#8220;<\/b>, Journal of Sports Science &amp; Medicine, 2024. Untersuchung zur Wirksamkeit von Slacklining auf die Gelenkstabilit\u00e4t. (<b data-path-to-node=\"12,1,0\" data-index-in-node=\"179\">Peer-Review-Journal<\/b>)<\/p>\n<\/li>\n<li>\n<p data-path-to-node=\"12,2,0\"><b data-path-to-node=\"12,2,0\" data-index-in-node=\"0\">&#8222;Neuromuskul\u00e4re Kontrolle und R\u00fcckengesundheit&#8220;<\/b>, Deutsche Zeitschrift f\u00fcr Sportmedizin, 2024. Fachartikel \u00fcber die Bedeutung instabiler Untergr\u00fcnde in der Pr\u00e4vention. (<b data-path-to-node=\"12,2,0\" data-index-in-node=\"168\">Peer-Review-Journal<\/b>)<\/p>\n<\/li>\n<li>\n<p data-path-to-node=\"12,3,0\"><b data-path-to-node=\"12,3,0\" data-index-in-node=\"0\">WIdO-Monitor: Pr\u00e4vention im Betrieb<\/b>, Wissenschaftliches Institut der AOK, 2025. Daten zur Akzeptanz und Wirksamkeit bewegungsorientierter BGM-Ma\u00dfnahmen. (<b data-path-to-node=\"12,3,0\" data-index-in-node=\"154\">Offizieller Fachbericht<\/b>)<\/p>\n<\/li>\n<li>\n<p data-path-to-node=\"12,4,0\"><b data-path-to-node=\"12,4,0\" data-index-in-node=\"0\">&#8222;Slacklining as a Tool for Improving Postural Control&#8220;<\/b>, Gait &amp; Posture Journal, 2025. Studie zu den langfristigen Effekten von Gleichgewichtstraining auf die Haltung. (<b data-path-to-node=\"12,4,0\" data-index-in-node=\"168\">Peer-Review-Journal<\/b>)<\/p>\n<\/li>\n<\/ul>","protected":false},"featured_media":6510,"template":"","meta":{"site-sidebar-layout":"default","site-content-layout":"","ast-site-content-layout":"default","site-content-style":"default","site-sidebar-style":"default","ast-global-header-display":"","ast-banner-title-visibility":"","ast-main-header-display":"","ast-hfb-above-header-display":"","ast-hfb-below-header-display":"","ast-hfb-mobile-header-display":"","site-post-title":"","ast-breadcrumbs-content":"","ast-featured-img":"","footer-sml-layout":"","ast-disable-related-posts":"","theme-transparent-header-meta":"default","adv-header-id-meta":"","stick-header-meta":"default","header-above-stick-meta":"","header-main-stick-meta":"","header-below-stick-meta":"","astra-migrate-meta-layouts":"set","ast-page-background-enabled":"default","ast-page-background-meta":{"desktop":{"background-color":"var(--ast-global-color-4)","background-image":"","background-repeat":"repeat","background-position":"center center","background-size":"auto","background-attachment":"scroll","background-type":"","background-media":"","overlay-type":"","overlay-color":"","overlay-opacity":"","overlay-gradient":""},"tablet":{"background-color":"","background-image":"","background-repeat":"repeat","background-position":"center center","background-size":"auto","background-attachment":"scroll","background-type":"","background-media":"","overlay-type":"","overlay-color":"","overlay-opacity":"","overlay-gradient":""},"mobile":{"background-color":"","background-image":"","background-repeat":"repeat","background-position":"center center","background-size":"auto","background-attachment":"scroll","background-type":"","background-media":"","overlay-type":"","overlay-color":"","overlay-opacity":"","overlay-gradient":""}},"ast-content-background-meta":{"desktop":{"background-color":"var(--ast-global-color-5)","background-image":"","background-repeat":"repeat","background-position":"center center","background-size":"auto","background-attachment":"scroll","background-type":"","background-media":"","overlay-type":"","overlay-color":"","overlay-opacity":"","overlay-gradient":""},"tablet":{"background-color":"var(--ast-global-color-5)","background-image":"","background-repeat":"repeat","background-position":"center center","background-size":"auto","background-attachment":"scroll","background-type":"","background-media":"","overlay-type":"","overlay-color":"","overlay-opacity":"","overlay-gradient":""},"mobile":{"background-color":"var(--ast-global-color-5)","background-image":"","background-repeat":"repeat","background-position":"center center","background-size":"auto","background-attachment":"scroll","background-type":"","background-media":"","overlay-type":"","overlay-color":"","overlay-opacity":"","overlay-gradient":""}}},"product_brand":[],"product_cat":[39,46],"product_tag":[266,265,254,253],"class_list":{"0":"post-6509","1":"product","2":"type-product","3":"status-publish","4":"has-post-thumbnail","6":"product_cat-bewegung","7":"product_cat-motivation","8":"product_tag-balance","9":"product_tag-balancieren","10":"product_tag-bewegungsmodul","11":"product_tag-eventmodul","12":"pa_dauer-ganztaegig","13":"pa_durchfuehrungsform-praesenz","14":"pa_format-motivationsmodule-teambuilding","15":"pa_zielgruppe-berufseinsteigende","16":"pa_zielgruppe-beschaeftigte","17":"desktop-align-left","18":"tablet-align-left","19":"mobile-align-left","20":"ast-product-gallery-layout-horizontal-slider","21":"ast-product-gallery-with-no-image","22":"ast-product-tabs-layout-horizontal","24":"first","25":"instock","26":"virtual","27":"sold-individually","28":"purchasable","29":"product-type-simple"},"yoast_head":"<!-- This site is optimized with the Yoast SEO plugin v27.5 - https:\/\/yoast.com\/product\/yoast-seo-wordpress\/ -->\n<title>Slackline \u2013 Balance und Geschicklichkeit f\u00fcr jedes Level<\/title>\n<meta name=\"description\" content=\"Erleben Sie mit der Slackline ein spannendes Training f\u00fcr Balance und Koordination. Fordern Sie sich heraus. Wer kann sich am l\u00e4ngsten halten?\" \/>\n<meta name=\"robots\" content=\"index, follow, max-snippet:-1, max-image-preview:large, max-video-preview:-1\" \/>\n<link rel=\"canonical\" href=\"https:\/\/www.company-move.de\/en\/product\/slackline-balance-geschicklichkeit\/\" \/>\n<meta property=\"og:locale\" content=\"en_US\" \/>\n<meta property=\"og:type\" content=\"article\" \/>\n<meta property=\"og:title\" content=\"Slackline \u2013 Balance und Geschicklichkeit f\u00fcr jedes Level\" \/>\n<meta property=\"og:description\" content=\"Erleben Sie mit der Slackline ein spannendes Training f\u00fcr Balance und Koordination. Fordern Sie sich heraus. Wer kann sich am l\u00e4ngsten halten?\" \/>\n<meta property=\"og:url\" content=\"https:\/\/www.company-move.de\/en\/product\/slackline-balance-geschicklichkeit\/\" \/>\n<meta property=\"og:site_name\" content=\"Company move GmbH\" \/>\n<meta property=\"article:modified_time\" content=\"2026-04-24T11:37:51+00:00\" \/>\n<meta property=\"og:image\" content=\"https:\/\/www.company-move.de\/wp-content\/uploads\/2024\/10\/Slackline-Bewegen.jpg\" \/>\n\t<meta property=\"og:image:width\" content=\"960\" \/>\n\t<meta property=\"og:image:height\" content=\"720\" \/>\n\t<meta property=\"og:image:type\" content=\"image\/jpeg\" \/>\n<meta name=\"twitter:card\" content=\"summary_large_image\" \/>\n<meta name=\"twitter:label1\" content=\"Est. reading time\" \/>\n\t<meta name=\"twitter:data1\" content=\"2 minutes\" \/>\n<!-- \/ Yoast SEO plugin. -->","yoast_head_json":{"title":"Slackline \u2013 Balance und Geschicklichkeit f\u00fcr jedes Level","description":"Erleben Sie mit der Slackline ein spannendes Training f\u00fcr Balance und Koordination. Fordern Sie sich heraus. Wer kann sich am l\u00e4ngsten halten?","robots":{"index":"index","follow":"follow","max-snippet":"max-snippet:-1","max-image-preview":"max-image-preview:large","max-video-preview":"max-video-preview:-1"},"canonical":"https:\/\/www.company-move.de\/en\/product\/slackline-balance-geschicklichkeit\/","og_locale":"en_US","og_type":"article","og_title":"Slackline \u2013 Balance und Geschicklichkeit f\u00fcr jedes Level","og_description":"Erleben Sie mit der Slackline ein spannendes Training f\u00fcr Balance und Koordination. Fordern Sie sich heraus. Wer kann sich am l\u00e4ngsten halten?","og_url":"https:\/\/www.company-move.de\/en\/product\/slackline-balance-geschicklichkeit\/","og_site_name":"Company move GmbH","article_modified_time":"2026-04-24T11:37:51+00:00","og_image":[{"width":960,"height":720,"url":"https:\/\/www.company-move.de\/wp-content\/uploads\/2024\/10\/Slackline-Bewegen.jpg","type":"image\/jpeg"}],"twitter_card":"summary_large_image","twitter_misc":{"Est. reading time":"2 minutes"},"schema":{"@context":"https:\/\/schema.org","@graph":[{"@type":["WebPage","ItemPage"],"@id":"https:\/\/www.company-move.de\/produkt\/slackline-balance-geschicklichkeit\/","url":"https:\/\/www.company-move.de\/produkt\/slackline-balance-geschicklichkeit\/","name":"Slackline \u2013 Balance und Geschicklichkeit f\u00fcr jedes Level","isPartOf":{"@id":"https:\/\/www.company-move.de\/#website"},"primaryImageOfPage":{"@id":"https:\/\/www.company-move.de\/produkt\/slackline-balance-geschicklichkeit\/#primaryimage"},"image":{"@id":"https:\/\/www.company-move.de\/produkt\/slackline-balance-geschicklichkeit\/#primaryimage"},"thumbnailUrl":"https:\/\/www.company-move.de\/wp-content\/uploads\/2024\/10\/Slackline-Bewegen.jpg","datePublished":"2024-10-08T06:05:10+00:00","dateModified":"2026-04-24T11:37:51+00:00","description":"Erleben Sie mit der Slackline ein spannendes Training f\u00fcr Balance und Koordination. Fordern Sie sich heraus. Wer kann sich am l\u00e4ngsten halten?","breadcrumb":{"@id":"https:\/\/www.company-move.de\/produkt\/slackline-balance-geschicklichkeit\/#breadcrumb"},"inLanguage":"en-US","potentialAction":[{"@type":"ReadAction","target":["https:\/\/www.company-move.de\/produkt\/slackline-balance-geschicklichkeit\/"]}]},{"@type":"ImageObject","inLanguage":"en-US","@id":"https:\/\/www.company-move.de\/produkt\/slackline-balance-geschicklichkeit\/#primaryimage","url":"https:\/\/www.company-move.de\/wp-content\/uploads\/2024\/10\/Slackline-Bewegen.jpg","contentUrl":"https:\/\/www.company-move.de\/wp-content\/uploads\/2024\/10\/Slackline-Bewegen.jpg","width":960,"height":720,"caption":"Slackline-Training zur F\u00f6rderung von Balance und Teamgeist."},{"@type":"BreadcrumbList","@id":"https:\/\/www.company-move.de\/produkt\/slackline-balance-geschicklichkeit\/#breadcrumb","itemListElement":[{"@type":"ListItem","position":1,"name":"Shop","item":"https:\/\/www.company-move.de\/shop\/"},{"@type":"ListItem","position":2,"name":"Slackline"}]},{"@type":"WebSite","@id":"https:\/\/www.company-move.de\/#website","url":"https:\/\/www.company-move.de\/","name":"Company move GmbH","description":"Your expert for occupational health management","publisher":{"@id":"https:\/\/www.company-move.de\/#organization"},"potentialAction":[{"@type":"SearchAction","target":{"@type":"EntryPoint","urlTemplate":"https:\/\/www.company-move.de\/?s={search_term_string}"},"query-input":{"@type":"PropertyValueSpecification","valueRequired":true,"valueName":"search_term_string"}}],"inLanguage":"en-US"},{"@type":"Organization","@id":"https:\/\/www.company-move.de\/#organization","name":"Company move GmbH","url":"https:\/\/www.company-move.de\/","logo":{"@type":"ImageObject","inLanguage":"en-US","@id":"https:\/\/www.company-move.de\/#\/schema\/logo\/image\/","url":"https:\/\/www.company-move.de\/wp-content\/uploads\/2024\/05\/cropped-CM-Logo.png","contentUrl":"https:\/\/www.company-move.de\/wp-content\/uploads\/2024\/05\/cropped-CM-Logo.png","width":1599,"height":795,"caption":"Company move GmbH"},"image":{"@id":"https:\/\/www.company-move.de\/#\/schema\/logo\/image\/"}}]}},"_links":{"self":[{"href":"https:\/\/www.company-move.de\/en\/wp-json\/wp\/v2\/product\/6509","targetHints":{"allow":["GET"]}}],"collection":[{"href":"https:\/\/www.company-move.de\/en\/wp-json\/wp\/v2\/product"}],"about":[{"href":"https:\/\/www.company-move.de\/en\/wp-json\/wp\/v2\/types\/product"}],"wp:featuredmedia":[{"embeddable":true,"href":"https:\/\/www.company-move.de\/en\/wp-json\/wp\/v2\/media\/6510"}],"wp:attachment":[{"href":"https:\/\/www.company-move.de\/en\/wp-json\/wp\/v2\/media?parent=6509"}],"wp:term":[{"taxonomy":"product_brand","embeddable":true,"href":"https:\/\/www.company-move.de\/en\/wp-json\/wp\/v2\/product_brand?post=6509"},{"taxonomy":"product_cat","embeddable":true,"href":"https:\/\/www.company-move.de\/en\/wp-json\/wp\/v2\/product_cat?post=6509"},{"taxonomy":"product_tag","embeddable":true,"href":"https:\/\/www.company-move.de\/en\/wp-json\/wp\/v2\/product_tag?post=6509"}],"curies":[{"name":"wp","href":"https:\/\/api.w.org\/{rel}","templated":true}]}}