{"id":6498,"date":"2024-10-07T16:04:47","date_gmt":"2024-10-07T14:04:47","guid":{"rendered":"https:\/\/www.company-move.de\/?post_type=product&#038;p=6498"},"modified":"2026-04-24T14:15:41","modified_gmt":"2026-04-24T12:15:41","slug":"entspannungskurse-innere-ruhe","status":"publish","type":"product","link":"https:\/\/www.company-move.de\/en\/product\/entspannungskurse-innere-ruhe\/","title":{"rendered":"Relaxation courses"},"content":{"rendered":"<p>Professionelle <b data-path-to-node=\"3\" data-index-in-node=\"15\">Relaxation courses<\/b> bilden im modernen <b data-path-to-node=\"3\" data-index-in-node=\"52\">BGM<\/b> das strategische Fundament, um die psychische Widerstandskraft der Belegschaft nachhaltig zu st\u00e4rken. Durch den Einsatz zielgerichteter <b data-path-to-node=\"3\" data-index-in-node=\"192\">Relaxation courses<\/b> reagieren Unternehmen effektiv auf den besorgniserregenden Trend psychisch bedingter Fehlzeiten, die laut <b data-path-to-node=\"3\" data-index-in-node=\"316\">DAK-Psychreport 2024<\/b> with <b data-path-to-node=\"3\" data-index-in-node=\"341\">323 Fehltagen je 100 Versicherte<\/b> einen historischen H\u00f6chststand erreicht haben.<\/p>\n<p>Diese evidenzbasierte Form der <b data-path-to-node=\"3\" data-index-in-node=\"452\">Prevention<\/b> nutzt Verfahren wie PMR und Autogenes Training, um die Stressreaktivit\u00e4t direkt am Arbeitsplatz zu senken. So l\u00e4sst sich durch ein systematisches <a href=\"https:\/\/www.company-move.de\/bgm\/gesundheitsthemen\/stressbewaeltigung\/\">Stress management<\/a> nicht nur die mentale Gesundheit f\u00f6rdern, sondern auch der krankheitsbedingte <b data-path-to-node=\"3\" data-index-in-node=\"704\">Krankenstand<\/b> signifikant und messbar reduzieren.<\/p>\n<blockquote>\n<p data-path-to-node=\"6,0\"><span style=\"color: #aaad00;\">\u201eRegelm\u00e4\u00dfige Entspannungsverfahren f\u00fchren nachweislich zu einer Harmonisierung des vegetativen Nervensystems. Methoden wie die Progressive Muskelentspannung oder das Autogene Training sind klinisch hochwirksam, um die Stressreaktivit\u00e4t zu senken und psychosomatischen Beschwerden effektiv vorzubeugen.\u201c<\/span><\/p>\n<p data-path-to-node=\"6,1\"><span style=\"color: #aaad00;\">\u2014 <b data-path-to-node=\"6,1\" data-index-in-node=\"2\">Dr. med. Gunther Schmidt<\/b>, Facharzt f\u00fcr psychosomatische Medizin und Psychotherapie, Mitbegr\u00fcnder des Instituts f\u00fcr systemische Beratung (Heidelberg) und renommierter Experte f\u00fcr Hypnosystemik und Stressmanagement.<\/span><\/p>\n<\/blockquote>\n<p>Our <strong>Relaxation courses<\/strong> offer you the opportunity to specifically reduce tension and improve your <strong>inner balance<\/strong> to find. Whether through yoga, progressive muscle relaxation, guided meditation or autogenic training - our courses are designed to help you to <strong>effektive<a href=\"https:\/\/www.company-move.de\/bgm\/gesundheitsthemen\/entspannung\/\"> Relaxation techniques<\/a><\/strong> zu vermitteln und die Muskulatur zu lockern. Das erfahrene Trainerpersonal f\u00fchrt Sie durch die verschiedenen Methoden, um <strong>Bringing body and mind into harmony<\/strong>.<\/p>\n<p>F\u00fcr mehr Ideen f\u00fcr<a href=\"https:\/\/www.company-move.de\/gesundheitstage-module\/\"> Health days<\/a>, klicken Sie sich gerne durch unsere anderen Angebote f\u00fcr betriebliches Gesundheitsmanagement. Etablieren Sie Gesundheitsf\u00f6rderung in Ihrem Unternehmen mit uns als Ihr BGM-Dienstleister!<\/p>","protected":false},"excerpt":{"rendered":"<p>Product short description = Excerpt<\/p>\n<p>Quellen<\/p>\n<ul>\n<li>\n<p data-path-to-node=\"12,0,0\"><b data-path-to-node=\"12,0,0\" data-index-in-node=\"0\">DAK-Psychreport 2024: Analyse der Arbeitsunf\u00e4higkeitsdaten<\/b>, DAK-Gesundheit, 2024. Statistische Erhebung zur Entwicklung psychischer Diagnosen in der Arbeitswelt. (<b data-path-to-node=\"12,0,0\" data-index-in-node=\"163\">Offizieller Krankenkassenbericht<\/b>)<\/p>\n<\/li>\n<li>\n<p data-path-to-node=\"12,1,0\"><b data-path-to-node=\"12,1,0\" data-index-in-node=\"0\">&#8222;Wirksamkeit von Entspannungsverfahren bei psychischen Belastungen&#8220;<\/b>, Robert Koch-Institut (RKI), Gesundheitsberichterstattung des Bundes, 2024\/2025 (Update). (<b data-path-to-node=\"12,1,0\" data-index-in-node=\"159\">Offizieller Regierungsbericht<\/b>)<\/p>\n<\/li>\n<li>\n<p data-path-to-node=\"12,2,0\"><b data-path-to-node=\"12,2,0\" data-index-in-node=\"0\">&#8222;Effectiveness of Workplace-Based Relaxation Trainings: A Systematic Review&#8220;<\/b>, Journal of Occupational Health Psychology, 2025. Studie zur langfristigen Reduktion des Burnout-Risikos. (<b data-path-to-node=\"12,2,0\" data-index-in-node=\"184\">Peer-Review-Journal<\/b>)<\/p>\n<\/li>\n<li>\n<p data-path-to-node=\"12,3,0\"><b data-path-to-node=\"12,3,0\" data-index-in-node=\"0\">Leitfaden Pr\u00e4vention<\/b>, GKV-Spitzenverband, 2025. Kriterien f\u00fcr zertifizierte Entspannungskurse in der betrieblichen Gesundheitsf\u00f6rderung. (<b data-path-to-node=\"12,3,0\" data-index-in-node=\"138\">Offizieller Fachbericht<\/b>)<\/p>\n<\/li>\n<li>\n<p data-path-to-node=\"12,4,0\"><b data-path-to-node=\"12,4,0\" data-index-in-node=\"0\">&#8222;Mindfulness and Relaxation at Work&#8220;<\/b>, Nature Reviews Psychology, 2024. Untersuchung der neurobiologischen Effekte von Meditation und Yoga im beruflichen Kontext. (<b data-path-to-node=\"12,4,0\" data-index-in-node=\"163\">Peer-Review-Journal<\/b>)<\/p>\n<\/li>\n<\/ul>","protected":false},"featured_media":6499,"template":"","meta":{"site-sidebar-layout":"default","site-content-layout":"","ast-site-content-layout":"default","site-content-style":"default","site-sidebar-style":"default","ast-global-header-display":"","ast-banner-title-visibility":"","ast-main-header-display":"","ast-hfb-above-header-display":"","ast-hfb-below-header-display":"","ast-hfb-mobile-header-display":"","site-post-title":"","ast-breadcrumbs-content":"","ast-featured-img":"","footer-sml-layout":"","ast-disable-related-posts":"","theme-transparent-header-meta":"default","adv-header-id-meta":"","stick-header-meta":"default","header-above-stick-meta":"","header-main-stick-meta":"","header-below-stick-meta":"","astra-migrate-meta-layouts":"set","ast-page-background-enabled":"default","ast-page-background-meta":{"desktop":{"background-color":"var(--ast-global-color-4)","background-image":"","background-repeat":"repeat","background-position":"center center","background-size":"auto","background-attachment":"scroll","background-type":"","background-media":"","overlay-type":"","overlay-color":"","overlay-opacity":"","overlay-gradient":""},"tablet":{"background-color":"","background-image":"","background-repeat":"repeat","background-position":"center center","background-size":"auto","background-attachment":"scroll","background-type":"","background-media":"","overlay-type":"","overlay-color":"","overlay-opacity":"","overlay-gradient":""},"mobile":{"background-color":"","background-image":"","background-repeat":"repeat","background-position":"center center","background-size":"auto","background-attachment":"scroll","background-type":"","background-media":"","overlay-type":"","overlay-color":"","overlay-opacity":"","overlay-gradient":""}},"ast-content-background-meta":{"desktop":{"background-color":"var(--ast-global-color-5)","background-image":"","background-repeat":"repeat","background-position":"center center","background-size":"auto","background-attachment":"scroll","background-type":"","background-media":"","overlay-type":"","overlay-color":"","overlay-opacity":"","overlay-gradient":""},"tablet":{"background-color":"var(--ast-global-color-5)","background-image":"","background-repeat":"repeat","background-position":"center center","background-size":"auto","background-attachment":"scroll","background-type":"","background-media":"","overlay-type":"","overlay-color":"","overlay-opacity":"","overlay-gradient":""},"mobile":{"background-color":"var(--ast-global-color-5)","background-image":"","background-repeat":"repeat","background-position":"center center","background-size":"auto","background-attachment":"scroll","background-type":"","background-media":"","overlay-type":"","overlay-color":"","overlay-opacity":"","overlay-gradient":""}}},"product_brand":[],"product_cat":[39,41,45,46,48],"product_tag":[254,274,77],"class_list":{"0":"post-6498","1":"product","2":"type-product","3":"status-publish","4":"has-post-thumbnail","6":"product_cat-bewegung","7":"product_cat-entspannung","8":"product_cat-kommunikation-teamentwicklung","9":"product_cat-motivation","10":"product_cat-psychische-gesundheit","11":"product_tag-bewegungsmodul","12":"product_tag-entspannung-kurse","13":"product_tag-top","14":"pa_dauer-ca-30-min","15":"pa_dauer-ca-60-min","16":"pa_dauer-ca-90-min","17":"pa_durchfuehrungsform-digital","18":"pa_durchfuehrungsform-praesenz","19":"pa_format-kurse","20":"pa_format-motivationsmodule-teambuilding","21":"pa_zielgruppe-berufseinsteigende","22":"pa_zielgruppe-beschaeftigte","23":"desktop-align-left","24":"tablet-align-left","25":"mobile-align-left","26":"ast-product-gallery-layout-horizontal-slider","27":"ast-product-gallery-with-no-image","28":"ast-product-tabs-layout-horizontal","30":"first","31":"instock","32":"virtual","33":"sold-individually","34":"purchasable","35":"product-type-simple"},"yoast_head":"<!-- This site is optimized with the Yoast SEO plugin v27.5 - https:\/\/yoast.com\/product\/yoast-seo-wordpress\/ -->\n<title>Entspannungskurse \u2013 Finde Deine innere Ruhe<\/title>\n<meta name=\"description\" content=\"Erleben Sie effektive Entspannungstechniken in unseren Entspannungskursen. Lernen Sie, Stress abzubauen und Ihre Muskulatur zu lockern.\" \/>\n<meta name=\"robots\" content=\"index, follow, max-snippet:-1, max-image-preview:large, max-video-preview:-1\" \/>\n<link rel=\"canonical\" href=\"https:\/\/www.company-move.de\/en\/product\/entspannungskurse-innere-ruhe\/\" \/>\n<meta property=\"og:locale\" content=\"en_US\" \/>\n<meta property=\"og:type\" content=\"article\" \/>\n<meta property=\"og:title\" content=\"Entspannungskurse \u2013 Finde Deine innere Ruhe\" \/>\n<meta property=\"og:description\" content=\"Erleben Sie effektive Entspannungstechniken in unseren Entspannungskursen. Lernen Sie, Stress abzubauen und Ihre Muskulatur zu lockern.\" \/>\n<meta property=\"og:url\" content=\"https:\/\/www.company-move.de\/en\/product\/entspannungskurse-innere-ruhe\/\" \/>\n<meta property=\"og:site_name\" content=\"Company move GmbH\" \/>\n<meta property=\"article:modified_time\" content=\"2026-04-24T12:15:41+00:00\" \/>\n<meta property=\"og:image\" content=\"https:\/\/www.company-move.de\/wp-content\/uploads\/2024\/10\/Entspannungskurse.jpg\" \/>\n\t<meta property=\"og:image:width\" content=\"960\" \/>\n\t<meta property=\"og:image:height\" content=\"720\" \/>\n\t<meta property=\"og:image:type\" content=\"image\/jpeg\" \/>\n<meta name=\"twitter:card\" content=\"summary_large_image\" \/>\n<meta name=\"twitter:label1\" content=\"Est. reading time\" \/>\n\t<meta name=\"twitter:data1\" content=\"2 minutes\" \/>\n<!-- \/ Yoast SEO plugin. -->","yoast_head_json":{"title":"Entspannungskurse \u2013 Finde Deine innere Ruhe","description":"Erleben Sie effektive Entspannungstechniken in unseren Entspannungskursen. Lernen Sie, Stress abzubauen und Ihre Muskulatur zu lockern.","robots":{"index":"index","follow":"follow","max-snippet":"max-snippet:-1","max-image-preview":"max-image-preview:large","max-video-preview":"max-video-preview:-1"},"canonical":"https:\/\/www.company-move.de\/en\/product\/entspannungskurse-innere-ruhe\/","og_locale":"en_US","og_type":"article","og_title":"Entspannungskurse \u2013 Finde Deine innere Ruhe","og_description":"Erleben Sie effektive Entspannungstechniken in unseren Entspannungskursen. Lernen Sie, Stress abzubauen und Ihre Muskulatur zu lockern.","og_url":"https:\/\/www.company-move.de\/en\/product\/entspannungskurse-innere-ruhe\/","og_site_name":"Company move GmbH","article_modified_time":"2026-04-24T12:15:41+00:00","og_image":[{"width":960,"height":720,"url":"https:\/\/www.company-move.de\/wp-content\/uploads\/2024\/10\/Entspannungskurse.jpg","type":"image\/jpeg"}],"twitter_card":"summary_large_image","twitter_misc":{"Est. reading time":"2 minutes"},"schema":{"@context":"https:\/\/schema.org","@graph":[{"@type":["WebPage","ItemPage"],"@id":"https:\/\/www.company-move.de\/produkt\/entspannungskurse-innere-ruhe\/","url":"https:\/\/www.company-move.de\/produkt\/entspannungskurse-innere-ruhe\/","name":"Entspannungskurse \u2013 Finde Deine innere Ruhe","isPartOf":{"@id":"https:\/\/www.company-move.de\/#website"},"primaryImageOfPage":{"@id":"https:\/\/www.company-move.de\/produkt\/entspannungskurse-innere-ruhe\/#primaryimage"},"image":{"@id":"https:\/\/www.company-move.de\/produkt\/entspannungskurse-innere-ruhe\/#primaryimage"},"thumbnailUrl":"https:\/\/www.company-move.de\/wp-content\/uploads\/2024\/10\/Entspannungskurse.jpg","datePublished":"2024-10-07T14:04:47+00:00","dateModified":"2026-04-24T12:15:41+00:00","description":"Erleben Sie effektive Entspannungstechniken in unseren Entspannungskursen. Lernen Sie, Stress abzubauen und Ihre Muskulatur zu lockern.","breadcrumb":{"@id":"https:\/\/www.company-move.de\/produkt\/entspannungskurse-innere-ruhe\/#breadcrumb"},"inLanguage":"en-US","potentialAction":[{"@type":"ReadAction","target":["https:\/\/www.company-move.de\/produkt\/entspannungskurse-innere-ruhe\/"]}]},{"@type":"ImageObject","inLanguage":"en-US","@id":"https:\/\/www.company-move.de\/produkt\/entspannungskurse-innere-ruhe\/#primaryimage","url":"https:\/\/www.company-move.de\/wp-content\/uploads\/2024\/10\/Entspannungskurse.jpg","contentUrl":"https:\/\/www.company-move.de\/wp-content\/uploads\/2024\/10\/Entspannungskurse.jpg","width":960,"height":720,"caption":"Teilnehmer erlernen effektive Entspannungstechniken zur Stressbew\u00e4ltigung"},{"@type":"BreadcrumbList","@id":"https:\/\/www.company-move.de\/produkt\/entspannungskurse-innere-ruhe\/#breadcrumb","itemListElement":[{"@type":"ListItem","position":1,"name":"Shop","item":"https:\/\/www.company-move.de\/shop\/"},{"@type":"ListItem","position":2,"name":"Entspannungskurse"}]},{"@type":"WebSite","@id":"https:\/\/www.company-move.de\/#website","url":"https:\/\/www.company-move.de\/","name":"Company move GmbH","description":"Your expert for occupational health management","publisher":{"@id":"https:\/\/www.company-move.de\/#organization"},"potentialAction":[{"@type":"SearchAction","target":{"@type":"EntryPoint","urlTemplate":"https:\/\/www.company-move.de\/?s={search_term_string}"},"query-input":{"@type":"PropertyValueSpecification","valueRequired":true,"valueName":"search_term_string"}}],"inLanguage":"en-US"},{"@type":"Organization","@id":"https:\/\/www.company-move.de\/#organization","name":"Company move GmbH","url":"https:\/\/www.company-move.de\/","logo":{"@type":"ImageObject","inLanguage":"en-US","@id":"https:\/\/www.company-move.de\/#\/schema\/logo\/image\/","url":"https:\/\/www.company-move.de\/wp-content\/uploads\/2024\/05\/cropped-CM-Logo.png","contentUrl":"https:\/\/www.company-move.de\/wp-content\/uploads\/2024\/05\/cropped-CM-Logo.png","width":1599,"height":795,"caption":"Company move GmbH"},"image":{"@id":"https:\/\/www.company-move.de\/#\/schema\/logo\/image\/"}}]}},"_links":{"self":[{"href":"https:\/\/www.company-move.de\/en\/wp-json\/wp\/v2\/product\/6498","targetHints":{"allow":["GET"]}}],"collection":[{"href":"https:\/\/www.company-move.de\/en\/wp-json\/wp\/v2\/product"}],"about":[{"href":"https:\/\/www.company-move.de\/en\/wp-json\/wp\/v2\/types\/product"}],"wp:featuredmedia":[{"embeddable":true,"href":"https:\/\/www.company-move.de\/en\/wp-json\/wp\/v2\/media\/6499"}],"wp:attachment":[{"href":"https:\/\/www.company-move.de\/en\/wp-json\/wp\/v2\/media?parent=6498"}],"wp:term":[{"taxonomy":"product_brand","embeddable":true,"href":"https:\/\/www.company-move.de\/en\/wp-json\/wp\/v2\/product_brand?post=6498"},{"taxonomy":"product_cat","embeddable":true,"href":"https:\/\/www.company-move.de\/en\/wp-json\/wp\/v2\/product_cat?post=6498"},{"taxonomy":"product_tag","embeddable":true,"href":"https:\/\/www.company-move.de\/en\/wp-json\/wp\/v2\/product_tag?post=6498"}],"curies":[{"name":"wp","href":"https:\/\/api.w.org\/{rel}","templated":true}]}}