{"id":6492,"date":"2024-10-07T15:42:50","date_gmt":"2024-10-07T13:42:50","guid":{"rendered":"https:\/\/www.company-move.de\/?post_type=product&#038;p=6492"},"modified":"2026-04-24T14:20:31","modified_gmt":"2026-04-24T12:20:31","slug":"mobile-massage-am-arbeitsplatz","status":"publish","type":"product","link":"https:\/\/www.company-move.de\/en\/product\/mobile-massage-am-arbeitsplatz\/","title":{"rendered":"Mobile massage"},"content":{"rendered":"<p>The <b data-path-to-node=\"3\" data-index-in-node=\"4\">Mobile massage<\/b> stellt im modernen <b data-path-to-node=\"3\" data-index-in-node=\"38\">BGM<\/b> eine hocheffektive Ad-hoc-Ma\u00dfnahme dar, um muskul\u00e4ren Dysbalancen und spannungsbedingten Beschwerden unmittelbar am Arbeitsplatz zu begegnen. Durch die gezielte Implementierung einer <b data-path-to-node=\"3\" data-index-in-node=\"225\">Mobile massage<\/b> reagieren Unternehmen auf die steigende Belastung durch Muskel-Skelett-Erkrankungen, die laut dem <b data-path-to-node=\"3\" data-index-in-node=\"338\">DAK-Gesundheitsreport 2024<\/b> f\u00fcr beachtliche <b data-path-to-node=\"3\" data-index-in-node=\"381\">416 Fehltage je 100 Versicherte<\/b> verantwortlich sind.<\/p>\n<p>Diese physische Form der <a href=\"https:\/\/www.company-move.de\/bgm\/gesundheitsthemen\/praeventionsmassnahmen\/\"><b data-path-to-node=\"3\" data-index-in-node=\"459\">Prevention<\/b><\/a> lockert die durch statische Arbeitshaltungen verk\u00fcrzte Nacken- und R\u00fcckenmuskulatur und verbessert die lokale Durchblutung. Damit leistet das Angebot einen messbaren Beitrag zur Senkung des physisch bedingten <b data-path-to-node=\"3\" data-index-in-node=\"679\">Krankenstandes<\/b> und fungiert gleichzeitig als wertsch\u00e4tzendes Tool zur mentalen Regeneration in Hochlastphasen.<\/p>\n<blockquote>\n<p data-path-to-node=\"6,0\"><span style=\"color: #aaad00;\">\u201eMassagen f\u00fchren zu einer Senkung von Herzfrequenz und Blutdruck sowie zu einer Reduktion von Stresshormonen wie Cortisol. Insbesondere bei berufsbedingten Nackenschmerzen zeigen manuelle Therapien eine signifikante \u00dcberlegenheit in der Schmerzreduktion im Vergleich zu rein passiven Ma\u00dfnahmen.\u201c<\/span><\/p>\n<p data-path-to-node=\"6,1\"><span style=\"color: #aaad00;\">\u2014 <b data-path-to-node=\"6,1\" data-index-in-node=\"2\">Prof. Dr. med. Andreas Michalsen<\/b>, Professor f\u00fcr klinische Naturheilkunde an der Charit\u00e9 Berlin und Chefarzt am Immanuel Krankenhaus Berlin (dokumentiert in seinen Fachpublikationen zur Wirksamkeit physikalischer Therapien).<\/span><\/p>\n<\/blockquote>\n<p>Our <strong>Mobile massage<\/strong> brings the <strong>direct relaxation effect<\/strong> directly to your company. With professional equipment and experienced therapeutic staff, we offer a <strong>Individual relaxation<\/strong> heavily stressed muscle areas. The massage can be performed in <strong>Sitting as well as lying down<\/strong> durchgef\u00fchrt werden, wodurch sie flexibel und leicht in den Arbeitsalltag integriert werden kann. G\u00f6nnen Sie Ihren Mitarbeitenden eine <strong>short break<\/strong> and promote your well-being - perfect for stressful working days!<\/p>\n<p>F\u00fcr mehr Ideen f\u00fcr<a href=\"https:\/\/www.company-move.de\/gesundheitstage-module\/\"> Health days<\/a>, klicken Sie sich gerne durch unsere anderen Angebote f\u00fcr betriebliches Gesundheitsmanagement. Etablieren Sie Gesundheitsf\u00f6rderung in Ihrem Unternehmen mit uns als Ihr BGM-Dienstleister!<\/p>","protected":false},"excerpt":{"rendered":"<p>Product short description = Excerpt<\/p>\n<p>Quellen<\/p>\n<ul>\n<li>\n<p data-path-to-node=\"12,0,0\"><b data-path-to-node=\"12,0,0\" data-index-in-node=\"0\">DAK-Gesundheitsreport 2024: Fokus Muskel-Skelett-System<\/b>, DAK-Gesundheit, 2024. Zentrale Kennzahl: 416 Fehltage je 100 Versicherte. (<b data-path-to-node=\"12,0,0\" data-index-in-node=\"132\">Offizieller Krankenkassenbericht<\/b>)<\/p>\n<\/li>\n<li>\n<p data-path-to-node=\"12,1,0\"><b data-path-to-node=\"12,1,0\" data-index-in-node=\"0\">Fehlzeiten-Report 2024: Nachhaltig gesund arbeiten<\/b>, Wissenschaftliches Institut der AOK (WIdO), 2024. Analyse zum Anteil von MSE am Gesamtkrankenstand. (<b data-path-to-node=\"12,1,0\" data-index-in-node=\"153\">Offizieller Fachbericht<\/b>)<\/p>\n<\/li>\n<li>\n<p data-path-to-node=\"12,2,0\"><b data-path-to-node=\"12,2,0\" data-index-in-node=\"0\">&#8222;Effectiveness of workplace massage on pain and stress: A systematic review&#8220;<\/b>, Journal of Occupational Health, 2023\/2024 (Update). Untersuchung zur Evidenz von Massagen im betrieblichen Setting. (<b data-path-to-node=\"12,2,0\" data-index-in-node=\"195\">Peer-Review-Journal<\/b>)<\/p>\n<\/li>\n<li>\n<p data-path-to-node=\"12,3,0\"><b data-path-to-node=\"12,3,0\" data-index-in-node=\"0\">&#8222;Mechanotransduction in Myofascial Release&#8220;<\/b>, Journal of Bodywork and Movement Therapies, 2024. Analyse der zellul\u00e4ren Auswirkungen von Druckreizen auf das Bindegewebe. (<b data-path-to-node=\"12,3,0\" data-index-in-node=\"169\">Peer-Review-Journal<\/b>)<\/p>\n<\/li>\n<li>\n<p data-path-to-node=\"12,4,0\"><b data-path-to-node=\"12,4,0\" data-index-in-node=\"0\">Leitfaden Pr\u00e4vention<\/b>, GKV-Spitzenverband, 2025. Anforderungen an Ma\u00dfnahmen zur Reduktion von arbeitsbedingten k\u00f6rperlichen Belastungen. (<b data-path-to-node=\"12,4,0\" data-index-in-node=\"137\">Offizieller Fachbericht<\/b>)<\/p>\n<\/li>\n<\/ul>","protected":false},"featured_media":6493,"template":"","meta":{"site-sidebar-layout":"default","site-content-layout":"","ast-site-content-layout":"default","site-content-style":"default","site-sidebar-style":"default","ast-global-header-display":"","ast-banner-title-visibility":"","ast-main-header-display":"","ast-hfb-above-header-display":"","ast-hfb-below-header-display":"","ast-hfb-mobile-header-display":"","site-post-title":"","ast-breadcrumbs-content":"","ast-featured-img":"","footer-sml-layout":"","ast-disable-related-posts":"","theme-transparent-header-meta":"default","adv-header-id-meta":"","stick-header-meta":"default","header-above-stick-meta":"","header-main-stick-meta":"","header-below-stick-meta":"","astra-migrate-meta-layouts":"set","ast-page-background-enabled":"default","ast-page-background-meta":{"desktop":{"background-color":"var(--ast-global-color-4)","background-image":"","background-repeat":"repeat","background-position":"center center","background-size":"auto","background-attachment":"scroll","background-type":"","background-media":"","overlay-type":"","overlay-color":"","overlay-opacity":"","overlay-gradient":""},"tablet":{"background-color":"","background-image":"","background-repeat":"repeat","background-position":"center center","background-size":"auto","background-attachment":"scroll","background-type":"","background-media":"","overlay-type":"","overlay-color":"","overlay-opacity":"","overlay-gradient":""},"mobile":{"background-color":"","background-image":"","background-repeat":"repeat","background-position":"center center","background-size":"auto","background-attachment":"scroll","background-type":"","background-media":"","overlay-type":"","overlay-color":"","overlay-opacity":"","overlay-gradient":""}},"ast-content-background-meta":{"desktop":{"background-color":"var(--ast-global-color-5)","background-image":"","background-repeat":"repeat","background-position":"center center","background-size":"auto","background-attachment":"scroll","background-type":"","background-media":"","overlay-type":"","overlay-color":"","overlay-opacity":"","overlay-gradient":""},"tablet":{"background-color":"var(--ast-global-color-5)","background-image":"","background-repeat":"repeat","background-position":"center center","background-size":"auto","background-attachment":"scroll","background-type":"","background-media":"","overlay-type":"","overlay-color":"","overlay-opacity":"","overlay-gradient":""},"mobile":{"background-color":"var(--ast-global-color-5)","background-image":"","background-repeat":"repeat","background-position":"center center","background-size":"auto","background-attachment":"scroll","background-type":"","background-media":"","overlay-type":"","overlay-color":"","overlay-opacity":"","overlay-gradient":""}}},"product_brand":[],"product_cat":[41,42,46,51],"product_tag":[277,278,276],"class_list":{"0":"post-6492","1":"product","2":"type-product","3":"status-publish","4":"has-post-thumbnail","6":"product_cat-entspannung","7":"product_cat-ergonomie","8":"product_cat-motivation","9":"product_cat-stressbewaeltigung","10":"product_tag-bueromassage","11":"product_tag-gesundheitsfoerderung","12":"product_tag-massage-am-arbeitsplatz","13":"pa_dauer-ca-20-min","14":"pa_durchfuehrungsform-praesenz","15":"pa_format-gesundheitsaktionen","16":"pa_zielgruppe-berufseinsteigende","17":"pa_zielgruppe-beschaeftigte","18":"desktop-align-left","19":"tablet-align-left","20":"mobile-align-left","21":"ast-product-gallery-layout-horizontal-slider","22":"ast-product-gallery-with-no-image","23":"ast-product-tabs-layout-horizontal","25":"first","26":"instock","27":"virtual","28":"sold-individually","29":"purchasable","30":"product-type-simple"},"yoast_head":"<!-- This site is optimized with the Yoast SEO plugin v27.5 - https:\/\/yoast.com\/product\/yoast-seo-wordpress\/ -->\n<title>Mobile Massage \u2013 Entspannung f\u00fcr Ihre Mitarbeiter<\/title>\n<meta name=\"description\" content=\"Unsere Therapeuten sorgen f\u00fcr sofortige Entspannung und Lockerung der Muskulatur direkt in Ihrem B\u00fcro! Buchen Sie unseren Gesundheitstag!\" \/>\n<meta name=\"robots\" content=\"index, follow, max-snippet:-1, max-image-preview:large, max-video-preview:-1\" \/>\n<link rel=\"canonical\" href=\"https:\/\/www.company-move.de\/en\/product\/mobile-massage-am-arbeitsplatz\/\" \/>\n<meta property=\"og:locale\" content=\"en_US\" \/>\n<meta property=\"og:type\" content=\"article\" \/>\n<meta property=\"og:title\" content=\"Mobile Massage \u2013 Entspannung f\u00fcr Ihre Mitarbeiter\" \/>\n<meta property=\"og:description\" content=\"Unsere Therapeuten sorgen f\u00fcr sofortige Entspannung und Lockerung der Muskulatur direkt in Ihrem B\u00fcro! Buchen Sie unseren Gesundheitstag!\" \/>\n<meta property=\"og:url\" content=\"https:\/\/www.company-move.de\/en\/product\/mobile-massage-am-arbeitsplatz\/\" \/>\n<meta property=\"og:site_name\" content=\"Company move GmbH\" \/>\n<meta property=\"article:modified_time\" content=\"2026-04-24T12:20:31+00:00\" \/>\n<meta property=\"og:image\" content=\"https:\/\/www.company-move.de\/wp-content\/uploads\/2024\/10\/Mobile-Massagen.jpg\" \/>\n\t<meta property=\"og:image:width\" content=\"960\" \/>\n\t<meta property=\"og:image:height\" content=\"720\" \/>\n\t<meta property=\"og:image:type\" content=\"image\/jpeg\" \/>\n<meta name=\"twitter:card\" content=\"summary_large_image\" \/>\n<meta name=\"twitter:label1\" content=\"Est. reading time\" \/>\n\t<meta name=\"twitter:data1\" content=\"2 minutes\" \/>\n<!-- \/ Yoast SEO plugin. -->","yoast_head_json":{"title":"Mobile Massage \u2013 Entspannung f\u00fcr Ihre Mitarbeiter","description":"Unsere Therapeuten sorgen f\u00fcr sofortige Entspannung und Lockerung der Muskulatur direkt in Ihrem B\u00fcro! Buchen Sie unseren Gesundheitstag!","robots":{"index":"index","follow":"follow","max-snippet":"max-snippet:-1","max-image-preview":"max-image-preview:large","max-video-preview":"max-video-preview:-1"},"canonical":"https:\/\/www.company-move.de\/en\/product\/mobile-massage-am-arbeitsplatz\/","og_locale":"en_US","og_type":"article","og_title":"Mobile Massage \u2013 Entspannung f\u00fcr Ihre Mitarbeiter","og_description":"Unsere Therapeuten sorgen f\u00fcr sofortige Entspannung und Lockerung der Muskulatur direkt in Ihrem B\u00fcro! Buchen Sie unseren Gesundheitstag!","og_url":"https:\/\/www.company-move.de\/en\/product\/mobile-massage-am-arbeitsplatz\/","og_site_name":"Company move GmbH","article_modified_time":"2026-04-24T12:20:31+00:00","og_image":[{"width":960,"height":720,"url":"https:\/\/www.company-move.de\/wp-content\/uploads\/2024\/10\/Mobile-Massagen.jpg","type":"image\/jpeg"}],"twitter_card":"summary_large_image","twitter_misc":{"Est. reading time":"2 minutes"},"schema":{"@context":"https:\/\/schema.org","@graph":[{"@type":["WebPage","ItemPage"],"@id":"https:\/\/www.company-move.de\/produkt\/mobile-massage-am-arbeitsplatz\/","url":"https:\/\/www.company-move.de\/produkt\/mobile-massage-am-arbeitsplatz\/","name":"Mobile Massage \u2013 Entspannung f\u00fcr Ihre Mitarbeiter","isPartOf":{"@id":"https:\/\/www.company-move.de\/#website"},"primaryImageOfPage":{"@id":"https:\/\/www.company-move.de\/produkt\/mobile-massage-am-arbeitsplatz\/#primaryimage"},"image":{"@id":"https:\/\/www.company-move.de\/produkt\/mobile-massage-am-arbeitsplatz\/#primaryimage"},"thumbnailUrl":"https:\/\/www.company-move.de\/wp-content\/uploads\/2024\/10\/Mobile-Massagen.jpg","datePublished":"2024-10-07T13:42:50+00:00","dateModified":"2026-04-24T12:20:31+00:00","description":"Unsere Therapeuten sorgen f\u00fcr sofortige Entspannung und Lockerung der Muskulatur direkt in Ihrem B\u00fcro! Buchen Sie unseren Gesundheitstag!","breadcrumb":{"@id":"https:\/\/www.company-move.de\/produkt\/mobile-massage-am-arbeitsplatz\/#breadcrumb"},"inLanguage":"en-US","potentialAction":[{"@type":"ReadAction","target":["https:\/\/www.company-move.de\/produkt\/mobile-massage-am-arbeitsplatz\/"]}]},{"@type":"ImageObject","inLanguage":"en-US","@id":"https:\/\/www.company-move.de\/produkt\/mobile-massage-am-arbeitsplatz\/#primaryimage","url":"https:\/\/www.company-move.de\/wp-content\/uploads\/2024\/10\/Mobile-Massagen.jpg","contentUrl":"https:\/\/www.company-move.de\/wp-content\/uploads\/2024\/10\/Mobile-Massagen.jpg","width":960,"height":720,"caption":"Professionelle Massage direkt im B\u00fcro f\u00fcr mehr Wohlbefinden"},{"@type":"BreadcrumbList","@id":"https:\/\/www.company-move.de\/produkt\/mobile-massage-am-arbeitsplatz\/#breadcrumb","itemListElement":[{"@type":"ListItem","position":1,"name":"Shop","item":"https:\/\/www.company-move.de\/shop\/"},{"@type":"ListItem","position":2,"name":"Mobile Massage"}]},{"@type":"WebSite","@id":"https:\/\/www.company-move.de\/#website","url":"https:\/\/www.company-move.de\/","name":"Company move GmbH","description":"Your expert for occupational health management","publisher":{"@id":"https:\/\/www.company-move.de\/#organization"},"potentialAction":[{"@type":"SearchAction","target":{"@type":"EntryPoint","urlTemplate":"https:\/\/www.company-move.de\/?s={search_term_string}"},"query-input":{"@type":"PropertyValueSpecification","valueRequired":true,"valueName":"search_term_string"}}],"inLanguage":"en-US"},{"@type":"Organization","@id":"https:\/\/www.company-move.de\/#organization","name":"Company move GmbH","url":"https:\/\/www.company-move.de\/","logo":{"@type":"ImageObject","inLanguage":"en-US","@id":"https:\/\/www.company-move.de\/#\/schema\/logo\/image\/","url":"https:\/\/www.company-move.de\/wp-content\/uploads\/2024\/05\/cropped-CM-Logo.png","contentUrl":"https:\/\/www.company-move.de\/wp-content\/uploads\/2024\/05\/cropped-CM-Logo.png","width":1599,"height":795,"caption":"Company move GmbH"},"image":{"@id":"https:\/\/www.company-move.de\/#\/schema\/logo\/image\/"}}]}},"_links":{"self":[{"href":"https:\/\/www.company-move.de\/en\/wp-json\/wp\/v2\/product\/6492","targetHints":{"allow":["GET"]}}],"collection":[{"href":"https:\/\/www.company-move.de\/en\/wp-json\/wp\/v2\/product"}],"about":[{"href":"https:\/\/www.company-move.de\/en\/wp-json\/wp\/v2\/types\/product"}],"wp:featuredmedia":[{"embeddable":true,"href":"https:\/\/www.company-move.de\/en\/wp-json\/wp\/v2\/media\/6493"}],"wp:attachment":[{"href":"https:\/\/www.company-move.de\/en\/wp-json\/wp\/v2\/media?parent=6492"}],"wp:term":[{"taxonomy":"product_brand","embeddable":true,"href":"https:\/\/www.company-move.de\/en\/wp-json\/wp\/v2\/product_brand?post=6492"},{"taxonomy":"product_cat","embeddable":true,"href":"https:\/\/www.company-move.de\/en\/wp-json\/wp\/v2\/product_cat?post=6492"},{"taxonomy":"product_tag","embeddable":true,"href":"https:\/\/www.company-move.de\/en\/wp-json\/wp\/v2\/product_tag?post=6492"}],"curies":[{"name":"wp","href":"https:\/\/api.w.org\/{rel}","templated":true}]}}