{"id":6490,"date":"2024-10-07T15:34:54","date_gmt":"2024-10-07T13:34:54","guid":{"rendered":"https:\/\/www.company-move.de\/?post_type=product&#038;p=6490"},"modified":"2026-04-24T14:34:10","modified_gmt":"2026-04-24T12:34:10","slug":"smoothie-bike-gesundheit","status":"publish","type":"product","link":"https:\/\/www.company-move.de\/en\/product\/smoothie-bike-gesundheit\/","title":{"rendered":"Smoothie Bike"},"content":{"rendered":"<p>The <b data-path-to-node=\"3\" data-index-in-node=\"4\">Smoothie Bike<\/b> bietet eine hocheffektive Methode, um die oft vernachl\u00e4ssigte Ern\u00e4hrungskompetenz spielerisch und aktivierend in den Arbeitsalltag zu integrieren. Durch den Einsatz des <b data-path-to-node=\"3\" data-index-in-node=\"187\">Smoothie Bike<\/b> adressieren Unternehmen ein zentrales Gesundheitsrisiko, da laut dem <b data-path-to-node=\"3\" data-index-in-node=\"270\">15. DGE-Ern\u00e4hrungsbericht (2024)<\/b> rund <b data-path-to-node=\"3\" data-index-in-node=\"308\">58 % der M\u00e4nner und 41 % der Frauen<\/b> in Deutschland von \u00dcbergewicht betroffen sind, was die Relevanz einer niederschwelligen <b data-path-to-node=\"3\" data-index-in-node=\"432\">Prevention<\/b> unterstreicht.<\/p>\n<p>Die Kombination aus physischer Aktivit\u00e4t und der unmittelbaren Zubereitung n\u00e4hrstoffdichter Mahlzeiten f\u00f6rdert nicht nur das Bewusstsein f\u00fcr gesunde Lebensmittel, sondern senkt langfristig das Risiko f\u00fcr ern\u00e4hrungsbedingte Zivilisationskrankheiten. In einem ganzheitlichen <b data-path-to-node=\"3\" data-index-in-node=\"731\">BGM<\/b> leistet dieses Modul somit einen wertvollen Beitrag zur Vitalisierung der Belegschaft und zur nachhaltigen Reduktion des krankheitsbedingten <b data-path-to-node=\"3\" data-index-in-node=\"876\">Krankenstandes<\/b>.<\/p>\n<blockquote>\n<blockquote data-path-to-node=\"7\">\n<p data-path-to-node=\"7,0\"><span style=\"color: #aaad00;\">\u201eEine pflanzenbetonte Ern\u00e4hrung ist das Fundament f\u00fcr die Pr\u00e4vention chronischer Krankheiten. Wir m\u00fcssen die Verf\u00fcgbarkeit und den Genuss von Gem\u00fcse und Obst im Alltag erh\u00f6hen, um die Gesundheit der Bev\u00f6lkerung nachhaltig zu sch\u00fctzen.\u201c<\/span><\/p>\n<p data-path-to-node=\"7,1\"><span style=\"color: #aaad00;\">\u2014 <b data-path-to-node=\"7,1\" data-index-in-node=\"2\">Prof. Dr. Bernhard Watzl<\/b>, Pr\u00e4sident der Deutschen Gesellschaft f\u00fcr Ern\u00e4hrung (DGE) e. V., in seiner Stellungnahme zu den aktualisierten lebensmittelbezogenen Ern\u00e4hrungsempfehlungen 2024.<\/span><\/p>\n<\/blockquote>\n<\/blockquote>\n<p>The <strong>Smoothie Bike<\/strong> verbindet <a href=\"https:\/\/www.company-move.de\/bgm\/gesundheitsthemen\/bewegung\/\">Movement<\/a> with <a href=\"https:\/\/www.company-move.de\/bgm\/gesundheitsthemen\/bewusste-ernaehrung\/\">gesunder Ern\u00e4hrung<\/a> und macht das Zubereiten von Smoothies zu einem unterhaltsamen Erlebnis. In nur <strong>5 minutes per person<\/strong> haben die Teilnehmenden die M\u00f6glichkeit, ihren eigenen Smoothie aktiv selbst herzustellen. Mit <strong>fresh, seasonal fruit, vegetables and healthy spices<\/strong> they can try out creative recipe ideas and learn how to integrate healthy ingredients into their everyday lives. Enjoy <strong>Delicious samples \"to go\"<\/strong> and receive valuable tips on nutritional recommendations that promote your well-being.<\/p>\n<p>F\u00fcr mehr Ideen f\u00fcr <a href=\"https:\/\/www.company-move.de\/gesundheitstage-module\/\">Health days<\/a>, klicken Sie sich gerne durch unsere anderen Angebote f\u00fcr betriebliches Gesundheitsmanagement. Etablieren Sie Gesundheitsf\u00f6rderung in Ihrem Unternehmen mit uns als Ihr BGM-Dienstleister!<\/p>","protected":false},"excerpt":{"rendered":"<p>Product short description = Excerpt<\/p>","protected":false},"featured_media":9979,"template":"","meta":{"site-sidebar-layout":"default","site-content-layout":"","ast-site-content-layout":"default","site-content-style":"default","site-sidebar-style":"default","ast-global-header-display":"","ast-banner-title-visibility":"","ast-main-header-display":"","ast-hfb-above-header-display":"","ast-hfb-below-header-display":"","ast-hfb-mobile-header-display":"","site-post-title":"","ast-breadcrumbs-content":"","ast-featured-img":"","footer-sml-layout":"","ast-disable-related-posts":"","theme-transparent-header-meta":"default","adv-header-id-meta":"","stick-header-meta":"default","header-above-stick-meta":"","header-main-stick-meta":"","header-below-stick-meta":"","astra-migrate-meta-layouts":"set","ast-page-background-enabled":"default","ast-page-background-meta":{"desktop":{"background-color":"var(--ast-global-color-4)","background-image":"","background-repeat":"repeat","background-position":"center center","background-size":"auto","background-attachment":"scroll","background-type":"","background-media":"","overlay-type":"","overlay-color":"","overlay-opacity":"","overlay-gradient":""},"tablet":{"background-color":"","background-image":"","background-repeat":"repeat","background-position":"center center","background-size":"auto","background-attachment":"scroll","background-type":"","background-media":"","overlay-type":"","overlay-color":"","overlay-opacity":"","overlay-gradient":""},"mobile":{"background-color":"","background-image":"","background-repeat":"repeat","background-position":"center center","background-size":"auto","background-attachment":"scroll","background-type":"","background-media":"","overlay-type":"","overlay-color":"","overlay-opacity":"","overlay-gradient":""}},"ast-content-background-meta":{"desktop":{"background-color":"var(--ast-global-color-5)","background-image":"","background-repeat":"repeat","background-position":"center center","background-size":"auto","background-attachment":"scroll","background-type":"","background-media":"","overlay-type":"","overlay-color":"","overlay-opacity":"","overlay-gradient":""},"tablet":{"background-color":"var(--ast-global-color-5)","background-image":"","background-repeat":"repeat","background-position":"center center","background-size":"auto","background-attachment":"scroll","background-type":"","background-media":"","overlay-type":"","overlay-color":"","overlay-opacity":"","overlay-gradient":""},"mobile":{"background-color":"var(--ast-global-color-5)","background-image":"","background-repeat":"repeat","background-position":"center center","background-size":"auto","background-attachment":"scroll","background-type":"","background-media":"","overlay-type":"","overlay-color":"","overlay-opacity":"","overlay-gradient":""}}},"product_brand":[],"product_cat":[39,40,46],"product_tag":[254,264,253,226,279,77],"class_list":{"0":"post-6490","1":"product","2":"type-product","3":"status-publish","4":"has-post-thumbnail","6":"product_cat-bewegung","7":"product_cat-bewusste-ernaehrung","8":"product_cat-motivation","9":"product_tag-bewegungsmodul","10":"product_tag-bewusste-ernaehrung","11":"product_tag-eventmodul","12":"product_tag-healthy-lifestyle","13":"product_tag-smoothie-fahrrad","14":"product_tag-top","15":"pa_dauer-ganztaegig","16":"pa_durchfuehrungsform-praesenz","17":"pa_format-gesundheitsaktionen","18":"pa_format-motivationsmodule-teambuilding","19":"pa_zielgruppe-berufseinsteigende","20":"pa_zielgruppe-beschaeftigte","21":"desktop-align-left","22":"tablet-align-left","23":"mobile-align-left","24":"ast-product-gallery-layout-horizontal-slider","25":"ast-product-gallery-with-no-image","26":"ast-product-tabs-layout-horizontal","28":"first","29":"instock","30":"virtual","31":"sold-individually","32":"purchasable","33":"product-type-simple"},"yoast_head":"<!-- This site is optimized with the Yoast SEO plugin v27.5 - https:\/\/yoast.com\/product\/yoast-seo-wordpress\/ -->\n<title>Smoothie Bike \u2013 Aktives Zubereiten gesunder Smoothies<\/title>\n<meta name=\"description\" content=\"Spa\u00df und Gesundheit in einem: Stellen Sie Ihren eigenen Smoothie aktiv her und entdecken Sie gesunde Rezeptideen mit frischem Obst und Gem\u00fcse.\" \/>\n<meta name=\"robots\" content=\"index, follow, max-snippet:-1, max-image-preview:large, max-video-preview:-1\" \/>\n<link rel=\"canonical\" href=\"https:\/\/www.company-move.de\/en\/product\/smoothie-bike-gesundheit\/\" \/>\n<meta property=\"og:locale\" content=\"en_US\" \/>\n<meta property=\"og:type\" content=\"article\" \/>\n<meta property=\"og:title\" content=\"Smoothie Bike \u2013 Aktives Zubereiten gesunder Smoothies\" \/>\n<meta property=\"og:description\" content=\"Spa\u00df und Gesundheit in einem: Stellen Sie Ihren eigenen Smoothie aktiv her und entdecken Sie gesunde Rezeptideen mit frischem Obst und Gem\u00fcse.\" \/>\n<meta property=\"og:url\" content=\"https:\/\/www.company-move.de\/en\/product\/smoothie-bike-gesundheit\/\" \/>\n<meta property=\"og:site_name\" content=\"Company move GmbH\" \/>\n<meta property=\"article:modified_time\" content=\"2026-04-24T12:34:10+00:00\" \/>\n<meta property=\"og:image\" content=\"https:\/\/www.company-move.de\/wp-content\/uploads\/2024\/10\/PXL_20220913_103527682-scaled.jpg\" \/>\n\t<meta property=\"og:image:width\" content=\"2560\" \/>\n\t<meta property=\"og:image:height\" content=\"2067\" \/>\n\t<meta property=\"og:image:type\" content=\"image\/jpeg\" \/>\n<meta name=\"twitter:card\" content=\"summary_large_image\" \/>\n<meta name=\"twitter:label1\" content=\"Est. reading time\" \/>\n\t<meta name=\"twitter:data1\" content=\"2 minutes\" \/>\n<!-- \/ Yoast SEO plugin. -->","yoast_head_json":{"title":"Smoothie Bike \u2013 Aktives Zubereiten gesunder Smoothies","description":"Spa\u00df und Gesundheit in einem: Stellen Sie Ihren eigenen Smoothie aktiv her und entdecken Sie gesunde Rezeptideen mit frischem Obst und Gem\u00fcse.","robots":{"index":"index","follow":"follow","max-snippet":"max-snippet:-1","max-image-preview":"max-image-preview:large","max-video-preview":"max-video-preview:-1"},"canonical":"https:\/\/www.company-move.de\/en\/product\/smoothie-bike-gesundheit\/","og_locale":"en_US","og_type":"article","og_title":"Smoothie Bike \u2013 Aktives Zubereiten gesunder Smoothies","og_description":"Spa\u00df und Gesundheit in einem: Stellen Sie Ihren eigenen Smoothie aktiv her und entdecken Sie gesunde Rezeptideen mit frischem Obst und Gem\u00fcse.","og_url":"https:\/\/www.company-move.de\/en\/product\/smoothie-bike-gesundheit\/","og_site_name":"Company move GmbH","article_modified_time":"2026-04-24T12:34:10+00:00","og_image":[{"width":2560,"height":2067,"url":"https:\/\/www.company-move.de\/wp-content\/uploads\/2024\/10\/PXL_20220913_103527682-scaled.jpg","type":"image\/jpeg"}],"twitter_card":"summary_large_image","twitter_misc":{"Est. reading time":"2 minutes"},"schema":{"@context":"https:\/\/schema.org","@graph":[{"@type":["WebPage","ItemPage"],"@id":"https:\/\/www.company-move.de\/produkt\/smoothie-bike-gesundheit\/","url":"https:\/\/www.company-move.de\/produkt\/smoothie-bike-gesundheit\/","name":"Smoothie Bike \u2013 Aktives Zubereiten gesunder Smoothies","isPartOf":{"@id":"https:\/\/www.company-move.de\/#website"},"primaryImageOfPage":{"@id":"https:\/\/www.company-move.de\/produkt\/smoothie-bike-gesundheit\/#primaryimage"},"image":{"@id":"https:\/\/www.company-move.de\/produkt\/smoothie-bike-gesundheit\/#primaryimage"},"thumbnailUrl":"https:\/\/www.company-move.de\/wp-content\/uploads\/2024\/10\/PXL_20220913_103527682-scaled.jpg","datePublished":"2024-10-07T13:34:54+00:00","dateModified":"2026-04-24T12:34:10+00:00","description":"Spa\u00df und Gesundheit in einem: Stellen Sie Ihren eigenen Smoothie aktiv her und entdecken Sie gesunde Rezeptideen mit frischem Obst und Gem\u00fcse.","breadcrumb":{"@id":"https:\/\/www.company-move.de\/produkt\/smoothie-bike-gesundheit\/#breadcrumb"},"inLanguage":"en-US","potentialAction":[{"@type":"ReadAction","target":["https:\/\/www.company-move.de\/produkt\/smoothie-bike-gesundheit\/"]}]},{"@type":"ImageObject","inLanguage":"en-US","@id":"https:\/\/www.company-move.de\/produkt\/smoothie-bike-gesundheit\/#primaryimage","url":"https:\/\/www.company-move.de\/wp-content\/uploads\/2024\/10\/PXL_20220913_103527682-scaled.jpg","contentUrl":"https:\/\/www.company-move.de\/wp-content\/uploads\/2024\/10\/PXL_20220913_103527682-scaled.jpg","width":2560,"height":2067,"caption":"Interaktive Station zur Herstellung von gesunden Smoothies"},{"@type":"BreadcrumbList","@id":"https:\/\/www.company-move.de\/produkt\/smoothie-bike-gesundheit\/#breadcrumb","itemListElement":[{"@type":"ListItem","position":1,"name":"Shop","item":"https:\/\/www.company-move.de\/shop\/"},{"@type":"ListItem","position":2,"name":"Smoothie Bike"}]},{"@type":"WebSite","@id":"https:\/\/www.company-move.de\/#website","url":"https:\/\/www.company-move.de\/","name":"Company move GmbH","description":"Your expert for occupational health management","publisher":{"@id":"https:\/\/www.company-move.de\/#organization"},"potentialAction":[{"@type":"SearchAction","target":{"@type":"EntryPoint","urlTemplate":"https:\/\/www.company-move.de\/?s={search_term_string}"},"query-input":{"@type":"PropertyValueSpecification","valueRequired":true,"valueName":"search_term_string"}}],"inLanguage":"en-US"},{"@type":"Organization","@id":"https:\/\/www.company-move.de\/#organization","name":"Company move GmbH","url":"https:\/\/www.company-move.de\/","logo":{"@type":"ImageObject","inLanguage":"en-US","@id":"https:\/\/www.company-move.de\/#\/schema\/logo\/image\/","url":"https:\/\/www.company-move.de\/wp-content\/uploads\/2024\/05\/cropped-CM-Logo.png","contentUrl":"https:\/\/www.company-move.de\/wp-content\/uploads\/2024\/05\/cropped-CM-Logo.png","width":1599,"height":795,"caption":"Company move GmbH"},"image":{"@id":"https:\/\/www.company-move.de\/#\/schema\/logo\/image\/"}}]}},"_links":{"self":[{"href":"https:\/\/www.company-move.de\/en\/wp-json\/wp\/v2\/product\/6490","targetHints":{"allow":["GET"]}}],"collection":[{"href":"https:\/\/www.company-move.de\/en\/wp-json\/wp\/v2\/product"}],"about":[{"href":"https:\/\/www.company-move.de\/en\/wp-json\/wp\/v2\/types\/product"}],"wp:featuredmedia":[{"embeddable":true,"href":"https:\/\/www.company-move.de\/en\/wp-json\/wp\/v2\/media\/9979"}],"wp:attachment":[{"href":"https:\/\/www.company-move.de\/en\/wp-json\/wp\/v2\/media?parent=6490"}],"wp:term":[{"taxonomy":"product_brand","embeddable":true,"href":"https:\/\/www.company-move.de\/en\/wp-json\/wp\/v2\/product_brand?post=6490"},{"taxonomy":"product_cat","embeddable":true,"href":"https:\/\/www.company-move.de\/en\/wp-json\/wp\/v2\/product_cat?post=6490"},{"taxonomy":"product_tag","embeddable":true,"href":"https:\/\/www.company-move.de\/en\/wp-json\/wp\/v2\/product_tag?post=6490"}],"curies":[{"name":"wp","href":"https:\/\/api.w.org\/{rel}","templated":true}]}}