{"id":6479,"date":"2024-10-07T14:20:48","date_gmt":"2024-10-07T12:20:48","guid":{"rendered":"https:\/\/www.company-move.de\/?post_type=product&#038;p=6479"},"modified":"2026-04-24T15:24:21","modified_gmt":"2026-04-24T13:24:21","slug":"wassertypentest","status":"publish","type":"product","link":"https:\/\/www.company-move.de\/en\/product\/wassertypentest\/","title":{"rendered":"Water type test"},"content":{"rendered":"<p><span class=\"\">The <\/span><b class=\"\" data-path-to-node=\"3\" data-index-in-node=\"4\">Water type test<\/b><span class=\"\"> adressiert eine oft untersch\u00e4tzte Stellschraube der betrieblichen Leistungsf\u00e4higkeit:<\/span><span class=\"\"> die individuelle und bedarfsgerechte Hydratation.<\/span><span class=\"\"> Laut dem <\/span><b class=\"\" data-path-to-node=\"3\" data-index-in-node=\"165\">TK-Gesundheitsreport 2024<\/b><span class=\"\"> leiden bereits bei einem Fl\u00fcssigkeitsverlust von nur <\/span><b class=\"\" data-path-to-node=\"3\" data-index-in-node=\"244\">2 % des K\u00f6rpergewichts<\/b><span class=\"\"> die kognitive Konzentration und die physische Belastbarkeit signifikant,<\/span><span class=\"\"> was das Risiko f\u00fcr Arbeitsfehler und stressbedingte Ersch\u00f6pfung erh\u00f6ht.<\/span><\/p>\n<p><span class=\"\">Durch den Einsatz des <\/span><b class=\"\" data-path-to-node=\"3\" data-index-in-node=\"434\">Water type test<\/b><span class=\"\"> in Ihrem <\/span><b class=\"\" data-path-to-node=\"3\" data-index-in-node=\"459\">BGM<\/b><span class=\"\"> erhalten Mitarbeitende eine personalisierte Analyse ihres Mineralstoffbedarfs,<\/span><span class=\"\"> um Dehydrierung proaktiv zu vermeiden.<\/span><span class=\"\"> Diese gezielte <\/span><b class=\"\" data-path-to-node=\"3\" data-index-in-node=\"596\">Prevention<\/b><span class=\"\"> f\u00f6rdert nicht nur die Konzentrationsf\u00e4higkeit im B\u00fcroalltag,<\/span><span class=\"\"> sondern unterst\u00fctzt auch den Stoffwechsel nachhaltig,<\/span><span class=\"\"> was langfristig zur Stabilisierung der Mitarbeitergesundheit und zur Senkung des <\/span><b class=\"\" data-path-to-node=\"3\" data-index-in-node=\"803\">Krankenstandes<\/b><span class=\"\"> beitr\u00e4gt.<\/span><\/p>\n<blockquote>\n<p data-path-to-node=\"7,0\"><span style=\"color: #aaad00;\">\u201eWasser ist nicht gleich Wasser. Je nach individueller Lebensweise, sportlicher Aktivit\u00e4t oder k\u00f6rperlicher Belastung variiert der Bedarf an spezifischen Mineralstoffen wie Magnesium, Calcium oder Natrium erheblich. Eine gezielte Auswahl des Wassers kann therapeutisch unterst\u00fctzen und die physiologische Leistungsf\u00e4higkeit optimieren.\u201c<\/span><\/p>\n<p data-path-to-node=\"7,1\"><span style=\"color: #aaad00;\">\u2014 <b data-path-to-node=\"7,1\" data-index-in-node=\"2\">Dr. med. Johannes Naumann<\/b>, Leiter des Kompetenzzentrums Naturheilverfahren am Universit\u00e4tsklinikum Freiburg (in seinen Fachbeitr\u00e4gen zur Hydrotherapie und Mineralwasser-Analytik).<\/span><\/p>\n<\/blockquote>\n<p>The <strong>Water type test<\/strong> offers you in only <strong>10 minutes<\/strong> the possibility to <strong>personal water type<\/strong> to determine. With the help of a structured <strong>Questionnaire<\/strong>, der f\u00fcnf pers\u00f6nliche Fragebl\u00f6cke umfasst, ermitteln wir Ihre idealen Wasserinhaltsstoffe. Anhand der Ergebnisse k\u00f6nnen Sie Ihre <strong>Optimize drinking habits<\/strong> and select the right water quality for you. You also have the opportunity to take part in a <strong>tasting-based analysis<\/strong> to experience your personal results. Qualified specialist staff are at your side and provide <strong>Individual recommendations<\/strong> for healthy hydration.<\/p>\n<p>F\u00fcr mehr Ideen f\u00fcr <a href=\"https:\/\/www.company-move.de\/gesundheitstage-module\/\">Health days<\/a>, klicken Sie sich gerne durch unsere anderen Angebote f\u00fcr betriebliches Gesundheitsmanagement. Etablieren Sie Gesundheitsf\u00f6rderung in Ihrem Unternehmen mit uns als Ihr BGM-Dienstleister!<\/p>","protected":false},"excerpt":{"rendered":"<p>Product short description = Excerpt<\/p>\n<p>Quellen<\/p>\n<ul>\n<li>\n<p data-path-to-node=\"13,0,0\"><b data-path-to-node=\"13,0,0\" data-index-in-node=\"0\">TK-Gesundheitsreport 2024<\/b>, Techniker Krankenkasse, 2024. Fokus: Auswirkungen von Dehydrierung auf die mentale Leistungsf\u00e4higkeit am Arbeitsplatz. (<b data-path-to-node=\"13,0,0\" data-index-in-node=\"147\">Offizieller Krankenkassenbericht<\/b>)<\/p>\n<\/li>\n<li>\n<p data-path-to-node=\"13,1,0\"><b data-path-to-node=\"13,1,0\" data-index-in-node=\"0\">\u201eTrinkverhalten und Gesundheit in Deutschland\u201c<\/b>, Robert Koch-Institut (RKI), 2024. Untersuchung zur Umsetzung der Fl\u00fcssigkeitszufuhr-Empfehlungen. (<b data-path-to-node=\"13,1,0\" data-index-in-node=\"147\">Offizieller Regierungsbericht<\/b>)<\/p>\n<\/li>\n<li>\n<p data-path-to-node=\"13,2,0\"><b data-path-to-node=\"13,2,0\" data-index-in-node=\"0\">\u201eImportance of Hydration for Cognitive Function in Adults\u201c<\/b>, Nutrients Journal, 2024. Analyse der Korrelation zwischen Wasserzufuhr und exekutiven Funktionen. (<b data-path-to-node=\"13,2,0\" data-index-in-node=\"159\">Peer-Review-Journal<\/b>)<\/p>\n<\/li>\n<li>\n<p data-path-to-node=\"13,3,0\"><b data-path-to-node=\"13,3,0\" data-index-in-node=\"0\">15. DGE-Ern\u00e4hrungsbericht<\/b>, Deutsche Gesellschaft f\u00fcr Ern\u00e4hrung (DGE), 2024. Kapitel zu Wasser und Mineralstoffen in der menschlichen Ern\u00e4hrung. (<b data-path-to-node=\"13,3,0\" data-index-in-node=\"145\">Offizieller Fachbericht<\/b>)<\/p>\n<\/li>\n<li>\n<p data-path-to-node=\"13,4,0\"><b data-path-to-node=\"13,4,0\" data-index-in-node=\"0\">\u201eMineral waters as a source of dietary calcium and magnesium\u201c<\/b>, Journal of Food Composition and Analysis, 2025. Studie zur Bioverf\u00fcgbarkeit von Mineralien in W\u00e4ssern. (<b data-path-to-node=\"13,4,0\" data-index-in-node=\"167\">Peer-Review-Journal<\/b>)<\/p>\n<\/li>\n<\/ul>","protected":false},"featured_media":6480,"template":"","meta":{"site-sidebar-layout":"default","site-content-layout":"","ast-site-content-layout":"default","site-content-style":"default","site-sidebar-style":"default","ast-global-header-display":"","ast-banner-title-visibility":"","ast-main-header-display":"","ast-hfb-above-header-display":"","ast-hfb-below-header-display":"","ast-hfb-mobile-header-display":"","site-post-title":"","ast-breadcrumbs-content":"","ast-featured-img":"","footer-sml-layout":"","ast-disable-related-posts":"","theme-transparent-header-meta":"default","adv-header-id-meta":"","stick-header-meta":"default","header-above-stick-meta":"","header-main-stick-meta":"","header-below-stick-meta":"","astra-migrate-meta-layouts":"set","ast-page-background-enabled":"default","ast-page-background-meta":{"desktop":{"background-color":"var(--ast-global-color-4)","background-image":"","background-repeat":"repeat","background-position":"center center","background-size":"auto","background-attachment":"scroll","background-type":"","background-media":"","overlay-type":"","overlay-color":"","overlay-opacity":"","overlay-gradient":""},"tablet":{"background-color":"","background-image":"","background-repeat":"repeat","background-position":"center center","background-size":"auto","background-attachment":"scroll","background-type":"","background-media":"","overlay-type":"","overlay-color":"","overlay-opacity":"","overlay-gradient":""},"mobile":{"background-color":"","background-image":"","background-repeat":"repeat","background-position":"center center","background-size":"auto","background-attachment":"scroll","background-type":"","background-media":"","overlay-type":"","overlay-color":"","overlay-opacity":"","overlay-gradient":""}},"ast-content-background-meta":{"desktop":{"background-color":"var(--ast-global-color-5)","background-image":"","background-repeat":"repeat","background-position":"center center","background-size":"auto","background-attachment":"scroll","background-type":"","background-media":"","overlay-type":"","overlay-color":"","overlay-opacity":"","overlay-gradient":""},"tablet":{"background-color":"var(--ast-global-color-5)","background-image":"","background-repeat":"repeat","background-position":"center center","background-size":"auto","background-attachment":"scroll","background-type":"","background-media":"","overlay-type":"","overlay-color":"","overlay-opacity":"","overlay-gradient":""},"mobile":{"background-color":"var(--ast-global-color-5)","background-image":"","background-repeat":"repeat","background-position":"center center","background-size":"auto","background-attachment":"scroll","background-type":"","background-media":"","overlay-type":"","overlay-color":"","overlay-opacity":"","overlay-gradient":""}}},"product_brand":[],"product_cat":[40,50],"product_tag":[264,226,285,284],"class_list":{"0":"post-6479","1":"product","2":"type-product","3":"status-publish","4":"has-post-thumbnail","6":"product_cat-bewusste-ernaehrung","7":"product_cat-schulungen-weiterbildung","8":"product_tag-bewusste-ernaehrung","9":"product_tag-healthy-lifestyle","10":"product_tag-wasser-test","11":"product_tag-wassertest","12":"pa_dauer-ca-15-min","13":"pa_durchfuehrungsform-praesenz","14":"pa_format-screenings","15":"pa_zielgruppe-berufseinsteigende","16":"pa_zielgruppe-beschaeftigte","17":"desktop-align-left","18":"tablet-align-left","19":"mobile-align-left","20":"ast-product-gallery-layout-horizontal-slider","21":"ast-product-gallery-with-no-image","22":"ast-product-tabs-layout-horizontal","24":"first","25":"instock","26":"virtual","27":"sold-individually","28":"purchasable","29":"product-type-simple"},"yoast_head":"<!-- This site is optimized with the Yoast SEO plugin v27.5 - https:\/\/yoast.com\/product\/yoast-seo-wordpress\/ -->\n<title>Wassertypentest \u2013 Bestimmen Sie Ihren pers\u00f6nlichen Wassertyp<\/title>\n<meta name=\"description\" content=\"Entdecken Sie ihren Wassertyp! Unser Wassertypentest ermittelt die idealen Inhaltsstoffe f\u00fcr Ihre Hydration und bietet individuelle Empfehlungen.\" \/>\n<meta name=\"robots\" content=\"index, follow, max-snippet:-1, max-image-preview:large, max-video-preview:-1\" \/>\n<link rel=\"canonical\" href=\"https:\/\/www.company-move.de\/en\/product\/wassertypentest\/\" \/>\n<meta property=\"og:locale\" content=\"en_US\" \/>\n<meta property=\"og:type\" content=\"article\" \/>\n<meta property=\"og:title\" content=\"Wassertypentest \u2013 Bestimmen Sie Ihren pers\u00f6nlichen Wassertyp\" \/>\n<meta property=\"og:description\" content=\"Entdecken Sie ihren Wassertyp! Unser Wassertypentest ermittelt die idealen Inhaltsstoffe f\u00fcr Ihre Hydration und bietet individuelle Empfehlungen.\" \/>\n<meta property=\"og:url\" content=\"https:\/\/www.company-move.de\/en\/product\/wassertypentest\/\" \/>\n<meta property=\"og:site_name\" content=\"Company move GmbH\" \/>\n<meta property=\"article:modified_time\" content=\"2026-04-24T13:24:21+00:00\" \/>\n<meta property=\"og:image\" content=\"https:\/\/www.company-move.de\/wp-content\/uploads\/2024\/10\/Wassertypentest.jpg\" \/>\n\t<meta property=\"og:image:width\" content=\"960\" \/>\n\t<meta property=\"og:image:height\" content=\"720\" \/>\n\t<meta property=\"og:image:type\" content=\"image\/jpeg\" \/>\n<meta name=\"twitter:card\" content=\"summary_large_image\" \/>\n<meta name=\"twitter:label1\" content=\"Est. reading time\" \/>\n\t<meta name=\"twitter:data1\" content=\"2 minutes\" \/>\n<!-- \/ Yoast SEO plugin. -->","yoast_head_json":{"title":"Wassertypentest \u2013 Bestimmen Sie Ihren pers\u00f6nlichen Wassertyp","description":"Entdecken Sie ihren Wassertyp! Unser Wassertypentest ermittelt die idealen Inhaltsstoffe f\u00fcr Ihre Hydration und bietet individuelle Empfehlungen.","robots":{"index":"index","follow":"follow","max-snippet":"max-snippet:-1","max-image-preview":"max-image-preview:large","max-video-preview":"max-video-preview:-1"},"canonical":"https:\/\/www.company-move.de\/en\/product\/wassertypentest\/","og_locale":"en_US","og_type":"article","og_title":"Wassertypentest \u2013 Bestimmen Sie Ihren pers\u00f6nlichen Wassertyp","og_description":"Entdecken Sie ihren Wassertyp! Unser Wassertypentest ermittelt die idealen Inhaltsstoffe f\u00fcr Ihre Hydration und bietet individuelle Empfehlungen.","og_url":"https:\/\/www.company-move.de\/en\/product\/wassertypentest\/","og_site_name":"Company move GmbH","article_modified_time":"2026-04-24T13:24:21+00:00","og_image":[{"width":960,"height":720,"url":"https:\/\/www.company-move.de\/wp-content\/uploads\/2024\/10\/Wassertypentest.jpg","type":"image\/jpeg"}],"twitter_card":"summary_large_image","twitter_misc":{"Est. reading time":"2 minutes"},"schema":{"@context":"https:\/\/schema.org","@graph":[{"@type":["WebPage","ItemPage"],"@id":"https:\/\/www.company-move.de\/produkt\/wassertypentest\/","url":"https:\/\/www.company-move.de\/produkt\/wassertypentest\/","name":"Wassertypentest \u2013 Bestimmen Sie Ihren pers\u00f6nlichen Wassertyp","isPartOf":{"@id":"https:\/\/www.company-move.de\/#website"},"primaryImageOfPage":{"@id":"https:\/\/www.company-move.de\/produkt\/wassertypentest\/#primaryimage"},"image":{"@id":"https:\/\/www.company-move.de\/produkt\/wassertypentest\/#primaryimage"},"thumbnailUrl":"https:\/\/www.company-move.de\/wp-content\/uploads\/2024\/10\/Wassertypentest.jpg","datePublished":"2024-10-07T12:20:48+00:00","dateModified":"2026-04-24T13:24:21+00:00","description":"Entdecken Sie ihren Wassertyp! Unser Wassertypentest ermittelt die idealen Inhaltsstoffe f\u00fcr Ihre Hydration und bietet individuelle Empfehlungen.","breadcrumb":{"@id":"https:\/\/www.company-move.de\/produkt\/wassertypentest\/#breadcrumb"},"inLanguage":"en-US","potentialAction":[{"@type":"ReadAction","target":["https:\/\/www.company-move.de\/produkt\/wassertypentest\/"]}]},{"@type":"ImageObject","inLanguage":"en-US","@id":"https:\/\/www.company-move.de\/produkt\/wassertypentest\/#primaryimage","url":"https:\/\/www.company-move.de\/wp-content\/uploads\/2024\/10\/Wassertypentest.jpg","contentUrl":"https:\/\/www.company-move.de\/wp-content\/uploads\/2024\/10\/Wassertypentest.jpg","width":960,"height":720,"caption":"Wassertypentest zur Bestimmung des pers\u00f6nlichen Wassertyps und der idealen Inhaltsstoffe"},{"@type":"BreadcrumbList","@id":"https:\/\/www.company-move.de\/produkt\/wassertypentest\/#breadcrumb","itemListElement":[{"@type":"ListItem","position":1,"name":"Shop","item":"https:\/\/www.company-move.de\/shop\/"},{"@type":"ListItem","position":2,"name":"Wassertypentest"}]},{"@type":"WebSite","@id":"https:\/\/www.company-move.de\/#website","url":"https:\/\/www.company-move.de\/","name":"Company move GmbH","description":"Your expert for occupational health management","publisher":{"@id":"https:\/\/www.company-move.de\/#organization"},"potentialAction":[{"@type":"SearchAction","target":{"@type":"EntryPoint","urlTemplate":"https:\/\/www.company-move.de\/?s={search_term_string}"},"query-input":{"@type":"PropertyValueSpecification","valueRequired":true,"valueName":"search_term_string"}}],"inLanguage":"en-US"},{"@type":"Organization","@id":"https:\/\/www.company-move.de\/#organization","name":"Company move GmbH","url":"https:\/\/www.company-move.de\/","logo":{"@type":"ImageObject","inLanguage":"en-US","@id":"https:\/\/www.company-move.de\/#\/schema\/logo\/image\/","url":"https:\/\/www.company-move.de\/wp-content\/uploads\/2024\/05\/cropped-CM-Logo.png","contentUrl":"https:\/\/www.company-move.de\/wp-content\/uploads\/2024\/05\/cropped-CM-Logo.png","width":1599,"height":795,"caption":"Company move GmbH"},"image":{"@id":"https:\/\/www.company-move.de\/#\/schema\/logo\/image\/"}}]}},"_links":{"self":[{"href":"https:\/\/www.company-move.de\/en\/wp-json\/wp\/v2\/product\/6479","targetHints":{"allow":["GET"]}}],"collection":[{"href":"https:\/\/www.company-move.de\/en\/wp-json\/wp\/v2\/product"}],"about":[{"href":"https:\/\/www.company-move.de\/en\/wp-json\/wp\/v2\/types\/product"}],"wp:featuredmedia":[{"embeddable":true,"href":"https:\/\/www.company-move.de\/en\/wp-json\/wp\/v2\/media\/6480"}],"wp:attachment":[{"href":"https:\/\/www.company-move.de\/en\/wp-json\/wp\/v2\/media?parent=6479"}],"wp:term":[{"taxonomy":"product_brand","embeddable":true,"href":"https:\/\/www.company-move.de\/en\/wp-json\/wp\/v2\/product_brand?post=6479"},{"taxonomy":"product_cat","embeddable":true,"href":"https:\/\/www.company-move.de\/en\/wp-json\/wp\/v2\/product_cat?post=6479"},{"taxonomy":"product_tag","embeddable":true,"href":"https:\/\/www.company-move.de\/en\/wp-json\/wp\/v2\/product_tag?post=6479"}],"curies":[{"name":"wp","href":"https:\/\/api.w.org\/{rel}","templated":true}]}}