{"id":6477,"date":"2024-10-07T14:14:03","date_gmt":"2024-10-07T12:14:03","guid":{"rendered":"https:\/\/www.company-move.de\/?post_type=product&#038;p=6477"},"modified":"2026-04-24T15:28:54","modified_gmt":"2026-04-24T13:28:54","slug":"emg-muskeltonusmessung","status":"publish","type":"product","link":"https:\/\/www.company-move.de\/en\/product\/emg-muskeltonusmessung\/","title":{"rendered":"EMG"},"content":{"rendered":"<p>The <b data-path-to-node=\"3\" data-index-in-node=\"4\">EMG<\/b>-Analyse (Elektromyographie) ist ein entscheidendes diagnostisches Instrument im modernen <b data-path-to-node=\"3\" data-index-in-node=\"97\">BGM<\/b>, um die neuromuskul\u00e4re Effizienz und stressbedingte Fehlspannungen objektiv sichtbar zu machen. Durch den Einsatz der <b data-path-to-node=\"3\" data-index-in-node=\"219\">EMG<\/b>-Messung adressieren Unternehmen die Hauptursache f\u00fcr Arbeitsunf\u00e4higkeit, da laut dem <b data-path-to-node=\"3\" data-index-in-node=\"308\">DAK-Gesundheitsreport 2024<\/b> Muskel-Skelett-Erkrankungen f\u00fcr rund <b data-path-to-node=\"3\" data-index-in-node=\"372\">416 Fehltage je 100 Versicherte<\/b> verantwortlich sind.<\/p>\n<p>Diese pr\u00e4zise Form der <a href=\"https:\/\/www.company-move.de\/bgm\/gesundheitsthemen\/praeventionsmassnahmen\/\"><b data-path-to-node=\"3\" data-index-in-node=\"448\">Prevention<\/b><\/a> erm\u00f6glicht es, muskul\u00e4re Dysbalancen und chronische Verspannungsmuster bereits im subklinischen Stadium zu identifizieren, bevor sie zu langwierigen Ausf\u00e4llen f\u00fchren. Die Integration dieser Technologie in Ihre Gesundheitsstrategie bietet eine valide Datenbasis f\u00fcr ergonomische Korrekturen und tr\u00e4gt ma\u00dfgeblich zur Senkung des physisch bedingten <b data-path-to-node=\"3\" data-index-in-node=\"805\">Krankenstandes<\/b> with.<\/p>\n<blockquote>\n<blockquote data-path-to-node=\"6\">\n<p data-path-to-node=\"6,0\"><span style=\"color: #aaad00;\">\u201eDie Oberfl\u00e4chen-Elektromyographie stellt eine hervorragende Methode dar, um die muskul\u00e4re Aktivit\u00e4t und Koordination unter Realbedingungen zu objektivieren. Sie erm\u00f6glicht uns ein direktes Biofeedback, wodurch Patienten und Mitarbeitende erstmals ein Bewusstsein f\u00fcr ihre unbewussten Fehlspannungen entwickeln und diese gezielt regulieren k\u00f6nnen.\u201c<\/span><\/p>\n<p data-path-to-node=\"6,1\"><span style=\"color: #aaad00;\">\u2014 <b data-path-to-node=\"6,1\" data-index-in-node=\"2\">Prof. Dr. med. Thomas J\u00f6llenbeck<\/b>, Leiter des Instituts f\u00fcr Biomechanik an der Klinik Lindenplatz und Experte f\u00fcr angewandte Biomechanik (dokumentiert in Fachpublikationen zur Pr\u00e4vention von R\u00fcckenbeschwerden).<\/span><\/p>\n<\/blockquote>\n<\/blockquote>\n<p>The <strong>EMG measurement<\/strong> offers you a precise <strong>Analysis of the muscle tone<\/strong> <strong>and muscular tensions<\/strong> in only <strong>20 minutes<\/strong>. This non-invasive examination makes it possible to check the function of your muscles and <strong>recognize possible imbalances<\/strong>. Insbesondere bei Beschwerden wie Verspannungen, <a href=\"https:\/\/www.company-move.de\/bgm\/gesundheitsthemen\/rueckengesundheit\/\">Back pain<\/a> oder zur <strong>Neurofeedback analysis<\/strong> ist diese Messung von gro\u00dfer Bedeutung. Auf Basis der Ergebnisse erhalten Sie eine <strong>Personal evaluation and individual recommendations<\/strong> by qualified specialists to specifically improve your muscular health.<\/p>\n<p>F\u00fcr mehr Ideen f\u00fcr<a href=\"https:\/\/www.company-move.de\/gesundheitstage-module\/\"> Health days<\/a>, klicken Sie sich gerne durch unsere anderen Angebote f\u00fcr betriebliches Gesundheitsmanagement. Etablieren Sie Gesundheitsf\u00f6rderung in Ihrem Unternehmen mit uns als Ihr BGM-Dienstleister!<\/p>","protected":false},"excerpt":{"rendered":"<p>Product short description = Excerpt<\/p>\n<p>Quellen<\/p>\n<ul>\n<li>\n<p data-path-to-node=\"12,0,0\"><b data-path-to-node=\"12,0,0\" data-index-in-node=\"0\">DAK-Gesundheitsreport 2024: Fokus Muskel-Skelett-System<\/b>, DAK-Gesundheit, 2024. Zentrale Kennzahl: 416 Fehltage je 100 Versicherte durch MSE. (<b data-path-to-node=\"12,0,0\" data-index-in-node=\"142\">Offizieller Krankenkassenbericht<\/b>)<\/p>\n<\/li>\n<li>\n<p data-path-to-node=\"12,1,0\"><b data-path-to-node=\"12,1,0\" data-index-in-node=\"0\">\u201eOberfl\u00e4chen-Elektromyographie in der Arbeitsmedizin\u201c<\/b>, Deutsche Gesellschaft f\u00fcr Arbeitsmedizin und Umweltmedizin (DGAUM), 2024. Leitlinie zur Anwendung von EMG im betrieblichen Kontext. (<b data-path-to-node=\"12,1,0\" data-index-in-node=\"188\">Fachgesellschafts-Bericht<\/b>)<\/p>\n<\/li>\n<li>\n<p data-path-to-node=\"12,2,0\"><b data-path-to-node=\"12,2,0\" data-index-in-node=\"0\">\u201eBiofeedback-assisted relaxation training in the workplace\u201c<\/b>, Journal of Occupational Rehabilitation, 2025. Studie zur Reduktion von Nackenschmerzen durch EMG-Feedback. (<b data-path-to-node=\"12,2,0\" data-index-in-node=\"169\">Peer-Review-Journal<\/b>)<\/p>\n<\/li>\n<li>\n<p data-path-to-node=\"12,3,0\"><b data-path-to-node=\"12,3,0\" data-index-in-node=\"0\">Fehlzeiten-Report 2024: Nachhaltig gesund arbeiten<\/b>, Wissenschaftliches Institut der AOK (WIdO), 2024. Analyse zum Anteil von R\u00fcckenbeschwerden am Krankenstand. (<b data-path-to-node=\"12,3,0\" data-index-in-node=\"161\">Offizieller Fachbericht<\/b>)<\/p>\n<\/li>\n<li>\n<p data-path-to-node=\"12,4,0\"><b data-path-to-node=\"12,4,0\" data-index-in-node=\"0\">\u201eValidity of surface EMG for assessing muscle fatigue\u201c<\/b>, Journal of Electromyography and Kinesiology, 2024. Untersuchung der diagnostischen Genauigkeit. (<b data-path-to-node=\"12,4,0\" data-index-in-node=\"153\">Peer-Review-Journal<\/b>)<\/p>\n<\/li>\n<\/ul>","protected":false},"featured_media":6478,"template":"","meta":{"site-sidebar-layout":"default","site-content-layout":"","ast-site-content-layout":"default","site-content-style":"default","site-sidebar-style":"default","ast-global-header-display":"","ast-banner-title-visibility":"","ast-main-header-display":"","ast-hfb-above-header-display":"","ast-hfb-below-header-display":"","ast-hfb-mobile-header-display":"","site-post-title":"","ast-breadcrumbs-content":"","ast-featured-img":"","footer-sml-layout":"","ast-disable-related-posts":"","theme-transparent-header-meta":"default","adv-header-id-meta":"","stick-header-meta":"default","header-above-stick-meta":"","header-main-stick-meta":"","header-below-stick-meta":"","astra-migrate-meta-layouts":"set","ast-page-background-enabled":"default","ast-page-background-meta":{"desktop":{"background-color":"var(--ast-global-color-4)","background-image":"","background-repeat":"repeat","background-position":"center center","background-size":"auto","background-attachment":"scroll","background-type":"","background-media":"","overlay-type":"","overlay-color":"","overlay-opacity":"","overlay-gradient":""},"tablet":{"background-color":"","background-image":"","background-repeat":"repeat","background-position":"center center","background-size":"auto","background-attachment":"scroll","background-type":"","background-media":"","overlay-type":"","overlay-color":"","overlay-opacity":"","overlay-gradient":""},"mobile":{"background-color":"","background-image":"","background-repeat":"repeat","background-position":"center center","background-size":"auto","background-attachment":"scroll","background-type":"","background-media":"","overlay-type":"","overlay-color":"","overlay-opacity":"","overlay-gradient":""}},"ast-content-background-meta":{"desktop":{"background-color":"var(--ast-global-color-5)","background-image":"","background-repeat":"repeat","background-position":"center center","background-size":"auto","background-attachment":"scroll","background-type":"","background-media":"","overlay-type":"","overlay-color":"","overlay-opacity":"","overlay-gradient":""},"tablet":{"background-color":"var(--ast-global-color-5)","background-image":"","background-repeat":"repeat","background-position":"center center","background-size":"auto","background-attachment":"scroll","background-type":"","background-media":"","overlay-type":"","overlay-color":"","overlay-opacity":"","overlay-gradient":""},"mobile":{"background-color":"var(--ast-global-color-5)","background-image":"","background-repeat":"repeat","background-position":"center center","background-size":"auto","background-attachment":"scroll","background-type":"","background-media":"","overlay-type":"","overlay-color":"","overlay-opacity":"","overlay-gradient":""}}},"product_brand":[],"product_cat":[44,15],"product_tag":[287,286,289,278,219,250,288],"class_list":{"0":"post-6477","1":"product","2":"type-product","3":"status-publish","4":"has-post-thumbnail","6":"product_cat-gesundheits-check","7":"product_cat-praeventionsmassnahmen","8":"product_tag-elektromyographie","9":"product_tag-emg-messung","10":"product_tag-fehlbelastung","11":"product_tag-gesundheitsfoerderung","12":"product_tag-gesundheitsvorsorge","13":"product_tag-koerperhaltung","14":"product_tag-muskelanalyse","15":"pa_dauer-ca-20-min","16":"pa_durchfuehrungsform-praesenz","17":"pa_format-screenings","18":"pa_zielgruppe-berufseinsteigende","19":"pa_zielgruppe-beschaeftigte","20":"desktop-align-left","21":"tablet-align-left","22":"mobile-align-left","23":"ast-product-gallery-layout-horizontal-slider","24":"ast-product-gallery-with-no-image","25":"ast-product-tabs-layout-horizontal","27":"first","28":"instock","29":"virtual","30":"sold-individually","31":"purchasable","32":"product-type-simple"},"yoast_head":"<!-- This site is optimized with the Yoast SEO plugin v27.5 - https:\/\/yoast.com\/product\/yoast-seo-wordpress\/ -->\n<title>EMG \u2013 Muskeltonusmessung f\u00fcr mehr Wohlbefinden<\/title>\n<meta name=\"description\" content=\"Erleben Sie eine pr\u00e4zise EMG-Messung Ihres Muskeltonus. Erkennen Sie muskul\u00e4re Dysbalancen und erhalten Sie Empfehlungen.\" \/>\n<meta name=\"robots\" content=\"index, follow, max-snippet:-1, max-image-preview:large, max-video-preview:-1\" \/>\n<link rel=\"canonical\" href=\"https:\/\/www.company-move.de\/en\/product\/emg-muskeltonusmessung\/\" \/>\n<meta property=\"og:locale\" content=\"en_US\" \/>\n<meta property=\"og:type\" content=\"article\" \/>\n<meta property=\"og:title\" content=\"EMG \u2013 Muskeltonusmessung f\u00fcr mehr Wohlbefinden\" \/>\n<meta property=\"og:description\" content=\"Erleben Sie eine pr\u00e4zise EMG-Messung Ihres Muskeltonus. Erkennen Sie muskul\u00e4re Dysbalancen und erhalten Sie Empfehlungen.\" \/>\n<meta property=\"og:url\" content=\"https:\/\/www.company-move.de\/en\/product\/emg-muskeltonusmessung\/\" \/>\n<meta property=\"og:site_name\" content=\"Company move GmbH\" \/>\n<meta property=\"article:modified_time\" content=\"2026-04-24T13:28:54+00:00\" \/>\n<meta property=\"og:image\" content=\"https:\/\/www.company-move.de\/wp-content\/uploads\/2024\/10\/EGM-Muskeltonus.jpg\" \/>\n\t<meta property=\"og:image:width\" content=\"960\" \/>\n\t<meta property=\"og:image:height\" content=\"720\" \/>\n\t<meta property=\"og:image:type\" content=\"image\/jpeg\" \/>\n<meta name=\"twitter:card\" content=\"summary_large_image\" \/>\n<meta name=\"twitter:label1\" content=\"Est. reading time\" \/>\n\t<meta name=\"twitter:data1\" content=\"2 minutes\" \/>\n<!-- \/ Yoast SEO plugin. -->","yoast_head_json":{"title":"EMG \u2013 Muskeltonusmessung f\u00fcr mehr Wohlbefinden","description":"Erleben Sie eine pr\u00e4zise EMG-Messung Ihres Muskeltonus. Erkennen Sie muskul\u00e4re Dysbalancen und erhalten Sie Empfehlungen.","robots":{"index":"index","follow":"follow","max-snippet":"max-snippet:-1","max-image-preview":"max-image-preview:large","max-video-preview":"max-video-preview:-1"},"canonical":"https:\/\/www.company-move.de\/en\/product\/emg-muskeltonusmessung\/","og_locale":"en_US","og_type":"article","og_title":"EMG \u2013 Muskeltonusmessung f\u00fcr mehr Wohlbefinden","og_description":"Erleben Sie eine pr\u00e4zise EMG-Messung Ihres Muskeltonus. Erkennen Sie muskul\u00e4re Dysbalancen und erhalten Sie Empfehlungen.","og_url":"https:\/\/www.company-move.de\/en\/product\/emg-muskeltonusmessung\/","og_site_name":"Company move GmbH","article_modified_time":"2026-04-24T13:28:54+00:00","og_image":[{"width":960,"height":720,"url":"https:\/\/www.company-move.de\/wp-content\/uploads\/2024\/10\/EGM-Muskeltonus.jpg","type":"image\/jpeg"}],"twitter_card":"summary_large_image","twitter_misc":{"Est. reading time":"2 minutes"},"schema":{"@context":"https:\/\/schema.org","@graph":[{"@type":["WebPage","ItemPage"],"@id":"https:\/\/www.company-move.de\/produkt\/emg-muskeltonusmessung\/","url":"https:\/\/www.company-move.de\/produkt\/emg-muskeltonusmessung\/","name":"EMG \u2013 Muskeltonusmessung f\u00fcr mehr Wohlbefinden","isPartOf":{"@id":"https:\/\/www.company-move.de\/#website"},"primaryImageOfPage":{"@id":"https:\/\/www.company-move.de\/produkt\/emg-muskeltonusmessung\/#primaryimage"},"image":{"@id":"https:\/\/www.company-move.de\/produkt\/emg-muskeltonusmessung\/#primaryimage"},"thumbnailUrl":"https:\/\/www.company-move.de\/wp-content\/uploads\/2024\/10\/EGM-Muskeltonus.jpg","datePublished":"2024-10-07T12:14:03+00:00","dateModified":"2026-04-24T13:28:54+00:00","description":"Erleben Sie eine pr\u00e4zise EMG-Messung Ihres Muskeltonus. Erkennen Sie muskul\u00e4re Dysbalancen und erhalten Sie Empfehlungen.","breadcrumb":{"@id":"https:\/\/www.company-move.de\/produkt\/emg-muskeltonusmessung\/#breadcrumb"},"inLanguage":"en-US","potentialAction":[{"@type":"ReadAction","target":["https:\/\/www.company-move.de\/produkt\/emg-muskeltonusmessung\/"]}]},{"@type":"ImageObject","inLanguage":"en-US","@id":"https:\/\/www.company-move.de\/produkt\/emg-muskeltonusmessung\/#primaryimage","url":"https:\/\/www.company-move.de\/wp-content\/uploads\/2024\/10\/EGM-Muskeltonus.jpg","contentUrl":"https:\/\/www.company-move.de\/wp-content\/uploads\/2024\/10\/EGM-Muskeltonus.jpg","width":960,"height":720,"caption":"Ger\u00e4t zur Analyse des Muskeltonus und zur Erkennung muskul\u00e4rer Dysbalancen"},{"@type":"BreadcrumbList","@id":"https:\/\/www.company-move.de\/produkt\/emg-muskeltonusmessung\/#breadcrumb","itemListElement":[{"@type":"ListItem","position":1,"name":"Shop","item":"https:\/\/www.company-move.de\/shop\/"},{"@type":"ListItem","position":2,"name":"EMG"}]},{"@type":"WebSite","@id":"https:\/\/www.company-move.de\/#website","url":"https:\/\/www.company-move.de\/","name":"Company move GmbH","description":"Your expert for occupational health management","publisher":{"@id":"https:\/\/www.company-move.de\/#organization"},"potentialAction":[{"@type":"SearchAction","target":{"@type":"EntryPoint","urlTemplate":"https:\/\/www.company-move.de\/?s={search_term_string}"},"query-input":{"@type":"PropertyValueSpecification","valueRequired":true,"valueName":"search_term_string"}}],"inLanguage":"en-US"},{"@type":"Organization","@id":"https:\/\/www.company-move.de\/#organization","name":"Company move GmbH","url":"https:\/\/www.company-move.de\/","logo":{"@type":"ImageObject","inLanguage":"en-US","@id":"https:\/\/www.company-move.de\/#\/schema\/logo\/image\/","url":"https:\/\/www.company-move.de\/wp-content\/uploads\/2024\/05\/cropped-CM-Logo.png","contentUrl":"https:\/\/www.company-move.de\/wp-content\/uploads\/2024\/05\/cropped-CM-Logo.png","width":1599,"height":795,"caption":"Company move GmbH"},"image":{"@id":"https:\/\/www.company-move.de\/#\/schema\/logo\/image\/"}}]}},"_links":{"self":[{"href":"https:\/\/www.company-move.de\/en\/wp-json\/wp\/v2\/product\/6477","targetHints":{"allow":["GET"]}}],"collection":[{"href":"https:\/\/www.company-move.de\/en\/wp-json\/wp\/v2\/product"}],"about":[{"href":"https:\/\/www.company-move.de\/en\/wp-json\/wp\/v2\/types\/product"}],"wp:featuredmedia":[{"embeddable":true,"href":"https:\/\/www.company-move.de\/en\/wp-json\/wp\/v2\/media\/6478"}],"wp:attachment":[{"href":"https:\/\/www.company-move.de\/en\/wp-json\/wp\/v2\/media?parent=6477"}],"wp:term":[{"taxonomy":"product_brand","embeddable":true,"href":"https:\/\/www.company-move.de\/en\/wp-json\/wp\/v2\/product_brand?post=6477"},{"taxonomy":"product_cat","embeddable":true,"href":"https:\/\/www.company-move.de\/en\/wp-json\/wp\/v2\/product_cat?post=6477"},{"taxonomy":"product_tag","embeddable":true,"href":"https:\/\/www.company-move.de\/en\/wp-json\/wp\/v2\/product_tag?post=6477"}],"curies":[{"name":"wp","href":"https:\/\/api.w.org\/{rel}","templated":true}]}}