{"id":6475,"date":"2024-10-07T14:07:24","date_gmt":"2024-10-07T12:07:24","guid":{"rendered":"https:\/\/www.company-move.de\/?post_type=product&#038;p=6475"},"modified":"2026-04-24T15:33:10","modified_gmt":"2026-04-24T13:33:10","slug":"cardio-check-blutuntersuchung","status":"publish","type":"product","link":"https:\/\/www.company-move.de\/en\/product\/cardio-check-blutuntersuchung\/","title":{"rendered":"Cardio-Check"},"content":{"rendered":"<p>Ein fundierter <b data-path-to-node=\"3\" data-index-in-node=\"15\">Cardio-Check<\/b> ist im modernen <b data-path-to-node=\"3\" data-index-in-node=\"44\">BGM<\/b> ein unverzichtbares Instrument, um kardiovaskul\u00e4re Risikofaktoren innerhalb der Belegschaft fr\u00fchzeitig zu identifizieren und proaktiv zu steuern. Durch die Durchf\u00fchrung eines <b data-path-to-node=\"3\" data-index-in-node=\"223\">Cardio-Check<\/b> adressieren Unternehmen eine der kritischsten Gesundheitsgefahren, da laut dem <b data-path-to-node=\"3\" data-index-in-node=\"315\">Herzbericht 2024 der Deutschen Herzstiftung<\/b> Herz-Kreislauf-Erkrankungen weiterhin f\u00fcr etwa ein Drittel aller Todesf\u00e4lle in Deutschland verantwortlich sind und eine erhebliche Last f\u00fcr die langfristige Arbeitsf\u00e4higkeit darstellen.<\/p>\n<p>Diese Form der <a href=\"https:\/\/www.company-move.de\/bgm\/gesundheitsthemen\/praeventionsmassnahmen\/\"><b data-path-to-node=\"3\" data-index-in-node=\"560\">Prevention<\/b><\/a> erm\u00f6glicht die Sofort-Analyse von Stoffwechselparametern wie Lipidwerten und Glukosespiegel direkt vor Ort. Damit leisten Sie einen evidenzbasierten Beitrag zur Senkung des chronisch bedingten <b data-path-to-node=\"3\" data-index-in-node=\"764\">Krankenstandes<\/b> und f\u00f6rdern die Vitalit\u00e4t Ihrer Mitarbeitenden durch gezielte, datengest\u00fctzte Handlungsempfehlungen.<\/p>\n<blockquote>\n<p data-path-to-node=\"6,0\"><span style=\"color: #aaad00;\">\u201eDie fr\u00fchzeitige Erkennung von Risikofaktoren wie Bluthochdruck, Fettstoffwechselst\u00f6rungen oder Diabetes ist entscheidend, um schwerwiegende Herz-Kreislauf-Ereignisse zu verhindern. Betriebliche Screenings bieten hier eine einmalige Chance, Menschen zu erreichen, die sonst kaum pr\u00e4ventive Angebote wahrnehmen.\u201c<\/span><\/p>\n<p data-path-to-node=\"6,1\"><span style=\"color: #aaad00;\">\u2014 <b data-path-to-node=\"6,1\" data-index-in-node=\"2\">Dr. med. Thomas Voigtl\u00e4nder<\/b>, Vorstandsvorsitzender der Deutschen Herzstiftung (in einer offiziellen Stellungnahme zur Bedeutung von Fr\u00fcherkennungsuntersuchungen f\u00fcr die Herzgesundheit).<\/span><\/p>\n<\/blockquote>\n<p>The <strong>Cardio-Check<\/strong> offers you a fast and precise <strong>Analysis of important blood values<\/strong> in only <strong>20 minutes<\/strong>. After the <strong>Collection of a drop of capillary blood<\/strong> aus der Fingerbeere werden wesentliche Parameter wie Cholesterin, Triglyceride und Blutzucker erfasst. Diese <strong>Comprehensive analysis<\/strong> helps to identify potential <strong>Recognize health risks at an early stage<\/strong>. After the measurement you will receive a <strong>Personal evaluation<\/strong> and recommendations from qualified specialists to help you <strong>Promote heart health in the long term<\/strong>.<\/p>\n<p>F\u00fcr mehr Ideen f\u00fcr <a href=\"https:\/\/www.company-move.de\/gesundheitstage-module\/\">Health days<\/a>, klicken Sie sich gerne durch unsere anderen Angebote f\u00fcr betriebliches Gesundheitsmanagement. Etablieren Sie Gesundheitsf\u00f6rderung in Ihrem Unternehmen mit uns als Ihr BGM-Dienstleister!<\/p>","protected":false},"excerpt":{"rendered":"<p>Product short description = Excerpt<\/p>\n<p>Quellen<\/p>\n<ul>\n<li>\n<p data-path-to-node=\"12,0,0\"><b data-path-to-node=\"12,0,0\" data-index-in-node=\"0\">Deutscher Herzbericht 2024<\/b>, Deutsche Herzstiftung e. V., 2024. Sektoren\u00fcbergreifende Analyse der kardiologischen Versorgung und Morbidit\u00e4t. (<b data-path-to-node=\"12,0,0\" data-index-in-node=\"141\">Offizieller Fachbericht<\/b>)<\/p>\n<\/li>\n<li>\n<p data-path-to-node=\"12,1,0\"><b data-path-to-node=\"12,1,0\" data-index-in-node=\"0\">\u201eKardiometabolische Risiken in der arbeitenden Bev\u00f6lkerung\u201c<\/b>, Robert Koch-Institut (RKI), 2024\/2025. Monitoring der Herz-Kreislauf-Gesundheit in Deutschland. (<b data-path-to-node=\"12,1,0\" data-index-in-node=\"158\">Offizieller Regierungsbericht<\/b>)<\/p>\n<\/li>\n<li>\n<p data-path-to-node=\"12,2,0\"><b data-path-to-node=\"12,2,0\" data-index-in-node=\"0\">\u201eImpact of Workplace Health Screenings on Cardiovascular Risk Reduction\u201c<\/b>, Journal of Occupational and Environmental Medicine, 2025. Untersuchung zur Wirksamkeit betrieblicher Checks. (<b data-path-to-node=\"12,2,0\" data-index-in-node=\"184\">Peer-Review-Journal<\/b>)<\/p>\n<\/li>\n<li>\n<p data-path-to-node=\"12,3,0\"><b data-path-to-node=\"12,3,0\" data-index-in-node=\"0\">Leitfaden Pr\u00e4vention<\/b>, GKV-Spitzenverband, 2025. Kriterien zur Durchf\u00fchrung betrieblicher Gesundheitsuntersuchungen gem\u00e4\u00df \u00a7 20b SGB V. (<b data-path-to-node=\"12,3,0\" data-index-in-node=\"135\">Offizieller Fachbericht<\/b>)<\/p>\n<\/li>\n<li>\n<p data-path-to-node=\"12,4,0\"><b data-path-to-node=\"12,4,0\" data-index-in-node=\"0\">\u201eGlobal Cardiovascular Risk Management in Occupational Settings\u201c<\/b>, European Heart Journal, 2024. Analyse der Effektivit\u00e4t von Screening-Programmen am Arbeitsplatz. (<b data-path-to-node=\"12,4,0\" data-index-in-node=\"164\">Peer-Review-Journal<\/b>)<\/p>\n<\/li>\n<\/ul>","protected":false},"featured_media":6476,"template":"","meta":{"site-sidebar-layout":"default","site-content-layout":"","ast-site-content-layout":"default","site-content-style":"default","site-sidebar-style":"default","ast-global-header-display":"","ast-banner-title-visibility":"","ast-main-header-display":"","ast-hfb-above-header-display":"","ast-hfb-below-header-display":"","ast-hfb-mobile-header-display":"","site-post-title":"","ast-breadcrumbs-content":"","ast-featured-img":"","footer-sml-layout":"","ast-disable-related-posts":"","theme-transparent-header-meta":"default","adv-header-id-meta":"","stick-header-meta":"default","header-above-stick-meta":"","header-main-stick-meta":"","header-below-stick-meta":"","astra-migrate-meta-layouts":"set","ast-page-background-enabled":"default","ast-page-background-meta":{"desktop":{"background-color":"var(--ast-global-color-4)","background-image":"","background-repeat":"repeat","background-position":"center center","background-size":"auto","background-attachment":"scroll","background-type":"","background-media":"","overlay-type":"","overlay-color":"","overlay-opacity":"","overlay-gradient":""},"tablet":{"background-color":"","background-image":"","background-repeat":"repeat","background-position":"center center","background-size":"auto","background-attachment":"scroll","background-type":"","background-media":"","overlay-type":"","overlay-color":"","overlay-opacity":"","overlay-gradient":""},"mobile":{"background-color":"","background-image":"","background-repeat":"repeat","background-position":"center center","background-size":"auto","background-attachment":"scroll","background-type":"","background-media":"","overlay-type":"","overlay-color":"","overlay-opacity":"","overlay-gradient":""}},"ast-content-background-meta":{"desktop":{"background-color":"var(--ast-global-color-5)","background-image":"","background-repeat":"repeat","background-position":"center center","background-size":"auto","background-attachment":"scroll","background-type":"","background-media":"","overlay-type":"","overlay-color":"","overlay-opacity":"","overlay-gradient":""},"tablet":{"background-color":"var(--ast-global-color-5)","background-image":"","background-repeat":"repeat","background-position":"center center","background-size":"auto","background-attachment":"scroll","background-type":"","background-media":"","overlay-type":"","overlay-color":"","overlay-opacity":"","overlay-gradient":""},"mobile":{"background-color":"var(--ast-global-color-5)","background-image":"","background-repeat":"repeat","background-position":"center center","background-size":"auto","background-attachment":"scroll","background-type":"","background-media":"","overlay-type":"","overlay-color":"","overlay-opacity":"","overlay-gradient":""}}},"product_brand":[],"product_cat":[44,15],"product_tag":[241,240,293,193,194,219,291,290,292,83,218],"class_list":{"0":"post-6475","1":"product","2":"type-product","3":"status-publish","4":"has-post-thumbnail","6":"product_cat-gesundheits-check","7":"product_cat-praeventionsmassnahmen","8":"product_tag-blutanalyse","9":"product_tag-bluttest","10":"product_tag-blutuntersuchung","11":"product_tag-cardio-check","12":"product_tag-cardiocheck","13":"product_tag-gesundheitsvorsorge","14":"product_tag-herz-kreislauf","15":"product_tag-herzgesundheit","16":"product_tag-herzscreening","17":"product_tag-mobil","18":"product_tag-vorsorgeuntersuchung","19":"pa_dauer-ca-20-min","20":"pa_durchfuehrungsform-praesenz","21":"pa_format-screenings","22":"pa_zielgruppe-berufseinsteigende","23":"pa_zielgruppe-beschaeftigte","24":"desktop-align-left","25":"tablet-align-left","26":"mobile-align-left","27":"ast-product-gallery-layout-horizontal-slider","28":"ast-product-gallery-with-no-image","29":"ast-product-tabs-layout-horizontal","31":"first","32":"instock","33":"virtual","34":"sold-individually","35":"purchasable","36":"product-type-simple"},"yoast_head":"<!-- This site is optimized with the Yoast SEO plugin v27.5 - https:\/\/yoast.com\/product\/yoast-seo-wordpress\/ -->\n<title>Cardio-Check \u2013 Blutuntersuchung f\u00fcr Ihre Herzgesundheit<\/title>\n<meta name=\"description\" content=\"Erleben Sie eine umfassende Blutuntersuchung mit unserem Cardio-Check. Sie erhalten wichtige Werte wie Cholesterin, Blutzucker und mehr.\" \/>\n<meta name=\"robots\" content=\"index, follow, max-snippet:-1, max-image-preview:large, max-video-preview:-1\" \/>\n<link rel=\"canonical\" href=\"https:\/\/www.company-move.de\/en\/product\/cardio-check-blutuntersuchung\/\" \/>\n<meta property=\"og:locale\" content=\"en_US\" \/>\n<meta property=\"og:type\" content=\"article\" \/>\n<meta property=\"og:title\" content=\"Cardio-Check \u2013 Blutuntersuchung f\u00fcr Ihre Herzgesundheit\" \/>\n<meta property=\"og:description\" content=\"Erleben Sie eine umfassende Blutuntersuchung mit unserem Cardio-Check. Sie erhalten wichtige Werte wie Cholesterin, Blutzucker und mehr.\" \/>\n<meta property=\"og:url\" content=\"https:\/\/www.company-move.de\/en\/product\/cardio-check-blutuntersuchung\/\" \/>\n<meta property=\"og:site_name\" content=\"Company move GmbH\" \/>\n<meta property=\"article:modified_time\" content=\"2026-04-24T13:33:10+00:00\" \/>\n<meta property=\"og:image\" content=\"https:\/\/www.company-move.de\/wp-content\/uploads\/2024\/10\/Cardio-Check.jpg\" \/>\n\t<meta property=\"og:image:width\" content=\"960\" \/>\n\t<meta property=\"og:image:height\" content=\"720\" \/>\n\t<meta property=\"og:image:type\" content=\"image\/jpeg\" \/>\n<meta name=\"twitter:card\" content=\"summary_large_image\" \/>\n<meta name=\"twitter:label1\" content=\"Est. reading time\" \/>\n\t<meta name=\"twitter:data1\" content=\"2 minutes\" \/>\n<!-- \/ Yoast SEO plugin. -->","yoast_head_json":{"title":"Cardio-Check \u2013 Blutuntersuchung f\u00fcr Ihre Herzgesundheit","description":"Erleben Sie eine umfassende Blutuntersuchung mit unserem Cardio-Check. Sie erhalten wichtige Werte wie Cholesterin, Blutzucker und mehr.","robots":{"index":"index","follow":"follow","max-snippet":"max-snippet:-1","max-image-preview":"max-image-preview:large","max-video-preview":"max-video-preview:-1"},"canonical":"https:\/\/www.company-move.de\/en\/product\/cardio-check-blutuntersuchung\/","og_locale":"en_US","og_type":"article","og_title":"Cardio-Check \u2013 Blutuntersuchung f\u00fcr Ihre Herzgesundheit","og_description":"Erleben Sie eine umfassende Blutuntersuchung mit unserem Cardio-Check. Sie erhalten wichtige Werte wie Cholesterin, Blutzucker und mehr.","og_url":"https:\/\/www.company-move.de\/en\/product\/cardio-check-blutuntersuchung\/","og_site_name":"Company move GmbH","article_modified_time":"2026-04-24T13:33:10+00:00","og_image":[{"width":960,"height":720,"url":"https:\/\/www.company-move.de\/wp-content\/uploads\/2024\/10\/Cardio-Check.jpg","type":"image\/jpeg"}],"twitter_card":"summary_large_image","twitter_misc":{"Est. reading time":"2 minutes"},"schema":{"@context":"https:\/\/schema.org","@graph":[{"@type":["WebPage","ItemPage"],"@id":"https:\/\/www.company-move.de\/produkt\/cardio-check-blutuntersuchung\/","url":"https:\/\/www.company-move.de\/produkt\/cardio-check-blutuntersuchung\/","name":"Cardio-Check \u2013 Blutuntersuchung f\u00fcr Ihre Herzgesundheit","isPartOf":{"@id":"https:\/\/www.company-move.de\/#website"},"primaryImageOfPage":{"@id":"https:\/\/www.company-move.de\/produkt\/cardio-check-blutuntersuchung\/#primaryimage"},"image":{"@id":"https:\/\/www.company-move.de\/produkt\/cardio-check-blutuntersuchung\/#primaryimage"},"thumbnailUrl":"https:\/\/www.company-move.de\/wp-content\/uploads\/2024\/10\/Cardio-Check.jpg","datePublished":"2024-10-07T12:07:24+00:00","dateModified":"2026-04-24T13:33:10+00:00","description":"Erleben Sie eine umfassende Blutuntersuchung mit unserem Cardio-Check. Sie erhalten wichtige Werte wie Cholesterin, Blutzucker und mehr.","breadcrumb":{"@id":"https:\/\/www.company-move.de\/produkt\/cardio-check-blutuntersuchung\/#breadcrumb"},"inLanguage":"en-US","potentialAction":[{"@type":"ReadAction","target":["https:\/\/www.company-move.de\/produkt\/cardio-check-blutuntersuchung\/"]}]},{"@type":"ImageObject","inLanguage":"en-US","@id":"https:\/\/www.company-move.de\/produkt\/cardio-check-blutuntersuchung\/#primaryimage","url":"https:\/\/www.company-move.de\/wp-content\/uploads\/2024\/10\/Cardio-Check.jpg","contentUrl":"https:\/\/www.company-move.de\/wp-content\/uploads\/2024\/10\/Cardio-Check.jpg","width":960,"height":720,"caption":"Ger\u00e4t zur pr\u00e4zisen Analyse wichtiger Blutwerte im Cardio-Check"},{"@type":"BreadcrumbList","@id":"https:\/\/www.company-move.de\/produkt\/cardio-check-blutuntersuchung\/#breadcrumb","itemListElement":[{"@type":"ListItem","position":1,"name":"Shop","item":"https:\/\/www.company-move.de\/shop\/"},{"@type":"ListItem","position":2,"name":"Cardio-Check"}]},{"@type":"WebSite","@id":"https:\/\/www.company-move.de\/#website","url":"https:\/\/www.company-move.de\/","name":"Company move GmbH","description":"Your expert for occupational health management","publisher":{"@id":"https:\/\/www.company-move.de\/#organization"},"potentialAction":[{"@type":"SearchAction","target":{"@type":"EntryPoint","urlTemplate":"https:\/\/www.company-move.de\/?s={search_term_string}"},"query-input":{"@type":"PropertyValueSpecification","valueRequired":true,"valueName":"search_term_string"}}],"inLanguage":"en-US"},{"@type":"Organization","@id":"https:\/\/www.company-move.de\/#organization","name":"Company move GmbH","url":"https:\/\/www.company-move.de\/","logo":{"@type":"ImageObject","inLanguage":"en-US","@id":"https:\/\/www.company-move.de\/#\/schema\/logo\/image\/","url":"https:\/\/www.company-move.de\/wp-content\/uploads\/2024\/05\/cropped-CM-Logo.png","contentUrl":"https:\/\/www.company-move.de\/wp-content\/uploads\/2024\/05\/cropped-CM-Logo.png","width":1599,"height":795,"caption":"Company move GmbH"},"image":{"@id":"https:\/\/www.company-move.de\/#\/schema\/logo\/image\/"}}]}},"_links":{"self":[{"href":"https:\/\/www.company-move.de\/en\/wp-json\/wp\/v2\/product\/6475","targetHints":{"allow":["GET"]}}],"collection":[{"href":"https:\/\/www.company-move.de\/en\/wp-json\/wp\/v2\/product"}],"about":[{"href":"https:\/\/www.company-move.de\/en\/wp-json\/wp\/v2\/types\/product"}],"wp:featuredmedia":[{"embeddable":true,"href":"https:\/\/www.company-move.de\/en\/wp-json\/wp\/v2\/media\/6476"}],"wp:attachment":[{"href":"https:\/\/www.company-move.de\/en\/wp-json\/wp\/v2\/media?parent=6475"}],"wp:term":[{"taxonomy":"product_brand","embeddable":true,"href":"https:\/\/www.company-move.de\/en\/wp-json\/wp\/v2\/product_brand?post=6475"},{"taxonomy":"product_cat","embeddable":true,"href":"https:\/\/www.company-move.de\/en\/wp-json\/wp\/v2\/product_cat?post=6475"},{"taxonomy":"product_tag","embeddable":true,"href":"https:\/\/www.company-move.de\/en\/wp-json\/wp\/v2\/product_tag?post=6475"}],"curies":[{"name":"wp","href":"https:\/\/api.w.org\/{rel}","templated":true}]}}