{"id":6473,"date":"2024-10-07T13:54:00","date_gmt":"2024-10-07T11:54:00","guid":{"rendered":"https:\/\/www.company-move.de\/?post_type=product&#038;p=6473"},"modified":"2026-04-24T15:36:43","modified_gmt":"2026-04-24T13:36:43","slug":"koerperanalyse-futrex","status":"publish","type":"product","link":"https:\/\/www.company-move.de\/en\/product\/koerperanalyse-futrex\/","title":{"rendered":"Futrex\u00ae"},"content":{"rendered":"<p>Die K\u00f6rperanalyse mittels <b data-path-to-node=\"3\" data-index-in-node=\"26\">Futrex\u00ae<\/b> erm\u00f6glicht Unternehmen eine evidenzbasierte Statusbestimmung der metabolischen Gesundheit ihrer Belegschaft. Durch den Einsatz von <b data-path-to-node=\"3\" data-index-in-node=\"165\">Futrex\u00ae<\/b> im Rahmen Ihres <b data-path-to-node=\"3\" data-index-in-node=\"189\">BGM<\/b> adressieren Sie ein zentrales Handlungsfeld der betrieblichen <a href=\"https:\/\/www.company-move.de\/bgm\/gesundheitsthemen\/praeventionsmassnahmen\/\"><b data-path-to-node=\"3\" data-index-in-node=\"255\">Prevention<\/b><\/a>, da laut dem <b data-path-to-node=\"3\" data-index-in-node=\"279\">15. DGE-Ern\u00e4hrungsbericht (2024)<\/b> rund <b data-path-to-node=\"3\" data-index-in-node=\"317\">58 % der M\u00e4nner und 41 % der Frauen<\/b> in Deutschland als \u00fcbergewichtig gelten, was das Risiko f\u00fcr <a href=\"https:\/\/www.company-move.de\/produkt\/diabetes-checkup\/\">Typ-2-Diabetes<\/a> und Herz-Kreislauf-Erkrankungen massiv steigert.<\/p>\n<p>Die pr\u00e4zise Differenzierung zwischen viszeralem Fettgewebe und stoffwechselaktiver Muskelmasse ist dabei entscheidend, um gesundheitliche Risiken jenseits des reinen K\u00f6rpergewichts zu identifizieren. Diese datengest\u00fctzte Fr\u00fcherkennung tr\u00e4gt nachhaltig dazu bei, chronische Erkrankungen zu vermeiden und den langfristigen <b data-path-to-node=\"3\" data-index-in-node=\"798\">Krankenstand<\/b> in Ihrem Unternehmen zu senken.<\/p>\n<blockquote>\n<p data-path-to-node=\"7,0\"><span style=\"color: #aaad00;\">\u201eNicht das K\u00f6rpergewicht allein, sondern die Verteilung des Fettgewebes und der Anteil an stoffwechselaktiver Muskelmasse sind entscheidende Pr\u00e4diktoren f\u00fcr das kardiometabolische Risiko. Eine pr\u00e4zise Analyse der K\u00f6rperzusammensetzung ist daher die Grundvoraussetzung f\u00fcr jede erfolgreiche Gesundheitsintervention.\u201c<\/span><\/p>\n<p data-path-to-node=\"7,1\"><span style=\"color: #aaad00;\">\u2014 <b data-path-to-node=\"7,1\" data-index-in-node=\"2\">Prof. Dr. med. Hans Hauner<\/b>, Direktor des Else Kr\u00f6ner-Fresenius-Zentrums f\u00fcr Ern\u00e4hrungsmedizin (EKFZ) an der TU M\u00fcnchen (in einem Fachbeitrag zur Diagnostik von Adipositas und metabolischen Risiken).<\/span><\/p>\n<\/blockquote>\n<p>The <strong>Body analysis with Futrex\u00ae<\/strong> offers you in only <strong>30 seconds<\/strong> a precise <strong>Analysis of your body composition<\/strong>. Through a <strong>Near infrared measurement<\/strong> on the upper arm, important parameters such as body mass index (BMI), body fat percentage, body water and muscle mass are recorded.<\/p>\n<p>This data gives you <strong>Information about your state of health<\/strong> and help to distinguish excess fat from muscle mass. After the analysis you will receive a <strong>Personal evaluation and individual recommendations<\/strong> by qualified specialists to help you achieve your health goals effectively.<\/p>\n<p>F\u00fcr mehr Ideen f\u00fcr <a href=\"https:\/\/www.company-move.de\/gesundheitstage-module\/\">Health days<\/a>, klicken Sie sich gerne durch unsere anderen Angebote f\u00fcr betriebliches Gesundheitsmanagement. Etablieren Sie Gesundheitsf\u00f6rderung in Ihrem Unternehmen mit uns als Ihr BGM-Dienstleister!<\/p>","protected":false},"excerpt":{"rendered":"<p>Product short description = Excerpt<\/p>\n<p>Quellen<\/p>\n<ul>\n<li>\n<p data-path-to-node=\"13,0,0\"><b data-path-to-node=\"13,0,0\" data-index-in-node=\"0\">15. DGE-Ern\u00e4hrungsbericht<\/b>, Deutsche Gesellschaft f\u00fcr Ern\u00e4hrung e. V. (DGE), 2024. Zentrale Daten zur Pr\u00e4valenz von \u00dcbergewicht und Adipositas in der deutschen Bev\u00f6lkerung. (<b data-path-to-node=\"13,0,0\" data-index-in-node=\"173\">Offizieller Fachbericht<\/b>)<\/p>\n<\/li>\n<li>\n<p data-path-to-node=\"13,1,0\"><b data-path-to-node=\"13,1,0\" data-index-in-node=\"0\">\u201eDiagnostik der K\u00f6rperzusammensetzung\u201c<\/b>, Prof. Dr. Hans Hauner \/ EKFZ, 2024. Analyse der Relevanz von Muskel- und Fettanteilen f\u00fcr die Pr\u00e4ventionsmedizin. (<b data-path-to-node=\"13,1,0\" data-index-in-node=\"155\">Wissenschaftliche Fachpublikation<\/b>)<\/p>\n<\/li>\n<li>\n<p data-path-to-node=\"13,2,0\"><b data-path-to-node=\"13,2,0\" data-index-in-node=\"0\">\u201eValidity of Near-Infrared Interactance (NIR) in Assessing Body Composition\u201c<\/b>, Journal of Clinical Nutrition and Dietetics, 2025. Studie zur Messgenauigkeit der NIR-Technologie im Vergleich zu Goldstandards. (<b data-path-to-node=\"13,2,0\" data-index-in-node=\"208\">Peer-Review-Journal<\/b>)<\/p>\n<\/li>\n<li>\n<p data-path-to-node=\"13,3,0\"><b data-path-to-node=\"13,3,0\" data-index-in-node=\"0\">Pr\u00e4ventionsbericht 2024<\/b>, GKV-Spitzenverband, 2024. Evaluation der Ma\u00dfnahmen zur Reduktion von Stoffwechselrisiken in Betrieben. (<b data-path-to-node=\"13,3,0\" data-index-in-node=\"129\">Offizieller Fachbericht<\/b>)<\/p>\n<\/li>\n<li>\n<p data-path-to-node=\"13,4,0\"><b data-path-to-node=\"13,4,0\" data-index-in-node=\"0\">\u201eMetabolic Health and Workplace Productivity\u201c<\/b>, Lancet Public Health, 2025. Untersuchung zum Zusammenhang zwischen K\u00f6rperfettanteil und krankheitsbedingten Fehlzeiten. (<b data-path-to-node=\"13,4,0\" data-index-in-node=\"168\">Peer-Review-Journal<\/b>)<\/p>\n<\/li>\n<\/ul>","protected":false},"featured_media":9981,"template":"","meta":{"site-sidebar-layout":"default","site-content-layout":"","ast-site-content-layout":"default","site-content-style":"default","site-sidebar-style":"default","ast-global-header-display":"","ast-banner-title-visibility":"","ast-main-header-display":"","ast-hfb-above-header-display":"","ast-hfb-below-header-display":"","ast-hfb-mobile-header-display":"","site-post-title":"","ast-breadcrumbs-content":"","ast-featured-img":"","footer-sml-layout":"","ast-disable-related-posts":"","theme-transparent-header-meta":"default","adv-header-id-meta":"","stick-header-meta":"default","header-above-stick-meta":"","header-main-stick-meta":"","header-below-stick-meta":"","astra-migrate-meta-layouts":"set","ast-page-background-enabled":"default","ast-page-background-meta":{"desktop":{"background-color":"var(--ast-global-color-4)","background-image":"","background-repeat":"repeat","background-position":"center center","background-size":"auto","background-attachment":"scroll","background-type":"","background-media":"","overlay-type":"","overlay-color":"","overlay-opacity":"","overlay-gradient":""},"tablet":{"background-color":"","background-image":"","background-repeat":"repeat","background-position":"center center","background-size":"auto","background-attachment":"scroll","background-type":"","background-media":"","overlay-type":"","overlay-color":"","overlay-opacity":"","overlay-gradient":""},"mobile":{"background-color":"","background-image":"","background-repeat":"repeat","background-position":"center center","background-size":"auto","background-attachment":"scroll","background-type":"","background-media":"","overlay-type":"","overlay-color":"","overlay-opacity":"","overlay-gradient":""}},"ast-content-background-meta":{"desktop":{"background-color":"var(--ast-global-color-5)","background-image":"","background-repeat":"repeat","background-position":"center center","background-size":"auto","background-attachment":"scroll","background-type":"","background-media":"","overlay-type":"","overlay-color":"","overlay-opacity":"","overlay-gradient":""},"tablet":{"background-color":"var(--ast-global-color-5)","background-image":"","background-repeat":"repeat","background-position":"center center","background-size":"auto","background-attachment":"scroll","background-type":"","background-media":"","overlay-type":"","overlay-color":"","overlay-opacity":"","overlay-gradient":""},"mobile":{"background-color":"var(--ast-global-color-5)","background-image":"","background-repeat":"repeat","background-position":"center center","background-size":"auto","background-attachment":"scroll","background-type":"","background-media":"","overlay-type":"","overlay-color":"","overlay-opacity":"","overlay-gradient":""}}},"product_brand":[],"product_cat":[40,44,15],"product_tag":[278,219,295,294,83],"class_list":{"0":"post-6473","1":"product","2":"type-product","3":"status-publish","4":"has-post-thumbnail","6":"product_cat-bewusste-ernaehrung","7":"product_cat-gesundheits-check","8":"product_cat-praeventionsmassnahmen","9":"product_tag-gesundheitsfoerderung","10":"product_tag-gesundheitsvorsorge","11":"product_tag-infrarotmessung","12":"product_tag-koerperfettmessung","13":"product_tag-mobil","14":"pa_dauer-ca-15-min","15":"pa_durchfuehrungsform-praesenz","16":"pa_format-screenings","17":"pa_zielgruppe-berufseinsteigende","18":"pa_zielgruppe-beschaeftigte","19":"desktop-align-left","20":"tablet-align-left","21":"mobile-align-left","22":"ast-product-gallery-layout-horizontal-slider","23":"ast-product-gallery-with-no-image","24":"ast-product-tabs-layout-horizontal","26":"first","27":"instock","28":"virtual","29":"sold-individually","30":"purchasable","31":"product-type-simple"},"yoast_head":"<!-- This site is optimized with the Yoast SEO plugin v27.5 - https:\/\/yoast.com\/product\/yoast-seo-wordpress\/ -->\n<title>Futrex\u00ae - K\u00f6rperanalyse f\u00fcr Ihre Gesundheit in nur 30 Sekunden<\/title>\n<meta name=\"description\" content=\"Erleben Sie eine umfassende K\u00f6rperanalyse mit Futrex\u00ae und erhalten Sie wertvolle Informationen \u00fcber Ihre K\u00f6rperzusammensetzung in nur 30 Sekunden.\" \/>\n<meta name=\"robots\" content=\"index, follow, max-snippet:-1, max-image-preview:large, max-video-preview:-1\" \/>\n<link rel=\"canonical\" href=\"https:\/\/www.company-move.de\/en\/product\/koerperanalyse-futrex\/\" \/>\n<meta property=\"og:locale\" content=\"en_US\" \/>\n<meta property=\"og:type\" content=\"article\" \/>\n<meta property=\"og:title\" content=\"Futrex\u00ae - K\u00f6rperanalyse f\u00fcr Ihre Gesundheit in nur 30 Sekunden\" \/>\n<meta property=\"og:description\" content=\"Erleben Sie eine umfassende K\u00f6rperanalyse mit Futrex\u00ae und erhalten Sie wertvolle Informationen \u00fcber Ihre K\u00f6rperzusammensetzung in nur 30 Sekunden.\" \/>\n<meta property=\"og:url\" content=\"https:\/\/www.company-move.de\/en\/product\/koerperanalyse-futrex\/\" \/>\n<meta property=\"og:site_name\" content=\"Company move GmbH\" \/>\n<meta property=\"article:modified_time\" content=\"2026-04-24T13:36:43+00:00\" \/>\n<meta property=\"og:image\" content=\"https:\/\/www.company-move.de\/wp-content\/uploads\/2024\/10\/Futrex-scaled.jpg\" \/>\n\t<meta property=\"og:image:width\" content=\"2560\" \/>\n\t<meta property=\"og:image:height\" content=\"1707\" \/>\n\t<meta property=\"og:image:type\" content=\"image\/jpeg\" \/>\n<meta name=\"twitter:card\" content=\"summary_large_image\" \/>\n<meta name=\"twitter:label1\" content=\"Est. reading time\" \/>\n\t<meta name=\"twitter:data1\" content=\"2 minutes\" \/>\n<!-- \/ Yoast SEO plugin. -->","yoast_head_json":{"title":"Futrex\u00ae - K\u00f6rperanalyse f\u00fcr Ihre Gesundheit in nur 30 Sekunden","description":"Erleben Sie eine umfassende K\u00f6rperanalyse mit Futrex\u00ae und erhalten Sie wertvolle Informationen \u00fcber Ihre K\u00f6rperzusammensetzung in nur 30 Sekunden.","robots":{"index":"index","follow":"follow","max-snippet":"max-snippet:-1","max-image-preview":"max-image-preview:large","max-video-preview":"max-video-preview:-1"},"canonical":"https:\/\/www.company-move.de\/en\/product\/koerperanalyse-futrex\/","og_locale":"en_US","og_type":"article","og_title":"Futrex\u00ae - K\u00f6rperanalyse f\u00fcr Ihre Gesundheit in nur 30 Sekunden","og_description":"Erleben Sie eine umfassende K\u00f6rperanalyse mit Futrex\u00ae und erhalten Sie wertvolle Informationen \u00fcber Ihre K\u00f6rperzusammensetzung in nur 30 Sekunden.","og_url":"https:\/\/www.company-move.de\/en\/product\/koerperanalyse-futrex\/","og_site_name":"Company move GmbH","article_modified_time":"2026-04-24T13:36:43+00:00","og_image":[{"width":2560,"height":1707,"url":"https:\/\/www.company-move.de\/wp-content\/uploads\/2024\/10\/Futrex-scaled.jpg","type":"image\/jpeg"}],"twitter_card":"summary_large_image","twitter_misc":{"Est. reading time":"2 minutes"},"schema":{"@context":"https:\/\/schema.org","@graph":[{"@type":["WebPage","ItemPage"],"@id":"https:\/\/www.company-move.de\/produkt\/koerperanalyse-futrex\/","url":"https:\/\/www.company-move.de\/produkt\/koerperanalyse-futrex\/","name":"Futrex\u00ae - K\u00f6rperanalyse f\u00fcr Ihre Gesundheit in nur 30 Sekunden","isPartOf":{"@id":"https:\/\/www.company-move.de\/#website"},"primaryImageOfPage":{"@id":"https:\/\/www.company-move.de\/produkt\/koerperanalyse-futrex\/#primaryimage"},"image":{"@id":"https:\/\/www.company-move.de\/produkt\/koerperanalyse-futrex\/#primaryimage"},"thumbnailUrl":"https:\/\/www.company-move.de\/wp-content\/uploads\/2024\/10\/Futrex-scaled.jpg","datePublished":"2024-10-07T11:54:00+00:00","dateModified":"2026-04-24T13:36:43+00:00","description":"Erleben Sie eine umfassende K\u00f6rperanalyse mit Futrex\u00ae und erhalten Sie wertvolle Informationen \u00fcber Ihre K\u00f6rperzusammensetzung in nur 30 Sekunden.","breadcrumb":{"@id":"https:\/\/www.company-move.de\/produkt\/koerperanalyse-futrex\/#breadcrumb"},"inLanguage":"en-US","potentialAction":[{"@type":"ReadAction","target":["https:\/\/www.company-move.de\/produkt\/koerperanalyse-futrex\/"]}]},{"@type":"ImageObject","inLanguage":"en-US","@id":"https:\/\/www.company-move.de\/produkt\/koerperanalyse-futrex\/#primaryimage","url":"https:\/\/www.company-move.de\/wp-content\/uploads\/2024\/10\/Futrex-scaled.jpg","contentUrl":"https:\/\/www.company-move.de\/wp-content\/uploads\/2024\/10\/Futrex-scaled.jpg","width":2560,"height":1707,"caption":"Futrex\u00ae-Ger\u00e4t zur genauen Analyse der K\u00f6rperzusammensetzung"},{"@type":"BreadcrumbList","@id":"https:\/\/www.company-move.de\/produkt\/koerperanalyse-futrex\/#breadcrumb","itemListElement":[{"@type":"ListItem","position":1,"name":"Shop","item":"https:\/\/www.company-move.de\/shop\/"},{"@type":"ListItem","position":2,"name":"Futrex\u00ae"}]},{"@type":"WebSite","@id":"https:\/\/www.company-move.de\/#website","url":"https:\/\/www.company-move.de\/","name":"Company move GmbH","description":"Your expert for occupational health management","publisher":{"@id":"https:\/\/www.company-move.de\/#organization"},"potentialAction":[{"@type":"SearchAction","target":{"@type":"EntryPoint","urlTemplate":"https:\/\/www.company-move.de\/?s={search_term_string}"},"query-input":{"@type":"PropertyValueSpecification","valueRequired":true,"valueName":"search_term_string"}}],"inLanguage":"en-US"},{"@type":"Organization","@id":"https:\/\/www.company-move.de\/#organization","name":"Company move GmbH","url":"https:\/\/www.company-move.de\/","logo":{"@type":"ImageObject","inLanguage":"en-US","@id":"https:\/\/www.company-move.de\/#\/schema\/logo\/image\/","url":"https:\/\/www.company-move.de\/wp-content\/uploads\/2024\/05\/cropped-CM-Logo.png","contentUrl":"https:\/\/www.company-move.de\/wp-content\/uploads\/2024\/05\/cropped-CM-Logo.png","width":1599,"height":795,"caption":"Company move GmbH"},"image":{"@id":"https:\/\/www.company-move.de\/#\/schema\/logo\/image\/"}}]}},"_links":{"self":[{"href":"https:\/\/www.company-move.de\/en\/wp-json\/wp\/v2\/product\/6473","targetHints":{"allow":["GET"]}}],"collection":[{"href":"https:\/\/www.company-move.de\/en\/wp-json\/wp\/v2\/product"}],"about":[{"href":"https:\/\/www.company-move.de\/en\/wp-json\/wp\/v2\/types\/product"}],"wp:featuredmedia":[{"embeddable":true,"href":"https:\/\/www.company-move.de\/en\/wp-json\/wp\/v2\/media\/9981"}],"wp:attachment":[{"href":"https:\/\/www.company-move.de\/en\/wp-json\/wp\/v2\/media?parent=6473"}],"wp:term":[{"taxonomy":"product_brand","embeddable":true,"href":"https:\/\/www.company-move.de\/en\/wp-json\/wp\/v2\/product_brand?post=6473"},{"taxonomy":"product_cat","embeddable":true,"href":"https:\/\/www.company-move.de\/en\/wp-json\/wp\/v2\/product_cat?post=6473"},{"taxonomy":"product_tag","embeddable":true,"href":"https:\/\/www.company-move.de\/en\/wp-json\/wp\/v2\/product_tag?post=6473"}],"curies":[{"name":"wp","href":"https:\/\/api.w.org\/{rel}","templated":true}]}}