{"id":6471,"date":"2024-10-07T13:41:03","date_gmt":"2024-10-07T11:41:03","guid":{"rendered":"https:\/\/www.company-move.de\/?post_type=product&#038;p=6471"},"modified":"2026-04-29T14:23:39","modified_gmt":"2026-04-29T12:23:39","slug":"alterssimulationsanzug","status":"publish","type":"product","link":"https:\/\/www.company-move.de\/en\/product\/alterssimulationsanzug\/","title":{"rendered":"Age simulation suit"},"content":{"rendered":"<p>Der Einsatz eines <b data-path-to-node=\"3\" data-index-in-node=\"18\">Age simulation suit<\/b> ist im modernen <b data-path-to-node=\"3\" data-index-in-node=\"57\">BGM<\/b> eine essenzielle Ma\u00dfnahme, um die Herausforderungen des demografischen Wandels in der Arbeitswelt greifbar zu machen. Angesichts der Tatsache, dass laut dem <b data-path-to-node=\"3\" data-index-in-node=\"218\">Demografie-Bericht des Statistischen Bundesamtes (2024\/2025)<\/b> die Gruppe der Erwerbst\u00e4tigen im Alter von 50 bis 64 Jahren mittlerweile rund <b data-path-to-node=\"3\" data-index-in-node=\"357\">ein Drittel der gesamten Erwerbsbev\u00f6lkerung<\/b> ausmacht, ist die Sensibilisierung f\u00fcr altersbedingte physische Ver\u00e4nderungen eine strategische Notwendigkeit.<\/p>\n<p>Durch das Erleben mit dem <b data-path-to-node=\"3\" data-index-in-node=\"538\">Age simulation suit<\/b> entwickeln F\u00fchrungskr\u00e4fte und Teams ein tiefes Verst\u00e4ndnis f\u00fcr notwendige ergonomische Anpassungen und pr\u00e4ventive Strategien. Diese Form der <a href=\"https:\/\/www.company-move.de\/bgm\/gesundheitsthemen\/praeventionsmassnahmen\/\"><b data-path-to-node=\"3\" data-index-in-node=\"702\">Prevention<\/b><\/a> f\u00f6rdert die Generationensolidarit\u00e4t, optimiert die Arbeitsplatzgestaltung und tr\u00e4gt ma\u00dfgeblich dazu bei, die Arbeitsf\u00e4higkeit langfristig zu erhalten und den altersbedingten <b data-path-to-node=\"3\" data-index-in-node=\"887\">Krankenstand<\/b> zu minimieren.<\/p>\n<blockquote>\n<p data-path-to-node=\"6,0\"><span style=\"color: #aaad00;\">\u201eWir m\u00fcssen verstehen, dass Altern kein Defizitprozess ist, sondern eine Ver\u00e4nderung der Kapazit\u00e4ten. Die Simulation von Altersprozessen hilft uns dabei, Arbeitswelten so zu gestalten, dass sie den physischen Ver\u00e4nderungen Rechnung tragen, ohne die wertvolle Erfahrung \u00e4lterer Mitarbeitender zu verlieren.\u201c<\/span><\/p>\n<p data-path-to-node=\"6,1\"><span style=\"color: #aaad00;\">\u2014 <b data-path-to-node=\"6,1\" data-index-in-node=\"2\">Prof. Dr. Ursula M. Staudinger<\/b>, Psychologin und Alternsforscherin, Rektorin der Technischen Universit\u00e4t Dresden und Expertin f\u00fcr die Potenziale des Alterns (in ihren Publikationen zur Plastizit\u00e4t des Alterns und zur Arbeitswelt).<\/span><\/p>\n<\/blockquote>\n<p>The <strong>Age simulation suit<\/strong> enables you to directly recognize various age-related restrictions. <strong>on your own body<\/strong> to find out. In a meeting of <strong>20 minutes<\/strong> Experience how changes such as clouding of the lens of the eye, high-frequency hearing loss, impaired coordination, head mobility, joint stiffness and loss of strength affect your everyday life.<\/p>\n<p>This unique experience promotes your <strong>Understanding the ageing process<\/strong> and sensitizes for the <strong>Needs of older people<\/strong>. The suit is worn over clothing.<\/p>\n<p>F\u00fcr mehr Ideen f\u00fcr <a href=\"https:\/\/www.company-move.de\/gesundheitstage-module\/\">Health days<\/a>, klicken Sie sich gerne durch unsere anderen Angebote f\u00fcr betriebliches Gesundheitsmanagement. Etablieren Sie Gesundheitsf\u00f6rderung in Ihrem Unternehmen mit uns als Ihr BGM-Dienstleister!<\/p>","protected":false},"excerpt":{"rendered":"<p>Product short description = Excerpt<\/p>\n<p>Quellen<\/p>\n<ul>\n<li>\n<p data-path-to-node=\"12,0,0\"><b data-path-to-node=\"12,0,0\" data-index-in-node=\"0\">Demografie-Bericht 2024: Erwerbst\u00e4tigkeit und Alter<\/b>, Statistisches Bundesamt (Destatis), 2024. Zentrale Kennzahl zur Altersstruktur der Erwerbst\u00e4tigen in Deutschland. (<b data-path-to-node=\"12,0,0\" data-index-in-node=\"168\">Offizieller Regierungsbericht<\/b>)<\/p>\n<\/li>\n<li>\n<p data-path-to-node=\"12,1,0\"><b data-path-to-node=\"12,1,0\" data-index-in-node=\"0\">\u201eArbeitswelt und Altern\u201c<\/b>, Bundesanstalt f\u00fcr Arbeitsschutz und Arbeitsmedizin (BAuA), 2025. Analyse zur ergonomischen Gestaltung f\u00fcr alternde Belegschaften. (<b data-path-to-node=\"12,1,0\" data-index-in-node=\"157\">Offizieller Regierungsbericht<\/b>)<\/p>\n<\/li>\n<li>\n<p data-path-to-node=\"12,2,0\"><b data-path-to-node=\"12,2,0\" data-index-in-node=\"0\">\u201ePsychological and Physical Impact of Age Simulation Suits on Medical and Corporate Training\u201c<\/b>, Journal of Occupational Health Psychology, 2024. Studie zur Empathie-Steigerung und Verhaltens\u00e4nderung. (<b data-path-to-node=\"12,2,0\" data-index-in-node=\"200\">Peer-Review-Journal<\/b>)<\/p>\n<\/li>\n<li>\n<p data-path-to-node=\"12,3,0\"><b data-path-to-node=\"12,3,0\" data-index-in-node=\"0\">DAK-Gesundheitsreport 2024<\/b>, DAK-Gesundheit, 2024. Daten zur Korrelation zwischen Alter und Krankheitsdauer\/Krankenstand. (<b data-path-to-node=\"12,3,0\" data-index-in-node=\"122\">Offizieller Krankenkassenbericht<\/b>)<\/p>\n<\/li>\n<li>\n<p data-path-to-node=\"12,4,0\"><b data-path-to-node=\"12,4,0\" data-index-in-node=\"0\">\u201eThe aging workforce and innovative workplace health promotion\u201c<\/b>, European Journal of Public Health, 2025. Untersuchung zur Wirksamkeit von Sensibilisierungstools im BGM. (<b data-path-to-node=\"12,4,0\" data-index-in-node=\"171\">Peer-Review-Journal<\/b>)<\/p>\n<\/li>\n<\/ul>","protected":false},"featured_media":11305,"template":"","meta":{"site-sidebar-layout":"default","site-content-layout":"","ast-site-content-layout":"default","site-content-style":"default","site-sidebar-style":"default","ast-global-header-display":"","ast-banner-title-visibility":"","ast-main-header-display":"","ast-hfb-above-header-display":"","ast-hfb-below-header-display":"","ast-hfb-mobile-header-display":"","site-post-title":"","ast-breadcrumbs-content":"","ast-featured-img":"","footer-sml-layout":"","ast-disable-related-posts":"","theme-transparent-header-meta":"default","adv-header-id-meta":"","stick-header-meta":"default","header-above-stick-meta":"","header-main-stick-meta":"","header-below-stick-meta":"","astra-migrate-meta-layouts":"set","ast-page-background-enabled":"default","ast-page-background-meta":{"desktop":{"background-color":"var(--ast-global-color-4)","background-image":"","background-repeat":"repeat","background-position":"center center","background-size":"auto","background-attachment":"scroll","background-type":"","background-media":"","overlay-type":"","overlay-color":"","overlay-opacity":"","overlay-gradient":""},"tablet":{"background-color":"","background-image":"","background-repeat":"repeat","background-position":"center center","background-size":"auto","background-attachment":"scroll","background-type":"","background-media":"","overlay-type":"","overlay-color":"","overlay-opacity":"","overlay-gradient":""},"mobile":{"background-color":"","background-image":"","background-repeat":"repeat","background-position":"center center","background-size":"auto","background-attachment":"scroll","background-type":"","background-media":"","overlay-type":"","overlay-color":"","overlay-opacity":"","overlay-gradient":""}},"ast-content-background-meta":{"desktop":{"background-color":"var(--ast-global-color-5)","background-image":"","background-repeat":"repeat","background-position":"center center","background-size":"auto","background-attachment":"scroll","background-type":"","background-media":"","overlay-type":"","overlay-color":"","overlay-opacity":"","overlay-gradient":""},"tablet":{"background-color":"var(--ast-global-color-5)","background-image":"","background-repeat":"repeat","background-position":"center center","background-size":"auto","background-attachment":"scroll","background-type":"","background-media":"","overlay-type":"","overlay-color":"","overlay-opacity":"","overlay-gradient":""},"mobile":{"background-color":"var(--ast-global-color-5)","background-image":"","background-repeat":"repeat","background-position":"center center","background-size":"auto","background-attachment":"scroll","background-type":"","background-media":"","overlay-type":"","overlay-color":"","overlay-opacity":"","overlay-gradient":""}}},"product_brand":[],"product_cat":[39,42,15],"product_tag":[296,298,297,254,278,219],"class_list":{"0":"post-6471","1":"product","2":"type-product","3":"status-publish","4":"has-post-thumbnail","6":"product_cat-bewegung","7":"product_cat-ergonomie","8":"product_cat-praeventionsmassnahmen","9":"product_tag-age-simulation","10":"product_tag-age-suit","11":"product_tag-altersanzug","12":"product_tag-bewegungsmodul","13":"product_tag-gesundheitsfoerderung","14":"product_tag-gesundheitsvorsorge","15":"pa_dauer-ca-20-min","16":"pa_durchfuehrungsform-praesenz","17":"pa_format-gesundheitsaktionen","18":"pa_format-motivationsmodule-teambuilding","19":"pa_zielgruppe-berufseinsteigende","20":"pa_zielgruppe-beschaeftigte","21":"desktop-align-left","22":"tablet-align-left","23":"mobile-align-left","24":"ast-product-gallery-layout-horizontal-slider","25":"ast-product-gallery-with-no-image","26":"ast-product-tabs-layout-horizontal","28":"first","29":"instock","30":"virtual","31":"sold-individually","32":"purchasable","33":"product-type-simple"},"yoast_head":"<!-- This site is optimized with the Yoast SEO plugin v27.5 - https:\/\/yoast.com\/product\/yoast-seo-wordpress\/ -->\n<title>Alterssimulationsanzug \u2013 Herausforderungen des Alterns erleben<\/title>\n<meta name=\"description\" content=\"Erleben Sie die verschiedenen Einschr\u00e4nkungen des Alterns mit unserem Alterssimulationsanzug. F\u00f6rdern Sie ihr Verst\u00e4ndnis f\u00fcr die Alterungsprozesse.\" \/>\n<meta name=\"robots\" content=\"index, follow, max-snippet:-1, max-image-preview:large, max-video-preview:-1\" \/>\n<link rel=\"canonical\" href=\"https:\/\/www.company-move.de\/en\/product\/alterssimulationsanzug\/\" \/>\n<meta property=\"og:locale\" content=\"en_US\" \/>\n<meta property=\"og:type\" content=\"article\" \/>\n<meta property=\"og:title\" content=\"Alterssimulationsanzug \u2013 Herausforderungen des Alterns erleben\" \/>\n<meta property=\"og:description\" content=\"Erleben Sie die verschiedenen Einschr\u00e4nkungen des Alterns mit unserem Alterssimulationsanzug. F\u00f6rdern Sie ihr Verst\u00e4ndnis f\u00fcr die Alterungsprozesse.\" \/>\n<meta property=\"og:url\" content=\"https:\/\/www.company-move.de\/en\/product\/alterssimulationsanzug\/\" \/>\n<meta property=\"og:site_name\" content=\"Company move GmbH\" \/>\n<meta property=\"article:modified_time\" content=\"2026-04-29T12:23:39+00:00\" \/>\n<meta property=\"og:image\" content=\"https:\/\/www.company-move.de\/wp-content\/uploads\/2024\/10\/Altersstimmulationsanzug.jpg\" \/>\n\t<meta property=\"og:image:width\" content=\"1600\" \/>\n\t<meta property=\"og:image:height\" content=\"900\" \/>\n\t<meta property=\"og:image:type\" content=\"image\/jpeg\" \/>\n<meta name=\"twitter:card\" content=\"summary_large_image\" \/>\n<meta name=\"twitter:label1\" content=\"Est. reading time\" \/>\n\t<meta name=\"twitter:data1\" content=\"2 minutes\" \/>\n<!-- \/ Yoast SEO plugin. -->","yoast_head_json":{"title":"Alterssimulationsanzug \u2013 Herausforderungen des Alterns erleben","description":"Erleben Sie die verschiedenen Einschr\u00e4nkungen des Alterns mit unserem Alterssimulationsanzug. F\u00f6rdern Sie ihr Verst\u00e4ndnis f\u00fcr die Alterungsprozesse.","robots":{"index":"index","follow":"follow","max-snippet":"max-snippet:-1","max-image-preview":"max-image-preview:large","max-video-preview":"max-video-preview:-1"},"canonical":"https:\/\/www.company-move.de\/en\/product\/alterssimulationsanzug\/","og_locale":"en_US","og_type":"article","og_title":"Alterssimulationsanzug \u2013 Herausforderungen des Alterns erleben","og_description":"Erleben Sie die verschiedenen Einschr\u00e4nkungen des Alterns mit unserem Alterssimulationsanzug. F\u00f6rdern Sie ihr Verst\u00e4ndnis f\u00fcr die Alterungsprozesse.","og_url":"https:\/\/www.company-move.de\/en\/product\/alterssimulationsanzug\/","og_site_name":"Company move GmbH","article_modified_time":"2026-04-29T12:23:39+00:00","og_image":[{"width":1600,"height":900,"url":"https:\/\/www.company-move.de\/wp-content\/uploads\/2024\/10\/Altersstimmulationsanzug.jpg","type":"image\/jpeg"}],"twitter_card":"summary_large_image","twitter_misc":{"Est. reading time":"2 minutes"},"schema":{"@context":"https:\/\/schema.org","@graph":[{"@type":["WebPage","ItemPage"],"@id":"https:\/\/www.company-move.de\/produkt\/alterssimulationsanzug\/","url":"https:\/\/www.company-move.de\/produkt\/alterssimulationsanzug\/","name":"Alterssimulationsanzug \u2013 Herausforderungen des Alterns erleben","isPartOf":{"@id":"https:\/\/www.company-move.de\/#website"},"primaryImageOfPage":{"@id":"https:\/\/www.company-move.de\/produkt\/alterssimulationsanzug\/#primaryimage"},"image":{"@id":"https:\/\/www.company-move.de\/produkt\/alterssimulationsanzug\/#primaryimage"},"thumbnailUrl":"https:\/\/www.company-move.de\/wp-content\/uploads\/2024\/10\/Altersstimmulationsanzug.jpg","datePublished":"2024-10-07T11:41:03+00:00","dateModified":"2026-04-29T12:23:39+00:00","description":"Erleben Sie die verschiedenen Einschr\u00e4nkungen des Alterns mit unserem Alterssimulationsanzug. F\u00f6rdern Sie ihr Verst\u00e4ndnis f\u00fcr die Alterungsprozesse.","breadcrumb":{"@id":"https:\/\/www.company-move.de\/produkt\/alterssimulationsanzug\/#breadcrumb"},"inLanguage":"en-US","potentialAction":[{"@type":"ReadAction","target":["https:\/\/www.company-move.de\/produkt\/alterssimulationsanzug\/"]}]},{"@type":"ImageObject","inLanguage":"en-US","@id":"https:\/\/www.company-move.de\/produkt\/alterssimulationsanzug\/#primaryimage","url":"https:\/\/www.company-move.de\/wp-content\/uploads\/2024\/10\/Altersstimmulationsanzug.jpg","contentUrl":"https:\/\/www.company-move.de\/wp-content\/uploads\/2024\/10\/Altersstimmulationsanzug.jpg","width":1600,"height":900,"caption":"Altersstimmulationsanzug"},{"@type":"BreadcrumbList","@id":"https:\/\/www.company-move.de\/produkt\/alterssimulationsanzug\/#breadcrumb","itemListElement":[{"@type":"ListItem","position":1,"name":"Shop","item":"https:\/\/www.company-move.de\/shop\/"},{"@type":"ListItem","position":2,"name":"Alterssimulationsanzug"}]},{"@type":"WebSite","@id":"https:\/\/www.company-move.de\/#website","url":"https:\/\/www.company-move.de\/","name":"Company move GmbH","description":"Your expert for occupational health management","publisher":{"@id":"https:\/\/www.company-move.de\/#organization"},"potentialAction":[{"@type":"SearchAction","target":{"@type":"EntryPoint","urlTemplate":"https:\/\/www.company-move.de\/?s={search_term_string}"},"query-input":{"@type":"PropertyValueSpecification","valueRequired":true,"valueName":"search_term_string"}}],"inLanguage":"en-US"},{"@type":"Organization","@id":"https:\/\/www.company-move.de\/#organization","name":"Company move GmbH","url":"https:\/\/www.company-move.de\/","logo":{"@type":"ImageObject","inLanguage":"en-US","@id":"https:\/\/www.company-move.de\/#\/schema\/logo\/image\/","url":"https:\/\/www.company-move.de\/wp-content\/uploads\/2024\/05\/cropped-CM-Logo.png","contentUrl":"https:\/\/www.company-move.de\/wp-content\/uploads\/2024\/05\/cropped-CM-Logo.png","width":1599,"height":795,"caption":"Company move GmbH"},"image":{"@id":"https:\/\/www.company-move.de\/#\/schema\/logo\/image\/"}}]}},"_links":{"self":[{"href":"https:\/\/www.company-move.de\/en\/wp-json\/wp\/v2\/product\/6471","targetHints":{"allow":["GET"]}}],"collection":[{"href":"https:\/\/www.company-move.de\/en\/wp-json\/wp\/v2\/product"}],"about":[{"href":"https:\/\/www.company-move.de\/en\/wp-json\/wp\/v2\/types\/product"}],"wp:featuredmedia":[{"embeddable":true,"href":"https:\/\/www.company-move.de\/en\/wp-json\/wp\/v2\/media\/11305"}],"wp:attachment":[{"href":"https:\/\/www.company-move.de\/en\/wp-json\/wp\/v2\/media?parent=6471"}],"wp:term":[{"taxonomy":"product_brand","embeddable":true,"href":"https:\/\/www.company-move.de\/en\/wp-json\/wp\/v2\/product_brand?post=6471"},{"taxonomy":"product_cat","embeddable":true,"href":"https:\/\/www.company-move.de\/en\/wp-json\/wp\/v2\/product_cat?post=6471"},{"taxonomy":"product_tag","embeddable":true,"href":"https:\/\/www.company-move.de\/en\/wp-json\/wp\/v2\/product_tag?post=6471"}],"curies":[{"name":"wp","href":"https:\/\/api.w.org\/{rel}","templated":true}]}}