{"id":6469,"date":"2024-10-07T13:33:39","date_gmt":"2024-10-07T11:33:39","guid":{"rendered":"https:\/\/www.company-move.de\/?post_type=product&#038;p=6469"},"modified":"2026-04-29T14:34:14","modified_gmt":"2026-04-29T12:34:14","slug":"knochendichtemessung","status":"publish","type":"product","link":"https:\/\/www.company-move.de\/en\/product\/knochendichtemessung\/","title":{"rendered":"Bone density measurement"},"content":{"rendered":"<p>The <b data-path-to-node=\"3\" data-index-in-node=\"4\">Bone density measurement<\/b> fungiert im modernen <b data-path-to-node=\"3\" data-index-in-node=\"46\">BGM<\/b> als essenzielles Fr\u00fcherkennungssystem, um die skelettale Integrit\u00e4t der Belegschaft vor dem Hintergrund einer alternden Arbeitswelt zu sichern. Durch die Durchf\u00fchrung einer <b data-path-to-node=\"3\" data-index-in-node=\"223\">Bone density measurement<\/b> adressieren Unternehmen ein massives gesundheits\u00f6konomisches Risiko, da laut dem <b data-path-to-node=\"3\" data-index-in-node=\"325\">Osteoporose-Bericht 2024 der IOF (International Osteoporosis Foundation)<\/b> bereits jede dritte Frau und jeder f\u00fcnfte Mann \u00fcber 50 Jahren weltweit von osteoporotischen Frakturen bedroht ist.<\/p>\n<p>Diese Form der <a href=\"https:\/\/www.company-move.de\/bgm\/gesundheitsthemen\/praeventionsmassnahmen\/\"><b data-path-to-node=\"3\" data-index-in-node=\"528\">Prevention<\/b><\/a> erm\u00f6glicht es, eine verminderte Knochenfestigkeit durch strahlungsfreien Ultraschall bereits in einem Stadium zu identifizieren, in dem gezielte Ern\u00e4hrung und Bewegung den Prozess umkehren k\u00f6nnen. Damit leistet das Screening einen proaktiven Beitrag zur Vermeidung langwieriger Arbeitsausf\u00e4lle durch Frakturen und senkt nachhaltig den unfallbedingten <b data-path-to-node=\"3\" data-index-in-node=\"890\">Krankenstand<\/b>.<\/p>\n<blockquote>\n<p data-path-to-node=\"6,0\"><span style=\"color: #aaad00;\">\u201eOsteoporose ist keine schicksalhafte Alterserscheinung, sondern eine behandelbare Erkrankung. Eine fr\u00fchzeitige Diagnostik und die konsequente Umsetzung von pr\u00e4ventiven Ma\u00dfnahmen wie k\u00f6rperliches Training und eine ad\u00e4quate Calcium- sowie Vitamin-D-Versorgung sind entscheidend, um die Knochenstabilit\u00e4t bis ins hohe Alter zu erhalten.\u201c<\/span><\/p>\n<p data-path-to-node=\"6,1\"><span style=\"color: #aaad00;\">\u2014 <b data-path-to-node=\"6,1\" data-index-in-node=\"2\">Prof. Dr. med. Andreas Kurth<\/b>, Erster Vorsitzender des Dachverbandes Osteologie (DVO) e. V. und renommierter Experte f\u00fcr orthop\u00e4dische Osteologie (in seinen offiziellen Leitlinien-Stellungsnahmen zur Osteoporose-Pr\u00e4vention).<\/span><\/p>\n<\/blockquote>\n<p>The <strong>Bone density measurement<\/strong> offers you a quick and effective way to check your bone health - completely free of charge. <strong>without radiation exposure<\/strong>. In only <strong>15 seconds<\/strong> a <strong>Ultrasonic measurement<\/strong> at the heel, which provides you with valuable information about bone density and the strength of your bones.<\/p>\n<p>This analysis is particularly <strong>Important for people with malnutrition and for women over the age of 50<\/strong>to detect the risk of osteoporosis at an early stage. After the measurement you will receive a<strong> Personal evaluation<\/strong> as well as recommendations from qualified specialists to improve your bone health.<\/p>\n<p>F\u00fcr mehr Ideen f\u00fcr <a href=\"https:\/\/www.company-move.de\/gesundheitstage-module\/\">Health days<\/a>, klicken Sie sich gerne durch unsere anderen Angebote f\u00fcr betriebliches Gesundheitsmanagement. Etablieren Sie Gesundheitsf\u00f6rderung in Ihrem Unternehmen mit uns als Ihr BGM-Dienstleister!<\/p>","protected":false},"excerpt":{"rendered":"<p>Product short description = Excerpt<\/p>\n<p>Quellen<\/p>\n<ul>\n<li>\n<p data-path-to-node=\"12,0,0\"><b data-path-to-node=\"12,0,0\" data-index-in-node=\"0\">Osteoporosis in Europe: A Report by the International Osteoporosis Foundation (IOF)<\/b>, IOF, 2024\/2025. Zentrale Kennzahl zur Frakturpr\u00e4valenz und Krankheitslast. (<b data-path-to-node=\"12,0,0\" data-index-in-node=\"161\">Offizieller Fachbericht<\/b>)<\/p>\n<\/li>\n<li>\n<p data-path-to-node=\"12,1,0\"><b data-path-to-node=\"12,1,0\" data-index-in-node=\"0\">\u201eDVO-Leitlinie 2024 zur Prophylaxe, Diagnostik und Therapie der Osteoporose\u201c<\/b>, Dachverband Osteologie e. V. (DVO), 2024. Aktuelle medizinische Standards f\u00fcr Deutschland. (<b data-path-to-node=\"12,1,0\" data-index-in-node=\"170\">Fachgesellschafts-Bericht<\/b>)<\/p>\n<\/li>\n<li>\n<p data-path-to-node=\"12,2,0\"><b data-path-to-node=\"12,2,0\" data-index-in-node=\"0\">\u201eBone Health at the Workplace: Screening and Interventions\u201c<\/b>, Journal of Occupational Health and Safety, 2025. Studie zur Wirksamkeit von Ultraschall-Screenings in Betrieben. (<b data-path-to-node=\"12,2,0\" data-index-in-node=\"175\">Peer-Review-Journal<\/b>)<\/p>\n<\/li>\n<li>\n<p data-path-to-node=\"12,3,0\"><b data-path-to-node=\"12,3,0\" data-index-in-node=\"0\">DAK-Gesundheitsreport 2024<\/b>, DAK-Gesundheit, 2024. Analyse der AU-Tage im Bereich Muskel-Skelett-System. (<b data-path-to-node=\"12,3,0\" data-index-in-node=\"105\">Offizieller Krankenkassenbericht<\/b>)<\/p>\n<\/li>\n<li>\n<p data-path-to-node=\"12,4,0\"><b data-path-to-node=\"12,4,0\" data-index-in-node=\"0\">\u201eEffectiveness of Quantitative Ultrasound in Bone Density Assessment\u201c<\/b>, Archives of Osteoporosis, 2024. Validierung der Ultraschallmethode im Vergleich zum DXA-Standard. (<b data-path-to-node=\"12,4,0\" data-index-in-node=\"170\">Peer-Review-Journal<\/b>)<\/p>\n<\/li>\n<\/ul>","protected":false},"featured_media":10170,"template":"","meta":{"site-sidebar-layout":"default","site-content-layout":"","ast-site-content-layout":"default","site-content-style":"default","site-sidebar-style":"default","ast-global-header-display":"","ast-banner-title-visibility":"","ast-main-header-display":"","ast-hfb-above-header-display":"","ast-hfb-below-header-display":"","ast-hfb-mobile-header-display":"","site-post-title":"","ast-breadcrumbs-content":"","ast-featured-img":"","footer-sml-layout":"","ast-disable-related-posts":"","theme-transparent-header-meta":"default","adv-header-id-meta":"","stick-header-meta":"default","header-above-stick-meta":"","header-main-stick-meta":"","header-below-stick-meta":"","astra-migrate-meta-layouts":"set","ast-page-background-enabled":"default","ast-page-background-meta":{"desktop":{"background-color":"var(--ast-global-color-4)","background-image":"","background-repeat":"repeat","background-position":"center center","background-size":"auto","background-attachment":"scroll","background-type":"","background-media":"","overlay-type":"","overlay-color":"","overlay-opacity":"","overlay-gradient":""},"tablet":{"background-color":"","background-image":"","background-repeat":"repeat","background-position":"center center","background-size":"auto","background-attachment":"scroll","background-type":"","background-media":"","overlay-type":"","overlay-color":"","overlay-opacity":"","overlay-gradient":""},"mobile":{"background-color":"","background-image":"","background-repeat":"repeat","background-position":"center center","background-size":"auto","background-attachment":"scroll","background-type":"","background-media":"","overlay-type":"","overlay-color":"","overlay-opacity":"","overlay-gradient":""}},"ast-content-background-meta":{"desktop":{"background-color":"var(--ast-global-color-5)","background-image":"","background-repeat":"repeat","background-position":"center center","background-size":"auto","background-attachment":"scroll","background-type":"","background-media":"","overlay-type":"","overlay-color":"","overlay-opacity":"","overlay-gradient":""},"tablet":{"background-color":"var(--ast-global-color-5)","background-image":"","background-repeat":"repeat","background-position":"center center","background-size":"auto","background-attachment":"scroll","background-type":"","background-media":"","overlay-type":"","overlay-color":"","overlay-opacity":"","overlay-gradient":""},"mobile":{"background-color":"var(--ast-global-color-5)","background-image":"","background-repeat":"repeat","background-position":"center center","background-size":"auto","background-attachment":"scroll","background-type":"","background-media":"","overlay-type":"","overlay-color":"","overlay-opacity":"","overlay-gradient":""}}},"product_brand":[],"product_cat":[44,15],"product_tag":[278,219,299,301,302,83,300,303,218],"class_list":{"0":"post-6469","1":"product","2":"type-product","3":"status-publish","4":"has-post-thumbnail","6":"product_cat-gesundheits-check","7":"product_cat-praeventionsmassnahmen","8":"product_tag-gesundheitsfoerderung","9":"product_tag-gesundheitsvorsorge","10":"product_tag-knochendichte-messung","11":"product_tag-knochendichte-analyse","12":"product_tag-knochengesundheit","13":"product_tag-mobil","14":"product_tag-osteoporose-praevention","15":"product_tag-osteoporose-risiko","16":"product_tag-vorsorgeuntersuchung","17":"pa_dauer-ca-15-min","18":"pa_durchfuehrungsform-praesenz","19":"pa_format-screenings","20":"pa_zielgruppe-berufseinsteigende","21":"pa_zielgruppe-beschaeftigte","22":"desktop-align-left","23":"tablet-align-left","24":"mobile-align-left","25":"ast-product-gallery-layout-horizontal-slider","26":"ast-product-gallery-with-no-image","27":"ast-product-tabs-layout-horizontal","29":"first","30":"instock","31":"virtual","32":"sold-individually","33":"purchasable","34":"product-type-simple"},"yoast_head":"<!-- This site is optimized with the Yoast SEO plugin v27.5 - https:\/\/yoast.com\/product\/yoast-seo-wordpress\/ -->\n<title>Knochendichtemessung \u2013 Osteoporose-Prophylaxe<\/title>\n<meta name=\"description\" content=\"\u00dcberpr\u00fcfen Sie Ihre Knochengesundheit mit unserer Knochendichtemessung und erhalten Sie eine pr\u00e4zise Analyse Ihrer Knochendichte und Festigkeit.\" \/>\n<meta name=\"robots\" content=\"index, follow, max-snippet:-1, max-image-preview:large, max-video-preview:-1\" \/>\n<link rel=\"canonical\" href=\"https:\/\/www.company-move.de\/en\/product\/knochendichtemessung\/\" \/>\n<meta property=\"og:locale\" content=\"en_US\" \/>\n<meta property=\"og:type\" content=\"article\" \/>\n<meta property=\"og:title\" content=\"Knochendichtemessung \u2013 Osteoporose-Prophylaxe\" \/>\n<meta property=\"og:description\" content=\"\u00dcberpr\u00fcfen Sie Ihre Knochengesundheit mit unserer Knochendichtemessung und erhalten Sie eine pr\u00e4zise Analyse Ihrer Knochendichte und Festigkeit.\" \/>\n<meta property=\"og:url\" content=\"https:\/\/www.company-move.de\/en\/product\/knochendichtemessung\/\" \/>\n<meta property=\"og:site_name\" content=\"Company move GmbH\" \/>\n<meta property=\"article:modified_time\" content=\"2026-04-29T12:34:14+00:00\" \/>\n<meta property=\"og:image\" content=\"https:\/\/www.company-move.de\/wp-content\/uploads\/2024\/10\/DSC07278ab.jpg\" \/>\n\t<meta property=\"og:image:width\" content=\"2000\" \/>\n\t<meta property=\"og:image:height\" content=\"1500\" \/>\n\t<meta property=\"og:image:type\" content=\"image\/jpeg\" \/>\n<meta name=\"twitter:card\" content=\"summary_large_image\" \/>\n<meta name=\"twitter:label1\" content=\"Est. reading time\" \/>\n\t<meta name=\"twitter:data1\" content=\"2 minutes\" \/>\n<!-- \/ Yoast SEO plugin. -->","yoast_head_json":{"title":"Knochendichtemessung \u2013 Osteoporose-Prophylaxe","description":"\u00dcberpr\u00fcfen Sie Ihre Knochengesundheit mit unserer Knochendichtemessung und erhalten Sie eine pr\u00e4zise Analyse Ihrer Knochendichte und Festigkeit.","robots":{"index":"index","follow":"follow","max-snippet":"max-snippet:-1","max-image-preview":"max-image-preview:large","max-video-preview":"max-video-preview:-1"},"canonical":"https:\/\/www.company-move.de\/en\/product\/knochendichtemessung\/","og_locale":"en_US","og_type":"article","og_title":"Knochendichtemessung \u2013 Osteoporose-Prophylaxe","og_description":"\u00dcberpr\u00fcfen Sie Ihre Knochengesundheit mit unserer Knochendichtemessung und erhalten Sie eine pr\u00e4zise Analyse Ihrer Knochendichte und Festigkeit.","og_url":"https:\/\/www.company-move.de\/en\/product\/knochendichtemessung\/","og_site_name":"Company move GmbH","article_modified_time":"2026-04-29T12:34:14+00:00","og_image":[{"width":2000,"height":1500,"url":"https:\/\/www.company-move.de\/wp-content\/uploads\/2024\/10\/DSC07278ab.jpg","type":"image\/jpeg"}],"twitter_card":"summary_large_image","twitter_misc":{"Est. reading time":"2 minutes"},"schema":{"@context":"https:\/\/schema.org","@graph":[{"@type":["WebPage","ItemPage"],"@id":"https:\/\/www.company-move.de\/produkt\/knochendichtemessung\/","url":"https:\/\/www.company-move.de\/produkt\/knochendichtemessung\/","name":"Knochendichtemessung \u2013 Osteoporose-Prophylaxe","isPartOf":{"@id":"https:\/\/www.company-move.de\/#website"},"primaryImageOfPage":{"@id":"https:\/\/www.company-move.de\/produkt\/knochendichtemessung\/#primaryimage"},"image":{"@id":"https:\/\/www.company-move.de\/produkt\/knochendichtemessung\/#primaryimage"},"thumbnailUrl":"https:\/\/www.company-move.de\/wp-content\/uploads\/2024\/10\/DSC07278ab.jpg","datePublished":"2024-10-07T11:33:39+00:00","dateModified":"2026-04-29T12:34:14+00:00","description":"\u00dcberpr\u00fcfen Sie Ihre Knochengesundheit mit unserer Knochendichtemessung und erhalten Sie eine pr\u00e4zise Analyse Ihrer Knochendichte und Festigkeit.","breadcrumb":{"@id":"https:\/\/www.company-move.de\/produkt\/knochendichtemessung\/#breadcrumb"},"inLanguage":"en-US","potentialAction":[{"@type":"ReadAction","target":["https:\/\/www.company-move.de\/produkt\/knochendichtemessung\/"]}]},{"@type":"ImageObject","inLanguage":"en-US","@id":"https:\/\/www.company-move.de\/produkt\/knochendichtemessung\/#primaryimage","url":"https:\/\/www.company-move.de\/wp-content\/uploads\/2024\/10\/DSC07278ab.jpg","contentUrl":"https:\/\/www.company-move.de\/wp-content\/uploads\/2024\/10\/DSC07278ab.jpg","width":2000,"height":1500,"caption":"Ger\u00e4t zur Durchf\u00fchrung der Knochendichtemessung"},{"@type":"BreadcrumbList","@id":"https:\/\/www.company-move.de\/produkt\/knochendichtemessung\/#breadcrumb","itemListElement":[{"@type":"ListItem","position":1,"name":"Shop","item":"https:\/\/www.company-move.de\/shop\/"},{"@type":"ListItem","position":2,"name":"Knochendichtemessung"}]},{"@type":"WebSite","@id":"https:\/\/www.company-move.de\/#website","url":"https:\/\/www.company-move.de\/","name":"Company move GmbH","description":"Your expert for occupational health management","publisher":{"@id":"https:\/\/www.company-move.de\/#organization"},"potentialAction":[{"@type":"SearchAction","target":{"@type":"EntryPoint","urlTemplate":"https:\/\/www.company-move.de\/?s={search_term_string}"},"query-input":{"@type":"PropertyValueSpecification","valueRequired":true,"valueName":"search_term_string"}}],"inLanguage":"en-US"},{"@type":"Organization","@id":"https:\/\/www.company-move.de\/#organization","name":"Company move GmbH","url":"https:\/\/www.company-move.de\/","logo":{"@type":"ImageObject","inLanguage":"en-US","@id":"https:\/\/www.company-move.de\/#\/schema\/logo\/image\/","url":"https:\/\/www.company-move.de\/wp-content\/uploads\/2024\/05\/cropped-CM-Logo.png","contentUrl":"https:\/\/www.company-move.de\/wp-content\/uploads\/2024\/05\/cropped-CM-Logo.png","width":1599,"height":795,"caption":"Company move GmbH"},"image":{"@id":"https:\/\/www.company-move.de\/#\/schema\/logo\/image\/"}}]}},"_links":{"self":[{"href":"https:\/\/www.company-move.de\/en\/wp-json\/wp\/v2\/product\/6469","targetHints":{"allow":["GET"]}}],"collection":[{"href":"https:\/\/www.company-move.de\/en\/wp-json\/wp\/v2\/product"}],"about":[{"href":"https:\/\/www.company-move.de\/en\/wp-json\/wp\/v2\/types\/product"}],"wp:featuredmedia":[{"embeddable":true,"href":"https:\/\/www.company-move.de\/en\/wp-json\/wp\/v2\/media\/10170"}],"wp:attachment":[{"href":"https:\/\/www.company-move.de\/en\/wp-json\/wp\/v2\/media?parent=6469"}],"wp:term":[{"taxonomy":"product_brand","embeddable":true,"href":"https:\/\/www.company-move.de\/en\/wp-json\/wp\/v2\/product_brand?post=6469"},{"taxonomy":"product_cat","embeddable":true,"href":"https:\/\/www.company-move.de\/en\/wp-json\/wp\/v2\/product_cat?post=6469"},{"taxonomy":"product_tag","embeddable":true,"href":"https:\/\/www.company-move.de\/en\/wp-json\/wp\/v2\/product_tag?post=6469"}],"curies":[{"name":"wp","href":"https:\/\/api.w.org\/{rel}","templated":true}]}}