{"id":6464,"date":"2024-10-07T11:39:42","date_gmt":"2024-10-07T09:39:42","guid":{"rendered":"https:\/\/www.company-move.de\/?post_type=product&#038;p=6464"},"modified":"2026-04-29T14:43:43","modified_gmt":"2026-04-29T12:43:43","slug":"pupillograph","status":"publish","type":"product","link":"https:\/\/www.company-move.de\/en\/product\/pupillograph\/","title":{"rendered":"Pupillograph"},"content":{"rendered":"<p>The <b data-path-to-node=\"3\" data-index-in-node=\"4\">Pupillograph<\/b> ist ein unverzichtbares Werkzeug im modernen <b data-path-to-node=\"3\" data-index-in-node=\"62\">BGM<\/b>, um Fatigue und Sekundenschlaf am Arbeitsplatz objektiv zu bewerten. Unternehmen entsch\u00e4rfen mit dem <b data-path-to-node=\"3\" data-index-in-node=\"167\">Pupillograph<\/b> eine gef\u00e4hrliche Fehlerquelle, denn Schlafmangel mindert die kognitive Leistung massiv. Laut dem <b data-path-to-node=\"3\" data-index-in-node=\"277\">Fehlzeiten-Report 2024 des WIdO<\/b> f\u00fchren Schlafst\u00f6rungen zu einem deutlich h\u00f6heren Unfallrisiko im Betrieb. Die <b data-path-to-node=\"3\" data-index-in-node=\"387\">Deutsche Gesellschaft f\u00fcr Schlafforschung und Schlafmedizin (DGSM)<\/b> f\u00fchrt sogar jeden vierten Lkw-Unfall auf Autobahnen auf \u00dcberm\u00fcdung zur\u00fcck. Diese pr\u00e4zise<a href=\"https:\/\/www.company-move.de\/bgm\/gesundheitsthemen\/praeventionsmassnahmen\/\"> <b data-path-to-node=\"3\" data-index-in-node=\"543\">Prevention<\/b> <\/a>erkennt Schl\u00e4frigkeitsprofile fr\u00fchzeitig, senkt den unfallbedingten <b data-path-to-node=\"3\" data-index-in-node=\"622\">Krankenstand<\/b> und sch\u00fctzt Ihre Belegschaft nachhaltig.<\/p>\n<blockquote>\n<p data-path-to-node=\"6,0\"><span style=\"color: #aaad00;\">\u201eDie Pupillographie ist das einzige Verfahren, mit dem die Schl\u00e4frigkeit eines Menschen objektiv, das hei\u00dft unabh\u00e4ngig von seinem subjektiven Empfinden, gemessen werden kann. Dies ist insbesondere in sicherheitskritischen Bereichen von unsch\u00e4tzbarem Wert, um Gef\u00e4hrdungen durch exzessive Tagesm\u00fcdigkeit pr\u00e4ventiv zu begegnen.\u201c<\/span><\/p>\n<p data-path-to-node=\"6,1\"><span style=\"color: #aaad00;\">\u2014 <b data-path-to-node=\"6,1\" data-index-in-node=\"2\">Prof. Dr. med. Geert Mayer<\/b>, Facharzt f\u00fcr Neurologie, Psychiatrie und Schlafmedizin sowie ehemaliger Vorsitzender der Deutschen Gesellschaft f\u00fcr Schlafforschung und Schlafmedizin (DGSM).<\/span><\/p>\n<\/blockquote>\n<p>The <strong>Pupillograph<\/strong> is an innovative one,<strong> Contactless measuring method<\/strong>that precisely measures your daytime sleepiness. With the help of a <strong>VR-like glasses<\/strong> a video recording lasting around six minutes is made, which shows the <strong>Movements of your pupils<\/strong> analysiert. Auf Basis der erfassten Schl\u00e4frigkeitswellen wird Ihre akute Schl\u00e4frigkeit objektiv beurteilt. Die Ergebnisse k\u00f6nnen nicht nur <strong>Information about your current daytime tiredness<\/strong> but also important information about the <strong>Assessment of fitness to drive<\/strong> deliver. You will then receive a detailed evaluation and recommendations from qualified specialists.<\/p>\n<p>F\u00fcr mehr Ideen f\u00fcr <a href=\"https:\/\/www.company-move.de\/gesundheitstage-module\/\">Health days<\/a>, klicken Sie sich gerne durch unsere anderen Angebote f\u00fcr betriebliches Gesundheitsmanagement. Etablieren Sie Gesundheitsf\u00f6rderung in Ihrem Unternehmen mit uns als Ihr BGM-Dienstleister!<\/p>","protected":false},"excerpt":{"rendered":"<p>Product short description = Excerpt<\/p>\n<p>Quelle<\/p>\n<ul>\n<li>\n<p data-path-to-node=\"12,0,0\"><b data-path-to-node=\"12,0,0\" data-index-in-node=\"0\">Fehlzeiten-Report 2024<\/b>, WIdO, 2024. Analyse zu Schlafst\u00f6rungen und Arbeitsunf\u00e4higkeit. (<b data-path-to-node=\"12,0,0\" data-index-in-node=\"88\">Offizieller Fachbericht<\/b>)<\/p>\n<\/li>\n<li>\n<p data-path-to-node=\"12,1,0\"><b data-path-to-node=\"12,1,0\" data-index-in-node=\"0\">S3-Leitlinie \u201eNicht erholsamer Schlaf\u201c<\/b>, DGSM, 2024\/2025. Aktuelle Standards zur Schlafforschung. (<b data-path-to-node=\"12,1,0\" data-index-in-node=\"98\">Fachgesellschafts-Bericht<\/b>)<\/p>\n<\/li>\n<li>\n<p data-path-to-node=\"12,2,0\"><b data-path-to-node=\"12,2,0\" data-index-in-node=\"0\">Journal of Sleep Research<\/b>, 2024. Studie zur Validit\u00e4t pupillographischer Messungen. (<b data-path-to-node=\"12,2,0\" data-index-in-node=\"85\">Peer-Review-Journal<\/b>)<\/p>\n<\/li>\n<li>\n<p data-path-to-node=\"12,3,0\"><b data-path-to-node=\"12,3,0\" data-index-in-node=\"0\">Bericht zur Verkehrssicherheit<\/b>, Bundesanstalt f\u00fcr Stra\u00dfenwesen (BASt), 2024. (<b data-path-to-node=\"12,3,0\" data-index-in-node=\"78\">Offizieller Regierungsbericht<\/b>)<\/p>\n<\/li>\n<\/ul>","protected":false},"featured_media":10623,"template":"","meta":{"site-sidebar-layout":"default","site-content-layout":"","ast-site-content-layout":"default","site-content-style":"default","site-sidebar-style":"default","ast-global-header-display":"","ast-banner-title-visibility":"","ast-main-header-display":"","ast-hfb-above-header-display":"","ast-hfb-below-header-display":"","ast-hfb-mobile-header-display":"","site-post-title":"","ast-breadcrumbs-content":"","ast-featured-img":"","footer-sml-layout":"","ast-disable-related-posts":"","theme-transparent-header-meta":"default","adv-header-id-meta":"","stick-header-meta":"default","header-above-stick-meta":"","header-main-stick-meta":"","header-below-stick-meta":"","astra-migrate-meta-layouts":"set","ast-page-background-enabled":"default","ast-page-background-meta":{"desktop":{"background-color":"var(--ast-global-color-4)","background-image":"","background-repeat":"repeat","background-position":"center center","background-size":"auto","background-attachment":"scroll","background-type":"","background-media":"","overlay-type":"","overlay-color":"","overlay-opacity":"","overlay-gradient":""},"tablet":{"background-color":"","background-image":"","background-repeat":"repeat","background-position":"center center","background-size":"auto","background-attachment":"scroll","background-type":"","background-media":"","overlay-type":"","overlay-color":"","overlay-opacity":"","overlay-gradient":""},"mobile":{"background-color":"","background-image":"","background-repeat":"repeat","background-position":"center center","background-size":"auto","background-attachment":"scroll","background-type":"","background-media":"","overlay-type":"","overlay-color":"","overlay-opacity":"","overlay-gradient":""}},"ast-content-background-meta":{"desktop":{"background-color":"var(--ast-global-color-5)","background-image":"","background-repeat":"repeat","background-position":"center center","background-size":"auto","background-attachment":"scroll","background-type":"","background-media":"","overlay-type":"","overlay-color":"","overlay-opacity":"","overlay-gradient":""},"tablet":{"background-color":"var(--ast-global-color-5)","background-image":"","background-repeat":"repeat","background-position":"center center","background-size":"auto","background-attachment":"scroll","background-type":"","background-media":"","overlay-type":"","overlay-color":"","overlay-opacity":"","overlay-gradient":""},"mobile":{"background-color":"var(--ast-global-color-5)","background-image":"","background-repeat":"repeat","background-position":"center center","background-size":"auto","background-attachment":"scroll","background-type":"","background-media":"","overlay-type":"","overlay-color":"","overlay-opacity":"","overlay-gradient":""}}},"product_brand":[],"product_cat":[43,44],"product_tag":[307,219,306,218],"class_list":{"0":"post-6464","1":"product","2":"type-product","3":"status-publish","4":"has-post-thumbnail","6":"product_cat-gesunder-schlaf","7":"product_cat-gesundheits-check","8":"product_tag-frueherkennung","9":"product_tag-gesundheitsvorsorge","10":"product_tag-pupillenmessung","11":"product_tag-vorsorgeuntersuchung","12":"pa_dauer-ca-20-min","13":"pa_durchfuehrungsform-praesenz","14":"pa_format-screenings","15":"pa_zielgruppe-berufseinsteigende","16":"pa_zielgruppe-beschaeftigte","17":"desktop-align-left","18":"tablet-align-left","19":"mobile-align-left","20":"ast-product-gallery-layout-horizontal-slider","21":"ast-product-gallery-with-no-image","22":"ast-product-tabs-layout-horizontal","24":"first","25":"instock","26":"virtual","27":"sold-individually","28":"purchasable","29":"product-type-simple"},"yoast_head":"<!-- This site is optimized with the Yoast SEO plugin v27.5 - https:\/\/yoast.com\/product\/yoast-seo-wordpress\/ -->\n<title>Pupillograph<\/title>\n<meta name=\"description\" content=\"Erleben Sie eine pr\u00e4zise und kontaktlose Messung der Tagesm\u00fcdigkeit mit dem Pupillograph zur Beurteilung der Fahreignung und des Wachheitszustands.\" \/>\n<meta name=\"robots\" content=\"index, follow, max-snippet:-1, max-image-preview:large, max-video-preview:-1\" \/>\n<link rel=\"canonical\" href=\"https:\/\/www.company-move.de\/en\/product\/pupillograph\/\" \/>\n<meta property=\"og:locale\" content=\"en_US\" \/>\n<meta property=\"og:type\" content=\"article\" \/>\n<meta property=\"og:title\" content=\"Pupillograph\" \/>\n<meta property=\"og:description\" content=\"Erleben Sie eine pr\u00e4zise und kontaktlose Messung der Tagesm\u00fcdigkeit mit dem Pupillograph zur Beurteilung der Fahreignung und des Wachheitszustands.\" \/>\n<meta property=\"og:url\" content=\"https:\/\/www.company-move.de\/en\/product\/pupillograph\/\" \/>\n<meta property=\"og:site_name\" content=\"Company move GmbH\" \/>\n<meta property=\"article:modified_time\" content=\"2026-04-29T12:43:43+00:00\" \/>\n<meta property=\"og:image\" content=\"https:\/\/www.company-move.de\/wp-content\/uploads\/2024\/10\/Folie20.jpg\" \/>\n\t<meta property=\"og:image:width\" content=\"960\" \/>\n\t<meta property=\"og:image:height\" content=\"720\" \/>\n\t<meta property=\"og:image:type\" content=\"image\/jpeg\" \/>\n<meta name=\"twitter:card\" content=\"summary_large_image\" \/>\n<meta name=\"twitter:label1\" content=\"Est. reading time\" \/>\n\t<meta name=\"twitter:data1\" content=\"2 minutes\" \/>\n<!-- \/ Yoast SEO plugin. -->","yoast_head_json":{"title":"Pupillograph","description":"Erleben Sie eine pr\u00e4zise und kontaktlose Messung der Tagesm\u00fcdigkeit mit dem Pupillograph zur Beurteilung der Fahreignung und des Wachheitszustands.","robots":{"index":"index","follow":"follow","max-snippet":"max-snippet:-1","max-image-preview":"max-image-preview:large","max-video-preview":"max-video-preview:-1"},"canonical":"https:\/\/www.company-move.de\/en\/product\/pupillograph\/","og_locale":"en_US","og_type":"article","og_title":"Pupillograph","og_description":"Erleben Sie eine pr\u00e4zise und kontaktlose Messung der Tagesm\u00fcdigkeit mit dem Pupillograph zur Beurteilung der Fahreignung und des Wachheitszustands.","og_url":"https:\/\/www.company-move.de\/en\/product\/pupillograph\/","og_site_name":"Company move GmbH","article_modified_time":"2026-04-29T12:43:43+00:00","og_image":[{"width":960,"height":720,"url":"https:\/\/www.company-move.de\/wp-content\/uploads\/2024\/10\/Folie20.jpg","type":"image\/jpeg"}],"twitter_card":"summary_large_image","twitter_misc":{"Est. reading time":"2 minutes"},"schema":{"@context":"https:\/\/schema.org","@graph":[{"@type":["WebPage","ItemPage"],"@id":"https:\/\/www.company-move.de\/produkt\/pupillograph\/","url":"https:\/\/www.company-move.de\/produkt\/pupillograph\/","name":"Pupillograph","isPartOf":{"@id":"https:\/\/www.company-move.de\/#website"},"primaryImageOfPage":{"@id":"https:\/\/www.company-move.de\/produkt\/pupillograph\/#primaryimage"},"image":{"@id":"https:\/\/www.company-move.de\/produkt\/pupillograph\/#primaryimage"},"thumbnailUrl":"https:\/\/www.company-move.de\/wp-content\/uploads\/2024\/10\/Folie20.jpg","datePublished":"2024-10-07T09:39:42+00:00","dateModified":"2026-04-29T12:43:43+00:00","description":"Erleben Sie eine pr\u00e4zise und kontaktlose Messung der Tagesm\u00fcdigkeit mit dem Pupillograph zur Beurteilung der Fahreignung und des Wachheitszustands.","breadcrumb":{"@id":"https:\/\/www.company-move.de\/produkt\/pupillograph\/#breadcrumb"},"inLanguage":"en-US","potentialAction":[{"@type":"ReadAction","target":["https:\/\/www.company-move.de\/produkt\/pupillograph\/"]}]},{"@type":"ImageObject","inLanguage":"en-US","@id":"https:\/\/www.company-move.de\/produkt\/pupillograph\/#primaryimage","url":"https:\/\/www.company-move.de\/wp-content\/uploads\/2024\/10\/Folie20.jpg","contentUrl":"https:\/\/www.company-move.de\/wp-content\/uploads\/2024\/10\/Folie20.jpg","width":960,"height":720,"caption":"Pupillograph"},{"@type":"BreadcrumbList","@id":"https:\/\/www.company-move.de\/produkt\/pupillograph\/#breadcrumb","itemListElement":[{"@type":"ListItem","position":1,"name":"Shop","item":"https:\/\/www.company-move.de\/shop\/"},{"@type":"ListItem","position":2,"name":"Pupillograph"}]},{"@type":"WebSite","@id":"https:\/\/www.company-move.de\/#website","url":"https:\/\/www.company-move.de\/","name":"Company move GmbH","description":"Your expert for occupational health management","publisher":{"@id":"https:\/\/www.company-move.de\/#organization"},"potentialAction":[{"@type":"SearchAction","target":{"@type":"EntryPoint","urlTemplate":"https:\/\/www.company-move.de\/?s={search_term_string}"},"query-input":{"@type":"PropertyValueSpecification","valueRequired":true,"valueName":"search_term_string"}}],"inLanguage":"en-US"},{"@type":"Organization","@id":"https:\/\/www.company-move.de\/#organization","name":"Company move GmbH","url":"https:\/\/www.company-move.de\/","logo":{"@type":"ImageObject","inLanguage":"en-US","@id":"https:\/\/www.company-move.de\/#\/schema\/logo\/image\/","url":"https:\/\/www.company-move.de\/wp-content\/uploads\/2024\/05\/cropped-CM-Logo.png","contentUrl":"https:\/\/www.company-move.de\/wp-content\/uploads\/2024\/05\/cropped-CM-Logo.png","width":1599,"height":795,"caption":"Company move GmbH"},"image":{"@id":"https:\/\/www.company-move.de\/#\/schema\/logo\/image\/"}}]}},"_links":{"self":[{"href":"https:\/\/www.company-move.de\/en\/wp-json\/wp\/v2\/product\/6464","targetHints":{"allow":["GET"]}}],"collection":[{"href":"https:\/\/www.company-move.de\/en\/wp-json\/wp\/v2\/product"}],"about":[{"href":"https:\/\/www.company-move.de\/en\/wp-json\/wp\/v2\/types\/product"}],"wp:featuredmedia":[{"embeddable":true,"href":"https:\/\/www.company-move.de\/en\/wp-json\/wp\/v2\/media\/10623"}],"wp:attachment":[{"href":"https:\/\/www.company-move.de\/en\/wp-json\/wp\/v2\/media?parent=6464"}],"wp:term":[{"taxonomy":"product_brand","embeddable":true,"href":"https:\/\/www.company-move.de\/en\/wp-json\/wp\/v2\/product_brand?post=6464"},{"taxonomy":"product_cat","embeddable":true,"href":"https:\/\/www.company-move.de\/en\/wp-json\/wp\/v2\/product_cat?post=6464"},{"taxonomy":"product_tag","embeddable":true,"href":"https:\/\/www.company-move.de\/en\/wp-json\/wp\/v2\/product_tag?post=6464"}],"curies":[{"name":"wp","href":"https:\/\/api.w.org\/{rel}","templated":true}]}}