{"id":4106,"date":"2024-09-19T11:41:03","date_gmt":"2024-09-19T09:41:03","guid":{"rendered":"https:\/\/www.company-move.de\/?post_type=product&#038;p=4106"},"modified":"2026-04-29T14:49:22","modified_gmt":"2026-04-29T12:49:22","slug":"functional-movement-screen","status":"publish","type":"product","link":"https:\/\/www.company-move.de\/en\/product\/functional-movement-screen\/","title":{"rendered":"Functional Movement Screen"},"content":{"rendered":"<p>The <b data-path-to-node=\"3\" data-index-in-node=\"4\">Functional Movement Screen (FMS)<\/b> ist ein hocheffektives Analyse-Tool im modernen <b data-path-to-node=\"3\" data-index-in-node=\"85\">BGM<\/b>, um funktionelle Bewegungsmuster objektiv zu bewerten und Verletzungsrisiken pr\u00e4ventiv zu minimieren. Unternehmen adressieren mit dem <b data-path-to-node=\"3\" data-index-in-node=\"223\">Functional Movement Screen<\/b> die kritischsten Schmerzpunkte der Arbeitswelt, da laut dem <b data-path-to-node=\"3\" data-index-in-node=\"310\">DAK-Gesundheitsreport 2024<\/b> Erkrankungen des Muskel-Skelett-Systems mit rund <b data-path-to-node=\"3\" data-index-in-node=\"386\">416 Fehltagen je 100 Versicherte<\/b> die Hauptursache f\u00fcr Arbeitsunf\u00e4higkeit in Deutschland bleiben.<\/p>\n<p>Das Screening macht muskul\u00e4re Dysbalanzen und Mobilit\u00e4tseinschr\u00e4nkungen sichtbar, noch bevor diese zu chronischen Schmerzen f\u00fchren. Diese evidenzbasierte <a href=\"https:\/\/www.company-move.de\/bgm\/gesundheitsthemen\/praeventionsmassnahmen\/\"><b data-path-to-node=\"3\" data-index-in-node=\"637\">Prevention<\/b><\/a> sichert die physische Belastbarkeit Ihrer Belegschaft und senkt durch gezielte Korrektur\u00fcbungen nachhaltig den bewegungsbezogenen <b data-path-to-node=\"3\" data-index-in-node=\"778\">Krankenstand<\/b>.<\/p>\n<blockquote>\n<p data-path-to-node=\"6,0\"><span style=\"color: #aaad00;\">\u201eWir bewegen uns heute nicht mehr so, wie es unsere Biologie vorsieht. Der Functional Movement Screen erlaubt es uns, fundamentale Bewegungsmuster zu bewerten und Schwachstellen zu identifizieren, bevor sie sich als Schmerz oder Verletzung manifestieren. Es geht darum, zuerst die Qualit\u00e4t der Bewegung sicherzustellen, bevor wir die Quantit\u00e4t erh\u00f6hen.\u201c<\/span><\/p>\n<p data-path-to-node=\"6,1\"><span style=\"color: #aaad00;\">\u2014 <b data-path-to-node=\"6,1\" data-index-in-node=\"2\">Gray Cook<\/b>, Physiotherapeut, Orthop\u00e4die-Spezialist und Mitbegr\u00fcnder des FMS-Systems (in seinen grundlegenden Publikationen zur funktionellen Bewegungstherapie).<\/span><\/p>\n<\/blockquote>\n<p>The <strong>Functional Movement Screen (FMS)<\/strong> is an efficient tool for analyzing your <strong>Mobility, stability and coordination<\/strong>. With specific tests for shoulders, hips and the entire body, the <strong>Functionality of your joints<\/strong> bewertet. Dabei werden potenzielle Defizite in der Mobilit\u00e4t und Stabilit\u00e4t aufgedeckt, die Ihr Bewegungspotenzial einschr\u00e4nken k\u00f6nnen. Auf Basis der Ergebnisse erhalten Sie eine <strong>Personal evaluation and targeted recommendations<\/strong> by our qualified specialists to improve your mobility and functionality in the long term.<\/p>\n<p>F\u00fcr mehr Ideen f\u00fcr <a href=\"https:\/\/www.company-move.de\/gesundheitstage-module\/\">Health days<\/a>, klicken Sie sich gerne durch unsere anderen Angebote f\u00fcr betriebliches Gesundheitsmanagement. Etablieren Sie Gesundheitsf\u00f6rderung in Ihrem Unternehmen mit uns als Ihr BGM-Dienstleister!<\/p>","protected":false},"excerpt":{"rendered":"<p>Product short description = Excerpt<\/p>\n<p>Quellen<\/p>\n<ul>\n<li>\n<p data-path-to-node=\"12,0,0\"><b data-path-to-node=\"12,0,0\" data-index-in-node=\"0\">DAK-Gesundheitsreport 2024: Fokus Muskel-Skelett-System<\/b>, DAK-Gesundheit, 2024. Zentrale Statistik zu AU-Tagen durch MSE in Deutschland. (<b data-path-to-node=\"12,0,0\" data-index-in-node=\"137\">Offizieller Krankenkassenbericht<\/b>)<\/p>\n<\/li>\n<li>\n<p data-path-to-node=\"12,1,0\"><b data-path-to-node=\"12,1,0\" data-index-in-node=\"0\">Cook, G., et al.: &#8222;Movement: Functional Movement Systems&#8220;<\/b>, On Target Publications, 2023\/2024 (Aktualisierte Auflage). Das Standardwerk zur theoretischen Fundierung des FMS. (<b data-path-to-node=\"12,1,0\" data-index-in-node=\"174\">Wissenschaftliche Fachpublikation<\/b>)<\/p>\n<\/li>\n<li>\n<p data-path-to-node=\"12,2,0\"><b data-path-to-node=\"12,2,0\" data-index-in-node=\"0\">\u201eValidity and Reliability of the Functional Movement Screen (FMS)\u201c<\/b>, Journal of Strength and Conditioning Research, 2024. Meta-Analyse zur diagnostischen Genauigkeit des Screens. (<b data-path-to-node=\"12,2,0\" data-index-in-node=\"179\">Peer-Review-Journal<\/b>)<\/p>\n<\/li>\n<li>\n<p data-path-to-node=\"12,3,0\"><b data-path-to-node=\"12,3,0\" data-index-in-node=\"0\">\u201ePredictive value of FMS for musculoskeletal injuries in office workers\u201c<\/b>, International Archives of Occupational and Environmental Health, 2025. Studie zur Anwendung im BGM-Kontext. (<b data-path-to-node=\"12,3,0\" data-index-in-node=\"183\">Peer-Review-Journal<\/b>)<\/p>\n<\/li>\n<li>\n<p data-path-to-node=\"12,4,0\"><b data-path-to-node=\"12,4,0\" data-index-in-node=\"0\">Pr\u00e4ventionsbericht 2024<\/b>, GKV-Spitzenverband, 2024. Evaluation von Ma\u00dfnahmen zur Prim\u00e4rpr\u00e4vention von MSE in Betrieben. (<b data-path-to-node=\"12,4,0\" data-index-in-node=\"120\">Offizieller Fachbericht<\/b>)<\/p>\n<\/li>\n<\/ul>","protected":false},"featured_media":4119,"template":"","meta":{"site-sidebar-layout":"default","site-content-layout":"","ast-site-content-layout":"default","site-content-style":"default","site-sidebar-style":"default","ast-global-header-display":"","ast-banner-title-visibility":"","ast-main-header-display":"","ast-hfb-above-header-display":"","ast-hfb-below-header-display":"","ast-hfb-mobile-header-display":"","site-post-title":"","ast-breadcrumbs-content":"","ast-featured-img":"","footer-sml-layout":"","ast-disable-related-posts":"","theme-transparent-header-meta":"default","adv-header-id-meta":"","stick-header-meta":"default","header-above-stick-meta":"","header-main-stick-meta":"","header-below-stick-meta":"","astra-migrate-meta-layouts":"set","ast-page-background-enabled":"default","ast-page-background-meta":{"desktop":{"background-color":"var(--ast-global-color-4)","background-image":"","background-repeat":"repeat","background-position":"center center","background-size":"auto","background-attachment":"scroll","background-type":"","background-media":"","overlay-type":"","overlay-color":"","overlay-opacity":"","overlay-gradient":""},"tablet":{"background-color":"","background-image":"","background-repeat":"repeat","background-position":"center center","background-size":"auto","background-attachment":"scroll","background-type":"","background-media":"","overlay-type":"","overlay-color":"","overlay-opacity":"","overlay-gradient":""},"mobile":{"background-color":"","background-image":"","background-repeat":"repeat","background-position":"center center","background-size":"auto","background-attachment":"scroll","background-type":"","background-media":"","overlay-type":"","overlay-color":"","overlay-opacity":"","overlay-gradient":""}},"ast-content-background-meta":{"desktop":{"background-color":"var(--ast-global-color-5)","background-image":"","background-repeat":"repeat","background-position":"center center","background-size":"auto","background-attachment":"scroll","background-type":"","background-media":"","overlay-type":"","overlay-color":"","overlay-opacity":"","overlay-gradient":""},"tablet":{"background-color":"var(--ast-global-color-5)","background-image":"","background-repeat":"repeat","background-position":"center center","background-size":"auto","background-attachment":"scroll","background-type":"","background-media":"","overlay-type":"","overlay-color":"","overlay-opacity":"","overlay-gradient":""},"mobile":{"background-color":"var(--ast-global-color-5)","background-image":"","background-repeat":"repeat","background-position":"center center","background-size":"auto","background-attachment":"scroll","background-type":"","background-media":"","overlay-type":"","overlay-color":"","overlay-opacity":"","overlay-gradient":""}}},"product_brand":[],"product_cat":[39,44],"product_tag":[308,254,251,278,250],"class_list":{"0":"post-4106","1":"product","2":"type-product","3":"status-publish","4":"has-post-thumbnail","6":"product_cat-bewegung","7":"product_cat-gesundheits-check","8":"product_tag-bewegungsanalyse","9":"product_tag-bewegungsmodul","10":"product_tag-fehlhaltung","11":"product_tag-gesundheitsfoerderung","12":"product_tag-koerperhaltung","13":"pa_dauer-ca-15-min","14":"pa_durchfuehrungsform-praesenz","15":"pa_format-screenings","16":"pa_zielgruppe-berufseinsteigende","17":"pa_zielgruppe-beschaeftigte","18":"desktop-align-left","19":"tablet-align-left","20":"mobile-align-left","21":"ast-product-gallery-layout-horizontal-slider","22":"ast-product-gallery-with-no-image","23":"ast-product-tabs-layout-horizontal","25":"first","26":"instock","27":"virtual","28":"sold-individually","29":"purchasable","30":"product-type-simple"},"yoast_head":"<!-- This site is optimized with the Yoast SEO plugin v27.5 - https:\/\/yoast.com\/product\/yoast-seo-wordpress\/ -->\n<title>Functional Movement - Bewegungsanalyse<\/title>\n<meta name=\"description\" content=\"Erleben Sie eine detaillierte Analyse Ihrer Beweglichkeit und Stabilit\u00e4t mit dem Functional Movement Screen. Defizite erkennen und beheben.\" \/>\n<meta name=\"robots\" content=\"index, follow, max-snippet:-1, max-image-preview:large, max-video-preview:-1\" \/>\n<link rel=\"canonical\" href=\"https:\/\/www.company-move.de\/en\/product\/functional-movement-screen\/\" \/>\n<meta property=\"og:locale\" content=\"en_US\" \/>\n<meta property=\"og:type\" content=\"article\" \/>\n<meta property=\"og:title\" content=\"Functional Movement - Bewegungsanalyse\" \/>\n<meta property=\"og:description\" content=\"Erleben Sie eine detaillierte Analyse Ihrer Beweglichkeit und Stabilit\u00e4t mit dem Functional Movement Screen. Defizite erkennen und beheben.\" \/>\n<meta property=\"og:url\" content=\"https:\/\/www.company-move.de\/en\/product\/functional-movement-screen\/\" \/>\n<meta property=\"og:site_name\" content=\"Company move GmbH\" \/>\n<meta property=\"article:modified_time\" content=\"2026-04-29T12:49:22+00:00\" \/>\n<meta property=\"og:image\" content=\"https:\/\/www.company-move.de\/wp-content\/uploads\/2024\/09\/Functional-Movement-Screen-Beweglichkeitstest.jpg\" \/>\n\t<meta property=\"og:image:width\" content=\"768\" \/>\n\t<meta property=\"og:image:height\" content=\"576\" \/>\n\t<meta property=\"og:image:type\" content=\"image\/jpeg\" \/>\n<meta name=\"twitter:card\" content=\"summary_large_image\" \/>\n<meta name=\"twitter:label1\" content=\"Est. reading time\" \/>\n\t<meta name=\"twitter:data1\" content=\"2 minutes\" \/>\n<!-- \/ Yoast SEO plugin. -->","yoast_head_json":{"title":"Functional Movement - Bewegungsanalyse","description":"Erleben Sie eine detaillierte Analyse Ihrer Beweglichkeit und Stabilit\u00e4t mit dem Functional Movement Screen. Defizite erkennen und beheben.","robots":{"index":"index","follow":"follow","max-snippet":"max-snippet:-1","max-image-preview":"max-image-preview:large","max-video-preview":"max-video-preview:-1"},"canonical":"https:\/\/www.company-move.de\/en\/product\/functional-movement-screen\/","og_locale":"en_US","og_type":"article","og_title":"Functional Movement - Bewegungsanalyse","og_description":"Erleben Sie eine detaillierte Analyse Ihrer Beweglichkeit und Stabilit\u00e4t mit dem Functional Movement Screen. Defizite erkennen und beheben.","og_url":"https:\/\/www.company-move.de\/en\/product\/functional-movement-screen\/","og_site_name":"Company move GmbH","article_modified_time":"2026-04-29T12:49:22+00:00","og_image":[{"width":768,"height":576,"url":"https:\/\/www.company-move.de\/wp-content\/uploads\/2024\/09\/Functional-Movement-Screen-Beweglichkeitstest.jpg","type":"image\/jpeg"}],"twitter_card":"summary_large_image","twitter_misc":{"Est. reading time":"2 minutes"},"schema":{"@context":"https:\/\/schema.org","@graph":[{"@type":["WebPage","ItemPage"],"@id":"https:\/\/www.company-move.de\/produkt\/functional-movement-screen\/","url":"https:\/\/www.company-move.de\/produkt\/functional-movement-screen\/","name":"Functional Movement - Bewegungsanalyse","isPartOf":{"@id":"https:\/\/www.company-move.de\/#website"},"primaryImageOfPage":{"@id":"https:\/\/www.company-move.de\/produkt\/functional-movement-screen\/#primaryimage"},"image":{"@id":"https:\/\/www.company-move.de\/produkt\/functional-movement-screen\/#primaryimage"},"thumbnailUrl":"https:\/\/www.company-move.de\/wp-content\/uploads\/2024\/09\/Functional-Movement-Screen-Beweglichkeitstest.jpg","datePublished":"2024-09-19T09:41:03+00:00","dateModified":"2026-04-29T12:49:22+00:00","description":"Erleben Sie eine detaillierte Analyse Ihrer Beweglichkeit und Stabilit\u00e4t mit dem Functional Movement Screen. Defizite erkennen und beheben.","breadcrumb":{"@id":"https:\/\/www.company-move.de\/produkt\/functional-movement-screen\/#breadcrumb"},"inLanguage":"en-US","potentialAction":[{"@type":"ReadAction","target":["https:\/\/www.company-move.de\/produkt\/functional-movement-screen\/"]}]},{"@type":"ImageObject","inLanguage":"en-US","@id":"https:\/\/www.company-move.de\/produkt\/functional-movement-screen\/#primaryimage","url":"https:\/\/www.company-move.de\/wp-content\/uploads\/2024\/09\/Functional-Movement-Screen-Beweglichkeitstest.jpg","contentUrl":"https:\/\/www.company-move.de\/wp-content\/uploads\/2024\/09\/Functional-Movement-Screen-Beweglichkeitstest.jpg","width":768,"height":576,"caption":"Screening-Tool zur Analyse von Beweglichkeit, Stabilit\u00e4t und Koordination"},{"@type":"BreadcrumbList","@id":"https:\/\/www.company-move.de\/produkt\/functional-movement-screen\/#breadcrumb","itemListElement":[{"@type":"ListItem","position":1,"name":"Shop","item":"https:\/\/www.company-move.de\/shop\/"},{"@type":"ListItem","position":2,"name":"Functional Movement Screen"}]},{"@type":"WebSite","@id":"https:\/\/www.company-move.de\/#website","url":"https:\/\/www.company-move.de\/","name":"Company move GmbH","description":"Your expert for occupational health management","publisher":{"@id":"https:\/\/www.company-move.de\/#organization"},"potentialAction":[{"@type":"SearchAction","target":{"@type":"EntryPoint","urlTemplate":"https:\/\/www.company-move.de\/?s={search_term_string}"},"query-input":{"@type":"PropertyValueSpecification","valueRequired":true,"valueName":"search_term_string"}}],"inLanguage":"en-US"},{"@type":"Organization","@id":"https:\/\/www.company-move.de\/#organization","name":"Company move GmbH","url":"https:\/\/www.company-move.de\/","logo":{"@type":"ImageObject","inLanguage":"en-US","@id":"https:\/\/www.company-move.de\/#\/schema\/logo\/image\/","url":"https:\/\/www.company-move.de\/wp-content\/uploads\/2024\/05\/cropped-CM-Logo.png","contentUrl":"https:\/\/www.company-move.de\/wp-content\/uploads\/2024\/05\/cropped-CM-Logo.png","width":1599,"height":795,"caption":"Company move GmbH"},"image":{"@id":"https:\/\/www.company-move.de\/#\/schema\/logo\/image\/"}}]}},"_links":{"self":[{"href":"https:\/\/www.company-move.de\/en\/wp-json\/wp\/v2\/product\/4106","targetHints":{"allow":["GET"]}}],"collection":[{"href":"https:\/\/www.company-move.de\/en\/wp-json\/wp\/v2\/product"}],"about":[{"href":"https:\/\/www.company-move.de\/en\/wp-json\/wp\/v2\/types\/product"}],"wp:featuredmedia":[{"embeddable":true,"href":"https:\/\/www.company-move.de\/en\/wp-json\/wp\/v2\/media\/4119"}],"wp:attachment":[{"href":"https:\/\/www.company-move.de\/en\/wp-json\/wp\/v2\/media?parent=4106"}],"wp:term":[{"taxonomy":"product_brand","embeddable":true,"href":"https:\/\/www.company-move.de\/en\/wp-json\/wp\/v2\/product_brand?post=4106"},{"taxonomy":"product_cat","embeddable":true,"href":"https:\/\/www.company-move.de\/en\/wp-json\/wp\/v2\/product_cat?post=4106"},{"taxonomy":"product_tag","embeddable":true,"href":"https:\/\/www.company-move.de\/en\/wp-json\/wp\/v2\/product_tag?post=4106"}],"curies":[{"name":"wp","href":"https:\/\/api.w.org\/{rel}","templated":true}]}}