{"id":4078,"date":"2024-09-19T11:14:28","date_gmt":"2024-09-19T09:14:28","guid":{"rendered":"https:\/\/www.company-move.de\/?post_type=product&#038;p=4078"},"modified":"2026-04-30T10:41:40","modified_gmt":"2026-04-30T08:41:40","slug":"easytorque-rueckenkraftmessung","status":"publish","type":"product","link":"https:\/\/www.company-move.de\/en\/product\/easytorque-rueckenkraftmessung\/","title":{"rendered":"EasyTorque\u00ae"},"content":{"rendered":"<p>Die pr\u00e4zise Kraftdiagnostik mit <b data-path-to-node=\"3\" data-index-in-node=\"32\">EasyTorque\u00ae<\/b> adressiert das kostspieligste Gesundheitsproblem der deutschen Wirtschaft: Muskel-Skelett-Erkrankungen (MSE). Laut dem <b data-path-to-node=\"3\" data-index-in-node=\"163\">DAK-Gesundheitsreport 2024<\/b> verursachen <a href=\"https:\/\/www.company-move.de\/bgm\/gesundheitsthemen\/rueckengesundheit\/\">R\u00fcckenleiden<\/a> und verwandte MSE-Diagnosen mit rund <b data-path-to-node=\"3\" data-index-in-node=\"252\">416 Fehltagen je 100 Versicherte<\/b> die meisten Ausfallzeiten im Berufsleben.<\/p>\n<p>Durch den Einsatz von <b data-path-to-node=\"3\" data-index-in-node=\"349\">EasyTorque\u00ae<\/b> im Rahmen Ihres <b data-path-to-node=\"3\" data-index-in-node=\"377\">BGM<\/b> machen Sie muskul\u00e4re Schwachstellen objektiv sichtbar, bevor diese zu chronischen Schmerzsyndromen f\u00fchren. Diese Form der evidenzbasierten <a href=\"https:\/\/www.company-move.de\/bgm\/gesundheitsthemen\/praeventionsmassnahmen\/\"><b data-path-to-node=\"3\" data-index-in-node=\"520\">Prevention<\/b> <\/a>erm\u00f6glicht eine hocheffiziente Steuerung betrieblicher Fitnessangebote und tr\u00e4gt ma\u00dfgeblich dazu bei, den r\u00fcckenbedingten <b data-path-to-node=\"3\" data-index-in-node=\"653\">Krankenstand<\/b> in Ihrem Unternehmen nachhaltig zu senken.<\/p>\n<blockquote>\n<p data-path-to-node=\"7,0\"><span style=\"color: #aaad00;\">\u201eEin stabiles Muskelkorsett ist die beste Versicherung gegen R\u00fcckenschmerzen. Dabei kommt es weniger auf die absolute Kraft an, sondern auf ein harmonisches Verh\u00e4ltnis zwischen Bauch- und R\u00fcckenmuskulatur. Sind diese Gegenspieler im Ungleichgewicht, ist die Wirbels\u00e4ule schutzlos den t\u00e4glichen Belastungen ausgeliefert.\u201c<\/span><\/p>\n<p data-path-to-node=\"7,1\"><span style=\"color: #aaad00;\">\u2014 <b data-path-to-node=\"7,1\" data-index-in-node=\"2\">Prof. Dr. med. Ingo Frob\u00f6se<\/b>, Universit\u00e4tsprofessor an der Deutschen Sporthochschule K\u00f6ln und renommierter Experte f\u00fcr Pr\u00e4vention und Rehabilitation.<\/span><\/p>\n<\/blockquote>\n<p>The <strong>Back force measurement with EasyTorque\u00ae<\/strong> offers a precise analysis of muscular deficits and imbalances in the back. The device records the <strong>Strength in the lower and upper back as well as in the chest and abdominal muscles<\/strong>. The results show <strong>muscular imbalances<\/strong> auf, die ein potenzielles Risiko f\u00fcr R\u00fcckenbeschwerden darstellen. Basierend auf der Messung erhalten Sie eine <strong>Personal evaluation and recommendations<\/strong> by qualified specialist personnel in order to <strong>Improve trunk stability<\/strong> and prevent pain.<\/p>\n<p>F\u00fcr mehr Ideen f\u00fcr <a href=\"https:\/\/www.company-move.de\/gesundheitstage-module\/\">Health days<\/a>, klicken Sie sich gerne durch unsere anderen Angebote f\u00fcr betriebliches Gesundheitsmanagement. Etablieren Sie Gesundheitsf\u00f6rderung in Ihrem Unternehmen mit uns als Ihr BGM-Dienstleister!<\/p>","protected":false},"excerpt":{"rendered":"<p>Product short description = Excerpt<\/p>\n<p>Quellen<\/p>\n<ul>\n<li>\n<p data-path-to-node=\"14,0,0\"><b data-path-to-node=\"14,0,0\" data-index-in-node=\"0\">DAK-Gesundheitsreport 2024: Fokus Muskel-Skelett-System<\/b>, DAK-Gesundheit, 2024. Zentrale Kennzahl: 416 Fehltage\/100 Versicherte durch MSE. (<b data-path-to-node=\"14,0,0\" data-index-in-node=\"139\">Offizieller Krankenkassenbericht<\/b>)<\/p>\n<\/li>\n<li>\n<p data-path-to-node=\"14,1,0\"><b data-path-to-node=\"14,1,0\" data-index-in-node=\"0\">\u201ePr\u00e4vention von R\u00fcckenbeschwerden in der Arbeitswelt\u201c<\/b>, Bundesanstalt f\u00fcr Arbeitsschutz und Arbeitsmedizin (BAuA), 2024. Leitfaden zur ergonomischen und muskul\u00e4ren Risikobewertung. (<b data-path-to-node=\"14,1,0\" data-index-in-node=\"181\">Offizieller Regierungsbericht<\/b>)<\/p>\n<\/li>\n<li>\n<p data-path-to-node=\"14,2,0\"><b data-path-to-node=\"14,2,0\" data-index-in-node=\"0\">\u201eRelationship between core muscle strength and back pain in office workers\u201c<\/b>, Journal of Occupational Health and Epidemiology, 2025. Untersuchung zur Validit\u00e4t von Rumpfkraftmessungen. (<b data-path-to-node=\"14,2,0\" data-index-in-node=\"185\">Peer-Review-Journal<\/b>)<\/p>\n<\/li>\n<li>\n<p data-path-to-node=\"14,3,0\"><b data-path-to-node=\"14,3,0\" data-index-in-node=\"0\">Fehlzeiten-Report 2024: Nachhaltig gesund arbeiten<\/b>, Wissenschaftliches Institut der AOK (WIdO), 2024. Analyse der Langzeitfolgen von MSE auf die Betriebswirtschaft. (<b data-path-to-node=\"14,3,0\" data-index-in-node=\"166\">Offizieller Fachbericht<\/b>)<\/p>\n<\/li>\n<li>\n<p data-path-to-node=\"14,4,0\"><b data-path-to-node=\"14,4,0\" data-index-in-node=\"0\">Frob\u00f6se, I.: \u201eDas Muskel-Lexikon: Kraftvoll durch den Alltag\u201c<\/b>, Fachartikel\/Statement-Sammlung zur Pr\u00e4ventivmedizin, 2024\/2026. (<b data-path-to-node=\"14,4,0\" data-index-in-node=\"128\">Wissenschaftliche Expertenquelle<\/b>)<\/p>\n<\/li>\n<\/ul>","protected":false},"featured_media":4086,"template":"","meta":{"site-sidebar-layout":"default","site-content-layout":"","ast-site-content-layout":"default","site-content-style":"default","site-sidebar-style":"default","ast-global-header-display":"","ast-banner-title-visibility":"","ast-main-header-display":"","ast-hfb-above-header-display":"","ast-hfb-below-header-display":"","ast-hfb-mobile-header-display":"","site-post-title":"","ast-breadcrumbs-content":"","ast-featured-img":"","footer-sml-layout":"","ast-disable-related-posts":"","theme-transparent-header-meta":"default","adv-header-id-meta":"","stick-header-meta":"default","header-above-stick-meta":"","header-main-stick-meta":"","header-below-stick-meta":"","astra-migrate-meta-layouts":"set","ast-page-background-enabled":"default","ast-page-background-meta":{"desktop":{"background-color":"var(--ast-global-color-4)","background-image":"","background-repeat":"repeat","background-position":"center center","background-size":"auto","background-attachment":"scroll","background-type":"","background-media":"","overlay-type":"","overlay-color":"","overlay-opacity":"","overlay-gradient":""},"tablet":{"background-color":"","background-image":"","background-repeat":"repeat","background-position":"center center","background-size":"auto","background-attachment":"scroll","background-type":"","background-media":"","overlay-type":"","overlay-color":"","overlay-opacity":"","overlay-gradient":""},"mobile":{"background-color":"","background-image":"","background-repeat":"repeat","background-position":"center center","background-size":"auto","background-attachment":"scroll","background-type":"","background-media":"","overlay-type":"","overlay-color":"","overlay-opacity":"","overlay-gradient":""}},"ast-content-background-meta":{"desktop":{"background-color":"var(--ast-global-color-5)","background-image":"","background-repeat":"repeat","background-position":"center center","background-size":"auto","background-attachment":"scroll","background-type":"","background-media":"","overlay-type":"","overlay-color":"","overlay-opacity":"","overlay-gradient":""},"tablet":{"background-color":"var(--ast-global-color-5)","background-image":"","background-repeat":"repeat","background-position":"center center","background-size":"auto","background-attachment":"scroll","background-type":"","background-media":"","overlay-type":"","overlay-color":"","overlay-opacity":"","overlay-gradient":""},"mobile":{"background-color":"var(--ast-global-color-5)","background-image":"","background-repeat":"repeat","background-position":"center center","background-size":"auto","background-attachment":"scroll","background-type":"","background-media":"","overlay-type":"","overlay-color":"","overlay-opacity":"","overlay-gradient":""}}},"product_brand":[],"product_cat":[39,44,15,49],"product_tag":[314,251,313,250,316,312,315],"class_list":{"0":"post-4078","1":"product","2":"type-product","3":"status-publish","4":"has-post-thumbnail","6":"product_cat-bewegung","7":"product_cat-gesundheits-check","8":"product_cat-praeventionsmassnahmen","9":"product_cat-rueckengesundheit","10":"product_tag-easy-torque","11":"product_tag-fehlhaltung","12":"product_tag-isometrische-kraftmessung","13":"product_tag-koerperhaltung","14":"product_tag-kraftanalyse","15":"product_tag-kraftdiagnostik","16":"product_tag-muskelkraftmessung","17":"pa_dauer-ca-15-min","18":"pa_durchfuehrungsform-praesenz","19":"pa_format-screenings","20":"pa_zielgruppe-berufseinsteigende","21":"pa_zielgruppe-beschaeftigte","22":"desktop-align-left","23":"tablet-align-left","24":"mobile-align-left","25":"ast-product-gallery-layout-horizontal-slider","26":"ast-product-gallery-with-no-image","27":"ast-product-tabs-layout-horizontal","29":"first","30":"instock","31":"virtual","32":"sold-individually","33":"purchasable","34":"product-type-simple"},"yoast_head":"<!-- This site is optimized with the Yoast SEO plugin v27.5 - https:\/\/yoast.com\/product\/yoast-seo-wordpress\/ -->\n<title>R\u00fcckenkraftmessung mit EasyTorque\u00ae \u2013 Dysbalancen erkennen<\/title>\n<meta name=\"description\" content=\"Erfahren Sie mit EasyTorque\u00ae mehr \u00fcber die Kraft Ihrer Rumpf- und R\u00fcckenmuskulatur. Die Analyse ermittelt muskul\u00e4re Dysbalancen.\" \/>\n<meta name=\"robots\" content=\"index, follow, max-snippet:-1, max-image-preview:large, max-video-preview:-1\" \/>\n<link rel=\"canonical\" href=\"https:\/\/www.company-move.de\/en\/product\/easytorque-rueckenkraftmessung\/\" \/>\n<meta property=\"og:locale\" content=\"en_US\" \/>\n<meta property=\"og:type\" content=\"article\" \/>\n<meta property=\"og:title\" content=\"R\u00fcckenkraftmessung mit EasyTorque\u00ae \u2013 Dysbalancen erkennen\" \/>\n<meta property=\"og:description\" content=\"Erfahren Sie mit EasyTorque\u00ae mehr \u00fcber die Kraft Ihrer Rumpf- und R\u00fcckenmuskulatur. Die Analyse ermittelt muskul\u00e4re Dysbalancen.\" \/>\n<meta property=\"og:url\" content=\"https:\/\/www.company-move.de\/en\/product\/easytorque-rueckenkraftmessung\/\" \/>\n<meta property=\"og:site_name\" content=\"Company move GmbH\" \/>\n<meta property=\"article:modified_time\" content=\"2026-04-30T08:41:40+00:00\" \/>\n<meta property=\"og:image\" content=\"https:\/\/www.company-move.de\/wp-content\/uploads\/2024\/09\/EasyTorque-Rueckenkraftmessung.jpg\" \/>\n\t<meta property=\"og:image:width\" content=\"768\" \/>\n\t<meta property=\"og:image:height\" content=\"576\" \/>\n\t<meta property=\"og:image:type\" content=\"image\/jpeg\" \/>\n<meta name=\"twitter:card\" content=\"summary_large_image\" \/>\n<meta name=\"twitter:label1\" content=\"Est. reading time\" \/>\n\t<meta name=\"twitter:data1\" content=\"2 minutes\" \/>\n<!-- \/ Yoast SEO plugin. -->","yoast_head_json":{"title":"R\u00fcckenkraftmessung mit EasyTorque\u00ae \u2013 Dysbalancen erkennen","description":"Erfahren Sie mit EasyTorque\u00ae mehr \u00fcber die Kraft Ihrer Rumpf- und R\u00fcckenmuskulatur. Die Analyse ermittelt muskul\u00e4re Dysbalancen.","robots":{"index":"index","follow":"follow","max-snippet":"max-snippet:-1","max-image-preview":"max-image-preview:large","max-video-preview":"max-video-preview:-1"},"canonical":"https:\/\/www.company-move.de\/en\/product\/easytorque-rueckenkraftmessung\/","og_locale":"en_US","og_type":"article","og_title":"R\u00fcckenkraftmessung mit EasyTorque\u00ae \u2013 Dysbalancen erkennen","og_description":"Erfahren Sie mit EasyTorque\u00ae mehr \u00fcber die Kraft Ihrer Rumpf- und R\u00fcckenmuskulatur. Die Analyse ermittelt muskul\u00e4re Dysbalancen.","og_url":"https:\/\/www.company-move.de\/en\/product\/easytorque-rueckenkraftmessung\/","og_site_name":"Company move GmbH","article_modified_time":"2026-04-30T08:41:40+00:00","og_image":[{"width":768,"height":576,"url":"https:\/\/www.company-move.de\/wp-content\/uploads\/2024\/09\/EasyTorque-Rueckenkraftmessung.jpg","type":"image\/jpeg"}],"twitter_card":"summary_large_image","twitter_misc":{"Est. reading time":"2 minutes"},"schema":{"@context":"https:\/\/schema.org","@graph":[{"@type":["WebPage","ItemPage"],"@id":"https:\/\/www.company-move.de\/produkt\/easytorque-rueckenkraftmessung\/","url":"https:\/\/www.company-move.de\/produkt\/easytorque-rueckenkraftmessung\/","name":"R\u00fcckenkraftmessung mit EasyTorque\u00ae \u2013 Dysbalancen erkennen","isPartOf":{"@id":"https:\/\/www.company-move.de\/#website"},"primaryImageOfPage":{"@id":"https:\/\/www.company-move.de\/produkt\/easytorque-rueckenkraftmessung\/#primaryimage"},"image":{"@id":"https:\/\/www.company-move.de\/produkt\/easytorque-rueckenkraftmessung\/#primaryimage"},"thumbnailUrl":"https:\/\/www.company-move.de\/wp-content\/uploads\/2024\/09\/EasyTorque-Rueckenkraftmessung.jpg","datePublished":"2024-09-19T09:14:28+00:00","dateModified":"2026-04-30T08:41:40+00:00","description":"Erfahren Sie mit EasyTorque\u00ae mehr \u00fcber die Kraft Ihrer Rumpf- und R\u00fcckenmuskulatur. Die Analyse ermittelt muskul\u00e4re Dysbalancen.","breadcrumb":{"@id":"https:\/\/www.company-move.de\/produkt\/easytorque-rueckenkraftmessung\/#breadcrumb"},"inLanguage":"en-US","potentialAction":[{"@type":"ReadAction","target":["https:\/\/www.company-move.de\/produkt\/easytorque-rueckenkraftmessung\/"]}]},{"@type":"ImageObject","inLanguage":"en-US","@id":"https:\/\/www.company-move.de\/produkt\/easytorque-rueckenkraftmessung\/#primaryimage","url":"https:\/\/www.company-move.de\/wp-content\/uploads\/2024\/09\/EasyTorque-Rueckenkraftmessung.jpg","contentUrl":"https:\/\/www.company-move.de\/wp-content\/uploads\/2024\/09\/EasyTorque-Rueckenkraftmessung.jpg","width":768,"height":576,"caption":"EasyTorque\u00ae \u2013 Ger\u00e4t zur Analyse der muskul\u00e4ren Kraft im R\u00fccken- und Rumpfbereich"},{"@type":"BreadcrumbList","@id":"https:\/\/www.company-move.de\/produkt\/easytorque-rueckenkraftmessung\/#breadcrumb","itemListElement":[{"@type":"ListItem","position":1,"name":"Shop","item":"https:\/\/www.company-move.de\/shop\/"},{"@type":"ListItem","position":2,"name":"EasyTorque\u00ae"}]},{"@type":"WebSite","@id":"https:\/\/www.company-move.de\/#website","url":"https:\/\/www.company-move.de\/","name":"Company move GmbH","description":"Your expert for occupational health management","publisher":{"@id":"https:\/\/www.company-move.de\/#organization"},"potentialAction":[{"@type":"SearchAction","target":{"@type":"EntryPoint","urlTemplate":"https:\/\/www.company-move.de\/?s={search_term_string}"},"query-input":{"@type":"PropertyValueSpecification","valueRequired":true,"valueName":"search_term_string"}}],"inLanguage":"en-US"},{"@type":"Organization","@id":"https:\/\/www.company-move.de\/#organization","name":"Company move GmbH","url":"https:\/\/www.company-move.de\/","logo":{"@type":"ImageObject","inLanguage":"en-US","@id":"https:\/\/www.company-move.de\/#\/schema\/logo\/image\/","url":"https:\/\/www.company-move.de\/wp-content\/uploads\/2024\/05\/cropped-CM-Logo.png","contentUrl":"https:\/\/www.company-move.de\/wp-content\/uploads\/2024\/05\/cropped-CM-Logo.png","width":1599,"height":795,"caption":"Company move GmbH"},"image":{"@id":"https:\/\/www.company-move.de\/#\/schema\/logo\/image\/"}}]}},"_links":{"self":[{"href":"https:\/\/www.company-move.de\/en\/wp-json\/wp\/v2\/product\/4078","targetHints":{"allow":["GET"]}}],"collection":[{"href":"https:\/\/www.company-move.de\/en\/wp-json\/wp\/v2\/product"}],"about":[{"href":"https:\/\/www.company-move.de\/en\/wp-json\/wp\/v2\/types\/product"}],"wp:featuredmedia":[{"embeddable":true,"href":"https:\/\/www.company-move.de\/en\/wp-json\/wp\/v2\/media\/4086"}],"wp:attachment":[{"href":"https:\/\/www.company-move.de\/en\/wp-json\/wp\/v2\/media?parent=4078"}],"wp:term":[{"taxonomy":"product_brand","embeddable":true,"href":"https:\/\/www.company-move.de\/en\/wp-json\/wp\/v2\/product_brand?post=4078"},{"taxonomy":"product_cat","embeddable":true,"href":"https:\/\/www.company-move.de\/en\/wp-json\/wp\/v2\/product_cat?post=4078"},{"taxonomy":"product_tag","embeddable":true,"href":"https:\/\/www.company-move.de\/en\/wp-json\/wp\/v2\/product_tag?post=4078"}],"curies":[{"name":"wp","href":"https:\/\/api.w.org\/{rel}","templated":true}]}}