{"id":2396,"date":"2024-09-10T09:44:02","date_gmt":"2024-09-10T07:44:02","guid":{"rendered":"https:\/\/www.company-move.de\/?post_type=product&#038;p=2396"},"modified":"2026-04-30T10:45:56","modified_gmt":"2026-04-30T08:45:56","slug":"stresstest-hrv-scan-analyse","status":"publish","type":"product","link":"https:\/\/www.company-move.de\/en\/product\/stresstest-hrv-scan-analyse\/","title":{"rendered":"HRV Scan\u00ae"},"content":{"rendered":"<p>Die Implementierung des <b data-path-to-node=\"3\" data-index-in-node=\"24\">HRV Scan\u00ae<\/b> ist im modernen <b data-path-to-node=\"3\" data-index-in-node=\"50\">BGM<\/b> eine strategische Antwort auf die rasant steigende Belastung durch <a href=\"https:\/\/www.company-move.de\/bgm\/gesundheitsthemen\/psychische-gesundheit\/\">psychische Erkrankungen<\/a> in der Arbeitswelt. Ein Blick in den aktuellen <b data-path-to-node=\"3\" data-index-in-node=\"192\">Psychreport 2024 der DAK-Gesundheit<\/b> verdeutlicht die Dringlichkeit: Mit <b data-path-to-node=\"3\" data-index-in-node=\"264\">323 Fehltagen je 100 Versicherte<\/b> erreichten die Krankschreibungen aufgrund psychischer Diagnosen einen neuen historischen H\u00f6chststand.<\/p>\n<p>Mithilfe des <b data-path-to-node=\"3\" data-index-in-node=\"412\">HRV Scan\u00ae<\/b> k\u00f6nnen Unternehmen eine hocheffektive <a href=\"https:\/\/www.company-move.de\/bgm\/gesundheitsthemen\/praeventionsmassnahmen\/\"><b data-path-to-node=\"3\" data-index-in-node=\"460\">Prevention<\/b><\/a> betreiben, indem sie die individuelle Stressregulationsf\u00e4higkeit ihrer Mitarbeitenden objektiv messbar machen, bevor Ersch\u00f6pfungssymptome chronisch werden. Diese evidenzbasierte Diagnostik des vegetativen Nervensystems erm\u00f6glicht eine zielgerichtete Reduktion psychisch bedingter Fehlzeiten und sichert langfristig die mentale Resilienz sowie einen stabilen <b data-path-to-node=\"3\" data-index-in-node=\"829\">Krankenstand<\/b>.<\/p>\n<blockquote>\n<p data-path-to-node=\"7,0\"><span style=\"color: #aaad00;\">\u201eDie Herzratenvariabilit\u00e4t ist der beste objektive Indikator f\u00fcr die F\u00e4higkeit des Organismus, auf innere und \u00e4u\u00dfere Anforderungen flexibel zu reagieren. Eine hohe Variabilit\u00e4t ist ein Zeichen f\u00fcr Gesundheit und eine gute Balance zwischen Anspannung und Entspannung, w\u00e4hrend eine starre HRV ein Warnsignal f\u00fcr eine chronische Stressbelastung darstellt.\u201c<\/span><\/p>\n<p data-path-to-node=\"7,1\"><span style=\"color: #aaad00;\">\u2014 <b data-path-to-node=\"7,1\" data-index-in-node=\"2\">Prof. Dr. med. Gerd Schnack<\/b>, Pr\u00e4ventivmediziner und ehemaliger Pr\u00e4sident der Deutschen Gesellschaft f\u00fcr Pr\u00e4ventivmedizin (DGPR), in seinen Fachpublikationen zur vegetativen Rhythmik.<\/span><\/p>\n<\/blockquote>\n<p>The <strong>HRV Scan\u00ae<\/strong> measures your <strong>Current stress load<\/strong> and your ability to adapt to stressful situations. The analysis takes place within <strong>2 minutes<\/strong> via a <strong>Sensor on the ear<\/strong> and evaluates heart rate variability. This fast and precise method provides <strong>Insights into the autonomic nervous system<\/strong>, insbesondere in das Zusammenspiel von Sympathikus und Parasympathikus. Basierend auf den Ergebnissen erhalten Sie eine <strong>Personal evaluation and recommendations<\/strong> by qualified specialist personnel in order to <strong>Improve stress management<\/strong> and relaxation techniques.<\/p>\n<p>F\u00fcr mehr Ideen f\u00fcr <a href=\"https:\/\/www.company-move.de\/gesundheitstage-module\/\">Health days<\/a>, klicken Sie sich gerne durch unsere anderen Angebote f\u00fcr betriebliches Gesundheitsmanagement. Etablieren Sie Gesundheitsf\u00f6rderung in Ihrem Unternehmen mit uns als Ihr BGM-Dienstleister!<\/p>","protected":false},"excerpt":{"rendered":"<p>Product short description = Excerpt<\/p>\n<p>Quellen<\/p>\n<ul>\n<li>\n<p data-path-to-node=\"13,0,0\"><b data-path-to-node=\"13,0,0\" data-index-in-node=\"0\">DAK-Gesundheitsreport 2024: Psychreport<\/b>, DAK-Gesundheit, 2024. Analyse der Arbeitsunf\u00e4higkeit aufgrund psychischer Erkrankungen. (<b data-path-to-node=\"13,0,0\" data-index-in-node=\"130\">Offizieller Krankenkassenbericht<\/b>)<\/p>\n<\/li>\n<li>\n<p data-path-to-node=\"13,1,0\"><b data-path-to-node=\"13,1,0\" data-index-in-node=\"0\">\u201eHealth at a Glance: Europe 2024\u201c<\/b>, OECD\/European Union, 2024. Bericht zur mentalen Gesundheit am Arbeitsplatz und deren \u00f6konomischen Auswirkungen. (<b data-path-to-node=\"13,1,0\" data-index-in-node=\"148\">Offizieller Regierungsbericht \/ Internationaler Report<\/b>)<\/p>\n<\/li>\n<li>\n<p data-path-to-node=\"13,2,0\"><b data-path-to-node=\"13,2,0\" data-index-in-node=\"0\">\u201eHeart Rate Variability as a Biomarker in Occupational Stress\u201c<\/b>, Frontiers in Public Health, 2024\/2025. Studie zur Validit\u00e4t der HRV im betrieblichen Kontext. (<b data-path-to-node=\"13,2,0\" data-index-in-node=\"159\">Peer-Review-Journal<\/b>)<\/p>\n<\/li>\n<li>\n<p data-path-to-node=\"13,3,0\"><b data-path-to-node=\"13,3,0\" data-index-in-node=\"0\">S3-Leitlinie \u201ePr\u00e4vention von Stress und Burnout\u201c<\/b>, Deutsche Gesellschaft f\u00fcr Psychiatrie und Psychotherapie, Psychosomatik und Nervenheilkunde (DGPPN), 2024. (<b data-path-to-node=\"13,3,0\" data-index-in-node=\"158\">Fachgesellschafts-Bericht<\/b>)<\/p>\n<\/li>\n<li>\n<p data-path-to-node=\"13,4,0\"><b data-path-to-node=\"13,4,0\" data-index-in-node=\"0\">\u201eEffectiveness of HRV-Biofeedback in the Workplace\u201c<\/b>, Journal of Occupational Health Psychology, 2025. Evaluation von Kurzzeit-Messungen zur Stressreduktion. (<b data-path-to-node=\"13,4,0\" data-index-in-node=\"158\">Peer-Review-Journal<\/b>)<\/p>\n<\/li>\n<\/ul>","protected":false},"featured_media":2397,"template":"","meta":{"site-sidebar-layout":"default","site-content-layout":"","ast-site-content-layout":"default","site-content-style":"default","site-sidebar-style":"default","ast-global-header-display":"","ast-banner-title-visibility":"","ast-main-header-display":"","ast-hfb-above-header-display":"","ast-hfb-below-header-display":"","ast-hfb-mobile-header-display":"","site-post-title":"","ast-breadcrumbs-content":"","ast-featured-img":"","footer-sml-layout":"","ast-disable-related-posts":"","theme-transparent-header-meta":"default","adv-header-id-meta":"","stick-header-meta":"default","header-above-stick-meta":"","header-main-stick-meta":"","header-below-stick-meta":"","astra-migrate-meta-layouts":"set","ast-page-background-enabled":"default","ast-page-background-meta":{"desktop":{"background-color":"var(--ast-global-color-4)","background-image":"","background-repeat":"repeat","background-position":"center center","background-size":"auto","background-attachment":"scroll","background-type":"","background-media":"","overlay-type":"","overlay-color":"","overlay-opacity":"","overlay-gradient":""},"tablet":{"background-color":"","background-image":"","background-repeat":"repeat","background-position":"center center","background-size":"auto","background-attachment":"scroll","background-type":"","background-media":"","overlay-type":"","overlay-color":"","overlay-opacity":"","overlay-gradient":""},"mobile":{"background-color":"","background-image":"","background-repeat":"repeat","background-position":"center center","background-size":"auto","background-attachment":"scroll","background-type":"","background-media":"","overlay-type":"","overlay-color":"","overlay-opacity":"","overlay-gradient":""}},"ast-content-background-meta":{"desktop":{"background-color":"var(--ast-global-color-5)","background-image":"","background-repeat":"repeat","background-position":"center center","background-size":"auto","background-attachment":"scroll","background-type":"","background-media":"","overlay-type":"","overlay-color":"","overlay-opacity":"","overlay-gradient":""},"tablet":{"background-color":"var(--ast-global-color-5)","background-image":"","background-repeat":"repeat","background-position":"center center","background-size":"auto","background-attachment":"scroll","background-type":"","background-media":"","overlay-type":"","overlay-color":"","overlay-opacity":"","overlay-gradient":""},"mobile":{"background-color":"var(--ast-global-color-5)","background-image":"","background-repeat":"repeat","background-position":"center center","background-size":"auto","background-attachment":"scroll","background-type":"","background-media":"","overlay-type":"","overlay-color":"","overlay-opacity":"","overlay-gradient":""}}},"product_brand":[],"product_cat":[41,44,51],"product_tag":[278,219,317,290,196,83,77,318],"class_list":{"0":"post-2396","1":"product","2":"type-product","3":"status-publish","4":"has-post-thumbnail","6":"product_cat-entspannung","7":"product_cat-gesundheits-check","8":"product_cat-stressbewaeltigung","9":"product_tag-gesundheitsfoerderung","10":"product_tag-gesundheitsvorsorge","11":"product_tag-herzfrequenzvariabilitaet","12":"product_tag-herzgesundheit","13":"product_tag-herzstress","14":"product_tag-mobil","15":"product_tag-top","16":"product_tag-vitaldatenanalyse","17":"pa_dauer-ca-15-min","18":"pa_durchfuehrungsform-praesenz","19":"pa_format-screenings","20":"pa_zielgruppe-berufseinsteigende","21":"pa_zielgruppe-beschaeftigte","22":"desktop-align-left","23":"tablet-align-left","24":"mobile-align-left","25":"ast-product-gallery-layout-horizontal-slider","26":"ast-product-gallery-with-no-image","27":"ast-product-tabs-layout-horizontal","29":"first","30":"instock","31":"virtual","32":"sold-individually","33":"purchasable","34":"product-type-simple"},"yoast_head":"<!-- This site is optimized with the Yoast SEO plugin v27.5 - https:\/\/yoast.com\/product\/yoast-seo-wordpress\/ -->\n<title>Stresstest mit HRV Scan\u00ae \u2013 Analyse der Stressbelastung<\/title>\n<meta name=\"description\" content=\"Der HRV Scan\u00ae misst Ihre Stressbelastung in nur 2 Minuten. Erfahren Sie mehr \u00fcber Ihre Herzratenvariabilit\u00e4t und Ihre Anpassungsf\u00e4higkeit an Stress.\" \/>\n<meta name=\"robots\" content=\"index, follow, max-snippet:-1, max-image-preview:large, max-video-preview:-1\" \/>\n<link rel=\"canonical\" href=\"https:\/\/www.company-move.de\/en\/product\/stresstest-hrv-scan-analyse\/\" \/>\n<meta property=\"og:locale\" content=\"en_US\" \/>\n<meta property=\"og:type\" content=\"article\" \/>\n<meta property=\"og:title\" content=\"Stresstest mit HRV Scan\u00ae \u2013 Analyse der Stressbelastung\" \/>\n<meta property=\"og:description\" content=\"Der HRV Scan\u00ae misst Ihre Stressbelastung in nur 2 Minuten. Erfahren Sie mehr \u00fcber Ihre Herzratenvariabilit\u00e4t und Ihre Anpassungsf\u00e4higkeit an Stress.\" \/>\n<meta property=\"og:url\" content=\"https:\/\/www.company-move.de\/en\/product\/stresstest-hrv-scan-analyse\/\" \/>\n<meta property=\"og:site_name\" content=\"Company move GmbH\" \/>\n<meta property=\"article:modified_time\" content=\"2026-04-30T08:45:56+00:00\" \/>\n<meta property=\"og:image\" content=\"https:\/\/www.company-move.de\/wp-content\/uploads\/2024\/09\/HRV-Scan-Stresstest.jpg\" \/>\n\t<meta property=\"og:image:width\" content=\"768\" \/>\n\t<meta property=\"og:image:height\" content=\"576\" \/>\n\t<meta property=\"og:image:type\" content=\"image\/jpeg\" \/>\n<meta name=\"twitter:card\" content=\"summary_large_image\" \/>\n<meta name=\"twitter:label1\" content=\"Est. reading time\" \/>\n\t<meta name=\"twitter:data1\" content=\"2 minutes\" \/>\n<!-- \/ Yoast SEO plugin. -->","yoast_head_json":{"title":"Stresstest mit HRV Scan\u00ae \u2013 Analyse der Stressbelastung","description":"Der HRV Scan\u00ae misst Ihre Stressbelastung in nur 2 Minuten. Erfahren Sie mehr \u00fcber Ihre Herzratenvariabilit\u00e4t und Ihre Anpassungsf\u00e4higkeit an Stress.","robots":{"index":"index","follow":"follow","max-snippet":"max-snippet:-1","max-image-preview":"max-image-preview:large","max-video-preview":"max-video-preview:-1"},"canonical":"https:\/\/www.company-move.de\/en\/product\/stresstest-hrv-scan-analyse\/","og_locale":"en_US","og_type":"article","og_title":"Stresstest mit HRV Scan\u00ae \u2013 Analyse der Stressbelastung","og_description":"Der HRV Scan\u00ae misst Ihre Stressbelastung in nur 2 Minuten. Erfahren Sie mehr \u00fcber Ihre Herzratenvariabilit\u00e4t und Ihre Anpassungsf\u00e4higkeit an Stress.","og_url":"https:\/\/www.company-move.de\/en\/product\/stresstest-hrv-scan-analyse\/","og_site_name":"Company move GmbH","article_modified_time":"2026-04-30T08:45:56+00:00","og_image":[{"width":768,"height":576,"url":"https:\/\/www.company-move.de\/wp-content\/uploads\/2024\/09\/HRV-Scan-Stresstest.jpg","type":"image\/jpeg"}],"twitter_card":"summary_large_image","twitter_misc":{"Est. reading time":"2 minutes"},"schema":{"@context":"https:\/\/schema.org","@graph":[{"@type":["WebPage","ItemPage"],"@id":"https:\/\/www.company-move.de\/produkt\/stresstest-hrv-scan-analyse\/","url":"https:\/\/www.company-move.de\/produkt\/stresstest-hrv-scan-analyse\/","name":"Stresstest mit HRV Scan\u00ae \u2013 Analyse der Stressbelastung","isPartOf":{"@id":"https:\/\/www.company-move.de\/#website"},"primaryImageOfPage":{"@id":"https:\/\/www.company-move.de\/produkt\/stresstest-hrv-scan-analyse\/#primaryimage"},"image":{"@id":"https:\/\/www.company-move.de\/produkt\/stresstest-hrv-scan-analyse\/#primaryimage"},"thumbnailUrl":"https:\/\/www.company-move.de\/wp-content\/uploads\/2024\/09\/HRV-Scan-Stresstest.jpg","datePublished":"2024-09-10T07:44:02+00:00","dateModified":"2026-04-30T08:45:56+00:00","description":"Der HRV Scan\u00ae misst Ihre Stressbelastung in nur 2 Minuten. Erfahren Sie mehr \u00fcber Ihre Herzratenvariabilit\u00e4t und Ihre Anpassungsf\u00e4higkeit an Stress.","breadcrumb":{"@id":"https:\/\/www.company-move.de\/produkt\/stresstest-hrv-scan-analyse\/#breadcrumb"},"inLanguage":"en-US","potentialAction":[{"@type":"ReadAction","target":["https:\/\/www.company-move.de\/produkt\/stresstest-hrv-scan-analyse\/"]}]},{"@type":"ImageObject","inLanguage":"en-US","@id":"https:\/\/www.company-move.de\/produkt\/stresstest-hrv-scan-analyse\/#primaryimage","url":"https:\/\/www.company-move.de\/wp-content\/uploads\/2024\/09\/HRV-Scan-Stresstest.jpg","contentUrl":"https:\/\/www.company-move.de\/wp-content\/uploads\/2024\/09\/HRV-Scan-Stresstest.jpg","width":768,"height":576,"caption":"HRV Scan\u00ae \u2013 Ger\u00e4t zur Messung der Herzratenvariabilit\u00e4t und Stressbelastung"},{"@type":"BreadcrumbList","@id":"https:\/\/www.company-move.de\/produkt\/stresstest-hrv-scan-analyse\/#breadcrumb","itemListElement":[{"@type":"ListItem","position":1,"name":"Shop","item":"https:\/\/www.company-move.de\/shop\/"},{"@type":"ListItem","position":2,"name":"HRV Scan\u00ae"}]},{"@type":"WebSite","@id":"https:\/\/www.company-move.de\/#website","url":"https:\/\/www.company-move.de\/","name":"Company move GmbH","description":"Your expert for occupational health management","publisher":{"@id":"https:\/\/www.company-move.de\/#organization"},"potentialAction":[{"@type":"SearchAction","target":{"@type":"EntryPoint","urlTemplate":"https:\/\/www.company-move.de\/?s={search_term_string}"},"query-input":{"@type":"PropertyValueSpecification","valueRequired":true,"valueName":"search_term_string"}}],"inLanguage":"en-US"},{"@type":"Organization","@id":"https:\/\/www.company-move.de\/#organization","name":"Company move GmbH","url":"https:\/\/www.company-move.de\/","logo":{"@type":"ImageObject","inLanguage":"en-US","@id":"https:\/\/www.company-move.de\/#\/schema\/logo\/image\/","url":"https:\/\/www.company-move.de\/wp-content\/uploads\/2024\/05\/cropped-CM-Logo.png","contentUrl":"https:\/\/www.company-move.de\/wp-content\/uploads\/2024\/05\/cropped-CM-Logo.png","width":1599,"height":795,"caption":"Company move GmbH"},"image":{"@id":"https:\/\/www.company-move.de\/#\/schema\/logo\/image\/"}}]}},"_links":{"self":[{"href":"https:\/\/www.company-move.de\/en\/wp-json\/wp\/v2\/product\/2396","targetHints":{"allow":["GET"]}}],"collection":[{"href":"https:\/\/www.company-move.de\/en\/wp-json\/wp\/v2\/product"}],"about":[{"href":"https:\/\/www.company-move.de\/en\/wp-json\/wp\/v2\/types\/product"}],"wp:featuredmedia":[{"embeddable":true,"href":"https:\/\/www.company-move.de\/en\/wp-json\/wp\/v2\/media\/2397"}],"wp:attachment":[{"href":"https:\/\/www.company-move.de\/en\/wp-json\/wp\/v2\/media?parent=2396"}],"wp:term":[{"taxonomy":"product_brand","embeddable":true,"href":"https:\/\/www.company-move.de\/en\/wp-json\/wp\/v2\/product_brand?post=2396"},{"taxonomy":"product_cat","embeddable":true,"href":"https:\/\/www.company-move.de\/en\/wp-json\/wp\/v2\/product_cat?post=2396"},{"taxonomy":"product_tag","embeddable":true,"href":"https:\/\/www.company-move.de\/en\/wp-json\/wp\/v2\/product_tag?post=2396"}],"curies":[{"name":"wp","href":"https:\/\/api.w.org\/{rel}","templated":true}]}}