{"id":2394,"date":"2024-09-10T09:36:37","date_gmt":"2024-09-10T07:36:37","guid":{"rendered":"https:\/\/www.company-move.de\/?post_type=product&#038;p=2394"},"modified":"2026-04-30T10:53:56","modified_gmt":"2026-04-30T08:53:56","slug":"beweglichkeitstest-mobee-fit","status":"publish","type":"product","link":"https:\/\/www.company-move.de\/en\/product\/beweglichkeitstest-mobee-fit\/","title":{"rendered":"mobee\u00ae fit"},"content":{"rendered":"<p>Die Integration von <b data-path-to-node=\"3\" data-index-in-node=\"20\">mobee\u00ae fit<\/b> in eine ganzheitliche <b data-path-to-node=\"3\" data-index-in-node=\"53\">BGM<\/b>-Strategie ist eine hocheffektive Antwort auf die steigende Belastung durch Muskel-Skelett-Erkrankungen (MSE) am Arbeitsplatz. Laut dem <b data-path-to-node=\"3\" data-index-in-node=\"192\">DAK-Gesundheitsreport 2024<\/b> verursachen MSE weiterhin die meisten Ausfallzeiten in Deutschland und sind f\u00fcr rund <b data-path-to-node=\"3\" data-index-in-node=\"304\">416 Fehltage je 100 Versicherte<\/b> verantwortlich.<\/p>\n<p>Mit dem sensorbasierten <a href=\"https:\/\/www.company-move.de\/format\/screenings\/\">Screening-Tool<\/a> <b data-path-to-node=\"3\" data-index-in-node=\"391\">mobee\u00ae fit<\/b> identifizieren Unternehmen muskul\u00e4re Verk\u00fcrzungen und Bewegungseinschr\u00e4nkungen objektiv, bevor diese zu schmerzhaften Chronifizierungen f\u00fchren. Diese pr\u00e4zise Form der <a href=\"https:\/\/www.company-move.de\/bgm\/gesundheitsthemen\/praeventionsmassnahmen\/\"><b data-path-to-node=\"3\" data-index-in-node=\"569\">Prevention<\/b><\/a> erm\u00f6glicht eine datengest\u00fctzte <a href=\"https:\/\/www.company-move.de\/bgm\/gesundheitsthemen\/ergonomie\/\">Ergonomieberatung<\/a>, die den physisch bedingten <b data-path-to-node=\"3\" data-index-in-node=\"657\">Krankenstand<\/b> nachweislich stabilisiert und die funktionelle Mobilit\u00e4t der Belegschaft nachhaltig sichert.<\/p>\n<blockquote>\n<p data-path-to-node=\"7,0\"><span style=\"color: #aaad00;\">\u201eEingeschr\u00e4nkte Beweglichkeit ist oft der erste Schritt in einen Teufelskreis aus Fehlbelastung, Schmerz und strukturellem Verschlei\u00df. Eine fr\u00fchzeitige, objektive Erfassung des Bewegungsausma\u00dfes ist daher die Grundvoraussetzung f\u00fcr eine zielgerichtete Pr\u00e4vention von R\u00fccken- und Gelenkbeschwerden.\u201c<\/span><\/p>\n<p data-path-to-node=\"7,1\"><span style=\"color: #aaad00;\">\u2014 <b data-path-to-node=\"7,1\" data-index-in-node=\"2\">Prof. Dr. med. Ingo Frob\u00f6se<\/b>, Universit\u00e4tsprofessor an der Deutschen Sporthochschule K\u00f6ln und Experte f\u00fcr Pr\u00e4vention und Rehabilitation (in seinen Fachbeitr\u00e4gen zur funktionellen Anatomie und betrieblichen Gesundheitsvorsorge).<\/span><\/p>\n<\/blockquote>\n<p>The <strong>Mobility test with mobee\u00ae fit<\/strong> offers a comprehensive analysis of the mobility of relevant muscle groups. Within <strong>15 minutes<\/strong> werden das Bewegungsausma\u00df (Range of Motion), Asymmetrien und muskul\u00e4re Defizite erfasst. Das <a href=\"https:\/\/www.company-move.de\/format\/screenings\/\">Screening<\/a> liefert eine <strong>Detailed assessment of your mobility<\/strong>which is summarized in four different categories. You will then receive a <strong>Personal evaluation and specific exercise recommendations<\/strong> by qualified specialists to improve your mobility in the long term.<\/p>\n<p>F\u00fcr mehr Ideen f\u00fcr<a href=\"https:\/\/www.company-move.de\/gesundheitstage-module\/\"> Health days<\/a>, klicken Sie sich gerne durch unsere anderen Angebote f\u00fcr betriebliches Gesundheitsmanagement. Etablieren Sie Gesundheitsf\u00f6rderung in Ihrem Unternehmen mit uns als Ihr BGM-Dienstleister!<\/p>","protected":false},"excerpt":{"rendered":"<p>Product short description = Excerpt<\/p>\n<p>Quellen<\/p>\n<ul>\n<li>\n<p data-path-to-node=\"13,0,0\"><b data-path-to-node=\"13,0,0\" data-index-in-node=\"0\">DAK-Gesundheitsreport 2024: Fokus Muskel-Skelett-System<\/b>, DAK-Gesundheit, 2024. Zentrale Kennzahl zur Arbeitsunf\u00e4higkeit in Deutschland. (<b data-path-to-node=\"13,0,0\" data-index-in-node=\"137\">Offizieller Krankenkassenbericht<\/b>)<\/p>\n<\/li>\n<li>\n<p data-path-to-node=\"13,1,0\"><b data-path-to-node=\"13,1,0\" data-index-in-node=\"0\">\u201ePr\u00e4vention von R\u00fcckenbeschwerden in der Arbeitswelt\u201c<\/b>, Bundesanstalt f\u00fcr Arbeitsschutz und Arbeitsmedizin (BAuA), 2024\/2025. Leitfaden zur Mobilit\u00e4tsf\u00f6rderung. (<b data-path-to-node=\"13,1,0\" data-index-in-node=\"161\">Offizieller Regierungsbericht<\/b>)<\/p>\n<\/li>\n<li>\n<p data-path-to-node=\"13,2,0\"><b data-path-to-node=\"13,2,0\" data-index-in-node=\"0\">\u201eValidity and Reliability of Digital Goniometry in Clinical Practice\u201c<\/b>, Journal of Rehabilitation Medicine, 2024. Analyse der Messgenauigkeit sensorbasierter Systeme. (<b data-path-to-node=\"13,2,0\" data-index-in-node=\"167\">Peer-Review-Journal<\/b>)<\/p>\n<\/li>\n<li>\n<p data-path-to-node=\"13,3,0\"><b data-path-to-node=\"13,3,0\" data-index-in-node=\"0\">Fehlzeiten-Report 2024: Nachhaltig gesund arbeiten<\/b>, Wissenschaftliches Institut der AOK (WIdO), 2024. Untersuchung der \u00f6konomischen Folgen von MSE. (<b data-path-to-node=\"13,3,0\" data-index-in-node=\"149\">Offizieller Fachbericht<\/b>)<\/p>\n<\/li>\n<li>\n<p data-path-to-node=\"13,4,0\"><b data-path-to-node=\"13,4,0\" data-index-in-node=\"0\">\u201eImpact of workplace stretching and mobility programs on musculoskeletal symptoms\u201c<\/b>, International Archives of Occupational and Environmental Health, 2025. Evaluation von Mobilit\u00e4ts-Interventionen. (<b data-path-to-node=\"13,4,0\" data-index-in-node=\"198\">Peer-Review-Journal<\/b>)<\/p>\n<\/li>\n<\/ul>","protected":false},"featured_media":2395,"template":"","meta":{"site-sidebar-layout":"default","site-content-layout":"","ast-site-content-layout":"default","site-content-style":"default","site-sidebar-style":"default","ast-global-header-display":"","ast-banner-title-visibility":"","ast-main-header-display":"","ast-hfb-above-header-display":"","ast-hfb-below-header-display":"","ast-hfb-mobile-header-display":"","site-post-title":"","ast-breadcrumbs-content":"","ast-featured-img":"","footer-sml-layout":"","ast-disable-related-posts":"","theme-transparent-header-meta":"default","adv-header-id-meta":"","stick-header-meta":"default","header-above-stick-meta":"","header-main-stick-meta":"","header-below-stick-meta":"","astra-migrate-meta-layouts":"set","ast-page-background-enabled":"default","ast-page-background-meta":{"desktop":{"background-color":"var(--ast-global-color-4)","background-image":"","background-repeat":"repeat","background-position":"center center","background-size":"auto","background-attachment":"scroll","background-type":"","background-media":"","overlay-type":"","overlay-color":"","overlay-opacity":"","overlay-gradient":""},"tablet":{"background-color":"","background-image":"","background-repeat":"repeat","background-position":"center center","background-size":"auto","background-attachment":"scroll","background-type":"","background-media":"","overlay-type":"","overlay-color":"","overlay-opacity":"","overlay-gradient":""},"mobile":{"background-color":"","background-image":"","background-repeat":"repeat","background-position":"center center","background-size":"auto","background-attachment":"scroll","background-type":"","background-media":"","overlay-type":"","overlay-color":"","overlay-opacity":"","overlay-gradient":""}},"ast-content-background-meta":{"desktop":{"background-color":"var(--ast-global-color-5)","background-image":"","background-repeat":"repeat","background-position":"center center","background-size":"auto","background-attachment":"scroll","background-type":"","background-media":"","overlay-type":"","overlay-color":"","overlay-opacity":"","overlay-gradient":""},"tablet":{"background-color":"var(--ast-global-color-5)","background-image":"","background-repeat":"repeat","background-position":"center center","background-size":"auto","background-attachment":"scroll","background-type":"","background-media":"","overlay-type":"","overlay-color":"","overlay-opacity":"","overlay-gradient":""},"mobile":{"background-color":"var(--ast-global-color-5)","background-image":"","background-repeat":"repeat","background-position":"center center","background-size":"auto","background-attachment":"scroll","background-type":"","background-media":"","overlay-type":"","overlay-color":"","overlay-opacity":"","overlay-gradient":""}}},"product_brand":[],"product_cat":[39,44],"product_tag":[320,322,251,278,219,250,319,83,321,77],"class_list":{"0":"post-2394","1":"product","2":"type-product","3":"status-publish","4":"has-post-thumbnail","6":"product_cat-bewegung","7":"product_cat-gesundheits-check","8":"product_tag-beweglichkeitsanalyse","9":"product_tag-beweglichkeitstest","10":"product_tag-fehlhaltung","11":"product_tag-gesundheitsfoerderung","12":"product_tag-gesundheitsvorsorge","13":"product_tag-koerperhaltung","14":"product_tag-mobeefit","15":"product_tag-mobil","16":"product_tag-mobility-check","17":"product_tag-top","18":"pa_dauer-ca-15-min","19":"pa_durchfuehrungsform-praesenz","20":"pa_format-screenings","21":"pa_zielgruppe-berufseinsteigende","22":"pa_zielgruppe-beschaeftigte","23":"desktop-align-left","24":"tablet-align-left","25":"mobile-align-left","26":"ast-product-gallery-layout-horizontal-slider","27":"ast-product-gallery-with-no-image","28":"ast-product-tabs-layout-horizontal","30":"first","31":"instock","32":"virtual","33":"sold-individually","34":"purchasable","35":"product-type-simple"},"yoast_head":"<!-- This site is optimized with the Yoast SEO plugin v27.5 - https:\/\/yoast.com\/product\/yoast-seo-wordpress\/ -->\n<title>Beweglichkeitstest mit mobee\u00ae fit \u2013 Pr\u00e4zise Analyse Ihrer Mobilit\u00e4t<\/title>\n<meta name=\"description\" content=\"Erleben Sie eine genaue Beweglichkeitsanalyse mit mobee\u00ae fit. In nur 15 Minuten erfahren Sie mehr \u00fcber Ihr Bewegungsausma\u00df, Symmetrien und Defizite.\" \/>\n<meta name=\"robots\" content=\"index, follow, max-snippet:-1, max-image-preview:large, max-video-preview:-1\" \/>\n<link rel=\"canonical\" href=\"https:\/\/www.company-move.de\/en\/product\/beweglichkeitstest-mobee-fit\/\" \/>\n<meta property=\"og:locale\" content=\"en_US\" \/>\n<meta property=\"og:type\" content=\"article\" \/>\n<meta property=\"og:title\" content=\"Beweglichkeitstest mit mobee\u00ae fit \u2013 Pr\u00e4zise Analyse Ihrer Mobilit\u00e4t\" \/>\n<meta property=\"og:description\" content=\"Erleben Sie eine genaue Beweglichkeitsanalyse mit mobee\u00ae fit. In nur 15 Minuten erfahren Sie mehr \u00fcber Ihr Bewegungsausma\u00df, Symmetrien und Defizite.\" \/>\n<meta property=\"og:url\" content=\"https:\/\/www.company-move.de\/en\/product\/beweglichkeitstest-mobee-fit\/\" \/>\n<meta property=\"og:site_name\" content=\"Company move GmbH\" \/>\n<meta property=\"article:modified_time\" content=\"2026-04-30T08:53:56+00:00\" \/>\n<meta property=\"og:image\" content=\"https:\/\/www.company-move.de\/wp-content\/uploads\/2024\/09\/mobee-fit-Beweglichkeitstest.jpg\" \/>\n\t<meta property=\"og:image:width\" content=\"960\" \/>\n\t<meta property=\"og:image:height\" content=\"720\" \/>\n\t<meta property=\"og:image:type\" content=\"image\/jpeg\" \/>\n<meta name=\"twitter:card\" content=\"summary_large_image\" \/>\n<meta name=\"twitter:label1\" content=\"Est. reading time\" \/>\n\t<meta name=\"twitter:data1\" content=\"2 minutes\" \/>\n<!-- \/ Yoast SEO plugin. -->","yoast_head_json":{"title":"Beweglichkeitstest mit mobee\u00ae fit \u2013 Pr\u00e4zise Analyse Ihrer Mobilit\u00e4t","description":"Erleben Sie eine genaue Beweglichkeitsanalyse mit mobee\u00ae fit. In nur 15 Minuten erfahren Sie mehr \u00fcber Ihr Bewegungsausma\u00df, Symmetrien und Defizite.","robots":{"index":"index","follow":"follow","max-snippet":"max-snippet:-1","max-image-preview":"max-image-preview:large","max-video-preview":"max-video-preview:-1"},"canonical":"https:\/\/www.company-move.de\/en\/product\/beweglichkeitstest-mobee-fit\/","og_locale":"en_US","og_type":"article","og_title":"Beweglichkeitstest mit mobee\u00ae fit \u2013 Pr\u00e4zise Analyse Ihrer Mobilit\u00e4t","og_description":"Erleben Sie eine genaue Beweglichkeitsanalyse mit mobee\u00ae fit. In nur 15 Minuten erfahren Sie mehr \u00fcber Ihr Bewegungsausma\u00df, Symmetrien und Defizite.","og_url":"https:\/\/www.company-move.de\/en\/product\/beweglichkeitstest-mobee-fit\/","og_site_name":"Company move GmbH","article_modified_time":"2026-04-30T08:53:56+00:00","og_image":[{"width":960,"height":720,"url":"https:\/\/www.company-move.de\/wp-content\/uploads\/2024\/09\/mobee-fit-Beweglichkeitstest.jpg","type":"image\/jpeg"}],"twitter_card":"summary_large_image","twitter_misc":{"Est. reading time":"2 minutes"},"schema":{"@context":"https:\/\/schema.org","@graph":[{"@type":["WebPage","ItemPage"],"@id":"https:\/\/www.company-move.de\/produkt\/beweglichkeitstest-mobee-fit\/","url":"https:\/\/www.company-move.de\/produkt\/beweglichkeitstest-mobee-fit\/","name":"Beweglichkeitstest mit mobee\u00ae fit \u2013 Pr\u00e4zise Analyse Ihrer Mobilit\u00e4t","isPartOf":{"@id":"https:\/\/www.company-move.de\/#website"},"primaryImageOfPage":{"@id":"https:\/\/www.company-move.de\/produkt\/beweglichkeitstest-mobee-fit\/#primaryimage"},"image":{"@id":"https:\/\/www.company-move.de\/produkt\/beweglichkeitstest-mobee-fit\/#primaryimage"},"thumbnailUrl":"https:\/\/www.company-move.de\/wp-content\/uploads\/2024\/09\/mobee-fit-Beweglichkeitstest.jpg","datePublished":"2024-09-10T07:36:37+00:00","dateModified":"2026-04-30T08:53:56+00:00","description":"Erleben Sie eine genaue Beweglichkeitsanalyse mit mobee\u00ae fit. In nur 15 Minuten erfahren Sie mehr \u00fcber Ihr Bewegungsausma\u00df, Symmetrien und Defizite.","breadcrumb":{"@id":"https:\/\/www.company-move.de\/produkt\/beweglichkeitstest-mobee-fit\/#breadcrumb"},"inLanguage":"en-US","potentialAction":[{"@type":"ReadAction","target":["https:\/\/www.company-move.de\/produkt\/beweglichkeitstest-mobee-fit\/"]}]},{"@type":"ImageObject","inLanguage":"en-US","@id":"https:\/\/www.company-move.de\/produkt\/beweglichkeitstest-mobee-fit\/#primaryimage","url":"https:\/\/www.company-move.de\/wp-content\/uploads\/2024\/09\/mobee-fit-Beweglichkeitstest.jpg","contentUrl":"https:\/\/www.company-move.de\/wp-content\/uploads\/2024\/09\/mobee-fit-Beweglichkeitstest.jpg","width":960,"height":720,"caption":"mobee\u00ae fit \u2013 Analyse der Beweglichkeit relevanter Muskelgruppen"},{"@type":"BreadcrumbList","@id":"https:\/\/www.company-move.de\/produkt\/beweglichkeitstest-mobee-fit\/#breadcrumb","itemListElement":[{"@type":"ListItem","position":1,"name":"Shop","item":"https:\/\/www.company-move.de\/shop\/"},{"@type":"ListItem","position":2,"name":"mobee\u00ae fit"}]},{"@type":"WebSite","@id":"https:\/\/www.company-move.de\/#website","url":"https:\/\/www.company-move.de\/","name":"Company move GmbH","description":"Your expert for occupational health management","publisher":{"@id":"https:\/\/www.company-move.de\/#organization"},"potentialAction":[{"@type":"SearchAction","target":{"@type":"EntryPoint","urlTemplate":"https:\/\/www.company-move.de\/?s={search_term_string}"},"query-input":{"@type":"PropertyValueSpecification","valueRequired":true,"valueName":"search_term_string"}}],"inLanguage":"en-US"},{"@type":"Organization","@id":"https:\/\/www.company-move.de\/#organization","name":"Company move GmbH","url":"https:\/\/www.company-move.de\/","logo":{"@type":"ImageObject","inLanguage":"en-US","@id":"https:\/\/www.company-move.de\/#\/schema\/logo\/image\/","url":"https:\/\/www.company-move.de\/wp-content\/uploads\/2024\/05\/cropped-CM-Logo.png","contentUrl":"https:\/\/www.company-move.de\/wp-content\/uploads\/2024\/05\/cropped-CM-Logo.png","width":1599,"height":795,"caption":"Company move GmbH"},"image":{"@id":"https:\/\/www.company-move.de\/#\/schema\/logo\/image\/"}}]}},"_links":{"self":[{"href":"https:\/\/www.company-move.de\/en\/wp-json\/wp\/v2\/product\/2394","targetHints":{"allow":["GET"]}}],"collection":[{"href":"https:\/\/www.company-move.de\/en\/wp-json\/wp\/v2\/product"}],"about":[{"href":"https:\/\/www.company-move.de\/en\/wp-json\/wp\/v2\/types\/product"}],"wp:featuredmedia":[{"embeddable":true,"href":"https:\/\/www.company-move.de\/en\/wp-json\/wp\/v2\/media\/2395"}],"wp:attachment":[{"href":"https:\/\/www.company-move.de\/en\/wp-json\/wp\/v2\/media?parent=2394"}],"wp:term":[{"taxonomy":"product_brand","embeddable":true,"href":"https:\/\/www.company-move.de\/en\/wp-json\/wp\/v2\/product_brand?post=2394"},{"taxonomy":"product_cat","embeddable":true,"href":"https:\/\/www.company-move.de\/en\/wp-json\/wp\/v2\/product_cat?post=2394"},{"taxonomy":"product_tag","embeddable":true,"href":"https:\/\/www.company-move.de\/en\/wp-json\/wp\/v2\/product_tag?post=2394"}],"curies":[{"name":"wp","href":"https:\/\/api.w.org\/{rel}","templated":true}]}}