{"id":2392,"date":"2024-09-10T09:29:47","date_gmt":"2024-09-10T07:29:47","guid":{"rendered":"https:\/\/www.company-move.de\/?post_type=product&#038;p=2392"},"modified":"2026-02-25T14:07:44","modified_gmt":"2026-02-25T13:07:44","slug":"rueckencheck-medi-mouse","status":"publish","type":"product","link":"https:\/\/www.company-move.de\/en\/product\/rueckencheck-medi-mouse\/","title":{"rendered":"Medi Mouse\u00ae"},"content":{"rendered":"<p>The <strong>Medi Mouse\u00ae<\/strong> offers a <strong>Detailed analysis of your back health<\/strong> and mobility. In just <strong>15 minutes<\/strong> your posture, mobility and back stability are checked in three different positions. This examination provides a well-founded snapshot of your <strong>Spinal functions in everyday life<\/strong>.<\/p>\n<p>Based on the analysis, you will receive a <strong>Personal evaluation<\/strong> qualified specialist staff and <strong>Recommendations to sustainably improve back health<\/strong>. This method can be used flexibly in health days or prevention programs.<\/p>\n<p>For more ideas for health days, please click through our other offers for occupational health management. Establish health promotion in your company with us as your BGM service provider!<\/p>","protected":false},"excerpt":{"rendered":"<p>Product short description = Excerpt<\/p>","protected":false},"featured_media":2393,"template":"","meta":{"site-sidebar-layout":"default","site-content-layout":"","ast-site-content-layout":"default","site-content-style":"default","site-sidebar-style":"default","ast-global-header-display":"","ast-banner-title-visibility":"","ast-main-header-display":"","ast-hfb-above-header-display":"","ast-hfb-below-header-display":"","ast-hfb-mobile-header-display":"","site-post-title":"","ast-breadcrumbs-content":"","ast-featured-img":"","footer-sml-layout":"","ast-disable-related-posts":"","theme-transparent-header-meta":"default","adv-header-id-meta":"","stick-header-meta":"default","header-above-stick-meta":"","header-main-stick-meta":"","header-below-stick-meta":"","astra-migrate-meta-layouts":"set","ast-page-background-enabled":"default","ast-page-background-meta":{"desktop":{"background-color":"var(--ast-global-color-4)","background-image":"","background-repeat":"repeat","background-position":"center center","background-size":"auto","background-attachment":"scroll","background-type":"","background-media":"","overlay-type":"","overlay-color":"","overlay-opacity":"","overlay-gradient":""},"tablet":{"background-color":"","background-image":"","background-repeat":"repeat","background-position":"center center","background-size":"auto","background-attachment":"scroll","background-type":"","background-media":"","overlay-type":"","overlay-color":"","overlay-opacity":"","overlay-gradient":""},"mobile":{"background-color":"","background-image":"","background-repeat":"repeat","background-position":"center center","background-size":"auto","background-attachment":"scroll","background-type":"","background-media":"","overlay-type":"","overlay-color":"","overlay-opacity":"","overlay-gradient":""}},"ast-content-background-meta":{"desktop":{"background-color":"var(--ast-global-color-5)","background-image":"","background-repeat":"repeat","background-position":"center center","background-size":"auto","background-attachment":"scroll","background-type":"","background-media":"","overlay-type":"","overlay-color":"","overlay-opacity":"","overlay-gradient":""},"tablet":{"background-color":"var(--ast-global-color-5)","background-image":"","background-repeat":"repeat","background-position":"center center","background-size":"auto","background-attachment":"scroll","background-type":"","background-media":"","overlay-type":"","overlay-color":"","overlay-opacity":"","overlay-gradient":""},"mobile":{"background-color":"var(--ast-global-color-5)","background-image":"","background-repeat":"repeat","background-position":"center center","background-size":"auto","background-attachment":"scroll","background-type":"","background-media":"","overlay-type":"","overlay-color":"","overlay-opacity":"","overlay-gradient":""}}},"product_brand":[],"product_cat":[44,15,49],"product_tag":[251,278,219,250,334,325,324,323],"class_list":{"0":"post-2392","1":"product","2":"type-product","3":"status-publish","4":"has-post-thumbnail","6":"product_cat-gesundheits-check","7":"product_cat-praeventionsmassnahmen","8":"product_cat-rueckengesundheit","9":"product_tag-fehlhaltung","10":"product_tag-gesundheitsfoerderung","11":"product_tag-gesundheitsvorsorge","12":"product_tag-koerperhaltung","13":"product_tag-medi","14":"product_tag-rueckencheck","15":"product_tag-wirbelsaeulenanalyse","16":"product_tag-wirbelsaeulenmessung","17":"pa_dauer-ca-15-min","18":"pa_durchfuehrungsform-praesenz","19":"pa_format-screenings","20":"pa_zielgruppe-berufseinsteigende","21":"pa_zielgruppe-beschaeftigte","22":"desktop-align-left","23":"tablet-align-left","24":"mobile-align-left","25":"ast-product-gallery-layout-horizontal-slider","26":"ast-product-gallery-with-no-image","27":"ast-product-tabs-layout-horizontal","29":"first","30":"instock","31":"virtual","32":"sold-individually","33":"purchasable","34":"product-type-simple"},"yoast_head":"<!-- This site is optimized with the Yoast SEO plugin v27.5 - https:\/\/yoast.com\/product\/yoast-seo-wordpress\/ -->\n<title>R\u00fcckencheck mit der Medi Mouse\u00ae \u2013 Pr\u00e4zise Wirbels\u00e4ulenanalyse<\/title>\n<meta name=\"description\" content=\"\u00dcberpr\u00fcfen Sie Ihre R\u00fcckengesundheit mit der Medi Mouse\u00ae. Erfahren Sie mehr \u00fcber Ihre K\u00f6rperhaltung, Beweglichkeit und R\u00fcckenstabilit\u00e4t.\" \/>\n<meta name=\"robots\" content=\"index, follow, max-snippet:-1, max-image-preview:large, max-video-preview:-1\" \/>\n<link rel=\"canonical\" href=\"https:\/\/www.company-move.de\/en\/product\/rueckencheck-medi-mouse\/\" \/>\n<meta property=\"og:locale\" content=\"en_US\" \/>\n<meta property=\"og:type\" content=\"article\" \/>\n<meta property=\"og:title\" content=\"R\u00fcckencheck mit der Medi Mouse\u00ae \u2013 Pr\u00e4zise Wirbels\u00e4ulenanalyse\" \/>\n<meta property=\"og:description\" content=\"\u00dcberpr\u00fcfen Sie Ihre R\u00fcckengesundheit mit der Medi Mouse\u00ae. Erfahren Sie mehr \u00fcber Ihre K\u00f6rperhaltung, Beweglichkeit und R\u00fcckenstabilit\u00e4t.\" \/>\n<meta property=\"og:url\" content=\"https:\/\/www.company-move.de\/en\/product\/rueckencheck-medi-mouse\/\" \/>\n<meta property=\"og:site_name\" content=\"Company move GmbH\" \/>\n<meta property=\"article:modified_time\" content=\"2026-02-25T13:07:44+00:00\" \/>\n<meta property=\"og:image\" content=\"https:\/\/www.company-move.de\/wp-content\/uploads\/2024\/09\/Rueckencheck-Medi-Mouse.jpg\" \/>\n\t<meta property=\"og:image:width\" content=\"768\" \/>\n\t<meta property=\"og:image:height\" content=\"576\" \/>\n\t<meta property=\"og:image:type\" content=\"image\/jpeg\" \/>\n<meta name=\"twitter:card\" content=\"summary_large_image\" \/>\n<meta name=\"twitter:label1\" content=\"Est. reading time\" \/>\n\t<meta name=\"twitter:data1\" content=\"1 minute\" \/>\n<!-- \/ Yoast SEO plugin. -->","yoast_head_json":{"title":"R\u00fcckencheck mit der Medi Mouse\u00ae \u2013 Pr\u00e4zise Wirbels\u00e4ulenanalyse","description":"\u00dcberpr\u00fcfen Sie Ihre R\u00fcckengesundheit mit der Medi Mouse\u00ae. Erfahren Sie mehr \u00fcber Ihre K\u00f6rperhaltung, Beweglichkeit und R\u00fcckenstabilit\u00e4t.","robots":{"index":"index","follow":"follow","max-snippet":"max-snippet:-1","max-image-preview":"max-image-preview:large","max-video-preview":"max-video-preview:-1"},"canonical":"https:\/\/www.company-move.de\/en\/product\/rueckencheck-medi-mouse\/","og_locale":"en_US","og_type":"article","og_title":"R\u00fcckencheck mit der Medi Mouse\u00ae \u2013 Pr\u00e4zise Wirbels\u00e4ulenanalyse","og_description":"\u00dcberpr\u00fcfen Sie Ihre R\u00fcckengesundheit mit der Medi Mouse\u00ae. Erfahren Sie mehr \u00fcber Ihre K\u00f6rperhaltung, Beweglichkeit und R\u00fcckenstabilit\u00e4t.","og_url":"https:\/\/www.company-move.de\/en\/product\/rueckencheck-medi-mouse\/","og_site_name":"Company move GmbH","article_modified_time":"2026-02-25T13:07:44+00:00","og_image":[{"width":768,"height":576,"url":"https:\/\/www.company-move.de\/wp-content\/uploads\/2024\/09\/Rueckencheck-Medi-Mouse.jpg","type":"image\/jpeg"}],"twitter_card":"summary_large_image","twitter_misc":{"Est. reading time":"1 minute"},"schema":{"@context":"https:\/\/schema.org","@graph":[{"@type":["WebPage","ItemPage"],"@id":"https:\/\/www.company-move.de\/produkt\/rueckencheck-medi-mouse\/","url":"https:\/\/www.company-move.de\/produkt\/rueckencheck-medi-mouse\/","name":"R\u00fcckencheck mit der Medi Mouse\u00ae \u2013 Pr\u00e4zise Wirbels\u00e4ulenanalyse","isPartOf":{"@id":"https:\/\/www.company-move.de\/#website"},"primaryImageOfPage":{"@id":"https:\/\/www.company-move.de\/produkt\/rueckencheck-medi-mouse\/#primaryimage"},"image":{"@id":"https:\/\/www.company-move.de\/produkt\/rueckencheck-medi-mouse\/#primaryimage"},"thumbnailUrl":"https:\/\/www.company-move.de\/wp-content\/uploads\/2024\/09\/Rueckencheck-Medi-Mouse.jpg","datePublished":"2024-09-10T07:29:47+00:00","dateModified":"2026-02-25T13:07:44+00:00","description":"\u00dcberpr\u00fcfen Sie Ihre R\u00fcckengesundheit mit der Medi Mouse\u00ae. Erfahren Sie mehr \u00fcber Ihre K\u00f6rperhaltung, Beweglichkeit und R\u00fcckenstabilit\u00e4t.","breadcrumb":{"@id":"https:\/\/www.company-move.de\/produkt\/rueckencheck-medi-mouse\/#breadcrumb"},"inLanguage":"en-US","potentialAction":[{"@type":"ReadAction","target":["https:\/\/www.company-move.de\/produkt\/rueckencheck-medi-mouse\/"]}]},{"@type":"ImageObject","inLanguage":"en-US","@id":"https:\/\/www.company-move.de\/produkt\/rueckencheck-medi-mouse\/#primaryimage","url":"https:\/\/www.company-move.de\/wp-content\/uploads\/2024\/09\/Rueckencheck-Medi-Mouse.jpg","contentUrl":"https:\/\/www.company-move.de\/wp-content\/uploads\/2024\/09\/Rueckencheck-Medi-Mouse.jpg","width":768,"height":576,"caption":"Medi Mouse\u00ae \u2013 Ger\u00e4t zur pr\u00e4zisen Analyse der R\u00fcckengesundheit und Beweglichkeit"},{"@type":"BreadcrumbList","@id":"https:\/\/www.company-move.de\/produkt\/rueckencheck-medi-mouse\/#breadcrumb","itemListElement":[{"@type":"ListItem","position":1,"name":"Shop","item":"https:\/\/www.company-move.de\/shop\/"},{"@type":"ListItem","position":2,"name":"Medi Mouse\u00ae"}]},{"@type":"WebSite","@id":"https:\/\/www.company-move.de\/#website","url":"https:\/\/www.company-move.de\/","name":"Company move GmbH","description":"Your expert for occupational health management","publisher":{"@id":"https:\/\/www.company-move.de\/#organization"},"potentialAction":[{"@type":"SearchAction","target":{"@type":"EntryPoint","urlTemplate":"https:\/\/www.company-move.de\/?s={search_term_string}"},"query-input":{"@type":"PropertyValueSpecification","valueRequired":true,"valueName":"search_term_string"}}],"inLanguage":"en-US"},{"@type":"Organization","@id":"https:\/\/www.company-move.de\/#organization","name":"Company move GmbH","url":"https:\/\/www.company-move.de\/","logo":{"@type":"ImageObject","inLanguage":"en-US","@id":"https:\/\/www.company-move.de\/#\/schema\/logo\/image\/","url":"https:\/\/www.company-move.de\/wp-content\/uploads\/2024\/05\/cropped-CM-Logo.png","contentUrl":"https:\/\/www.company-move.de\/wp-content\/uploads\/2024\/05\/cropped-CM-Logo.png","width":1599,"height":795,"caption":"Company move GmbH"},"image":{"@id":"https:\/\/www.company-move.de\/#\/schema\/logo\/image\/"}}]}},"_links":{"self":[{"href":"https:\/\/www.company-move.de\/en\/wp-json\/wp\/v2\/product\/2392","targetHints":{"allow":["GET"]}}],"collection":[{"href":"https:\/\/www.company-move.de\/en\/wp-json\/wp\/v2\/product"}],"about":[{"href":"https:\/\/www.company-move.de\/en\/wp-json\/wp\/v2\/types\/product"}],"wp:featuredmedia":[{"embeddable":true,"href":"https:\/\/www.company-move.de\/en\/wp-json\/wp\/v2\/media\/2393"}],"wp:attachment":[{"href":"https:\/\/www.company-move.de\/en\/wp-json\/wp\/v2\/media?parent=2392"}],"wp:term":[{"taxonomy":"product_brand","embeddable":true,"href":"https:\/\/www.company-move.de\/en\/wp-json\/wp\/v2\/product_brand?post=2392"},{"taxonomy":"product_cat","embeddable":true,"href":"https:\/\/www.company-move.de\/en\/wp-json\/wp\/v2\/product_cat?post=2392"},{"taxonomy":"product_tag","embeddable":true,"href":"https:\/\/www.company-move.de\/en\/wp-json\/wp\/v2\/product_tag?post=2392"}],"curies":[{"name":"wp","href":"https:\/\/api.w.org\/{rel}","templated":true}]}}