{"id":2390,"date":"2024-09-10T09:15:26","date_gmt":"2024-09-10T07:15:26","guid":{"rendered":"https:\/\/www.company-move.de\/?post_type=product&#038;p=2390"},"modified":"2025-12-17T12:07:43","modified_gmt":"2025-12-17T11:07:43","slug":"vitalscreening","status":"publish","type":"product","link":"https:\/\/www.company-move.de\/en\/product\/vitalscreening\/","title":{"rendered":"Vital screening"},"content":{"rendered":"<p>The <strong>Vital screening<\/strong> is a comprehensive health examination that can be completed in just <strong>15 minutes<\/strong> four central <strong>Vital parameters<\/strong> measures. This includes your heart rate, blood pressure, oxygen saturation and lung function. The screening offers you a <strong>Snapshot of your current state of health<\/strong> and helps to identify potential risks at an early stage.<\/p>\n<p>The measurements are carried out simply and without changing clothes. Based on the results, you will receive a <strong>Personal evaluation<\/strong> by qualified specialist staff who will <strong>Targeted recommendations<\/strong> for your health.<\/p>\n<p>For more ideas for health days, please click through our other offers for occupational health management. Establish health promotion in your company with us as your BGM service provider!<\/p>","protected":false},"excerpt":{"rendered":"<p>Product short description = Excerpt<\/p>","protected":false},"featured_media":2391,"template":"","meta":{"site-sidebar-layout":"default","site-content-layout":"","ast-site-content-layout":"default","site-content-style":"default","site-sidebar-style":"default","ast-global-header-display":"","ast-banner-title-visibility":"","ast-main-header-display":"","ast-hfb-above-header-display":"","ast-hfb-below-header-display":"","ast-hfb-mobile-header-display":"","site-post-title":"","ast-breadcrumbs-content":"","ast-featured-img":"","footer-sml-layout":"","ast-disable-related-posts":"","theme-transparent-header-meta":"default","adv-header-id-meta":"","stick-header-meta":"default","header-above-stick-meta":"","header-main-stick-meta":"","header-below-stick-meta":"","astra-migrate-meta-layouts":"set","ast-page-background-enabled":"default","ast-page-background-meta":{"desktop":{"background-color":"var(--ast-global-color-4)","background-image":"","background-repeat":"repeat","background-position":"center center","background-size":"auto","background-attachment":"scroll","background-type":"","background-media":"","overlay-type":"","overlay-color":"","overlay-opacity":"","overlay-gradient":""},"tablet":{"background-color":"","background-image":"","background-repeat":"repeat","background-position":"center center","background-size":"auto","background-attachment":"scroll","background-type":"","background-media":"","overlay-type":"","overlay-color":"","overlay-opacity":"","overlay-gradient":""},"mobile":{"background-color":"","background-image":"","background-repeat":"repeat","background-position":"center center","background-size":"auto","background-attachment":"scroll","background-type":"","background-media":"","overlay-type":"","overlay-color":"","overlay-opacity":"","overlay-gradient":""}},"ast-content-background-meta":{"desktop":{"background-color":"var(--ast-global-color-5)","background-image":"","background-repeat":"repeat","background-position":"center center","background-size":"auto","background-attachment":"scroll","background-type":"","background-media":"","overlay-type":"","overlay-color":"","overlay-opacity":"","overlay-gradient":""},"tablet":{"background-color":"var(--ast-global-color-5)","background-image":"","background-repeat":"repeat","background-position":"center center","background-size":"auto","background-attachment":"scroll","background-type":"","background-media":"","overlay-type":"","overlay-color":"","overlay-opacity":"","overlay-gradient":""},"mobile":{"background-color":"var(--ast-global-color-5)","background-image":"","background-repeat":"repeat","background-position":"center center","background-size":"auto","background-attachment":"scroll","background-type":"","background-media":"","overlay-type":"","overlay-color":"","overlay-opacity":"","overlay-gradient":""}}},"product_brand":[],"product_cat":[44,15],"product_tag":[278,219,83,77,326,318,218],"class_list":{"0":"post-2390","1":"product","2":"type-product","3":"status-publish","4":"has-post-thumbnail","6":"product_cat-gesundheits-check","7":"product_cat-praeventionsmassnahmen","8":"product_tag-gesundheitsfoerderung","9":"product_tag-gesundheitsvorsorge","10":"product_tag-mobil","11":"product_tag-top","12":"product_tag-vital-screening","13":"product_tag-vitaldatenanalyse","14":"product_tag-vorsorgeuntersuchung","15":"pa_dauer-ca-15-min","16":"pa_durchfuehrungsform-praesenz","17":"pa_format-screenings","18":"pa_zielgruppe-berufseinsteigende","19":"pa_zielgruppe-beschaeftigte","20":"desktop-align-left","21":"tablet-align-left","22":"mobile-align-left","23":"ast-product-gallery-layout-horizontal-slider","24":"ast-product-gallery-with-no-image","25":"ast-product-tabs-layout-horizontal","27":"first","28":"instock","29":"virtual","30":"sold-individually","31":"purchasable","32":"product-type-simple"},"yoast_head":"<!-- This site is optimized with the Yoast SEO plugin v27.5 - https:\/\/yoast.com\/product\/yoast-seo-wordpress\/ -->\n<title>Vitalscreening \u2013 Gesundheitscheck mit Lungenfunktionstest<\/title>\n<meta name=\"description\" content=\"Lassen Sie Ihre Gesundheit in nur 15 Minuten \u00fcberpr\u00fcfen: Das Vitalscreening erfasst Herzfrequenz, Blutdruck, Sauerstoffs\u00e4ttigung und Lungenfunktion.\" \/>\n<meta name=\"robots\" content=\"index, follow, max-snippet:-1, max-image-preview:large, max-video-preview:-1\" \/>\n<link rel=\"canonical\" href=\"https:\/\/www.company-move.de\/en\/product\/vitalscreening\/\" \/>\n<meta property=\"og:locale\" content=\"en_US\" \/>\n<meta property=\"og:type\" content=\"article\" \/>\n<meta property=\"og:title\" content=\"Vitalscreening \u2013 Gesundheitscheck mit Lungenfunktionstest\" \/>\n<meta property=\"og:description\" content=\"Lassen Sie Ihre Gesundheit in nur 15 Minuten \u00fcberpr\u00fcfen: Das Vitalscreening erfasst Herzfrequenz, Blutdruck, Sauerstoffs\u00e4ttigung und Lungenfunktion.\" \/>\n<meta property=\"og:url\" content=\"https:\/\/www.company-move.de\/en\/product\/vitalscreening\/\" \/>\n<meta property=\"og:site_name\" content=\"Company move GmbH\" \/>\n<meta property=\"article:modified_time\" content=\"2025-12-17T11:07:43+00:00\" \/>\n<meta property=\"og:image\" content=\"https:\/\/www.company-move.de\/wp-content\/uploads\/2024\/09\/Vitalscreening-mit-Lungenfunktionstest.jpg\" \/>\n\t<meta property=\"og:image:width\" content=\"768\" \/>\n\t<meta property=\"og:image:height\" content=\"576\" \/>\n\t<meta property=\"og:image:type\" content=\"image\/jpeg\" \/>\n<meta name=\"twitter:card\" content=\"summary_large_image\" \/>\n<meta name=\"twitter:label1\" content=\"Est. reading time\" \/>\n\t<meta name=\"twitter:data1\" content=\"1 minute\" \/>\n<!-- \/ Yoast SEO plugin. -->","yoast_head_json":{"title":"Vitalscreening \u2013 Gesundheitscheck mit Lungenfunktionstest","description":"Lassen Sie Ihre Gesundheit in nur 15 Minuten \u00fcberpr\u00fcfen: Das Vitalscreening erfasst Herzfrequenz, Blutdruck, Sauerstoffs\u00e4ttigung und Lungenfunktion.","robots":{"index":"index","follow":"follow","max-snippet":"max-snippet:-1","max-image-preview":"max-image-preview:large","max-video-preview":"max-video-preview:-1"},"canonical":"https:\/\/www.company-move.de\/en\/product\/vitalscreening\/","og_locale":"en_US","og_type":"article","og_title":"Vitalscreening \u2013 Gesundheitscheck mit Lungenfunktionstest","og_description":"Lassen Sie Ihre Gesundheit in nur 15 Minuten \u00fcberpr\u00fcfen: Das Vitalscreening erfasst Herzfrequenz, Blutdruck, Sauerstoffs\u00e4ttigung und Lungenfunktion.","og_url":"https:\/\/www.company-move.de\/en\/product\/vitalscreening\/","og_site_name":"Company move GmbH","article_modified_time":"2025-12-17T11:07:43+00:00","og_image":[{"width":768,"height":576,"url":"https:\/\/www.company-move.de\/wp-content\/uploads\/2024\/09\/Vitalscreening-mit-Lungenfunktionstest.jpg","type":"image\/jpeg"}],"twitter_card":"summary_large_image","twitter_misc":{"Est. reading time":"1 minute"},"schema":{"@context":"https:\/\/schema.org","@graph":[{"@type":["WebPage","ItemPage"],"@id":"https:\/\/www.company-move.de\/produkt\/vitalscreening\/","url":"https:\/\/www.company-move.de\/produkt\/vitalscreening\/","name":"Vitalscreening \u2013 Gesundheitscheck mit Lungenfunktionstest","isPartOf":{"@id":"https:\/\/www.company-move.de\/#website"},"primaryImageOfPage":{"@id":"https:\/\/www.company-move.de\/produkt\/vitalscreening\/#primaryimage"},"image":{"@id":"https:\/\/www.company-move.de\/produkt\/vitalscreening\/#primaryimage"},"thumbnailUrl":"https:\/\/www.company-move.de\/wp-content\/uploads\/2024\/09\/Vitalscreening-mit-Lungenfunktionstest.jpg","datePublished":"2024-09-10T07:15:26+00:00","dateModified":"2025-12-17T11:07:43+00:00","description":"Lassen Sie Ihre Gesundheit in nur 15 Minuten \u00fcberpr\u00fcfen: Das Vitalscreening erfasst Herzfrequenz, Blutdruck, Sauerstoffs\u00e4ttigung und Lungenfunktion.","breadcrumb":{"@id":"https:\/\/www.company-move.de\/produkt\/vitalscreening\/#breadcrumb"},"inLanguage":"en-US","potentialAction":[{"@type":"ReadAction","target":["https:\/\/www.company-move.de\/produkt\/vitalscreening\/"]}]},{"@type":"ImageObject","inLanguage":"en-US","@id":"https:\/\/www.company-move.de\/produkt\/vitalscreening\/#primaryimage","url":"https:\/\/www.company-move.de\/wp-content\/uploads\/2024\/09\/Vitalscreening-mit-Lungenfunktionstest.jpg","contentUrl":"https:\/\/www.company-move.de\/wp-content\/uploads\/2024\/09\/Vitalscreening-mit-Lungenfunktionstest.jpg","width":768,"height":576,"caption":"Vitalscreening-Ger\u00e4t zur Messung von Herzfrequenz, Blutdruck, Sauerstoffs\u00e4ttigung und Lungenfunktion"},{"@type":"BreadcrumbList","@id":"https:\/\/www.company-move.de\/produkt\/vitalscreening\/#breadcrumb","itemListElement":[{"@type":"ListItem","position":1,"name":"Shop","item":"https:\/\/www.company-move.de\/shop\/"},{"@type":"ListItem","position":2,"name":"Vitalscreening"}]},{"@type":"WebSite","@id":"https:\/\/www.company-move.de\/#website","url":"https:\/\/www.company-move.de\/","name":"Company move GmbH","description":"Your expert for occupational health management","publisher":{"@id":"https:\/\/www.company-move.de\/#organization"},"potentialAction":[{"@type":"SearchAction","target":{"@type":"EntryPoint","urlTemplate":"https:\/\/www.company-move.de\/?s={search_term_string}"},"query-input":{"@type":"PropertyValueSpecification","valueRequired":true,"valueName":"search_term_string"}}],"inLanguage":"en-US"},{"@type":"Organization","@id":"https:\/\/www.company-move.de\/#organization","name":"Company move GmbH","url":"https:\/\/www.company-move.de\/","logo":{"@type":"ImageObject","inLanguage":"en-US","@id":"https:\/\/www.company-move.de\/#\/schema\/logo\/image\/","url":"https:\/\/www.company-move.de\/wp-content\/uploads\/2024\/05\/cropped-CM-Logo.png","contentUrl":"https:\/\/www.company-move.de\/wp-content\/uploads\/2024\/05\/cropped-CM-Logo.png","width":1599,"height":795,"caption":"Company move GmbH"},"image":{"@id":"https:\/\/www.company-move.de\/#\/schema\/logo\/image\/"}}]}},"_links":{"self":[{"href":"https:\/\/www.company-move.de\/en\/wp-json\/wp\/v2\/product\/2390","targetHints":{"allow":["GET"]}}],"collection":[{"href":"https:\/\/www.company-move.de\/en\/wp-json\/wp\/v2\/product"}],"about":[{"href":"https:\/\/www.company-move.de\/en\/wp-json\/wp\/v2\/types\/product"}],"wp:featuredmedia":[{"embeddable":true,"href":"https:\/\/www.company-move.de\/en\/wp-json\/wp\/v2\/media\/2391"}],"wp:attachment":[{"href":"https:\/\/www.company-move.de\/en\/wp-json\/wp\/v2\/media?parent=2390"}],"wp:term":[{"taxonomy":"product_brand","embeddable":true,"href":"https:\/\/www.company-move.de\/en\/wp-json\/wp\/v2\/product_brand?post=2390"},{"taxonomy":"product_cat","embeddable":true,"href":"https:\/\/www.company-move.de\/en\/wp-json\/wp\/v2\/product_cat?post=2390"},{"taxonomy":"product_tag","embeddable":true,"href":"https:\/\/www.company-move.de\/en\/wp-json\/wp\/v2\/product_tag?post=2390"}],"curies":[{"name":"wp","href":"https:\/\/api.w.org\/{rel}","templated":true}]}}