{"id":2192,"date":"2024-09-08T08:27:36","date_gmt":"2024-09-08T06:27:36","guid":{"rendered":"https:\/\/www.company-move.de\/?post_type=product&#038;p=2192"},"modified":"2026-04-30T11:08:12","modified_gmt":"2026-04-30T09:08:12","slug":"bodyscan-koerperanalyse","status":"publish","type":"product","link":"https:\/\/www.company-move.de\/en\/product\/bodyscan-koerperanalyse\/","title":{"rendered":"Bodyscan\u00ae"},"content":{"rendered":"<p>The <b data-path-to-node=\"3\" data-index-in-node=\"4\">Bodyscan\u00ae<\/b> ist im modernen <b data-path-to-node=\"3\" data-index-in-node=\"30\">BGM<\/b> ein entscheidendes Werkzeug, um die metabolische Gesundheit Ihrer Belegschaft pr\u00e4zise zu messen. Diese Analyse ist dringender denn je: Laut dem <b data-path-to-node=\"3\" data-index-in-node=\"178\">15. DGE-Ern\u00e4hrungsbericht (2024)<\/b> sind bereits <b data-path-to-node=\"3\" data-index-in-node=\"224\">58 % der M\u00e4nner und 41 % der Frauen<\/b> in Deutschland \u00fcbergewichtig. Damit steigt das Risiko f\u00fcr <a href=\"https:\/\/www.company-move.de\/produkt\/diabetes-checkup\/\">Typ-2-Diabetes<\/a> und Herz-Kreislauf-Erkrankungen massiv an.<\/p>\n<p>Ein <b data-path-to-node=\"3\" data-index-in-node=\"380\">Bodyscan\u00ae<\/b> blickt tiefer als der klassische BMI und analysiert viszerales Fett sowie aktive Muskelmasse im Detail. Unternehmen nutzen diese Daten f\u00fcr gezielte Gesundheitsstrategien, um die Leistungsf\u00e4higkeit zu sichern und den <b data-path-to-node=\"3\" data-index-in-node=\"606\">Krankenstand<\/b> durch aktive <a href=\"https:\/\/www.company-move.de\/bgm\/gesundheitsthemen\/praeventionsmassnahmen\/\"><b data-path-to-node=\"3\" data-index-in-node=\"632\">Prevention<\/b><\/a> effektiv zu senken.<\/p>\n<blockquote>\n<p data-path-to-node=\"6,0\"><span style=\"color: #aaad00;\">\u201eDie Bestimmung der K\u00f6rperzusammensetzung mittels bioelektrischer Impedanzanalyse ist ein unverzichtbarer Bestandteil der modernen Ern\u00e4hrungsmedizin. Sie erm\u00f6glicht es uns, \u00fcber das reine K\u00f6rpergewicht hinaus die Qualit\u00e4t des Gewebes zu beurteilen und insbesondere den Abbau von Muskelmasse oder die Zunahme von gesundheitsgef\u00e4hrdendem Bauchfett fr\u00fchzeitig zu erkennen.\u201c<\/span><\/p>\n<p data-path-to-node=\"6,1\"><span style=\"color: #aaad00;\">\u2014 <b data-path-to-node=\"6,1\" data-index-in-node=\"2\">Prof. Dr. med. Hans Hauner<\/b>, Direktor des Else Kr\u00f6ner-Fresenius-Zentrums f\u00fcr Ern\u00e4hrungsmedizin (EKFZ) an der TU M\u00fcnchen und f\u00fchrender Experte f\u00fcr Adipositasforschung.<\/span><\/p>\n<\/blockquote>\n<p>The <strong>Bodyscan\u00ae<\/strong> offers a comprehensive <strong>Analysis of your body composition<\/strong> in only <strong>30 seconds<\/strong> with the help of bioelectrical impedance analysis (BIA). This quick and informative measurement gives you <strong>Insights into important health parameters<\/strong> wie den Body-Mass-Index (BMI), den Anteil an Muskel- und Fettmasse sowie den Gesamtanteil an K\u00f6rperwasser. Die Analyse liefert zudem einen <strong>Cell fitness value<\/strong>which evaluates the performance of your cells. Based on these precise results, you receive a <strong>Personal evaluation and recommendations<\/strong> by qualified specialist personnel in order to <a href=\"\/gesundheitswelt\/\">Optimize health in a targeted manner<\/a> and improve it in the long term.<\/p>\n<p>F\u00fcr mehr Ideen f\u00fcr<a href=\"https:\/\/www.company-move.de\/gesundheitstage-module\/\"> Health days<\/a>, klicken Sie sich gerne durch unsere anderen Angebote f\u00fcr betriebliches Gesundheitsmanagement. Etablieren Sie Gesundheitsf\u00f6rderung in Ihrem Unternehmen mit uns als Ihr BGM-Dienstleister!<\/p>","protected":false},"excerpt":{"rendered":"<p>Product short description = Excerpt<\/p>\n<p>Quellen<\/p>\n<ul>\n<li>\n<p data-path-to-node=\"13,0,0\"><b data-path-to-node=\"13,0,0\" data-index-in-node=\"0\">15. DGE-Ern\u00e4hrungsbericht<\/b>, Deutsche Gesellschaft f\u00fcr Ern\u00e4hrung e. V. (DGE), 2024. (<b data-path-to-node=\"13,0,0\" data-index-in-node=\"83\">Offizieller Fachbericht<\/b>)<\/p>\n<\/li>\n<li>\n<p data-path-to-node=\"13,1,0\"><b data-path-to-node=\"13,1,0\" data-index-in-node=\"0\">\u201eDiagnostic Value of Bioelectrical Impedance Analysis\u201c<\/b>, Journal of Clinical Medicine, 2024. (<b data-path-to-node=\"13,1,0\" data-index-in-node=\"93\">Peer-Review-Journal<\/b>)<\/p>\n<\/li>\n<li>\n<p data-path-to-node=\"13,2,0\"><b data-path-to-node=\"13,2,0\" data-index-in-node=\"0\">Pr\u00e4ventionsbericht 2024<\/b>, GKV-Spitzenverband, 2024. (<b data-path-to-node=\"13,2,0\" data-index-in-node=\"52\">Offizieller Fachbericht<\/b>)<\/p>\n<\/li>\n<li>\n<p data-path-to-node=\"13,3,0\"><b data-path-to-node=\"13,3,0\" data-index-in-node=\"0\">\u201ePhase Angle as a Biomarker in Occupational Health\u201c<\/b>, Int. Journal of Environmental Research and Public Health, 2025. (<b data-path-to-node=\"13,3,0\" data-index-in-node=\"118\">Peer-Review-Journal<\/b>)<\/p>\n<\/li>\n<li>\n<p data-path-to-node=\"13,4,0\"><b data-path-to-node=\"13,4,0\" data-index-in-node=\"0\">Leitlinie Adipositas<\/b>, Deutsche Adipositas-Gesellschaft (DAG) e.V., 2024. (<b data-path-to-node=\"13,4,0\" data-index-in-node=\"74\">Fachgesellschafts-Bericht<\/b>)<\/p>\n<\/li>\n<\/ul>","protected":false},"featured_media":10139,"template":"","meta":{"site-sidebar-layout":"default","site-content-layout":"","ast-site-content-layout":"default","site-content-style":"default","site-sidebar-style":"default","ast-global-header-display":"","ast-banner-title-visibility":"","ast-main-header-display":"","ast-hfb-above-header-display":"","ast-hfb-below-header-display":"","ast-hfb-mobile-header-display":"","site-post-title":"","ast-breadcrumbs-content":"","ast-featured-img":"","footer-sml-layout":"","ast-disable-related-posts":"","theme-transparent-header-meta":"default","adv-header-id-meta":"","stick-header-meta":"default","header-above-stick-meta":"","header-main-stick-meta":"","header-below-stick-meta":"","astra-migrate-meta-layouts":"set","ast-page-background-enabled":"default","ast-page-background-meta":{"desktop":{"background-color":"var(--ast-global-color-4)","background-image":"","background-repeat":"repeat","background-position":"center center","background-size":"auto","background-attachment":"scroll","background-type":"","background-media":"","overlay-type":"","overlay-color":"","overlay-opacity":"","overlay-gradient":""},"tablet":{"background-color":"","background-image":"","background-repeat":"repeat","background-position":"center center","background-size":"auto","background-attachment":"scroll","background-type":"","background-media":"","overlay-type":"","overlay-color":"","overlay-opacity":"","overlay-gradient":""},"mobile":{"background-color":"","background-image":"","background-repeat":"repeat","background-position":"center center","background-size":"auto","background-attachment":"scroll","background-type":"","background-media":"","overlay-type":"","overlay-color":"","overlay-opacity":"","overlay-gradient":""}},"ast-content-background-meta":{"desktop":{"background-color":"var(--ast-global-color-5)","background-image":"","background-repeat":"repeat","background-position":"center center","background-size":"auto","background-attachment":"scroll","background-type":"","background-media":"","overlay-type":"","overlay-color":"","overlay-opacity":"","overlay-gradient":""},"tablet":{"background-color":"var(--ast-global-color-5)","background-image":"","background-repeat":"repeat","background-position":"center center","background-size":"auto","background-attachment":"scroll","background-type":"","background-media":"","overlay-type":"","overlay-color":"","overlay-opacity":"","overlay-gradient":""},"mobile":{"background-color":"var(--ast-global-color-5)","background-image":"","background-repeat":"repeat","background-position":"center center","background-size":"auto","background-attachment":"scroll","background-type":"","background-media":"","overlay-type":"","overlay-color":"","overlay-opacity":"","overlay-gradient":""}}},"product_brand":[],"product_cat":[44,15],"product_tag":[327,278,219,328,83,77],"class_list":{"0":"post-2192","1":"product","2":"type-product","3":"status-publish","4":"has-post-thumbnail","6":"product_cat-gesundheits-check","7":"product_cat-praeventionsmassnahmen","8":"product_tag-body-scan","9":"product_tag-gesundheitsfoerderung","10":"product_tag-gesundheitsvorsorge","11":"product_tag-koerperanalyse","12":"product_tag-mobil","13":"product_tag-top","14":"pa_dauer-ca-15-min","15":"pa_durchfuehrungsform-praesenz","16":"pa_format-screenings","17":"pa_zielgruppe-berufseinsteigende","18":"pa_zielgruppe-beschaeftigte","19":"desktop-align-left","20":"tablet-align-left","21":"mobile-align-left","22":"ast-product-gallery-layout-horizontal-slider","23":"ast-product-gallery-with-no-image","24":"ast-product-tabs-layout-horizontal","26":"first","27":"instock","28":"virtual","29":"sold-individually","30":"purchasable","31":"product-type-simple"},"yoast_head":"<!-- This site is optimized with the Yoast SEO plugin v27.5 - https:\/\/yoast.com\/product\/yoast-seo-wordpress\/ -->\n<title>Bodyscan\u00ae \u2013 Analyse der K\u00f6rperzusammensetzung Company move GmbH<\/title>\n<meta name=\"description\" content=\"Pr\u00e4zise Analyse Ihrer K\u00f6rperzusammensetzung mit Bodyscan\u00ae. Sie erhalten Einblicke in Gesundheitsparameter wie Muskelmasse, Fettanteil und Zellfitness.\" \/>\n<meta name=\"robots\" content=\"index, follow, max-snippet:-1, max-image-preview:large, max-video-preview:-1\" \/>\n<link rel=\"canonical\" href=\"https:\/\/www.company-move.de\/en\/product\/bodyscan-koerperanalyse\/\" \/>\n<meta property=\"og:locale\" content=\"en_US\" \/>\n<meta property=\"og:type\" content=\"article\" \/>\n<meta property=\"og:title\" content=\"Bodyscan\u00ae \u2013 Analyse der K\u00f6rperzusammensetzung Company move GmbH\" \/>\n<meta property=\"og:description\" content=\"Pr\u00e4zise Analyse Ihrer K\u00f6rperzusammensetzung mit Bodyscan\u00ae. Sie erhalten Einblicke in Gesundheitsparameter wie Muskelmasse, Fettanteil und Zellfitness.\" \/>\n<meta property=\"og:url\" content=\"https:\/\/www.company-move.de\/en\/product\/bodyscan-koerperanalyse\/\" \/>\n<meta property=\"og:site_name\" content=\"Company move GmbH\" \/>\n<meta property=\"article:modified_time\" content=\"2026-04-30T09:08:12+00:00\" \/>\n<meta property=\"og:image\" content=\"https:\/\/www.company-move.de\/wp-content\/uploads\/2024\/09\/Bodyscan-scaled-e1730977802718.jpg\" \/>\n\t<meta property=\"og:image:width\" content=\"2397\" \/>\n\t<meta property=\"og:image:height\" content=\"1595\" \/>\n\t<meta property=\"og:image:type\" content=\"image\/jpeg\" \/>\n<meta name=\"twitter:card\" content=\"summary_large_image\" \/>\n<meta name=\"twitter:label1\" content=\"Est. reading time\" \/>\n\t<meta name=\"twitter:data1\" content=\"2 minutes\" \/>\n<!-- \/ Yoast SEO plugin. -->","yoast_head_json":{"title":"Bodyscan\u00ae \u2013 Analyse der K\u00f6rperzusammensetzung Company move GmbH","description":"Pr\u00e4zise Analyse Ihrer K\u00f6rperzusammensetzung mit Bodyscan\u00ae. Sie erhalten Einblicke in Gesundheitsparameter wie Muskelmasse, Fettanteil und Zellfitness.","robots":{"index":"index","follow":"follow","max-snippet":"max-snippet:-1","max-image-preview":"max-image-preview:large","max-video-preview":"max-video-preview:-1"},"canonical":"https:\/\/www.company-move.de\/en\/product\/bodyscan-koerperanalyse\/","og_locale":"en_US","og_type":"article","og_title":"Bodyscan\u00ae \u2013 Analyse der K\u00f6rperzusammensetzung Company move GmbH","og_description":"Pr\u00e4zise Analyse Ihrer K\u00f6rperzusammensetzung mit Bodyscan\u00ae. Sie erhalten Einblicke in Gesundheitsparameter wie Muskelmasse, Fettanteil und Zellfitness.","og_url":"https:\/\/www.company-move.de\/en\/product\/bodyscan-koerperanalyse\/","og_site_name":"Company move GmbH","article_modified_time":"2026-04-30T09:08:12+00:00","og_image":[{"width":2397,"height":1595,"url":"https:\/\/www.company-move.de\/wp-content\/uploads\/2024\/09\/Bodyscan-scaled-e1730977802718.jpg","type":"image\/jpeg"}],"twitter_card":"summary_large_image","twitter_misc":{"Est. reading time":"2 minutes"},"schema":{"@context":"https:\/\/schema.org","@graph":[{"@type":["WebPage","ItemPage"],"@id":"https:\/\/www.company-move.de\/produkt\/bodyscan-koerperanalyse\/","url":"https:\/\/www.company-move.de\/produkt\/bodyscan-koerperanalyse\/","name":"Bodyscan\u00ae \u2013 Analyse der K\u00f6rperzusammensetzung Company move GmbH","isPartOf":{"@id":"https:\/\/www.company-move.de\/#website"},"primaryImageOfPage":{"@id":"https:\/\/www.company-move.de\/produkt\/bodyscan-koerperanalyse\/#primaryimage"},"image":{"@id":"https:\/\/www.company-move.de\/produkt\/bodyscan-koerperanalyse\/#primaryimage"},"thumbnailUrl":"https:\/\/www.company-move.de\/wp-content\/uploads\/2024\/09\/Bodyscan-scaled-e1730977802718.jpg","datePublished":"2024-09-08T06:27:36+00:00","dateModified":"2026-04-30T09:08:12+00:00","description":"Pr\u00e4zise Analyse Ihrer K\u00f6rperzusammensetzung mit Bodyscan\u00ae. Sie erhalten Einblicke in Gesundheitsparameter wie Muskelmasse, Fettanteil und Zellfitness.","breadcrumb":{"@id":"https:\/\/www.company-move.de\/produkt\/bodyscan-koerperanalyse\/#breadcrumb"},"inLanguage":"en-US","potentialAction":[{"@type":"ReadAction","target":["https:\/\/www.company-move.de\/produkt\/bodyscan-koerperanalyse\/"]}]},{"@type":"ImageObject","inLanguage":"en-US","@id":"https:\/\/www.company-move.de\/produkt\/bodyscan-koerperanalyse\/#primaryimage","url":"https:\/\/www.company-move.de\/wp-content\/uploads\/2024\/09\/Bodyscan-scaled-e1730977802718.jpg","contentUrl":"https:\/\/www.company-move.de\/wp-content\/uploads\/2024\/09\/Bodyscan-scaled-e1730977802718.jpg","width":2397,"height":1595,"caption":"Bodyscan-Ger\u00e4t zur Analyse der K\u00f6rperzusammensetzung"},{"@type":"BreadcrumbList","@id":"https:\/\/www.company-move.de\/produkt\/bodyscan-koerperanalyse\/#breadcrumb","itemListElement":[{"@type":"ListItem","position":1,"name":"Shop","item":"https:\/\/www.company-move.de\/shop\/"},{"@type":"ListItem","position":2,"name":"Bodyscan\u00ae"}]},{"@type":"WebSite","@id":"https:\/\/www.company-move.de\/#website","url":"https:\/\/www.company-move.de\/","name":"Company move GmbH","description":"Your expert for occupational health management","publisher":{"@id":"https:\/\/www.company-move.de\/#organization"},"potentialAction":[{"@type":"SearchAction","target":{"@type":"EntryPoint","urlTemplate":"https:\/\/www.company-move.de\/?s={search_term_string}"},"query-input":{"@type":"PropertyValueSpecification","valueRequired":true,"valueName":"search_term_string"}}],"inLanguage":"en-US"},{"@type":"Organization","@id":"https:\/\/www.company-move.de\/#organization","name":"Company move GmbH","url":"https:\/\/www.company-move.de\/","logo":{"@type":"ImageObject","inLanguage":"en-US","@id":"https:\/\/www.company-move.de\/#\/schema\/logo\/image\/","url":"https:\/\/www.company-move.de\/wp-content\/uploads\/2024\/05\/cropped-CM-Logo.png","contentUrl":"https:\/\/www.company-move.de\/wp-content\/uploads\/2024\/05\/cropped-CM-Logo.png","width":1599,"height":795,"caption":"Company move GmbH"},"image":{"@id":"https:\/\/www.company-move.de\/#\/schema\/logo\/image\/"}}]}},"_links":{"self":[{"href":"https:\/\/www.company-move.de\/en\/wp-json\/wp\/v2\/product\/2192","targetHints":{"allow":["GET"]}}],"collection":[{"href":"https:\/\/www.company-move.de\/en\/wp-json\/wp\/v2\/product"}],"about":[{"href":"https:\/\/www.company-move.de\/en\/wp-json\/wp\/v2\/types\/product"}],"wp:featuredmedia":[{"embeddable":true,"href":"https:\/\/www.company-move.de\/en\/wp-json\/wp\/v2\/media\/10139"}],"wp:attachment":[{"href":"https:\/\/www.company-move.de\/en\/wp-json\/wp\/v2\/media?parent=2192"}],"wp:term":[{"taxonomy":"product_brand","embeddable":true,"href":"https:\/\/www.company-move.de\/en\/wp-json\/wp\/v2\/product_brand?post=2192"},{"taxonomy":"product_cat","embeddable":true,"href":"https:\/\/www.company-move.de\/en\/wp-json\/wp\/v2\/product_cat?post=2192"},{"taxonomy":"product_tag","embeddable":true,"href":"https:\/\/www.company-move.de\/en\/wp-json\/wp\/v2\/product_tag?post=2192"}],"curies":[{"name":"wp","href":"https:\/\/api.w.org\/{rel}","templated":true}]}}