{"id":1483,"date":"2024-09-03T10:13:37","date_gmt":"2024-09-03T08:13:37","guid":{"rendered":"https:\/\/www.company-move.de\/?post_type=product&#038;p=1483"},"modified":"2026-04-30T11:11:20","modified_gmt":"2026-04-30T09:11:20","slug":"cardioscan-herz-stressanalyse","status":"publish","type":"product","link":"https:\/\/www.company-move.de\/en\/product\/cardioscan-herz-stressanalyse\/","title":{"rendered":"Cardioscan\u00ae"},"content":{"rendered":"<p><span class=\"\">Die Integration des <\/span><b class=\"\" data-path-to-node=\"3\" data-index-in-node=\"20\">Cardioscan\u00ae<\/b><span class=\"\"> in ein modernes <\/span><b class=\"\" data-path-to-node=\"3\" data-index-in-node=\"48\">BGM<\/b><span class=\"\"> ist eine strategische Antwort auf die hohe Belastung durch Herz-Kreislauf-Erkrankungen in der deutschen Wirtschaft.<\/span><span class=\"\"> Laut dem <\/span><b class=\"\" data-path-to-node=\"3\" data-index-in-node=\"177\">Herzbericht 2024 der Deutschen Herzstiftung<\/b><span class=\"\"> sind kardiologische Erkrankungen weiterhin f\u00fcr rund ein Drittel aller Todesf\u00e4lle verantwortlich,<\/span><span class=\"\"> wobei viele Risikofaktoren im Arbeitsalltag lange unentdeckt bleiben.<\/span><\/p>\n<p><span class=\"\">Durch den Einsatz des <\/span><b class=\"\" data-path-to-node=\"3\" data-index-in-node=\"410\">Cardioscan\u00ae<\/b><span class=\"\"> identifizieren Unternehmen fr\u00fchzeitig Anzeichen von Stress und Herzrhythmusst\u00f6rungen,<\/span><span class=\"\"> bevor diese zu Langzeit-Ausf\u00e4llen f\u00fchren.<\/span><span class=\"\"> Diese evidenzbasierte <\/span><a href=\"https:\/\/www.company-move.de\/bgm\/gesundheitsthemen\/praeventionsmassnahmen\/\"><b class=\"\" data-path-to-node=\"3\" data-index-in-node=\"572\">Prevention<\/b><\/a><span class=\"\"> erm\u00f6glicht eine punktgenaue Risikobewertung direkt am Arbeitsplatz und tr\u00e4gt ma\u00dfgeblich dazu bei,<\/span><span class=\"\"> den krankheitsbedingten <\/span><b class=\"\" data-path-to-node=\"3\" data-index-in-node=\"705\">Krankenstand<\/b><span class=\"\"> nachhaltig zu senken.<\/span><\/p>\n<blockquote><p><span style=\"color: #aaad00;\">\u201eDie Herzratenvariabilit\u00e4t ist ein Fenster zu unserer inneren Regulation. Wer Stress objektiv messbar macht, kann gezielt gegensteuern, bevor chronische Ersch\u00f6pfung oder kardiovaskul\u00e4re Sch\u00e4den entstehen.\u201c<\/span><br \/>\n<span style=\"color: #aaad00;\">\u2014 <b data-path-to-node=\"5,0\" data-index-in-node=\"208\">Prof. Dr. med. Ingo Frob\u00f6se<\/b>, Universit\u00e4tsprofessor an der Deutschen Sporthochschule K\u00f6ln und Experte f\u00fcr Pr\u00e4vention und Rehabilitation.<\/span><\/p><\/blockquote>\n<p>The <strong>Cardioscan\u00ae<\/strong> offers a precise <strong>Snapshot of your cardiovascular condition<\/strong> in only <strong>2 minutes<\/strong>. With the help of four <strong>Electrodes<\/strong> a quick and uncomplicated <strong>Heart analysis<\/strong> which measures both the resting heart rate and the <a title=\"Stress management in the workplace\" href=\"\/bgm\/thema\/stressbewaeltigung\/\">Current stress load<\/a> erfasst. Diese Analyse erm\u00f6glicht es, <strong>recognize potential risks at an early stage<\/strong> and assess your fitness level. Based on the results, you will receive a <strong>Personal evaluation and recommendations<\/strong> by qualified specialist personnel in order to <a title=\"Sustainably improve health in the workplace\" href=\"\/gesundheitswelt\/\">Improve health sustainably<\/a>.<\/p>\n<p>For more ideas for health days, please click through our other offers for occupational health management. Establish health promotion in your company with us as your BGM service provider!<\/p>","protected":false},"excerpt":{"rendered":"<p>Produkt Kurzbeschreibung = Excerpt<\/p>\n<p>Quellen<\/p>\n<ul>\n<li>\n<p data-path-to-node=\"9,0,0\"><b data-path-to-node=\"9,0,0\" data-index-in-node=\"0\">Deutscher Herzbericht 2024<\/b>, Herausgeber: Deutsche Herzstiftung e.V. (Fokus: Morbidit\u00e4t und Mortalit\u00e4t kardiovaskul\u00e4rer Erkrankungen). <i data-path-to-node=\"9,0,0\" data-index-in-node=\"134\">[Offizieller Fachbericht]<\/i><\/p>\n<\/li>\n<li>\n<p data-path-to-node=\"9,1,0\"><b data-path-to-node=\"9,1,0\" data-index-in-node=\"0\">DAK-Gesundheitsreport 2024<\/b>, Herausgeber: DAK-Gesundheit (Themenschwerpunkt: Psychische Belastungen und deren Auswirkungen auf das Herz-Kreislauf-System). <i data-path-to-node=\"9,1,0\" data-index-in-node=\"154\">[Offizieller Gesundheitsbericht]<\/i><\/p>\n<\/li>\n<li>\n<p data-path-to-node=\"9,2,0\"><b data-path-to-node=\"9,2,0\" data-index-in-node=\"0\">Publikationen zur Herzratenvariabilit\u00e4t (HRV)<\/b>, Prof. Dr. Ingo Frob\u00f6se, verschiedene Fachartikel zur Leistungsdiagnostik und Pr\u00e4vention. <i data-path-to-node=\"9,2,0\" data-index-in-node=\"136\">[Peer-Review-Kontext \/ Experteneinsch\u00e4tzung]<\/i><\/p>\n<\/li>\n<li>\n<p data-path-to-node=\"9,3,0\"><b data-path-to-node=\"9,3,0\" data-index-in-node=\"0\">Fehlzeiten-Report 2024<\/b>, Herausgeber: WIdO (Wissenschaftliches Institut der AOK), Fokus auf arbeitsbedingte Erkrankungen. <i data-path-to-node=\"9,3,0\" data-index-in-node=\"121\">[Offizieller Regierungsbericht \/ Forschungsinstitut]<\/i><\/p>\n<\/li>\n<\/ul>\n","protected":false},"featured_media":9984,"template":"","meta":{"site-sidebar-layout":"default","site-content-layout":"","ast-site-content-layout":"default","site-content-style":"default","site-sidebar-style":"default","ast-global-header-display":"","ast-banner-title-visibility":"","ast-main-header-display":"","ast-hfb-above-header-display":"","ast-hfb-below-header-display":"","ast-hfb-mobile-header-display":"","site-post-title":"","ast-breadcrumbs-content":"","ast-featured-img":"","footer-sml-layout":"","ast-disable-related-posts":"","theme-transparent-header-meta":"default","adv-header-id-meta":"","stick-header-meta":"default","header-above-stick-meta":"","header-main-stick-meta":"","header-below-stick-meta":"","astra-migrate-meta-layouts":"set","ast-page-background-enabled":"default","ast-page-background-meta":{"desktop":{"background-color":"var(--ast-global-color-4)","background-image":"","background-repeat":"repeat","background-position":"center center","background-size":"auto","background-attachment":"scroll","background-type":"","background-media":"","overlay-type":"","overlay-color":"","overlay-opacity":"","overlay-gradient":""},"tablet":{"background-color":"","background-image":"","background-repeat":"repeat","background-position":"center center","background-size":"auto","background-attachment":"scroll","background-type":"","background-media":"","overlay-type":"","overlay-color":"","overlay-opacity":"","overlay-gradient":""},"mobile":{"background-color":"","background-image":"","background-repeat":"repeat","background-position":"center center","background-size":"auto","background-attachment":"scroll","background-type":"","background-media":"","overlay-type":"","overlay-color":"","overlay-opacity":"","overlay-gradient":""}},"ast-content-background-meta":{"desktop":{"background-color":"var(--ast-global-color-5)","background-image":"","background-repeat":"repeat","background-position":"center center","background-size":"auto","background-attachment":"scroll","background-type":"","background-media":"","overlay-type":"","overlay-color":"","overlay-opacity":"","overlay-gradient":""},"tablet":{"background-color":"var(--ast-global-color-5)","background-image":"","background-repeat":"repeat","background-position":"center center","background-size":"auto","background-attachment":"scroll","background-type":"","background-media":"","overlay-type":"","overlay-color":"","overlay-opacity":"","overlay-gradient":""},"mobile":{"background-color":"var(--ast-global-color-5)","background-image":"","background-repeat":"repeat","background-position":"center center","background-size":"auto","background-attachment":"scroll","background-type":"","background-media":"","overlay-type":"","overlay-color":"","overlay-opacity":"","overlay-gradient":""}}},"product_brand":[],"product_cat":[44,51],"product_tag":[190,278,219,291,290,196,83,77,218],"class_list":{"0":"post-1483","1":"product","2":"type-product","3":"status-publish","4":"has-post-thumbnail","6":"product_cat-gesundheits-check","7":"product_cat-stressbewaeltigung","8":"product_tag-cardio-scan","9":"product_tag-gesundheitsfoerderung","10":"product_tag-gesundheitsvorsorge","11":"product_tag-herz-kreislauf","12":"product_tag-herzgesundheit","13":"product_tag-herzstress","14":"product_tag-mobil","15":"product_tag-top","16":"product_tag-vorsorgeuntersuchung","17":"pa_dauer-ca-15-min","18":"pa_durchfuehrungsform-praesenz","19":"pa_format-screenings","20":"pa_zielgruppe-berufseinsteigende","21":"pa_zielgruppe-beschaeftigte","22":"desktop-align-left","23":"tablet-align-left","24":"mobile-align-left","25":"ast-product-gallery-layout-horizontal-slider","26":"ast-product-gallery-with-no-image","27":"ast-product-tabs-layout-horizontal","29":"first","30":"instock","31":"virtual","32":"sold-individually","33":"purchasable","34":"product-type-simple"},"yoast_head":"<!-- This site is optimized with the Yoast SEO plugin v27.5 - https:\/\/yoast.com\/product\/yoast-seo-wordpress\/ -->\n<title>Cardioscan\u00ae \u2013 Herzanalyse &amp; Stressanalyse in nur 2 Minuten - Company move GmbH<\/title>\n<meta name=\"description\" content=\"Erleben Sie eine pr\u00e4zise Herz- und Stressanalyse mit Cardioscan\u00ae. In nur 2 Minuten erhalten Sie eine Momentaufnahme Ihres Herz-Kreislaufzustands.\" \/>\n<meta name=\"robots\" content=\"index, follow, max-snippet:-1, max-image-preview:large, max-video-preview:-1\" \/>\n<link rel=\"canonical\" href=\"https:\/\/www.company-move.de\/en\/product\/cardioscan-herz-stressanalyse\/\" \/>\n<meta property=\"og:locale\" content=\"en_US\" \/>\n<meta property=\"og:type\" content=\"article\" \/>\n<meta property=\"og:title\" content=\"Cardioscan\u00ae \u2013 Herzanalyse &amp; Stressanalyse in nur 2 Minuten - Company move GmbH\" \/>\n<meta property=\"og:description\" content=\"Erleben Sie eine pr\u00e4zise Herz- und Stressanalyse mit Cardioscan\u00ae. In nur 2 Minuten erhalten Sie eine Momentaufnahme Ihres Herz-Kreislaufzustands.\" \/>\n<meta property=\"og:url\" content=\"https:\/\/www.company-move.de\/en\/product\/cardioscan-herz-stressanalyse\/\" \/>\n<meta property=\"og:site_name\" content=\"Company move GmbH\" \/>\n<meta property=\"article:modified_time\" content=\"2026-04-30T09:11:20+00:00\" \/>\n<meta property=\"og:image\" content=\"https:\/\/www.company-move.de\/wp-content\/uploads\/2024\/09\/Cardioscan-scaled.jpg\" \/>\n\t<meta property=\"og:image:width\" content=\"2560\" \/>\n\t<meta property=\"og:image:height\" content=\"1707\" \/>\n\t<meta property=\"og:image:type\" content=\"image\/jpeg\" \/>\n<meta name=\"twitter:card\" content=\"summary_large_image\" \/>\n<meta name=\"twitter:label1\" content=\"Est. reading time\" \/>\n\t<meta name=\"twitter:data1\" content=\"2 minutes\" \/>\n<!-- \/ Yoast SEO plugin. -->","yoast_head_json":{"title":"Cardioscan\u00ae \u2013 Herzanalyse & Stressanalyse in nur 2 Minuten - Company move GmbH","description":"Erleben Sie eine pr\u00e4zise Herz- und Stressanalyse mit Cardioscan\u00ae. In nur 2 Minuten erhalten Sie eine Momentaufnahme Ihres Herz-Kreislaufzustands.","robots":{"index":"index","follow":"follow","max-snippet":"max-snippet:-1","max-image-preview":"max-image-preview:large","max-video-preview":"max-video-preview:-1"},"canonical":"https:\/\/www.company-move.de\/en\/product\/cardioscan-herz-stressanalyse\/","og_locale":"en_US","og_type":"article","og_title":"Cardioscan\u00ae \u2013 Herzanalyse & Stressanalyse in nur 2 Minuten - Company move GmbH","og_description":"Erleben Sie eine pr\u00e4zise Herz- und Stressanalyse mit Cardioscan\u00ae. In nur 2 Minuten erhalten Sie eine Momentaufnahme Ihres Herz-Kreislaufzustands.","og_url":"https:\/\/www.company-move.de\/en\/product\/cardioscan-herz-stressanalyse\/","og_site_name":"Company move GmbH","article_modified_time":"2026-04-30T09:11:20+00:00","og_image":[{"width":2560,"height":1707,"url":"https:\/\/www.company-move.de\/wp-content\/uploads\/2024\/09\/Cardioscan-scaled.jpg","type":"image\/jpeg"}],"twitter_card":"summary_large_image","twitter_misc":{"Est. reading time":"2 minutes"},"schema":{"@context":"https:\/\/schema.org","@graph":[{"@type":["WebPage","ItemPage"],"@id":"https:\/\/www.company-move.de\/produkt\/cardioscan-herz-stressanalyse\/","url":"https:\/\/www.company-move.de\/produkt\/cardioscan-herz-stressanalyse\/","name":"Cardioscan\u00ae \u2013 Herzanalyse & Stressanalyse in nur 2 Minuten - Company move GmbH","isPartOf":{"@id":"https:\/\/www.company-move.de\/#website"},"primaryImageOfPage":{"@id":"https:\/\/www.company-move.de\/produkt\/cardioscan-herz-stressanalyse\/#primaryimage"},"image":{"@id":"https:\/\/www.company-move.de\/produkt\/cardioscan-herz-stressanalyse\/#primaryimage"},"thumbnailUrl":"https:\/\/www.company-move.de\/wp-content\/uploads\/2024\/09\/Cardioscan-scaled.jpg","datePublished":"2024-09-03T08:13:37+00:00","dateModified":"2026-04-30T09:11:20+00:00","description":"Erleben Sie eine pr\u00e4zise Herz- und Stressanalyse mit Cardioscan\u00ae. In nur 2 Minuten erhalten Sie eine Momentaufnahme Ihres Herz-Kreislaufzustands.","breadcrumb":{"@id":"https:\/\/www.company-move.de\/produkt\/cardioscan-herz-stressanalyse\/#breadcrumb"},"inLanguage":"en-US","potentialAction":[{"@type":"ReadAction","target":["https:\/\/www.company-move.de\/produkt\/cardioscan-herz-stressanalyse\/"]}]},{"@type":"ImageObject","inLanguage":"en-US","@id":"https:\/\/www.company-move.de\/produkt\/cardioscan-herz-stressanalyse\/#primaryimage","url":"https:\/\/www.company-move.de\/wp-content\/uploads\/2024\/09\/Cardioscan-scaled.jpg","contentUrl":"https:\/\/www.company-move.de\/wp-content\/uploads\/2024\/09\/Cardioscan-scaled.jpg","width":2560,"height":1707,"caption":"Cardioscan-Ger\u00e4t zur pr\u00e4zisen Analyse des Herz-Kreislaufzustands und Stresslevels"},{"@type":"BreadcrumbList","@id":"https:\/\/www.company-move.de\/produkt\/cardioscan-herz-stressanalyse\/#breadcrumb","itemListElement":[{"@type":"ListItem","position":1,"name":"Shop","item":"https:\/\/www.company-move.de\/shop\/"},{"@type":"ListItem","position":2,"name":"Cardioscan\u00ae"}]},{"@type":"WebSite","@id":"https:\/\/www.company-move.de\/#website","url":"https:\/\/www.company-move.de\/","name":"Company move GmbH","description":"Your expert for occupational health management","publisher":{"@id":"https:\/\/www.company-move.de\/#organization"},"potentialAction":[{"@type":"SearchAction","target":{"@type":"EntryPoint","urlTemplate":"https:\/\/www.company-move.de\/?s={search_term_string}"},"query-input":{"@type":"PropertyValueSpecification","valueRequired":true,"valueName":"search_term_string"}}],"inLanguage":"en-US"},{"@type":"Organization","@id":"https:\/\/www.company-move.de\/#organization","name":"Company move GmbH","url":"https:\/\/www.company-move.de\/","logo":{"@type":"ImageObject","inLanguage":"en-US","@id":"https:\/\/www.company-move.de\/#\/schema\/logo\/image\/","url":"https:\/\/www.company-move.de\/wp-content\/uploads\/2024\/05\/cropped-CM-Logo.png","contentUrl":"https:\/\/www.company-move.de\/wp-content\/uploads\/2024\/05\/cropped-CM-Logo.png","width":1599,"height":795,"caption":"Company move GmbH"},"image":{"@id":"https:\/\/www.company-move.de\/#\/schema\/logo\/image\/"}}]}},"_links":{"self":[{"href":"https:\/\/www.company-move.de\/en\/wp-json\/wp\/v2\/product\/1483","targetHints":{"allow":["GET"]}}],"collection":[{"href":"https:\/\/www.company-move.de\/en\/wp-json\/wp\/v2\/product"}],"about":[{"href":"https:\/\/www.company-move.de\/en\/wp-json\/wp\/v2\/types\/product"}],"wp:featuredmedia":[{"embeddable":true,"href":"https:\/\/www.company-move.de\/en\/wp-json\/wp\/v2\/media\/9984"}],"wp:attachment":[{"href":"https:\/\/www.company-move.de\/en\/wp-json\/wp\/v2\/media?parent=1483"}],"wp:term":[{"taxonomy":"product_brand","embeddable":true,"href":"https:\/\/www.company-move.de\/en\/wp-json\/wp\/v2\/product_brand?post=1483"},{"taxonomy":"product_cat","embeddable":true,"href":"https:\/\/www.company-move.de\/en\/wp-json\/wp\/v2\/product_cat?post=1483"},{"taxonomy":"product_tag","embeddable":true,"href":"https:\/\/www.company-move.de\/en\/wp-json\/wp\/v2\/product_tag?post=1483"}],"curies":[{"name":"wp","href":"https:\/\/api.w.org\/{rel}","templated":true}]}}