{"id":13626,"date":"2026-02-25T13:06:41","date_gmt":"2026-02-25T12:06:41","guid":{"rendered":"https:\/\/www.company-move.de\/?post_type=product&#038;p=13626"},"modified":"2026-04-22T12:00:38","modified_gmt":"2026-04-22T10:00:38","slug":"laser-biathlon","status":"publish","type":"product","link":"https:\/\/www.company-move.de\/en\/product\/laser-biathlon\/","title":{"rendered":"Laser-Biathlon"},"content":{"rendered":"<div class=\"flex-shrink-0 flex flex-col relative items-end\">\n<div class=\"pt-0\">\n<div class=\"gizmo-bot-avatar flex h-8 w-8 items-center justify-center overflow-hidden rounded-full\">\n<p>Chronischer Stress und Bewegungsmangel im B\u00fcroalltag sind zentrale Treiber f\u00fcr einen hohen <b data-path-to-node=\"3\" data-index-in-node=\"91\">Krankenstand<\/b>, wie der aktuelle <i data-path-to-node=\"3\" data-index-in-node=\"122\">Fehlzeiten-Report des WIdO<\/i> eindrucksvoll best\u00e4tigt. Die Integration von aktiven Pausen in den Arbeitsalltag ist daher eine essenzielle <b data-path-to-node=\"3\" data-index-in-node=\"257\">Prevention<\/b>, um die <strong>psychische Resilienz<\/strong> und k\u00f6rperliche Gesundheit der Belegschaft zu st\u00e4rken.<\/p>\n<p>The <b data-path-to-node=\"3\" data-index-in-node=\"356\">Laser-Biathlon<\/b>-Modul setzt genau hier an: Es verbindet gezielte k\u00f6rperliche Belastung mit kognitiver Konzentrationsarbeit, was laut Studien des <i data-path-to-node=\"3\" data-index-in-node=\"500\">Robert Koch-Instituts<\/i> ma\u00dfgeblich zur Senkung stressassoziierter Beschwerden beitragen kann. Als Bestandteil eines modernen <b data-path-to-node=\"3\" data-index-in-node=\"623\">BGM<\/b> schafft dieses Modul nicht nur einen notwendigen Ausgleich zum Sitzen, sondern f\u00f6rdert durch den<a href=\"https:\/\/www.company-move.de\/format\/motivationsmodule-teambuilding\/\"> spielerischen Team-Wettbewerb<\/a> auch die psychosoziale Gesundheit und den sozialen Zusammenhalt im Unternehmen.<\/p>\n<blockquote><p><span style=\"color: #aaad00;\">\u201eDie Kombination aus k\u00f6rperlicher Aktivit\u00e4t und gezielter Fokus-Steuerung unter Belastung ist ein hochwirksames Instrument, um die mentale Leistungsf\u00e4higkeit zu regenerieren. Solche interaktiven Formate f\u00f6rdern nicht nur den Teamgeist, sondern trainieren auch die neuronale Stressregulation der Besch\u00e4ftigten.\u201c<\/span><\/p>\n<p><span style=\"color: #aaad00;\">\u2014 <b data-path-to-node=\"5,0\" data-index-in-node=\"313\">Prof. Dr. med. Christoph M. Bamberger<\/b>, Direktor des Medicum Hamburg und Experte f\u00fcr Pr\u00e4ventivmedizin.<\/span><\/p><\/blockquote>\n<p>The <strong>Laser-Biathlon-Modul<\/strong> verbindet <a href=\"https:\/\/www.company-move.de\/bgm\/gesundheitsthemen\/bewegung\/\">Movement<\/a>, Konzentration, Stabilit\u00e4t und Teamgeist zu einer abwechslungsreichen <a href=\"https:\/\/www.company-move.de\/format\/motivationsmodule-teambuilding\/\">Teambuilding-Aktivit\u00e4t<\/a>, ganz ohne Risiko. Die Teilnehmenden treten einzeln oder in Teams gegeneinander an und absolvieren einen <strong>Biathlon-Wettkampf mit laserbasierten Gewehren<\/strong> an zwei Zielscheiben f\u00fcr Stehend- und Liegendschie\u00dfen. Zwischen den Sch\u00fcssen bringen kurze Bewegungsaufgaben wie z.B. Radfahren, Rudern, Skifahren (auf einem Ergometer) oder kleine Lauf- und Sprung\u00fcbungen den Kreislauf in Schwung.<br \/>\nIm Mittelpunkt stehen Fokus <strong>unter Druck, pr\u00e4zises Arbeiten und die gegenseitige Motivation im Team<\/strong>. Durch klare Absprachen, Anfeuern und gemeinsames Mitfiebern entsteht ein intensives Gruppenerlebnis, das sportliche Herausforderung und Spa\u00df ideal miteinander verbindet.<\/p>\n<p>F\u00fcr mehr Ideen f\u00fcr <a href=\"https:\/\/www.company-move.de\/gesundheitstage-module\/\">Health days<\/a>, klicken Sie sich gerne durch unsere anderen Angebote f\u00fcr betriebliches Gesundheitsmanagement. Etablieren Sie Gesundheitsf\u00f6rderung in Ihrem Unternehmen mit uns als Ihr BGM-Dienstleister!<\/p>\n<\/div>\n<\/div>\n<\/div>","protected":false},"excerpt":{"rendered":"<p>Produkt Kurzbeschreibung = Excerpt<\/p>\n<p>Quellen<\/p>\n<ul>\n<li>\n<p data-path-to-node=\"9,0,0\"><b data-path-to-node=\"9,0,0\" data-index-in-node=\"0\">Fehlzeiten-Report 2024\/2025<\/b>, WIdO (Wissenschaftliches Institut der AOK). Thema: Der Zusammenhang zwischen psychischer Belastung, Bewegungsmangel und Fehlzeiten. <i data-path-to-node=\"9,0,0\" data-index-in-node=\"161\">[Offizieller Forschungsbericht]<\/i><\/p>\n<\/li>\n<li>\n<p data-path-to-node=\"9,1,0\"><b data-path-to-node=\"9,1,0\" data-index-in-node=\"0\">Studie zur Gesundheit Erwachsener in Deutschland (DEGS1)<\/b>, Robert Koch-Institut (RKI). Fokus: Auswirkungen von k\u00f6rperlicher Aktivit\u00e4t auf das Stresserleben und die psychische Gesundheit. <i data-path-to-node=\"9,1,0\" data-index-in-node=\"186\">[Peer-Review \/ Regierungsbericht]<\/i><\/p>\n<\/li>\n<li>\n<p data-path-to-node=\"9,2,0\"><b data-path-to-node=\"9,2,0\" data-index-in-node=\"0\">Experten-Expertise zu Betrieblicher Pr\u00e4vention<\/b>, Prof. Dr. med. Christoph M. Bamberger, Publikationen zur stressresistenten Arbeitswelt. <i data-path-to-node=\"9,2,0\" data-index-in-node=\"136\">[Fachliche Expertise \/ Peer-Review-Kontext]<\/i><\/p>\n<\/li>\n<li>\n<p data-path-to-node=\"9,3,0\"><b data-path-to-node=\"9,3,0\" data-index-in-node=\"0\">WHO-Leitlinien f\u00fcr k\u00f6rperliche Aktivit\u00e4t und sitzendes Verhalten<\/b>, Weltgesundheitsorganisation 2020. <i data-path-to-node=\"9,3,0\" data-index-in-node=\"100\">[Peer-Review \/ Internationaler Standard]<\/i><\/p>\n<\/li>\n<\/ul>\n","protected":false},"featured_media":13628,"template":"","meta":{"site-sidebar-layout":"default","site-content-layout":"","ast-site-content-layout":"default","site-content-style":"default","site-sidebar-style":"default","ast-global-header-display":"","ast-banner-title-visibility":"","ast-main-header-display":"","ast-hfb-above-header-display":"","ast-hfb-below-header-display":"","ast-hfb-mobile-header-display":"","site-post-title":"","ast-breadcrumbs-content":"","ast-featured-img":"","footer-sml-layout":"","ast-disable-related-posts":"","theme-transparent-header-meta":"default","adv-header-id-meta":"","stick-header-meta":"default","header-above-stick-meta":"","header-main-stick-meta":"","header-below-stick-meta":"","astra-migrate-meta-layouts":"set","ast-page-background-enabled":"default","ast-page-background-meta":{"desktop":{"background-color":"var(--ast-global-color-4)","background-image":"","background-repeat":"repeat","background-position":"center center","background-size":"auto","background-attachment":"scroll","background-type":"","background-media":"","overlay-type":"","overlay-color":"","overlay-opacity":"","overlay-gradient":""},"tablet":{"background-color":"","background-image":"","background-repeat":"repeat","background-position":"center center","background-size":"auto","background-attachment":"scroll","background-type":"","background-media":"","overlay-type":"","overlay-color":"","overlay-opacity":"","overlay-gradient":""},"mobile":{"background-color":"","background-image":"","background-repeat":"repeat","background-position":"center center","background-size":"auto","background-attachment":"scroll","background-type":"","background-media":"","overlay-type":"","overlay-color":"","overlay-opacity":"","overlay-gradient":""}},"ast-content-background-meta":{"desktop":{"background-color":"var(--ast-global-color-5)","background-image":"","background-repeat":"repeat","background-position":"center center","background-size":"auto","background-attachment":"scroll","background-type":"","background-media":"","overlay-type":"","overlay-color":"","overlay-opacity":"","overlay-gradient":""},"tablet":{"background-color":"var(--ast-global-color-5)","background-image":"","background-repeat":"repeat","background-position":"center center","background-size":"auto","background-attachment":"scroll","background-type":"","background-media":"","overlay-type":"","overlay-color":"","overlay-opacity":"","overlay-gradient":""},"mobile":{"background-color":"var(--ast-global-color-5)","background-image":"","background-repeat":"repeat","background-position":"center center","background-size":"auto","background-attachment":"scroll","background-type":"","background-media":"","overlay-type":"","overlay-color":"","overlay-opacity":"","overlay-gradient":""}}},"product_brand":[],"product_cat":[39,45,46],"product_tag":[254,333,253,332],"class_list":{"0":"post-13626","1":"product","2":"type-product","3":"status-publish","4":"has-post-thumbnail","6":"product_cat-bewegung","7":"product_cat-kommunikation-teamentwicklung","8":"product_cat-motivation","9":"product_tag-bewegungsmodul","10":"product_tag-biathlon","11":"product_tag-eventmodul","12":"product_tag-laser-biathlon","13":"pa_dauer-ganztaegig","14":"pa_durchfuehrungsform-praesenz","15":"pa_format-motivationsmodule-teambuilding","16":"pa_zielgruppe-berufseinsteigende","17":"pa_zielgruppe-beschaeftigte","18":"desktop-align-left","19":"tablet-align-left","20":"mobile-align-left","21":"ast-product-gallery-layout-horizontal-slider","22":"ast-product-gallery-with-no-image","23":"ast-product-tabs-layout-horizontal","25":"first","26":"instock","27":"virtual","28":"sold-individually","29":"purchasable","30":"product-type-simple"},"yoast_head":"<!-- This site is optimized with the Yoast SEO plugin v27.5 - https:\/\/yoast.com\/product\/yoast-seo-wordpress\/ -->\n<title>Laser-Biathlon \u2013 Teamgeist, Fokus &amp; Pr\u00e4zision<\/title>\n<meta name=\"description\" content=\"Laser-Biathlon als dynamisches Teamevent: Kombinieren Sie Bewegung und Pr\u00e4zision. F\u00f6rdern Sie Konzentration und Teamgeist in einem spannenden Wettkampf.\" \/>\n<meta name=\"robots\" content=\"index, follow, max-snippet:-1, max-image-preview:large, max-video-preview:-1\" \/>\n<link rel=\"canonical\" href=\"https:\/\/www.company-move.de\/en\/product\/laser-biathlon\/\" \/>\n<meta property=\"og:locale\" content=\"en_US\" \/>\n<meta property=\"og:type\" content=\"article\" \/>\n<meta property=\"og:title\" content=\"Laser-Biathlon \u2013 Teamgeist, Fokus &amp; Pr\u00e4zision\" \/>\n<meta property=\"og:description\" content=\"Laser-Biathlon als dynamisches Teamevent: Kombinieren Sie Bewegung und Pr\u00e4zision. F\u00f6rdern Sie Konzentration und Teamgeist in einem spannenden Wettkampf.\" \/>\n<meta property=\"og:url\" content=\"https:\/\/www.company-move.de\/en\/product\/laser-biathlon\/\" \/>\n<meta property=\"og:site_name\" content=\"Company move GmbH\" \/>\n<meta property=\"article:modified_time\" content=\"2026-04-22T10:00:38+00:00\" \/>\n<meta property=\"og:image\" content=\"https:\/\/www.company-move.de\/wp-content\/uploads\/2026\/02\/Laser-Biathlon.png\" \/>\n\t<meta property=\"og:image:width\" content=\"1024\" \/>\n\t<meta property=\"og:image:height\" content=\"1024\" \/>\n\t<meta property=\"og:image:type\" content=\"image\/png\" \/>\n<meta name=\"twitter:card\" content=\"summary_large_image\" \/>\n<meta name=\"twitter:label1\" content=\"Est. reading time\" \/>\n\t<meta name=\"twitter:data1\" content=\"2 minutes\" \/>\n<!-- \/ Yoast SEO plugin. -->","yoast_head_json":{"title":"Laser-Biathlon \u2013 Teamgeist, Fokus & Pr\u00e4zision","description":"Laser-Biathlon als dynamisches Teamevent: Kombinieren Sie Bewegung und Pr\u00e4zision. F\u00f6rdern Sie Konzentration und Teamgeist in einem spannenden Wettkampf.","robots":{"index":"index","follow":"follow","max-snippet":"max-snippet:-1","max-image-preview":"max-image-preview:large","max-video-preview":"max-video-preview:-1"},"canonical":"https:\/\/www.company-move.de\/en\/product\/laser-biathlon\/","og_locale":"en_US","og_type":"article","og_title":"Laser-Biathlon \u2013 Teamgeist, Fokus & Pr\u00e4zision","og_description":"Laser-Biathlon als dynamisches Teamevent: Kombinieren Sie Bewegung und Pr\u00e4zision. F\u00f6rdern Sie Konzentration und Teamgeist in einem spannenden Wettkampf.","og_url":"https:\/\/www.company-move.de\/en\/product\/laser-biathlon\/","og_site_name":"Company move GmbH","article_modified_time":"2026-04-22T10:00:38+00:00","og_image":[{"width":1024,"height":1024,"url":"https:\/\/www.company-move.de\/wp-content\/uploads\/2026\/02\/Laser-Biathlon.png","type":"image\/png"}],"twitter_card":"summary_large_image","twitter_misc":{"Est. reading time":"2 minutes"},"schema":{"@context":"https:\/\/schema.org","@graph":[{"@type":["WebPage","ItemPage"],"@id":"https:\/\/www.company-move.de\/produkt\/laser-biathlon\/","url":"https:\/\/www.company-move.de\/produkt\/laser-biathlon\/","name":"Laser-Biathlon \u2013 Teamgeist, Fokus & Pr\u00e4zision","isPartOf":{"@id":"https:\/\/www.company-move.de\/#website"},"primaryImageOfPage":{"@id":"https:\/\/www.company-move.de\/produkt\/laser-biathlon\/#primaryimage"},"image":{"@id":"https:\/\/www.company-move.de\/produkt\/laser-biathlon\/#primaryimage"},"thumbnailUrl":"https:\/\/www.company-move.de\/wp-content\/uploads\/2026\/02\/Laser-Biathlon.png","datePublished":"2026-02-25T12:06:41+00:00","dateModified":"2026-04-22T10:00:38+00:00","description":"Laser-Biathlon als dynamisches Teamevent: Kombinieren Sie Bewegung und Pr\u00e4zision. F\u00f6rdern Sie Konzentration und Teamgeist in einem spannenden Wettkampf.","breadcrumb":{"@id":"https:\/\/www.company-move.de\/produkt\/laser-biathlon\/#breadcrumb"},"inLanguage":"en-US","potentialAction":[{"@type":"ReadAction","target":["https:\/\/www.company-move.de\/produkt\/laser-biathlon\/"]}]},{"@type":"ImageObject","inLanguage":"en-US","@id":"https:\/\/www.company-move.de\/produkt\/laser-biathlon\/#primaryimage","url":"https:\/\/www.company-move.de\/wp-content\/uploads\/2026\/02\/Laser-Biathlon.png","contentUrl":"https:\/\/www.company-move.de\/wp-content\/uploads\/2026\/02\/Laser-Biathlon.png","width":1024,"height":1024},{"@type":"BreadcrumbList","@id":"https:\/\/www.company-move.de\/produkt\/laser-biathlon\/#breadcrumb","itemListElement":[{"@type":"ListItem","position":1,"name":"Shop","item":"https:\/\/www.company-move.de\/shop\/"},{"@type":"ListItem","position":2,"name":"Laser-Biathlon"}]},{"@type":"WebSite","@id":"https:\/\/www.company-move.de\/#website","url":"https:\/\/www.company-move.de\/","name":"Company move GmbH","description":"Your expert for occupational health management","publisher":{"@id":"https:\/\/www.company-move.de\/#organization"},"potentialAction":[{"@type":"SearchAction","target":{"@type":"EntryPoint","urlTemplate":"https:\/\/www.company-move.de\/?s={search_term_string}"},"query-input":{"@type":"PropertyValueSpecification","valueRequired":true,"valueName":"search_term_string"}}],"inLanguage":"en-US"},{"@type":"Organization","@id":"https:\/\/www.company-move.de\/#organization","name":"Company move GmbH","url":"https:\/\/www.company-move.de\/","logo":{"@type":"ImageObject","inLanguage":"en-US","@id":"https:\/\/www.company-move.de\/#\/schema\/logo\/image\/","url":"https:\/\/www.company-move.de\/wp-content\/uploads\/2024\/05\/cropped-CM-Logo.png","contentUrl":"https:\/\/www.company-move.de\/wp-content\/uploads\/2024\/05\/cropped-CM-Logo.png","width":1599,"height":795,"caption":"Company move GmbH"},"image":{"@id":"https:\/\/www.company-move.de\/#\/schema\/logo\/image\/"}}]}},"_links":{"self":[{"href":"https:\/\/www.company-move.de\/en\/wp-json\/wp\/v2\/product\/13626","targetHints":{"allow":["GET"]}}],"collection":[{"href":"https:\/\/www.company-move.de\/en\/wp-json\/wp\/v2\/product"}],"about":[{"href":"https:\/\/www.company-move.de\/en\/wp-json\/wp\/v2\/types\/product"}],"wp:featuredmedia":[{"embeddable":true,"href":"https:\/\/www.company-move.de\/en\/wp-json\/wp\/v2\/media\/13628"}],"wp:attachment":[{"href":"https:\/\/www.company-move.de\/en\/wp-json\/wp\/v2\/media?parent=13626"}],"wp:term":[{"taxonomy":"product_brand","embeddable":true,"href":"https:\/\/www.company-move.de\/en\/wp-json\/wp\/v2\/product_brand?post=13626"},{"taxonomy":"product_cat","embeddable":true,"href":"https:\/\/www.company-move.de\/en\/wp-json\/wp\/v2\/product_cat?post=13626"},{"taxonomy":"product_tag","embeddable":true,"href":"https:\/\/www.company-move.de\/en\/wp-json\/wp\/v2\/product_tag?post=13626"}],"curies":[{"name":"wp","href":"https:\/\/api.w.org\/{rel}","templated":true}]}}