{"id":13448,"date":"2025-11-06T11:42:07","date_gmt":"2025-11-06T10:42:07","guid":{"rendered":"https:\/\/www.company-move.de\/?post_type=product&#038;p=13448"},"modified":"2026-04-22T12:01:30","modified_gmt":"2026-04-22T10:01:30","slug":"standaktion-kraftparcours","status":"publish","type":"product","link":"https:\/\/www.company-move.de\/en\/product\/standaktion-kraftparcours\/","title":{"rendered":"Standaktion Kraftparcours"},"content":{"rendered":"<p>Muskel-Skelett-Erkrankungen (MSE) bleiben der kritische Faktor f\u00fcr die betriebliche Produktivit\u00e4t: W\u00e4hrend der <b data-path-to-node=\"4\" data-index-in-node=\"111\">DAK-Gesundheitsreport 2024<\/b> einen Anteil von <b data-path-to-node=\"4\" data-index-in-node=\"155\">18,5 % am gesamten Krankenstand<\/b> ausweist, verdeutlichen Analysen anderer gesetzlicher Krankenkassen wie der AOK oder BKK, dass MSE in k\u00f6rperlich fordernden Branchen sogar <b data-path-to-node=\"4\" data-index-in-node=\"326\">zwischen 22 % und 25 % aller Fehltage<\/b> verursachen. Sie stellen somit einen der gr\u00f6\u00dften Hebel zur Senkung des <b data-path-to-node=\"3\" data-index-in-node=\"211\">Krankenstands<\/b> dar. Da ein Gro\u00dfteil dieser Beschwerden auf mangelnde funktionelle Kraft und einseitige Belastungen zur\u00fcckzuf\u00fchren ist, bildet gezieltes Krafttraining eine essenzielle S\u00e4ule der <a href=\"https:\/\/www.company-move.de\/bgm\/gesundheitsthemen\/praeventionsmassnahmen\/\"><b data-path-to-node=\"3\" data-index-in-node=\"403\">Prevention<\/b><\/a>.<\/p>\n<p>The <b data-path-to-node=\"3\" data-index-in-node=\"419\">Standaktion Kraftparcours<\/b> adressiert diese Problematik direkt im Arbeitsumfeld, indem er die muskul\u00e4re Belastbarkeit und koordinative Stabilit\u00e4t der Besch\u00e4ftigten evaluiert. Die Integration solcher evidenzbasierter <a href=\"https:\/\/www.company-move.de\/format\/screenings\/\">Screening<\/a>&#8211; und <a href=\"https:\/\/www.company-move.de\/bgm\/gesundheitsthemen\/bewegung\/\">Bewegungsmodule<\/a> in das <b data-path-to-node=\"3\" data-index-in-node=\"672\">BGM<\/b> f\u00f6rdert nachweislich die langfristige Arbeitsf\u00e4higkeit und st\u00e4rkt die physische Resilienz der Belegschaft gegen\u00fcber ergonomischen Belastungen.<\/p>\n<blockquote><p><span style=\"color: #aaad00;\">\u201eKrafttraining ist nicht nur Sport, sondern die beste Versicherung gegen das Altern und chronische Schmerzen. Eine starke Muskulatur ist unser gr\u00f6\u00dftes Stoffwechselorgan und das Fundament f\u00fcr eine gesunde, belastbare Wirbels\u00e4ule im Berufsalltag.\u201c<\/span><\/p>\n<p><span style=\"color: #aaad00;\">\u2014 <b data-path-to-node=\"5,0\" data-index-in-node=\"248\">Prof. Dr. Ingo Frob\u00f6se<\/b>, Universit\u00e4tsprofessor an der Deutschen Sporthochschule K\u00f6ln und renommierter Experte f\u00fcr Pr\u00e4vention und Rehabilitation.<\/span><\/p><\/blockquote>\n<p>The <strong>interaktive Kraftparcours<\/strong> bietet eine motivierende M\u00f6glichkeit, die gro\u00dfen Muskelgruppen gezielt zu aktivieren und funktionelle Bewegung zu f\u00f6rdern. An <strong>f\u00fcnf abwechslungsreichen Stationen<\/strong> werden \u00dcbungen durchgef\u00fchrt, die die Teilnehmenden f\u00fcr eine gesunde, aufrechte <strong>K\u00f6rperhaltung<\/strong> sensibilisieren und die <strong>Muskelgesundheit<\/strong> st\u00e4rken.<\/p>\n<p>Begleitet von qualifiziertem Fachpersonal erhalten Sie individuelle Empfehlungen zur <strong>Verbesserung Ihrer allgemeinen Fitness<\/strong>. Der Kraftparcours eignet sich ideal f\u00fcr Gesundheitstage, Pr\u00e4ventionsprogramme oder als aktivierendes Element bei Veranstaltungen.<\/p>\n<p>F\u00fcr mehr Ideen f\u00fcr <a href=\"https:\/\/www.company-move.de\/gesundheitstage-module\/\">Health days<\/a>, klicken Sie sich gerne durch unsere anderen Angebote f\u00fcr betriebliches Gesundheitsmanagement. Etablieren Sie Gesundheitsf\u00f6rderung in Ihrem Unternehmen mit uns als Ihr BGM-Dienstleister!<\/p>","protected":false},"excerpt":{"rendered":"<p>Produkt Kurzbeschreibung = Excerpt<\/p>\n<p>Quellen<\/p>\n<ul>\n<li>\n<p data-path-to-node=\"12,0,0\"><b data-path-to-node=\"12,0,0\" data-index-in-node=\"0\">DAK-Gesundheitsreport 2024<\/b>, Herausgeber: DAK-Gesundheit. Fokus: Analyse der Arbeitsunf\u00e4higkeitsdaten 2023\/2024 mit Schwerpunkt auf Muskel-Skelett-System. <i data-path-to-node=\"12,0,0\" data-index-in-node=\"154\">[Offizieller Gesundheitsbericht]<\/i><\/p>\n<\/li>\n<li>\n<p data-path-to-node=\"12,1,0\"><b data-path-to-node=\"12,1,0\" data-index-in-node=\"0\">Robert Koch-Institut (RKI) \u2013 GBE kompakt 2023<\/b>, &#8222;Muskel-Skelett-Erkrankungen bei Erwachsenen in Deutschland&#8220;. <i data-path-to-node=\"12,1,0\" data-index-in-node=\"109\">[Offizieller Regierungsbericht]<\/i><\/p>\n<\/li>\n<li>\n<p data-path-to-node=\"12,2,0\"><b data-path-to-node=\"12,2,0\" data-index-in-node=\"0\">Publikationen zur Trainingstherapie und Pr\u00e4vention<\/b>, Prof. Dr. Ingo Frob\u00f6se, Deutsche Sporthochschule K\u00f6ln. <i data-path-to-node=\"12,2,0\" data-index-in-node=\"107\">[Experten-Expertise]<\/i><\/p>\n<\/li>\n<li>\n<p data-path-to-node=\"12,3,0\"><b data-path-to-node=\"12,3,0\" data-index-in-node=\"0\">Meta-Analyse zur Handgriffst\u00e4rke<\/b>, Fachjournal &#8222;The Lancet&#8220;, Bohannon et al. (Zusammenhang zwischen Griffkraft und Mortalit\u00e4t\/Morbidit\u00e4t). <i data-path-to-node=\"12,3,0\" data-index-in-node=\"138\">[Peer-Review Journal]<\/i><\/p>\n<\/li>\n<\/ul>\n","protected":false},"featured_media":13449,"template":"","meta":{"site-sidebar-layout":"default","site-content-layout":"","ast-site-content-layout":"default","site-content-style":"default","site-sidebar-style":"default","ast-global-header-display":"","ast-banner-title-visibility":"","ast-main-header-display":"","ast-hfb-above-header-display":"","ast-hfb-below-header-display":"","ast-hfb-mobile-header-display":"","site-post-title":"","ast-breadcrumbs-content":"","ast-featured-img":"","footer-sml-layout":"","ast-disable-related-posts":"","theme-transparent-header-meta":"default","adv-header-id-meta":"","stick-header-meta":"default","header-above-stick-meta":"","header-main-stick-meta":"","header-below-stick-meta":"","astra-migrate-meta-layouts":"set","ast-page-background-enabled":"default","ast-page-background-meta":{"desktop":{"background-color":"var(--ast-global-color-4)","background-image":"","background-repeat":"repeat","background-position":"center center","background-size":"auto","background-attachment":"scroll","background-type":"","background-media":"","overlay-type":"","overlay-color":"","overlay-opacity":"","overlay-gradient":""},"tablet":{"background-color":"","background-image":"","background-repeat":"repeat","background-position":"center center","background-size":"auto","background-attachment":"scroll","background-type":"","background-media":"","overlay-type":"","overlay-color":"","overlay-opacity":"","overlay-gradient":""},"mobile":{"background-color":"","background-image":"","background-repeat":"repeat","background-position":"center center","background-size":"auto","background-attachment":"scroll","background-type":"","background-media":"","overlay-type":"","overlay-color":"","overlay-opacity":"","overlay-gradient":""}},"ast-content-background-meta":{"desktop":{"background-color":"var(--ast-global-color-5)","background-image":"","background-repeat":"repeat","background-position":"center center","background-size":"auto","background-attachment":"scroll","background-type":"","background-media":"","overlay-type":"","overlay-color":"","overlay-opacity":"","overlay-gradient":""},"tablet":{"background-color":"var(--ast-global-color-5)","background-image":"","background-repeat":"repeat","background-position":"center center","background-size":"auto","background-attachment":"scroll","background-type":"","background-media":"","overlay-type":"","overlay-color":"","overlay-opacity":"","overlay-gradient":""},"mobile":{"background-color":"var(--ast-global-color-5)","background-image":"","background-repeat":"repeat","background-position":"center center","background-size":"auto","background-attachment":"scroll","background-type":"","background-media":"","overlay-type":"","overlay-color":"","overlay-opacity":"","overlay-gradient":""}}},"product_brand":[],"product_cat":[39,46,15,49,50],"product_tag":[201],"class_list":{"0":"post-13448","1":"product","2":"type-product","3":"status-publish","4":"has-post-thumbnail","6":"product_cat-bewegung","7":"product_cat-motivation","8":"product_cat-praeventionsmassnahmen","9":"product_cat-rueckengesundheit","10":"product_cat-schulungen-weiterbildung","11":"product_tag-kraft-parcours","12":"pa_dauer-ganztaegig","13":"pa_durchfuehrungsform-praesenz","14":"pa_format-gesundheitsaktionen","15":"pa_format-motivationsmodule-teambuilding","16":"pa_zielgruppe-berufseinsteigende","17":"pa_zielgruppe-beschaeftigte","18":"desktop-align-left","19":"tablet-align-left","20":"mobile-align-left","21":"ast-product-gallery-layout-horizontal-slider","22":"ast-product-gallery-with-no-image","23":"ast-product-tabs-layout-horizontal","25":"first","26":"instock","27":"virtual","28":"sold-individually","29":"purchasable","30":"product-type-simple"},"yoast_head":"<!-- This site is optimized with the Yoast SEO plugin v27.5 - https:\/\/yoast.com\/product\/yoast-seo-wordpress\/ -->\n<title>Standaktion Kraftparcours - Bewegung &amp; Muskelaktivierung<\/title>\n<meta name=\"description\" content=\"Erleben Sie den interaktiven Kraftparcours: F\u00fcnf Stationen zur Aktivierung gro\u00dfer Muskelgruppen und F\u00f6rderung einer gesunden K\u00f6rperhaltung.\" \/>\n<meta name=\"robots\" content=\"index, follow, max-snippet:-1, max-image-preview:large, max-video-preview:-1\" \/>\n<link rel=\"canonical\" href=\"https:\/\/www.company-move.de\/en\/product\/standaktion-kraftparcours\/\" \/>\n<meta property=\"og:locale\" content=\"en_US\" \/>\n<meta property=\"og:type\" content=\"article\" \/>\n<meta property=\"og:title\" content=\"Standaktion Kraftparcours - Bewegung &amp; Muskelaktivierung\" \/>\n<meta property=\"og:description\" content=\"Erleben Sie den interaktiven Kraftparcours: F\u00fcnf Stationen zur Aktivierung gro\u00dfer Muskelgruppen und F\u00f6rderung einer gesunden K\u00f6rperhaltung.\" \/>\n<meta property=\"og:url\" content=\"https:\/\/www.company-move.de\/en\/product\/standaktion-kraftparcours\/\" \/>\n<meta property=\"og:site_name\" content=\"Company move GmbH\" \/>\n<meta property=\"article:modified_time\" content=\"2026-04-22T10:01:30+00:00\" \/>\n<meta property=\"og:image\" content=\"https:\/\/www.company-move.de\/wp-content\/uploads\/2025\/11\/Standaktion-Kraftparcours-scaled.jpg\" \/>\n\t<meta property=\"og:image:width\" content=\"2560\" \/>\n\t<meta property=\"og:image:height\" content=\"1920\" \/>\n\t<meta property=\"og:image:type\" content=\"image\/jpeg\" \/>\n<meta name=\"twitter:card\" content=\"summary_large_image\" \/>\n<meta name=\"twitter:label1\" content=\"Est. reading time\" \/>\n\t<meta name=\"twitter:data1\" content=\"2 minutes\" \/>\n<!-- \/ Yoast SEO plugin. -->","yoast_head_json":{"title":"Standaktion Kraftparcours - Bewegung & Muskelaktivierung","description":"Erleben Sie den interaktiven Kraftparcours: F\u00fcnf Stationen zur Aktivierung gro\u00dfer Muskelgruppen und F\u00f6rderung einer gesunden K\u00f6rperhaltung.","robots":{"index":"index","follow":"follow","max-snippet":"max-snippet:-1","max-image-preview":"max-image-preview:large","max-video-preview":"max-video-preview:-1"},"canonical":"https:\/\/www.company-move.de\/en\/product\/standaktion-kraftparcours\/","og_locale":"en_US","og_type":"article","og_title":"Standaktion Kraftparcours - Bewegung & Muskelaktivierung","og_description":"Erleben Sie den interaktiven Kraftparcours: F\u00fcnf Stationen zur Aktivierung gro\u00dfer Muskelgruppen und F\u00f6rderung einer gesunden K\u00f6rperhaltung.","og_url":"https:\/\/www.company-move.de\/en\/product\/standaktion-kraftparcours\/","og_site_name":"Company move GmbH","article_modified_time":"2026-04-22T10:01:30+00:00","og_image":[{"width":2560,"height":1920,"url":"https:\/\/www.company-move.de\/wp-content\/uploads\/2025\/11\/Standaktion-Kraftparcours-scaled.jpg","type":"image\/jpeg"}],"twitter_card":"summary_large_image","twitter_misc":{"Est. reading time":"2 minutes"},"schema":{"@context":"https:\/\/schema.org","@graph":[{"@type":["WebPage","ItemPage"],"@id":"https:\/\/www.company-move.de\/produkt\/standaktion-kraftparcours\/","url":"https:\/\/www.company-move.de\/produkt\/standaktion-kraftparcours\/","name":"Standaktion Kraftparcours - Bewegung & Muskelaktivierung","isPartOf":{"@id":"https:\/\/www.company-move.de\/#website"},"primaryImageOfPage":{"@id":"https:\/\/www.company-move.de\/produkt\/standaktion-kraftparcours\/#primaryimage"},"image":{"@id":"https:\/\/www.company-move.de\/produkt\/standaktion-kraftparcours\/#primaryimage"},"thumbnailUrl":"https:\/\/www.company-move.de\/wp-content\/uploads\/2025\/11\/Standaktion-Kraftparcours-scaled.jpg","datePublished":"2025-11-06T10:42:07+00:00","dateModified":"2026-04-22T10:01:30+00:00","description":"Erleben Sie den interaktiven Kraftparcours: F\u00fcnf Stationen zur Aktivierung gro\u00dfer Muskelgruppen und F\u00f6rderung einer gesunden K\u00f6rperhaltung.","breadcrumb":{"@id":"https:\/\/www.company-move.de\/produkt\/standaktion-kraftparcours\/#breadcrumb"},"inLanguage":"en-US","potentialAction":[{"@type":"ReadAction","target":["https:\/\/www.company-move.de\/produkt\/standaktion-kraftparcours\/"]}]},{"@type":"ImageObject","inLanguage":"en-US","@id":"https:\/\/www.company-move.de\/produkt\/standaktion-kraftparcours\/#primaryimage","url":"https:\/\/www.company-move.de\/wp-content\/uploads\/2025\/11\/Standaktion-Kraftparcours-scaled.jpg","contentUrl":"https:\/\/www.company-move.de\/wp-content\/uploads\/2025\/11\/Standaktion-Kraftparcours-scaled.jpg","width":2560,"height":1920,"caption":"Kraftparcours zur F\u00f6rderung von Muskelgesundheit und K\u00f6rperhaltung"},{"@type":"BreadcrumbList","@id":"https:\/\/www.company-move.de\/produkt\/standaktion-kraftparcours\/#breadcrumb","itemListElement":[{"@type":"ListItem","position":1,"name":"Shop","item":"https:\/\/www.company-move.de\/shop\/"},{"@type":"ListItem","position":2,"name":"Standaktion Kraftparcours"}]},{"@type":"WebSite","@id":"https:\/\/www.company-move.de\/#website","url":"https:\/\/www.company-move.de\/","name":"Company move GmbH","description":"Your expert for occupational health management","publisher":{"@id":"https:\/\/www.company-move.de\/#organization"},"potentialAction":[{"@type":"SearchAction","target":{"@type":"EntryPoint","urlTemplate":"https:\/\/www.company-move.de\/?s={search_term_string}"},"query-input":{"@type":"PropertyValueSpecification","valueRequired":true,"valueName":"search_term_string"}}],"inLanguage":"en-US"},{"@type":"Organization","@id":"https:\/\/www.company-move.de\/#organization","name":"Company move GmbH","url":"https:\/\/www.company-move.de\/","logo":{"@type":"ImageObject","inLanguage":"en-US","@id":"https:\/\/www.company-move.de\/#\/schema\/logo\/image\/","url":"https:\/\/www.company-move.de\/wp-content\/uploads\/2024\/05\/cropped-CM-Logo.png","contentUrl":"https:\/\/www.company-move.de\/wp-content\/uploads\/2024\/05\/cropped-CM-Logo.png","width":1599,"height":795,"caption":"Company move GmbH"},"image":{"@id":"https:\/\/www.company-move.de\/#\/schema\/logo\/image\/"}}]}},"_links":{"self":[{"href":"https:\/\/www.company-move.de\/en\/wp-json\/wp\/v2\/product\/13448","targetHints":{"allow":["GET"]}}],"collection":[{"href":"https:\/\/www.company-move.de\/en\/wp-json\/wp\/v2\/product"}],"about":[{"href":"https:\/\/www.company-move.de\/en\/wp-json\/wp\/v2\/types\/product"}],"wp:featuredmedia":[{"embeddable":true,"href":"https:\/\/www.company-move.de\/en\/wp-json\/wp\/v2\/media\/13449"}],"wp:attachment":[{"href":"https:\/\/www.company-move.de\/en\/wp-json\/wp\/v2\/media?parent=13448"}],"wp:term":[{"taxonomy":"product_brand","embeddable":true,"href":"https:\/\/www.company-move.de\/en\/wp-json\/wp\/v2\/product_brand?post=13448"},{"taxonomy":"product_cat","embeddable":true,"href":"https:\/\/www.company-move.de\/en\/wp-json\/wp\/v2\/product_cat?post=13448"},{"taxonomy":"product_tag","embeddable":true,"href":"https:\/\/www.company-move.de\/en\/wp-json\/wp\/v2\/product_tag?post=13448"}],"curies":[{"name":"wp","href":"https:\/\/api.w.org\/{rel}","templated":true}]}}