{"id":13445,"date":"2025-11-06T11:25:18","date_gmt":"2025-11-06T10:25:18","guid":{"rendered":"https:\/\/www.company-move.de\/?post_type=product&#038;p=13445"},"modified":"2026-04-17T15:05:24","modified_gmt":"2026-04-17T13:05:24","slug":"standaktion-fussparcours","status":"publish","type":"product","link":"https:\/\/www.company-move.de\/en\/product\/standaktion-fussparcours\/","title":{"rendered":"Standaktion Fu\u00dfparcours"},"content":{"rendered":"<p>Die Fu\u00dfgesundheit wird im betrieblichen Kontext oft untersch\u00e4tzt, obwohl laut der Deutschen Gesellschaft f\u00fcr Orthop\u00e4die und Unfallchirurgie (DGOU) bereits <strong>\u00fcber 60 % der Erwachsenen in Deutschland<\/strong> unter Fu\u00dffehlstellungen leiden, die h\u00e4ufig die Ursache f\u00fcr aufsteigende Beschwerden im Knie oder<a href=\"https:\/\/www.company-move.de\/bgm\/gesundheitsthemen\/rueckengesundheit\/\"> R\u00fccken<\/a> sind. Der aktuelle <b data-path-to-node=\"3\" data-index-in-node=\"319\">DAK-Gesundheitsreport 2024<\/b> belegt zudem, dass Muskel-Skelett-Erkrankungen mit einem Anteil von <b data-path-to-node=\"3\" data-index-in-node=\"414\">18,5 %<\/b> (und bis zu <b data-path-to-node=\"3\" data-index-in-node=\"433\">25 %<\/b> in physisch belasteten Branchen) die <strong>zweith\u00e4ufigste Ursache f\u00fcr den Krankenstand <\/strong>sind.<\/p>\n<p>Da die F\u00fc\u00dfe das statische Fundament des K\u00f6rpers bilden, ist eine gezielte Sensomotorik-Schulung eine wirksame<a href=\"https:\/\/www.company-move.de\/bgm\/gesundheitsthemen\/praeventionsmassnahmen\/\"> <b data-path-to-node=\"3\" data-index-in-node=\"635\">Prevention<\/b><\/a>, um Haltungssch\u00e4den und Fehlbelastungen vorzubeugen. Mit dem <b data-path-to-node=\"3\" data-index-in-node=\"707\">Standaktion Fu\u00dfparcours<\/b> integrieren Sie ein innovatives Modul in Ihr <b data-path-to-node=\"3\" data-index-in-node=\"776\">BGM<\/b>, das die funktionelle Stabilit\u00e4t Ihrer Belegschaft nachhaltig st\u00e4rkt und die K\u00f6rperwahrnehmung direkt am Arbeitsplatz schult.<\/p>\n<blockquote><p><span style=\"color: #aaad00;\">\u201eDer Fu\u00df ist ein komplexes Meisterwerk der Evolution. Eine verk\u00fcmmerte Fu\u00dfmuskulatur durch st\u00e4ndiges Tragen von festem Schuhwerk f\u00fchrt unweigerlich zu Instabilit\u00e4ten in der gesamten kinetischen Kette bis hin zur Wirbels\u00e4ule. Pr\u00e4ventives Training der Fu\u00dfsensorik ist daher essenziell f\u00fcr eine gesunde K\u00f6rperstatik.\u201c <\/span><br \/>\n<span style=\"color: #aaad00;\">\u2014 <b data-path-to-node=\"5,0\" data-index-in-node=\"317\">Dr. med. Thomas Schneider<\/b>, Leiter der Gelenk-Klinik Gundelfingen und Experte f\u00fcr Orthop\u00e4die und Fu\u00dfchirurgie.<\/span><\/p><\/blockquote>\n<p>Our <strong>interaktiver Fu\u00dfparcours<\/strong> bietet eine einzigartige M\u00f6glichkeit, das Fundament unseres K\u00f6rpers bewusst zu erleben. In nur wenigen Minuten durchlaufen Sie <strong>f\u00fcnf abwechslungsreiche Stationen<\/strong>, die gezielt die Sensorik, Motorik und Balance Ihrer F\u00fc\u00dfe ansprechen. Durch verschiedene Untergr\u00fcnde und \u00dcbungen werden die <strong>Fu\u00dfmuskulatur aktiviert, die Durchblutung gef\u00f6rdert und die K\u00f6rperwahrnehmung geschult<\/strong>.<\/p>\n<p>Der Parcours sensibilisiert f\u00fcr die <strong>Bedeutung gesunder F\u00fc\u00dfe<\/strong> und zeigt auf, wie eng sie mit unserer Haltung, Beweglichkeit und dem allgemeinen Wohlbefinden verbunden sind. Ein Erlebnis f\u00fcr Jung und Alt \u2013 informativ, aktivierend und nachhaltig gesundheitsf\u00f6rdernd.<\/p>\n<p>For more ideas for health days, please click through our other offers for occupational health management. Establish health promotion in your company with us as your BGM service provider!<\/p>","protected":false},"excerpt":{"rendered":"<p>Produkt Kurzbeschreibung = Excerpt<\/p>\n<p>Quellen<\/p>\n<ul>\n<li>\n<p data-path-to-node=\"9,0,0\"><b data-path-to-node=\"9,0,0\" data-index-in-node=\"0\">DAK-Gesundheitsreport 2024<\/b>, Herausgeber: DAK-Gesundheit. Fokus: Analyse der Arbeitsunf\u00e4higkeit mit Fokus auf Muskel-Skelett-Erkrankungen. <i data-path-to-node=\"9,0,0\" data-index-in-node=\"138\">[Offizieller Gesundheitsbericht]<\/i><\/p>\n<\/li>\n<li>\n<p data-path-to-node=\"9,1,0\"><b data-path-to-node=\"9,1,0\" data-index-in-node=\"0\">Wei\u00dfbuch der Deutschen Gesellschaft f\u00fcr Orthop\u00e4die und Unfallchirurgie (DGOU)<\/b>, 2023\/2024. Kapitel: Pr\u00e4vention von Haltungssch\u00e4den. <i data-path-to-node=\"9,1,0\" data-index-in-node=\"131\">[Offizieller Fachbericht]<\/i><\/p>\n<\/li>\n<li>\n<p data-path-to-node=\"9,2,0\"><b data-path-to-node=\"9,2,0\" data-index-in-node=\"0\">Studien zur Sensomotorik und Sturzprophylaxe<\/b>, Robert Koch-Institut (RKI) \u2013 GBE-Berichterstattung. <i data-path-to-node=\"9,2,0\" data-index-in-node=\"98\">[Offizieller Regierungsbericht \/ Peer-Review Kontext]<\/i><\/p>\n<\/li>\n<li>\n<p data-path-to-node=\"9,3,0\"><b data-path-to-node=\"9,3,0\" data-index-in-node=\"0\">Fachartikel zur klinischen Biomechanik des Fu\u00dfes<\/b>, Dr. med. Thomas Schneider et al. <i data-path-to-node=\"9,3,0\" data-index-in-node=\"83\">[Experten-Expertise]<\/i><\/p>\n<\/li>\n<li>\n<p data-path-to-node=\"9,4,0\"><b data-path-to-node=\"9,4,0\" data-index-in-node=\"0\">AOK-Fehlzeiten-Report 2024<\/b>, Wissenschaftliches Institut der AOK (WIdO). Analyse der Branchenunterschiede bei Muskel-Skelett-Beschwerden (22-25 % Anteil). <i data-path-to-node=\"9,4,0\" data-index-in-node=\"154\">[Offizieller Forschungsbericht]<\/i><\/p>\n<\/li>\n<\/ul>\n","protected":false},"featured_media":13446,"template":"","meta":{"site-sidebar-layout":"default","site-content-layout":"","ast-site-content-layout":"default","site-content-style":"default","site-sidebar-style":"default","ast-global-header-display":"","ast-banner-title-visibility":"","ast-main-header-display":"","ast-hfb-above-header-display":"","ast-hfb-below-header-display":"","ast-hfb-mobile-header-display":"","site-post-title":"","ast-breadcrumbs-content":"","ast-featured-img":"","footer-sml-layout":"","ast-disable-related-posts":"","theme-transparent-header-meta":"default","adv-header-id-meta":"","stick-header-meta":"default","header-above-stick-meta":"","header-main-stick-meta":"","header-below-stick-meta":"","astra-migrate-meta-layouts":"set","ast-page-background-enabled":"default","ast-page-background-meta":{"desktop":{"background-color":"var(--ast-global-color-4)","background-image":"","background-repeat":"repeat","background-position":"center center","background-size":"auto","background-attachment":"scroll","background-type":"","background-media":"","overlay-type":"","overlay-color":"","overlay-opacity":"","overlay-gradient":""},"tablet":{"background-color":"","background-image":"","background-repeat":"repeat","background-position":"center center","background-size":"auto","background-attachment":"scroll","background-type":"","background-media":"","overlay-type":"","overlay-color":"","overlay-opacity":"","overlay-gradient":""},"mobile":{"background-color":"","background-image":"","background-repeat":"repeat","background-position":"center center","background-size":"auto","background-attachment":"scroll","background-type":"","background-media":"","overlay-type":"","overlay-color":"","overlay-opacity":"","overlay-gradient":""}},"ast-content-background-meta":{"desktop":{"background-color":"var(--ast-global-color-5)","background-image":"","background-repeat":"repeat","background-position":"center center","background-size":"auto","background-attachment":"scroll","background-type":"","background-media":"","overlay-type":"","overlay-color":"","overlay-opacity":"","overlay-gradient":""},"tablet":{"background-color":"var(--ast-global-color-5)","background-image":"","background-repeat":"repeat","background-position":"center center","background-size":"auto","background-attachment":"scroll","background-type":"","background-media":"","overlay-type":"","overlay-color":"","overlay-opacity":"","overlay-gradient":""},"mobile":{"background-color":"var(--ast-global-color-5)","background-image":"","background-repeat":"repeat","background-position":"center center","background-size":"auto","background-attachment":"scroll","background-type":"","background-media":"","overlay-type":"","overlay-color":"","overlay-opacity":"","overlay-gradient":""}}},"product_brand":[],"product_cat":[39,46,15,50],"product_tag":[203,202],"class_list":{"0":"post-13445","1":"product","2":"type-product","3":"status-publish","4":"has-post-thumbnail","6":"product_cat-bewegung","7":"product_cat-motivation","8":"product_cat-praeventionsmassnahmen","9":"product_cat-schulungen-weiterbildung","10":"product_tag-fuss-parcours","11":"product_tag-fussparcours","12":"pa_dauer-ganztaegig","13":"pa_durchfuehrungsform-praesenz","14":"pa_format-gesundheitsaktionen","15":"pa_format-motivationsmodule-teambuilding","16":"pa_zielgruppe-berufseinsteigende","17":"pa_zielgruppe-beschaeftigte","18":"desktop-align-left","19":"tablet-align-left","20":"mobile-align-left","21":"ast-product-gallery-layout-horizontal-slider","22":"ast-product-gallery-with-no-image","23":"ast-product-tabs-layout-horizontal","25":"first","26":"instock","27":"virtual","28":"sold-individually","29":"purchasable","30":"product-type-simple"},"yoast_head":"<!-- This site is optimized with the Yoast SEO plugin v27.4 - https:\/\/yoast.com\/product\/yoast-seo-wordpress\/ -->\n<title>Standaktion Fu\u00dfparcours - Mit den F\u00fc\u00dfen erleben<\/title>\n<meta name=\"description\" content=\"Erleben Sie den Fu\u00dfparcours: F\u00fcnf Stationen zur F\u00f6rderung von Fu\u00dfgesundheit, Balance und K\u00f6rperwahrnehmung \u2013 interaktiv und gesundheitsf\u00f6rdernd.\" \/>\n<meta name=\"robots\" content=\"index, follow, max-snippet:-1, max-image-preview:large, max-video-preview:-1\" \/>\n<link rel=\"canonical\" href=\"https:\/\/www.company-move.de\/en\/product\/standaktion-fussparcours\/\" \/>\n<meta property=\"og:locale\" content=\"en_US\" \/>\n<meta property=\"og:type\" content=\"article\" \/>\n<meta property=\"og:title\" content=\"Standaktion Fu\u00dfparcours - Mit den F\u00fc\u00dfen erleben\" \/>\n<meta property=\"og:description\" content=\"Erleben Sie den Fu\u00dfparcours: F\u00fcnf Stationen zur F\u00f6rderung von Fu\u00dfgesundheit, Balance und K\u00f6rperwahrnehmung \u2013 interaktiv und gesundheitsf\u00f6rdernd.\" \/>\n<meta property=\"og:url\" content=\"https:\/\/www.company-move.de\/en\/product\/standaktion-fussparcours\/\" \/>\n<meta property=\"og:site_name\" content=\"Company move GmbH\" \/>\n<meta property=\"article:modified_time\" content=\"2026-04-17T13:05:24+00:00\" \/>\n<meta property=\"og:image\" content=\"https:\/\/www.company-move.de\/wp-content\/uploads\/2025\/11\/Standaktion-Fussparcours.jpg\" \/>\n\t<meta property=\"og:image:width\" content=\"1107\" \/>\n\t<meta property=\"og:image:height\" content=\"1476\" \/>\n\t<meta property=\"og:image:type\" content=\"image\/jpeg\" \/>\n<meta name=\"twitter:card\" content=\"summary_large_image\" \/>\n<meta name=\"twitter:label1\" content=\"Est. reading time\" \/>\n\t<meta name=\"twitter:data1\" content=\"2 minutes\" \/>\n<!-- \/ Yoast SEO plugin. -->","yoast_head_json":{"title":"Standaktion Fu\u00dfparcours - Mit den F\u00fc\u00dfen erleben","description":"Erleben Sie den Fu\u00dfparcours: F\u00fcnf Stationen zur F\u00f6rderung von Fu\u00dfgesundheit, Balance und K\u00f6rperwahrnehmung \u2013 interaktiv und gesundheitsf\u00f6rdernd.","robots":{"index":"index","follow":"follow","max-snippet":"max-snippet:-1","max-image-preview":"max-image-preview:large","max-video-preview":"max-video-preview:-1"},"canonical":"https:\/\/www.company-move.de\/en\/product\/standaktion-fussparcours\/","og_locale":"en_US","og_type":"article","og_title":"Standaktion Fu\u00dfparcours - Mit den F\u00fc\u00dfen erleben","og_description":"Erleben Sie den Fu\u00dfparcours: F\u00fcnf Stationen zur F\u00f6rderung von Fu\u00dfgesundheit, Balance und K\u00f6rperwahrnehmung \u2013 interaktiv und gesundheitsf\u00f6rdernd.","og_url":"https:\/\/www.company-move.de\/en\/product\/standaktion-fussparcours\/","og_site_name":"Company move GmbH","article_modified_time":"2026-04-17T13:05:24+00:00","og_image":[{"width":1107,"height":1476,"url":"https:\/\/www.company-move.de\/wp-content\/uploads\/2025\/11\/Standaktion-Fussparcours.jpg","type":"image\/jpeg"}],"twitter_card":"summary_large_image","twitter_misc":{"Est. reading time":"2 minutes"},"schema":{"@context":"https:\/\/schema.org","@graph":[{"@type":["WebPage","ItemPage"],"@id":"https:\/\/www.company-move.de\/produkt\/standaktion-fussparcours\/","url":"https:\/\/www.company-move.de\/produkt\/standaktion-fussparcours\/","name":"Standaktion Fu\u00dfparcours - Mit den F\u00fc\u00dfen erleben","isPartOf":{"@id":"https:\/\/www.company-move.de\/#website"},"primaryImageOfPage":{"@id":"https:\/\/www.company-move.de\/produkt\/standaktion-fussparcours\/#primaryimage"},"image":{"@id":"https:\/\/www.company-move.de\/produkt\/standaktion-fussparcours\/#primaryimage"},"thumbnailUrl":"https:\/\/www.company-move.de\/wp-content\/uploads\/2025\/11\/Standaktion-Fussparcours.jpg","datePublished":"2025-11-06T10:25:18+00:00","dateModified":"2026-04-17T13:05:24+00:00","description":"Erleben Sie den Fu\u00dfparcours: F\u00fcnf Stationen zur F\u00f6rderung von Fu\u00dfgesundheit, Balance und K\u00f6rperwahrnehmung \u2013 interaktiv und gesundheitsf\u00f6rdernd.","breadcrumb":{"@id":"https:\/\/www.company-move.de\/produkt\/standaktion-fussparcours\/#breadcrumb"},"inLanguage":"en-US","potentialAction":[{"@type":"ReadAction","target":["https:\/\/www.company-move.de\/produkt\/standaktion-fussparcours\/"]}]},{"@type":"ImageObject","inLanguage":"en-US","@id":"https:\/\/www.company-move.de\/produkt\/standaktion-fussparcours\/#primaryimage","url":"https:\/\/www.company-move.de\/wp-content\/uploads\/2025\/11\/Standaktion-Fussparcours.jpg","contentUrl":"https:\/\/www.company-move.de\/wp-content\/uploads\/2025\/11\/Standaktion-Fussparcours.jpg","width":1107,"height":1476,"caption":"Fu\u00dfparcours zur F\u00f6rderung von Balance und Fu\u00dfgesundheit"},{"@type":"BreadcrumbList","@id":"https:\/\/www.company-move.de\/produkt\/standaktion-fussparcours\/#breadcrumb","itemListElement":[{"@type":"ListItem","position":1,"name":"Shop","item":"https:\/\/www.company-move.de\/shop\/"},{"@type":"ListItem","position":2,"name":"Standaktion Fu\u00dfparcours"}]},{"@type":"WebSite","@id":"https:\/\/www.company-move.de\/#website","url":"https:\/\/www.company-move.de\/","name":"Company move GmbH","description":"Your expert for occupational health management","publisher":{"@id":"https:\/\/www.company-move.de\/#organization"},"potentialAction":[{"@type":"SearchAction","target":{"@type":"EntryPoint","urlTemplate":"https:\/\/www.company-move.de\/?s={search_term_string}"},"query-input":{"@type":"PropertyValueSpecification","valueRequired":true,"valueName":"search_term_string"}}],"inLanguage":"en-US"},{"@type":"Organization","@id":"https:\/\/www.company-move.de\/#organization","name":"Company move GmbH","url":"https:\/\/www.company-move.de\/","logo":{"@type":"ImageObject","inLanguage":"en-US","@id":"https:\/\/www.company-move.de\/#\/schema\/logo\/image\/","url":"https:\/\/www.company-move.de\/wp-content\/uploads\/2024\/05\/cropped-CM-Logo.png","contentUrl":"https:\/\/www.company-move.de\/wp-content\/uploads\/2024\/05\/cropped-CM-Logo.png","width":1599,"height":795,"caption":"Company move GmbH"},"image":{"@id":"https:\/\/www.company-move.de\/#\/schema\/logo\/image\/"}}]}},"_links":{"self":[{"href":"https:\/\/www.company-move.de\/en\/wp-json\/wp\/v2\/product\/13445","targetHints":{"allow":["GET"]}}],"collection":[{"href":"https:\/\/www.company-move.de\/en\/wp-json\/wp\/v2\/product"}],"about":[{"href":"https:\/\/www.company-move.de\/en\/wp-json\/wp\/v2\/types\/product"}],"wp:featuredmedia":[{"embeddable":true,"href":"https:\/\/www.company-move.de\/en\/wp-json\/wp\/v2\/media\/13446"}],"wp:attachment":[{"href":"https:\/\/www.company-move.de\/en\/wp-json\/wp\/v2\/media?parent=13445"}],"wp:term":[{"taxonomy":"product_brand","embeddable":true,"href":"https:\/\/www.company-move.de\/en\/wp-json\/wp\/v2\/product_brand?post=13445"},{"taxonomy":"product_cat","embeddable":true,"href":"https:\/\/www.company-move.de\/en\/wp-json\/wp\/v2\/product_cat?post=13445"},{"taxonomy":"product_tag","embeddable":true,"href":"https:\/\/www.company-move.de\/en\/wp-json\/wp\/v2\/product_tag?post=13445"}],"curies":[{"name":"wp","href":"https:\/\/api.w.org\/{rel}","templated":true}]}}