{"id":13426,"date":"2025-11-04T13:37:26","date_gmt":"2025-11-04T12:37:26","guid":{"rendered":"https:\/\/www.company-move.de\/?post_type=product&#038;p=13426"},"modified":"2026-04-22T12:02:49","modified_gmt":"2026-04-22T10:02:49","slug":"metabolicscan","status":"publish","type":"product","link":"https:\/\/www.company-move.de\/en\/product\/metabolicscan\/","title":{"rendered":"Metabolicscan\u00ae"},"content":{"rendered":"<p>Stoffwechselst\u00f6rungen und daraus resultierende Erkrankungen wie Adipositas oder <a href=\"https:\/\/www.company-move.de\/produkt\/diabetes-checkup\/\">Typ-2-Diabetes<\/a> sind laut dem <b data-path-to-node=\"3\" data-index-in-node=\"109\">RKI-Bericht 2024<\/b> ma\u00dfgebliche Faktoren f\u00fcr die Krankheitslast in Deutschland, wobei bereits rund <b data-path-to-node=\"3\" data-index-in-node=\"205\">53 % der Erwachsenen<\/b> als \u00fcbergewichtig gelten. Ein ineffizienter Stoffwechsel f\u00fchrt oft zu chronischer M\u00fcdigkeit und verminderter Konzentrationsf\u00e4higkeit, was den <b data-path-to-node=\"3\" data-index-in-node=\"368\">Krankenstand<\/b> indirekt durch Ersch\u00f6pfungssymptome belastet.<\/p>\n<p>The <b data-path-to-node=\"3\" data-index-in-node=\"431\">Metabolicscan\u00ae<\/b> bietet hier eine pr\u00e4zise <b data-path-to-node=\"3\" data-index-in-node=\"471\">Prevention<\/b>, indem er durch die Analyse der Atemgase (Spiroergometrie im Ruhemodus) den individuellen Energiestoffwechsel sichtbar macht. Die Integration dieser modernen Diagnostik in das <b data-path-to-node=\"3\" data-index-in-node=\"658\">BGM<\/b> erm\u00f6glicht es Unternehmen, ihre Mitarbeiter bei der Gewichtsregulierung und Vitalit\u00e4tssteigerung evidenzbasiert zu unterst\u00fctzen und somit die langfristige Leistungsf\u00e4higkeit der Belegschaft zu sichern.<\/p>\n<blockquote><p><span style=\"color: #aaad00;\">\u201eDie indirekte Kalorimetrie ist der Goldstandard zur Bestimmung des Ruheenergieverbrauchs und der Substratoxidation. Nur wer wei\u00df, ob der K\u00f6rper effizient Fette verbrennt oder im Kohlenhydratstoffwechsel feststeckt, kann Ern\u00e4hrung und Bewegung wirklich zielf\u00fchrend steuern.\u201c<\/span><\/p>\n<p><span style=\"color: #aaad00;\">\u2014 <b data-path-to-node=\"5,0\" data-index-in-node=\"277\">Prof. Dr. med. Hans Hauner<\/b>, Direktor des Else Kr\u00f6ner-Fresenius-Zentrums f\u00fcr Ern\u00e4hrungsmedizin an der TU M\u00fcnchen.<\/span><\/p><\/blockquote>\n<p>The <strong>Metabolicscan\u00ae<\/strong> erm\u00f6glicht eine genaue <strong>Analyse Ihres Stoffwechsels<\/strong> durch<br \/>\ndie Messung der Atemluft \u2013 Sie erfahren, ob Sie sich im Fett- oder Kohlenhydratverbrennungsmodus befinden und wie Ihr energetischer Ruheumsatz im Vergleich zum Normwert steht. Dies bildet die <strong>essenzielle Grundlage f\u00fcr<\/strong><br \/>\n<strong>gezielte Trainings- und \/ oder Ern\u00e4hrungshandlungen<\/strong> f\u00fcr Ihre Gesundheit.<\/p>\n<p>Based on the results, you will receive a <strong>pers\u00f6nliche Auswertung und gezielte<\/strong><br \/>\n<strong>Empfehlungen<\/strong> von unserem qualifizierten Fachpersonal, um Ihren SToffwechsel anzuregen und langfristig zu verbessern.<\/p>\n<p>F\u00fcr mehr Ideen f\u00fcr <a href=\"https:\/\/www.company-move.de\/gesundheitstage-module\/\">Health days<\/a>, klicken Sie sich gerne durch unsere anderen Angebote f\u00fcr betriebliches Gesundheitsmanagement. Etablieren Sie Gesundheitsf\u00f6rderung in Ihrem Unternehmen mit uns als Ihr BGM-Dienstleister!<\/p>","protected":false},"excerpt":{"rendered":"<p>Produkt Kurzbeschreibung = Excerpt<\/p>\n<p>Quellen<\/p>\n<ul>\n<li>\n<p data-path-to-node=\"9,0,0\"><b data-path-to-node=\"9,0,0\" data-index-in-node=\"0\">RKI-Bericht: \u00dcbergewicht und Adipositas bei Erwachsenen in Deutschland 2024<\/b>, Robert Koch-Institut. (Aktuelle Daten zur Stoffwechselgesundheit der Bev\u00f6lkerung). <i data-path-to-node=\"9,0,0\" data-index-in-node=\"160\">[Offizieller Regierungsbericht]<\/i><\/p>\n<\/li>\n<li>\n<p data-path-to-node=\"9,1,0\"><b data-path-to-node=\"9,1,0\" data-index-in-node=\"0\">DAK-Gesundheitsreport 2024<\/b>, Fokus: Stoffwechselerkrankungen und deren Einfluss auf Arbeitsunf\u00e4higkeitstage. <i data-path-to-node=\"9,1,0\" data-index-in-node=\"108\">[Offizieller Gesundheitsbericht]<\/i><\/p>\n<\/li>\n<li>\n<p data-path-to-node=\"9,2,0\"><b data-path-to-node=\"9,2,0\" data-index-in-node=\"0\">Leitlinie der Deutschen Adipositas-Gesellschaft (DAG) e.V.<\/b>, zur Diagnostik und Therapie der Adipositas. (Best\u00e4tigung der indirekten Kalorimetrie als Referenzmethode). <i data-path-to-node=\"9,2,0\" data-index-in-node=\"167\">[Offizieller medizinischer Fachstandard]<\/i><\/p>\n<\/li>\n<li>\n<p data-path-to-node=\"9,3,0\"><b data-path-to-node=\"9,3,0\" data-index-in-node=\"0\">Publikationen zur Ern\u00e4hrungsmedizin<\/b>, Prof. Dr. Hans Hauner (TU M\u00fcnchen). Fokus: Personalisierte Ern\u00e4hrung basierend auf Stoffwechselprofilen. <i data-path-to-node=\"9,3,0\" data-index-in-node=\"142\">[Experten-Expertise \/ Peer-Review Kontext]<\/i><\/p>\n<\/li>\n<li>\n<p data-path-to-node=\"9,4,0\"><b data-path-to-node=\"9,4,0\" data-index-in-node=\"0\">Journal of Applied Physiology<\/b>, Studie zur Validit\u00e4t mobiler Spiroergometrie-Systeme in Ruhe (indirekte Kalorimetrie). <i data-path-to-node=\"9,4,0\" data-index-in-node=\"118\">[Peer-Review Journal]<\/i><\/p>\n<\/li>\n<\/ul>\n","protected":false},"featured_media":13427,"template":"","meta":{"site-sidebar-layout":"default","site-content-layout":"","ast-site-content-layout":"default","site-content-style":"default","site-sidebar-style":"default","ast-global-header-display":"","ast-banner-title-visibility":"","ast-main-header-display":"","ast-hfb-above-header-display":"","ast-hfb-below-header-display":"","ast-hfb-mobile-header-display":"","site-post-title":"","ast-breadcrumbs-content":"","ast-featured-img":"","footer-sml-layout":"","ast-disable-related-posts":"","theme-transparent-header-meta":"default","adv-header-id-meta":"","stick-header-meta":"default","header-above-stick-meta":"","header-main-stick-meta":"","header-below-stick-meta":"","astra-migrate-meta-layouts":"set","ast-page-background-enabled":"default","ast-page-background-meta":{"desktop":{"background-color":"var(--ast-global-color-4)","background-image":"","background-repeat":"repeat","background-position":"center center","background-size":"auto","background-attachment":"scroll","background-type":"","background-media":"","overlay-type":"","overlay-color":"","overlay-opacity":"","overlay-gradient":""},"tablet":{"background-color":"","background-image":"","background-repeat":"repeat","background-position":"center center","background-size":"auto","background-attachment":"scroll","background-type":"","background-media":"","overlay-type":"","overlay-color":"","overlay-opacity":"","overlay-gradient":""},"mobile":{"background-color":"","background-image":"","background-repeat":"repeat","background-position":"center center","background-size":"auto","background-attachment":"scroll","background-type":"","background-media":"","overlay-type":"","overlay-color":"","overlay-opacity":"","overlay-gradient":""}},"ast-content-background-meta":{"desktop":{"background-color":"var(--ast-global-color-5)","background-image":"","background-repeat":"repeat","background-position":"center center","background-size":"auto","background-attachment":"scroll","background-type":"","background-media":"","overlay-type":"","overlay-color":"","overlay-opacity":"","overlay-gradient":""},"tablet":{"background-color":"var(--ast-global-color-5)","background-image":"","background-repeat":"repeat","background-position":"center center","background-size":"auto","background-attachment":"scroll","background-type":"","background-media":"","overlay-type":"","overlay-color":"","overlay-opacity":"","overlay-gradient":""},"mobile":{"background-color":"var(--ast-global-color-5)","background-image":"","background-repeat":"repeat","background-position":"center center","background-size":"auto","background-attachment":"scroll","background-type":"","background-media":"","overlay-type":"","overlay-color":"","overlay-opacity":"","overlay-gradient":""}}},"product_brand":[],"product_cat":[44,15],"product_tag":[197,83,204],"class_list":{"0":"post-13426","1":"product","2":"type-product","3":"status-publish","4":"has-post-thumbnail","6":"product_cat-gesundheits-check","7":"product_cat-praeventionsmassnahmen","8":"product_tag-metabolic-scan","9":"product_tag-mobil","10":"product_tag-stoffwechselanalyse","11":"pa_dauer-ca-15-min","12":"pa_durchfuehrungsform-praesenz","13":"pa_format-screenings","14":"pa_zielgruppe-berufseinsteigende","15":"pa_zielgruppe-beschaeftigte","16":"desktop-align-left","17":"tablet-align-left","18":"mobile-align-left","19":"ast-product-gallery-layout-horizontal-slider","20":"ast-product-gallery-with-no-image","21":"ast-product-tabs-layout-horizontal","23":"first","24":"instock","25":"virtual","26":"sold-individually","27":"purchasable","28":"product-type-simple"},"yoast_head":"<!-- This site is optimized with the Yoast SEO plugin v27.4 - https:\/\/yoast.com\/product\/yoast-seo-wordpress\/ -->\n<title>Metabolicscan\u00ae - Analyse des Stoffwechsels<\/title>\n<meta name=\"description\" content=\"Wir messen Ihre Atemluft, um den aktuellen Verbrennungsmodus (Fett oder Kohlenhydrate) und Ihren Ruheenergieumsatz zu bestimmen.\" \/>\n<meta name=\"robots\" content=\"index, follow, max-snippet:-1, max-image-preview:large, max-video-preview:-1\" \/>\n<link rel=\"canonical\" href=\"https:\/\/www.company-move.de\/en\/product\/metabolicscan\/\" \/>\n<meta property=\"og:locale\" content=\"en_US\" \/>\n<meta property=\"og:type\" content=\"article\" \/>\n<meta property=\"og:title\" content=\"Metabolicscan\u00ae - Analyse des Stoffwechsels\" \/>\n<meta property=\"og:description\" content=\"Wir messen Ihre Atemluft, um den aktuellen Verbrennungsmodus (Fett oder Kohlenhydrate) und Ihren Ruheenergieumsatz zu bestimmen.\" \/>\n<meta property=\"og:url\" content=\"https:\/\/www.company-move.de\/en\/product\/metabolicscan\/\" \/>\n<meta property=\"og:site_name\" content=\"Company move GmbH\" \/>\n<meta property=\"article:modified_time\" content=\"2026-04-22T10:02:49+00:00\" \/>\n<meta property=\"og:image\" content=\"https:\/\/www.company-move.de\/wp-content\/uploads\/2025\/11\/IMG_2110.jpg\" \/>\n\t<meta property=\"og:image:width\" content=\"2100\" \/>\n\t<meta property=\"og:image:height\" content=\"1576\" \/>\n\t<meta property=\"og:image:type\" content=\"image\/jpeg\" \/>\n<meta name=\"twitter:card\" content=\"summary_large_image\" \/>\n<meta name=\"twitter:label1\" content=\"Est. reading time\" \/>\n\t<meta name=\"twitter:data1\" content=\"2 minutes\" \/>\n<!-- \/ Yoast SEO plugin. -->","yoast_head_json":{"title":"Metabolicscan\u00ae - Analyse des Stoffwechsels","description":"Wir messen Ihre Atemluft, um den aktuellen Verbrennungsmodus (Fett oder Kohlenhydrate) und Ihren Ruheenergieumsatz zu bestimmen.","robots":{"index":"index","follow":"follow","max-snippet":"max-snippet:-1","max-image-preview":"max-image-preview:large","max-video-preview":"max-video-preview:-1"},"canonical":"https:\/\/www.company-move.de\/en\/product\/metabolicscan\/","og_locale":"en_US","og_type":"article","og_title":"Metabolicscan\u00ae - Analyse des Stoffwechsels","og_description":"Wir messen Ihre Atemluft, um den aktuellen Verbrennungsmodus (Fett oder Kohlenhydrate) und Ihren Ruheenergieumsatz zu bestimmen.","og_url":"https:\/\/www.company-move.de\/en\/product\/metabolicscan\/","og_site_name":"Company move GmbH","article_modified_time":"2026-04-22T10:02:49+00:00","og_image":[{"width":2100,"height":1576,"url":"https:\/\/www.company-move.de\/wp-content\/uploads\/2025\/11\/IMG_2110.jpg","type":"image\/jpeg"}],"twitter_card":"summary_large_image","twitter_misc":{"Est. reading time":"2 minutes"},"schema":{"@context":"https:\/\/schema.org","@graph":[{"@type":["WebPage","ItemPage"],"@id":"https:\/\/www.company-move.de\/produkt\/metabolicscan\/","url":"https:\/\/www.company-move.de\/produkt\/metabolicscan\/","name":"Metabolicscan\u00ae - Analyse des Stoffwechsels","isPartOf":{"@id":"https:\/\/www.company-move.de\/#website"},"primaryImageOfPage":{"@id":"https:\/\/www.company-move.de\/produkt\/metabolicscan\/#primaryimage"},"image":{"@id":"https:\/\/www.company-move.de\/produkt\/metabolicscan\/#primaryimage"},"thumbnailUrl":"https:\/\/www.company-move.de\/wp-content\/uploads\/2025\/11\/IMG_2110.jpg","datePublished":"2025-11-04T12:37:26+00:00","dateModified":"2026-04-22T10:02:49+00:00","description":"Wir messen Ihre Atemluft, um den aktuellen Verbrennungsmodus (Fett oder Kohlenhydrate) und Ihren Ruheenergieumsatz zu bestimmen.","breadcrumb":{"@id":"https:\/\/www.company-move.de\/produkt\/metabolicscan\/#breadcrumb"},"inLanguage":"en-US","potentialAction":[{"@type":"ReadAction","target":["https:\/\/www.company-move.de\/produkt\/metabolicscan\/"]}]},{"@type":"ImageObject","inLanguage":"en-US","@id":"https:\/\/www.company-move.de\/produkt\/metabolicscan\/#primaryimage","url":"https:\/\/www.company-move.de\/wp-content\/uploads\/2025\/11\/IMG_2110.jpg","contentUrl":"https:\/\/www.company-move.de\/wp-content\/uploads\/2025\/11\/IMG_2110.jpg","width":2100,"height":1576,"caption":"Metabolicscan\u00ae"},{"@type":"BreadcrumbList","@id":"https:\/\/www.company-move.de\/produkt\/metabolicscan\/#breadcrumb","itemListElement":[{"@type":"ListItem","position":1,"name":"Shop","item":"https:\/\/www.company-move.de\/shop\/"},{"@type":"ListItem","position":2,"name":"Metabolicscan\u00ae"}]},{"@type":"WebSite","@id":"https:\/\/www.company-move.de\/#website","url":"https:\/\/www.company-move.de\/","name":"Company move GmbH","description":"Your expert for occupational health management","publisher":{"@id":"https:\/\/www.company-move.de\/#organization"},"potentialAction":[{"@type":"SearchAction","target":{"@type":"EntryPoint","urlTemplate":"https:\/\/www.company-move.de\/?s={search_term_string}"},"query-input":{"@type":"PropertyValueSpecification","valueRequired":true,"valueName":"search_term_string"}}],"inLanguage":"en-US"},{"@type":"Organization","@id":"https:\/\/www.company-move.de\/#organization","name":"Company move GmbH","url":"https:\/\/www.company-move.de\/","logo":{"@type":"ImageObject","inLanguage":"en-US","@id":"https:\/\/www.company-move.de\/#\/schema\/logo\/image\/","url":"https:\/\/www.company-move.de\/wp-content\/uploads\/2024\/05\/cropped-CM-Logo.png","contentUrl":"https:\/\/www.company-move.de\/wp-content\/uploads\/2024\/05\/cropped-CM-Logo.png","width":1599,"height":795,"caption":"Company move GmbH"},"image":{"@id":"https:\/\/www.company-move.de\/#\/schema\/logo\/image\/"}}]}},"_links":{"self":[{"href":"https:\/\/www.company-move.de\/en\/wp-json\/wp\/v2\/product\/13426","targetHints":{"allow":["GET"]}}],"collection":[{"href":"https:\/\/www.company-move.de\/en\/wp-json\/wp\/v2\/product"}],"about":[{"href":"https:\/\/www.company-move.de\/en\/wp-json\/wp\/v2\/types\/product"}],"wp:featuredmedia":[{"embeddable":true,"href":"https:\/\/www.company-move.de\/en\/wp-json\/wp\/v2\/media\/13427"}],"wp:attachment":[{"href":"https:\/\/www.company-move.de\/en\/wp-json\/wp\/v2\/media?parent=13426"}],"wp:term":[{"taxonomy":"product_brand","embeddable":true,"href":"https:\/\/www.company-move.de\/en\/wp-json\/wp\/v2\/product_brand?post=13426"},{"taxonomy":"product_cat","embeddable":true,"href":"https:\/\/www.company-move.de\/en\/wp-json\/wp\/v2\/product_cat?post=13426"},{"taxonomy":"product_tag","embeddable":true,"href":"https:\/\/www.company-move.de\/en\/wp-json\/wp\/v2\/product_tag?post=13426"}],"curies":[{"name":"wp","href":"https:\/\/api.w.org\/{rel}","templated":true}]}}