{"id":13300,"date":"2025-08-18T08:34:14","date_gmt":"2025-08-18T06:34:14","guid":{"rendered":"https:\/\/www.company-move.de\/?post_type=product&#038;p=13300"},"modified":"2026-04-22T12:03:10","modified_gmt":"2026-04-22T10:03:10","slug":"arterienscreening","status":"publish","type":"product","link":"https:\/\/www.company-move.de\/en\/product\/arterienscreening\/","title":{"rendered":"Arterienscreening"},"content":{"rendered":"<p>Herz-Kreislauf-Erkrankungen sind laut dem <b data-path-to-node=\"3\" data-index-in-node=\"42\">Herzbericht 2024<\/b> die h\u00e4ufigste Todesursache in Deutschland, wobei die periphere arterielle Verschlusskrankheit (PAVK) als massiver Risikofaktor f\u00fcr Herzinfarkte und Schlaganf\u00e4lle gilt. <strong>PAVK betrifft bundesweit 3-10 % der erwachsenen Bev\u00f6lkerung und bei den \u00fcber 70-J\u00e4hrigen 15-20%<\/strong>. Es verl\u00e4uft oft unbemerkt. Da \u00fcber <b data-path-to-node=\"3\" data-index-in-node=\"235\">70 % der Betroffenen<\/b> im Fr\u00fchstadium keine eindeutigen Symptome zeigen, bleibt die Gef\u00e4\u00dfverkalkung oft jahrelang unentdeckt und gef\u00e4hrdet die langfristige Arbeitsf\u00e4higkeit.<\/p>\n<p>Ein fr\u00fchzeitiges <b data-path-to-node=\"3\" data-index-in-node=\"424\">Arterienscreening<\/b> ist daher eine entscheidende Ma\u00dfnahme der <a href=\"https:\/\/www.company-move.de\/bgm\/gesundheitsthemen\/praeventionsmassnahmen\/\"><b data-path-to-node=\"3\" data-index-in-node=\"484\">Prevention<\/b><\/a>, um Gef\u00e4\u00dfver\u00e4nderungen bereits im symptomfreien Stadium zu identifizieren. Durch die Integration dieses <a href=\"https:\/\/www.company-move.de\/format\/screenings\/\">Screenings<\/a> in Ihr <b data-path-to-node=\"3\" data-index-in-node=\"617\">BGM<\/b> sch\u00fctzen Sie Ihre Belegschaft vor schwerwiegenden Folgeerkrankungen und sichern die Vitalit\u00e4t Ihres Unternehmens bei gleichzeitigem Sinken des langfristigen <b data-path-to-node=\"3\" data-index-in-node=\"778\">Krankenstands<\/b>.<\/p>\n<blockquote><p><span style=\"color: #aaad00;\">\u201eDer Kn\u00f6chel-Arm-Index (ABI) ist nicht nur ein Instrument zur Diagnose einer PAVK, sondern einer der st\u00e4rksten Pr\u00e4diktoren f\u00fcr das allgemeine kardiovaskul\u00e4re Risiko. Ein pathologischer ABI-Wert signalisiert uns fr\u00fchzeitig ein hohes Risiko f\u00fcr Herzinfarkt und Schlaganfall, noch bevor klinische Symptome auftreten.\u201c<\/span><\/p>\n<p><span style=\"color: #aaad00;\">\u2014 <b data-path-to-node=\"6,0\" data-index-in-node=\"317\">Prof. Dr. med. Holger Lawall<\/b>, Vorstandsmitglied der Deutschen Gesellschaft f\u00fcr Angiologie (DGA) und Experte f\u00fcr Gef\u00e4\u00dfmedizin.<\/span><\/p><\/blockquote>\n<p>The <strong>Arterienscreening<\/strong> mit dem MESI ABPI MD dient der schnellen, nicht-invasiven und schmerzfreien <strong>Erkennung der peripheren arteriellen Verschlusskrankheit<\/strong> (PAVK). Diese Erkrankung ist eine <strong>Folge von Arteriosklerose<\/strong> (Gef\u00e4\u00dfverkalkung), bei der es zu einer Verengung oder Blockade der Arterien \u2013 vor allem in den Beinen \u2013 kommt. Sie wird daher auch als LEAD (Lower Extremity Artery Disease) bezeichnet.<\/p>\n<p>Hinweis: Die Messung ersetzt keine \u00e4rztliche Diagnose, erm\u00f6glicht aber eine fr\u00fchzeitige Identifikation von Risikopersonen zur gezielten Weiterleitung in die \u00e4rztliche Versorgung. Bitte beachten Sie, dass bei sehr dicker Kleidung ggf. eine teilweise Entkleidung erforderlich sein kann, um eine korrekte Messung zu gew\u00e4hrleisten.<\/p>\n<p>F\u00fcr mehr Ideen f\u00fcr <a href=\"https:\/\/www.company-move.de\/gesundheitstage-module\/\">Health days<\/a>, klicken Sie sich gerne durch unsere anderen Angebote f\u00fcr betriebliches Gesundheitsmanagement. Etablieren Sie Gesundheitsf\u00f6rderung in Ihrem Unternehmen mit uns als Ihr BGM-Dienstleister!<\/p>","protected":false},"excerpt":{"rendered":"<p>Produkt Kurzbeschreibung = Excerpt<\/p>\n<p>Quellen<\/p>\n<ul>\n<li>\n<p data-path-to-node=\"10,0,0\"><b data-path-to-node=\"10,0,0\" data-index-in-node=\"0\">Deutscher Herzbericht 2024<\/b>, Deutsche Herzstiftung e.V. (Fokus: Herz-Kreislauf-Statistiken und Pr\u00e4ventionsstrategien). <i data-path-to-node=\"10,0,0\" data-index-in-node=\"118\">[Offizieller Fachbericht]<\/i><\/p>\n<\/li>\n<li>\n<p data-path-to-node=\"10,1,0\"><b data-path-to-node=\"10,1,0\" data-index-in-node=\"0\">S3-Leitlinie: PAVK \u2013 Diagnostik, Therapie und Nachsorge<\/b>, AWMF-Registernummer 065-003. (Medizinischer Goldstandard f\u00fcr das Arterienscreening mittels ABI). <i data-path-to-node=\"10,1,0\" data-index-in-node=\"154\">[Offizieller medizinischer Fachstandard]<\/i><\/p>\n<\/li>\n<li>\n<p data-path-to-node=\"10,2,0\"><b data-path-to-node=\"10,2,0\" data-index-in-node=\"0\">DAK-Gesundheitsreport 2024<\/b>, Analyse der Arbeitsunf\u00e4higkeitstage aufgrund von Kreislaufsystem-Erkrankungen. <i data-path-to-node=\"10,2,0\" data-index-in-node=\"107\">[Offizieller Gesundheitsbericht]<\/i><\/p>\n<\/li>\n<li>\n<p data-path-to-node=\"10,3,0\"><b data-path-to-node=\"10,3,0\" data-index-in-node=\"0\">Publikationen der Deutschen Gesellschaft f\u00fcr Angiologie (DGA)<\/b>, Prof. Dr. Holger Lawall zur Bedeutung des ABI-Screenings in der Pr\u00e4ventivmedizin. <i data-path-to-node=\"10,3,0\" data-index-in-node=\"145\">[Experten-Expertise \/ Peer-Review Kontext]<\/i><\/p>\n<\/li>\n<li>\n<p data-path-to-node=\"10,4,0\"><b data-path-to-node=\"10,4,0\" data-index-in-node=\"0\">Gewehr et al. (2023): Automated ABI measurement in clinical practice<\/b>, Journal of Vascular Nursing (Untersuchung zur Validit\u00e4t oszillometrischer ABI-Systeme wie MESI). <i data-path-to-node=\"10,4,0\" data-index-in-node=\"167\">[Peer-Review Journal]<\/i><\/p>\n<\/li>\n<\/ul>\n","protected":false},"featured_media":13302,"template":"","meta":{"site-sidebar-layout":"default","site-content-layout":"","ast-site-content-layout":"default","site-content-style":"default","site-sidebar-style":"default","ast-global-header-display":"","ast-banner-title-visibility":"","ast-main-header-display":"","ast-hfb-above-header-display":"","ast-hfb-below-header-display":"","ast-hfb-mobile-header-display":"","site-post-title":"","ast-breadcrumbs-content":"","ast-featured-img":"","footer-sml-layout":"","ast-disable-related-posts":"","theme-transparent-header-meta":"default","adv-header-id-meta":"","stick-header-meta":"default","header-above-stick-meta":"","header-main-stick-meta":"","header-below-stick-meta":"","astra-migrate-meta-layouts":"set","ast-page-background-enabled":"default","ast-page-background-meta":{"desktop":{"background-color":"var(--ast-global-color-4)","background-image":"","background-repeat":"repeat","background-position":"center center","background-size":"auto","background-attachment":"scroll","background-type":"","background-media":"","overlay-type":"","overlay-color":"","overlay-opacity":"","overlay-gradient":""},"tablet":{"background-color":"","background-image":"","background-repeat":"repeat","background-position":"center center","background-size":"auto","background-attachment":"scroll","background-type":"","background-media":"","overlay-type":"","overlay-color":"","overlay-opacity":"","overlay-gradient":""},"mobile":{"background-color":"","background-image":"","background-repeat":"repeat","background-position":"center center","background-size":"auto","background-attachment":"scroll","background-type":"","background-media":"","overlay-type":"","overlay-color":"","overlay-opacity":"","overlay-gradient":""}},"ast-content-background-meta":{"desktop":{"background-color":"var(--ast-global-color-5)","background-image":"","background-repeat":"repeat","background-position":"center center","background-size":"auto","background-attachment":"scroll","background-type":"","background-media":"","overlay-type":"","overlay-color":"","overlay-opacity":"","overlay-gradient":""},"tablet":{"background-color":"var(--ast-global-color-5)","background-image":"","background-repeat":"repeat","background-position":"center center","background-size":"auto","background-attachment":"scroll","background-type":"","background-media":"","overlay-type":"","overlay-color":"","overlay-opacity":"","overlay-gradient":""},"mobile":{"background-color":"var(--ast-global-color-5)","background-image":"","background-repeat":"repeat","background-position":"center center","background-size":"auto","background-attachment":"scroll","background-type":"","background-media":"","overlay-type":"","overlay-color":"","overlay-opacity":"","overlay-gradient":""}}},"product_brand":[],"product_cat":[44,15],"product_tag":[205,83,206,77],"class_list":{"0":"post-13300","1":"product","2":"type-product","3":"status-publish","4":"has-post-thumbnail","6":"product_cat-gesundheits-check","7":"product_cat-praeventionsmassnahmen","8":"product_tag-arterien-screening","9":"product_tag-mobil","10":"product_tag-prophylaxe","11":"product_tag-top","12":"pa_dauer-ca-15-min","13":"pa_durchfuehrungsform-praesenz","14":"pa_format-screenings","15":"pa_zielgruppe-berufseinsteigende","16":"pa_zielgruppe-beschaeftigte","17":"desktop-align-left","18":"tablet-align-left","19":"mobile-align-left","20":"ast-product-gallery-layout-horizontal-slider","21":"ast-product-gallery-with-no-image","22":"ast-product-tabs-layout-horizontal","24":"first","25":"instock","26":"virtual","27":"sold-individually","28":"purchasable","29":"product-type-simple"},"yoast_head":"<!-- This site is optimized with the Yoast SEO plugin v27.4 - https:\/\/yoast.com\/product\/yoast-seo-wordpress\/ -->\n<title>Arterienscreening \u2013 Verengungen &amp; Blockaden fr\u00fcher erkennen - Company move GmbH<\/title>\n<meta name=\"description\" content=\"Wir f\u00fchren eine fr\u00fchzeitige Analyse zur Erkennung einer peripheren arteriellen Verschlusskrankheit durch - schnell, nicht-invasiv und schmerzfrei.\" \/>\n<meta name=\"robots\" content=\"index, follow, max-snippet:-1, max-image-preview:large, max-video-preview:-1\" \/>\n<link rel=\"canonical\" href=\"https:\/\/www.company-move.de\/en\/product\/arterienscreening\/\" \/>\n<meta property=\"og:locale\" content=\"en_US\" \/>\n<meta property=\"og:type\" content=\"article\" \/>\n<meta property=\"og:title\" content=\"Arterienscreening \u2013 Verengungen &amp; Blockaden fr\u00fcher erkennen - Company move GmbH\" \/>\n<meta property=\"og:description\" content=\"Wir f\u00fchren eine fr\u00fchzeitige Analyse zur Erkennung einer peripheren arteriellen Verschlusskrankheit durch - schnell, nicht-invasiv und schmerzfrei.\" \/>\n<meta property=\"og:url\" content=\"https:\/\/www.company-move.de\/en\/product\/arterienscreening\/\" \/>\n<meta property=\"og:site_name\" content=\"Company move GmbH\" \/>\n<meta property=\"article:modified_time\" content=\"2026-04-22T10:03:10+00:00\" \/>\n<meta property=\"og:image\" content=\"https:\/\/www.company-move.de\/wp-content\/uploads\/2025\/08\/arteriencheck-arterienscreening-pavk-fruherkennung.jpg.jpg\" \/>\n\t<meta property=\"og:image:width\" content=\"1600\" \/>\n\t<meta property=\"og:image:height\" content=\"1200\" \/>\n\t<meta property=\"og:image:type\" content=\"image\/jpeg\" \/>\n<meta name=\"twitter:card\" content=\"summary_large_image\" \/>\n<meta name=\"twitter:label1\" content=\"Est. reading time\" \/>\n\t<meta name=\"twitter:data1\" content=\"2 minutes\" \/>\n<!-- \/ Yoast SEO plugin. -->","yoast_head_json":{"title":"Arterienscreening \u2013 Verengungen & Blockaden fr\u00fcher erkennen - Company move GmbH","description":"Wir f\u00fchren eine fr\u00fchzeitige Analyse zur Erkennung einer peripheren arteriellen Verschlusskrankheit durch - schnell, nicht-invasiv und schmerzfrei.","robots":{"index":"index","follow":"follow","max-snippet":"max-snippet:-1","max-image-preview":"max-image-preview:large","max-video-preview":"max-video-preview:-1"},"canonical":"https:\/\/www.company-move.de\/en\/product\/arterienscreening\/","og_locale":"en_US","og_type":"article","og_title":"Arterienscreening \u2013 Verengungen & Blockaden fr\u00fcher erkennen - Company move GmbH","og_description":"Wir f\u00fchren eine fr\u00fchzeitige Analyse zur Erkennung einer peripheren arteriellen Verschlusskrankheit durch - schnell, nicht-invasiv und schmerzfrei.","og_url":"https:\/\/www.company-move.de\/en\/product\/arterienscreening\/","og_site_name":"Company move GmbH","article_modified_time":"2026-04-22T10:03:10+00:00","og_image":[{"width":1600,"height":1200,"url":"https:\/\/www.company-move.de\/wp-content\/uploads\/2025\/08\/arteriencheck-arterienscreening-pavk-fruherkennung.jpg.jpg","type":"image\/jpeg"}],"twitter_card":"summary_large_image","twitter_misc":{"Est. reading time":"2 minutes"},"schema":{"@context":"https:\/\/schema.org","@graph":[{"@type":["WebPage","ItemPage"],"@id":"https:\/\/www.company-move.de\/produkt\/arterienscreening\/","url":"https:\/\/www.company-move.de\/produkt\/arterienscreening\/","name":"Arterienscreening \u2013 Verengungen & Blockaden fr\u00fcher erkennen - Company move GmbH","isPartOf":{"@id":"https:\/\/www.company-move.de\/#website"},"primaryImageOfPage":{"@id":"https:\/\/www.company-move.de\/produkt\/arterienscreening\/#primaryimage"},"image":{"@id":"https:\/\/www.company-move.de\/produkt\/arterienscreening\/#primaryimage"},"thumbnailUrl":"https:\/\/www.company-move.de\/wp-content\/uploads\/2025\/08\/arteriencheck-arterienscreening-pavk-fruherkennung.jpg.jpg","datePublished":"2025-08-18T06:34:14+00:00","dateModified":"2026-04-22T10:03:10+00:00","description":"Wir f\u00fchren eine fr\u00fchzeitige Analyse zur Erkennung einer peripheren arteriellen Verschlusskrankheit durch - schnell, nicht-invasiv und schmerzfrei.","breadcrumb":{"@id":"https:\/\/www.company-move.de\/produkt\/arterienscreening\/#breadcrumb"},"inLanguage":"en-US","potentialAction":[{"@type":"ReadAction","target":["https:\/\/www.company-move.de\/produkt\/arterienscreening\/"]}]},{"@type":"ImageObject","inLanguage":"en-US","@id":"https:\/\/www.company-move.de\/produkt\/arterienscreening\/#primaryimage","url":"https:\/\/www.company-move.de\/wp-content\/uploads\/2025\/08\/arteriencheck-arterienscreening-pavk-fruherkennung.jpg.jpg","contentUrl":"https:\/\/www.company-move.de\/wp-content\/uploads\/2025\/08\/arteriencheck-arterienscreening-pavk-fruherkennung.jpg.jpg","width":1600,"height":1200,"caption":"Schnelles und schmerzfreies Arterienscreening zur Fr\u00fcherkennung im Rahmen des betrieblichen Gesundheitsmanagements"},{"@type":"BreadcrumbList","@id":"https:\/\/www.company-move.de\/produkt\/arterienscreening\/#breadcrumb","itemListElement":[{"@type":"ListItem","position":1,"name":"Shop","item":"https:\/\/www.company-move.de\/shop\/"},{"@type":"ListItem","position":2,"name":"Arterienscreening"}]},{"@type":"WebSite","@id":"https:\/\/www.company-move.de\/#website","url":"https:\/\/www.company-move.de\/","name":"Company move GmbH","description":"Your expert for occupational health management","publisher":{"@id":"https:\/\/www.company-move.de\/#organization"},"potentialAction":[{"@type":"SearchAction","target":{"@type":"EntryPoint","urlTemplate":"https:\/\/www.company-move.de\/?s={search_term_string}"},"query-input":{"@type":"PropertyValueSpecification","valueRequired":true,"valueName":"search_term_string"}}],"inLanguage":"en-US"},{"@type":"Organization","@id":"https:\/\/www.company-move.de\/#organization","name":"Company move GmbH","url":"https:\/\/www.company-move.de\/","logo":{"@type":"ImageObject","inLanguage":"en-US","@id":"https:\/\/www.company-move.de\/#\/schema\/logo\/image\/","url":"https:\/\/www.company-move.de\/wp-content\/uploads\/2024\/05\/cropped-CM-Logo.png","contentUrl":"https:\/\/www.company-move.de\/wp-content\/uploads\/2024\/05\/cropped-CM-Logo.png","width":1599,"height":795,"caption":"Company move GmbH"},"image":{"@id":"https:\/\/www.company-move.de\/#\/schema\/logo\/image\/"}}]}},"_links":{"self":[{"href":"https:\/\/www.company-move.de\/en\/wp-json\/wp\/v2\/product\/13300","targetHints":{"allow":["GET"]}}],"collection":[{"href":"https:\/\/www.company-move.de\/en\/wp-json\/wp\/v2\/product"}],"about":[{"href":"https:\/\/www.company-move.de\/en\/wp-json\/wp\/v2\/types\/product"}],"wp:featuredmedia":[{"embeddable":true,"href":"https:\/\/www.company-move.de\/en\/wp-json\/wp\/v2\/media\/13302"}],"wp:attachment":[{"href":"https:\/\/www.company-move.de\/en\/wp-json\/wp\/v2\/media?parent=13300"}],"wp:term":[{"taxonomy":"product_brand","embeddable":true,"href":"https:\/\/www.company-move.de\/en\/wp-json\/wp\/v2\/product_brand?post=13300"},{"taxonomy":"product_cat","embeddable":true,"href":"https:\/\/www.company-move.de\/en\/wp-json\/wp\/v2\/product_cat?post=13300"},{"taxonomy":"product_tag","embeddable":true,"href":"https:\/\/www.company-move.de\/en\/wp-json\/wp\/v2\/product_tag?post=13300"}],"curies":[{"name":"wp","href":"https:\/\/api.w.org\/{rel}","templated":true}]}}