{"id":12598,"date":"2025-03-24T11:56:48","date_gmt":"2025-03-24T10:56:48","guid":{"rendered":"https:\/\/www.company-move.de\/?post_type=product&#038;p=12598"},"modified":"2026-04-22T12:03:39","modified_gmt":"2026-04-22T10:03:39","slug":"mental-health-parcours","status":"publish","type":"product","link":"https:\/\/www.company-move.de\/en\/product\/mental-health-parcours\/","title":{"rendered":"Mental Health Parcours"},"content":{"rendered":"<p>Psychische Erkrankungen haben laut dem <b data-path-to-node=\"3\" data-index-in-node=\"39\">DAK-Psychreport 2024<\/b> einen neuen H\u00f6chststand erreicht: Mit durchschnittlich <b data-path-to-node=\"3\" data-index-in-node=\"115\">323 Fehltagen pro 100 Versicherten<\/b> stellen sie eine enorme wirtschaftliche Belastung dar und sind oft f\u00fcr besonders lange Ausfallzeiten verantwortlich. Vor dem Hintergrund steigender Arbeitsverdichtung ist eine proaktive <b data-path-to-node=\"3\" data-index-in-node=\"336\">Prevention<\/b> zur St\u00e4rkung der <a href=\"https:\/\/www.company-move.de\/bgm\/gesundheitsthemen\/psychische-gesundheit\/\">psychischen Widerstandsf\u00e4higkeit<\/a> unverzichtbar geworden, um den <b data-path-to-node=\"3\" data-index-in-node=\"428\">Krankenstand<\/b> nachhaltig zu senken.<\/p>\n<p>The <b data-path-to-node=\"3\" data-index-in-node=\"467\">Mental Health Parcours<\/b> bietet hierf\u00fcr einen niederschwelligen, interaktiven Zugang, der wissenschaftlich fundierte Strategien zur <a href=\"https:\/\/www.company-move.de\/bgm\/gesundheitsthemen\/stressbewaeltigung\/\">Stress management<\/a> direkt in den Arbeitsalltag transferiert. Durch die Integration dieses Moduls in Ihr <b data-path-to-node=\"3\" data-index-in-node=\"700\">BGM<\/b> f\u00f6rdern Sie aktiv die<a href=\"https:\/\/www.company-move.de\/bgm\/gesundheitsthemen\/psychische-gesundheit\/\"> psychische Gesundheit<\/a> und schaffen eine Unternehmenskultur, in der mentale St\u00e4rke als wertvolle Ressource verstanden wird.<\/p>\n<blockquote><p><span style=\"color: #aaad00;\">\u201eWir m\u00fcssen psychische Gesundheit genauso ernst nehmen wie k\u00f6rperliche Fitness. Pr\u00e4vention bedeutet hier vor allem, die Selbstwirksamkeit der Besch\u00e4ftigten zu st\u00e4rken und ihnen Werkzeuge an die Hand zu geben, mit denen sie Belastungen fr\u00fchzeitig erkennen und regulieren k\u00f6nnen.\u201c<\/span><\/p>\n<p><span style=\"color: #aaad00;\">\u2014 <b data-path-to-node=\"5,0\" data-index-in-node=\"281\">Prof. Dr. Ulrich Hegerl<\/b>, Vorstandsvorsitzender der Stiftung Deutsche Depressionshilfe und Suizidpr\u00e4vention sowie Inhaber des Senckenberg-Lehrstuhls an der Goethe-Universit\u00e4t Frankfurt.<\/span><\/p><\/blockquote>\n<p>The<strong> Mental Health Parcours<\/strong> is an interactive concept that consists of <strong>five stations<\/strong> and aims to improve the <strong>Awareness of mental health<\/strong> to sharpen their mindset. Through various activities such as the Mental Health Quiz, gratitude exercises, relaxation through movement, self-care and healthy snacks, participants are given valuable tools to improve their mental health. <strong>strengthen mental resilience<\/strong>.<\/p>\n<p>This course offers a comprehensive and<strong> Practical approach<\/strong> to promote mental health.<\/p>\n<p>F\u00fcr mehr Ideen f\u00fcr <a href=\"https:\/\/www.company-move.de\/gesundheitstage-module\/\">Health days<\/a>, klicken Sie sich gerne durch unsere anderen Angebote f\u00fcr betriebliches Gesundheitsmanagement. Etablieren Sie Gesundheitsf\u00f6rderung in Ihrem Unternehmen mit uns als Ihr BGM-Dienstleister!<\/p>","protected":false},"excerpt":{"rendered":"<p>Produkt Kurzbeschreibung = Excerpt<\/p>\n<p>Quellen<\/p>\n<ul>\n<li>\n<p data-path-to-node=\"9,0,0\"><b data-path-to-node=\"9,0,0\" data-index-in-node=\"0\">DAK-Psychreport 2024<\/b>, Herausgeber: DAK-Gesundheit. (Analyse der Arbeitsunf\u00e4higkeitsdaten aufgrund psychischer Diagnosen 2023\/2024). <i data-path-to-node=\"9,0,0\" data-index-in-node=\"132\">[Offizieller Gesundheitsbericht]<\/i><\/p>\n<\/li>\n<li>\n<p data-path-to-node=\"9,1,0\"><b data-path-to-node=\"9,1,0\" data-index-in-node=\"0\">Fehlzeiten-Report 2024<\/b>, Herausgeber: WIdO (Wissenschaftliches Institut der AOK). Fokus: Psychische Belastungen in der modernen Arbeitswelt. <i data-path-to-node=\"9,1,0\" data-index-in-node=\"140\">[Offizieller Forschungsbericht]<\/i><\/p>\n<\/li>\n<li>\n<p data-path-to-node=\"9,2,0\"><b data-path-to-node=\"9,2,0\" data-index-in-node=\"0\">RKI-Bericht: Psychische Gesundheit in Deutschland 2023\/2024<\/b>, Robert Koch-Institut. <i data-path-to-node=\"9,2,0\" data-index-in-node=\"83\">[Offizieller Regierungsbericht]<\/i><\/p>\n<\/li>\n<li>\n<p data-path-to-node=\"9,3,0\"><b data-path-to-node=\"9,3,0\" data-index-in-node=\"0\">Publikationen der Stiftung Deutsche Depressionshilfe<\/b>, Prof. Dr. Ulrich Hegerl. (Strategien zur betrieblichen Pr\u00e4vention psychischer Leiden). <i data-path-to-node=\"9,3,0\" data-index-in-node=\"141\">[Experten-Expertise \/ Peer-Review-Kontext]<\/i><\/p>\n<\/li>\n<li>\n<p data-path-to-node=\"9,4,0\"><b data-path-to-node=\"9,4,0\" data-index-in-node=\"0\">Journal of Occupational Health Psychology<\/b>, Meta-Analyse zur Wirksamkeit von Workplace-Wellbeing-Interaktionen. <i data-path-to-node=\"9,4,0\" data-index-in-node=\"111\">[Peer-Review Journal]<\/i><\/p>\n<\/li>\n<\/ul>\n","protected":false},"featured_media":12664,"template":"","meta":{"site-sidebar-layout":"default","site-content-layout":"","ast-site-content-layout":"default","site-content-style":"default","site-sidebar-style":"default","ast-global-header-display":"","ast-banner-title-visibility":"","ast-main-header-display":"","ast-hfb-above-header-display":"","ast-hfb-below-header-display":"","ast-hfb-mobile-header-display":"","site-post-title":"","ast-breadcrumbs-content":"","ast-featured-img":"","footer-sml-layout":"","ast-disable-related-posts":"","theme-transparent-header-meta":"default","adv-header-id-meta":"","stick-header-meta":"default","header-above-stick-meta":"","header-main-stick-meta":"","header-below-stick-meta":"","astra-migrate-meta-layouts":"set","ast-page-background-enabled":"default","ast-page-background-meta":{"desktop":{"background-color":"var(--ast-global-color-4)","background-image":"","background-repeat":"repeat","background-position":"center center","background-size":"auto","background-attachment":"scroll","background-type":"","background-media":"","overlay-type":"","overlay-color":"","overlay-opacity":"","overlay-gradient":""},"tablet":{"background-color":"","background-image":"","background-repeat":"repeat","background-position":"center center","background-size":"auto","background-attachment":"scroll","background-type":"","background-media":"","overlay-type":"","overlay-color":"","overlay-opacity":"","overlay-gradient":""},"mobile":{"background-color":"","background-image":"","background-repeat":"repeat","background-position":"center center","background-size":"auto","background-attachment":"scroll","background-type":"","background-media":"","overlay-type":"","overlay-color":"","overlay-opacity":"","overlay-gradient":""}},"ast-content-background-meta":{"desktop":{"background-color":"var(--ast-global-color-5)","background-image":"","background-repeat":"repeat","background-position":"center center","background-size":"auto","background-attachment":"scroll","background-type":"","background-media":"","overlay-type":"","overlay-color":"","overlay-opacity":"","overlay-gradient":""},"tablet":{"background-color":"var(--ast-global-color-5)","background-image":"","background-repeat":"repeat","background-position":"center center","background-size":"auto","background-attachment":"scroll","background-type":"","background-media":"","overlay-type":"","overlay-color":"","overlay-opacity":"","overlay-gradient":""},"mobile":{"background-color":"var(--ast-global-color-5)","background-image":"","background-repeat":"repeat","background-position":"center center","background-size":"auto","background-attachment":"scroll","background-type":"","background-media":"","overlay-type":"","overlay-color":"","overlay-opacity":"","overlay-gradient":""}}},"product_brand":[],"product_cat":[40,41,46,48,50],"product_tag":[207,208,209,77],"class_list":{"0":"post-12598","1":"product","2":"type-product","3":"status-publish","4":"has-post-thumbnail","6":"product_cat-bewusste-ernaehrung","7":"product_cat-entspannung","8":"product_cat-motivation","9":"product_cat-psychische-gesundheit","10":"product_cat-schulungen-weiterbildung","11":"product_tag-burnout","12":"product_tag-burnout-praevention","13":"product_tag-mental-load","14":"product_tag-top","15":"pa_dauer-ganztaegig","16":"pa_durchfuehrungsform-praesenz","17":"pa_format-gesundheitsaktionen","18":"pa_format-motivationsmodule-teambuilding","19":"pa_zielgruppe-berufseinsteigende","20":"pa_zielgruppe-beschaeftigte","21":"desktop-align-left","22":"tablet-align-left","23":"mobile-align-left","24":"ast-product-gallery-layout-horizontal-slider","25":"ast-product-gallery-with-no-image","26":"ast-product-tabs-layout-horizontal","28":"first","29":"instock","30":"virtual","31":"sold-individually","32":"purchasable","33":"product-type-simple"},"yoast_head":"<!-- This site is optimized with the Yoast SEO plugin v27.5 - https:\/\/yoast.com\/product\/yoast-seo-wordpress\/ -->\n<title>Mental Health Parcours<\/title>\n<meta name=\"description\" content=\"Erleben Sie den interaktiven Mental Health Parcours und st\u00e4rken Sie Ihre mentale Widerstandsf\u00e4higkeit durch gezielte \u00dcbungen und Aktivit\u00e4ten.\" \/>\n<meta name=\"robots\" content=\"index, follow, max-snippet:-1, max-image-preview:large, max-video-preview:-1\" \/>\n<link rel=\"canonical\" href=\"https:\/\/www.company-move.de\/en\/product\/mental-health-parcours\/\" \/>\n<meta property=\"og:locale\" content=\"en_US\" \/>\n<meta property=\"og:type\" content=\"article\" \/>\n<meta property=\"og:title\" content=\"Mental Health Parcours\" \/>\n<meta property=\"og:description\" content=\"Erleben Sie den interaktiven Mental Health Parcours und st\u00e4rken Sie Ihre mentale Widerstandsf\u00e4higkeit durch gezielte \u00dcbungen und Aktivit\u00e4ten.\" \/>\n<meta property=\"og:url\" content=\"https:\/\/www.company-move.de\/en\/product\/mental-health-parcours\/\" \/>\n<meta property=\"og:site_name\" content=\"Company move GmbH\" \/>\n<meta property=\"article:modified_time\" content=\"2026-04-22T10:03:39+00:00\" \/>\n<meta property=\"og:image\" content=\"https:\/\/www.company-move.de\/wp-content\/uploads\/2025\/03\/mental-health-parcours-scaled.jpg\" \/>\n\t<meta property=\"og:image:width\" content=\"2560\" \/>\n\t<meta property=\"og:image:height\" content=\"1920\" \/>\n\t<meta property=\"og:image:type\" content=\"image\/jpeg\" \/>\n<meta name=\"twitter:card\" content=\"summary_large_image\" \/>\n<meta name=\"twitter:label1\" content=\"Est. reading time\" \/>\n\t<meta name=\"twitter:data1\" content=\"2 minutes\" \/>\n<!-- \/ Yoast SEO plugin. -->","yoast_head_json":{"title":"Mental Health Parcours","description":"Erleben Sie den interaktiven Mental Health Parcours und st\u00e4rken Sie Ihre mentale Widerstandsf\u00e4higkeit durch gezielte \u00dcbungen und Aktivit\u00e4ten.","robots":{"index":"index","follow":"follow","max-snippet":"max-snippet:-1","max-image-preview":"max-image-preview:large","max-video-preview":"max-video-preview:-1"},"canonical":"https:\/\/www.company-move.de\/en\/product\/mental-health-parcours\/","og_locale":"en_US","og_type":"article","og_title":"Mental Health Parcours","og_description":"Erleben Sie den interaktiven Mental Health Parcours und st\u00e4rken Sie Ihre mentale Widerstandsf\u00e4higkeit durch gezielte \u00dcbungen und Aktivit\u00e4ten.","og_url":"https:\/\/www.company-move.de\/en\/product\/mental-health-parcours\/","og_site_name":"Company move GmbH","article_modified_time":"2026-04-22T10:03:39+00:00","og_image":[{"width":2560,"height":1920,"url":"https:\/\/www.company-move.de\/wp-content\/uploads\/2025\/03\/mental-health-parcours-scaled.jpg","type":"image\/jpeg"}],"twitter_card":"summary_large_image","twitter_misc":{"Est. reading time":"2 minutes"},"schema":{"@context":"https:\/\/schema.org","@graph":[{"@type":["WebPage","ItemPage"],"@id":"https:\/\/www.company-move.de\/produkt\/mental-health-parcours\/","url":"https:\/\/www.company-move.de\/produkt\/mental-health-parcours\/","name":"Mental Health Parcours","isPartOf":{"@id":"https:\/\/www.company-move.de\/#website"},"primaryImageOfPage":{"@id":"https:\/\/www.company-move.de\/produkt\/mental-health-parcours\/#primaryimage"},"image":{"@id":"https:\/\/www.company-move.de\/produkt\/mental-health-parcours\/#primaryimage"},"thumbnailUrl":"https:\/\/www.company-move.de\/wp-content\/uploads\/2025\/03\/mental-health-parcours-scaled.jpg","datePublished":"2025-03-24T10:56:48+00:00","dateModified":"2026-04-22T10:03:39+00:00","description":"Erleben Sie den interaktiven Mental Health Parcours und st\u00e4rken Sie Ihre mentale Widerstandsf\u00e4higkeit durch gezielte \u00dcbungen und Aktivit\u00e4ten.","breadcrumb":{"@id":"https:\/\/www.company-move.de\/produkt\/mental-health-parcours\/#breadcrumb"},"inLanguage":"en-US","potentialAction":[{"@type":"ReadAction","target":["https:\/\/www.company-move.de\/produkt\/mental-health-parcours\/"]}]},{"@type":"ImageObject","inLanguage":"en-US","@id":"https:\/\/www.company-move.de\/produkt\/mental-health-parcours\/#primaryimage","url":"https:\/\/www.company-move.de\/wp-content\/uploads\/2025\/03\/mental-health-parcours-scaled.jpg","contentUrl":"https:\/\/www.company-move.de\/wp-content\/uploads\/2025\/03\/mental-health-parcours-scaled.jpg","width":2560,"height":1920,"caption":"Mental Health Parcours"},{"@type":"BreadcrumbList","@id":"https:\/\/www.company-move.de\/produkt\/mental-health-parcours\/#breadcrumb","itemListElement":[{"@type":"ListItem","position":1,"name":"Shop","item":"https:\/\/www.company-move.de\/shop\/"},{"@type":"ListItem","position":2,"name":"Mental Health Parcours"}]},{"@type":"WebSite","@id":"https:\/\/www.company-move.de\/#website","url":"https:\/\/www.company-move.de\/","name":"Company move GmbH","description":"Your expert for occupational health management","publisher":{"@id":"https:\/\/www.company-move.de\/#organization"},"potentialAction":[{"@type":"SearchAction","target":{"@type":"EntryPoint","urlTemplate":"https:\/\/www.company-move.de\/?s={search_term_string}"},"query-input":{"@type":"PropertyValueSpecification","valueRequired":true,"valueName":"search_term_string"}}],"inLanguage":"en-US"},{"@type":"Organization","@id":"https:\/\/www.company-move.de\/#organization","name":"Company move GmbH","url":"https:\/\/www.company-move.de\/","logo":{"@type":"ImageObject","inLanguage":"en-US","@id":"https:\/\/www.company-move.de\/#\/schema\/logo\/image\/","url":"https:\/\/www.company-move.de\/wp-content\/uploads\/2024\/05\/cropped-CM-Logo.png","contentUrl":"https:\/\/www.company-move.de\/wp-content\/uploads\/2024\/05\/cropped-CM-Logo.png","width":1599,"height":795,"caption":"Company move GmbH"},"image":{"@id":"https:\/\/www.company-move.de\/#\/schema\/logo\/image\/"}}]}},"_links":{"self":[{"href":"https:\/\/www.company-move.de\/en\/wp-json\/wp\/v2\/product\/12598","targetHints":{"allow":["GET"]}}],"collection":[{"href":"https:\/\/www.company-move.de\/en\/wp-json\/wp\/v2\/product"}],"about":[{"href":"https:\/\/www.company-move.de\/en\/wp-json\/wp\/v2\/types\/product"}],"wp:featuredmedia":[{"embeddable":true,"href":"https:\/\/www.company-move.de\/en\/wp-json\/wp\/v2\/media\/12664"}],"wp:attachment":[{"href":"https:\/\/www.company-move.de\/en\/wp-json\/wp\/v2\/media?parent=12598"}],"wp:term":[{"taxonomy":"product_brand","embeddable":true,"href":"https:\/\/www.company-move.de\/en\/wp-json\/wp\/v2\/product_brand?post=12598"},{"taxonomy":"product_cat","embeddable":true,"href":"https:\/\/www.company-move.de\/en\/wp-json\/wp\/v2\/product_cat?post=12598"},{"taxonomy":"product_tag","embeddable":true,"href":"https:\/\/www.company-move.de\/en\/wp-json\/wp\/v2\/product_tag?post=12598"}],"curies":[{"name":"wp","href":"https:\/\/api.w.org\/{rel}","templated":true}]}}