{"id":12048,"date":"2025-03-03T10:53:46","date_gmt":"2025-03-03T09:53:46","guid":{"rendered":"https:\/\/www.company-move.de\/?post_type=product&#038;p=12048"},"modified":"2026-04-22T12:04:15","modified_gmt":"2026-04-22T10:04:15","slug":"brustkrebsvorsorge","status":"publish","type":"product","link":"https:\/\/www.company-move.de\/en\/product\/brustkrebsvorsorge\/","title":{"rendered":"Breast cancer screening"},"content":{"rendered":"<p>Brustkrebs ist mit rund <b data-path-to-node=\"3\" data-index-in-node=\"24\">70.000 Neuerkrankungen pro Jahr<\/b> die h\u00e4ufigste Krebserkrankung bei Frauen in Deutschland, wobei laut aktuellem <b data-path-to-node=\"3\" data-index-in-node=\"134\">Zentrum f\u00fcr Krebsregisterdaten (ZfKD) im RKI<\/b> das Risiko bereits ab dem 40. Lebensjahr deutlich ansteigt. Da ein Gro\u00dfteil der erwerbst\u00e4tigen Frauen in diese Altersgruppe f\u00e4llt, stellt eine gezielte <b data-path-to-node=\"3\" data-index-in-node=\"331\">Breast cancer screening<\/b> am Arbeitsplatz eine hochrelevante S\u00e4ule der betrieblichen <a href=\"https:\/\/www.company-move.de\/bgm\/gesundheitsthemen\/praeventionsmassnahmen\/\"><b data-path-to-node=\"3\" data-index-in-node=\"409\">Prevention<\/b><\/a> dar.<\/p>\n<p>Fr\u00fchzeitig erkannte Tumore haben eine <strong>Heilungsrate von \u00fcber 90 %,<\/strong> was die existenzielle Bedeutung von Aufkl\u00e4rung und Tastuntersuchungen unterstreicht. Durch die Integration spezialisierter <a href=\"https:\/\/www.company-move.de\/format\/workshops-webinare\/\">Workshops<\/a> in Ihr <b data-path-to-node=\"3\" data-index-in-node=\"631\">BGM<\/b> leisten Sie einen entscheidenden Beitrag zur Frauengesundheit, f\u00f6rdern die psychische Sicherheit Ihrer Mitarbeiterinnen und reduzieren das Risiko f\u00fcr langj\u00e4hrigen, krankheitsbedingten <b data-path-to-node=\"3\" data-index-in-node=\"819\">Krankenstand<\/b>.<\/p>\n<blockquote><p><span style=\"color: #aaad00;\">\u201eWir wissen heute, dass die Heilungschancen bei Brustkrebs ma\u00dfgeblich von der Fr\u00fcherkennung abh\u00e4ngen. Frauen, die ein gutes Bewusstsein f\u00fcr ihren eigenen K\u00f6rper entwickeln und die regelm\u00e4\u00dfige Selbstuntersuchung beherrschen, sind der wichtigste Akteur in ihrer eigenen Gesundheitsvorsorge.\u201c<\/span><\/p>\n<p><span style=\"color: #aaad00;\">\u2014 <b data-path-to-node=\"5,0\" data-index-in-node=\"292\">Prof. Dr. med. Anton Scharl<\/b>, ehemaliger Pr\u00e4sident der Deutschen Gesellschaft f\u00fcr Gyn\u00e4kologie und Geburtshilfe (DGGG).<\/span><\/p><\/blockquote>\n<p>Our <strong>Breast cancer screening<\/strong> offers you the opportunity to find out more about all aspects of the <strong>Early detection<\/strong> of breast cancer. In full-day or half-day workshops, which take place as part of your health day, you will be informed by<strong> experienced specialists<\/strong> and motivated to become \"breast-conscious\".<\/p>\n<p>The workshops take place in <strong>Small groups<\/strong> for a maximum of 12 people and offer a comprehensive introduction to the possibilities of <a href=\"https:\/\/www.company-move.de\/bgm\/gesundheitsthemen\/praeventionsmassnahmen\/\">Preventive measures<\/a><strong>\u00a0und Selbstuntersuchung<\/strong>.<\/p>\n<p>F\u00fcr mehr Ideen f\u00fcr <a href=\"https:\/\/www.company-move.de\/gesundheitstage-module\/\">Health days<\/a>, klicken Sie sich gerne durch unsere anderen Angebote f\u00fcr betriebliches Gesundheitsmanagement. Etablieren Sie Gesundheitsf\u00f6rderung in Ihrem Unternehmen mit uns als Ihr BGM-Dienstleister!<\/p>","protected":false},"excerpt":{"rendered":"<p>Produkt Kurzbeschreibung = Excerpt<\/p>\n<p>Quellen<\/p>\n<ul>\n<li>\n<p data-path-to-node=\"9,0,0\"><b data-path-to-node=\"9,0,0\" data-index-in-node=\"0\">Bericht zum Krebsgeschehen in Deutschland 2024<\/b>, Zentrum f\u00fcr Krebsregisterdaten (ZfKD) im Robert Koch-Institut (RKI). (Statistiken zur Inzidenz und Mortalit\u00e4t von Mammakarzinomen). <i data-path-to-node=\"9,0,0\" data-index-in-node=\"180\">[Offizieller Regierungsbericht]<\/i><\/p>\n<\/li>\n<li>\n<p data-path-to-node=\"9,1,0\"><b data-path-to-node=\"9,1,0\" data-index-in-node=\"0\">S3-Leitlinie Fr\u00fcherkennung, Diagnostik, Therapie und Nachsorge des Mammakarzinoms<\/b>, AWMF-Registernummer 032-045OL. (Medizinischer Goldstandard f\u00fcr die Brustkrebsfr\u00fcherkennung). <i data-path-to-node=\"9,1,0\" data-index-in-node=\"176\">[Offizieller medizinischer Fachstandard]<\/i><\/p>\n<\/li>\n<li>\n<p data-path-to-node=\"9,2,0\"><b data-path-to-node=\"9,2,0\" data-index-in-node=\"0\">DAK-Gesundheitsreport 2024\/2025<\/b>, Herausgeber: DAK-Gesundheit. Fokus auf Vorsorgeverhalten und Krebspr\u00e4valenz bei Erwerbst\u00e4tigen. <i data-path-to-node=\"9,2,0\" data-index-in-node=\"129\">[Offizieller Gesundheitsbericht]<\/i><\/p>\n<\/li>\n<li>\n<p data-path-to-node=\"9,3,0\"><b data-path-to-node=\"9,3,0\" data-index-in-node=\"0\">Discovering Hands Studie<\/b>, diverse Evaluationen zum Einsatz von MTUs in der klinischen Diagnostik (Hofmann &amp; Schulte-Mecklenbeck). <i data-path-to-node=\"9,3,0\" data-index-in-node=\"130\">[Peer-Review Kontext]<\/i><\/p>\n<\/li>\n<li>\n<p data-path-to-node=\"9,4,0\"><b data-path-to-node=\"9,4,0\" data-index-in-node=\"0\">WHO Fact Sheet: Breast Cancer<\/b>, Weltgesundheitsorganisation 2024. (Globale Strategien zur Senkung der Krebsmortalit\u00e4t durch Fr\u00fcherkennung). <i data-path-to-node=\"9,4,0\" data-index-in-node=\"139\">[Internationaler Fachbericht]<\/i><\/p>\n<\/li>\n<\/ul>\n","protected":false},"featured_media":12058,"template":"","meta":{"site-sidebar-layout":"default","site-content-layout":"","ast-site-content-layout":"default","site-content-style":"default","site-sidebar-style":"default","ast-global-header-display":"","ast-banner-title-visibility":"","ast-main-header-display":"","ast-hfb-above-header-display":"","ast-hfb-below-header-display":"","ast-hfb-mobile-header-display":"","site-post-title":"","ast-breadcrumbs-content":"","ast-featured-img":"","footer-sml-layout":"","ast-disable-related-posts":"","theme-transparent-header-meta":"default","adv-header-id-meta":"","stick-header-meta":"default","header-above-stick-meta":"","header-main-stick-meta":"","header-below-stick-meta":"","astra-migrate-meta-layouts":"set","ast-page-background-enabled":"default","ast-page-background-meta":{"desktop":{"background-color":"var(--ast-global-color-4)","background-image":"","background-repeat":"repeat","background-position":"center center","background-size":"auto","background-attachment":"scroll","background-type":"","background-media":"","overlay-type":"","overlay-color":"","overlay-opacity":"","overlay-gradient":""},"tablet":{"background-color":"","background-image":"","background-repeat":"repeat","background-position":"center center","background-size":"auto","background-attachment":"scroll","background-type":"","background-media":"","overlay-type":"","overlay-color":"","overlay-opacity":"","overlay-gradient":""},"mobile":{"background-color":"","background-image":"","background-repeat":"repeat","background-position":"center center","background-size":"auto","background-attachment":"scroll","background-type":"","background-media":"","overlay-type":"","overlay-color":"","overlay-opacity":"","overlay-gradient":""}},"ast-content-background-meta":{"desktop":{"background-color":"var(--ast-global-color-5)","background-image":"","background-repeat":"repeat","background-position":"center center","background-size":"auto","background-attachment":"scroll","background-type":"","background-media":"","overlay-type":"","overlay-color":"","overlay-opacity":"","overlay-gradient":""},"tablet":{"background-color":"var(--ast-global-color-5)","background-image":"","background-repeat":"repeat","background-position":"center center","background-size":"auto","background-attachment":"scroll","background-type":"","background-media":"","overlay-type":"","overlay-color":"","overlay-opacity":"","overlay-gradient":""},"mobile":{"background-color":"var(--ast-global-color-5)","background-image":"","background-repeat":"repeat","background-position":"center center","background-size":"auto","background-attachment":"scroll","background-type":"","background-media":"","overlay-type":"","overlay-color":"","overlay-opacity":"","overlay-gradient":""}}},"product_brand":[],"product_cat":[44,15,50],"product_tag":[221,217,215,220,216,219,222,83,218],"class_list":{"0":"post-12048","1":"product","2":"type-product","3":"status-publish","4":"has-post-thumbnail","6":"product_cat-gesundheits-check","7":"product_cat-praeventionsmassnahmen","8":"product_cat-schulungen-weiterbildung","9":"product_tag-awareness","10":"product_tag-brustgesundheit","11":"product_tag-brustkrebs-vorsorge","12":"product_tag-brustkrebsaufklaerung","13":"product_tag-brustkrebspraevention","14":"product_tag-gesundheitsvorsorge","15":"product_tag-gesundheitsworskhop","16":"product_tag-mobil","17":"product_tag-vorsorgeuntersuchung","18":"pa_dauer-ca-240-min","19":"pa_dauer-ganztaegig","20":"pa_durchfuehrungsform-praesenz","21":"pa_format-screenings","22":"pa_format-workshops-webinare","23":"pa_zielgruppe-berufseinsteigende","24":"pa_zielgruppe-beschaeftigte","25":"desktop-align-left","26":"tablet-align-left","27":"mobile-align-left","28":"ast-product-gallery-layout-horizontal-slider","29":"ast-product-gallery-with-no-image","30":"ast-product-tabs-layout-horizontal","32":"first","33":"instock","34":"virtual","35":"sold-individually","36":"purchasable","37":"product-type-simple"},"yoast_head":"<!-- This site is optimized with the Yoast SEO plugin v27.5 - https:\/\/yoast.com\/product\/yoast-seo-wordpress\/ -->\n<title>Brustkrebsvorsorge - Fr\u00fcherkennung und Pr\u00e4vention<\/title>\n<meta name=\"description\" content=\"Unsere Brustkrebsvorsorge-Workshops bieten Ihnen eine umfassende Einf\u00fchrung in die M\u00f6glichkeiten der Fr\u00fcherkennung und Pr\u00e4vention.\" \/>\n<meta name=\"robots\" content=\"index, follow, max-snippet:-1, max-image-preview:large, max-video-preview:-1\" \/>\n<link rel=\"canonical\" href=\"https:\/\/www.company-move.de\/en\/product\/brustkrebsvorsorge\/\" \/>\n<meta property=\"og:locale\" content=\"en_US\" \/>\n<meta property=\"og:type\" content=\"article\" \/>\n<meta property=\"og:title\" content=\"Brustkrebsvorsorge - Fr\u00fcherkennung und Pr\u00e4vention\" \/>\n<meta property=\"og:description\" content=\"Unsere Brustkrebsvorsorge-Workshops bieten Ihnen eine umfassende Einf\u00fchrung in die M\u00f6glichkeiten der Fr\u00fcherkennung und Pr\u00e4vention.\" \/>\n<meta property=\"og:url\" content=\"https:\/\/www.company-move.de\/en\/product\/brustkrebsvorsorge\/\" \/>\n<meta property=\"og:site_name\" content=\"Company move GmbH\" \/>\n<meta property=\"article:modified_time\" content=\"2026-04-22T10:04:15+00:00\" \/>\n<meta property=\"og:image\" content=\"https:\/\/www.company-move.de\/wp-content\/uploads\/2025\/03\/Gesundheitsmanagement-Brustkrebsvorsorge.jpg\" \/>\n\t<meta property=\"og:image:width\" content=\"960\" \/>\n\t<meta property=\"og:image:height\" content=\"720\" \/>\n\t<meta property=\"og:image:type\" content=\"image\/jpeg\" \/>\n<meta name=\"twitter:card\" content=\"summary_large_image\" \/>\n<meta name=\"twitter:label1\" content=\"Est. reading time\" \/>\n\t<meta name=\"twitter:data1\" content=\"2 minutes\" \/>\n<!-- \/ Yoast SEO plugin. -->","yoast_head_json":{"title":"Brustkrebsvorsorge - Fr\u00fcherkennung und Pr\u00e4vention","description":"Unsere Brustkrebsvorsorge-Workshops bieten Ihnen eine umfassende Einf\u00fchrung in die M\u00f6glichkeiten der Fr\u00fcherkennung und Pr\u00e4vention.","robots":{"index":"index","follow":"follow","max-snippet":"max-snippet:-1","max-image-preview":"max-image-preview:large","max-video-preview":"max-video-preview:-1"},"canonical":"https:\/\/www.company-move.de\/en\/product\/brustkrebsvorsorge\/","og_locale":"en_US","og_type":"article","og_title":"Brustkrebsvorsorge - Fr\u00fcherkennung und Pr\u00e4vention","og_description":"Unsere Brustkrebsvorsorge-Workshops bieten Ihnen eine umfassende Einf\u00fchrung in die M\u00f6glichkeiten der Fr\u00fcherkennung und Pr\u00e4vention.","og_url":"https:\/\/www.company-move.de\/en\/product\/brustkrebsvorsorge\/","og_site_name":"Company move GmbH","article_modified_time":"2026-04-22T10:04:15+00:00","og_image":[{"width":960,"height":720,"url":"https:\/\/www.company-move.de\/wp-content\/uploads\/2025\/03\/Gesundheitsmanagement-Brustkrebsvorsorge.jpg","type":"image\/jpeg"}],"twitter_card":"summary_large_image","twitter_misc":{"Est. reading time":"2 minutes"},"schema":{"@context":"https:\/\/schema.org","@graph":[{"@type":["WebPage","ItemPage"],"@id":"https:\/\/www.company-move.de\/produkt\/brustkrebsvorsorge\/","url":"https:\/\/www.company-move.de\/produkt\/brustkrebsvorsorge\/","name":"Brustkrebsvorsorge - Fr\u00fcherkennung und Pr\u00e4vention","isPartOf":{"@id":"https:\/\/www.company-move.de\/#website"},"primaryImageOfPage":{"@id":"https:\/\/www.company-move.de\/produkt\/brustkrebsvorsorge\/#primaryimage"},"image":{"@id":"https:\/\/www.company-move.de\/produkt\/brustkrebsvorsorge\/#primaryimage"},"thumbnailUrl":"https:\/\/www.company-move.de\/wp-content\/uploads\/2025\/03\/Gesundheitsmanagement-Brustkrebsvorsorge.jpg","datePublished":"2025-03-03T09:53:46+00:00","dateModified":"2026-04-22T10:04:15+00:00","description":"Unsere Brustkrebsvorsorge-Workshops bieten Ihnen eine umfassende Einf\u00fchrung in die M\u00f6glichkeiten der Fr\u00fcherkennung und Pr\u00e4vention.","breadcrumb":{"@id":"https:\/\/www.company-move.de\/produkt\/brustkrebsvorsorge\/#breadcrumb"},"inLanguage":"en-US","potentialAction":[{"@type":"ReadAction","target":["https:\/\/www.company-move.de\/produkt\/brustkrebsvorsorge\/"]}]},{"@type":"ImageObject","inLanguage":"en-US","@id":"https:\/\/www.company-move.de\/produkt\/brustkrebsvorsorge\/#primaryimage","url":"https:\/\/www.company-move.de\/wp-content\/uploads\/2025\/03\/Gesundheitsmanagement-Brustkrebsvorsorge.jpg","contentUrl":"https:\/\/www.company-move.de\/wp-content\/uploads\/2025\/03\/Gesundheitsmanagement-Brustkrebsvorsorge.jpg","width":960,"height":720,"caption":"Brustkrebsvorsorge ist ein wichtiger Schritt zur fr\u00fchzeitigen Erkennung. Informieren Sie sich \u00fcber pr\u00e4ventive Ma\u00dfnahmen."},{"@type":"BreadcrumbList","@id":"https:\/\/www.company-move.de\/produkt\/brustkrebsvorsorge\/#breadcrumb","itemListElement":[{"@type":"ListItem","position":1,"name":"Shop","item":"https:\/\/www.company-move.de\/shop\/"},{"@type":"ListItem","position":2,"name":"Brustkrebsvorsorge"}]},{"@type":"WebSite","@id":"https:\/\/www.company-move.de\/#website","url":"https:\/\/www.company-move.de\/","name":"Company move GmbH","description":"Your expert for occupational health management","publisher":{"@id":"https:\/\/www.company-move.de\/#organization"},"potentialAction":[{"@type":"SearchAction","target":{"@type":"EntryPoint","urlTemplate":"https:\/\/www.company-move.de\/?s={search_term_string}"},"query-input":{"@type":"PropertyValueSpecification","valueRequired":true,"valueName":"search_term_string"}}],"inLanguage":"en-US"},{"@type":"Organization","@id":"https:\/\/www.company-move.de\/#organization","name":"Company move GmbH","url":"https:\/\/www.company-move.de\/","logo":{"@type":"ImageObject","inLanguage":"en-US","@id":"https:\/\/www.company-move.de\/#\/schema\/logo\/image\/","url":"https:\/\/www.company-move.de\/wp-content\/uploads\/2024\/05\/cropped-CM-Logo.png","contentUrl":"https:\/\/www.company-move.de\/wp-content\/uploads\/2024\/05\/cropped-CM-Logo.png","width":1599,"height":795,"caption":"Company move GmbH"},"image":{"@id":"https:\/\/www.company-move.de\/#\/schema\/logo\/image\/"}}]}},"_links":{"self":[{"href":"https:\/\/www.company-move.de\/en\/wp-json\/wp\/v2\/product\/12048","targetHints":{"allow":["GET"]}}],"collection":[{"href":"https:\/\/www.company-move.de\/en\/wp-json\/wp\/v2\/product"}],"about":[{"href":"https:\/\/www.company-move.de\/en\/wp-json\/wp\/v2\/types\/product"}],"wp:featuredmedia":[{"embeddable":true,"href":"https:\/\/www.company-move.de\/en\/wp-json\/wp\/v2\/media\/12058"}],"wp:attachment":[{"href":"https:\/\/www.company-move.de\/en\/wp-json\/wp\/v2\/media?parent=12048"}],"wp:term":[{"taxonomy":"product_brand","embeddable":true,"href":"https:\/\/www.company-move.de\/en\/wp-json\/wp\/v2\/product_brand?post=12048"},{"taxonomy":"product_cat","embeddable":true,"href":"https:\/\/www.company-move.de\/en\/wp-json\/wp\/v2\/product_cat?post=12048"},{"taxonomy":"product_tag","embeddable":true,"href":"https:\/\/www.company-move.de\/en\/wp-json\/wp\/v2\/product_tag?post=12048"}],"curies":[{"name":"wp","href":"https:\/\/api.w.org\/{rel}","templated":true}]}}