{"id":12032,"date":"2025-02-26T13:58:32","date_gmt":"2025-02-26T12:58:32","guid":{"rendered":"https:\/\/www.company-move.de\/?post_type=product&#038;p=12032"},"modified":"2026-04-22T12:04:33","modified_gmt":"2026-04-22T10:04:33","slug":"smoothie-rower","status":"publish","type":"product","link":"https:\/\/www.company-move.de\/en\/product\/smoothie-rower\/","title":{"rendered":"Smoothie Rower"},"content":{"rendered":"<p>Bewegungsmangel und Fehlern\u00e4hrung sind die Haupttreiber f\u00fcr metabolische Erkrankungen, wobei laut dem <b data-path-to-node=\"3\" data-index-in-node=\"102\">TK-Gesundheitsreport 2024<\/b> bereits jeder zehnte Fehltag in Deutschland auf Kreislaufsystem-Erkrankungen entf\u00e4llt. Da rund <b data-path-to-node=\"3\" data-index-in-node=\"223\">44 % der Erwerbst\u00e4tigen<\/b> angeben, sich w\u00e4hrend der Arbeitszeit kaum k\u00f6rperlich zu bewegen, ist eine niederschwellige <a href=\"https:\/\/www.company-move.de\/bgm\/gesundheitsthemen\/praeventionsmassnahmen\/\"><b data-path-to-node=\"3\" data-index-in-node=\"339\">Prevention<\/b><\/a> entscheidend, um den <b data-path-to-node=\"3\" data-index-in-node=\"371\">Krankenstand<\/b> langfristig zu stabilisieren.<\/p>\n<p>The <b data-path-to-node=\"3\" data-index-in-node=\"418\">Smoothie Rower<\/b> bietet hier einen innovativen Ansatz f\u00fcr Ihr <b data-path-to-node=\"3\" data-index-in-node=\"478\">BGM<\/b>, indem er hocheffizientes Ganzk\u00f6rpertraining mit einer direkten Belohnung durch Mikron\u00e4hrstoffe verkn\u00fcpft. Diese Kombination f\u00f6rdert nicht nur die physische Ausdauer, sondern st\u00e4rkt durch den spielerischen Charakter auch die Motivation zur gesunden Lebensstil\u00e4nderung am Arbeitsplatz.<\/p>\n<blockquote><p><span style=\"color: #aaad00;\">\u201eRudern ist eine der komplettesten Sportarten \u00fcberhaupt, da es \u00fcber 80 Prozent der gesamten K\u00f6rpermuskulatur gleichzeitig beansprucht. Die Verkn\u00fcpfung von moderater Bewegung mit einer direkten Zufuhr von sekund\u00e4ren Pflanzenstoffen ist eine exzellente Methode, um die Gesundheitskompetenz im Betrieb nachhaltig zu steigern.\u201c<\/span><\/p>\n<p><span style=\"color: #aaad00;\">\u2014 <b data-path-to-node=\"5,0\" data-index-in-node=\"326\">Prof. Dr. Ingo Frob\u00f6se<\/b>, Universit\u00e4tsprofessor an der Deutschen Sporthochschule K\u00f6ln und Experte f\u00fcr Pr\u00e4vention und Rehabilitation.<\/span><\/p><\/blockquote>\n<p>The <strong>Smoothie Rower<\/strong> combined <a href=\"https:\/\/www.company-move.de\/bgm\/gesundheitsthemen\/bewegung\/\">Movement<\/a>, healthy <a href=\"https:\/\/www.company-move.de\/bgm\/gesundheitsthemen\/bewusste-ernaehrung\/\"><strong>Nutrition<\/strong><\/a> and <strong>Fun<\/strong> a unique experience. In just 5 minutes per person, the correct rowing technique is learned and the <strong>Whole body effectiveness<\/strong> dieses Sports erfahren. Zur Belohnung f\u00fcr die k\u00f6rperliche Anstrengung gibt es einen <strong>delicious, healthy smoothie<\/strong> - Pleasure and fitness perfectly combined!<\/p>\n<p>F\u00fcr mehr Ideen f\u00fcr <a href=\"https:\/\/www.company-move.de\/gesundheitstage-module\/\">Health days<\/a>, klicken Sie sich gerne durch unsere anderen Angebote f\u00fcr betriebliches Gesundheitsmanagement. Etablieren Sie Gesundheitsf\u00f6rderung in Ihrem Unternehmen mit uns als Ihr BGM-Dienstleister!<\/p>","protected":false},"excerpt":{"rendered":"<p>Produkt Kurzbeschreibung = Excerpt<\/p>\n<p>Quellen<\/p>\n<ul>\n<li>\n<p data-path-to-node=\"9,0,0\"><b data-path-to-node=\"9,0,0\" data-index-in-node=\"0\">TK-Gesundheitsreport 2024<\/b>, Herausgeber: Techniker Krankenkasse. (Analyse der AU-Tage nach Diagnosegruppen und Lebensstilfaktoren). <i data-path-to-node=\"9,0,0\" data-index-in-node=\"131\">[Offizieller Gesundheitsbericht]<\/i><\/p>\n<\/li>\n<li>\n<p data-path-to-node=\"9,1,0\"><b data-path-to-node=\"9,1,0\" data-index-in-node=\"0\">DGE-Positionspapier: Obst und Gem\u00fcse in der Pr\u00e4vention chronischer Krankheiten<\/b>, Deutsche Gesellschaft f\u00fcr Ern\u00e4hrung (DGE). <i data-path-to-node=\"9,1,0\" data-index-in-node=\"123\">[Fachgesellschaft \/ Peer-Review Kontext]<\/i><\/p>\n<\/li>\n<li>\n<p data-path-to-node=\"9,2,0\"><b data-path-to-node=\"9,2,0\" data-index-in-node=\"0\">Fehlzeiten-Report 2024<\/b>, Herausgeber: WIdO (Wissenschaftliches Institut der AOK). Fokus: Bewegungsgewohnheiten am Arbeitsplatz. <i data-path-to-node=\"9,2,0\" data-index-in-node=\"127\">[Offizieller Forschungsbericht]<\/i><\/p>\n<\/li>\n<li>\n<p data-path-to-node=\"9,3,0\"><b data-path-to-node=\"9,3,0\" data-index-in-node=\"0\">Publikationen zur Trainingstherapie<\/b>, Prof. Dr. Ingo Frob\u00f6se, Deutsche Sporthochschule K\u00f6ln. <i data-path-to-node=\"9,3,0\" data-index-in-node=\"92\">[Experten-Expertise]<\/i><\/p>\n<\/li>\n<li>\n<p data-path-to-node=\"9,4,0\"><b data-path-to-node=\"9,4,0\" data-index-in-node=\"0\">WHO Guidelines on Physical Activity 2020\/2024<\/b>, Weltgesundheitsorganisation. (Empfehlungen zur kombinierten F\u00f6rderung von Ern\u00e4hrung und Bewegung). <i data-path-to-node=\"9,4,0\" data-index-in-node=\"146\">[Internationaler Fachstandard \/ Regierungsbericht]<\/i><\/p>\n<\/li>\n<\/ul>\n","protected":false},"featured_media":12034,"template":"","meta":{"site-sidebar-layout":"default","site-content-layout":"","ast-site-content-layout":"default","site-content-style":"default","site-sidebar-style":"default","ast-global-header-display":"","ast-banner-title-visibility":"","ast-main-header-display":"","ast-hfb-above-header-display":"","ast-hfb-below-header-display":"","ast-hfb-mobile-header-display":"","site-post-title":"","ast-breadcrumbs-content":"","ast-featured-img":"","footer-sml-layout":"","ast-disable-related-posts":"","theme-transparent-header-meta":"default","adv-header-id-meta":"","stick-header-meta":"default","header-above-stick-meta":"","header-main-stick-meta":"","header-below-stick-meta":"","astra-migrate-meta-layouts":"set","ast-page-background-enabled":"default","ast-page-background-meta":{"desktop":{"background-color":"var(--ast-global-color-4)","background-image":"","background-repeat":"repeat","background-position":"center center","background-size":"auto","background-attachment":"scroll","background-type":"","background-media":"","overlay-type":"","overlay-color":"","overlay-opacity":"","overlay-gradient":""},"tablet":{"background-color":"","background-image":"","background-repeat":"repeat","background-position":"center center","background-size":"auto","background-attachment":"scroll","background-type":"","background-media":"","overlay-type":"","overlay-color":"","overlay-opacity":"","overlay-gradient":""},"mobile":{"background-color":"","background-image":"","background-repeat":"repeat","background-position":"center center","background-size":"auto","background-attachment":"scroll","background-type":"","background-media":"","overlay-type":"","overlay-color":"","overlay-opacity":"","overlay-gradient":""}},"ast-content-background-meta":{"desktop":{"background-color":"var(--ast-global-color-5)","background-image":"","background-repeat":"repeat","background-position":"center center","background-size":"auto","background-attachment":"scroll","background-type":"","background-media":"","overlay-type":"","overlay-color":"","overlay-opacity":"","overlay-gradient":""},"tablet":{"background-color":"var(--ast-global-color-5)","background-image":"","background-repeat":"repeat","background-position":"center center","background-size":"auto","background-attachment":"scroll","background-type":"","background-media":"","overlay-type":"","overlay-color":"","overlay-opacity":"","overlay-gradient":""},"mobile":{"background-color":"var(--ast-global-color-5)","background-image":"","background-repeat":"repeat","background-position":"center center","background-size":"auto","background-attachment":"scroll","background-type":"","background-media":"","overlay-type":"","overlay-color":"","overlay-opacity":"","overlay-gradient":""}}},"product_brand":[],"product_cat":[39,40,46],"product_tag":[254,264,253,226,224,225,223],"class_list":{"0":"post-12032","1":"product","2":"type-product","3":"status-publish","4":"has-post-thumbnail","6":"product_cat-bewegung","7":"product_cat-bewusste-ernaehrung","8":"product_cat-motivation","9":"product_tag-bewegungsmodul","10":"product_tag-bewusste-ernaehrung","11":"product_tag-eventmodul","12":"product_tag-healthy-lifestyle","13":"product_tag-rudergeraet","14":"product_tag-rudergeraet-smoothie","15":"product_tag-smoothie-maschine","16":"pa_dauer-ganztaegig","17":"pa_durchfuehrungsform-praesenz","18":"pa_format-gesundheitsaktionen","19":"pa_format-motivationsmodule-teambuilding","20":"pa_zielgruppe-berufseinsteigende","21":"pa_zielgruppe-beschaeftigte","22":"desktop-align-left","23":"tablet-align-left","24":"mobile-align-left","25":"ast-product-gallery-layout-horizontal-slider","26":"ast-product-gallery-with-no-image","27":"ast-product-tabs-layout-horizontal","29":"first","30":"instock","31":"virtual","32":"sold-individually","33":"purchasable","34":"product-type-simple"},"yoast_head":"<!-- This site is optimized with the Yoast SEO plugin v27.5 - https:\/\/yoast.com\/product\/yoast-seo-wordpress\/ -->\n<title>Smoothie Rower \u2013 Bewegung &amp; gesunde Ern\u00e4hrung<\/title>\n<meta name=\"description\" content=\"Erleben Sie die perfekte Kombination aus Bewegung und gesunder Ern\u00e4hrung mit dem Smoothie Rower. Genie\u00dfen Sie zur Belohnung einen k\u00f6stlichen Smoothie.\" \/>\n<meta name=\"robots\" content=\"index, follow, max-snippet:-1, max-image-preview:large, max-video-preview:-1\" \/>\n<link rel=\"canonical\" href=\"https:\/\/www.company-move.de\/en\/product\/smoothie-rower\/\" \/>\n<meta property=\"og:locale\" content=\"en_US\" \/>\n<meta property=\"og:type\" content=\"article\" \/>\n<meta property=\"og:title\" content=\"Smoothie Rower \u2013 Bewegung &amp; gesunde Ern\u00e4hrung\" \/>\n<meta property=\"og:description\" content=\"Erleben Sie die perfekte Kombination aus Bewegung und gesunder Ern\u00e4hrung mit dem Smoothie Rower. Genie\u00dfen Sie zur Belohnung einen k\u00f6stlichen Smoothie.\" \/>\n<meta property=\"og:url\" content=\"https:\/\/www.company-move.de\/en\/product\/smoothie-rower\/\" \/>\n<meta property=\"og:site_name\" content=\"Company move GmbH\" \/>\n<meta property=\"article:modified_time\" content=\"2026-04-22T10:04:33+00:00\" \/>\n<meta property=\"og:image\" content=\"https:\/\/www.company-move.de\/wp-content\/uploads\/2025\/02\/Smoothie-Rower-1.jpg\" \/>\n\t<meta property=\"og:image:width\" content=\"766\" \/>\n\t<meta property=\"og:image:height\" content=\"749\" \/>\n\t<meta property=\"og:image:type\" content=\"image\/jpeg\" \/>\n<meta name=\"twitter:card\" content=\"summary_large_image\" \/>\n<meta name=\"twitter:label1\" content=\"Est. reading time\" \/>\n\t<meta name=\"twitter:data1\" content=\"2 minutes\" \/>\n<!-- \/ Yoast SEO plugin. -->","yoast_head_json":{"title":"Smoothie Rower \u2013 Bewegung & gesunde Ern\u00e4hrung","description":"Erleben Sie die perfekte Kombination aus Bewegung und gesunder Ern\u00e4hrung mit dem Smoothie Rower. Genie\u00dfen Sie zur Belohnung einen k\u00f6stlichen Smoothie.","robots":{"index":"index","follow":"follow","max-snippet":"max-snippet:-1","max-image-preview":"max-image-preview:large","max-video-preview":"max-video-preview:-1"},"canonical":"https:\/\/www.company-move.de\/en\/product\/smoothie-rower\/","og_locale":"en_US","og_type":"article","og_title":"Smoothie Rower \u2013 Bewegung & gesunde Ern\u00e4hrung","og_description":"Erleben Sie die perfekte Kombination aus Bewegung und gesunder Ern\u00e4hrung mit dem Smoothie Rower. Genie\u00dfen Sie zur Belohnung einen k\u00f6stlichen Smoothie.","og_url":"https:\/\/www.company-move.de\/en\/product\/smoothie-rower\/","og_site_name":"Company move GmbH","article_modified_time":"2026-04-22T10:04:33+00:00","og_image":[{"width":766,"height":749,"url":"https:\/\/www.company-move.de\/wp-content\/uploads\/2025\/02\/Smoothie-Rower-1.jpg","type":"image\/jpeg"}],"twitter_card":"summary_large_image","twitter_misc":{"Est. reading time":"2 minutes"},"schema":{"@context":"https:\/\/schema.org","@graph":[{"@type":["WebPage","ItemPage"],"@id":"https:\/\/www.company-move.de\/produkt\/smoothie-rower\/","url":"https:\/\/www.company-move.de\/produkt\/smoothie-rower\/","name":"Smoothie Rower \u2013 Bewegung & gesunde Ern\u00e4hrung","isPartOf":{"@id":"https:\/\/www.company-move.de\/#website"},"primaryImageOfPage":{"@id":"https:\/\/www.company-move.de\/produkt\/smoothie-rower\/#primaryimage"},"image":{"@id":"https:\/\/www.company-move.de\/produkt\/smoothie-rower\/#primaryimage"},"thumbnailUrl":"https:\/\/www.company-move.de\/wp-content\/uploads\/2025\/02\/Smoothie-Rower-1.jpg","datePublished":"2025-02-26T12:58:32+00:00","dateModified":"2026-04-22T10:04:33+00:00","description":"Erleben Sie die perfekte Kombination aus Bewegung und gesunder Ern\u00e4hrung mit dem Smoothie Rower. Genie\u00dfen Sie zur Belohnung einen k\u00f6stlichen Smoothie.","breadcrumb":{"@id":"https:\/\/www.company-move.de\/produkt\/smoothie-rower\/#breadcrumb"},"inLanguage":"en-US","potentialAction":[{"@type":"ReadAction","target":["https:\/\/www.company-move.de\/produkt\/smoothie-rower\/"]}]},{"@type":"ImageObject","inLanguage":"en-US","@id":"https:\/\/www.company-move.de\/produkt\/smoothie-rower\/#primaryimage","url":"https:\/\/www.company-move.de\/wp-content\/uploads\/2025\/02\/Smoothie-Rower-1.jpg","contentUrl":"https:\/\/www.company-move.de\/wp-content\/uploads\/2025\/02\/Smoothie-Rower-1.jpg","width":766,"height":749,"caption":"Der Smoothie Rower kombiniert Fitness mit Genuss. Ein innovatives Ger\u00e4t, das es Ihnen erm\u00f6glicht, w\u00e4hrend des Trainings frische Smoothies zu mixen."},{"@type":"BreadcrumbList","@id":"https:\/\/www.company-move.de\/produkt\/smoothie-rower\/#breadcrumb","itemListElement":[{"@type":"ListItem","position":1,"name":"Shop","item":"https:\/\/www.company-move.de\/shop\/"},{"@type":"ListItem","position":2,"name":"Smoothie Rower"}]},{"@type":"WebSite","@id":"https:\/\/www.company-move.de\/#website","url":"https:\/\/www.company-move.de\/","name":"Company move GmbH","description":"Your expert for occupational health management","publisher":{"@id":"https:\/\/www.company-move.de\/#organization"},"potentialAction":[{"@type":"SearchAction","target":{"@type":"EntryPoint","urlTemplate":"https:\/\/www.company-move.de\/?s={search_term_string}"},"query-input":{"@type":"PropertyValueSpecification","valueRequired":true,"valueName":"search_term_string"}}],"inLanguage":"en-US"},{"@type":"Organization","@id":"https:\/\/www.company-move.de\/#organization","name":"Company move GmbH","url":"https:\/\/www.company-move.de\/","logo":{"@type":"ImageObject","inLanguage":"en-US","@id":"https:\/\/www.company-move.de\/#\/schema\/logo\/image\/","url":"https:\/\/www.company-move.de\/wp-content\/uploads\/2024\/05\/cropped-CM-Logo.png","contentUrl":"https:\/\/www.company-move.de\/wp-content\/uploads\/2024\/05\/cropped-CM-Logo.png","width":1599,"height":795,"caption":"Company move GmbH"},"image":{"@id":"https:\/\/www.company-move.de\/#\/schema\/logo\/image\/"}}]}},"_links":{"self":[{"href":"https:\/\/www.company-move.de\/en\/wp-json\/wp\/v2\/product\/12032","targetHints":{"allow":["GET"]}}],"collection":[{"href":"https:\/\/www.company-move.de\/en\/wp-json\/wp\/v2\/product"}],"about":[{"href":"https:\/\/www.company-move.de\/en\/wp-json\/wp\/v2\/types\/product"}],"wp:featuredmedia":[{"embeddable":true,"href":"https:\/\/www.company-move.de\/en\/wp-json\/wp\/v2\/media\/12034"}],"wp:attachment":[{"href":"https:\/\/www.company-move.de\/en\/wp-json\/wp\/v2\/media?parent=12032"}],"wp:term":[{"taxonomy":"product_brand","embeddable":true,"href":"https:\/\/www.company-move.de\/en\/wp-json\/wp\/v2\/product_brand?post=12032"},{"taxonomy":"product_cat","embeddable":true,"href":"https:\/\/www.company-move.de\/en\/wp-json\/wp\/v2\/product_cat?post=12032"},{"taxonomy":"product_tag","embeddable":true,"href":"https:\/\/www.company-move.de\/en\/wp-json\/wp\/v2\/product_tag?post=12032"}],"curies":[{"name":"wp","href":"https:\/\/api.w.org\/{rel}","templated":true}]}}