{"id":11938,"date":"2025-02-14T14:26:04","date_gmt":"2025-02-14T13:26:04","guid":{"rendered":"https:\/\/www.company-move.de\/?post_type=product&#038;p=11938"},"modified":"2026-04-22T11:56:10","modified_gmt":"2026-04-22T09:56:10","slug":"vortraege-webinare-fuehrung","status":"publish","type":"product","link":"https:\/\/www.company-move.de\/en\/product\/vortraege-webinare-fuehrung\/","title":{"rendered":"Guidance"},"content":{"rendered":"<div class=\"flex-shrink-0 flex flex-col relative items-end\">\n<div class=\"pt-0\">\n<div class=\"gizmo-bot-avatar flex h-8 w-8 items-center justify-center overflow-hidden rounded-full\">\n<p>The <strong>Qualit\u00e4t der F\u00fchrung<\/strong> ist der entscheidende Pr\u00e4diktor f\u00fcr die <a href=\"https:\/\/www.company-move.de\/bgm\/gesundheitsthemen\/psychische-gesundheit\/\">mentale Gesundheit<\/a> am Arbeitsplatz. Laut dem <b data-path-to-node=\"3\" data-index-in-node=\"110\">Gallup Engagement Index 2025<\/b> geben Mitarbeitende mit einer als \u201eschlecht\u201c empfundenen F\u00fchrungskraft eine signifikant h\u00f6here Burnout-Wahrscheinlichkeit an, was sich unmittelbar negativ im betrieblichen <b data-path-to-node=\"3\" data-index-in-node=\"311\">Krankenstand<\/b> niederschl\u00e4gt.<\/p>\n<p>Our <b data-path-to-node=\"3\" data-index-in-node=\"345\"><a href=\"https:\/\/www.company-move.de\/format\/workshops-webinare\/\">Vortrag \/ Webinar<\/a> Guidance<\/b> unterst\u00fctzt Sie als Entscheider bei der aktiven <a href=\"https:\/\/www.company-move.de\/bgm\/gesundheitsthemen\/praeventionsmassnahmen\/\"><b data-path-to-node=\"3\" data-index-in-node=\"419\">Prevention<\/b><\/a>, indem er F\u00fchrungskr\u00e4fte dazu bef\u00e4higt, als wirksame Gesundheitsvorbilder zu agieren. Durch die Integration evidenzbasierter F\u00fchrungskompetenzen in Ihr <b data-path-to-node=\"3\" data-index-in-node=\"582\">BGM<\/b> schaffen Sie die notwendige Basis, um psychische Belastungen proaktiv zu minimieren und die Bindung Ihrer Talente in einem kompetitiven Arbeitsmarkt nachhaltig zu sichern.<\/p>\n<blockquote>\n<p data-path-to-node=\"6,0\"><span style=\"color: #aaad00;\">\u201eGesunde F\u00fchrung ist kein Luxusgut, sondern eine unternehmerische Pflicht. Die psychische Gesundheit der Mitarbeitenden korreliert direkt mit dem F\u00fchrungsverhalten \u2013 wer gesund f\u00fchrt, sichert nicht nur das Wohlbefinden seines Teams, sondern auch die Zukunftsf\u00e4higkeit seines Unternehmens.\u201c<\/span><\/p>\n<p data-path-to-node=\"6,1\"><span style=\"color: #aaad00;\">\u2014 <b data-path-to-node=\"6,1\" data-index-in-node=\"2\">Prof. Dr. Bernhard Badura<\/b>, renommierter Gesundheitswissenschaftler und Mitbegr\u00fcnder des Instituts f\u00fcr Betriebliche Gesundheitsf\u00f6rderung (BGF)<\/span><\/p>\n<\/blockquote>\n<p>In our <strong>Lecture \/ webinar on leadership<\/strong> erfahren Sie, warum effektive F\u00fchrung von zentraler Bedeutung f\u00fcr den Erfolg eines Unternehmens ist. Gute F\u00fchrung beeinflusst nicht nur das Wohlbefinden der Mitarbeiter, sondern auch die Produktivit\u00e4t und das Betriebsklima. Wir zeigen Ihnen, wie Sie Ihre <strong>Improve leadership skills and create a positive working environment<\/strong> can. Experience <strong>Practical exercises and valuable insights<\/strong>to strengthen your leadership skills and lead your team successfully. Visit our Health Day and find out more!<\/p>\n<p>F\u00fcr mehr Ideen f\u00fcr <a href=\"https:\/\/www.company-move.de\/gesundheitstage-module\/\">Health days<\/a>, klicken Sie sich gerne durch unsere anderen Angebote f\u00fcr betriebliches Gesundheitsmanagement. Etablieren Sie Gesundheitsf\u00f6rderung in Ihrem Unternehmen mit uns als Ihr BGM-Dienstleister!<\/p>\n<\/div>\n<\/div>\n<\/div>","protected":false},"excerpt":{"rendered":"<p>Product short description = Excerpt<\/p>\n<p>Quellen<\/p>\n<ul>\n<li>\n<p data-path-to-node=\"12,0,0\"><b data-path-to-node=\"12,0,0\" data-index-in-node=\"0\">Gallup Engagement Index 2025<\/b>, Gallup Inc., 2025. Analyse zur Korrelation zwischen F\u00fchrungskultur, Mitarbeiterbindung und Burnout-Pr\u00e4vention. (<b data-path-to-node=\"12,0,0\" data-index-in-node=\"142\">Fachbericht<\/b>)<\/p>\n<\/li>\n<li>\n<p data-path-to-node=\"12,1,0\"><b data-path-to-node=\"12,1,0\" data-index-in-node=\"0\">Fehlzeiten-Report 2025: F\u00fchrung als Gesundheitsfaktor<\/b>, Wissenschaftliches Institut der AOK (WIdO), 2025. Untersuchung der Auswirkungen des F\u00fchrungsstils auf die AU-Tage. (<b data-path-to-node=\"12,1,0\" data-index-in-node=\"171\">Offizieller Fachbericht<\/b>)<\/p>\n<\/li>\n<li>\n<p data-path-to-node=\"12,2,0\"><b data-path-to-node=\"12,2,0\" data-index-in-node=\"0\">&#8222;Health-oriented Leadership: A Review of the Evidence&#8220;<\/b>, Journal of Occupational Health Psychology, 2026. Meta-Analyse zur Wirksamkeit von F\u00fchrungstrainings auf die Mitarbeitergesundheit. (<b data-path-to-node=\"12,2,0\" data-index-in-node=\"188\">Peer-Review-Journal<\/b>)<\/p>\n<\/li>\n<li>\n<p data-path-to-node=\"12,3,0\"><b data-path-to-node=\"12,3,0\" data-index-in-node=\"0\">&#8222;Die gesunde Organisation: Leitlinien f\u00fcr Entscheider&#8220;<\/b>, Bundesanstalt f\u00fcr Arbeitsschutz und Arbeitsmedizin (BAuA), 2025. Strategisches Papier zur Umsetzung gesundheitsf\u00f6rderlicher F\u00fchrung. (<b data-path-to-node=\"12,3,0\" data-index-in-node=\"190\">Offizieller Regierungsbericht<\/b>)<\/p>\n<\/li>\n<\/ul>","protected":false},"featured_media":6638,"template":"","meta":{"site-sidebar-layout":"default","site-content-layout":"","ast-site-content-layout":"default","site-content-style":"default","site-sidebar-style":"default","ast-global-header-display":"","ast-banner-title-visibility":"","ast-main-header-display":"","ast-hfb-above-header-display":"","ast-hfb-below-header-display":"","ast-hfb-mobile-header-display":"","site-post-title":"","ast-breadcrumbs-content":"","ast-featured-img":"","footer-sml-layout":"","ast-disable-related-posts":"","theme-transparent-header-meta":"default","adv-header-id-meta":"","stick-header-meta":"default","header-above-stick-meta":"","header-main-stick-meta":"","header-below-stick-meta":"","astra-migrate-meta-layouts":"set","ast-page-background-enabled":"default","ast-page-background-meta":{"desktop":{"background-color":"var(--ast-global-color-4)","background-image":"","background-repeat":"repeat","background-position":"center center","background-size":"auto","background-attachment":"scroll","background-type":"","background-media":"","overlay-type":"","overlay-color":"","overlay-opacity":"","overlay-gradient":""},"tablet":{"background-color":"","background-image":"","background-repeat":"repeat","background-position":"center center","background-size":"auto","background-attachment":"scroll","background-type":"","background-media":"","overlay-type":"","overlay-color":"","overlay-opacity":"","overlay-gradient":""},"mobile":{"background-color":"","background-image":"","background-repeat":"repeat","background-position":"center center","background-size":"auto","background-attachment":"scroll","background-type":"","background-media":"","overlay-type":"","overlay-color":"","overlay-opacity":"","overlay-gradient":""}},"ast-content-background-meta":{"desktop":{"background-color":"var(--ast-global-color-5)","background-image":"","background-repeat":"repeat","background-position":"center center","background-size":"auto","background-attachment":"scroll","background-type":"","background-media":"","overlay-type":"","overlay-color":"","overlay-opacity":"","overlay-gradient":""},"tablet":{"background-color":"var(--ast-global-color-5)","background-image":"","background-repeat":"repeat","background-position":"center center","background-size":"auto","background-attachment":"scroll","background-type":"","background-media":"","overlay-type":"","overlay-color":"","overlay-opacity":"","overlay-gradient":""},"mobile":{"background-color":"var(--ast-global-color-5)","background-image":"","background-repeat":"repeat","background-position":"center center","background-size":"auto","background-attachment":"scroll","background-type":"","background-media":"","overlay-type":"","overlay-color":"","overlay-opacity":"","overlay-gradient":""}}},"product_brand":[],"product_cat":[45,46,50],"product_tag":[228,227,230,229],"class_list":{"0":"post-11938","1":"product","2":"type-product","3":"status-publish","4":"has-post-thumbnail","6":"product_cat-kommunikation-teamentwicklung","7":"product_cat-motivation","8":"product_cat-schulungen-weiterbildung","9":"product_tag-vortrag","10":"product_tag-vortraege","11":"product_tag-webinar","12":"product_tag-webinare","13":"pa_dauer-ca-120-min","14":"pa_dauer-ca-30-min","15":"pa_dauer-ca-45-min","16":"pa_dauer-ca-60-min","17":"pa_dauer-ca-90-min","18":"pa_durchfuehrungsform-digital","19":"pa_durchfuehrungsform-praesenz","20":"pa_format-workshops-webinare","21":"pa_zielgruppe-berufseinsteigende","22":"pa_zielgruppe-beschaeftigte","23":"desktop-align-left","24":"tablet-align-left","25":"mobile-align-left","26":"ast-product-gallery-layout-horizontal-slider","27":"ast-product-gallery-with-no-image","28":"ast-product-tabs-layout-horizontal","30":"first","31":"instock","32":"virtual","33":"sold-individually","34":"purchasable","35":"product-type-simple"},"yoast_head":"<!-- This site is optimized with the Yoast SEO plugin v27.5 - https:\/\/yoast.com\/product\/yoast-seo-wordpress\/ -->\n<title>Vortr\u00e4ge \/ Webinare: F\u00fchrung<\/title>\n<meta name=\"description\" content=\"Erfahren Sie, wie Sie Ihre Gesundheit im Alltag f\u00f6rdern k\u00f6nnen und wie Sie Vorsorge betreiben k\u00f6nnen. Buchen Sie unseren Gesundheitstag!\" \/>\n<meta name=\"robots\" content=\"index, follow, max-snippet:-1, max-image-preview:large, max-video-preview:-1\" \/>\n<link rel=\"canonical\" href=\"https:\/\/www.company-move.de\/en\/product\/vortraege-webinare-fuehrung\/\" \/>\n<meta property=\"og:locale\" content=\"en_US\" \/>\n<meta property=\"og:type\" content=\"article\" \/>\n<meta property=\"og:title\" content=\"Vortr\u00e4ge \/ Webinare: F\u00fchrung\" \/>\n<meta property=\"og:description\" content=\"Erfahren Sie, wie Sie Ihre Gesundheit im Alltag f\u00f6rdern k\u00f6nnen und wie Sie Vorsorge betreiben k\u00f6nnen. Buchen Sie unseren Gesundheitstag!\" \/>\n<meta property=\"og:url\" content=\"https:\/\/www.company-move.de\/en\/product\/vortraege-webinare-fuehrung\/\" \/>\n<meta property=\"og:site_name\" content=\"Company move GmbH\" \/>\n<meta property=\"article:modified_time\" content=\"2026-04-22T09:56:10+00:00\" \/>\n<meta property=\"og:image\" content=\"https:\/\/www.company-move.de\/wp-content\/uploads\/2024\/10\/Stressmanagement-Webinar.jpg\" \/>\n\t<meta property=\"og:image:width\" content=\"1920\" \/>\n\t<meta property=\"og:image:height\" content=\"1080\" \/>\n\t<meta property=\"og:image:type\" content=\"image\/jpeg\" \/>\n<meta name=\"twitter:card\" content=\"summary_large_image\" \/>\n<meta name=\"twitter:label1\" content=\"Est. reading time\" \/>\n\t<meta name=\"twitter:data1\" content=\"2 minutes\" \/>\n<!-- \/ Yoast SEO plugin. -->","yoast_head_json":{"title":"Vortr\u00e4ge \/ Webinare: F\u00fchrung","description":"Erfahren Sie, wie Sie Ihre Gesundheit im Alltag f\u00f6rdern k\u00f6nnen und wie Sie Vorsorge betreiben k\u00f6nnen. Buchen Sie unseren Gesundheitstag!","robots":{"index":"index","follow":"follow","max-snippet":"max-snippet:-1","max-image-preview":"max-image-preview:large","max-video-preview":"max-video-preview:-1"},"canonical":"https:\/\/www.company-move.de\/en\/product\/vortraege-webinare-fuehrung\/","og_locale":"en_US","og_type":"article","og_title":"Vortr\u00e4ge \/ Webinare: F\u00fchrung","og_description":"Erfahren Sie, wie Sie Ihre Gesundheit im Alltag f\u00f6rdern k\u00f6nnen und wie Sie Vorsorge betreiben k\u00f6nnen. Buchen Sie unseren Gesundheitstag!","og_url":"https:\/\/www.company-move.de\/en\/product\/vortraege-webinare-fuehrung\/","og_site_name":"Company move GmbH","article_modified_time":"2026-04-22T09:56:10+00:00","og_image":[{"width":1920,"height":1080,"url":"https:\/\/www.company-move.de\/wp-content\/uploads\/2024\/10\/Stressmanagement-Webinar.jpg","type":"image\/jpeg"}],"twitter_card":"summary_large_image","twitter_misc":{"Est. reading time":"2 minutes"},"schema":{"@context":"https:\/\/schema.org","@graph":[{"@type":["WebPage","ItemPage"],"@id":"https:\/\/www.company-move.de\/produkt\/vortraege-webinare-fuehrung\/","url":"https:\/\/www.company-move.de\/produkt\/vortraege-webinare-fuehrung\/","name":"Vortr\u00e4ge \/ Webinare: F\u00fchrung","isPartOf":{"@id":"https:\/\/www.company-move.de\/#website"},"primaryImageOfPage":{"@id":"https:\/\/www.company-move.de\/produkt\/vortraege-webinare-fuehrung\/#primaryimage"},"image":{"@id":"https:\/\/www.company-move.de\/produkt\/vortraege-webinare-fuehrung\/#primaryimage"},"thumbnailUrl":"https:\/\/www.company-move.de\/wp-content\/uploads\/2024\/10\/Stressmanagement-Webinar.jpg","datePublished":"2025-02-14T13:26:04+00:00","dateModified":"2026-04-22T09:56:10+00:00","description":"Erfahren Sie, wie Sie Ihre Gesundheit im Alltag f\u00f6rdern k\u00f6nnen und wie Sie Vorsorge betreiben k\u00f6nnen. Buchen Sie unseren Gesundheitstag!","breadcrumb":{"@id":"https:\/\/www.company-move.de\/produkt\/vortraege-webinare-fuehrung\/#breadcrumb"},"inLanguage":"en-US","potentialAction":[{"@type":"ReadAction","target":["https:\/\/www.company-move.de\/produkt\/vortraege-webinare-fuehrung\/"]}]},{"@type":"ImageObject","inLanguage":"en-US","@id":"https:\/\/www.company-move.de\/produkt\/vortraege-webinare-fuehrung\/#primaryimage","url":"https:\/\/www.company-move.de\/wp-content\/uploads\/2024\/10\/Stressmanagement-Webinar.jpg","contentUrl":"https:\/\/www.company-move.de\/wp-content\/uploads\/2024\/10\/Stressmanagement-Webinar.jpg","width":1920,"height":1080,"caption":"Vortr\u00e4ge \/ Webinare F\u00fchrung"},{"@type":"BreadcrumbList","@id":"https:\/\/www.company-move.de\/produkt\/vortraege-webinare-fuehrung\/#breadcrumb","itemListElement":[{"@type":"ListItem","position":1,"name":"Shop","item":"https:\/\/www.company-move.de\/shop\/"},{"@type":"ListItem","position":2,"name":"F\u00fchrung"}]},{"@type":"WebSite","@id":"https:\/\/www.company-move.de\/#website","url":"https:\/\/www.company-move.de\/","name":"Company move GmbH","description":"Your expert for occupational health management","publisher":{"@id":"https:\/\/www.company-move.de\/#organization"},"potentialAction":[{"@type":"SearchAction","target":{"@type":"EntryPoint","urlTemplate":"https:\/\/www.company-move.de\/?s={search_term_string}"},"query-input":{"@type":"PropertyValueSpecification","valueRequired":true,"valueName":"search_term_string"}}],"inLanguage":"en-US"},{"@type":"Organization","@id":"https:\/\/www.company-move.de\/#organization","name":"Company move GmbH","url":"https:\/\/www.company-move.de\/","logo":{"@type":"ImageObject","inLanguage":"en-US","@id":"https:\/\/www.company-move.de\/#\/schema\/logo\/image\/","url":"https:\/\/www.company-move.de\/wp-content\/uploads\/2024\/05\/cropped-CM-Logo.png","contentUrl":"https:\/\/www.company-move.de\/wp-content\/uploads\/2024\/05\/cropped-CM-Logo.png","width":1599,"height":795,"caption":"Company move GmbH"},"image":{"@id":"https:\/\/www.company-move.de\/#\/schema\/logo\/image\/"}}]}},"_links":{"self":[{"href":"https:\/\/www.company-move.de\/en\/wp-json\/wp\/v2\/product\/11938","targetHints":{"allow":["GET"]}}],"collection":[{"href":"https:\/\/www.company-move.de\/en\/wp-json\/wp\/v2\/product"}],"about":[{"href":"https:\/\/www.company-move.de\/en\/wp-json\/wp\/v2\/types\/product"}],"wp:featuredmedia":[{"embeddable":true,"href":"https:\/\/www.company-move.de\/en\/wp-json\/wp\/v2\/media\/6638"}],"wp:attachment":[{"href":"https:\/\/www.company-move.de\/en\/wp-json\/wp\/v2\/media?parent=11938"}],"wp:term":[{"taxonomy":"product_brand","embeddable":true,"href":"https:\/\/www.company-move.de\/en\/wp-json\/wp\/v2\/product_brand?post=11938"},{"taxonomy":"product_cat","embeddable":true,"href":"https:\/\/www.company-move.de\/en\/wp-json\/wp\/v2\/product_cat?post=11938"},{"taxonomy":"product_tag","embeddable":true,"href":"https:\/\/www.company-move.de\/en\/wp-json\/wp\/v2\/product_tag?post=11938"}],"curies":[{"name":"wp","href":"https:\/\/api.w.org\/{rel}","templated":true}]}}