{"id":11936,"date":"2025-02-14T14:22:00","date_gmt":"2025-02-14T13:22:00","guid":{"rendered":"https:\/\/www.company-move.de\/?post_type=product&#038;p=11936"},"modified":"2026-04-22T12:00:13","modified_gmt":"2026-04-22T10:00:13","slug":"vortraege-webinare-gesundheit","status":"publish","type":"product","link":"https:\/\/www.company-move.de\/en\/product\/vortraege-webinare-gesundheit\/","title":{"rendered":"Health"},"content":{"rendered":"<div class=\"flex-shrink-0 flex flex-col relative items-end\">\n<div class=\"pt-0\">\n<div class=\"gizmo-bot-avatar flex h-8 w-8 items-center justify-center overflow-hidden rounded-full\">\n<p>Eine moderne Gesundheitsstrategie erfordert differenzierte Ans\u00e4tze, da geschlechtsspezifische Unterschiede die Krankheitslast massiv beeinflussen. Laut dem <b data-path-to-node=\"3\" data-index-in-node=\"156\">Frauengesundheitsbericht 2024 des RKI<\/b> leiden Frauen beispielsweise deutlich h\u00e4ufiger unter chronischen Schmerzsyndromen und <a href=\"https:\/\/www.company-move.de\/bgm\/gesundheitsthemen\/psychische-gesundheit\/\">psychischen Belastungen<\/a>, w\u00e4hrend M\u00e4nner eine h\u00f6here Mortalit\u00e4t bei <a href=\"https:\/\/www.company-move.de\/produkt\/cardioscan-herz-stressanalyse\/\">Herz-Kreislauf-Erkrankungen<\/a> aufweisen.<\/p>\n<p>Our <b data-path-to-node=\"3\" data-index-in-node=\"392\"><a href=\"https:\/\/www.company-move.de\/format\/workshops-webinare\/\">Vortrag \/ Webinar<\/a> Health<\/b> adressiert diese Dispanzen durch zielgruppenspezifische <b data-path-to-node=\"3\" data-index-in-node=\"477\">Prevention<\/b>, um Risiken wie den Schlaganfall fr\u00fchzeitig zu minimieren und die allgemeine Lebensqualit\u00e4t zu sichern. Indem Sie Gender-Aspekte und Akut-Vorsorge in Ihr <b data-path-to-node=\"3\" data-index-in-node=\"642\">BGM<\/b> integrieren, senken Sie nicht nur langfristig den <b data-path-to-node=\"3\" data-index-in-node=\"696\">Krankenstand<\/b>, sondern f\u00f6rdern eine inklusive Unternehmenskultur, die die individuellen Bed\u00fcrfnisse jeder Belegschaftsgruppe ernst nimmt.<\/p>\n<blockquote>\n<p data-path-to-node=\"6,0\"><span style=\"color: #aaad00;\">\u201eWir brauchen eine geschlechtersensible Medizin und Pr\u00e4vention, denn Frauen und M\u00e4nner erkranken oft anders, zeigen andere Symptome und reagieren unterschiedlich auf Stressoren. Nur wer diese Differenzen versteht, kann im betrieblichen Umfeld wirksame Gesundheitsangebote schaffen.\u201c<\/span><\/p>\n<p data-path-to-node=\"6,1\"><span style=\"color: #aaad00;\">\u2014 <b data-path-to-node=\"6,1\" data-index-in-node=\"2\">Prof. Dr. Dr. h.c. Vera Regitz-Zagrosek<\/b>, Begr\u00fcnderin der Gendermedizin in Deutschland und Seniorprofessorin an der Charit\u00e9 Berlin.<\/span><\/p>\n<\/blockquote>\n<p>In our <strong>Lecture \/ webinar on health<\/strong> find out why promoting health is of central importance to our lives. Health not only influences our well-being, but also our performance and quality of life. Book our health day and find out more!<\/p>\n<p>F\u00fcr mehr Ideen f\u00fcr <a href=\"https:\/\/www.company-move.de\/gesundheitstage-module\/\">Health days<\/a>, klicken Sie sich gerne durch unsere anderen Angebote f\u00fcr betriebliches Gesundheitsmanagement. Etablieren Sie Gesundheitsf\u00f6rderung in Ihrem Unternehmen mit uns als Ihr BGM-Dienstleister!<\/p>\n<\/div>\n<\/div>\n<\/div>","protected":false},"excerpt":{"rendered":"<p>Product short description = Excerpt<\/p>\n<p>Quellen<\/p>\n<ul>\n<li>\n<p data-path-to-node=\"14,0,0\"><b data-path-to-node=\"14,0,0\" data-index-in-node=\"0\">Frauengesundheitsbericht 2024: Fokus Lebensphasen<\/b>, Robert Koch-Institut (RKI), 2024. Umfassende Datenlage zu Pr\u00e4valenzen und Pr\u00e4ventionsbedarfen. (<b data-path-to-node=\"14,0,0\" data-index-in-node=\"147\">Offizieller Regierungsbericht<\/b>)<\/p>\n<\/li>\n<li>\n<p data-path-to-node=\"14,1,0\"><b data-path-to-node=\"14,1,0\" data-index-in-node=\"0\">Gesundheitliche Lage der M\u00e4nner in Deutschland<\/b>, Bundeszentrale f\u00fcr gesundheitliche Aufkl\u00e4rung (BZgA), 2025. Analyse zum Vorsorgeverhalten und zur Lebenserwartung. (<b data-path-to-node=\"14,1,0\" data-index-in-node=\"164\">Offizieller Regierungsbericht<\/b>)<\/p>\n<\/li>\n<li>\n<p data-path-to-node=\"14,2,0\"><b data-path-to-node=\"14,2,0\" data-index-in-node=\"0\">&#8222;Gender Differences in Cardiovascular Disease Prevention&#8220;<\/b>, European Heart Journal, 2025. Untersuchung zur Wirksamkeit geschlechtsspezifischer Aufkl\u00e4rungsprogramme. (<b data-path-to-node=\"14,2,0\" data-index-in-node=\"165\">Peer-Review-Journal<\/b>)<\/p>\n<\/li>\n<li>\n<p data-path-to-node=\"14,3,0\"><b data-path-to-node=\"14,3,0\" data-index-in-node=\"0\">Leitlinie Schlaganfall-Pr\u00e4vention 2024<\/b>, Deutsche Gesellschaft f\u00fcr Neurologie (DGN), 2024. Aktuelle medizinische Standards zur Risikofr\u00fcherkennung. (<b data-path-to-node=\"14,3,0\" data-index-in-node=\"148\">Fachgesellschafts-Publikation<\/b>)<\/p>\n<\/li>\n<li>\n<p data-path-to-node=\"14,4,0\"><b data-path-to-node=\"14,4,0\" data-index-in-node=\"0\">BKK Gesundheitsreport 2025: Vielfalt im Betrieb<\/b>, Dachverband der Betriebskrankenkassen, 2025. Statistische Auswertung zum Einfluss von Gender-Health-Ma\u00dfnahmen auf die Mitarbeiterzufriedenheit. (<b data-path-to-node=\"14,4,0\" data-index-in-node=\"194\">Offizieller Fachbericht<\/b>)<\/p>\n<\/li>\n<\/ul>","protected":false},"featured_media":6805,"template":"","meta":{"site-sidebar-layout":"default","site-content-layout":"","ast-site-content-layout":"default","site-content-style":"default","site-sidebar-style":"default","ast-global-header-display":"","ast-banner-title-visibility":"","ast-main-header-display":"","ast-hfb-above-header-display":"","ast-hfb-below-header-display":"","ast-hfb-mobile-header-display":"","site-post-title":"","ast-breadcrumbs-content":"","ast-featured-img":"","footer-sml-layout":"","ast-disable-related-posts":"","theme-transparent-header-meta":"default","adv-header-id-meta":"","stick-header-meta":"default","header-above-stick-meta":"","header-main-stick-meta":"","header-below-stick-meta":"","astra-migrate-meta-layouts":"set","ast-page-background-enabled":"default","ast-page-background-meta":{"desktop":{"background-color":"var(--ast-global-color-4)","background-image":"","background-repeat":"repeat","background-position":"center center","background-size":"auto","background-attachment":"scroll","background-type":"","background-media":"","overlay-type":"","overlay-color":"","overlay-opacity":"","overlay-gradient":""},"tablet":{"background-color":"","background-image":"","background-repeat":"repeat","background-position":"center center","background-size":"auto","background-attachment":"scroll","background-type":"","background-media":"","overlay-type":"","overlay-color":"","overlay-opacity":"","overlay-gradient":""},"mobile":{"background-color":"","background-image":"","background-repeat":"repeat","background-position":"center center","background-size":"auto","background-attachment":"scroll","background-type":"","background-media":"","overlay-type":"","overlay-color":"","overlay-opacity":"","overlay-gradient":""}},"ast-content-background-meta":{"desktop":{"background-color":"var(--ast-global-color-5)","background-image":"","background-repeat":"repeat","background-position":"center center","background-size":"auto","background-attachment":"scroll","background-type":"","background-media":"","overlay-type":"","overlay-color":"","overlay-opacity":"","overlay-gradient":""},"tablet":{"background-color":"var(--ast-global-color-5)","background-image":"","background-repeat":"repeat","background-position":"center center","background-size":"auto","background-attachment":"scroll","background-type":"","background-media":"","overlay-type":"","overlay-color":"","overlay-opacity":"","overlay-gradient":""},"mobile":{"background-color":"var(--ast-global-color-5)","background-image":"","background-repeat":"repeat","background-position":"center center","background-size":"auto","background-attachment":"scroll","background-type":"","background-media":"","overlay-type":"","overlay-color":"","overlay-opacity":"","overlay-gradient":""}}},"product_brand":[],"product_cat":[44,15,48,50],"product_tag":[],"class_list":{"0":"post-11936","1":"product","2":"type-product","3":"status-publish","4":"has-post-thumbnail","6":"product_cat-gesundheits-check","7":"product_cat-praeventionsmassnahmen","8":"product_cat-psychische-gesundheit","9":"product_cat-schulungen-weiterbildung","10":"pa_dauer-ca-120-min","11":"pa_dauer-ca-30-min","12":"pa_dauer-ca-45-min","13":"pa_dauer-ca-60-min","14":"pa_dauer-ca-90-min","15":"pa_durchfuehrungsform-digital","16":"pa_durchfuehrungsform-praesenz","17":"pa_format-workshops-webinare","18":"pa_zielgruppe-berufseinsteigende","19":"pa_zielgruppe-beschaeftigte","20":"desktop-align-left","21":"tablet-align-left","22":"mobile-align-left","23":"ast-product-gallery-layout-horizontal-slider","24":"ast-product-gallery-with-no-image","25":"ast-product-tabs-layout-horizontal","27":"first","28":"instock","29":"virtual","30":"sold-individually","31":"purchasable","32":"product-type-simple"},"yoast_head":"<!-- This site is optimized with the Yoast SEO plugin v27.5 - https:\/\/yoast.com\/product\/yoast-seo-wordpress\/ -->\n<title>Vortr\u00e4ge \/ Webinare: Gesundheit<\/title>\n<meta name=\"description\" content=\"Erfahren Sie, wie Sie Ihre Gesundheit im Alltag f\u00f6rdern k\u00f6nnen und wie Sie Vorsorge betreiben k\u00f6nnen. Buchen Sie unseren Gesundheitstag!\" \/>\n<meta name=\"robots\" content=\"index, follow, max-snippet:-1, max-image-preview:large, max-video-preview:-1\" \/>\n<link rel=\"canonical\" href=\"https:\/\/www.company-move.de\/en\/product\/vortraege-webinare-gesundheit\/\" \/>\n<meta property=\"og:locale\" content=\"en_US\" \/>\n<meta property=\"og:type\" content=\"article\" \/>\n<meta property=\"og:title\" content=\"Vortr\u00e4ge \/ Webinare: Gesundheit\" \/>\n<meta property=\"og:description\" content=\"Erfahren Sie, wie Sie Ihre Gesundheit im Alltag f\u00f6rdern k\u00f6nnen und wie Sie Vorsorge betreiben k\u00f6nnen. Buchen Sie unseren Gesundheitstag!\" \/>\n<meta property=\"og:url\" content=\"https:\/\/www.company-move.de\/en\/product\/vortraege-webinare-gesundheit\/\" \/>\n<meta property=\"og:site_name\" content=\"Company move GmbH\" \/>\n<meta property=\"article:modified_time\" content=\"2026-04-22T10:00:13+00:00\" \/>\n<meta property=\"og:image\" content=\"https:\/\/www.company-move.de\/wp-content\/uploads\/2024\/10\/Webinar-Gluecksforschung.jpg\" \/>\n\t<meta property=\"og:image:width\" content=\"1536\" \/>\n\t<meta property=\"og:image:height\" content=\"864\" \/>\n\t<meta property=\"og:image:type\" content=\"image\/jpeg\" \/>\n<meta name=\"twitter:card\" content=\"summary_large_image\" \/>\n<meta name=\"twitter:label1\" content=\"Est. reading time\" \/>\n\t<meta name=\"twitter:data1\" content=\"2 minutes\" \/>\n<!-- \/ Yoast SEO plugin. -->","yoast_head_json":{"title":"Vortr\u00e4ge \/ Webinare: Gesundheit","description":"Erfahren Sie, wie Sie Ihre Gesundheit im Alltag f\u00f6rdern k\u00f6nnen und wie Sie Vorsorge betreiben k\u00f6nnen. Buchen Sie unseren Gesundheitstag!","robots":{"index":"index","follow":"follow","max-snippet":"max-snippet:-1","max-image-preview":"max-image-preview:large","max-video-preview":"max-video-preview:-1"},"canonical":"https:\/\/www.company-move.de\/en\/product\/vortraege-webinare-gesundheit\/","og_locale":"en_US","og_type":"article","og_title":"Vortr\u00e4ge \/ Webinare: Gesundheit","og_description":"Erfahren Sie, wie Sie Ihre Gesundheit im Alltag f\u00f6rdern k\u00f6nnen und wie Sie Vorsorge betreiben k\u00f6nnen. Buchen Sie unseren Gesundheitstag!","og_url":"https:\/\/www.company-move.de\/en\/product\/vortraege-webinare-gesundheit\/","og_site_name":"Company move GmbH","article_modified_time":"2026-04-22T10:00:13+00:00","og_image":[{"width":1536,"height":864,"url":"https:\/\/www.company-move.de\/wp-content\/uploads\/2024\/10\/Webinar-Gluecksforschung.jpg","type":"image\/jpeg"}],"twitter_card":"summary_large_image","twitter_misc":{"Est. reading time":"2 minutes"},"schema":{"@context":"https:\/\/schema.org","@graph":[{"@type":["WebPage","ItemPage"],"@id":"https:\/\/www.company-move.de\/produkt\/vortraege-webinare-gesundheit\/","url":"https:\/\/www.company-move.de\/produkt\/vortraege-webinare-gesundheit\/","name":"Vortr\u00e4ge \/ Webinare: Gesundheit","isPartOf":{"@id":"https:\/\/www.company-move.de\/#website"},"primaryImageOfPage":{"@id":"https:\/\/www.company-move.de\/produkt\/vortraege-webinare-gesundheit\/#primaryimage"},"image":{"@id":"https:\/\/www.company-move.de\/produkt\/vortraege-webinare-gesundheit\/#primaryimage"},"thumbnailUrl":"https:\/\/www.company-move.de\/wp-content\/uploads\/2024\/10\/Webinar-Gluecksforschung.jpg","datePublished":"2025-02-14T13:22:00+00:00","dateModified":"2026-04-22T10:00:13+00:00","description":"Erfahren Sie, wie Sie Ihre Gesundheit im Alltag f\u00f6rdern k\u00f6nnen und wie Sie Vorsorge betreiben k\u00f6nnen. Buchen Sie unseren Gesundheitstag!","breadcrumb":{"@id":"https:\/\/www.company-move.de\/produkt\/vortraege-webinare-gesundheit\/#breadcrumb"},"inLanguage":"en-US","potentialAction":[{"@type":"ReadAction","target":["https:\/\/www.company-move.de\/produkt\/vortraege-webinare-gesundheit\/"]}]},{"@type":"ImageObject","inLanguage":"en-US","@id":"https:\/\/www.company-move.de\/produkt\/vortraege-webinare-gesundheit\/#primaryimage","url":"https:\/\/www.company-move.de\/wp-content\/uploads\/2024\/10\/Webinar-Gluecksforschung.jpg","contentUrl":"https:\/\/www.company-move.de\/wp-content\/uploads\/2024\/10\/Webinar-Gluecksforschung.jpg","width":1536,"height":864,"caption":"Vortr\u00e4ge \/ Webinare Gesundheit"},{"@type":"BreadcrumbList","@id":"https:\/\/www.company-move.de\/produkt\/vortraege-webinare-gesundheit\/#breadcrumb","itemListElement":[{"@type":"ListItem","position":1,"name":"Shop","item":"https:\/\/www.company-move.de\/shop\/"},{"@type":"ListItem","position":2,"name":"Gesundheit"}]},{"@type":"WebSite","@id":"https:\/\/www.company-move.de\/#website","url":"https:\/\/www.company-move.de\/","name":"Company move GmbH","description":"Your expert for occupational health management","publisher":{"@id":"https:\/\/www.company-move.de\/#organization"},"potentialAction":[{"@type":"SearchAction","target":{"@type":"EntryPoint","urlTemplate":"https:\/\/www.company-move.de\/?s={search_term_string}"},"query-input":{"@type":"PropertyValueSpecification","valueRequired":true,"valueName":"search_term_string"}}],"inLanguage":"en-US"},{"@type":"Organization","@id":"https:\/\/www.company-move.de\/#organization","name":"Company move GmbH","url":"https:\/\/www.company-move.de\/","logo":{"@type":"ImageObject","inLanguage":"en-US","@id":"https:\/\/www.company-move.de\/#\/schema\/logo\/image\/","url":"https:\/\/www.company-move.de\/wp-content\/uploads\/2024\/05\/cropped-CM-Logo.png","contentUrl":"https:\/\/www.company-move.de\/wp-content\/uploads\/2024\/05\/cropped-CM-Logo.png","width":1599,"height":795,"caption":"Company move GmbH"},"image":{"@id":"https:\/\/www.company-move.de\/#\/schema\/logo\/image\/"}}]}},"_links":{"self":[{"href":"https:\/\/www.company-move.de\/en\/wp-json\/wp\/v2\/product\/11936","targetHints":{"allow":["GET"]}}],"collection":[{"href":"https:\/\/www.company-move.de\/en\/wp-json\/wp\/v2\/product"}],"about":[{"href":"https:\/\/www.company-move.de\/en\/wp-json\/wp\/v2\/types\/product"}],"wp:featuredmedia":[{"embeddable":true,"href":"https:\/\/www.company-move.de\/en\/wp-json\/wp\/v2\/media\/6805"}],"wp:attachment":[{"href":"https:\/\/www.company-move.de\/en\/wp-json\/wp\/v2\/media?parent=11936"}],"wp:term":[{"taxonomy":"product_brand","embeddable":true,"href":"https:\/\/www.company-move.de\/en\/wp-json\/wp\/v2\/product_brand?post=11936"},{"taxonomy":"product_cat","embeddable":true,"href":"https:\/\/www.company-move.de\/en\/wp-json\/wp\/v2\/product_cat?post=11936"},{"taxonomy":"product_tag","embeddable":true,"href":"https:\/\/www.company-move.de\/en\/wp-json\/wp\/v2\/product_tag?post=11936"}],"curies":[{"name":"wp","href":"https:\/\/api.w.org\/{rel}","templated":true}]}}