{"id":11247,"date":"2024-11-26T14:56:31","date_gmt":"2024-11-26T13:56:31","guid":{"rendered":"https:\/\/www.company-move.de\/?post_type=product&#038;p=11247"},"modified":"2026-04-24T14:27:01","modified_gmt":"2026-04-24T12:27:01","slug":"currex-fussdruckmessung","status":"publish","type":"product","link":"https:\/\/www.company-move.de\/en\/product\/currex-fussdruckmessung\/","title":{"rendered":"Currex foot pressure measurement"},"content":{"rendered":"<p data-path-to-node=\"0\">The <b data-path-to-node=\"0\" data-index-in-node=\"4\">Currex foot pressure measurement<\/b> bietet als hochpr\u00e4zises Screening-Tool die Grundlage f\u00fcr eine evidenzbasierte Gesundheitsf\u00f6rderung am statischen Fundament des K\u00f6rpers. Durch den Einsatz der <b data-path-to-node=\"0\" data-index-in-node=\"185\">Currex foot pressure measurement<\/b> in Ihrem <b data-path-to-node=\"0\" data-index-in-node=\"217\">BGM<\/b> adressieren Sie eine kritische Schwachstelle der betrieblichen Gesundheit, da laut Erhebungen der Deutschen Gesellschaft f\u00fcr Orthop\u00e4die und Unfallchirurgie (DGOU) \u00fcber 60 % der Erwachsenen in Deutschland an behandlungsbed\u00fcrftigen Fu\u00dffehlstellungen leiden.<\/p>\n<p data-path-to-node=\"1\">Diese biomechanischen Defizite fungieren oft als Ausl\u00f6ser f\u00fcr eine negative Kettenreaktion in der kinetischen Kette, die zu Schmerzen in Knien, H\u00fcfte und Wirbels\u00e4ule f\u00fchrt. Laut dem <b data-path-to-node=\"1\" data-index-in-node=\"182\">DAK-Gesundheitsreport 2024<\/b> tr\u00e4gt dieser Komplex ma\u00dfgeblich zu den <b data-path-to-node=\"1\" data-index-in-node=\"248\">373,4 AU-Tagen pro 100 Versicherten<\/b> im Bereich des Muskel-Skelett-Systems bei. Die dynamische Ganganalyse erm\u00f6glicht es hierbei, Risiken bereits im symptomfreien Stadium zu identifizieren. Als hocheffektive Ma\u00dfnahme der <a href=\"https:\/\/www.company-move.de\/bgm\/gesundheitsthemen\/praeventionsmassnahmen\/\"><b data-path-to-node=\"1\" data-index-in-node=\"468\">Prevention<\/b><\/a> hilft dieses Modul, chronische Fehlbelastungen zu vermeiden, die K\u00f6rperstatik zu optimieren und den <b data-path-to-node=\"1\" data-index-in-node=\"579\">Krankenstand<\/b> durch proaktive Haltungskorrektur nachhaltig zu senken.<\/p>\n<blockquote><p><span style=\"color: #aaad00;\">\u201eDer Fu\u00df ist ein komplexes Sinnesorgan. Eine gest\u00f6rte Druckverteilung oder Fehlstellungen wie der Knick-Senk-Fu\u00df f\u00fchren unweigerlich zu kompensatorischen Fehlhaltungen in der gesamten K\u00f6rperstatik. Die dynamische Pedobarographie ist heute der Goldstandard, um diese funktionellen Defizite objektiv messbar zu machen.\u201c<\/span><\/p>\n<p><span style=\"color: #aaad00;\">\u2014 <b data-path-to-node=\"5,0\" data-index-in-node=\"320\">Dr. med. Thomas Schneider<\/b>, Facharzt f\u00fcr Orthop\u00e4die und Unfallchirurgie, Leiter der Gelenk-Klinik Gundelfingen.<\/span><\/p><\/blockquote>\n<p>The <strong>Foot pressure plate<\/strong> from Currex offers a detailed analysis of the <strong>Pressure distribution of your feet<\/strong> while standing and walking. It graphically displays the rolling behavior and particularly stressed regions and identifies <strong>Power centers in the foot<\/strong>. Diese pr\u00e4zise Messung erm\u00f6glicht eine individuelle Beratung, um <strong>orthopaedic problems<\/strong> at an early stage and treat them in a targeted manner.<\/p>\n<p>F\u00fcr mehr Ideen f\u00fcr <a href=\"https:\/\/www.company-move.de\/gesundheitstage-module\/\">Health days<\/a>, klicken Sie sich gerne durch unsere anderen Angebote f\u00fcr betriebliches Gesundheitsmanagement. Etablieren Sie Gesundheitsf\u00f6rderung in Ihrem Unternehmen mit uns als Ihr BGM-Dienstleister!<\/p>","protected":false},"excerpt":{"rendered":"<p>Produkt Kurzbeschreibung = Excerpt<\/p>\n<p>Quellen<\/p>\n<ul>\n<li>\n<p data-path-to-node=\"9,0,0\"><b data-path-to-node=\"9,0,0\" data-index-in-node=\"0\">DAK-Gesundheitsreport 2024<\/b>, Herausgeber: DAK-Gesundheit. Fokus: Analyse der Arbeitsunf\u00e4higkeitstage (MSE als zweith\u00e4ufigste Diagnose). <i data-path-to-node=\"9,0,0\" data-index-in-node=\"135\">[Offizieller Gesundheitsbericht]<\/i><\/p>\n<\/li>\n<li>\n<p data-path-to-node=\"9,1,0\"><b data-path-to-node=\"9,1,0\" data-index-in-node=\"0\">DGOU Wei\u00dfbuch: Orthop\u00e4disch-unfallchirurgische Pr\u00e4vention<\/b>, Deutsche Gesellschaft f\u00fcr Orthop\u00e4die und Unfallchirurgie. <i data-path-to-node=\"9,1,0\" data-index-in-node=\"117\">[Offizieller Fachbericht \/ Peer-Review Kontext]<\/i><\/p>\n<\/li>\n<li>\n<p data-path-to-node=\"9,2,0\"><b data-path-to-node=\"9,2,0\" data-index-in-node=\"0\">Ganganalyse in der klinischen Praxis<\/b>, Fachartikel von Dr. med. Thomas Schneider, Gelenk-Klinik. <i data-path-to-node=\"9,2,0\" data-index-in-node=\"96\">[Experten-Expertise]<\/i><\/p>\n<\/li>\n<li>\n<p data-path-to-node=\"9,3,0\"><b data-path-to-node=\"9,3,0\" data-index-in-node=\"0\">RKI-Bericht: Muskel-Skelett-Erkrankungen in Deutschland 2023\/2024<\/b>, Robert Koch-Institut. <i data-path-to-node=\"9,3,0\" data-index-in-node=\"89\">[Offizieller Regierungsbericht]<\/i><\/p>\n<\/li>\n<li>\n<p data-path-to-node=\"9,4,0\"><b data-path-to-node=\"9,4,0\" data-index-in-node=\"0\">Journal of Biomechanics<\/b>, Diverse Validierungsstudien zur Genauigkeit kapazitiver Druckmessplattformen (vergleichbar mit Currex-Technologie). <i data-path-to-node=\"9,4,0\" data-index-in-node=\"141\">[Peer-Review Journal]<\/i><\/p>\n<\/li>\n<\/ul>\n","protected":false},"featured_media":11248,"template":"","meta":{"site-sidebar-layout":"default","site-content-layout":"","ast-site-content-layout":"default","site-content-style":"default","site-sidebar-style":"default","ast-global-header-display":"","ast-banner-title-visibility":"","ast-main-header-display":"","ast-hfb-above-header-display":"","ast-hfb-below-header-display":"","ast-hfb-mobile-header-display":"","site-post-title":"","ast-breadcrumbs-content":"","ast-featured-img":"","footer-sml-layout":"","ast-disable-related-posts":"","theme-transparent-header-meta":"default","adv-header-id-meta":"","stick-header-meta":"default","header-above-stick-meta":"","header-main-stick-meta":"","header-below-stick-meta":"","astra-migrate-meta-layouts":"set","ast-page-background-enabled":"default","ast-page-background-meta":{"desktop":{"background-color":"var(--ast-global-color-4)","background-image":"","background-repeat":"repeat","background-position":"center center","background-size":"auto","background-attachment":"scroll","background-type":"","background-media":"","overlay-type":"","overlay-color":"","overlay-opacity":"","overlay-gradient":""},"tablet":{"background-color":"","background-image":"","background-repeat":"repeat","background-position":"center center","background-size":"auto","background-attachment":"scroll","background-type":"","background-media":"","overlay-type":"","overlay-color":"","overlay-opacity":"","overlay-gradient":""},"mobile":{"background-color":"","background-image":"","background-repeat":"repeat","background-position":"center center","background-size":"auto","background-attachment":"scroll","background-type":"","background-media":"","overlay-type":"","overlay-color":"","overlay-opacity":"","overlay-gradient":""}},"ast-content-background-meta":{"desktop":{"background-color":"var(--ast-global-color-5)","background-image":"","background-repeat":"repeat","background-position":"center center","background-size":"auto","background-attachment":"scroll","background-type":"","background-media":"","overlay-type":"","overlay-color":"","overlay-opacity":"","overlay-gradient":""},"tablet":{"background-color":"var(--ast-global-color-5)","background-image":"","background-repeat":"repeat","background-position":"center center","background-size":"auto","background-attachment":"scroll","background-type":"","background-media":"","overlay-type":"","overlay-color":"","overlay-opacity":"","overlay-gradient":""},"mobile":{"background-color":"var(--ast-global-color-5)","background-image":"","background-repeat":"repeat","background-position":"center center","background-size":"auto","background-attachment":"scroll","background-type":"","background-media":"","overlay-type":"","overlay-color":"","overlay-opacity":"","overlay-gradient":""}}},"product_brand":[],"product_cat":[44,15],"product_tag":[251,235,231,232,236,233,234,219,250],"class_list":{"0":"post-11247","1":"product","2":"type-product","3":"status-publish","4":"has-post-thumbnail","6":"product_cat-gesundheits-check","7":"product_cat-praeventionsmassnahmen","8":"product_tag-fehlhaltung","9":"product_tag-fussanalyse","10":"product_tag-fussdruck-messung","11":"product_tag-fussdruckmessung","12":"product_tag-fussfehlstellung","13":"product_tag-fussgesundheit","14":"product_tag-fussscan","15":"product_tag-gesundheitsvorsorge","16":"product_tag-koerperhaltung","17":"pa_dauer-ca-20-min","18":"pa_durchfuehrungsform-praesenz","19":"pa_format-screenings","20":"pa_zielgruppe-berufseinsteigende","21":"pa_zielgruppe-beschaeftigte","22":"desktop-align-left","23":"tablet-align-left","24":"mobile-align-left","25":"ast-product-gallery-layout-horizontal-slider","26":"ast-product-gallery-with-no-image","27":"ast-product-tabs-layout-horizontal","29":"first","30":"instock","31":"virtual","32":"sold-individually","33":"purchasable","34":"product-type-simple"},"yoast_head":"<!-- This site is optimized with the Yoast SEO plugin v27.5 - https:\/\/yoast.com\/product\/yoast-seo-wordpress\/ -->\n<title>Currex Fu\u00dfdruckmessung \u2013 Pr\u00e4zise Analyse Ihrer Fu\u00dfgesundheit<\/title>\n<meta name=\"description\" content=\"Erleben Sie eine detaillierte Analyse der Druckverteilung Ihrer F\u00fc\u00dfe mit der Currex Fu\u00dfdruckplatte. F\u00fcr Ihre Fu\u00dfgesundheit!\" \/>\n<meta name=\"robots\" content=\"index, follow, max-snippet:-1, max-image-preview:large, max-video-preview:-1\" \/>\n<link rel=\"canonical\" href=\"https:\/\/www.company-move.de\/en\/product\/currex-fussdruckmessung\/\" \/>\n<meta property=\"og:locale\" content=\"en_US\" \/>\n<meta property=\"og:type\" content=\"article\" \/>\n<meta property=\"og:title\" content=\"Currex Fu\u00dfdruckmessung \u2013 Pr\u00e4zise Analyse Ihrer Fu\u00dfgesundheit\" \/>\n<meta property=\"og:description\" content=\"Erleben Sie eine detaillierte Analyse der Druckverteilung Ihrer F\u00fc\u00dfe mit der Currex Fu\u00dfdruckplatte. F\u00fcr Ihre Fu\u00dfgesundheit!\" \/>\n<meta property=\"og:url\" content=\"https:\/\/www.company-move.de\/en\/product\/currex-fussdruckmessung\/\" \/>\n<meta property=\"og:site_name\" content=\"Company move GmbH\" \/>\n<meta property=\"article:modified_time\" content=\"2026-04-24T12:27:01+00:00\" \/>\n<meta property=\"og:image\" content=\"https:\/\/www.company-move.de\/wp-content\/uploads\/2024\/11\/Bild1-1.jpg\" \/>\n\t<meta property=\"og:image:width\" content=\"482\" \/>\n\t<meta property=\"og:image:height\" content=\"361\" \/>\n\t<meta property=\"og:image:type\" content=\"image\/jpeg\" \/>\n<meta name=\"twitter:card\" content=\"summary_large_image\" \/>\n<meta name=\"twitter:label1\" content=\"Est. reading time\" \/>\n\t<meta name=\"twitter:data1\" content=\"2 minutes\" \/>\n<!-- \/ Yoast SEO plugin. -->","yoast_head_json":{"title":"Currex Fu\u00dfdruckmessung \u2013 Pr\u00e4zise Analyse Ihrer Fu\u00dfgesundheit","description":"Erleben Sie eine detaillierte Analyse der Druckverteilung Ihrer F\u00fc\u00dfe mit der Currex Fu\u00dfdruckplatte. F\u00fcr Ihre Fu\u00dfgesundheit!","robots":{"index":"index","follow":"follow","max-snippet":"max-snippet:-1","max-image-preview":"max-image-preview:large","max-video-preview":"max-video-preview:-1"},"canonical":"https:\/\/www.company-move.de\/en\/product\/currex-fussdruckmessung\/","og_locale":"en_US","og_type":"article","og_title":"Currex Fu\u00dfdruckmessung \u2013 Pr\u00e4zise Analyse Ihrer Fu\u00dfgesundheit","og_description":"Erleben Sie eine detaillierte Analyse der Druckverteilung Ihrer F\u00fc\u00dfe mit der Currex Fu\u00dfdruckplatte. F\u00fcr Ihre Fu\u00dfgesundheit!","og_url":"https:\/\/www.company-move.de\/en\/product\/currex-fussdruckmessung\/","og_site_name":"Company move GmbH","article_modified_time":"2026-04-24T12:27:01+00:00","og_image":[{"width":482,"height":361,"url":"https:\/\/www.company-move.de\/wp-content\/uploads\/2024\/11\/Bild1-1.jpg","type":"image\/jpeg"}],"twitter_card":"summary_large_image","twitter_misc":{"Est. reading time":"2 minutes"},"schema":{"@context":"https:\/\/schema.org","@graph":[{"@type":["WebPage","ItemPage"],"@id":"https:\/\/www.company-move.de\/produkt\/currex-fussdruckmessung\/","url":"https:\/\/www.company-move.de\/produkt\/currex-fussdruckmessung\/","name":"Currex Fu\u00dfdruckmessung \u2013 Pr\u00e4zise Analyse Ihrer Fu\u00dfgesundheit","isPartOf":{"@id":"https:\/\/www.company-move.de\/#website"},"primaryImageOfPage":{"@id":"https:\/\/www.company-move.de\/produkt\/currex-fussdruckmessung\/#primaryimage"},"image":{"@id":"https:\/\/www.company-move.de\/produkt\/currex-fussdruckmessung\/#primaryimage"},"thumbnailUrl":"https:\/\/www.company-move.de\/wp-content\/uploads\/2024\/11\/Bild1-1.jpg","datePublished":"2024-11-26T13:56:31+00:00","dateModified":"2026-04-24T12:27:01+00:00","description":"Erleben Sie eine detaillierte Analyse der Druckverteilung Ihrer F\u00fc\u00dfe mit der Currex Fu\u00dfdruckplatte. F\u00fcr Ihre Fu\u00dfgesundheit!","breadcrumb":{"@id":"https:\/\/www.company-move.de\/produkt\/currex-fussdruckmessung\/#breadcrumb"},"inLanguage":"en-US","potentialAction":[{"@type":"ReadAction","target":["https:\/\/www.company-move.de\/produkt\/currex-fussdruckmessung\/"]}]},{"@type":"ImageObject","inLanguage":"en-US","@id":"https:\/\/www.company-move.de\/produkt\/currex-fussdruckmessung\/#primaryimage","url":"https:\/\/www.company-move.de\/wp-content\/uploads\/2024\/11\/Bild1-1.jpg","contentUrl":"https:\/\/www.company-move.de\/wp-content\/uploads\/2024\/11\/Bild1-1.jpg","width":482,"height":361,"caption":"Ger\u00e4t zur pr\u00e4zisen Bestimmung der Druckverteilung im Fu\u00df"},{"@type":"BreadcrumbList","@id":"https:\/\/www.company-move.de\/produkt\/currex-fussdruckmessung\/#breadcrumb","itemListElement":[{"@type":"ListItem","position":1,"name":"Shop","item":"https:\/\/www.company-move.de\/shop\/"},{"@type":"ListItem","position":2,"name":"Currex Fu\u00dfdruckmessung"}]},{"@type":"WebSite","@id":"https:\/\/www.company-move.de\/#website","url":"https:\/\/www.company-move.de\/","name":"Company move GmbH","description":"Your expert for occupational health management","publisher":{"@id":"https:\/\/www.company-move.de\/#organization"},"potentialAction":[{"@type":"SearchAction","target":{"@type":"EntryPoint","urlTemplate":"https:\/\/www.company-move.de\/?s={search_term_string}"},"query-input":{"@type":"PropertyValueSpecification","valueRequired":true,"valueName":"search_term_string"}}],"inLanguage":"en-US"},{"@type":"Organization","@id":"https:\/\/www.company-move.de\/#organization","name":"Company move GmbH","url":"https:\/\/www.company-move.de\/","logo":{"@type":"ImageObject","inLanguage":"en-US","@id":"https:\/\/www.company-move.de\/#\/schema\/logo\/image\/","url":"https:\/\/www.company-move.de\/wp-content\/uploads\/2024\/05\/cropped-CM-Logo.png","contentUrl":"https:\/\/www.company-move.de\/wp-content\/uploads\/2024\/05\/cropped-CM-Logo.png","width":1599,"height":795,"caption":"Company move GmbH"},"image":{"@id":"https:\/\/www.company-move.de\/#\/schema\/logo\/image\/"}}]}},"_links":{"self":[{"href":"https:\/\/www.company-move.de\/en\/wp-json\/wp\/v2\/product\/11247","targetHints":{"allow":["GET"]}}],"collection":[{"href":"https:\/\/www.company-move.de\/en\/wp-json\/wp\/v2\/product"}],"about":[{"href":"https:\/\/www.company-move.de\/en\/wp-json\/wp\/v2\/types\/product"}],"wp:featuredmedia":[{"embeddable":true,"href":"https:\/\/www.company-move.de\/en\/wp-json\/wp\/v2\/media\/11248"}],"wp:attachment":[{"href":"https:\/\/www.company-move.de\/en\/wp-json\/wp\/v2\/media?parent=11247"}],"wp:term":[{"taxonomy":"product_brand","embeddable":true,"href":"https:\/\/www.company-move.de\/en\/wp-json\/wp\/v2\/product_brand?post=11247"},{"taxonomy":"product_cat","embeddable":true,"href":"https:\/\/www.company-move.de\/en\/wp-json\/wp\/v2\/product_cat?post=11247"},{"taxonomy":"product_tag","embeddable":true,"href":"https:\/\/www.company-move.de\/en\/wp-json\/wp\/v2\/product_tag?post=11247"}],"curies":[{"name":"wp","href":"https:\/\/api.w.org\/{rel}","templated":true}]}}