{"id":11243,"date":"2024-11-26T14:45:18","date_gmt":"2024-11-26T13:45:18","guid":{"rendered":"https:\/\/www.company-move.de\/?post_type=product&#038;p=11243"},"modified":"2026-04-22T12:05:35","modified_gmt":"2026-04-22T10:05:35","slug":"vitamin-d-screening","status":"publish","type":"product","link":"https:\/\/www.company-move.de\/en\/product\/vitamin-d-screening\/","title":{"rendered":"Vitamin D screening"},"content":{"rendered":"<p data-path-to-node=\"3\">Ein chronischer Vitamin-D-Mangel ist in Deutschland weit verbreitet; laut aktuellen Daten des <b data-path-to-node=\"3\" data-index-in-node=\"94\">Robert Koch-Instituts (RKI)<\/b> sind \u00fcber <b data-path-to-node=\"3\" data-index-in-node=\"132\">50 % der Erwachsenen<\/b> nicht ausreichend mit dem \u201eSonnenvitamin\u201c versorgt, was insbesondere in den Wintermonaten die Immunabwehr und mentale Leistungsf\u00e4higkeit schw\u00e4cht. Da Vitamin D eine Schl\u00fcsselrolle f\u00fcr die <a href=\"https:\/\/www.company-move.de\/produkt\/knochendichtemessung\/\">Knochengesundheit<\/a>, die Muskelfunktion und das Immunsystem spielt, stellt ein gezieltes <b data-path-to-node=\"3\" data-index-in-node=\"428\">Vitamin D screening<\/b> eine hocheffiziente Ma\u00dfnahme der <a href=\"https:\/\/www.company-move.de\/bgm\/gesundheitsthemen\/praeventionsmassnahmen\/\"><b data-path-to-node=\"3\" data-index-in-node=\"481\">Prevention<\/b><\/a> dar.<\/p>\n<p data-path-to-node=\"3\">Ein unerkannter Mangel kann die Anf\u00e4lligkeit f\u00fcr Infekte und Ersch\u00f6pfungssymptome erh\u00f6hen, was im betrieblichen Kontext unmittelbar den <b data-path-to-node=\"3\" data-index-in-node=\"633\">Krankenstand<\/b> beeinflusst. Die Integration dieses Point-of-Care-Tests in Ihr <b data-path-to-node=\"3\" data-index-in-node=\"709\">BGM<\/b> erm\u00f6glicht es, individuelle Gesundheitsrisiken fr\u00fchzeitig zu identifizieren und die Vitalit\u00e4t Ihrer Belegschaft evidenzbasiert zu unterst\u00fctzen.<\/p>\n<blockquote>\n<p data-path-to-node=\"3\"><span style=\"color: #aaad00;\">\u201eVitamin D ist eigentlich kein Vitamin, sondern ein Pro-Hormon, das an fast allen Stoffwechselprozessen im K\u00f6rper beteiligt ist. Eine ausreichende Versorgung ist f\u00fcr die Infektpr\u00e4vention und die Aufrechterhaltung der neuromuskul\u00e4ren Funktionen von zentraler Bedeutung, weshalb ein regelm\u00e4\u00dfiges Monitoring der Serumkonzentration medizinisch absolut sinnvoll ist.\u201c<\/span><\/p>\n<p data-path-to-node=\"3\"><span style=\"color: #aaad00;\">\u2014 <b data-path-to-node=\"5,0\" data-index-in-node=\"365\">Prof. Dr. med. Stefan Pilz<\/b>, Endokrinologe an der Medizinischen Universit\u00e4t Graz und international anerkannter Experte f\u00fcr Vitamin-D-Forschung.<\/span><\/p>\n<\/blockquote>\n<p>Vitamin D screening offers you a <strong>Fast and precise method<\/strong> to determine your vitamin D level. In just a few minutes, a <strong>Rapid tests<\/strong> a drop of blood is taken from the fingertip and analyzed. The result shows whether your <strong>Vitamin D level<\/strong> is sufficient, insufficient or inadequate.<\/p>\n<p>Based on these results, you will receive a <strong>Personal evaluation and recommendations<\/strong> by qualified specialists to optimize your vitamin D level and prevent long-term health risks.<\/p>\n<p>F\u00fcr mehr Ideen f\u00fcr <a href=\"https:\/\/www.company-move.de\/gesundheitstage-module\/\">Health days<\/a>, klicken Sie sich gerne durch unsere anderen Angebote f\u00fcr betriebliches Gesundheitsmanagement. Etablieren Sie Gesundheitsf\u00f6rderung in Ihrem Unternehmen mit uns als Ihr BGM-Dienstleister!<\/p>","protected":false},"excerpt":{"rendered":"<p>Produkt Kurzbeschreibung = Excerpt<\/p>\n<p>Quellen<\/p>\n<ul>\n<li>\n<p data-path-to-node=\"9,0,0\"><b data-path-to-node=\"9,0,0\" data-index-in-node=\"0\">Robert Koch-Institut (RKI): Antworten des RKI auf h\u00e4ufig gestellte Fragen zu Vitamin D<\/b> (Stand 2024\/2025). Fokus auf die aktuelle Versorgungslage in Deutschland. <i data-path-to-node=\"9,0,0\" data-index-in-node=\"161\">[Offizieller Regierungsbericht]<\/i><\/p>\n<\/li>\n<li>\n<p data-path-to-node=\"9,1,0\"><b data-path-to-node=\"9,1,0\" data-index-in-node=\"0\">DAK-Gesundheitsreport 2024<\/b>, Herausgeber: DAK-Gesundheit. Analyse des Einflusses von N\u00e4hrstoffversorgung auf das Immunsystem und Fehltage. <i data-path-to-node=\"9,1,0\" data-index-in-node=\"138\">[Offizieller Gesundheitsbericht]<\/i><\/p>\n<\/li>\n<li>\n<p data-path-to-node=\"9,2,0\"><b data-path-to-node=\"9,2,0\" data-index-in-node=\"0\">Vitamin D and Health: An Update of the Evidence<\/b>, Pilz S. et al., Fachjournal &#8222;Nutrients&#8220; 2023\/2024. <i data-path-to-node=\"9,2,0\" data-index-in-node=\"100\">[Peer-Review Journal]<\/i><\/p>\n<\/li>\n<li>\n<p data-path-to-node=\"9,3,0\"><b data-path-to-node=\"9,3,0\" data-index-in-node=\"0\">Stellungnahme der Deutschen Gesellschaft f\u00fcr Ern\u00e4hrung (DGE) zu Vitamin D<\/b>, Herausgeber: DGE e.V. <i data-path-to-node=\"9,3,0\" data-index-in-node=\"97\">[Fachgesellschaft \/ Wissenschaftlicher Standard]<\/i><\/p>\n<\/li>\n<li>\n<p data-path-to-node=\"9,4,0\"><b data-path-to-node=\"9,4,0\" data-index-in-node=\"0\">Endocrine Society Clinical Practice Guideline<\/b>, Journal of Clinical Endocrinology &amp; Metabolism (JCEM). <i data-path-to-node=\"9,4,0\" data-index-in-node=\"102\">[Internationaler Fachstandard \/ Peer-Review]<\/i><\/p>\n<\/li>\n<\/ul>\n","protected":false},"featured_media":11309,"template":"","meta":{"site-sidebar-layout":"default","site-content-layout":"","ast-site-content-layout":"default","site-content-style":"default","site-sidebar-style":"default","ast-global-header-display":"","ast-banner-title-visibility":"","ast-main-header-display":"","ast-hfb-above-header-display":"","ast-hfb-below-header-display":"","ast-hfb-mobile-header-display":"","site-post-title":"","ast-breadcrumbs-content":"","ast-featured-img":"","footer-sml-layout":"","ast-disable-related-posts":"","theme-transparent-header-meta":"default","adv-header-id-meta":"","stick-header-meta":"default","header-above-stick-meta":"","header-main-stick-meta":"","header-below-stick-meta":"","astra-migrate-meta-layouts":"set","ast-page-background-enabled":"default","ast-page-background-meta":{"desktop":{"background-color":"var(--ast-global-color-4)","background-image":"","background-repeat":"repeat","background-position":"center center","background-size":"auto","background-attachment":"scroll","background-type":"","background-media":"","overlay-type":"","overlay-color":"","overlay-opacity":"","overlay-gradient":""},"tablet":{"background-color":"","background-image":"","background-repeat":"repeat","background-position":"center center","background-size":"auto","background-attachment":"scroll","background-type":"","background-media":"","overlay-type":"","overlay-color":"","overlay-opacity":"","overlay-gradient":""},"mobile":{"background-color":"","background-image":"","background-repeat":"repeat","background-position":"center center","background-size":"auto","background-attachment":"scroll","background-type":"","background-media":"","overlay-type":"","overlay-color":"","overlay-opacity":"","overlay-gradient":""}},"ast-content-background-meta":{"desktop":{"background-color":"var(--ast-global-color-5)","background-image":"","background-repeat":"repeat","background-position":"center center","background-size":"auto","background-attachment":"scroll","background-type":"","background-media":"","overlay-type":"","overlay-color":"","overlay-opacity":"","overlay-gradient":""},"tablet":{"background-color":"var(--ast-global-color-5)","background-image":"","background-repeat":"repeat","background-position":"center center","background-size":"auto","background-attachment":"scroll","background-type":"","background-media":"","overlay-type":"","overlay-color":"","overlay-opacity":"","overlay-gradient":""},"mobile":{"background-color":"var(--ast-global-color-5)","background-image":"","background-repeat":"repeat","background-position":"center center","background-size":"auto","background-attachment":"scroll","background-type":"","background-media":"","overlay-type":"","overlay-color":"","overlay-opacity":"","overlay-gradient":""}}},"product_brand":[],"product_cat":[40,44,15],"product_tag":[241,240,293,219,83,237,238,239,218],"class_list":{"0":"post-11243","1":"product","2":"type-product","3":"status-publish","4":"has-post-thumbnail","6":"product_cat-bewusste-ernaehrung","7":"product_cat-gesundheits-check","8":"product_cat-praeventionsmassnahmen","9":"product_tag-blutanalyse","10":"product_tag-bluttest","11":"product_tag-blutuntersuchung","12":"product_tag-gesundheitsvorsorge","13":"product_tag-mobil","14":"product_tag-vitamin-d","15":"product_tag-vitamin-d-mangel","16":"product_tag-vitamin-d-test","17":"product_tag-vorsorgeuntersuchung","18":"pa_dauer-ca-15-min","19":"pa_durchfuehrungsform-praesenz","20":"pa_format-screenings","21":"pa_zielgruppe-berufseinsteigende","22":"pa_zielgruppe-beschaeftigte","23":"desktop-align-left","24":"tablet-align-left","25":"mobile-align-left","26":"ast-product-gallery-layout-horizontal-slider","27":"ast-product-gallery-with-no-image","28":"ast-product-tabs-layout-horizontal","30":"first","31":"instock","32":"virtual","33":"sold-individually","34":"purchasable","35":"product-type-simple"},"yoast_head":"<!-- This site is optimized with the Yoast SEO plugin v27.5 - https:\/\/yoast.com\/product\/yoast-seo-wordpress\/ -->\n<title>Vitamin-D-Screening \u2013 Gesundheits-Check in wenigen Minuten<\/title>\n<meta name=\"description\" content=\"Erleben Sie eine schnelle und pr\u00e4zise Bestimmung Ihres Vitamin-D-Spiegels. Sie erhalten eine Momentaufnahme Ihres Vitamin-D-Status.\" \/>\n<meta name=\"robots\" content=\"index, follow, max-snippet:-1, max-image-preview:large, max-video-preview:-1\" \/>\n<link rel=\"canonical\" href=\"https:\/\/www.company-move.de\/en\/product\/vitamin-d-screening\/\" \/>\n<meta property=\"og:locale\" content=\"en_US\" \/>\n<meta property=\"og:type\" content=\"article\" \/>\n<meta property=\"og:title\" content=\"Vitamin-D-Screening \u2013 Gesundheits-Check in wenigen Minuten\" \/>\n<meta property=\"og:description\" content=\"Erleben Sie eine schnelle und pr\u00e4zise Bestimmung Ihres Vitamin-D-Spiegels. Sie erhalten eine Momentaufnahme Ihres Vitamin-D-Status.\" \/>\n<meta property=\"og:url\" content=\"https:\/\/www.company-move.de\/en\/product\/vitamin-d-screening\/\" \/>\n<meta property=\"og:site_name\" content=\"Company move GmbH\" \/>\n<meta property=\"article:modified_time\" content=\"2026-04-22T10:05:35+00:00\" \/>\n<meta property=\"og:image\" content=\"https:\/\/www.company-move.de\/wp-content\/uploads\/2024\/11\/Vitamin-D-Test.jpg\" \/>\n\t<meta property=\"og:image:width\" content=\"960\" \/>\n\t<meta property=\"og:image:height\" content=\"720\" \/>\n\t<meta property=\"og:image:type\" content=\"image\/jpeg\" \/>\n<meta name=\"twitter:card\" content=\"summary_large_image\" \/>\n<meta name=\"twitter:label1\" content=\"Est. reading time\" \/>\n\t<meta name=\"twitter:data1\" content=\"2 minutes\" \/>\n<!-- \/ Yoast SEO plugin. -->","yoast_head_json":{"title":"Vitamin-D-Screening \u2013 Gesundheits-Check in wenigen Minuten","description":"Erleben Sie eine schnelle und pr\u00e4zise Bestimmung Ihres Vitamin-D-Spiegels. Sie erhalten eine Momentaufnahme Ihres Vitamin-D-Status.","robots":{"index":"index","follow":"follow","max-snippet":"max-snippet:-1","max-image-preview":"max-image-preview:large","max-video-preview":"max-video-preview:-1"},"canonical":"https:\/\/www.company-move.de\/en\/product\/vitamin-d-screening\/","og_locale":"en_US","og_type":"article","og_title":"Vitamin-D-Screening \u2013 Gesundheits-Check in wenigen Minuten","og_description":"Erleben Sie eine schnelle und pr\u00e4zise Bestimmung Ihres Vitamin-D-Spiegels. Sie erhalten eine Momentaufnahme Ihres Vitamin-D-Status.","og_url":"https:\/\/www.company-move.de\/en\/product\/vitamin-d-screening\/","og_site_name":"Company move GmbH","article_modified_time":"2026-04-22T10:05:35+00:00","og_image":[{"width":960,"height":720,"url":"https:\/\/www.company-move.de\/wp-content\/uploads\/2024\/11\/Vitamin-D-Test.jpg","type":"image\/jpeg"}],"twitter_card":"summary_large_image","twitter_misc":{"Est. reading time":"2 minutes"},"schema":{"@context":"https:\/\/schema.org","@graph":[{"@type":["WebPage","ItemPage"],"@id":"https:\/\/www.company-move.de\/produkt\/vitamin-d-screening\/","url":"https:\/\/www.company-move.de\/produkt\/vitamin-d-screening\/","name":"Vitamin-D-Screening \u2013 Gesundheits-Check in wenigen Minuten","isPartOf":{"@id":"https:\/\/www.company-move.de\/#website"},"primaryImageOfPage":{"@id":"https:\/\/www.company-move.de\/produkt\/vitamin-d-screening\/#primaryimage"},"image":{"@id":"https:\/\/www.company-move.de\/produkt\/vitamin-d-screening\/#primaryimage"},"thumbnailUrl":"https:\/\/www.company-move.de\/wp-content\/uploads\/2024\/11\/Vitamin-D-Test.jpg","datePublished":"2024-11-26T13:45:18+00:00","dateModified":"2026-04-22T10:05:35+00:00","description":"Erleben Sie eine schnelle und pr\u00e4zise Bestimmung Ihres Vitamin-D-Spiegels. Sie erhalten eine Momentaufnahme Ihres Vitamin-D-Status.","breadcrumb":{"@id":"https:\/\/www.company-move.de\/produkt\/vitamin-d-screening\/#breadcrumb"},"inLanguage":"en-US","potentialAction":[{"@type":"ReadAction","target":["https:\/\/www.company-move.de\/produkt\/vitamin-d-screening\/"]}]},{"@type":"ImageObject","inLanguage":"en-US","@id":"https:\/\/www.company-move.de\/produkt\/vitamin-d-screening\/#primaryimage","url":"https:\/\/www.company-move.de\/wp-content\/uploads\/2024\/11\/Vitamin-D-Test.jpg","contentUrl":"https:\/\/www.company-move.de\/wp-content\/uploads\/2024\/11\/Vitamin-D-Test.jpg","width":960,"height":720,"caption":"Vitamin-D-Test"},{"@type":"BreadcrumbList","@id":"https:\/\/www.company-move.de\/produkt\/vitamin-d-screening\/#breadcrumb","itemListElement":[{"@type":"ListItem","position":1,"name":"Shop","item":"https:\/\/www.company-move.de\/shop\/"},{"@type":"ListItem","position":2,"name":"Vitamin-D-Screening"}]},{"@type":"WebSite","@id":"https:\/\/www.company-move.de\/#website","url":"https:\/\/www.company-move.de\/","name":"Company move GmbH","description":"Your expert for occupational health management","publisher":{"@id":"https:\/\/www.company-move.de\/#organization"},"potentialAction":[{"@type":"SearchAction","target":{"@type":"EntryPoint","urlTemplate":"https:\/\/www.company-move.de\/?s={search_term_string}"},"query-input":{"@type":"PropertyValueSpecification","valueRequired":true,"valueName":"search_term_string"}}],"inLanguage":"en-US"},{"@type":"Organization","@id":"https:\/\/www.company-move.de\/#organization","name":"Company move GmbH","url":"https:\/\/www.company-move.de\/","logo":{"@type":"ImageObject","inLanguage":"en-US","@id":"https:\/\/www.company-move.de\/#\/schema\/logo\/image\/","url":"https:\/\/www.company-move.de\/wp-content\/uploads\/2024\/05\/cropped-CM-Logo.png","contentUrl":"https:\/\/www.company-move.de\/wp-content\/uploads\/2024\/05\/cropped-CM-Logo.png","width":1599,"height":795,"caption":"Company move GmbH"},"image":{"@id":"https:\/\/www.company-move.de\/#\/schema\/logo\/image\/"}}]}},"_links":{"self":[{"href":"https:\/\/www.company-move.de\/en\/wp-json\/wp\/v2\/product\/11243","targetHints":{"allow":["GET"]}}],"collection":[{"href":"https:\/\/www.company-move.de\/en\/wp-json\/wp\/v2\/product"}],"about":[{"href":"https:\/\/www.company-move.de\/en\/wp-json\/wp\/v2\/types\/product"}],"wp:featuredmedia":[{"embeddable":true,"href":"https:\/\/www.company-move.de\/en\/wp-json\/wp\/v2\/media\/11309"}],"wp:attachment":[{"href":"https:\/\/www.company-move.de\/en\/wp-json\/wp\/v2\/media?parent=11243"}],"wp:term":[{"taxonomy":"product_brand","embeddable":true,"href":"https:\/\/www.company-move.de\/en\/wp-json\/wp\/v2\/product_brand?post=11243"},{"taxonomy":"product_cat","embeddable":true,"href":"https:\/\/www.company-move.de\/en\/wp-json\/wp\/v2\/product_cat?post=11243"},{"taxonomy":"product_tag","embeddable":true,"href":"https:\/\/www.company-move.de\/en\/wp-json\/wp\/v2\/product_tag?post=11243"}],"curies":[{"name":"wp","href":"https:\/\/api.w.org\/{rel}","templated":true}]}}